{"id":147898,"date":"2019-04-10T10:46:13","date_gmt":"2019-04-10T08:46:13","guid":{"rendered":"https:\/\/admin.skatedeluxe.com\/blog\/?page_id=147898"},"modified":"2019-04-24T11:11:06","modified_gmt":"2019-04-24T09:11:06","slug":"wallride","status":"publish","type":"page","link":"https:\/\/skatedeluxe.com\/blog\/fr\/wiki\/skateboarding\/obstacle-guide\/wallride\/","title":{"rendered":"Wallride"},"content":{"rendered":"<div class=\"post clearfix\">\r\n\r\n    <div class=\"large-2 columns\" id=\"Bank\">\r\n        <div class=\"small-8 medium-2 large-12 columns small-centered\">\r\n             \n\t<style type=\"text\/css\">\n\t#round-hover-content-1 {\n\t\tbackground-image: url(\"\/blog\/wp-content\/uploads\/2015\/06\/wallride-icon.jpg\");\n\t\tbackground-repeat: no-repeat;\n\t\tbackground-size: cover;\n\t}\n\t<\/style>\n\t<div class=\"round-hover-container\">\n\t\t<a class=\"round-hover clearfix\" href=\"#\">\n\t\t\t<span id=\"round-hover-content-1\" class=\"round-hover-content clearfix\">\n\t\t\t<\/span>\n\t\t<\/a>\n\t<\/div>\n\t\r\n        <\/div>\r\n        <div class=\"date-day top-bordered\">Wallride<\/div>\r\n        <div class=\"date-month\">Obstacle Guide<\/div>\r\n    <\/div>\r\n\r\n    <div class=\"large-10 columns\">\r\n        <div class=\"medium-10 large-12 medium-centered columns\">\r\n\r\n            <p align=\"justify\">\r\n\r\n            <p>Le Wallride est \u00e0 la fois un trick et un obstacle. Le wallride en tant qu&#8217;obstacle est un bank extr\u00eamement raide ou un mur vertical . Dans les skate parks, vous trouverez souvent un petit bank ou quelque chose qui facilite la conqu\u00eate du Wallride.<\/p>\r\n\r\n            <div class=\"row\">\r\n\t\t\t<div class=\"medium-10 medium-offset-1 columns\" style=\"margin-bottom: 1em\">\r\n\t\t\t\t<img decoding=\"async\" src=\"\/blog\/wp-content\/uploads\/2019\/04\/Wallride-Obstacle.jpg\" alt=\"Skateboard Obstacle Wallride\" title=\"Skateboard Obstacle Wallride\">\r\n\t\t\t<\/div>\r\n\t\t<\/div>\r\n\r\n\r\n            <div class=\"row\">\r\n                <div class=\"medium-6 columns\">\r\n\r\n                    <h2 style=\"margin-bottom:1em;\">SPOTS C\u00c9L\u00c9BRES:<\/h2>\r\n                    \r\n                    <li>Brooklyn Banks \u2013 New York<\/li>\r\n                 \r\n                   \r\n\r\n                <\/div>\r\n                \r\n                <div class=\"medium-6 columns\">\r\n\r\n                    <h2 style=\"margin-bottom:1em;\">RIDERS QUALIFI\u00c9S:<\/h2>\r\n                    \r\n                    <li>Kevin Rodriguez<\/li>\r\n             \r\n\r\n                <\/div>\r\n            <\/div>\r\n\r\n            <div class=\"row\">\r\n                <div class=\"medium-6 columns\">\r\n                    <a style=\"margin-bottom:1em; margin-top:1em;\" title=\"Voir tous les obstacles\" href=\"\/blog\/fr\/wiki\/skateboarding\/obstacle-guide\/\" class=\"button-auto\">Voir tous les obstacles<\/a>\r\n                <\/div>\r\n\r\n                <div class=\"medium-6 columns\">\r\n                    <a style=\"margin-bottom:1em; margin-top: 1em;\" title=\"Voir toutes trick tips de flat\" href=\"\/blog\/fr\/trick-tips\/skateboard\/flat\/\" class=\"button-auto\">Voir toutes trick tips de flat<\/a>\r\n                <\/div>\r\n\r\n            <\/div>        \r\n\r\n        <\/div>\r\n    <\/div>\r\n<\/div><div class=\"ShariffSC\" style=\"shariff-shop\"><div class=\"shariff\" data-url=\"https:\/\/skatedeluxe.com\/blog\/fr\/wiki\/skateboarding\/obstacle-guide\/wallride\/\" data-title=\"Wallride\" data-services='[\"facebooklike\", \"facebook\"]' data-backend-url='\/shariff\/'><\/div><\/div>","protected":false},"excerpt":{"rendered":"<p>Wallride Obstacle Guide Le Wallride est \u00e0 la fois un trick et un obstacle. Le wallride en tant qu&#8217;obstacle est un bank extr\u00eamement raide ou un mur vertical . Dans les skate parks, vous trouverez souvent un petit bank ou quelque chose qui facilite la conqu\u00eate du Wallride. SPOTS C\u00c9L\u00c9BRES: Brooklyn Banks \u2013 New York <a class=\"read-more\" href=\"https:\/\/skatedeluxe.com\/blog\/fr\/wiki\/skateboarding\/obstacle-guide\/wallride\/\">[&#8230;]<\/a><\/p>\n","protected":false},"author":60,"featured_media":145004,"parent":147859,"menu_order":16,"comment_status":"open","ping_status":"closed","template":"page-templates\/teasing-page.php","meta":{"footnotes":""},"class_list":["post-147898","page","type-page","status-publish","has-post-thumbnail","hentry"],"aioseo_notices":[],"amp_enabled":false,"_links":{"self":[{"href":"https:\/\/skatedeluxe.com\/blog\/fr\/wp-json\/wp\/v2\/pages\/147898","targetHints":{"allow":["GET"]}}],"collection":[{"href":"https:\/\/skatedeluxe.com\/blog\/fr\/wp-json\/wp\/v2\/pages"}],"about":[{"href":"https:\/\/skatedeluxe.com\/blog\/fr\/wp-json\/wp\/v2\/types\/page"}],"author":[{"embeddable":true,"href":"https:\/\/skatedeluxe.com\/blog\/fr\/wp-json\/wp\/v2\/users\/60"}],"replies":[{"embeddable":true,"href":"https:\/\/skatedeluxe.com\/blog\/fr\/wp-json\/wp\/v2\/comments?post=147898"}],"version-history":[{"count":4,"href":"https:\/\/skatedeluxe.com\/blog\/fr\/wp-json\/wp\/v2\/pages\/147898\/revisions"}],"predecessor-version":[{"id":147917,"href":"https:\/\/skatedeluxe.com\/blog\/fr\/wp-json\/wp\/v2\/pages\/147898\/revisions\/147917"}],"up":[{"embeddable":true,"href":"https:\/\/skatedeluxe.com\/blog\/fr\/wp-json\/wp\/v2\/pages\/147859"}],"wp:featuredmedia":[{"embeddable":true,"href":"https:\/\/skatedeluxe.com\/blog\/fr\/wp-json\/wp\/v2\/media\/145004"}],"wp:attachment":[{"href":"https:\/\/skatedeluxe.com\/blog\/fr\/wp-json\/wp\/v2\/media?parent=147898"}],"curies":[{"name":"wp","href":"https:\/\/api.w.org\/{rel}","templated":true}]}}