{"id":147893,"date":"2019-04-10T10:42:53","date_gmt":"2019-04-10T08:42:53","guid":{"rendered":"https:\/\/admin.skatedeluxe.com\/blog\/?page_id=147893"},"modified":"2019-04-10T14:10:02","modified_gmt":"2019-04-10T12:10:02","slug":"quarterpipe","status":"publish","type":"page","link":"https:\/\/skatedeluxe.com\/blog\/fr\/wiki\/skateboarding\/obstacle-guide\/quarterpipe\/","title":{"rendered":"Quarterpipe"},"content":{"rendered":"<div class=\"post clearfix\">\r\n\r\n    <div class=\"large-2 columns\" id=\"quarterpipe\">\r\n        <div class=\"small-8 medium-2 large-12 columns small-centered\">\r\n             \n\t<style type=\"text\/css\">\n\t#round-hover-content-1 {\n\t\tbackground-image: url(\"\/blog\/wp-content\/uploads\/2015\/06\/quaterpipe-icon.jpg\");\n\t\tbackground-repeat: no-repeat;\n\t\tbackground-size: cover;\n\t}\n\t<\/style>\n\t<div class=\"round-hover-container\">\n\t\t<a class=\"round-hover clearfix\" href=\"#\">\n\t\t\t<span id=\"round-hover-content-1\" class=\"round-hover-content clearfix\">\n\t\t\t<\/span>\n\t\t<\/a>\n\t<\/div>\n\t\r\n        <\/div>\r\n        <div class=\"date-day top-bordered\">Quarter Pipe<\/div>\r\n        <div class=\"date-month\">Obstacle Guide<\/div>\r\n    <\/div>\r\n\r\n    <div class=\"large-10 columns\">\r\n\r\n\r\n        <p> Un quarterpipe est juste la moiti\u00e9 d&#8217;une mini-rampe et est aussi appel\u00e9 un quarter. \u00c0 l&#8217;extr\u00e9mit\u00e9 sup\u00e9rieure, vous trouverez un bord arrondi en m\u00e9tal, appel\u00e9 \u00abcoping\u00bb.<\/p> \r\n\r\n\r\n        <div class=\"row\">\r\n            <div class=\"medium-10 medium-offset-1 columns\" style=\"margin-bottom: 1em;\">\r\n                <img decoding=\"async\" src=\"\/blog\/wp-content\/uploads\/2018\/09\/obsctacle-guide-quarter-pipe.jpg\" alt=\"Quarterpipe Skateboarding\" title=\"Quarterpipe Skateboarding\">\r\n            <\/div>\r\n        <\/div>\r\n\r\n         <p>Un quart de pipe c\u00e9l\u00e8bre se trouve au Big O&#8217;Montreal. Les Jeux Olympiques s&#8217;y sont tenus en 1979 et une architecture cr\u00e9ative a \u00e9t\u00e9 construite autour du stade. Ils ont \u00e9galement cr\u00e9\u00e9 le l\u00e9gendaire Big O\u2019Quarter Pipe. Comme vous le savez, les skateurs sont cr\u00e9atifs et ils l\u2019utilisent depuis comme un spot de skate.<\/p>\r\n\r\n        <p>En quarter, vous pouvez pratiquer tous les tricks de <a href=\"\/blog\/fr\/trick-tips\/skateboard\/transition\/\" title=\"Trick Tips Transition\" target=\"blank\">transition<\/a> et de <a href=\"\/blog\/fr\/trick-tips\/skateboard\/flat\/\" title=\"Trick Tips Flatground\" target=\"blank\">flat.<\/a><\/p>\r\n\r\n\r\n        <div class=\"row\">\r\n            <div class=\"medium-6 columns\">\r\n\r\n                <h2 style=\"margin-bottom:1em;\">MEILLEURS TRICKS \u00c0 ESSAYER:<\/h2>\r\n\r\n               Pour tous les tricks de transition, il est extr\u00eamement important que vous puissiez d&#8217;abord <a href=\"\/blog\/fr\/trick-tips\/skateboard\/transition\/drop-in\/\" title=\"Trick Tip Drop-In\" target=\"blank\">dropper le module<\/a>. Les tricks que vous pourrez apprendre plus tard sont <a href=\"\/blog\/fr\/trick-tips\/skateboard\/transition\/axle-stall\/\" title=\"Trick Tip Axle Stall\" target=\"blank\">Axel Stall<\/a> et <a href=\"\/blog\/fr\/trick-tips\/skateboard\/transition\/fakie-disaster\/\" title=\"Trick Tip Fakie Disaster\" target=\"blank\">Fakie Disaster<\/a>. Voyez comment fonctionnent ces tricks et apprenez-les vous-m\u00eame :\r\n\r\n            <\/div>\r\n            \r\n            <div class=\"medium-6 columns\">\r\n                <div class=\"blog-slides\">   \r\n                    <div>   \r\n                        <div class=\"medium-centered columns\">\r\n                            <div class=\"flex-video\">\r\n                                <iframe width=\"560\" height=\"315\" data-src=\"https:\/\/www.youtube-nocookie.com\/embed\/tnkDbM1wHRE\" frameborder=\"0\" allow=\"accelerometer; autoplay; encrypted-media; gyroscope; picture-in-picture\" allowfullscreen><\/iframe><noscript><iframe loading=\"lazy\" width=\"560\" height=\"315\" src=\"https:\/\/www.youtube-nocookie.com\/embed\/tnkDbM1wHRE\" frameborder=\"0\" allow=\"accelerometer; autoplay; encrypted-media; gyroscope; picture-in-picture\" allowfullscreen><\/iframe><\/noscript>\r\n                            <\/div>      \r\n                        <\/div>                    \r\n                    <\/div>\r\n\r\n                    <div>   \r\n                        <div class=\"medium-centered columns\">\r\n                            <div class=\"flex-video\">\r\n                               <iframe width=\"560\" height=\"315\" data-src=\"https:\/\/www.youtube-nocookie.com\/embed\/CmqzsPNsiAA\" frameborder=\"0\" allow=\"accelerometer; autoplay; encrypted-media; gyroscope; picture-in-picture\" allowfullscreen><\/iframe><noscript><iframe loading=\"lazy\" width=\"560\" height=\"315\" src=\"https:\/\/www.youtube-nocookie.com\/embed\/CmqzsPNsiAA\" frameborder=\"0\" allow=\"accelerometer; autoplay; encrypted-media; gyroscope; picture-in-picture\" allowfullscreen><\/iframe><\/noscript>\r\n                            <\/div>      \r\n                        <\/div>                    \r\n                    <\/div>\r\n\r\n                    <div>   \r\n                        <div class=\"medium-centered columns\">\r\n                            <div class=\"flex-video\">\r\n                                <iframe width=\"560\" height=\"315\" data-src=\"https:\/\/www.youtube-nocookie.com\/embed\/8-4mrt9U2kU\" frameborder=\"0\" allow=\"accelerometer; autoplay; encrypted-media; gyroscope; picture-in-picture\" allowfullscreen><\/iframe><noscript><iframe loading=\"lazy\" width=\"560\" height=\"315\" src=\"https:\/\/www.youtube-nocookie.com\/embed\/8-4mrt9U2kU\" frameborder=\"0\" allow=\"accelerometer; autoplay; encrypted-media; gyroscope; picture-in-picture\" allowfullscreen><\/iframe><\/noscript>\r\n                            <\/div>      \r\n                        <\/div>                    \r\n                    <\/div>\r\n\r\n                <\/div>\r\n            <\/div>\r\n        <\/div>\r\n\r\n\r\n\r\n        <div class=\"row\">\r\n            <div class=\"medium-6 columns\">\r\n\r\n                <h2 style=\"margin-bottom:1em;\">SPOT C\u00c9L\u00c8BRE:<\/h2>\r\n\r\n                <ul>\r\n                    <li>Big O, Montreal<\/li>\r\n                <\/ul>\r\n\r\n            <\/div>\r\n\r\n            <div class=\"medium-6 columns\">\r\n\r\n                <h2 style=\"margin-bottom:1em;\">RIDERS QUALIFI\u00c9S:<\/h2>\r\n\r\n                <ul>\r\n                    <li>Daewon Song<\/li>\r\n                    <li>Chris Haslam<\/li>\r\n                <\/ul>\r\n\r\n            <\/div>\r\n        <\/div>\r\n\r\n        <div class=\"row\">\r\n\r\n\r\n            <div class=\"medium-6 columns\">\r\n                <a style=\"margin-bottom:1em;\" title=\"Voir tous les trick tips de transition\" href=\"\/blog\/fr\/trick-tips\/skateboard\/transition\/\" class=\"button-auto\">Voir tous les trick tips de transition<\/a>\r\n            <\/div>\r\n\r\n            <div class=\"medium-6 columns\">\r\n                <a style=\"margin-bottom: 1em;\" title=\"Voir tous les trick tips de flat\" href=\"\/blog\/fr\/trick-tips\/skateboard\/flat\/\" class=\"button-auto\">Voir tous les trick tips de flat<\/a>\r\n            <\/div>\r\n\r\n            <a style=\"margin-bottom:1em; margin-top:1em;\" title=\"Voir tous les obstacles\" href=\"\/blog\/fr\/wiki\/skateboarding\/obstacle-guide\/\" class=\"button-auto\">Voir tous les obstacles<\/a>\r\n            \r\n        <\/div>\r\n    <\/div>\r\n<\/div>\r\n\r\n<style type=\"text\/css\">\r\n\r\n.slick-list,.slick-slider,.slick-track{position:relative;display:block}.slick-loading .slick-slide,.slick-loading .slick-track{visibility:hidden}.slick-dots li button,.slick-dots li button:focus,.slick-list:focus,.slick-next:focus,.slick-prev:focus{outline:0}.slick-dots li button:before,.slick-next:before,.slick-prev:before{font-family:slick;-webkit-font-smoothing:antialiased;-moz-osx-font-smoothing:grayscale}.slick-slider{box-sizing:border-box;-moz-box-sizing:border-box;-webkit-touch-callout:none;-webkit-user-select:none;-khtml-user-select:none;-moz-user-select:none;-ms-user-select:none;user-select:none;-ms-touch-action:none;touch-action:none;-webkit-tap-highlight-color:transparent}.slick-list{overflow:hidden;margin:0;padding:0}.slick-loading .slick-list{background:url(ajax-loader.gif) center center no-repeat #fff}.slick-list.dragging{cursor:pointer;cursor:hand}.slick-slide,.slick-slide img,.slick-slider .slick-list,.slick-track{-webkit-transform:translate3d(0,0,0);-moz-transform:translate3d(0,0,0);-ms-transform:translate3d(0,0,0);-o-transform:translate3d(0,0,0);transform:translate3d(0,0,0)}.slick-track{left:0;top:0;zoom:1}.slick-track:after,.slick-track:before{content:\"\";display:table}.slick-track:after{clear:both}.slick-slide{float:left;height:100%;min-height:1px;display:none}.slick-slide img{display:block}.slick-slide.slick-loading img{display:none}.slick-slide.dragging img{pointer-events:none}.slick-initialized .slick-slide{display:block}.slick-vertical .slick-slide{display:block;height:auto;border:1px solid transparent}@font-face{font-family:slick;src:url(fonts\/slick.eot);src:url(fonts\/slick.eot?#iefix) format(\"embedded-opentype\"),url(fonts\/slick.woff) format(\"woff\"),url(fonts\/slick.ttf) format(\"truetype\"),url(fonts\/slick.svg#slick) format(\"svg\");font-weight:400;font-style:normal}.slick-next,.slick-prev{position:absolute;display:block;height:20px;width:20px;line-height:0;font-size:0;cursor:pointer;background:0 0;color:transparent;top:50%;margin-top:-10px;padding:0;border:none;outline:0}.slick-next.slick-disabled:before,.slick-prev.slick-disabled:before{opacity:.25}.slick-next:before,.slick-prev:before{font-size:20px;line-height:1;color:#fff;opacity:.85}.slick-prev{left:-25px}.slick-prev:before{content:\"\\2190\"}.slick-next{right:-25px}.slick-next:before{content:\"\\2192\"}.slick-slider{margin-bottom:30px}.slick-dots{position:absolute;bottom:-45px;list-style:none;display:block;text-align:center;padding:0;width:100%}.slick-dots li{position:relative;display:inline-block;height:20px;width:20px;margin:0 5px;padding:0;cursor:pointer}.slick-dots li button{border:0;background:0 0;display:block;height:20px;width:20px;line-height:0;font-size:0;color:transparent;padding:5px;cursor:pointer}.slick-dots li button:before{position:absolute;top:0;left:0;content:\"\\2022\";width:20px;height:20px;font-size:6px;line-height:20px;text-align:center;color:#000;opacity:.25}.slick-dots li.slick-active button:before{opacity:.75}\r\n.blog-slides div div h5{\r\n    margin-top: 10px !important;\r\n}\r\n\r\n\r\n\r\n.slick-prev:before, .slick-next:before {\r\n    font-size: 20px;\r\n    line-height: 1;\r\n    color: #1B272C;\r\n    opacity: 0.85;\r\n    -moz-osx-font-smoothing: grayscale;\r\n    font-family: \"fontello\";\r\n}\r\n\r\n.slick-next:before {\r\n    content: \"\\e801\";\r\n}\r\n\r\n.slick-prev:before {\r\n    content: \"\\e800\";\r\n}\r\n\r\n.slick-prev {\r\n    left:0;\r\n}\r\n\r\n.slick-next {\r\n    right:0;\r\n}\r\n\r\n.slick-prev:hover, .slick-next:hover {\r\n    background-color: transparent;\r\n}\r\n<\/style>\r\n\r\n<script type=\"text\/javascript\" src=\"\/images\/content\/10YeahsContent\/gewinnspiel\/slick\/slick.min.js\"><\/script>\r\n<script type=\"text\/javascript\">\r\n    jQuery(document).ready(function($){\r\n\r\n\r\n\r\n        $('.blog-slides').slick({\r\n            dots:false,\r\n            infinite:true,\r\n            slidesToShow: 1,\r\n            slidesToScroll: 1,\r\n            autoplay:false,\r\n            autoplaySpeed: 4000,\r\n            responsive: [\r\n            {\r\n                breakpoint: 1024,\r\n                settings: {\r\n                    slidesToShow: 1,\r\n                    slidesToScroll: 1,\r\n                }\r\n            },\r\n            {\r\n                breakpoint: 1700,\r\n                settings: {\r\n                    slidesToShow: 1,\r\n                    slidesToScroll: 1,\r\n                }\r\n            }\r\n            ]\r\n        });\r\n    });\r\n<\/script><div class=\"ShariffSC\" style=\"shariff-shop\"><div class=\"shariff\" data-url=\"https:\/\/skatedeluxe.com\/blog\/fr\/wiki\/skateboarding\/obstacle-guide\/quarterpipe\/\" data-title=\"Quarterpipe\" data-services='[\"facebooklike\", \"facebook\"]' data-backend-url='\/shariff\/'><\/div><\/div>","protected":false},"excerpt":{"rendered":"<p>Quarter Pipe Obstacle Guide Un quarterpipe est juste la moiti\u00e9 d&#8217;une mini-rampe et est aussi appel\u00e9 un quarter. \u00c0 l&#8217;extr\u00e9mit\u00e9 sup\u00e9rieure, vous trouverez un bord arrondi en m\u00e9tal, appel\u00e9 \u00abcoping\u00bb. Un quart de pipe c\u00e9l\u00e8bre se trouve au Big O&#8217;Montreal. Les Jeux Olympiques s&#8217;y sont tenus en 1979 et une architecture cr\u00e9ative a \u00e9t\u00e9 construite <a class=\"read-more\" href=\"https:\/\/skatedeluxe.com\/blog\/fr\/wiki\/skateboarding\/obstacle-guide\/quarterpipe\/\">[&#8230;]<\/a><\/p>\n","protected":false},"author":60,"featured_media":145032,"parent":147859,"menu_order":14,"comment_status":"closed","ping_status":"closed","template":"page-templates\/teasing-page.php","meta":{"footnotes":""},"class_list":["post-147893","page","type-page","status-publish","has-post-thumbnail","hentry"],"aioseo_notices":[],"amp_enabled":false,"_links":{"self":[{"href":"https:\/\/skatedeluxe.com\/blog\/fr\/wp-json\/wp\/v2\/pages\/147893","targetHints":{"allow":["GET"]}}],"collection":[{"href":"https:\/\/skatedeluxe.com\/blog\/fr\/wp-json\/wp\/v2\/pages"}],"about":[{"href":"https:\/\/skatedeluxe.com\/blog\/fr\/wp-json\/wp\/v2\/types\/page"}],"author":[{"embeddable":true,"href":"https:\/\/skatedeluxe.com\/blog\/fr\/wp-json\/wp\/v2\/users\/60"}],"replies":[{"embeddable":true,"href":"https:\/\/skatedeluxe.com\/blog\/fr\/wp-json\/wp\/v2\/comments?post=147893"}],"version-history":[{"count":3,"href":"https:\/\/skatedeluxe.com\/blog\/fr\/wp-json\/wp\/v2\/pages\/147893\/revisions"}],"predecessor-version":[{"id":147934,"href":"https:\/\/skatedeluxe.com\/blog\/fr\/wp-json\/wp\/v2\/pages\/147893\/revisions\/147934"}],"up":[{"embeddable":true,"href":"https:\/\/skatedeluxe.com\/blog\/fr\/wp-json\/wp\/v2\/pages\/147859"}],"wp:featuredmedia":[{"embeddable":true,"href":"https:\/\/skatedeluxe.com\/blog\/fr\/wp-json\/wp\/v2\/media\/145032"}],"wp:attachment":[{"href":"https:\/\/skatedeluxe.com\/blog\/fr\/wp-json\/wp\/v2\/media?parent=147893"}],"curies":[{"name":"wp","href":"https:\/\/api.w.org\/{rel}","templated":true}]}}