{"id":147891,"date":"2019-04-10T10:40:23","date_gmt":"2019-04-10T08:40:23","guid":{"rendered":"https:\/\/admin.skatedeluxe.com\/blog\/?page_id=147891"},"modified":"2019-04-10T14:08:13","modified_gmt":"2019-04-10T12:08:13","slug":"pole","status":"publish","type":"page","link":"https:\/\/skatedeluxe.com\/blog\/fr\/wiki\/skateboarding\/obstacle-guide\/pole\/","title":{"rendered":"Pole"},"content":{"rendered":"<div class=\"post clearfix\">\r\n  <div class=\"large-2 columns\" id=\"Pole\">\r\n    <div class=\"small-8 medium-2 large-12 columns small-centered\">\r\n       \n\t<style type=\"text\/css\">\n\t#round-hover-content-1 {\n\t\tbackground-image: url(\"\/blog\/wp-content\/uploads\/2015\/06\/polejam-icon.jpg\");\n\t\tbackground-repeat: no-repeat;\n\t\tbackground-size: cover;\n\t}\n\t<\/style>\n\t<div class=\"round-hover-container\">\n\t\t<a class=\"round-hover clearfix\" href=\"#\">\n\t\t\t<span id=\"round-hover-content-1\" class=\"round-hover-content clearfix\">\n\t\t\t<\/span>\n\t\t<\/a>\n\t<\/div>\n\t\r\n    <\/div>\r\n    <div class=\"date-day top-bordered\">Pole<\/div>\r\n    <div class=\"date-month\">Obstacle Guide<\/div>\r\n  <\/div>\r\n  <div class=\"large-10 columns\">\r\n    <div class=\"medium-10 large-12 medium-centered columns\">\r\n      <p align=\"justify\">\r\n       Un pole jam est une sorte de rail plat et court qui d\u00e9passe assez fortement du sol. Une borne percut\u00e9e par une voiture est un bon moyen de d\u00e9crire un pole jam. Vous pouvez le grinder et sauter \u00e0 la fin, ce qui est fondamentalement le truc pour lequel il est connu : le &#8220;Pole Jam&#8221;. Pour cela, pas forc\u00e9ment besoin de faire le Ollie, mais vous aurez besoin de beaucoup de feeling de board.\r\n\r\n      <\/p>\r\n      <p align=\"justify\">\r\nBien s\u00fbr, vous pouvez faire beaucoup plus que juste un Pole Jam ; il vous suffit de faire preuve de cr\u00e9ativit\u00e9.\r\n\r\n\r\n\r\n\r\n      <\/p>\r\n<img decoding=\"async\" src=\"data:image\/gif;base64,R0lGODlhAQABAIAAAAAAAP\/\/\/yH5BAEAAAAALAAAAAABAAEAAAIBRAA7\" data-src=\"\/blog\/wp-content\/uploads\/2018\/09\/obsctacle-guide-pole-jam.jpg\" alt=\"Skateboard Obstacle Pole\"\/><noscript><img decoding=\"async\" src=\"\/blog\/wp-content\/uploads\/2018\/09\/obsctacle-guide-pole-jam.jpg\" alt=\"Skateboard Obstacle Pole\"\/><\/noscript>\r\n\r\n<div class=\"hide-for-small-only\">\r\n<br><br>\r\n<\/div>\r\n<a title=\"Voir tous les obstacles\" href=\"\/blog\/fr\/wiki\/skateboarding\/obstacle-guide\/\" class=\"button-auto\">Voir tous les obstacles<\/a>\r\n\r\n    <\/div>\r\n  <\/div>\r\n<\/div><div class=\"ShariffSC\" style=\"shariff-shop\"><div class=\"shariff\" data-url=\"https:\/\/skatedeluxe.com\/blog\/fr\/wiki\/skateboarding\/obstacle-guide\/pole\/\" data-title=\"Pole\" data-services='[\"facebooklike\", \"facebook\"]' data-backend-url='\/shariff\/'><\/div><\/div>","protected":false},"excerpt":{"rendered":"<p>Pole Obstacle Guide Un pole jam est une sorte de rail plat et court qui d\u00e9passe assez fortement du sol. Une borne percut\u00e9e par une voiture est un bon moyen de d\u00e9crire un pole jam. Vous pouvez le grinder et sauter \u00e0 la fin, ce qui est fondamentalement le truc pour lequel il est connu <a class=\"read-more\" href=\"https:\/\/skatedeluxe.com\/blog\/fr\/wiki\/skateboarding\/obstacle-guide\/pole\/\">[&#8230;]<\/a><\/p>\n","protected":false},"author":60,"featured_media":77897,"parent":147859,"menu_order":12,"comment_status":"closed","ping_status":"closed","template":"page-templates\/teasing-page.php","meta":{"footnotes":""},"class_list":["post-147891","page","type-page","status-publish","has-post-thumbnail","hentry"],"aioseo_notices":[],"amp_enabled":false,"_links":{"self":[{"href":"https:\/\/skatedeluxe.com\/blog\/fr\/wp-json\/wp\/v2\/pages\/147891","targetHints":{"allow":["GET"]}}],"collection":[{"href":"https:\/\/skatedeluxe.com\/blog\/fr\/wp-json\/wp\/v2\/pages"}],"about":[{"href":"https:\/\/skatedeluxe.com\/blog\/fr\/wp-json\/wp\/v2\/types\/page"}],"author":[{"embeddable":true,"href":"https:\/\/skatedeluxe.com\/blog\/fr\/wp-json\/wp\/v2\/users\/60"}],"replies":[{"embeddable":true,"href":"https:\/\/skatedeluxe.com\/blog\/fr\/wp-json\/wp\/v2\/comments?post=147891"}],"version-history":[{"count":3,"href":"https:\/\/skatedeluxe.com\/blog\/fr\/wp-json\/wp\/v2\/pages\/147891\/revisions"}],"predecessor-version":[{"id":147930,"href":"https:\/\/skatedeluxe.com\/blog\/fr\/wp-json\/wp\/v2\/pages\/147891\/revisions\/147930"}],"up":[{"embeddable":true,"href":"https:\/\/skatedeluxe.com\/blog\/fr\/wp-json\/wp\/v2\/pages\/147859"}],"wp:featuredmedia":[{"embeddable":true,"href":"https:\/\/skatedeluxe.com\/blog\/fr\/wp-json\/wp\/v2\/media\/77897"}],"wp:attachment":[{"href":"https:\/\/skatedeluxe.com\/blog\/fr\/wp-json\/wp\/v2\/media?parent=147891"}],"curies":[{"name":"wp","href":"https:\/\/api.w.org\/{rel}","templated":true}]}}