{"id":147884,"date":"2019-04-10T10:35:25","date_gmt":"2019-04-10T08:35:25","guid":{"rendered":"https:\/\/admin.skatedeluxe.com\/blog\/?page_id=147884"},"modified":"2019-06-24T12:43:22","modified_gmt":"2019-06-24T10:43:22","slug":"london-gap","status":"publish","type":"page","link":"https:\/\/skatedeluxe.com\/blog\/fr\/wiki\/skateboarding\/obstacle-guide\/london-gap\/","title":{"rendered":"London Gap"},"content":{"rendered":"<div class=\"post clearfix\">\r\n\t<div class=\"large-2 columns\" id=\"Londongap\">\r\n\t\t<div class=\"small-8 medium-2 large-12 columns small-centered\">\r\n\t\t\t \n\t<style type=\"text\/css\">\n\t#round-hover-content-1 {\n\t\tbackground-image: url(\"\/blog\/wp-content\/uploads\/2015\/06\/london-icon.jpg\");\n\t\tbackground-repeat: no-repeat;\n\t\tbackground-size: cover;\n\t}\n\t<\/style>\n\t<div class=\"round-hover-container\">\n\t\t<a class=\"round-hover clearfix\" href=\"#\">\n\t\t\t<span id=\"round-hover-content-1\" class=\"round-hover-content clearfix\">\n\t\t\t<\/span>\n\t\t<\/a>\n\t<\/div>\n\t\r\n\t\t<\/div>\r\n\t\t<div class=\"date-day top-bordered\">London Gap<\/div>\r\n\t\t<div class=\"date-month\">Obstacle Guide<\/div>\r\n\t<\/div>\r\n\t<div class=\"large-10 columns\">\r\n\r\n\r\n\t\t<p>Un London Gap est un kicker ou un bank qui permet d\u2019effectuer un saut vers une plate-forme plus haute. Entre les deux, il y a une surface plane inf\u00e9rieure qui est divis\u00e9e.<\/p> \r\n\r\n\t\t<div class=\"row\">\r\n\t\t\t<div class=\"medium-10 medium-offset-1 columns\" style=\"margin-bottom: 1em\">\r\n\t\t\t\t<img decoding=\"async\" src=\"\/blog\/wp-content\/uploads\/2019\/06\/Skateboard-Obstacle-London-Gap.jpg\" alt=\"Skateboard Obstacle London Gap\" title=\"Skateboard Obstacle London Gap\">\r\n\t\t\t<\/div>\r\n\t\t<\/div>\r\n\r\n            <p>Les London Gaps sont rare en street skating. Vous pouvez cependant souvent les trouver dans les skate parks. Si vous vous sentez suffisamment en s\u00e9curit\u00e9 et en confiance, vous pouvez faire <a href=\"\/blog\/fr\/trick-tips\/skateboard\/flat\/ollie\/\" title=\"Trick Tip Ollie\" target=\"blank\" rel=\"noopener noreferrer\">Ollie<\/a> par desus le gap avec une vari\u00e9t\u00e9 de <a href=\"\/blog\/fr\/trick-tips\/skateboard\/flat\/\" title=\"Flatground Trick Tips\" target=\"blank\" rel=\"noopener noreferrer\">flat tricks.<\/a><\/p>\r\n\r\n         \r\n\r\n\t\t<div class=\"row\">\r\n\t\t\t<div class=\"medium-6 columns\">\r\n\t\t\t\t<h2 style=\"margin-bottom:1em;\">MEILLEURS TRICK \u00c0 ESSAYER:<\/h2>\r\n\r\n\t\t\t\t<p>Pour franchir le London Gap, vous devez d\u00e9j\u00e0 ma\u00eetriser le Ollie. Si vous vous sentez suffisamment en s\u00e9curit\u00e9 pour faire <a href=\"\/blog\/fr\/trick-tips\/skateboard\/flat\/ollie\/\" title=\"Trick Tip Ollie\" target=\"blank\" rel=\"noopener noreferrer\">Ollie<\/a> par dessus un gap, essayez un <a href=\"\/blog\/fr\/trick-tips\/skateboard\/flat\/pop-shove-it\/\" title=\"Trick Tip Pop-Shove-It\" target=\"blank\" rel=\"noopener noreferrer\">Pop-Shove-It<\/a> au-dessus du London Gap. Cette vid\u00e9o vous apprendra exactement comment faire cela:<\/p> \r\n\t\t\t<\/div>\r\n\r\n\r\n\t\t\t<div class=\"medium-6 columns\">\r\n                <div class=\"blog-slides\">   \r\n                    <div>   \r\n                        <div class=\"medium-centered columns\">\r\n                            <div class=\"flex-video\">\r\n                                <iframe width=\"560\" height=\"315\" data-src=\"https:\/\/www.youtube-nocookie.com\/embed\/EdKx7GMahKY\" frameborder=\"0\" allow=\"accelerometer; autoplay; encrypted-media; gyroscope; picture-in-picture\" allowfullscreen><\/iframe><noscript><iframe loading=\"lazy\" width=\"560\" height=\"315\" src=\"https:\/\/www.youtube-nocookie.com\/embed\/EdKx7GMahKY\" frameborder=\"0\" allow=\"accelerometer; autoplay; encrypted-media; gyroscope; picture-in-picture\" allowfullscreen><\/iframe><\/noscript>\r\n                            <\/div>      \r\n                        <\/div>                    \r\n                    <\/div>\r\n\r\n                    <div>   \r\n                        <div class=\"medium-centered columns\">\r\n                            <div class=\"flex-video\">\r\n                                <iframe width=\"560\" height=\"315\" data-src=\"https:\/\/www.youtube-nocookie.com\/embed\/5016cJwynFc\" frameborder=\"0\" allow=\"accelerometer; autoplay; encrypted-media; gyroscope; picture-in-picture\" allowfullscreen><\/iframe><noscript><iframe loading=\"lazy\" width=\"560\" height=\"315\" src=\"https:\/\/www.youtube-nocookie.com\/embed\/5016cJwynFc\" frameborder=\"0\" allow=\"accelerometer; autoplay; encrypted-media; gyroscope; picture-in-picture\" allowfullscreen><\/iframe><\/noscript>\r\n                            <\/div>      \r\n                        <\/div>                    \r\n                    <\/div>\r\n                <\/div>\r\n            <\/div>\r\n\t\t<\/div>\r\n\r\n\r\n\t\t<div class=\"row\">\r\n            <div class=\"medium-6 columns\">\r\n                    <a style=\"margin-bottom:1em; margin-top:1em;\" title=\"Voir tous les obstacles\" href=\"\/blog\/fr\/wiki\/skateboarding\/obstacle-guide\/\" class=\"button-auto\">Voir tous les obstacles<\/a>\r\n                <\/div>\r\n\r\n                <div class=\"medium-6 columns\">\r\n                    <a style=\"margin-bottom:1em; margin-top: 1em;\" title=\"Voir toutes trick tips de flat\" href=\"\/blog\/fr\/trick-tips\/skateboard\/flat\/\" class=\"button-auto\">Voir toutes trick tips de flat<\/a>\r\n                <\/div>\r\n        <\/div> \r\n\r\n\t<\/div>\r\n<\/div>\r\n\r\n<style type=\"text\/css\">\r\n\r\n.slick-list,.slick-slider,.slick-track{position:relative;display:block}.slick-loading .slick-slide,.slick-loading .slick-track{visibility:hidden}.slick-dots li button,.slick-dots li button:focus,.slick-list:focus,.slick-next:focus,.slick-prev:focus{outline:0}.slick-dots li button:before,.slick-next:before,.slick-prev:before{font-family:slick;-webkit-font-smoothing:antialiased;-moz-osx-font-smoothing:grayscale}.slick-slider{box-sizing:border-box;-moz-box-sizing:border-box;-webkit-touch-callout:none;-webkit-user-select:none;-khtml-user-select:none;-moz-user-select:none;-ms-user-select:none;user-select:none;-ms-touch-action:none;touch-action:none;-webkit-tap-highlight-color:transparent}.slick-list{overflow:hidden;margin:0;padding:0}.slick-loading .slick-list{background:url(ajax-loader.gif) center center no-repeat #fff}.slick-list.dragging{cursor:pointer;cursor:hand}.slick-slide,.slick-slide img,.slick-slider .slick-list,.slick-track{-webkit-transform:translate3d(0,0,0);-moz-transform:translate3d(0,0,0);-ms-transform:translate3d(0,0,0);-o-transform:translate3d(0,0,0);transform:translate3d(0,0,0)}.slick-track{left:0;top:0;zoom:1}.slick-track:after,.slick-track:before{content:\"\";display:table}.slick-track:after{clear:both}.slick-slide{float:left;height:100%;min-height:1px;display:none}.slick-slide img{display:block}.slick-slide.slick-loading img{display:none}.slick-slide.dragging img{pointer-events:none}.slick-initialized .slick-slide{display:block}.slick-vertical .slick-slide{display:block;height:auto;border:1px solid transparent}@font-face{font-family:slick;src:url(fonts\/slick.eot);src:url(fonts\/slick.eot?#iefix) format(\"embedded-opentype\"),url(fonts\/slick.woff) format(\"woff\"),url(fonts\/slick.ttf) format(\"truetype\"),url(fonts\/slick.svg#slick) format(\"svg\");font-weight:400;font-style:normal}.slick-next,.slick-prev{position:absolute;display:block;height:20px;width:20px;line-height:0;font-size:0;cursor:pointer;background:0 0;color:transparent;top:50%;margin-top:-10px;padding:0;border:none;outline:0}.slick-next.slick-disabled:before,.slick-prev.slick-disabled:before{opacity:.25}.slick-next:before,.slick-prev:before{font-size:20px;line-height:1;color:#fff;opacity:.85}.slick-prev{left:-25px}.slick-prev:before{content:\"\\2190\"}.slick-next{right:-25px}.slick-next:before{content:\"\\2192\"}.slick-slider{margin-bottom:30px}.slick-dots{position:absolute;bottom:-45px;list-style:none;display:block;text-align:center;padding:0;width:100%}.slick-dots li{position:relative;display:inline-block;height:20px;width:20px;margin:0 5px;padding:0;cursor:pointer}.slick-dots li button{border:0;background:0 0;display:block;height:20px;width:20px;line-height:0;font-size:0;color:transparent;padding:5px;cursor:pointer}.slick-dots li button:before{position:absolute;top:0;left:0;content:\"\\2022\";width:20px;height:20px;font-size:6px;line-height:20px;text-align:center;color:#000;opacity:.25}.slick-dots li.slick-active button:before{opacity:.75}\r\n.blog-slides div div h5{\r\n\tmargin-top: 10px !important;\r\n}\r\n\r\n\r\n\r\n.slick-prev:before, .slick-next:before {\r\n\tfont-size: 20px;\r\n\tline-height: 1;\r\n\tcolor: #1B272C;\r\n\topacity: 0.85;\r\n\t-moz-osx-font-smoothing: grayscale;\r\n\tfont-family: \"fontello\";\r\n}\r\n\r\n.slick-next:before {\r\n\tcontent: \"\\e801\";\r\n}\r\n\r\n.slick-prev:before {\r\n\tcontent: \"\\e800\";\r\n}\r\n\r\n.slick-prev {\r\n\tleft:0;\r\n}\r\n\r\n.slick-next {\r\n\tright:0;\r\n}\r\n\r\n.slick-prev:hover, .slick-next:hover {\r\n\tbackground-color: transparent;\r\n}\r\n<\/style>\r\n\r\n<script type=\"text\/javascript\" src=\"\/images\/content\/10YeahsContent\/gewinnspiel\/slick\/slick.min.js\"><\/script>\r\n<script type=\"text\/javascript\">\r\n\tjQuery(document).ready(function($){\r\n\r\n\r\n\r\n\t\t$('.blog-slides').slick({\r\n\t\t\tdots:false,\r\n\t\t\tinfinite:true,\r\n\t\t\tslidesToShow: 1,\r\n\t\t\tslidesToScroll: 1,\r\n\t\t\tautoplay:false,\r\n\t\t\tautoplaySpeed: 4000,\r\n\t\t\tresponsive: [\r\n\t\t\t{\r\n\t\t\t\tbreakpoint: 1024,\r\n\t\t\t\tsettings: {\r\n\t\t\t\t\tslidesToShow: 1,\r\n\t\t\t\t\tslidesToScroll: 1,\r\n\t\t\t\t}\r\n\t\t\t},\r\n\t\t\t{\r\n\t\t\t\tbreakpoint: 1700,\r\n\t\t\t\tsettings: {\r\n\t\t\t\t\tslidesToShow: 1,\r\n\t\t\t\t\tslidesToScroll: 1,\r\n\t\t\t\t}\r\n\t\t\t}\r\n\t\t\t]\r\n\t\t});\r\n\t});\r\n<\/script>\r\n\r\n<div class=\"ShariffSC\" style=\"shariff-shop\"><div class=\"shariff\" data-url=\"https:\/\/skatedeluxe.com\/blog\/fr\/wiki\/skateboarding\/obstacle-guide\/london-gap\/\" data-title=\"London Gap\" data-services='[\"facebooklike\", \"facebook\"]' data-backend-url='\/shariff\/'><\/div><\/div>","protected":false},"excerpt":{"rendered":"<p>London Gap Obstacle Guide Un London Gap est un kicker ou un bank qui permet d\u2019effectuer un saut vers une plate-forme plus haute. Entre les deux, il y a une surface plane inf\u00e9rieure qui est divis\u00e9e. Les London Gaps sont rare en street skating. Vous pouvez cependant souvent les trouver dans les skate parks. Si <a class=\"read-more\" href=\"https:\/\/skatedeluxe.com\/blog\/fr\/wiki\/skateboarding\/obstacle-guide\/london-gap\/\">[&#8230;]<\/a><\/p>\n","protected":false},"author":60,"featured_media":145025,"parent":147859,"menu_order":9,"comment_status":"closed","ping_status":"closed","template":"page-templates\/teasing-page.php","meta":{"footnotes":""},"class_list":["post-147884","page","type-page","status-publish","has-post-thumbnail","hentry"],"aioseo_notices":[],"amp_enabled":false,"_links":{"self":[{"href":"https:\/\/skatedeluxe.com\/blog\/fr\/wp-json\/wp\/v2\/pages\/147884","targetHints":{"allow":["GET"]}}],"collection":[{"href":"https:\/\/skatedeluxe.com\/blog\/fr\/wp-json\/wp\/v2\/pages"}],"about":[{"href":"https:\/\/skatedeluxe.com\/blog\/fr\/wp-json\/wp\/v2\/types\/page"}],"author":[{"embeddable":true,"href":"https:\/\/skatedeluxe.com\/blog\/fr\/wp-json\/wp\/v2\/users\/60"}],"replies":[{"embeddable":true,"href":"https:\/\/skatedeluxe.com\/blog\/fr\/wp-json\/wp\/v2\/comments?post=147884"}],"version-history":[{"count":6,"href":"https:\/\/skatedeluxe.com\/blog\/fr\/wp-json\/wp\/v2\/pages\/147884\/revisions"}],"predecessor-version":[{"id":148651,"href":"https:\/\/skatedeluxe.com\/blog\/fr\/wp-json\/wp\/v2\/pages\/147884\/revisions\/148651"}],"up":[{"embeddable":true,"href":"https:\/\/skatedeluxe.com\/blog\/fr\/wp-json\/wp\/v2\/pages\/147859"}],"wp:featuredmedia":[{"embeddable":true,"href":"https:\/\/skatedeluxe.com\/blog\/fr\/wp-json\/wp\/v2\/media\/145025"}],"wp:attachment":[{"href":"https:\/\/skatedeluxe.com\/blog\/fr\/wp-json\/wp\/v2\/media?parent=147884"}],"curies":[{"name":"wp","href":"https:\/\/api.w.org\/{rel}","templated":true}]}}