{"id":147882,"date":"2019-04-10T10:33:12","date_gmt":"2019-04-10T08:33:12","guid":{"rendered":"https:\/\/admin.skatedeluxe.com\/blog\/?page_id=147882"},"modified":"2019-04-10T14:04:45","modified_gmt":"2019-04-10T12:04:45","slug":"kicker-jumpramp","status":"publish","type":"page","link":"https:\/\/skatedeluxe.com\/blog\/fr\/wiki\/skateboarding\/obstacle-guide\/kicker-jumpramp\/","title":{"rendered":"Kicker &#038; Jumpramp"},"content":{"rendered":"<div class=\"post clearfix\">\r\n    <div class=\"large-2 columns\" id=\"Kicker\">\r\n        <div class=\"small-8 medium-2 large-12 columns small-centered\">\r\n             \n\t<style type=\"text\/css\">\n\t#round-hover-content-1 {\n\t\tbackground-image: url(\"\/blog\/wp-content\/uploads\/2015\/06\/jumpramp-icon.jpg\");\n\t\tbackground-repeat: no-repeat;\n\t\tbackground-size: cover;\n\t}\n\t<\/style>\n\t<div class=\"round-hover-container\">\n\t\t<a class=\"round-hover clearfix\" href=\"#\">\n\t\t\t<span id=\"round-hover-content-1\" class=\"round-hover-content clearfix\">\n\t\t\t<\/span>\n\t\t<\/a>\n\t<\/div>\n\t\r\n        <\/div>\r\n        <div class=\"date-day top-bordered\">Kicker &#038; Jumpramp<\/div>\r\n        <div class=\"date-month\">Obstacle Guide<\/div>\r\n    <\/div>\r\n\r\n    <div class=\"large-10 columns\">\r\n        <div class=\"medium-10 large-12 medium-centered columns\">\r\n\r\n\r\n\r\n            <p>Un kicker est une courte rampe montante avec une surface plane sur laquelle vous sautez avec votre skateboard. En r\u00e8gle g\u00e9n\u00e9rale, vous pouvez le comparer \u00e0 un saut \u00e0 ski.<\/p>\r\n\r\n            <div class=\"row\">\r\n                <div class=\"medium-10 medium-offset-1 columns\" style=\"margin-bottom: 1em\">\r\n                    <img decoding=\"async\" src=\"\/blog\/wp-content\/uploads\/2019\/03\/kicker-teaser-1.jpg\" alt=\"Skateboard Obstacle Kicker\" title=\"Skateboard Obstacle Kicker\">\r\n                <\/div>\r\n            <\/div>\r\n\r\n\r\n            <p>Cet obstacle est parfait pour vous permettre d\u2019effectuer des airs ou vous aider \u00e0 sauter plus haut. Vous pouvez faire tous les <a href=\"\/blog\/fr\/trick-tips\/skateboard\/flat\/\" title=\"Trick Tips Flat\" target=\"blank\">tricks de flat<\/a> habituels sur un kicker.<\/p>\r\n\r\n            <p>Un kicker peut \u00e9galement vous aider \u00e0 faire des tricks que vous ne pouvez pas faire aussi haut d\u2019habitude.<\/p>\r\n\r\n            \r\n\r\n            <div class=\"row\">\r\n                <div class=\"medium-6 columns\">\r\n                    <h2 style=\"margin-bottom:1em;\">MEILLEURES TRICKS \u00c0 RENTRER:<\/h2>\r\n\r\n\r\n                    <p>Pour vos premi\u00e8res tentatives sur un kicker, votre <a href=\"\/blog\/fr\/trick-tips\/skateboard\/flat\/ollie\/\" target=\"blank\" title=\"Trick Tip Ollie\">Ollie<\/a> devrait \u00eatre s\u00e9curis\u00e9. Une fois que vous avez termin\u00e9, vous pouvez essayer d\u2019autres tricks comme le <a href=\"\/blog\/fr\/trick-tips\/skateboard\/flat\/fs-180-ollie\/\" title=\"Trick Tip FS 180\" target=\"blank\">FS 180<\/a>. Les vid\u00e9os vous montreront exactement comment fonctionnent ces tricks:<\/p>\r\n                <\/div>\r\n\r\n\r\n                <div class=\"medium-6 columns\">\r\n                    <div class=\"blog-slides\">   \r\n                        <div>   \r\n                            <div class=\"medium-centered columns\">\r\n                                <div class=\"flex-video\">\r\n                                    <iframe width=\"560\" height=\"315\" data-src=\"https:\/\/www.youtube-nocookie.com\/embed\/EdKx7GMahKY\" frameborder=\"0\" allow=\"accelerometer; autoplay; encrypted-media; gyroscope; picture-in-picture\" allowfullscreen><\/iframe><noscript><iframe loading=\"lazy\" width=\"560\" height=\"315\" src=\"https:\/\/www.youtube-nocookie.com\/embed\/EdKx7GMahKY\" frameborder=\"0\" allow=\"accelerometer; autoplay; encrypted-media; gyroscope; picture-in-picture\" allowfullscreen><\/iframe><\/noscript>\r\n                                <\/div>      \r\n                            <\/div>                    \r\n                        <\/div>\r\n\r\n                        <div>   \r\n                            <div class=\"medium-centered columns\">\r\n                                <div class=\"flex-video\">\r\n                                    <iframe width=\"560\" height=\"315\" data-src=\"https:\/\/www.youtube-nocookie.com\/embed\/vIaIXCsLjuY\" frameborder=\"0\" allow=\"accelerometer; autoplay; encrypted-media; gyroscope; picture-in-picture\" allowfullscreen><\/iframe><noscript><iframe loading=\"lazy\" width=\"560\" height=\"315\" src=\"https:\/\/www.youtube-nocookie.com\/embed\/vIaIXCsLjuY\" frameborder=\"0\" allow=\"accelerometer; autoplay; encrypted-media; gyroscope; picture-in-picture\" allowfullscreen><\/iframe><\/noscript>\r\n                                <\/div>      \r\n                            <\/div>                    \r\n                        <\/div>\r\n                    <\/div>\r\n                <\/div>\r\n            <\/div>\r\n\r\n\r\n            <div class=\"row\">\r\n                <div class=\"medium-6 columns\">\r\n\r\n                    <h2 style=\"margin-bottom:1em;\">SPOTS C\u00c9L\u00c9BRES:<\/h2>\r\n                    \r\n                    <li>Hull Kicker, England<\/li>\r\n\r\n                <\/div>\r\n\r\n                <div class=\"medium-6 columns\">\r\n\r\n                    <h2 style=\"margin-bottom:1em;\">RIDERS QUALIFI\u00c9S:<\/h2>\r\n\r\n                    <li>Tony Trujillo<\/li>\r\n                    <li>Mike Vallely<\/li>\r\n\r\n                <\/div>\r\n            <\/div>\r\n\r\n\r\n            <div style=\"margin-top:1em;\" class=\"row\">\r\n\r\n\r\n                <div class=\"medium-6 columns\">\r\n                    <a style=\"margin-bottom:1em;\" title=\"Voir tous les obstacles\" href=\"\/blog\/fr\/wiki\/skateboarding\/obstacle-guide\/\" class=\"button-auto\">Voir tous les obstacles<\/a>\r\n                <\/div>\r\n\r\n                <div class=\"medium-6 columns\">\r\n                    <a style=\"margin-bottom: 1em;\" title=\"Voir toutes trick tips de flat\" href=\"\/blog\/fr\/trick-tips\/skateboard\/flat\/\" class=\"button-auto\">Voir toutes trick tips de flat<\/a>\r\n\r\n                <\/div>        \r\n\r\n            <\/div>\r\n        <\/div>\r\n    <\/div>\r\n<style type=\"text\/css\">\r\n\r\n.slick-list,.slick-slider,.slick-track{position:relative;display:block}.slick-loading .slick-slide,.slick-loading .slick-track{visibility:hidden}.slick-dots li button,.slick-dots li button:focus,.slick-list:focus,.slick-next:focus,.slick-prev:focus{outline:0}.slick-dots li button:before,.slick-next:before,.slick-prev:before{font-family:slick;-webkit-font-smoothing:antialiased;-moz-osx-font-smoothing:grayscale}.slick-slider{box-sizing:border-box;-moz-box-sizing:border-box;-webkit-touch-callout:none;-webkit-user-select:none;-khtml-user-select:none;-moz-user-select:none;-ms-user-select:none;user-select:none;-ms-touch-action:none;touch-action:none;-webkit-tap-highlight-color:transparent}.slick-list{overflow:hidden;margin:0;padding:0}.slick-loading .slick-list{background:url(ajax-loader.gif) center center no-repeat #fff}.slick-list.dragging{cursor:pointer;cursor:hand}.slick-slide,.slick-slide img,.slick-slider .slick-list,.slick-track{-webkit-transform:translate3d(0,0,0);-moz-transform:translate3d(0,0,0);-ms-transform:translate3d(0,0,0);-o-transform:translate3d(0,0,0);transform:translate3d(0,0,0)}.slick-track{left:0;top:0;zoom:1}.slick-track:after,.slick-track:before{content:\"\";display:table}.slick-track:after{clear:both}.slick-slide{float:left;height:100%;min-height:1px;display:none}.slick-slide img{display:block}.slick-slide.slick-loading img{display:none}.slick-slide.dragging img{pointer-events:none}.slick-initialized .slick-slide{display:block}.slick-vertical .slick-slide{display:block;height:auto;border:1px solid transparent}@font-face{font-family:slick;src:url(fonts\/slick.eot);src:url(fonts\/slick.eot?#iefix) format(\"embedded-opentype\"),url(fonts\/slick.woff) format(\"woff\"),url(fonts\/slick.ttf) format(\"truetype\"),url(fonts\/slick.svg#slick) format(\"svg\");font-weight:400;font-style:normal}.slick-next,.slick-prev{position:absolute;display:block;height:20px;width:20px;line-height:0;font-size:0;cursor:pointer;background:0 0;color:transparent;top:50%;margin-top:-10px;padding:0;border:none;outline:0}.slick-next.slick-disabled:before,.slick-prev.slick-disabled:before{opacity:.25}.slick-next:before,.slick-prev:before{font-size:20px;line-height:1;color:#fff;opacity:.85}.slick-prev{left:-25px}.slick-prev:before{content:\"\\2190\"}.slick-next{right:-25px}.slick-next:before{content:\"\\2192\"}.slick-slider{margin-bottom:30px}.slick-dots{position:absolute;bottom:-45px;list-style:none;display:block;text-align:center;padding:0;width:100%}.slick-dots li{position:relative;display:inline-block;height:20px;width:20px;margin:0 5px;padding:0;cursor:pointer}.slick-dots li button{border:0;background:0 0;display:block;height:20px;width:20px;line-height:0;font-size:0;color:transparent;padding:5px;cursor:pointer}.slick-dots li button:before{position:absolute;top:0;left:0;content:\"\\2022\";width:20px;height:20px;font-size:6px;line-height:20px;text-align:center;color:#000;opacity:.25}.slick-dots li.slick-active button:before{opacity:.75}\r\n.blog-slides div div h5{\r\n    margin-top: 10px !important;\r\n}\r\n\r\n\r\n\r\n.slick-prev:before, .slick-next:before {\r\n    font-size: 20px;\r\n    line-height: 1;\r\n    color: #1B272C;\r\n    opacity: 0.85;\r\n    -moz-osx-font-smoothing: grayscale;\r\n    font-family: \"fontello\";\r\n}\r\n\r\n.slick-next:before {\r\n    content: \"\\e801\";\r\n}\r\n\r\n.slick-prev:before {\r\n    content: \"\\e800\";\r\n}\r\n\r\n.slick-prev {\r\n    left:0;\r\n}\r\n\r\n.slick-next {\r\n    right:0;\r\n}\r\n\r\n.slick-prev:hover, .slick-next:hover {\r\n    background-color: transparent;\r\n}\r\n<\/style>\r\n\r\n<script type=\"text\/javascript\" src=\"\/images\/content\/10YeahsContent\/gewinnspiel\/slick\/slick.min.js\"><\/script>\r\n<script type=\"text\/javascript\">\r\n    jQuery(document).ready(function($){\r\n\r\n\r\n\r\n        $('.blog-slides').slick({\r\n            dots:false,\r\n            infinite:true,\r\n            slidesToShow: 1,\r\n            slidesToScroll: 1,\r\n            autoplay:false,\r\n            autoplaySpeed: 4000,\r\n            responsive: [\r\n            {\r\n                breakpoint: 1024,\r\n                settings: {\r\n                    slidesToShow: 1,\r\n                    slidesToScroll: 1,\r\n                }\r\n            },\r\n            {\r\n                breakpoint: 1700,\r\n                settings: {\r\n                    slidesToShow: 1,\r\n                    slidesToScroll: 1,\r\n                }\r\n            }\r\n            ]\r\n        });\r\n    });\r\n<\/script>\r\n\r\n<div class=\"ShariffSC\" style=\"shariff-shop\"><div class=\"shariff\" data-url=\"https:\/\/skatedeluxe.com\/blog\/fr\/wiki\/skateboarding\/obstacle-guide\/kicker-jumpramp\/\" data-title=\"Kicker &#038; Jumpramp\" data-services='[\"facebooklike\", \"facebook\"]' data-backend-url='\/shariff\/'><\/div><\/div>","protected":false},"excerpt":{"rendered":"<p>Kicker &#038; Jumpramp Obstacle Guide Un kicker est une courte rampe montante avec une surface plane sur laquelle vous sautez avec votre skateboard. En r\u00e8gle g\u00e9n\u00e9rale, vous pouvez le comparer \u00e0 un saut \u00e0 ski. Cet obstacle est parfait pour vous permettre d\u2019effectuer des airs ou vous aider \u00e0 sauter plus haut. Vous pouvez faire <a class=\"read-more\" href=\"https:\/\/skatedeluxe.com\/blog\/fr\/wiki\/skateboarding\/obstacle-guide\/kicker-jumpramp\/\">[&#8230;]<\/a><\/p>\n","protected":false},"author":60,"featured_media":145060,"parent":147859,"menu_order":8,"comment_status":"closed","ping_status":"closed","template":"page-templates\/teasing-page.php","meta":{"footnotes":""},"class_list":["post-147882","page","type-page","status-publish","has-post-thumbnail","hentry"],"aioseo_notices":[],"amp_enabled":false,"_links":{"self":[{"href":"https:\/\/skatedeluxe.com\/blog\/fr\/wp-json\/wp\/v2\/pages\/147882","targetHints":{"allow":["GET"]}}],"collection":[{"href":"https:\/\/skatedeluxe.com\/blog\/fr\/wp-json\/wp\/v2\/pages"}],"about":[{"href":"https:\/\/skatedeluxe.com\/blog\/fr\/wp-json\/wp\/v2\/types\/page"}],"author":[{"embeddable":true,"href":"https:\/\/skatedeluxe.com\/blog\/fr\/wp-json\/wp\/v2\/users\/60"}],"replies":[{"embeddable":true,"href":"https:\/\/skatedeluxe.com\/blog\/fr\/wp-json\/wp\/v2\/comments?post=147882"}],"version-history":[{"count":3,"href":"https:\/\/skatedeluxe.com\/blog\/fr\/wp-json\/wp\/v2\/pages\/147882\/revisions"}],"predecessor-version":[{"id":147922,"href":"https:\/\/skatedeluxe.com\/blog\/fr\/wp-json\/wp\/v2\/pages\/147882\/revisions\/147922"}],"up":[{"embeddable":true,"href":"https:\/\/skatedeluxe.com\/blog\/fr\/wp-json\/wp\/v2\/pages\/147859"}],"wp:featuredmedia":[{"embeddable":true,"href":"https:\/\/skatedeluxe.com\/blog\/fr\/wp-json\/wp\/v2\/media\/145060"}],"wp:attachment":[{"href":"https:\/\/skatedeluxe.com\/blog\/fr\/wp-json\/wp\/v2\/media?parent=147882"}],"curies":[{"name":"wp","href":"https:\/\/api.w.org\/{rel}","templated":true}]}}