{"id":147869,"date":"2019-04-10T10:19:40","date_gmt":"2019-04-10T08:19:40","guid":{"rendered":"https:\/\/admin.skatedeluxe.com\/blog\/?page_id=147869"},"modified":"2019-04-10T13:58:27","modified_gmt":"2019-04-10T11:58:27","slug":"curb-ledge","status":"publish","type":"page","link":"https:\/\/skatedeluxe.com\/blog\/fr\/wiki\/skateboarding\/obstacle-guide\/curb-ledge\/","title":{"rendered":"Curb &#038; Ledge"},"content":{"rendered":"<div class=\"post clearfix\">\r\n    <div class=\"large-2 columns\" id=\"Curb &#038; Ledge\">\r\n        <div class=\"small-8 medium-2 large-12 columns small-centered\">\r\n             \n\t<style type=\"text\/css\">\n\t#round-hover-content-1 {\n\t\tbackground-image: url(\"\/blog\/wp-content\/uploads\/2015\/06\/curb-icon.jpg\");\n\t\tbackground-repeat: no-repeat;\n\t\tbackground-size: cover;\n\t}\n\t<\/style>\n\t<div class=\"round-hover-container\">\n\t\t<a class=\"round-hover clearfix\" href=\"#\">\n\t\t\t<span id=\"round-hover-content-1\" class=\"round-hover-content clearfix\">\n\t\t\t<\/span>\n\t\t<\/a>\n\t<\/div>\n\t\r\n        <\/div>\r\n        <div class=\"date-day top-bordered\">Curb &#038; Ledge<\/div>\r\n        <div class=\"date-month\">Obstacle Guide<\/div>\r\n    <\/div>\r\n    <div class=\"large-10 columns\">\r\n\r\n\r\n        <p align=\"center\">Un curb, ou un ledge, est un bloc allong\u00e9 avec des bords pour faire des glissades ou trucs.<\/p>\r\n\r\n        <div class=\"row\">\r\n            <div class=\"medium-10 medium-offset-1 columns\" style=\"margin-bottom: 1em;\">\r\n                <img decoding=\"async\" src=\"\/blog\/wp-content\/uploads\/2018\/09\/obsctacle-guide-curb.jpg\" alt=\"Obstacle Curb\" title=\"Obstacle Curb\">\r\n            <\/div>\r\n        <\/div>\r\n\r\n        <p>\r\n            Le trottoir est un obstacle standard dans le skate park, car il est polyvalent. Les bords peuvent \u00eatre utilis\u00e9s pour des glissades et des astuces de meulage, et la surface sup\u00e9rieure (la table) peut \u00eatre utilis\u00e9e pour des astuces comme des manuels. Les rebords situ\u00e9s sur des escaliers comme des balustrades sont \u00e9galement appel\u00e9s \u00abhubbas\u00bb..\r\n        <\/p>\r\n\r\n       <p>Le West Los Angeles Courthouse est l\u2019un des plus c\u00e9l\u00e8bres spots de skate. Cr\u00e9\u00e9 \u00e0 la fin des ann\u00e9es 1980, le Courthouse pr\u00e9sente une vari\u00e9t\u00e9 de curbs et autres obstacles. En 2010, Nike SB a sponsoris\u00e9 le Courthouse, remettant \u00e0 jour la plupart des curbs et y a rendu l\u00e9gal le skate.<\/p>\r\n\r\n\r\n    <div class=\"row\">\r\n        <div class=\"medium-6 columns\">\r\n            <h2 style=\"margin-bottom:1em;\">MEILLEURS TRICKS \u00c0 ESSAYER:<\/h2>\r\n\r\n            <p>L&#8217;un des tricks de base les plus importants sur un ledge est le <a href=\"\/blog\/fr\/trick-tips\/skateboard\/curb-rail\/50-50\/\" title=\"Trick Tip 50-50\" target=\"blank\">50-50<\/a>. Si vous y \u00eates parvenu, essayez un <a href=\"\/blog\/fr\/trick-tips\/skateboard\/curb-rail\/5-0\/\" title=\"Trick Tip 5-0\" target=\"blank\">5-0 Grind<\/a> (Pivot Grind) ou un <a href=\"\/blog\/fr\/trick-tips\/skateboard\/curb-rail\/bs-boardslide\/\" title=\"Trick Tip BS Boardslide\" target=\"blank\">BS Boardslide<\/a>. Ces vid\u00e9os vous montreront comment fonctionnent ces tricks :<\/p> \r\n        <\/div>\r\n\r\n        <div class=\"medium-6 columns\">\r\n            <div class=\"blog-slides\">   \r\n                <div>   \r\n                    <div class=\"medium-centered columns\">\r\n                        <div class=\"flex-video\">\r\n                            <iframe width=\"560\" height=\"315\" data-src=\"https:\/\/www.youtube-nocookie.com\/embed\/yZ1oVQ53m8I\" frameborder=\"0\" allow=\"accelerometer; autoplay; encrypted-media; gyroscope; picture-in-picture\" allowfullscreen><\/iframe><noscript><iframe loading=\"lazy\" width=\"560\" height=\"315\" src=\"https:\/\/www.youtube-nocookie.com\/embed\/yZ1oVQ53m8I\" frameborder=\"0\" allow=\"accelerometer; autoplay; encrypted-media; gyroscope; picture-in-picture\" allowfullscreen><\/iframe><\/noscript>\r\n                        <\/div>      \r\n                    <\/div>                    \r\n                <\/div>\r\n\r\n                <div>   \r\n                    <div class=\"medium-centered columns\">\r\n                        <div class=\"flex-video\">\r\n                            <iframe width=\"560\" height=\"315\" data-src=\"https:\/\/www.youtube-nocookie.com\/embed\/MEUnrA3l5g8\" frameborder=\"0\" allow=\"accelerometer; autoplay; encrypted-media; gyroscope; picture-in-picture\" allowfullscreen><\/iframe><noscript><iframe loading=\"lazy\" width=\"560\" height=\"315\" src=\"https:\/\/www.youtube-nocookie.com\/embed\/MEUnrA3l5g8\" frameborder=\"0\" allow=\"accelerometer; autoplay; encrypted-media; gyroscope; picture-in-picture\" allowfullscreen><\/iframe><\/noscript>\r\n                        <\/div>      \r\n                    <\/div>                    \r\n                <\/div>\r\n\r\n                <div>   \r\n                    <div class=\"medium-centered columns\">\r\n                        <div class=\"flex-video\">\r\n                            <iframe width=\"560\" height=\"315\" data-src=\"https:\/\/www.youtube-nocookie.com\/embed\/3RDcEGZk8m4\" frameborder=\"0\" allow=\"accelerometer; autoplay; encrypted-media; gyroscope; picture-in-picture\" allowfullscreen><\/iframe><noscript><iframe loading=\"lazy\" width=\"560\" height=\"315\" src=\"https:\/\/www.youtube-nocookie.com\/embed\/3RDcEGZk8m4\" frameborder=\"0\" allow=\"accelerometer; autoplay; encrypted-media; gyroscope; picture-in-picture\" allowfullscreen><\/iframe><\/noscript>\r\n                        <\/div>      \r\n                    <\/div>                    \r\n                <\/div>\r\n\r\n            <\/div>\r\n        <\/div>\r\n    <\/div>\r\n\r\n\r\n\r\n    <div class=\"row\">\r\n        <div class=\"medium-6 columns\">\r\n\r\n            <h2 style=\"margin-bottom:1em;\">SPOTS C\u00c9L\u00c9BRES:<\/h2>\r\n\r\n            <ul>\r\n                <li>MACBA \u2013 Barcelona<\/li>\r\n                <li>B\u00e4nke &#8211; Berlin<\/li>\r\n                <li>Courthouse &#8211; Los Angeles<\/li>\r\n                <li>Radio Korea &#8211; Los Angeles<\/li>\r\n            <\/ul>\r\n\r\n\r\n        <\/div>\r\n\r\n        <div class=\"medium-6 columns\">\r\n\r\n            <h2 style=\"margin-bottom:1em;\">RIDERS QUALIFI\u00c9S:<\/h2>\r\n\r\n            <ul>\r\n                <li>Felipe Gustavo<\/li>\r\n                <li>PJ Ladd<\/li>\r\n                <li>Cody Cepeda<\/li>\r\n                <li>Shane O\u00b4Neill<\/li>\r\n            <\/ul>\r\n\r\n        <\/div>\r\n    <\/div>\r\n\r\n    <div class=\"row\">\r\n\r\n        <div class=\"medium-6 columns\">\r\n            <a style=\"margin-bottom:1em; margin-top: 1em;\" title=\"Voir tous les tricks de Curb &#038; Ledge\" href=\"\/blog\/fr\/trick-tips\/skateboard\/curb-rail\/\" class=\"button-auto\">Voir tous les tricks de Curb &#038; Ledge<\/a>\r\n        <\/div>\r\n\r\n\r\n        <div class=\"medium-6 columns\">\r\n            <a style=\"margin-bottom:1em; margin-top:1em;\" title=\"Voir tous les obstacles\" href=\"\/blog\/fr\/wiki\/skateboarding\/obstacle-guide\/\" class=\"button-auto\">Voir tous les obstacles<\/a>\r\n        <\/div>\r\n    <\/div>        \r\n\r\n<\/div>\r\n<\/div>\r\n\r\n\r\n<style type=\"text\/css\">\r\n\r\n.slick-list,.slick-slider,.slick-track{position:relative;display:block}.slick-loading .slick-slide,.slick-loading .slick-track{visibility:hidden}.slick-dots li button,.slick-dots li button:focus,.slick-list:focus,.slick-next:focus,.slick-prev:focus{outline:0}.slick-dots li button:before,.slick-next:before,.slick-prev:before{font-family:slick;-webkit-font-smoothing:antialiased;-moz-osx-font-smoothing:grayscale}.slick-slider{box-sizing:border-box;-moz-box-sizing:border-box;-webkit-touch-callout:none;-webkit-user-select:none;-khtml-user-select:none;-moz-user-select:none;-ms-user-select:none;user-select:none;-ms-touch-action:none;touch-action:none;-webkit-tap-highlight-color:transparent}.slick-list{overflow:hidden;margin:0;padding:0}.slick-loading .slick-list{background:url(ajax-loader.gif) center center no-repeat #fff}.slick-list.dragging{cursor:pointer;cursor:hand}.slick-slide,.slick-slide img,.slick-slider .slick-list,.slick-track{-webkit-transform:translate3d(0,0,0);-moz-transform:translate3d(0,0,0);-ms-transform:translate3d(0,0,0);-o-transform:translate3d(0,0,0);transform:translate3d(0,0,0)}.slick-track{left:0;top:0;zoom:1}.slick-track:after,.slick-track:before{content:\"\";display:table}.slick-track:after{clear:both}.slick-slide{float:left;height:100%;min-height:1px;display:none}.slick-slide img{display:block}.slick-slide.slick-loading img{display:none}.slick-slide.dragging img{pointer-events:none}.slick-initialized .slick-slide{display:block}.slick-vertical .slick-slide{display:block;height:auto;border:1px solid transparent}@font-face{font-family:slick;src:url(fonts\/slick.eot);src:url(fonts\/slick.eot?#iefix) format(\"embedded-opentype\"),url(fonts\/slick.woff) format(\"woff\"),url(fonts\/slick.ttf) format(\"truetype\"),url(fonts\/slick.svg#slick) format(\"svg\");font-weight:400;font-style:normal}.slick-next,.slick-prev{position:absolute;display:block;height:20px;width:20px;line-height:0;font-size:0;cursor:pointer;background:0 0;color:transparent;top:50%;margin-top:-10px;padding:0;border:none;outline:0}.slick-next.slick-disabled:before,.slick-prev.slick-disabled:before{opacity:.25}.slick-next:before,.slick-prev:before{font-size:20px;line-height:1;color:#fff;opacity:.85}.slick-prev{left:-25px}.slick-prev:before{content:\"\\2190\"}.slick-next{right:-25px}.slick-next:before{content:\"\\2192\"}.slick-slider{margin-bottom:30px}.slick-dots{position:absolute;bottom:-45px;list-style:none;display:block;text-align:center;padding:0;width:100%}.slick-dots li{position:relative;display:inline-block;height:20px;width:20px;margin:0 5px;padding:0;cursor:pointer}.slick-dots li button{border:0;background:0 0;display:block;height:20px;width:20px;line-height:0;font-size:0;color:transparent;padding:5px;cursor:pointer}.slick-dots li button:before{position:absolute;top:0;left:0;content:\"\\2022\";width:20px;height:20px;font-size:6px;line-height:20px;text-align:center;color:#000;opacity:.25}.slick-dots li.slick-active button:before{opacity:.75}\r\n.blog-slides div div h5{\r\n    margin-top: 10px !important;\r\n}\r\n\r\n\r\n\r\n.slick-prev:before, .slick-next:before {\r\n    font-size: 20px;\r\n    line-height: 1;\r\n    color: #1B272C;\r\n    opacity: 0.85;\r\n    -moz-osx-font-smoothing: grayscale;\r\n    font-family: \"fontello\";\r\n}\r\n\r\n.slick-next:before {\r\n    content: \"\\e801\";\r\n}\r\n\r\n.slick-prev:before {\r\n    content: \"\\e800\";\r\n}\r\n\r\n.slick-prev {\r\n    left:0;\r\n}\r\n\r\n.slick-next {\r\n    right:0;\r\n}\r\n\r\n.slick-prev:hover, .slick-next:hover {\r\n    background-color: transparent;\r\n}\r\n<\/style>\r\n\r\n<script type=\"text\/javascript\" src=\"\/images\/content\/10YeahsContent\/gewinnspiel\/slick\/slick.min.js\"><\/script>\r\n<script type=\"text\/javascript\">\r\n    jQuery(document).ready(function($){\r\n\r\n\r\n\r\n        $('.blog-slides').slick({\r\n            dots:false,\r\n            infinite:true,\r\n            slidesToShow: 1,\r\n            slidesToScroll: 1,\r\n            autoplay:false,\r\n            autoplaySpeed: 4000,\r\n            responsive: [\r\n            {\r\n                breakpoint: 1024,\r\n                settings: {\r\n                    slidesToShow: 1,\r\n                    slidesToScroll: 1,\r\n                }\r\n            },\r\n            {\r\n                breakpoint: 1700,\r\n                settings: {\r\n                    slidesToShow: 1,\r\n                    slidesToScroll: 1,\r\n                }\r\n            }\r\n            ]\r\n        });\r\n    });\r\n<\/script><div class=\"ShariffSC\" style=\"shariff-shop\"><div class=\"shariff\" data-url=\"https:\/\/skatedeluxe.com\/blog\/fr\/wiki\/skateboarding\/obstacle-guide\/curb-ledge\/\" data-title=\"Curb &#038; Ledge\" data-services='[\"facebooklike\", \"facebook\"]' data-backend-url='\/shariff\/'><\/div><\/div>","protected":false},"excerpt":{"rendered":"<p>Curb &#038; Ledge Obstacle Guide Un curb, ou un ledge, est un bloc allong\u00e9 avec des bords pour faire des glissades ou trucs. Le trottoir est un obstacle standard dans le skate park, car il est polyvalent. Les bords peuvent \u00eatre utilis\u00e9s pour des glissades et des astuces de meulage, et la surface sup\u00e9rieure (la <a class=\"read-more\" href=\"https:\/\/skatedeluxe.com\/blog\/fr\/wiki\/skateboarding\/obstacle-guide\/curb-ledge\/\">[&#8230;]<\/a><\/p>\n","protected":false},"author":60,"featured_media":144944,"parent":147859,"menu_order":3,"comment_status":"closed","ping_status":"closed","template":"page-templates\/teasing-page.php","meta":{"footnotes":""},"class_list":["post-147869","page","type-page","status-publish","has-post-thumbnail","hentry"],"aioseo_notices":[],"amp_enabled":false,"_links":{"self":[{"href":"https:\/\/skatedeluxe.com\/blog\/fr\/wp-json\/wp\/v2\/pages\/147869","targetHints":{"allow":["GET"]}}],"collection":[{"href":"https:\/\/skatedeluxe.com\/blog\/fr\/wp-json\/wp\/v2\/pages"}],"about":[{"href":"https:\/\/skatedeluxe.com\/blog\/fr\/wp-json\/wp\/v2\/types\/page"}],"author":[{"embeddable":true,"href":"https:\/\/skatedeluxe.com\/blog\/fr\/wp-json\/wp\/v2\/users\/60"}],"replies":[{"embeddable":true,"href":"https:\/\/skatedeluxe.com\/blog\/fr\/wp-json\/wp\/v2\/comments?post=147869"}],"version-history":[{"count":4,"href":"https:\/\/skatedeluxe.com\/blog\/fr\/wp-json\/wp\/v2\/pages\/147869\/revisions"}],"predecessor-version":[{"id":147912,"href":"https:\/\/skatedeluxe.com\/blog\/fr\/wp-json\/wp\/v2\/pages\/147869\/revisions\/147912"}],"up":[{"embeddable":true,"href":"https:\/\/skatedeluxe.com\/blog\/fr\/wp-json\/wp\/v2\/pages\/147859"}],"wp:featuredmedia":[{"embeddable":true,"href":"https:\/\/skatedeluxe.com\/blog\/fr\/wp-json\/wp\/v2\/media\/144944"}],"wp:attachment":[{"href":"https:\/\/skatedeluxe.com\/blog\/fr\/wp-json\/wp\/v2\/media?parent=147869"}],"curies":[{"name":"wp","href":"https:\/\/api.w.org\/{rel}","templated":true}]}}