{"id":147859,"date":"2019-04-10T10:11:32","date_gmt":"2019-04-10T08:11:32","guid":{"rendered":"https:\/\/admin.skatedeluxe.com\/blog\/?page_id=147859"},"modified":"2019-06-26T11:05:17","modified_gmt":"2019-06-26T09:05:17","slug":"obstacle-guide","status":"publish","type":"page","link":"https:\/\/skatedeluxe.com\/blog\/fr\/wiki\/skateboarding\/obstacle-guide\/","title":{"rendered":"Guide des obstacles"},"content":{"rendered":"<div class=\"small-12 columns\">\r\n\r\n  <div class=\"post clearfix\" style=\"padding-bottom:15px;\">\r\n    <div class=\"small-12 columns\">\r\n      <h4>&#8220;CURB, FLATRAIL, LEDGE, MINIRAMP, HALFPIPE, POLE, PYRAMID\u2026&#8221;<\/h4>\r\n      <p>\r\n       Ces termes vous semblent issus d\u2019une langue \u00e9trang\u00e8re ? Vous vous sentez perdu dans la mer des diff\u00e9rents obstacles de skateboard ? Notre guide des obstacles skatedeluxe est l\u00e0 pour vous.\r\n      <\/p>\r\n      <p>\r\n        Vous pouvez apprendre ici comment s&#8217;appellent les diff\u00e9rents obstacles (ou modules), ce qui les distingue les uns des autres et, bien s\u00fbr, comment les skater.\r\n      <\/p>\r\n      <h6>CLIQUEZ SUR LES OBSTACLES<\/h6>\r\n    <\/div>\r\n  <\/div>\r\n\r\n<\/div>\r\n\r\n\r\n<div class=\"small-12 medium-4 columns clearfix\">\r\n  <div class=\"post clearfix\"  style=\"padding-bottom:15px;\">\r\n    <div class=\"small-12 columns text-center\">\r\n      <a href=\"\/blog\/fr\/wiki\/skateboarding\/obstacle-guide\/bank\/\" title=\"Tout sur les Banks\"><img decoding=\"async\" src=\"\/blog\/wp-content\/uploads\/2015\/06\/obstacle-bank.jpg\" alt=\"Obstacle Bank\"><\/a>\r\n      <h6><a href=\"\/blog\/fr\/wiki\/skateboarding\/obstacle-guide\/bank\/\" title=\"Tout sur les Banks\">Bank<\/a><\/h6>\r\n\r\n      <a href=\"\/blog\/fr\/wiki\/skateboarding\/obstacle-guide\/flatrail\/\" title=\"Tout sur les Flatrails\"><img decoding=\"async\" src=\"\/blog\/wp-content\/uploads\/2015\/06\/obstacle-flatrail.jpg\" alt=\"Obstacle flatrail\"><\/a>\r\n      <h6><a href=\"\/blog\/fr\/wiki\/skateboarding\/obstacle-guide\/flatrail\/\" title=\"Tout sur les Flatrails\">Flatrail<\/a><\/h6>\r\n\r\n      <a href=\"\/blog\/fr\/wiki\/skateboarding\/obstacle-guide\/handrail\/\" title=\"Tout sur les Handrails\"><img decoding=\"async\" src=\"\/blog\/wp-content\/uploads\/2015\/06\/obstacle-handrail.jpg\" alt=\"Obstacle handrail\"><\/a>\r\n      <h6><a href=\"\/blog\/fr\/wiki\/skateboarding\/obstacle-guide\/handrail\/\" title=\"Tout sur les Handrails\">Handrail<\/a><\/h6>\r\n\r\n      <a href=\"\/blog\/fr\/wiki\/skateboarding\/obstacle-guide\/manualpad\/\" title=\"Tout sur les Manualpads\"><img decoding=\"async\" src=\"\/blog\/wp-content\/uploads\/2015\/06\/obstacle-manual-pad.jpg\" alt=\"Obstacle Manualpad\"><\/a>\r\n      <h6><a href=\"\/blog\/fr\/wiki\/skateboarding\/obstacle-guide\/manualpad\/\" title=\"Tout sur les Manualpads\">Manualpad<\/a><\/h6>\r\n\r\n      <a href=\"\/blog\/fr\/wiki\/skateboarding\/obstacle-guide\/pyramide-funbox\/\" title=\"Tout sur les Pyramides &#038; Funboxes\"><img decoding=\"async\" src=\"\/blog\/wp-content\/uploads\/2015\/06\/obstacle-funbox.jpg\" alt=\"Obstacle pyramide-funbox\"><\/a>\r\n      <h6><a href=\"\/blog\/fr\/wiki\/skateboarding\/obstacle-guide\/pyramide-funbox\/\" title=\"Tout sur les Pyramides &#038; Funboxes\">Funbox &#038; Pyramide<\/a><\/h6>\r\n    <\/div>\r\n  <\/div>\r\n<\/div>\r\n\r\n\r\n<div class=\"small-12 medium-4 columns clearfix\">\r\n  <div class=\"post clearfix\" style=\"padding-bottom:15px;\">\r\n    <div class=\"small-12 columns text-center \">\r\n      <a href=\"\/blog\/fr\/wiki\/skateboarding\/obstacle-guide\/bowl-pool\/\" title=\"Tout sur les Bowls &#038; Pools\"><img decoding=\"async\" src=\"\/blog\/wp-content\/uploads\/2015\/06\/obstacle-pool.jpg\" alt=\"Obstacle bowl-pool\"><\/a>\r\n      <h6><a href=\"\/blog\/fr\/wiki\/skateboarding\/obstacle-guide\/bowl-pool\/\" title=\"Tout sur les Bowls &#038; Pools\">Bowl &#038; Pool<\/a><\/h6>\r\n\r\n      <a href=\"\/blog\/fr\/wiki\/skateboarding\/obstacle-guide\/gap\/\" title=\"Tout sur les Gaps\"><img decoding=\"async\" src=\"\/blog\/wp-content\/uploads\/2015\/06\/obstacle-gap.jpg\" alt=\"Obstacle gap\"><\/a>\r\n      <h6><a href=\"\/blog\/fr\/wiki\/skateboarding\/obstacle-guide\/gap\/\" title=\"Tout sur les Gaps\">Gap<\/a><\/h6>\r\n\r\n      <a href=\"\/blog\/fr\/wiki\/skateboarding\/obstacle-guide\/kicker-jumpramp\/\" title=\"Tout sur les Kicker &#038; Jumpramps\"><img decoding=\"async\" src=\"\/blog\/wp-content\/uploads\/2015\/06\/icons-jumpramp.2.jpg\" alt=\"Obstacle kicker-jumpramp\"><\/a>\r\n      <h6><a href=\"\/blog\/fr\/wiki\/skateboarding\/obstacle-guide\/kicker-jumpramp\/\" title=\"Tout sur les Kicker &#038; Jumpramps\">Kicker &#038; Jumpramp<\/a><\/h6>\r\n\r\n      <a href=\"\/blog\/fr\/wiki\/skateboarding\/obstacle-guide\/miniramp\/\" title=\"Tout sur les Miniramps\"><img decoding=\"async\" src=\"\/blog\/wp-content\/uploads\/2015\/06\/obstacle-miniramp.jpg\" alt=\"Obstacle miniramp\"><\/a>\r\n      <h6><a href=\"\/blog\/fr\/wiki\/skateboarding\/obstacle-guide\/miniramp\/\" title=\"Tout sur les Miniramps\">Miniramp<\/a><\/h6>\r\n\r\n      <a href=\"\/blog\/fr\/wiki\/skateboarding\/obstacle-guide\/quarterpipe\/\" title=\"Tout sur les Quarterpipes\"><img decoding=\"async\" src=\"\/blog\/wp-content\/uploads\/2015\/06\/obstacle-quaterpipe.jpg\" alt=\"Obstacle quarterpipe\"><\/a>\r\n      <h6><a href=\"\/blog\/fr\/wiki\/skateboarding\/obstacle-guide\/quarterpipe\/\" title=\"Tout sur les Quarterpipes\">Quarterpipe<\/a><\/h6>\r\n\r\n      <a href=\"\/blog\/fr\/wiki\/skateboarding\/obstacle-guide\/wallride\/\" title=\"Tout sur les Wallrides\"><img decoding=\"async\" src=\"\/blog\/wp-content\/uploads\/2015\/06\/obstacle-wallride.jpg\" alt=\"Obstacle wallride\"><\/a>\r\n      <h6><a href=\"\/blog\/fr\/wiki\/skateboarding\/obstacle-guide\/wallride\/\" title=\"Tout sur les Wallrides\">Wallride<\/a><\/h6>\r\n\r\n\r\n\r\n\r\n    <\/div>\r\n  <\/div>\r\n<\/div>\r\n\r\n<div class=\"small-12 medium-4 columns clearfix\">\r\n  <div class=\"post clearfix\" style=\"padding-bottom:15px;\">\r\n    <div class=\"small-12 columns text-center \">\r\n\r\n      <a href=\"\/blog\/fr\/wiki\/skateboarding\/obstacle-guide\/curb-ledge\/\" title=\"Tout sur les Curbs &#038; Ledges\"><img decoding=\"async\" src=\"\/blog\/wp-content\/uploads\/2015\/06\/obstacle-curb.jpg\" alt=\"Obstacle curb-ledge\"><\/a>\r\n      <h6><a href=\"\/blog\/en\/wiki\/skateboarding\/obstacle-guide\/curb-ledge\/\" title=\"Tout sur les Curbs &#038; Ledges\">Curb &#038; Ledge<\/a><\/h6>\r\n\r\n      <a href=\"\/blog\/fr\/wiki\/skateboarding\/obstacle-guide\/halfpipe\/\" title=\"Tout sur un Halfpipe\"><img decoding=\"async\" src=\"\/blog\/wp-content\/uploads\/2015\/06\/obstacle-halfpipe.jpg\" alt=\"Obstacle Halfpipe\"><\/a>\r\n      <h6><a href=\"\/blog\/fr\/wiki\/skateboarding\/obstacle-guide\/halfpipe\/\" title=\"Tout sur un Halfpipe\">Halfpipe<\/a><\/h6>\r\n\r\n      <a href=\"\/blog\/fr\/wiki\/skateboarding\/obstacle-guide\/londongap\/\" title=\"Tout sur un Londongap\"><img decoding=\"async\" src=\"\/blog\/wp-content\/uploads\/2015\/06\/obstacle-london.jpg\" alt=\"Obstacle Londongap\"><\/a>\r\n      <h6><a href=\"\/blog\/fr\/wiki\/skateboarding\/obstacle-guide\/londongap\/\" title=\"Tout sur un Londongap\">Londongap<\/a><\/h6>\r\n\r\n      <a href=\"\/blog\/fr\/wiki\/skateboarding\/obstacle-guide\/pole\/\" title=\"Tout sur un Pole\"><img decoding=\"async\" src=\"\/blog\/wp-content\/uploads\/2015\/06\/obstacle-polejam.jpg\" alt=\"Obstacle pole\"><\/a>\r\n      <h6><a href=\"\/blog\/fr\/wiki\/skateboarding\/obstacle-guide\/pole\/\" title=\"Tout sur un Pole\">Pole<\/a><\/h6>\r\n\r\n      <a href=\"\/blog\/fr\/wiki\/skateboarding\/obstacle-guide\/stairs\/\" title=\"Tout sur les Stairs\"><img decoding=\"async\" src=\"\/blog\/wp-content\/uploads\/2015\/06\/obstacle-stairs.jpg\" alt=\"Obstacle stairs\"><\/a>\r\n      <h6><a href=\"\/blog\/fr\/wiki\/skateboarding\/obstacle-guide\/stairs\/\" title=\"Tout sur les Stairs\">Stairs<\/a><\/h6>\r\n\r\n\r\n\r\n    <\/div>\r\n  <\/div>\r\n<\/div><div class=\"ShariffSC\" style=\"shariff-shop\"><div class=\"shariff\" data-url=\"https:\/\/skatedeluxe.com\/blog\/fr\/wiki\/skateboarding\/obstacle-guide\/\" data-title=\"Guide des obstacles\" data-services='[\"facebooklike\", \"facebook\"]' data-backend-url='\/shariff\/'><\/div><\/div>","protected":false},"excerpt":{"rendered":"<p>&#8220;CURB, FLATRAIL, LEDGE, MINIRAMP, HALFPIPE, POLE, PYRAMID\u2026&#8221; Ces termes vous semblent issus d\u2019une langue \u00e9trang\u00e8re ? Vous vous sentez perdu dans la mer des diff\u00e9rents obstacles de skateboard ? Notre guide des obstacles skatedeluxe est l\u00e0 pour vous. Vous pouvez apprendre ici comment s&#8217;appellent les diff\u00e9rents obstacles (ou modules), ce qui les distingue les uns <a class=\"read-more\" href=\"https:\/\/skatedeluxe.com\/blog\/fr\/wiki\/skateboarding\/obstacle-guide\/\">[&#8230;]<\/a><\/p>\n","protected":false},"author":60,"featured_media":77961,"parent":136708,"menu_order":4,"comment_status":"closed","ping_status":"closed","template":"page-templates\/teasing-page.php","meta":{"footnotes":""},"class_list":["post-147859","page","type-page","status-publish","has-post-thumbnail","hentry"],"aioseo_notices":[],"amp_enabled":false,"_links":{"self":[{"href":"https:\/\/skatedeluxe.com\/blog\/fr\/wp-json\/wp\/v2\/pages\/147859","targetHints":{"allow":["GET"]}}],"collection":[{"href":"https:\/\/skatedeluxe.com\/blog\/fr\/wp-json\/wp\/v2\/pages"}],"about":[{"href":"https:\/\/skatedeluxe.com\/blog\/fr\/wp-json\/wp\/v2\/types\/page"}],"author":[{"embeddable":true,"href":"https:\/\/skatedeluxe.com\/blog\/fr\/wp-json\/wp\/v2\/users\/60"}],"replies":[{"embeddable":true,"href":"https:\/\/skatedeluxe.com\/blog\/fr\/wp-json\/wp\/v2\/comments?post=147859"}],"version-history":[{"count":4,"href":"https:\/\/skatedeluxe.com\/blog\/fr\/wp-json\/wp\/v2\/pages\/147859\/revisions"}],"predecessor-version":[{"id":148670,"href":"https:\/\/skatedeluxe.com\/blog\/fr\/wp-json\/wp\/v2\/pages\/147859\/revisions\/148670"}],"up":[{"embeddable":true,"href":"https:\/\/skatedeluxe.com\/blog\/fr\/wp-json\/wp\/v2\/pages\/136708"}],"wp:featuredmedia":[{"embeddable":true,"href":"https:\/\/skatedeluxe.com\/blog\/fr\/wp-json\/wp\/v2\/media\/77961"}],"wp:attachment":[{"href":"https:\/\/skatedeluxe.com\/blog\/fr\/wp-json\/wp\/v2\/media?parent=147859"}],"curies":[{"name":"wp","href":"https:\/\/api.w.org\/{rel}","templated":true}]}}