{"id":130901,"date":"2016-12-23T03:25:29","date_gmt":"2016-12-23T02:25:29","guid":{"rendered":"https:\/\/admin.skatedeluxe.com\/blog\/fr\/?page_id=130901"},"modified":"2018-05-09T13:35:46","modified_gmt":"2018-05-09T11:35:46","slug":"bs-disaster","status":"publish","type":"page","link":"https:\/\/skatedeluxe.com\/blog\/fr\/trick-tips\/skateboard\/transition\/bs-disaster\/","title":{"rendered":"BS Disaster &#8211; Skateboard Trick Tip"},"content":{"rendered":"<div class=\"post clearfix padding-bottom\">\r\n\t<div id=\"decks-allgemeines\" class=\"hide-for-small large-2 columns\">\r\n\t\t<div class=\"date-day\">Trick Tip<\/div>\r\n\t\t<div class=\"date-month\">BS Disaster<\/div>\r\n\t<\/div>\r\n\r\n\t<div class=\"large-10 columns\">\r\n\t\r\n\t\t<p>\r\n\t\tLes Backside Disasters sont tr\u00e8s amusants, c&#8217;est pourquoi vous voyez les pros les faire tout le temps et \u00e0 presque toutes les occasions. La position finale du BS Disaster est similaire \u00e0 celle du Rock &#8216;n&#8217; Roll. Cela signifie que vous devez atterrir avec le milieu de votre board sur le coping apr\u00e8s avoir fait un BS 180. Pour obtenir ceci, il est utile d&#8217;avoir les BS 180 Ollies v\u00e9rouill\u00e9s ainsi que d&#8217;un peu d&#8217;exp\u00e9rience dans les transitions. Il n&#8217;y a pas de temps \u00e0 perdre pour rentrer le BS Disaster. Vous ne le regretterez pas !\r\n\t\t<\/p>\r\n\t\r\n\t\t<p>\r\n\t\tLearn here how to do a BS Disaster!\r\n\t\t<\/p>\r\n\t\t\r\n\t<\/div>\r\n<\/div>\r\n\r\n<!-- .end of introduction -->\r\n\r\n<div class=\"post clearfix padding-bottom\">\r\n\t<div id=\"decks-allgemeines\" class=\"hide-for-small large-2 columns\">\r\n\t\t<div class=\"date-day\">BS Disaster<\/div>\r\n\t\t<div class=\"date-month\">Video<\/div>\r\n\t<\/div>\r\n \r\n\t<div class=\"large-10 columns\">\r\n\t\r\n\t\t<h2 class=\"margin-top margin-bottom\" align=\"center\">BS Disaster<\/h2>\r\n\t\t\r\n\t\t<div class=\"medium-12 small-12 columns\">\r\n\t\t<div class=\"medium-10 columns medium-centered medium-offset-1 columns margin-bottom\">\r\n\r\n\t\t<div class=\"flex-video\">\r\n\t\t\t<iframe width=\"1280\" height=\"720\" data-src=\"https:\/\/www.youtube-nocookie.com\/embed\/uHOlyAYfbNQ\" frameborder=\"0\" allowfullscreen allow=\"autoplay; encrypted-media\"><\/iframe><noscript><iframe loading=\"lazy\" width=\"1280\" height=\"720\" src=\"https:\/\/www.youtube-nocookie.com\/embed\/uHOlyAYfbNQ\" frameborder=\"0\" allowfullscreen allow=\"autoplay; encrypted-media\"><\/iframe><\/noscript>\r\n\t\t<\/div>\r\n\t\t\t<div class=\"ShariffSC\" style=\"shariff-shop\"><div class=\"shariff\" data-url=\"https:\/\/skatedeluxe.com\/blog\/fr\/trick-tips\/skateboard\/transition\/bs-disaster\/\" data-title=\"BS Disaster &#8211; Skateboard Trick Tip\" data-services='[\"facebooklike\", \"facebook\"]' data-backend-url='\/shariff\/'><\/div><\/div> <!-- .Social Leiste unterhalb des Videos -->\r\n\t\t<\/div>\r\n\t\t<\/div>\r\n\t\t\r\n\t<\/div>\r\n<\/div>\r\n\r\n<!-- .end of video area -->\r\n\r\n<div class=\"post clearfix padding-bottom\">\r\n\t<div id=\"decks-allgemeines\" class=\"hide-for-small large-2 columns\">\r\n\t\t<div class=\"date-day\">BS Disaster<\/div>\r\n\t\t<div class=\"date-month\">S\u00e9quence<\/div>\r\n\t<\/div>\r\n\r\n\t<div class=\"large-10 columns\">\r\n\t\r\n\t\t<h2 class=\"margin-top margin-bottom\" align=\"center\">Trick Tip S\u00e9quence: BS Disaster<\/h2>\r\n\t\t\r\n\t\t<div class=\"medium-12 small-12 columns\">\r\n\t\t<div class=\"medium-10 columns medium-centered medium-offset-1 columns margin-bottom\">\r\n\t\t<div id=\"metaslider-id-121635\" style=\"max-width: 999px; margin: 0 auto;\" class=\"ml-slider-3-98-0 ml-slider-pro-2-6-6 metaslider metaslider-nivo metaslider-121635 ml-slider ms-theme-_theme_1463567531\" role=\"region\" aria-roledescription=\"Slideshow\" aria-label=\"BS Disaster - Trick Tip\" data-width=\"999\">\n    <div id=\"metaslider_container_121635\">\n        <div class='slider-wrapper theme-default'><div class='ribbon'><\/div><div id='metaslider_121635' class='nivoSlider'><img loading=\"lazy\" decoding=\"async\" width=\"999\" height=\"666\" src=\"\/blog\/wp-content\/uploads\/2016\/09\/trick-tip-bs-disaster-1.jpg\" class=\"slider-121635 slide-121619\" alt=\"Skateboard Trick BS Disaster\" data-caption=\"\" data-thumb=\"\" title=\"Skateboard Trick BS Disaster\" rel=\"\" srcset=\"\/blog\/wp-content\/uploads\/2016\/09\/trick-tip-bs-disaster-1.jpg 999w, \/blog\/wp-content\/uploads\/2016\/09\/trick-tip-bs-disaster-1-600x400.jpg 600w, \/blog\/wp-content\/uploads\/2016\/09\/trick-tip-bs-disaster-1-768x512.jpg 768w\" sizes=\"auto, (max-width: 999px) 100vw, 999px\" \/><img loading=\"lazy\" decoding=\"async\" width=\"999\" height=\"666\" src=\"\/blog\/wp-content\/uploads\/2016\/09\/trick-tip-bs-disaster-2.jpg\" class=\"slider-121635 slide-121623\" alt=\"Skateboard Trick BS Disaster\" data-caption=\"\" data-thumb=\"\" title=\"Skateboard Trick BS Disaster\" rel=\"\" srcset=\"\/blog\/wp-content\/uploads\/2016\/09\/trick-tip-bs-disaster-2.jpg 999w, \/blog\/wp-content\/uploads\/2016\/09\/trick-tip-bs-disaster-2-600x400.jpg 600w, \/blog\/wp-content\/uploads\/2016\/09\/trick-tip-bs-disaster-2-768x512.jpg 768w\" sizes=\"auto, (max-width: 999px) 100vw, 999px\" \/><img loading=\"lazy\" decoding=\"async\" width=\"999\" height=\"666\" src=\"\/blog\/wp-content\/uploads\/2016\/09\/trick-tip-bs-disaster-3.jpg\" class=\"slider-121635 slide-121627\" alt=\"Skateboard Trick BS Disaster\" data-caption=\"\" data-thumb=\"\" title=\"Skateboard Trick BS Disaster\" rel=\"\" srcset=\"\/blog\/wp-content\/uploads\/2016\/09\/trick-tip-bs-disaster-3.jpg 999w, \/blog\/wp-content\/uploads\/2016\/09\/trick-tip-bs-disaster-3-600x400.jpg 600w, \/blog\/wp-content\/uploads\/2016\/09\/trick-tip-bs-disaster-3-768x512.jpg 768w\" sizes=\"auto, (max-width: 999px) 100vw, 999px\" \/><img loading=\"lazy\" decoding=\"async\" width=\"999\" height=\"666\" src=\"\/blog\/wp-content\/uploads\/2016\/09\/trick-tip-bs-disaster-4.jpg\" class=\"slider-121635 slide-121631\" alt=\"Skateboard Trick BS Disaster\" data-caption=\"\" data-thumb=\"\" title=\"Skateboard Trick BS Disaster\" rel=\"\" srcset=\"\/blog\/wp-content\/uploads\/2016\/09\/trick-tip-bs-disaster-4.jpg 999w, \/blog\/wp-content\/uploads\/2016\/09\/trick-tip-bs-disaster-4-600x400.jpg 600w, \/blog\/wp-content\/uploads\/2016\/09\/trick-tip-bs-disaster-4-768x512.jpg 768w\" sizes=\"auto, (max-width: 999px) 100vw, 999px\" \/><img loading=\"lazy\" decoding=\"async\" width=\"999\" height=\"666\" src=\"\/blog\/wp-content\/uploads\/2016\/09\/trick-tip-bs-disaster-5.jpg\" class=\"slider-121635 slide-121636\" alt=\"Skateboard Trick BS Disaster\" data-caption=\"\" data-thumb=\"\" title=\"Skateboard Trick BS Disaster\" rel=\"\" srcset=\"\/blog\/wp-content\/uploads\/2016\/09\/trick-tip-bs-disaster-5.jpg 999w, \/blog\/wp-content\/uploads\/2016\/09\/trick-tip-bs-disaster-5-600x400.jpg 600w, \/blog\/wp-content\/uploads\/2016\/09\/trick-tip-bs-disaster-5-768x512.jpg 768w\" sizes=\"auto, (max-width: 999px) 100vw, 999px\" \/><img loading=\"lazy\" decoding=\"async\" width=\"999\" height=\"666\" src=\"\/blog\/wp-content\/uploads\/2016\/09\/trick-tip-bs-disaster-6.jpg\" class=\"slider-121635 slide-121640\" alt=\"Skateboard Trick BS Disaster\" data-caption=\"\" data-thumb=\"\" title=\"Skateboard Trick BS Disaster\" rel=\"\" srcset=\"\/blog\/wp-content\/uploads\/2016\/09\/trick-tip-bs-disaster-6.jpg 999w, \/blog\/wp-content\/uploads\/2016\/09\/trick-tip-bs-disaster-6-600x400.jpg 600w, \/blog\/wp-content\/uploads\/2016\/09\/trick-tip-bs-disaster-6-768x512.jpg 768w\" sizes=\"auto, (max-width: 999px) 100vw, 999px\" \/><img loading=\"lazy\" decoding=\"async\" width=\"999\" height=\"666\" src=\"\/blog\/wp-content\/uploads\/2016\/09\/trick-tip-bs-disaster-7.jpg\" class=\"slider-121635 slide-121644\" alt=\"Skateboard Trick BS Disaster\" data-caption=\"\" data-thumb=\"\" title=\"Skateboard Trick BS Disaster\" rel=\"\" srcset=\"\/blog\/wp-content\/uploads\/2016\/09\/trick-tip-bs-disaster-7.jpg 999w, \/blog\/wp-content\/uploads\/2016\/09\/trick-tip-bs-disaster-7-600x400.jpg 600w, \/blog\/wp-content\/uploads\/2016\/09\/trick-tip-bs-disaster-7-768x512.jpg 768w\" sizes=\"auto, (max-width: 999px) 100vw, 999px\" \/><img loading=\"lazy\" decoding=\"async\" width=\"999\" height=\"666\" src=\"\/blog\/wp-content\/uploads\/2016\/09\/trick-tip-bs-disaster-8.jpg\" class=\"slider-121635 slide-121648\" alt=\"Skateboard Trick BS Disaster\" data-caption=\"\" data-thumb=\"\" title=\"Skateboard Trick BS Disaster\" rel=\"\" srcset=\"\/blog\/wp-content\/uploads\/2016\/09\/trick-tip-bs-disaster-8.jpg 999w, \/blog\/wp-content\/uploads\/2016\/09\/trick-tip-bs-disaster-8-600x400.jpg 600w, \/blog\/wp-content\/uploads\/2016\/09\/trick-tip-bs-disaster-8-768x512.jpg 768w\" sizes=\"auto, (max-width: 999px) 100vw, 999px\" \/><img loading=\"lazy\" decoding=\"async\" width=\"999\" height=\"666\" src=\"\/blog\/wp-content\/uploads\/2016\/09\/trick-tip-bs-disaster-9.jpg\" class=\"slider-121635 slide-121652\" alt=\"Skateboard Trick BS Disaster\" data-caption=\"\" data-thumb=\"\" title=\"Skateboard Trick BS Disaster\" rel=\"\" srcset=\"\/blog\/wp-content\/uploads\/2016\/09\/trick-tip-bs-disaster-9.jpg 999w, \/blog\/wp-content\/uploads\/2016\/09\/trick-tip-bs-disaster-9-600x400.jpg 600w, \/blog\/wp-content\/uploads\/2016\/09\/trick-tip-bs-disaster-9-768x512.jpg 768w\" sizes=\"auto, (max-width: 999px) 100vw, 999px\" \/><img loading=\"lazy\" decoding=\"async\" width=\"999\" height=\"666\" src=\"\/blog\/wp-content\/uploads\/2016\/09\/trick-tip-bs-disaster-10.jpg\" class=\"slider-121635 slide-121656\" alt=\"Skateboard Trick BS Disaster\" data-caption=\"\" data-thumb=\"\" title=\"Skateboard Trick BS Disaster\" rel=\"\" srcset=\"\/blog\/wp-content\/uploads\/2016\/09\/trick-tip-bs-disaster-10.jpg 999w, \/blog\/wp-content\/uploads\/2016\/09\/trick-tip-bs-disaster-10-600x400.jpg 600w, \/blog\/wp-content\/uploads\/2016\/09\/trick-tip-bs-disaster-10-768x512.jpg 768w\" sizes=\"auto, (max-width: 999px) 100vw, 999px\" \/><img loading=\"lazy\" decoding=\"async\" width=\"999\" height=\"666\" src=\"\/blog\/wp-content\/uploads\/2016\/09\/trick-tip-bs-disaster-11.jpg\" class=\"slider-121635 slide-121660\" alt=\"Skateboard Trick BS Disaster\" data-caption=\"\" data-thumb=\"\" title=\"Skateboard Trick BS Disaster\" rel=\"\" srcset=\"\/blog\/wp-content\/uploads\/2016\/09\/trick-tip-bs-disaster-11.jpg 999w, \/blog\/wp-content\/uploads\/2016\/09\/trick-tip-bs-disaster-11-600x400.jpg 600w, \/blog\/wp-content\/uploads\/2016\/09\/trick-tip-bs-disaster-11-768x512.jpg 768w\" sizes=\"auto, (max-width: 999px) 100vw, 999px\" \/><img loading=\"lazy\" decoding=\"async\" width=\"999\" height=\"666\" src=\"\/blog\/wp-content\/uploads\/2016\/09\/trick-tip-bs-disaster-12.jpg\" class=\"slider-121635 slide-121664\" alt=\"Skateboard Trick BS Disaster\" data-caption=\"\" data-thumb=\"\" title=\"Skateboard Trick BS Disaster\" rel=\"\" srcset=\"\/blog\/wp-content\/uploads\/2016\/09\/trick-tip-bs-disaster-12.jpg 999w, \/blog\/wp-content\/uploads\/2016\/09\/trick-tip-bs-disaster-12-600x400.jpg 600w, \/blog\/wp-content\/uploads\/2016\/09\/trick-tip-bs-disaster-12-768x512.jpg 768w\" sizes=\"auto, (max-width: 999px) 100vw, 999px\" \/><img loading=\"lazy\" decoding=\"async\" width=\"999\" height=\"666\" src=\"\/blog\/wp-content\/uploads\/2016\/09\/trick-tip-bs-disaster-13.jpg\" class=\"slider-121635 slide-121668\" alt=\"Skateboard Trick BS Disaster\" data-caption=\"\" data-thumb=\"\" title=\"Skateboard Trick BS Disaster\" rel=\"\" srcset=\"\/blog\/wp-content\/uploads\/2016\/09\/trick-tip-bs-disaster-13.jpg 999w, \/blog\/wp-content\/uploads\/2016\/09\/trick-tip-bs-disaster-13-600x400.jpg 600w, \/blog\/wp-content\/uploads\/2016\/09\/trick-tip-bs-disaster-13-768x512.jpg 768w\" sizes=\"auto, (max-width: 999px) 100vw, 999px\" \/><img loading=\"lazy\" decoding=\"async\" width=\"999\" height=\"666\" src=\"\/blog\/wp-content\/uploads\/2016\/09\/trick-tip-bs-disaster-14.jpg\" class=\"slider-121635 slide-121672\" alt=\"Skateboard Trick BS Disaster\" data-caption=\"\" data-thumb=\"\" title=\"Skateboard Trick BS Disaster\" rel=\"\" srcset=\"\/blog\/wp-content\/uploads\/2016\/09\/trick-tip-bs-disaster-14.jpg 999w, \/blog\/wp-content\/uploads\/2016\/09\/trick-tip-bs-disaster-14-600x400.jpg 600w, \/blog\/wp-content\/uploads\/2016\/09\/trick-tip-bs-disaster-14-768x512.jpg 768w\" sizes=\"auto, (max-width: 999px) 100vw, 999px\" \/><img loading=\"lazy\" decoding=\"async\" width=\"999\" height=\"666\" src=\"\/blog\/wp-content\/uploads\/2016\/09\/trick-tip-bs-disaster-15.jpg\" class=\"slider-121635 slide-121676\" alt=\"Skateboard Trick BS Disaster\" data-caption=\"\" data-thumb=\"\" title=\"Skateboard Trick BS Disaster\" rel=\"\" srcset=\"\/blog\/wp-content\/uploads\/2016\/09\/trick-tip-bs-disaster-15.jpg 999w, \/blog\/wp-content\/uploads\/2016\/09\/trick-tip-bs-disaster-15-600x400.jpg 600w, \/blog\/wp-content\/uploads\/2016\/09\/trick-tip-bs-disaster-15-768x512.jpg 768w\" sizes=\"auto, (max-width: 999px) 100vw, 999px\" \/><img loading=\"lazy\" decoding=\"async\" width=\"999\" height=\"666\" src=\"\/blog\/wp-content\/uploads\/2016\/09\/trick-tip-bs-disaster-16.jpg\" class=\"slider-121635 slide-121680\" alt=\"Skateboard Trick BS Disaster\" data-caption=\"\" data-thumb=\"\" title=\"Skateboard Trick BS Disaster\" rel=\"\" srcset=\"\/blog\/wp-content\/uploads\/2016\/09\/trick-tip-bs-disaster-16.jpg 999w, \/blog\/wp-content\/uploads\/2016\/09\/trick-tip-bs-disaster-16-600x400.jpg 600w, \/blog\/wp-content\/uploads\/2016\/09\/trick-tip-bs-disaster-16-768x512.jpg 768w\" sizes=\"auto, (max-width: 999px) 100vw, 999px\" \/><\/div><\/div>\n        \n    <\/div>\n<\/div>\r\n\t\t<\/div>\r\n\t\t<\/div>\r\n\t\t\r\n\t<\/div>\r\n<\/div>\r\n\r\n<!-- .end of sequence -->\r\n\r\n<div class=\"post clearfix padding-bottom\">\r\n\t<div id=\"decks-allgemeines\" class=\"hide-for-small large-2 columns\">\r\n\t\t<div class=\"date-day\">BS Disaster<\/div>\r\n\t\t<div class=\"date-month\">Etape par Etape<\/div>\r\n\t<\/div>\r\n\r\n\t<div class=\"large-10 columns\">\r\n\t\r\n\t\t<h2 class=\"margin-top margin-bottom\" align=\"center\">Trick Tip Etape par Etape: BS Disaster<\/h2>\r\n\t\t\r\n\t\t<p align=\"center\"><small>Clickez pour \u00e9largir<\/small>\r\n\t\t\r\n\t\t<div class=\"medium-12 columns margin-bottom\">\r\n\t\t\t\r\n\t\t\t<div class=\"small-12 medium-5 columns\">\r\n\t\t\t\t<a title=\"Clickez pour \u00e9largir\" href=\"\/blog\/wp-content\/uploads\/2016\/09\/skateboard-trick-tip-bs-disaster-1.jpg\" rel=\"lightbox[gallery-1] lightbox-0\">\r\n\t\t\t\t\t<img decoding=\"async\" src=\"data:image\/gif;base64,R0lGODlhAQABAIAAAAAAAP\/\/\/yH5BAEAAAAALAAAAAABAAEAAAIBRAA7\" data-src=\"\/blog\/wp-content\/uploads\/2016\/09\/skateboard-trick-tip-bs-disaster-1-thumb.jpg\" alt=\"Skateboard Trick BS Disaster Feet Position\" \/><noscript><img decoding=\"async\" src=\"\/blog\/wp-content\/uploads\/2016\/09\/skateboard-trick-tip-bs-disaster-1-thumb.jpg\" alt=\"Skateboard Trick BS Disaster Feet Position\" \/><\/noscript>\r\n\t\t\t\t<\/a>\t\t\t\r\n\t\t\t<\/div>\r\n\t\t\t\r\n\t\t\t<div class=\"small-12 medium-7 columns\">\r\n\t\t\t<p>\r\n\t\t\t<span class=\"h4\">1.<\/span>\r\n\t\t\tApproach a quarter pipe with enough speed. Since you have to do a Backside 180 before the Disaster, you should turn your shoulders already a bit to prepare for the turn.\r\n\t\t\t<\/p>\r\n\t\t\t<\/div>\r\n\t\t<\/div>\r\n\r\n\t\t\r\n\t\t<div class=\"medium-12 columns margin-bottom\">\r\n\t\t\r\n\t\t\t<!-- .jedes zweite Bild in diese DIV-Klasse -->\r\n\t\t\t<div class=\"small-12 medium-5 medium-push-7 columns\">\r\n\t\t\t\t<a title=\"Clickez pour \u00e9largir\" href=\"\/blog\/wp-content\/uploads\/2016\/09\/skateboard-trick-tip-bs-disaster-3.jpg\" rel=\"lightbox[gallery-1] lightbox-1\">\r\n\t\t\t\t\t<img decoding=\"async\" src=\"data:image\/gif;base64,R0lGODlhAQABAIAAAAAAAP\/\/\/yH5BAEAAAAALAAAAAABAAEAAAIBRAA7\" data-src=\"\/blog\/wp-content\/uploads\/2016\/09\/skateboard-trick-tip-bs-disaster-3-thumb.jpg\" alt=\"Skateboard Trick BS Disaster\" \/><noscript><img decoding=\"async\" src=\"\/blog\/wp-content\/uploads\/2016\/09\/skateboard-trick-tip-bs-disaster-3-thumb.jpg\" alt=\"Skateboard Trick BS Disaster\" \/><\/noscript>\r\n\t\t\t\t<\/a>\t\t\t\t\r\n\t\t\t<\/div>\r\n\t\t\r\n\t\t\t<!-- .jeden zweiten Text in diese DIV-Klasse -->\r\n\t\t\t<div class=\"small-12 medium-7 medium-pull-5 columns\">\r\n\t\t\t<p>\r\n\t\t\t<span class=\"h4\">2.<\/span>\r\n\t\t\tVotre pied arri\u00e8re devrait \u00eatre plac\u00e9 dans la poche de votre queue que vous avez belle scoop.\r\n\t\t\t<\/p>\r\n\t\t\t<\/div>\r\n\t\t\t\t\t\r\n\t\t<\/div>\r\n\t\t\r\n\t\t<div class=\"medium-12 columns margin-bottom\">\r\n\t\t\t\r\n\t\t\t<div class=\"small-12 medium-5 columns\">\r\n\t\t\t\t<a title=\"Clickez pour \u00e9largir\" href=\"\/blog\/wp-content\/uploads\/2016\/09\/skateboard-trick-tip-bs-disaster-2.jpg\" rel=\"lightbox[gallery-1] lightbox-2\">\r\n\t\t\t\t\t<img decoding=\"async\" src=\"data:image\/gif;base64,R0lGODlhAQABAIAAAAAAAP\/\/\/yH5BAEAAAAALAAAAAABAAEAAAIBRAA7\" data-src=\"\/blog\/wp-content\/uploads\/2016\/09\/skateboard-trick-tip-bs-disaster-2-thumb.jpg\" alt=\"Skateboard Trick BS Disaster\" \/><noscript><img decoding=\"async\" src=\"\/blog\/wp-content\/uploads\/2016\/09\/skateboard-trick-tip-bs-disaster-2-thumb.jpg\" alt=\"Skateboard Trick BS Disaster\" \/><\/noscript>\r\n\t\t\t\t<\/a>\t\t\r\n\t\t\t<\/div>\r\n\t\t\t\r\n\t\t\t<div class=\"small-12 medium-7 columns\">\r\n\t\t\t<p>\r\n\t\t\t<span class=\"h4\">3.<\/span>\r\n\t\t\tMaintenant, il s&#8217;agit de timing. Lorsque votre camion avant quitte le tuyau trimestre, c&#8217;est le moment o\u00f9 vous pincez votre queue et tourner vos hanches autour pour obtenir votre queue sur le coping.\r\n\t\t\t<\/p>\r\n\t\t\t<\/div>\r\n\t\t<\/div>\r\n\t\t\r\n\t\t<div class=\"medium-12 columns margin-bottom\">\r\n\t\t\r\n\t\t\t<div class=\"small-12 medium-5 medium-push-7 columns\">\r\n\t\t\t\t<a title=\"Clickez pour \u00e9largir\" href=\"\/blog\/wp-content\/uploads\/2016\/09\/skateboard-trick-tip-bs-disaster-6.jpg\" rel=\"lightbox[gallery-1] lightbox-3\">\r\n\t\t\t\t\t<img decoding=\"async\" src=\"data:image\/gif;base64,R0lGODlhAQABAIAAAAAAAP\/\/\/yH5BAEAAAAALAAAAAABAAEAAAIBRAA7\" data-src=\"\/blog\/wp-content\/uploads\/2016\/09\/skateboard-trick-tip-bs-disaster-6-thumb.jpg\" alt=\"Skateboard Trick BS Disaster\" \/><noscript><img decoding=\"async\" src=\"\/blog\/wp-content\/uploads\/2016\/09\/skateboard-trick-tip-bs-disaster-6-thumb.jpg\" alt=\"Skateboard Trick BS Disaster\" \/><\/noscript>\r\n\t\t\t\t<\/a>\t\t\t\t\t\r\n\t\t\t<\/div>\r\n\t\t\r\n\t\t\t<div class=\"small-12 medium-7 medium-pull-5 columns\">\r\n\t\t\t<p>\r\n\t\t\t<span class=\"h4\">4.<\/span>\r\n\t\t\tUne fois que vous \u00eates verrouill\u00e9 dans essayer de garder votre d\u00e9sastre \u00e9quilibr\u00e9 pendant un peu de temps avant de vous d\u00e9placer votre poids vers l&#8217;avant et de laisser l&#8217;adaptation en all\u00e9geant le poids de votre jambe arri\u00e8re et soulever votre camion arri\u00e8re hors de la catastrophe en appuyant sur le camion avant sur le quarter pipe.\t\t\r\n\t\t\t<\/p>\r\n\t\t\t<\/div>\r\n\t\t<\/div>\r\n\t\t\r\n\t\t<div class=\"medium-12 columns margin-bottom\">\r\n\t\t\r\n\t\t\t<div class=\"medium-5 columns\">\r\n\t\t\t\t<a title=\"Clickez pour \u00e9largir\" href=\"\/blog\/wp-content\/uploads\/2016\/09\/skateboard-trick-tip-bs-disaster-7.jpg\" rel=\"lightbox[gallery-1] lightbox-4\">\r\n\t\t\t\t\t<img decoding=\"async\" src=\"data:image\/gif;base64,R0lGODlhAQABAIAAAAAAAP\/\/\/yH5BAEAAAAALAAAAAABAAEAAAIBRAA7\" data-src=\"\/blog\/wp-content\/uploads\/2016\/09\/skateboard-trick-tip-bs-disaster-7-thumb.jpg\" alt=\"Skateboard Trick BS Disaster\" \/><noscript><img decoding=\"async\" src=\"\/blog\/wp-content\/uploads\/2016\/09\/skateboard-trick-tip-bs-disaster-7-thumb.jpg\" alt=\"Skateboard Trick BS Disaster\" \/><\/noscript>\r\n\t\t\t\t<\/a>\t\t\t\t\t\t\t\r\n\t\t\t<\/div>\r\n\t\t\t\r\n\t\t\t<div class=\"medium-7 columns\">\r\n\t\t\t<p>\r\n\t\t\t<span class=\"h4\">5.<\/span>\r\n\t\t\tAssurez-vous que vous appuyez pendant suffisamment longtemps pour que votre truck arri\u00e8re ne raccroche pas.  \r\n\t\t\t<\/p>\r\n\t\t\t<\/div>\r\n\t\t<\/div>\r\n\r\n\t<\/div>\r\n<\/div>\r\n<div class=\"post clearfix padding-bottom\">\r\n    <div id=\"decks-allgemeines\" class=\"hide-for-small large-2 columns\">\r\n   \t <div class=\"date-day\">Plus de Tricks<\/div>\r\n   \t <div class=\"date-month\">?<\/div>\r\n    <\/div>\r\n\r\n    <div class=\"large-10 columns\">\r\n    \r\n   \t <h3 class=\"margin-top margin-bottom\" align=\"center\">Quel prochain Trick?<\/h3>\r\n\t\t\r\n\t\t<p>\r\n\t\tEh bien, le BS Disaster n&#8217;est \u00e9videmment pas le trick le plus facile dans les transitions. Mais c&#8217;est l&#8217;un des tricks les plus agr\u00e9ables et les plus \u00e9l\u00e9gants. Il semble juste toujours bon et se sent encore mieux. Donc, continuez et gardez-les. Suivant ?Le Blunt to Fakie! <\/p><p>Si vous voulez apprendre quelques autres tricks checker nos trick tips pour le flat. Si vous \u00eates plus dans les sessions de mini rampe, vous devriez checker notre section trick tips pour la transition. Si vous voulez apprendre un peu plus de grinds, passez par les trick tips pour le curb et le rail.\r\n\t\t<\/p>\r\n\t\t\r\n\t\t\t<div class=\"medium-12 small-12 columns\">\r\n            <a title=\"voir tous les trick tips de skateboard pour transitions\" href=\"\/blog\/fr\/trick-tips\/skateboard\/transition\/\" class=\"button-auto\">Skateboard Trick Tips | Transition<\/a>\r\n            <br><br>\r\n            \r\n            <div class=\"medium-6 small-12 columns\">\r\n            <a title=\"voir tous les tricks tips de skateboard pour curb &#038; rail\" href=\"\/blog\/fr\/trick-tips\/skateboard\/curb-rail\/\" class=\"button-auto\">Skateboard Trick Tips | Curb &#038; Rail<\/a>\r\n            <br><br>\r\n            <\/div>\r\n            \r\n            <div class=\"medium-6 small-12 columns\">\r\n            <a title=\"voir tous les tricks tips de skateboard pour flat\" href=\"\/blog\/fr\/trick-tips\/skateboard\/flat\/\" class=\"button-auto\">Skateboard Trick Tips | Flat<\/a>\r\n            <br><br>\r\n            <\/div>\r\n<\/div>\r\n\t\t\r\n\t<\/div>\r\n<\/div><div class=\"ShariffSC\" style=\"shariff-shop\"><div class=\"shariff\" data-url=\"https:\/\/skatedeluxe.com\/blog\/fr\/trick-tips\/skateboard\/transition\/bs-disaster\/\" data-title=\"BS Disaster &#8211; Skateboard Trick Tip\" data-services='[\"facebooklike\", \"facebook\"]' data-backend-url='\/shariff\/'><\/div><\/div>","protected":false},"excerpt":{"rendered":"<p>Trick Tip BS Disaster Les Backside Disasters sont tr\u00e8s amusants, c&#8217;est pourquoi vous voyez les pros les faire tout le temps et \u00e0 presque toutes les occasions. La position finale du BS Disaster est similaire \u00e0 celle du Rock &#8216;n&#8217; Roll. Cela signifie que vous devez atterrir avec le milieu de votre board sur le <a class=\"read-more\" href=\"https:\/\/skatedeluxe.com\/blog\/fr\/trick-tips\/skateboard\/transition\/bs-disaster\/\">[&#8230;]<\/a><\/p>\n","protected":false},"author":24,"featured_media":120513,"parent":129895,"menu_order":10,"comment_status":"closed","ping_status":"closed","template":"page-templates\/teasing-page.php","meta":{"footnotes":""},"class_list":["post-130901","page","type-page","status-publish","has-post-thumbnail","hentry"],"aioseo_notices":[],"amp_enabled":false,"_links":{"self":[{"href":"https:\/\/skatedeluxe.com\/blog\/fr\/wp-json\/wp\/v2\/pages\/130901","targetHints":{"allow":["GET"]}}],"collection":[{"href":"https:\/\/skatedeluxe.com\/blog\/fr\/wp-json\/wp\/v2\/pages"}],"about":[{"href":"https:\/\/skatedeluxe.com\/blog\/fr\/wp-json\/wp\/v2\/types\/page"}],"author":[{"embeddable":true,"href":"https:\/\/skatedeluxe.com\/blog\/fr\/wp-json\/wp\/v2\/users\/24"}],"replies":[{"embeddable":true,"href":"https:\/\/skatedeluxe.com\/blog\/fr\/wp-json\/wp\/v2\/comments?post=130901"}],"version-history":[{"count":7,"href":"https:\/\/skatedeluxe.com\/blog\/fr\/wp-json\/wp\/v2\/pages\/130901\/revisions"}],"predecessor-version":[{"id":144095,"href":"https:\/\/skatedeluxe.com\/blog\/fr\/wp-json\/wp\/v2\/pages\/130901\/revisions\/144095"}],"up":[{"embeddable":true,"href":"https:\/\/skatedeluxe.com\/blog\/fr\/wp-json\/wp\/v2\/pages\/129895"}],"wp:featuredmedia":[{"embeddable":true,"href":"https:\/\/skatedeluxe.com\/blog\/fr\/wp-json\/wp\/v2\/media\/120513"}],"wp:attachment":[{"href":"https:\/\/skatedeluxe.com\/blog\/fr\/wp-json\/wp\/v2\/media?parent=130901"}],"curies":[{"name":"wp","href":"https:\/\/api.w.org\/{rel}","templated":true}]}}