{"id":130894,"date":"2016-12-23T03:25:02","date_gmt":"2016-12-23T02:25:02","guid":{"rendered":"https:\/\/admin.skatedeluxe.com\/blog\/fr\/?page_id=130894"},"modified":"2018-05-09T12:16:59","modified_gmt":"2018-05-09T10:16:59","slug":"rock-n-roll","status":"publish","type":"page","link":"https:\/\/skatedeluxe.com\/blog\/fr\/trick-tips\/skateboard\/transition\/rock-n-roll\/","title":{"rendered":"Rock &#8216;N&#8217; Roll &#8211; Skateboard Trick Tip"},"content":{"rendered":"<div class=\"post clearfix padding-bottom\">\r\n\t<div id=\"decks-allgemeines\" class=\"hide-for-small large-2 columns\">\r\n\t\t<div class=\"date-day\">Trick Tip<\/div>\r\n\t\t<div class=\"date-month\">Rock &#8216;n&#8217; Roll<\/div>\r\n\t<\/div>\r\n\r\n\t<div class=\"large-10 columns\">\r\n\t\r\n\t\t<p>\r\n\t\tRock &#8216;n&#8217; Roll veut dire qu\u2019au lieu de partir en Fakie comme avec un Rock to Fakie, vous tournez la board de 180 degr\u00e9s lorsque vous revenez dans le quarter pipe. <\/p><p> Au d\u00e9but, c&#8217;est le meilleur choix pour apprendre en premier parce qu&#8217;il est plus facile de revenir r\u00e9guli\u00e8rement dans la transition qu\u2019en Fakie.  \r\n\t\t<\/p>\r\n\t\r\n\t\t<p>\r\n\t\tApprendre ici \u00e0 faire le Rock &#8216;n&#8217; Roll!\r\n\t\t<\/p>\r\n\t\t\r\n\t<\/div>\r\n<\/div>\r\n\r\n<!-- .end of introduction -->\r\n\r\n<div class=\"post clearfix padding-bottom\">\r\n\t<div id=\"decks-allgemeines\" class=\"hide-for-small large-2 columns\">\r\n\t\t<div class=\"date-day\">Rock &#8216;n&#8217; Roll<\/div>\r\n\t\t<div class=\"date-month\">Video<\/div>\r\n\t<\/div>\r\n \r\n\t<div class=\"large-10 columns\">\r\n\t\r\n\t\t<h2 class=\"margin-top margin-bottom\" align=\"center\">Rock &#8216;n&#8217; Roll<\/h2>\r\n\t\t\r\n\t\t<div class=\"medium-12 small-12 columns\">\r\n\t\t<div class=\"medium-10 columns medium-centered medium-offset-1 columns margin-bottom\">\r\n\r\n\t\t<div class=\"flex-video\">\r\n\t\t\t<iframe width=\"1280\" height=\"720\" data-src=\"https:\/\/www.youtube-nocookie.com\/embed\/b7z4Skc8lMI\" frameborder=\"0\" allowfullscreen allow=\"autoplay; encrypted-media\"><\/iframe><noscript><iframe loading=\"lazy\" width=\"1280\" height=\"720\" src=\"https:\/\/www.youtube-nocookie.com\/embed\/b7z4Skc8lMI\" frameborder=\"0\" allowfullscreen allow=\"autoplay; encrypted-media\"><\/iframe><\/noscript>\r\n\t\t<\/div>\r\n\t\t\t<div class=\"ShariffSC\" style=\"shariff-shop\"><div class=\"shariff\" data-url=\"https:\/\/skatedeluxe.com\/blog\/fr\/trick-tips\/skateboard\/transition\/rock-n-roll\/\" data-title=\"Rock &#8216;N&#8217; Roll &#8211; Skateboard Trick Tip\" data-services='[\"facebooklike\", \"facebook\"]' data-backend-url='\/shariff\/'><\/div><\/div> <!-- .Social Leiste unterhalb des Videos -->\r\n\t\t<\/div>\r\n\t\t<\/div>\r\n\t\t\r\n\t<\/div>\r\n<\/div>\r\n\r\n<!-- .end of video area -->\r\n\r\n<div class=\"post clearfix padding-bottom\">\r\n\t<div id=\"decks-allgemeines\" class=\"hide-for-small large-2 columns\">\r\n\t\t<div class=\"date-day\">Rock &#8216;n&#8217; Roll<\/div>\r\n\t\t<div class=\"date-month\">S\u00e9quence<\/div>\r\n\t<\/div>\r\n\r\n\t<div class=\"large-10 columns\">\r\n\t\r\n\t\t<h2 class=\"margin-top margin-bottom\" align=\"center\">Trick Tip S\u00e9quence: Rock &#8216;n&#8217; Roll<\/h2>\r\n\t\t\r\n\t\t<div class=\"medium-12 small-12 columns\">\r\n\t\t<div class=\"medium-10 columns medium-centered medium-offset-1 columns margin-bottom\">\r\n\t\t<div id=\"metaslider-id-120899\" style=\"max-width: 999px; margin: 0 auto;\" class=\"ml-slider-3-98-0 ml-slider-pro-2-6-6 metaslider metaslider-nivo metaslider-120899 ml-slider ms-theme-_theme_1463567531\" role=\"region\" aria-roledescription=\"Slideshow\" aria-label=\"Rock n Roll - Trick Tip\" data-width=\"999\">\n    <div id=\"metaslider_container_120899\">\n        <div class='slider-wrapper theme-default'><div class='ribbon'><\/div><div id='metaslider_120899' class='nivoSlider'><img loading=\"lazy\" decoding=\"async\" width=\"999\" height=\"666\" src=\"\/blog\/wp-content\/uploads\/2016\/09\/trick-tip-rock-n-roll-1.jpg\" class=\"slider-120899 slide-120880\" alt=\"Skateboard Trick Rock n Roll\" data-caption=\"\" data-thumb=\"\" title=\"Skateboard Trick Rock n Roll\" rel=\"\" srcset=\"\/blog\/wp-content\/uploads\/2016\/09\/trick-tip-rock-n-roll-1.jpg 999w, \/blog\/wp-content\/uploads\/2016\/09\/trick-tip-rock-n-roll-1-600x400.jpg 600w, \/blog\/wp-content\/uploads\/2016\/09\/trick-tip-rock-n-roll-1-768x512.jpg 768w\" sizes=\"auto, (max-width: 999px) 100vw, 999px\" \/><img loading=\"lazy\" decoding=\"async\" width=\"999\" height=\"666\" src=\"\/blog\/wp-content\/uploads\/2016\/09\/trick-tip-rock-n-roll-2.jpg\" class=\"slider-120899 slide-120884\" alt=\"Skateboard Trick Rock n Roll\" data-caption=\"\" data-thumb=\"\" title=\"Skateboard Trick Rock n Roll\" rel=\"\" srcset=\"\/blog\/wp-content\/uploads\/2016\/09\/trick-tip-rock-n-roll-2.jpg 999w, \/blog\/wp-content\/uploads\/2016\/09\/trick-tip-rock-n-roll-2-600x400.jpg 600w, \/blog\/wp-content\/uploads\/2016\/09\/trick-tip-rock-n-roll-2-768x512.jpg 768w\" sizes=\"auto, (max-width: 999px) 100vw, 999px\" \/><img loading=\"lazy\" decoding=\"async\" width=\"999\" height=\"666\" src=\"\/blog\/wp-content\/uploads\/2016\/09\/trick-tip-rock-n-roll-3.jpg\" class=\"slider-120899 slide-120888\" alt=\"Skateboard Trick Rock n Roll\" data-caption=\"\" data-thumb=\"\" title=\"Skateboard Trick Rock n Roll\" rel=\"\" srcset=\"\/blog\/wp-content\/uploads\/2016\/09\/trick-tip-rock-n-roll-3.jpg 999w, \/blog\/wp-content\/uploads\/2016\/09\/trick-tip-rock-n-roll-3-600x400.jpg 600w, \/blog\/wp-content\/uploads\/2016\/09\/trick-tip-rock-n-roll-3-768x512.jpg 768w\" sizes=\"auto, (max-width: 999px) 100vw, 999px\" \/><img loading=\"lazy\" decoding=\"async\" width=\"999\" height=\"666\" src=\"\/blog\/wp-content\/uploads\/2016\/09\/trick-tip-rock-n-roll-4.jpg\" class=\"slider-120899 slide-120892\" alt=\"Skateboard Trick Rock n Roll\" data-caption=\"\" data-thumb=\"\" title=\"Skateboard Trick Rock n Roll\" rel=\"\" srcset=\"\/blog\/wp-content\/uploads\/2016\/09\/trick-tip-rock-n-roll-4.jpg 999w, \/blog\/wp-content\/uploads\/2016\/09\/trick-tip-rock-n-roll-4-600x400.jpg 600w, \/blog\/wp-content\/uploads\/2016\/09\/trick-tip-rock-n-roll-4-768x512.jpg 768w\" sizes=\"auto, (max-width: 999px) 100vw, 999px\" \/><img loading=\"lazy\" decoding=\"async\" width=\"999\" height=\"666\" src=\"\/blog\/wp-content\/uploads\/2016\/09\/trick-tip-rock-n-roll-5.jpg\" class=\"slider-120899 slide-120896\" alt=\"Skateboard Trick Rock n Roll\" data-caption=\"\" data-thumb=\"\" title=\"Skateboard Trick Rock n Roll\" rel=\"\" srcset=\"\/blog\/wp-content\/uploads\/2016\/09\/trick-tip-rock-n-roll-5.jpg 999w, \/blog\/wp-content\/uploads\/2016\/09\/trick-tip-rock-n-roll-5-600x400.jpg 600w, \/blog\/wp-content\/uploads\/2016\/09\/trick-tip-rock-n-roll-5-768x512.jpg 768w\" sizes=\"auto, (max-width: 999px) 100vw, 999px\" \/><img loading=\"lazy\" decoding=\"async\" width=\"999\" height=\"666\" src=\"\/blog\/wp-content\/uploads\/2016\/09\/trick-tip-rock-n-roll-6.jpg\" class=\"slider-120899 slide-120901\" alt=\"Skateboard Trick Rock n Roll\" data-caption=\"\" data-thumb=\"\" title=\"Skateboard Trick Rock n Roll\" rel=\"\" srcset=\"\/blog\/wp-content\/uploads\/2016\/09\/trick-tip-rock-n-roll-6.jpg 999w, \/blog\/wp-content\/uploads\/2016\/09\/trick-tip-rock-n-roll-6-600x400.jpg 600w, \/blog\/wp-content\/uploads\/2016\/09\/trick-tip-rock-n-roll-6-768x512.jpg 768w\" sizes=\"auto, (max-width: 999px) 100vw, 999px\" \/><img loading=\"lazy\" decoding=\"async\" width=\"999\" height=\"666\" src=\"\/blog\/wp-content\/uploads\/2016\/09\/trick-tip-rock-n-roll-7.jpg\" class=\"slider-120899 slide-120905\" alt=\"Skateboard Trick Rock n Roll\" data-caption=\"\" data-thumb=\"\" title=\"Skateboard Trick Rock n Roll\" rel=\"\" srcset=\"\/blog\/wp-content\/uploads\/2016\/09\/trick-tip-rock-n-roll-7.jpg 999w, \/blog\/wp-content\/uploads\/2016\/09\/trick-tip-rock-n-roll-7-600x400.jpg 600w, \/blog\/wp-content\/uploads\/2016\/09\/trick-tip-rock-n-roll-7-768x512.jpg 768w\" sizes=\"auto, (max-width: 999px) 100vw, 999px\" \/><img loading=\"lazy\" decoding=\"async\" width=\"999\" height=\"666\" src=\"\/blog\/wp-content\/uploads\/2016\/09\/trick-tip-rock-n-roll-8.jpg\" class=\"slider-120899 slide-120909\" alt=\"Skateboard Trick Rock n Roll\" data-caption=\"\" data-thumb=\"\" title=\"Skateboard Trick Rock n Roll\" rel=\"\" srcset=\"\/blog\/wp-content\/uploads\/2016\/09\/trick-tip-rock-n-roll-8.jpg 999w, \/blog\/wp-content\/uploads\/2016\/09\/trick-tip-rock-n-roll-8-600x400.jpg 600w, \/blog\/wp-content\/uploads\/2016\/09\/trick-tip-rock-n-roll-8-768x512.jpg 768w\" sizes=\"auto, (max-width: 999px) 100vw, 999px\" \/><img loading=\"lazy\" decoding=\"async\" width=\"999\" height=\"666\" src=\"\/blog\/wp-content\/uploads\/2016\/09\/trick-tip-rock-n-roll-9.jpg\" class=\"slider-120899 slide-120913\" alt=\"Skateboard Trick Rock n Roll\" data-caption=\"\" data-thumb=\"\" title=\"Skateboard Trick Rock n Roll\" rel=\"\" srcset=\"\/blog\/wp-content\/uploads\/2016\/09\/trick-tip-rock-n-roll-9.jpg 999w, \/blog\/wp-content\/uploads\/2016\/09\/trick-tip-rock-n-roll-9-600x400.jpg 600w, \/blog\/wp-content\/uploads\/2016\/09\/trick-tip-rock-n-roll-9-768x512.jpg 768w\" sizes=\"auto, (max-width: 999px) 100vw, 999px\" \/><img loading=\"lazy\" decoding=\"async\" width=\"999\" height=\"666\" src=\"\/blog\/wp-content\/uploads\/2016\/09\/trick-tip-rock-n-roll-10.jpg\" class=\"slider-120899 slide-120917\" alt=\"Skateboard Trick Rock n Roll\" data-caption=\"\" data-thumb=\"\" title=\"Skateboard Trick Rock n Roll\" rel=\"\" srcset=\"\/blog\/wp-content\/uploads\/2016\/09\/trick-tip-rock-n-roll-10.jpg 999w, \/blog\/wp-content\/uploads\/2016\/09\/trick-tip-rock-n-roll-10-600x400.jpg 600w, \/blog\/wp-content\/uploads\/2016\/09\/trick-tip-rock-n-roll-10-768x512.jpg 768w\" sizes=\"auto, (max-width: 999px) 100vw, 999px\" \/><img loading=\"lazy\" decoding=\"async\" width=\"999\" height=\"666\" src=\"\/blog\/wp-content\/uploads\/2016\/09\/trick-tip-rock-n-roll-11.jpg\" class=\"slider-120899 slide-120921\" alt=\"Skateboard Trick Rock n Roll\" data-caption=\"\" data-thumb=\"\" title=\"Skateboard Trick Rock n Roll\" rel=\"\" srcset=\"\/blog\/wp-content\/uploads\/2016\/09\/trick-tip-rock-n-roll-11.jpg 999w, \/blog\/wp-content\/uploads\/2016\/09\/trick-tip-rock-n-roll-11-600x400.jpg 600w, \/blog\/wp-content\/uploads\/2016\/09\/trick-tip-rock-n-roll-11-768x512.jpg 768w\" sizes=\"auto, (max-width: 999px) 100vw, 999px\" \/><img loading=\"lazy\" decoding=\"async\" width=\"999\" height=\"666\" src=\"\/blog\/wp-content\/uploads\/2016\/09\/trick-tip-rock-n-roll-12.jpg\" class=\"slider-120899 slide-120925\" alt=\"Skateboard Trick Rock n Roll\" data-caption=\"\" data-thumb=\"\" title=\"Skateboard Trick Rock n Roll\" rel=\"\" srcset=\"\/blog\/wp-content\/uploads\/2016\/09\/trick-tip-rock-n-roll-12.jpg 999w, \/blog\/wp-content\/uploads\/2016\/09\/trick-tip-rock-n-roll-12-600x400.jpg 600w, \/blog\/wp-content\/uploads\/2016\/09\/trick-tip-rock-n-roll-12-768x512.jpg 768w\" sizes=\"auto, (max-width: 999px) 100vw, 999px\" \/><img loading=\"lazy\" decoding=\"async\" width=\"999\" height=\"666\" src=\"\/blog\/wp-content\/uploads\/2016\/09\/trick-tip-rock-n-roll-13.jpg\" class=\"slider-120899 slide-120929\" alt=\"Skateboard Trick Rock n Roll\" data-caption=\"\" data-thumb=\"\" title=\"Skateboard Trick Rock n Roll\" rel=\"\" srcset=\"\/blog\/wp-content\/uploads\/2016\/09\/trick-tip-rock-n-roll-13.jpg 999w, \/blog\/wp-content\/uploads\/2016\/09\/trick-tip-rock-n-roll-13-600x400.jpg 600w, \/blog\/wp-content\/uploads\/2016\/09\/trick-tip-rock-n-roll-13-768x512.jpg 768w\" sizes=\"auto, (max-width: 999px) 100vw, 999px\" \/><img loading=\"lazy\" decoding=\"async\" width=\"999\" height=\"666\" src=\"\/blog\/wp-content\/uploads\/2016\/09\/trick-tip-rock-n-roll-14.jpg\" class=\"slider-120899 slide-120933\" alt=\"Skateboard Trick Rock n Roll\" data-caption=\"\" data-thumb=\"\" title=\"Skateboard Trick Rock n Roll\" rel=\"\" srcset=\"\/blog\/wp-content\/uploads\/2016\/09\/trick-tip-rock-n-roll-14.jpg 999w, \/blog\/wp-content\/uploads\/2016\/09\/trick-tip-rock-n-roll-14-600x400.jpg 600w, \/blog\/wp-content\/uploads\/2016\/09\/trick-tip-rock-n-roll-14-768x512.jpg 768w\" sizes=\"auto, (max-width: 999px) 100vw, 999px\" \/><img loading=\"lazy\" decoding=\"async\" width=\"999\" height=\"666\" src=\"\/blog\/wp-content\/uploads\/2016\/09\/trick-tip-rock-n-roll-15.jpg\" class=\"slider-120899 slide-120937\" alt=\"Skateboard Trick Rock n Roll\" data-caption=\"\" data-thumb=\"\" title=\"Skateboard Trick Rock n Roll\" rel=\"\" srcset=\"\/blog\/wp-content\/uploads\/2016\/09\/trick-tip-rock-n-roll-15.jpg 999w, \/blog\/wp-content\/uploads\/2016\/09\/trick-tip-rock-n-roll-15-600x400.jpg 600w, \/blog\/wp-content\/uploads\/2016\/09\/trick-tip-rock-n-roll-15-768x512.jpg 768w\" sizes=\"auto, (max-width: 999px) 100vw, 999px\" \/><img loading=\"lazy\" decoding=\"async\" width=\"999\" height=\"666\" src=\"\/blog\/wp-content\/uploads\/2016\/09\/trick-tip-rock-n-roll-16.jpg\" class=\"slider-120899 slide-120941\" alt=\"Skateboard Trick Rock n Roll\" data-caption=\"\" data-thumb=\"\" title=\"Skateboard Trick Rock n Roll\" rel=\"\" srcset=\"\/blog\/wp-content\/uploads\/2016\/09\/trick-tip-rock-n-roll-16.jpg 999w, \/blog\/wp-content\/uploads\/2016\/09\/trick-tip-rock-n-roll-16-600x400.jpg 600w, \/blog\/wp-content\/uploads\/2016\/09\/trick-tip-rock-n-roll-16-768x512.jpg 768w\" sizes=\"auto, (max-width: 999px) 100vw, 999px\" \/><\/div><\/div>\n        \n    <\/div>\n<\/div>\r\n\t\t<\/div>\r\n\t\t<\/div>\r\n\t\t\r\n\t<\/div>\r\n<\/div>\r\n\r\n<!-- .end of sequence -->\r\n\r\n<div class=\"post clearfix padding-bottom\">\r\n\t<div id=\"decks-allgemeines\" class=\"hide-for-small large-2 columns\">\r\n\t\t<div class=\"date-day\">Rock &#8216;n&#8217; Roll<\/div>\r\n\t\t<div class=\"date-month\">Etape par Etape<\/div>\r\n\t<\/div>\r\n\r\n\t<div class=\"large-10 columns\">\r\n\t\r\n\t\t<h2 class=\"margin-top margin-bottom\" align=\"center\">Trick Tip Etape par Etape: Rock &#8216;n&#8217; Roll<\/h2>\r\n\t\t\r\n\t\t<p align=\"center\"><small>Clickez pour \u00e9largir<\/small>\r\n\t\t\r\n\t\t<div class=\"medium-12 columns margin-bottom\">\r\n\t\t\t\r\n\t\t\t<div class=\"small-12 medium-5 columns\">\r\n\t\t\t\t<a title=\"Clickez pour \u00e9largir\" href=\"\/blog\/wp-content\/uploads\/2016\/09\/skateboard-trick-tip-rock-n-roll-1.jpg\" rel=\"lightbox[gallery-1] lightbox-0\">\r\n\t\t\t\t\t<img decoding=\"async\" src=\"data:image\/gif;base64,R0lGODlhAQABAIAAAAAAAP\/\/\/yH5BAEAAAAALAAAAAABAAEAAAIBRAA7\" data-src=\"\/blog\/wp-content\/uploads\/2016\/09\/skateboard-trick-tip-rock-n-roll-1-thumb.jpg\" alt=\"Skateboard Trick Rock 'n' Roll Feet Position\" \/><noscript><img decoding=\"async\" src=\"\/blog\/wp-content\/uploads\/2016\/09\/skateboard-trick-tip-rock-n-roll-1-thumb.jpg\" alt=\"Skateboard Trick Rock 'n' Roll Feet Position\" \/><\/noscript>\r\n\t\t\t\t<\/a>\t\t\t\r\n\t\t\t<\/div>\r\n\t\t\t\r\n\t\t\t<div class=\"small-12 medium-7 columns\">\r\n\t\t\t<p>\r\n\t\t\t<span class=\"h4\">1.<\/span>\r\n\t\t\tApprochez du quarter pipe avec assez de vitesse pour que votre truck avant arrive au dessus du coping mais pas le truck arri\u00e8re.\r\n\t\t\t<\/p>\r\n\t\t\t<\/div>\r\n\t\t<\/div>\r\n\r\n\t\t\r\n\t\t<div class=\"medium-12 columns margin-bottom\">\r\n\t\t\r\n\t\t\t<!-- .jedes zweite Bild in diese DIV-Klasse -->\r\n\t\t\t<div class=\"small-12 medium-5 medium-push-7 columns\">\r\n\t\t\t\t<a title=\"Clickez pour \u00e9largir\" href=\"\/blog\/wp-content\/uploads\/2016\/09\/skateboard-trick-tip-rock-n-roll-2.jpg\" rel=\"lightbox[gallery-1] lightbox-1\">\r\n\t\t\t\t\t<img decoding=\"async\" src=\"data:image\/gif;base64,R0lGODlhAQABAIAAAAAAAP\/\/\/yH5BAEAAAAALAAAAAABAAEAAAIBRAA7\" data-src=\"\/blog\/wp-content\/uploads\/2016\/09\/skateboard-trick-tip-rock-n-roll-2-thumb.jpg\" alt=\"Skateboard Trick Rock 'n' Roll\" \/><noscript><img decoding=\"async\" src=\"\/blog\/wp-content\/uploads\/2016\/09\/skateboard-trick-tip-rock-n-roll-2-thumb.jpg\" alt=\"Skateboard Trick Rock 'n' Roll\" \/><\/noscript>\r\n\t\t\t\t<\/a>\t\t\t\t\r\n\t\t\t<\/div>\r\n\t\t\r\n\t\t\t<!-- .jeden zweiten Text in diese DIV-Klasse -->\r\n\t\t\t<div class=\"small-12 medium-7 medium-pull-5 columns\">\r\n\t\t\t<p>\r\n\t\t\t<span class=\"h4\">2.<\/span>\r\n\t\t\tTandis que le camion de devant passe au-dessus du quart que vous poussez dehors votre pied avant pour mettre le poids vers le bas sur l&#8217;avant de votre board.\r\n\t\t\t<\/p>\r\n\t\t\t<\/div>\r\n\t\t\t\t\t\r\n\t\t<\/div>\r\n\t\t\r\n\t\t<div class=\"medium-12 columns margin-bottom\">\r\n\t\t\t\r\n\t\t\t<div class=\"small-12 medium-5 columns\">\r\n\t\t\t\t<a title=\"Clickez pour \u00e9largir\" href=\"\/blog\/wp-content\/uploads\/2016\/09\/skateboard-trick-tip-rock-n-roll-6.jpg\" rel=\"lightbox[gallery-1] lightbox-2\">\r\n\t\t\t\t\t<img decoding=\"async\" src=\"data:image\/gif;base64,R0lGODlhAQABAIAAAAAAAP\/\/\/yH5BAEAAAAALAAAAAABAAEAAAIBRAA7\" data-src=\"\/blog\/wp-content\/uploads\/2016\/09\/skateboard-trick-tip-rock-n-roll-6-thumb.jpg\" alt=\"Skateboard Trick Rock 'n' Roll\" \/><noscript><img decoding=\"async\" src=\"\/blog\/wp-content\/uploads\/2016\/09\/skateboard-trick-tip-rock-n-roll-6-thumb.jpg\" alt=\"Skateboard Trick Rock 'n' Roll\" \/><\/noscript>\r\n\t\t\t\t<\/a>\t\t\r\n\t\t\t<\/div>\r\n\t\t\t\r\n\t\t\t<div class=\"small-12 medium-7 columns\">\r\n\t\t\t<p>\r\n\t\t\t<span class=\"h4\">3.<\/span>\r\n\t\t\tComme vous gardez votre \u00e9quilibre tourner vos \u00e9paules Frontside ou Backside semblable \u00e0 la direction que vous tournez votre board en rentrant dans le quarter.\r\n\t\t\t<\/p>\r\n\t\t\t<\/div>\r\n\t\t<\/div>\r\n\t\t\r\n\t\t<div class=\"medium-12 columns margin-bottom\">\r\n\t\t\r\n\t\t\t<div class=\"small-12 medium-5 medium-push-7 columns\">\r\n\t\t\t\t<a title=\"Clickez pour \u00e9largir\" href=\"\/blog\/wp-content\/uploads\/2016\/09\/skateboard-trick-tip-rock-n-roll-7.jpg\" rel=\"lightbox[gallery-1] lightbox-3\">\r\n\t\t\t\t\t<img decoding=\"async\" src=\"data:image\/gif;base64,R0lGODlhAQABAIAAAAAAAP\/\/\/yH5BAEAAAAALAAAAAABAAEAAAIBRAA7\" data-src=\"\/blog\/wp-content\/uploads\/2016\/09\/skateboard-trick-tip-rock-n-roll-7-thumb.jpg\" alt=\"Skateboard Trick Rock 'n' Roll\" \/><noscript><img decoding=\"async\" src=\"\/blog\/wp-content\/uploads\/2016\/09\/skateboard-trick-tip-rock-n-roll-7-thumb.jpg\" alt=\"Skateboard Trick Rock 'n' Roll\" \/><\/noscript>\r\n\t\t\t\t<\/a>\t\t\t\t\t\r\n\t\t\t<\/div>\r\n\t\t\r\n\t\t\t<div class=\"small-12 medium-7 medium-pull-5 columns\">\r\n\t\t\t<p>\r\n\t\t\t<span class=\"h4\">4.<\/span>\r\n\t\t\tA ce moment, vous soulagez le poids de votre jambe avant et laissez votre camion avant hors de la position Rock en appuyant sur le camion arri\u00e8re sur le tuyau trimestre, tournant avec l&#8217;\u00e9paule et les hanches.\r\n\t\t\t<\/p>\r\n\t\t\t<\/div>\r\n\t\t<\/div>\r\n\t\t\r\n\t\r\n\r\n\t\t<div class=\"medium-12 columns margin-bottom\">\r\n\t\t\r\n\t\t\t<div class=\"medium-5 columns\">\r\n\t\t\t\t<a title=\"Clickez pour \u00e9largir\" href=\"\/blog\/wp-content\/uploads\/2016\/09\/skateboard-trick-tip-rock-n-roll-8.jpg\" rel=\"lightbox[gallery-1] lightbox-4\">\r\n\t\t\t\t\t<img decoding=\"async\" src=\"data:image\/gif;base64,R0lGODlhAQABAIAAAAAAAP\/\/\/yH5BAEAAAAALAAAAAABAAEAAAIBRAA7\" data-src=\"\/blog\/wp-content\/uploads\/2016\/09\/skateboard-trick-tip-rock-n-roll-8-thumb.jpg\" alt=\"Skateboard Trick Rock 'n' Roll\" \/><noscript><img decoding=\"async\" src=\"\/blog\/wp-content\/uploads\/2016\/09\/skateboard-trick-tip-rock-n-roll-8-thumb.jpg\" alt=\"Skateboard Trick Rock 'n' Roll\" \/><\/noscript>\r\n\t\t\t\t<\/a>\t\t\t\t\t\t\t\r\n\t\t\t<\/div>\r\n\t\t\t\r\n\t\t\t<div class=\"medium-7 columns\">\r\n\t\t\t<p>\r\n\t\t\t<span class=\"h4\">5.<\/span>\r\n\t\t\tComme les deux trucks sont de retour dans la transition, \u00e9quilibrez votre poids sur la board et roulez loin en avant. <\/p> <p>Assurez-vous de ne pas vous pencher trop en arri\u00e8re pour \u00e9viter de glisser.\r\n\t\t\t<\/p>\r\n\t\t\t<\/div>\r\n\t\t<\/div>\r\n\r\n\t<\/div>\r\n<\/div>\r\n<div class=\"post clearfix padding-bottom\">\r\n    <div id=\"decks-allgemeines\" class=\"hide-for-small large-2 columns\">\r\n   \t <div class=\"date-day\">Plus de Tricks<\/div>\r\n   \t <div class=\"date-month\">?<\/div>\r\n    <\/div>\r\n\r\n    <div class=\"large-10 columns\">\r\n    \r\n   \t <h3 class=\"margin-top margin-bottom\" align=\"center\">Quel prochain Trick?<\/h3>\r\n\t\t\r\n\t\t<p>\r\n\t\tLe Rock &#8216;n&#8217; Roll est un trick de base important qui vous permet d&#8217;aller r\u00e9guli\u00e8rement d\u2019un lip \u00e0 un lip dans une rampe mini. Maintenant que vous avez obtenu cela, il est temps d&#8217;aller vers le BS Disaster<\/p><p> Si vous voulez apprendre quelques autres tricks juste v\u00e9rifier nos trick tips pour le flat. Si vous \u00eates plus dans les sessions de mini rampe, vous devriez checker notre section trick tips pour la transition. Si vous voulez apprendre un peu plus de grinds, passez par les trick tips pour le curb et le rail.\r\n\t\t<\/p>\r\n\t\t\r\n\t\t\t\t<div class=\"medium-12 small-12 columns\">\r\n            <a title=\"voir tous les trick tips de skateboard pour transitions\" href=\"\/blog\/fr\/trick-tips\/skateboard\/transition\/\" class=\"button-auto\">Skateboard Trick Tips | Transition<\/a>\r\n            <br><br>\r\n            \r\n            <div class=\"medium-6 small-12 columns\">\r\n            <a title=\"voir tous les tricks tips de skateboard pour curb &#038; rail\" href=\"\/blog\/fr\/trick-tips\/skateboard\/curb-rail\/\" class=\"button-auto\">Skateboard Trick Tips | Curb &#038; Rail<\/a>\r\n            <br><br>\r\n            <\/div>\r\n            \r\n            <div class=\"medium-6 small-12 columns\">\r\n            <a title=\"voir tous les tricks tips de skateboard pour flat\" href=\"\/blog\/fr\/trick-tips\/skateboard\/flat\/\" class=\"button-auto\">Skateboard Trick Tips | Flat<\/a>\r\n            <br><br>\r\n            <\/div>\r\n\t\t\t\r\n\t\t<\/div>\r\n\t\t\r\n\t\t\r\n\t<\/div>\r\n<\/div>\r\n<div class=\"ShariffSC\" style=\"shariff-shop\"><div class=\"shariff\" data-url=\"https:\/\/skatedeluxe.com\/blog\/fr\/trick-tips\/skateboard\/transition\/rock-n-roll\/\" data-title=\"Rock &#8216;N&#8217; Roll &#8211; Skateboard Trick Tip\" data-services='[\"facebooklike\", \"facebook\"]' data-backend-url='\/shariff\/'><\/div><\/div>","protected":false},"excerpt":{"rendered":"<p>Trick Tip Rock &#8216;n&#8217; Roll Rock &#8216;n&#8217; Roll veut dire qu\u2019au lieu de partir en Fakie comme avec un Rock to Fakie, vous tournez la board de 180 degr\u00e9s lorsque vous revenez dans le quarter pipe. Au d\u00e9but, c&#8217;est le meilleur choix pour apprendre en premier parce qu&#8217;il est plus facile de revenir r\u00e9guli\u00e8rement dans <a class=\"read-more\" href=\"https:\/\/skatedeluxe.com\/blog\/fr\/trick-tips\/skateboard\/transition\/rock-n-roll\/\">[&#8230;]<\/a><\/p>\n","protected":false},"author":24,"featured_media":120152,"parent":129895,"menu_order":3,"comment_status":"closed","ping_status":"closed","template":"page-templates\/teasing-page.php","meta":{"footnotes":""},"class_list":["post-130894","page","type-page","status-publish","has-post-thumbnail","hentry"],"aioseo_notices":[],"amp_enabled":false,"_links":{"self":[{"href":"https:\/\/skatedeluxe.com\/blog\/fr\/wp-json\/wp\/v2\/pages\/130894","targetHints":{"allow":["GET"]}}],"collection":[{"href":"https:\/\/skatedeluxe.com\/blog\/fr\/wp-json\/wp\/v2\/pages"}],"about":[{"href":"https:\/\/skatedeluxe.com\/blog\/fr\/wp-json\/wp\/v2\/types\/page"}],"author":[{"embeddable":true,"href":"https:\/\/skatedeluxe.com\/blog\/fr\/wp-json\/wp\/v2\/users\/24"}],"replies":[{"embeddable":true,"href":"https:\/\/skatedeluxe.com\/blog\/fr\/wp-json\/wp\/v2\/comments?post=130894"}],"version-history":[{"count":6,"href":"https:\/\/skatedeluxe.com\/blog\/fr\/wp-json\/wp\/v2\/pages\/130894\/revisions"}],"predecessor-version":[{"id":144065,"href":"https:\/\/skatedeluxe.com\/blog\/fr\/wp-json\/wp\/v2\/pages\/130894\/revisions\/144065"}],"up":[{"embeddable":true,"href":"https:\/\/skatedeluxe.com\/blog\/fr\/wp-json\/wp\/v2\/pages\/129895"}],"wp:featuredmedia":[{"embeddable":true,"href":"https:\/\/skatedeluxe.com\/blog\/fr\/wp-json\/wp\/v2\/media\/120152"}],"wp:attachment":[{"href":"https:\/\/skatedeluxe.com\/blog\/fr\/wp-json\/wp\/v2\/media?parent=130894"}],"curies":[{"name":"wp","href":"https:\/\/api.w.org\/{rel}","templated":true}]}}