{"id":130892,"date":"2016-12-23T03:24:54","date_gmt":"2016-12-23T02:24:54","guid":{"rendered":"https:\/\/admin.skatedeluxe.com\/blog\/fr\/?page_id=130892"},"modified":"2018-05-09T12:11:57","modified_gmt":"2018-05-09T10:11:57","slug":"drop-in","status":"publish","type":"page","link":"https:\/\/skatedeluxe.com\/blog\/fr\/trick-tips\/skateboard\/transition\/drop-in\/","title":{"rendered":"Drop In &#8211; Skateboard Trick Tip"},"content":{"rendered":"<div class=\"post clearfix padding-bottom\">\r\n\t<div id=\"decks-allgemeines\" class=\"hide-for-small large-2 columns\">\r\n\t\t<div class=\"date-day\">Trick Tip<\/div>\r\n\t\t<div class=\"date-month\">Drop In<\/div>\r\n\t<\/div>\r\n\r\n\t<div class=\"large-10 columns\">\r\n\t\r\n\t\t<p>\r\n\t\tDrop In signifie entrer dans un quarter \u00e0 partir du coping. C&#8217;est la chose la plus importante \u00e0 apprendre si vous voulez rider des transitions. Ainsi, c&#8217;est la base de tous les autres tricks que vous pouvez faire dans une mini rampe ou un quarter. <\/p> <p> N\u00e9anmoins, il faut un peu de courage au d\u00e9but pour vous diriger vers une transition et se pencher en avant avec votre board. Mais la peur va dispara\u00eetre rapidement et apr\u00e8s quelques essais, vous n\u2019y pensez m\u00eame pas comme un trick. Une fois que vous vous sentez \u00e0 l&#8217;aise de faire Drop In sur un quarter pipe, essayez de droper sur quelque chose d&#8217;un peu plus haut et voir \u00e0 quel point vous pouvez aller. \r\n\t\t<\/p>\r\n\t\r\n\t\t<p>\r\n\t\tApprendre \u00e0 faire le Drop In!\r\n\t\t<\/p>\r\n\t\t\r\n\t<\/div>\r\n<\/div>\r\n\r\n<!-- .end of introduction -->\r\n\r\n<div class=\"post clearfix padding-bottom\">\r\n\t<div id=\"decks-allgemeines\" class=\"hide-for-small large-2 columns\">\r\n\t\t<div class=\"date-day\">Drop In<\/div>\r\n\t\t<div class=\"date-month\">Video<\/div>\r\n\t<\/div>\r\n \r\n\t<div class=\"large-10 columns\">\r\n\t\r\n\t\t<h2 class=\"margin-top margin-bottom\" align=\"center\">Drop In<\/h2>\r\n\t\t\r\n\t\t<div class=\"medium-12 small-12 columns\">\r\n\t\t<div class=\"medium-10 columns medium-centered medium-offset-1 columns margin-bottom\">\r\n\r\n\t\t<div class=\"flex-video\">\r\n<iframe width=\"853\" height=\"480\" data-src=\"https:\/\/www.youtube-nocookie.com\/embed\/tnkDbM1wHRE\" frameborder=\"0\" allowfullscreen allow=\"autoplay; encrypted-media\"><\/iframe><noscript><iframe loading=\"lazy\" width=\"853\" height=\"480\" src=\"https:\/\/www.youtube-nocookie.com\/embed\/tnkDbM1wHRE\" frameborder=\"0\" allowfullscreen allow=\"autoplay; encrypted-media\"><\/iframe><\/noscript>\t\t<\/div>\r\n\t\t\t<div class=\"ShariffSC\" style=\"shariff-shop\"><div class=\"shariff\" data-url=\"https:\/\/skatedeluxe.com\/blog\/fr\/trick-tips\/skateboard\/transition\/drop-in\/\" data-title=\"Drop In &#8211; Skateboard Trick Tip\" data-services='[\"facebooklike\", \"facebook\"]' data-backend-url='\/shariff\/'><\/div><\/div> <!-- .Social Leiste unterhalb des Videos -->\r\n\t\t<\/div>\r\n\t\t<\/div>\r\n\t\t\r\n\t<\/div>\r\n<\/div>\r\n\r\n<!-- .end of video area -->\r\n\r\n<div class=\"post clearfix padding-bottom\">\r\n\t<div id=\"decks-allgemeines\" class=\"hide-for-small large-2 columns\">\r\n\t\t<div class=\"date-day\">Drop In<\/div>\r\n\t\t<div class=\"date-month\">S\u00e9quence<\/div>\r\n\t<\/div>\r\n\r\n\t<div class=\"large-10 columns\">\r\n\t\r\n\t\t<h2 class=\"margin-top margin-bottom\" align=\"center\">Trick Tip S\u00e9quence: Drop In<\/h2>\r\n\t\t\r\n\t\t<div class=\"medium-12 small-12 columns\">\r\n\t\t<div class=\"medium-10 columns medium-centered medium-offset-1 columns margin-bottom\">\r\n\t\t<div id=\"metaslider-id-120776\" style=\"max-width: 999px; margin: 0 auto;\" class=\"ml-slider-3-98-0 ml-slider-pro-2-6-6 metaslider metaslider-nivo metaslider-120776 ml-slider ms-theme-_theme_1463567531\" role=\"region\" aria-roledescription=\"Slideshow\" aria-label=\"Drop In - Trick Tip\" data-width=\"999\">\n    <div id=\"metaslider_container_120776\">\n        <div class='slider-wrapper theme-default'><div class='ribbon'><\/div><div id='metaslider_120776' class='nivoSlider'><img loading=\"lazy\" decoding=\"async\" width=\"999\" height=\"666\" src=\"\/blog\/wp-content\/uploads\/2016\/09\/trick-tip-drop-in-1.jpg\" class=\"slider-120776 slide-120777\" alt=\"Skateboard Trick Drop In\" data-caption=\"\" data-thumb=\"\" title=\"Skateboard Trick Drop In\" rel=\"\" srcset=\"\/blog\/wp-content\/uploads\/2016\/09\/trick-tip-drop-in-1.jpg 999w, \/blog\/wp-content\/uploads\/2016\/09\/trick-tip-drop-in-1-600x400.jpg 600w, \/blog\/wp-content\/uploads\/2016\/09\/trick-tip-drop-in-1-768x512.jpg 768w\" sizes=\"auto, (max-width: 999px) 100vw, 999px\" \/><img loading=\"lazy\" decoding=\"async\" width=\"999\" height=\"666\" src=\"\/blog\/wp-content\/uploads\/2016\/09\/trick-tip-drop-in-2.jpg\" class=\"slider-120776 slide-120781\" alt=\"Skateboard Trick Drop In\" data-caption=\"\" data-thumb=\"\" title=\"Skateboard Trick Drop In\" rel=\"\" srcset=\"\/blog\/wp-content\/uploads\/2016\/09\/trick-tip-drop-in-2.jpg 999w, \/blog\/wp-content\/uploads\/2016\/09\/trick-tip-drop-in-2-600x400.jpg 600w, \/blog\/wp-content\/uploads\/2016\/09\/trick-tip-drop-in-2-768x512.jpg 768w\" sizes=\"auto, (max-width: 999px) 100vw, 999px\" \/><img loading=\"lazy\" decoding=\"async\" width=\"999\" height=\"666\" src=\"\/blog\/wp-content\/uploads\/2016\/09\/trick-tip-drop-in-3.jpg\" class=\"slider-120776 slide-120785\" alt=\"Skateboard Trick Drop In\" data-caption=\"\" data-thumb=\"\" title=\"Skateboard Trick Drop In\" rel=\"\" srcset=\"\/blog\/wp-content\/uploads\/2016\/09\/trick-tip-drop-in-3.jpg 999w, \/blog\/wp-content\/uploads\/2016\/09\/trick-tip-drop-in-3-600x400.jpg 600w, \/blog\/wp-content\/uploads\/2016\/09\/trick-tip-drop-in-3-768x512.jpg 768w\" sizes=\"auto, (max-width: 999px) 100vw, 999px\" \/><img loading=\"lazy\" decoding=\"async\" width=\"999\" height=\"666\" src=\"\/blog\/wp-content\/uploads\/2016\/09\/trick-tip-drop-in-4.jpg\" class=\"slider-120776 slide-120789\" alt=\"Skateboard Trick Drop In\" data-caption=\"\" data-thumb=\"\" title=\"Skateboard Trick Drop In\" rel=\"\" srcset=\"\/blog\/wp-content\/uploads\/2016\/09\/trick-tip-drop-in-4.jpg 999w, \/blog\/wp-content\/uploads\/2016\/09\/trick-tip-drop-in-4-600x400.jpg 600w, \/blog\/wp-content\/uploads\/2016\/09\/trick-tip-drop-in-4-768x512.jpg 768w\" sizes=\"auto, (max-width: 999px) 100vw, 999px\" \/><img loading=\"lazy\" decoding=\"async\" width=\"999\" height=\"666\" src=\"\/blog\/wp-content\/uploads\/2016\/09\/trick-tip-drop-in-5.jpg\" class=\"slider-120776 slide-120793\" alt=\"Skateboard Trick Drop In\" data-caption=\"\" data-thumb=\"\" title=\"Skateboard Trick Drop In\" rel=\"\" srcset=\"\/blog\/wp-content\/uploads\/2016\/09\/trick-tip-drop-in-5.jpg 999w, \/blog\/wp-content\/uploads\/2016\/09\/trick-tip-drop-in-5-600x400.jpg 600w, \/blog\/wp-content\/uploads\/2016\/09\/trick-tip-drop-in-5-768x512.jpg 768w\" sizes=\"auto, (max-width: 999px) 100vw, 999px\" \/><img loading=\"lazy\" decoding=\"async\" width=\"999\" height=\"666\" src=\"\/blog\/wp-content\/uploads\/2016\/09\/trick-tip-drop-in-6.jpg\" class=\"slider-120776 slide-120797\" alt=\"Skateboard Trick Drop In\" data-caption=\"\" data-thumb=\"\" title=\"Skateboard Trick Drop In\" rel=\"\" srcset=\"\/blog\/wp-content\/uploads\/2016\/09\/trick-tip-drop-in-6.jpg 999w, \/blog\/wp-content\/uploads\/2016\/09\/trick-tip-drop-in-6-600x400.jpg 600w, \/blog\/wp-content\/uploads\/2016\/09\/trick-tip-drop-in-6-768x512.jpg 768w\" sizes=\"auto, (max-width: 999px) 100vw, 999px\" \/><img loading=\"lazy\" decoding=\"async\" width=\"999\" height=\"666\" src=\"\/blog\/wp-content\/uploads\/2016\/09\/trick-tip-drop-in-7.jpg\" class=\"slider-120776 slide-120801\" alt=\"Skateboard Trick Drop In\" data-caption=\"\" data-thumb=\"\" title=\"Skateboard Trick Drop In\" rel=\"\" srcset=\"\/blog\/wp-content\/uploads\/2016\/09\/trick-tip-drop-in-7.jpg 999w, \/blog\/wp-content\/uploads\/2016\/09\/trick-tip-drop-in-7-600x400.jpg 600w, \/blog\/wp-content\/uploads\/2016\/09\/trick-tip-drop-in-7-768x512.jpg 768w\" sizes=\"auto, (max-width: 999px) 100vw, 999px\" \/><img loading=\"lazy\" decoding=\"async\" width=\"999\" height=\"666\" src=\"\/blog\/wp-content\/uploads\/2016\/09\/trick-tip-drop-in-8.jpg\" class=\"slider-120776 slide-120805\" alt=\"Skateboard Trick Drop In\" data-caption=\"\" data-thumb=\"\" title=\"Skateboard Trick Drop In\" rel=\"\" srcset=\"\/blog\/wp-content\/uploads\/2016\/09\/trick-tip-drop-in-8.jpg 999w, \/blog\/wp-content\/uploads\/2016\/09\/trick-tip-drop-in-8-600x400.jpg 600w, \/blog\/wp-content\/uploads\/2016\/09\/trick-tip-drop-in-8-768x512.jpg 768w\" sizes=\"auto, (max-width: 999px) 100vw, 999px\" \/><img loading=\"lazy\" decoding=\"async\" width=\"999\" height=\"666\" src=\"\/blog\/wp-content\/uploads\/2016\/09\/trick-tip-drop-in-9.jpg\" class=\"slider-120776 slide-120809\" alt=\"Skateboard Trick Drop In\" data-caption=\"\" data-thumb=\"\" title=\"Skateboard Trick Drop In\" rel=\"\" srcset=\"\/blog\/wp-content\/uploads\/2016\/09\/trick-tip-drop-in-9.jpg 999w, \/blog\/wp-content\/uploads\/2016\/09\/trick-tip-drop-in-9-600x400.jpg 600w, \/blog\/wp-content\/uploads\/2016\/09\/trick-tip-drop-in-9-768x512.jpg 768w\" sizes=\"auto, (max-width: 999px) 100vw, 999px\" \/><img loading=\"lazy\" decoding=\"async\" width=\"999\" height=\"666\" src=\"\/blog\/wp-content\/uploads\/2016\/09\/trick-tip-drop-in-10.jpg\" class=\"slider-120776 slide-120813\" alt=\"Skateboard Trick Drop In\" data-caption=\"\" data-thumb=\"\" title=\"Skateboard Trick Drop In\" rel=\"\" srcset=\"\/blog\/wp-content\/uploads\/2016\/09\/trick-tip-drop-in-10.jpg 999w, \/blog\/wp-content\/uploads\/2016\/09\/trick-tip-drop-in-10-600x400.jpg 600w, \/blog\/wp-content\/uploads\/2016\/09\/trick-tip-drop-in-10-768x512.jpg 768w\" sizes=\"auto, (max-width: 999px) 100vw, 999px\" \/><\/div><\/div>\n        \n    <\/div>\n<\/div>\r\n\t\t<\/div>\r\n\t\t<\/div>\r\n\t\t\r\n\t<\/div>\r\n<\/div>\r\n\r\n<!-- .end of sequence -->\r\n\r\n<div class=\"post clearfix padding-bottom\">\r\n\t<div id=\"decks-allgemeines\" class=\"hide-for-small large-2 columns\">\r\n\t\t<div class=\"date-day\">Drop In<\/div>\r\n\t\t<div class=\"date-month\">Etape par Etape<\/div>\r\n\t<\/div>\r\n\r\n\t<div class=\"large-10 columns\">\r\n\t\r\n\t\t<h2 class=\"margin-top margin-bottom\" align=\"center\">Trick Tip Etape par Etape: Drop In<\/h2>\r\n\t\t\r\n\t\t<p align=\"center\"><small>Clickez pour \u00e9largir<\/small>\r\n\t\t\r\n\t\t<div class=\"medium-12 columns margin-bottom\">\r\n\t\t\t\r\n\t\t\t<div class=\"small-12 medium-5 columns\">\r\n\t\t\t\t<a title=\"Clickez pour \u00e9largir\" href=\"\/blog\/wp-content\/uploads\/2016\/09\/skateboard-trick-tip-drop-in-1.jpg\" rel=\"lightbox[gallery-1] lightbox-0\">\r\n\t\t\t\t\t<img decoding=\"async\" src=\"data:image\/gif;base64,R0lGODlhAQABAIAAAAAAAP\/\/\/yH5BAEAAAAALAAAAAABAAEAAAIBRAA7\" data-src=\"\/blog\/wp-content\/uploads\/2016\/09\/skateboard-trick-tip-drop-in-1-thumb.jpg\" alt=\"Skateboard Trick Drop In Feet Position\" \/><noscript><img decoding=\"async\" src=\"\/blog\/wp-content\/uploads\/2016\/09\/skateboard-trick-tip-drop-in-1-thumb.jpg\" alt=\"Skateboard Trick Drop In Feet Position\" \/><\/noscript>\r\n\t\t\t\t<\/a>\t\t\t\r\n\t\t\t<\/div>\r\n\t\t\t\r\n\t\t\t<div class=\"small-12 medium-7 columns\">\r\n\t\t\t<p>\r\n\t\t\t<span class=\"h4\">1.<\/span>\r\n\t\t\tPour droper d\u2019un quarter pipe placez votre tail sur le coping et mettez votre pied arri\u00e8re sur lui.\r\n\t\t\t<\/p>\r\n\t\t\t<\/div>\r\n\t\t<\/div>\r\n\r\n\t\t\r\n\t\t<div class=\"medium-12 columns margin-bottom\">\r\n\t\t\r\n\t\t\t<!-- .jedes zweite Bild in diese DIV-Klasse -->\r\n\t\t\t<div class=\"small-12 medium-5 medium-push-7 columns\">\r\n\t\t\t\t<a title=\"Clickez pour \u00e9largir\" href=\"\/blog\/wp-content\/uploads\/2016\/09\/skateboard-trick-tip-drop-in-2.jpg\" rel=\"lightbox[gallery-1] lightbox-1\">\r\n\t\t\t\t\t<img decoding=\"async\" src=\"data:image\/gif;base64,R0lGODlhAQABAIAAAAAAAP\/\/\/yH5BAEAAAAALAAAAAABAAEAAAIBRAA7\" data-src=\"\/blog\/wp-content\/uploads\/2016\/09\/skateboard-trick-tip-drop-in-2-thumb.jpg\" alt=\"Skateboard Trick Drop In\" \/><noscript><img decoding=\"async\" src=\"\/blog\/wp-content\/uploads\/2016\/09\/skateboard-trick-tip-drop-in-2-thumb.jpg\" alt=\"Skateboard Trick Drop In\" \/><\/noscript>\r\n\t\t\t\t<\/a>\t\t\t\t\r\n\t\t\t<\/div>\r\n\t\t\r\n\t\t\t<!-- .jeden zweiten Text in diese DIV-Klasse -->\r\n\t\t\t<div class=\"small-12 medium-7 medium-pull-5 columns\">\r\n\t\t\t<p>\r\n\t\t\t<span class=\"h4\">2.<\/span>\r\n\t\t\tMaintenant debout avec tout votre poids sur le tail tandis que votre pied avant est positionn\u00e9 sur les vis de votre truck avant sans poids sur elle.\r\n\t\t\t<\/p>\r\n\t\t\t<\/div>\r\n\t\t\t\t\t\r\n\t\t<\/div>\r\n\t\t\r\n\t\t<div class=\"medium-12 columns margin-bottom\">\r\n\t\t\t\r\n\t\t\t<div class=\"small-12 medium-5 columns\">\r\n\t\t\t\t<a title=\"Clickez pour \u00e9largir\" href=\"\/blog\/wp-content\/uploads\/2016\/09\/skateboard-trick-tip-drop-in-3.jpg\" rel=\"lightbox[gallery-1] lightbox-2\">\r\n\t\t\t\t\t<img decoding=\"async\" src=\"data:image\/gif;base64,R0lGODlhAQABAIAAAAAAAP\/\/\/yH5BAEAAAAALAAAAAABAAEAAAIBRAA7\" data-src=\"\/blog\/wp-content\/uploads\/2016\/09\/skateboard-trick-tip-drop-in-3-thumb.jpg\" alt=\"Skateboard Trick Drop In\" \/><noscript><img decoding=\"async\" src=\"\/blog\/wp-content\/uploads\/2016\/09\/skateboard-trick-tip-drop-in-3-thumb.jpg\" alt=\"Skateboard Trick Drop In\" \/><\/noscript>\r\n\t\t\t\t<\/a>\t\t\r\n\t\t\t<\/div>\r\n\t\t\t\r\n\t\t\t<div class=\"small-12 medium-7 columns\">\r\n\t\t\t<p>\r\n\t\t\t<span class=\"h4\">3.<\/span>\r\n\t\t\tBien que droper soit tr\u00e8s important de changer votre poids sur le tuck avant et de pencher votre corps vers l&#8217;avant. <\/p><p> Au d\u00e9but cela peut prendre un peu d&#8217;effort parce que \u00e7a peut \u00eatre un peu effrayant, mais c&#8217;est la seule fa\u00e7on d&#8217;\u00e9viter de tomber vers l&#8217;arri\u00e8re.\r\n\t\t\t<\/p>\r\n\t\t\t<\/div>\r\n\t\t<\/div>\r\n\t\t\r\n\t\t<div class=\"medium-12 columns margin-bottom\">\r\n\t\t\r\n\t\t\t<div class=\"small-12 medium-5 medium-push-7 columns\">\r\n\t\t\t\t<a title=\"Clickez pour \u00e9largir\" href=\"\/blog\/wp-content\/uploads\/2016\/09\/skateboard-trick-tip-drop-in-9.jpg\" rel=\"lightbox[gallery-1] lightbox-3\">\r\n\t\t\t\t\t<img decoding=\"async\" src=\"data:image\/gif;base64,R0lGODlhAQABAIAAAAAAAP\/\/\/yH5BAEAAAAALAAAAAABAAEAAAIBRAA7\" data-src=\"\/blog\/wp-content\/uploads\/2016\/09\/skateboard-trick-tip-drop-in-9-thumb.jpg\" alt=\"Skateboard Trick Drop In\" \/><noscript><img decoding=\"async\" src=\"\/blog\/wp-content\/uploads\/2016\/09\/skateboard-trick-tip-drop-in-9-thumb.jpg\" alt=\"Skateboard Trick Drop In\" \/><\/noscript>\r\n\t\t\t\t<\/a>\t\t\t\t\t\r\n\t\t\t<\/div>\r\n\t\t\r\n\t\t\t<div class=\"small-12 medium-7 medium-pull-5 columns\">\r\n\t\t\t<p>\r\n\t\t\t<span class=\"h4\">4.<\/span>\r\n\t\t\tTout en roulant garder votre corps centr\u00e9 et ne pas vous pencher trop en avant pour \u00e9viter de tomber sur votre nose.\r\n\t\t\t<\/p>\r\n\t\t\t<\/div>\r\n\t\t<\/div>\r\n\t\t\r\n\t\t<div class=\"medium-12 columns margin-bottom\">\r\n\t\t\r\n\t\t\t<div class=\"medium-5 columns\">\r\n\t\t\t\t<a title=\"Clickez pour \u00e9largir\" href=\"\/blog\/wp-content\/uploads\/2016\/09\/skateboard-trick-tip-drop-in-8.jpg\" rel=\"lightbox[gallery-1] lightbox-4\">\r\n\t\t\t\t\t<img decoding=\"async\" src=\"data:image\/gif;base64,R0lGODlhAQABAIAAAAAAAP\/\/\/yH5BAEAAAAALAAAAAABAAEAAAIBRAA7\" data-src=\"\/blog\/wp-content\/uploads\/2016\/09\/skateboard-trick-tip-drop-in-8-thumb.jpg\" alt=\"Skateboard Trick Drop In\" \/><noscript><img decoding=\"async\" src=\"\/blog\/wp-content\/uploads\/2016\/09\/skateboard-trick-tip-drop-in-8-thumb.jpg\" alt=\"Skateboard Trick Drop In\" \/><\/noscript>\r\n\t\t\t\t<\/a>\t\t\t\t\t\t\t\r\n\t\t\t<\/div>\r\n\t\t\t\r\n\t\t\t<div class=\"medium-7 columns\">\r\n\t\t\t<p>\r\n\t\t\t<span class=\"h4\">5.<\/span>\r\n\t\t\tUne fois que vous avez roul\u00e9 loin en Drop In vous devriez r\u00e9p\u00e9ter plusieurs fois et la peur dispara\u00eetra.\r\n\t\t\t<\/p>\r\n\t\t\t<\/div>\r\n\t\t<\/div>\r\n\r\n\t<\/div>\r\n<\/div>\r\n<div class=\"post clearfix padding-bottom\">\r\n    <div id=\"decks-allgemeines\" class=\"hide-for-small large-2 columns\">\r\n   \t <div class=\"date-day\">Plus de Tricks<\/div>\r\n   \t <div class=\"date-month\">?<\/div>\r\n    <\/div>\r\n\r\n    <div class=\"large-10 columns\">\r\n    \r\n   \t <h3 class=\"margin-top margin-bottom\" align=\"center\">Quel prochain Trick?<\/h3>\r\n\t\t\r\n\t\t<p>\r\n\t\tVous l\u2019avez? Bien! Il est temps d&#8217;arriver aux v\u00e9ritables tricks pour les transitions. Allez essayer de faire un Rock to Fakie!. <\/p>\r\n<p>Si vous \u00eates fatigu\u00e9 et que vous voulez apprendre quelques tricks de flat au lieu de simplement v\u00e9rifier nos tricks tips pour flat. Si vous \u00eates plus en mini session de rampe, vous devriez v\u00e9rifier notre tricks tips pour la transition. Si vous voulez apprendre un peu plus de grinds passez par les tricks tips pour le trottoir et le rail.\r\n\t\t<\/p>\r\n\t\t\r\n\t\t<div class=\"medium-12 small-12 columns\">\r\n            <a title=\"voir tous les trick tips de skateboard pour transitions\" href=\"\/blog\/fr\/trick-tips\/skateboard\/transition\/\" class=\"button-auto\">Skateboard Trick Tips | Transition<\/a>\r\n            <br><br>\r\n            \r\n            <div class=\"medium-6 small-12 columns\">\r\n            <a title=\"voir tous les tricks tips de skateboard pour curb &#038; rail\" href=\"\/blog\/fr\/trick-tips\/skateboard\/curb-rail\/\" class=\"button-auto\">Skateboard Trick Tips | Curb &#038; Rail<\/a>\r\n            <br><br>\r\n            <\/div>\r\n            \r\n            <div class=\"medium-6 small-12 columns\">\r\n            <a title=\"voir tous les tricks tips de skateboard pour flat\" href=\"\/blog\/fr\/trick-tips\/skateboard\/flat\/\" class=\"button-auto\">Skateboard Trick Tips | Flat<\/a>\r\n            <br><br>\r\n            <\/div>\r\n\t\t\t\r\n\t\t<\/div>\r\n\t\t\r\n\t\t\r\n\t<\/div>\r\n<\/div><div class=\"ShariffSC\" style=\"shariff-shop\"><div class=\"shariff\" data-url=\"https:\/\/skatedeluxe.com\/blog\/fr\/trick-tips\/skateboard\/transition\/drop-in\/\" data-title=\"Drop In &#8211; Skateboard Trick Tip\" data-services='[\"facebooklike\", \"facebook\"]' data-backend-url='\/shariff\/'><\/div><\/div>","protected":false},"excerpt":{"rendered":"<p>Trick Tip Drop In Drop In signifie entrer dans un quarter \u00e0 partir du coping. C&#8217;est la chose la plus importante \u00e0 apprendre si vous voulez rider des transitions. Ainsi, c&#8217;est la base de tous les autres tricks que vous pouvez faire dans une mini rampe ou un quarter. N\u00e9anmoins, il faut un peu de <a class=\"read-more\" href=\"https:\/\/skatedeluxe.com\/blog\/fr\/trick-tips\/skateboard\/transition\/drop-in\/\">[&#8230;]<\/a><\/p>\n","protected":false},"author":24,"featured_media":119731,"parent":129895,"menu_order":1,"comment_status":"open","ping_status":"closed","template":"page-templates\/teasing-page.php","meta":{"footnotes":""},"class_list":["post-130892","page","type-page","status-publish","has-post-thumbnail","hentry"],"aioseo_notices":[],"amp_enabled":false,"_links":{"self":[{"href":"https:\/\/skatedeluxe.com\/blog\/fr\/wp-json\/wp\/v2\/pages\/130892","targetHints":{"allow":["GET"]}}],"collection":[{"href":"https:\/\/skatedeluxe.com\/blog\/fr\/wp-json\/wp\/v2\/pages"}],"about":[{"href":"https:\/\/skatedeluxe.com\/blog\/fr\/wp-json\/wp\/v2\/types\/page"}],"author":[{"embeddable":true,"href":"https:\/\/skatedeluxe.com\/blog\/fr\/wp-json\/wp\/v2\/users\/24"}],"replies":[{"embeddable":true,"href":"https:\/\/skatedeluxe.com\/blog\/fr\/wp-json\/wp\/v2\/comments?post=130892"}],"version-history":[{"count":8,"href":"https:\/\/skatedeluxe.com\/blog\/fr\/wp-json\/wp\/v2\/pages\/130892\/revisions"}],"predecessor-version":[{"id":144055,"href":"https:\/\/skatedeluxe.com\/blog\/fr\/wp-json\/wp\/v2\/pages\/130892\/revisions\/144055"}],"up":[{"embeddable":true,"href":"https:\/\/skatedeluxe.com\/blog\/fr\/wp-json\/wp\/v2\/pages\/129895"}],"wp:featuredmedia":[{"embeddable":true,"href":"https:\/\/skatedeluxe.com\/blog\/fr\/wp-json\/wp\/v2\/media\/119731"}],"wp:attachment":[{"href":"https:\/\/skatedeluxe.com\/blog\/fr\/wp-json\/wp\/v2\/media?parent=130892"}],"curies":[{"name":"wp","href":"https:\/\/api.w.org\/{rel}","templated":true}]}}