{"id":130824,"date":"2016-12-23T02:07:52","date_gmt":"2016-12-23T01:07:52","guid":{"rendered":"https:\/\/admin.skatedeluxe.com\/blog\/fr\/?page_id=130824"},"modified":"2018-05-09T11:52:41","modified_gmt":"2018-05-09T09:52:41","slug":"fs-smithgrind","status":"publish","type":"page","link":"https:\/\/skatedeluxe.com\/blog\/fr\/trick-tips\/skateboard\/curb-rail\/fs-smithgrind\/","title":{"rendered":"FS Smithgrind &#8211; Skateboard Trick Tip"},"content":{"rendered":"<div class=\"post clearfix padding-bottom\">\r\n\t<div id=\"decks-allgemeines\" class=\"hide-for-small large-2 columns\">\r\n\t\t<div class=\"date-day\">Trick Tip<\/div>\r\n\t\t<div class=\"date-month\">FS Smith Grind<\/div>\r\n\t<\/div>\r\n\r\n\t<div class=\"large-10 columns\">\r\n\t\r\n\t\t<p>\r\n\t\tPour un Frontside Smith Grind vous grindez sur votre truck arri\u00e8re alors que vous poussez vers le bas le camion avant lat\u00e9ralement et vers le bas \u00e0 c\u00f4t\u00e9 du ledge ou du rail. Bien que les Frontside Smith Grinds peut \u00eatre fait sur presque tous les spots aujourd&#8217;hui, ce trick a \u00e9t\u00e9 invent\u00e9 par un vert skateboarder.<\/p><p> Plus pr\u00e9cis\u00e9ment, Mike Smith, rider passionn\u00e9, l&#8217;a invent\u00e9. Au d\u00e9but, c&#8217;\u00e9tait plus un Smith Stall qui a \u00e9volu\u00e9 dans un grind au fil du temps. Cependant, ce trick a une bonne quantit\u00e9 de style et vaut la peine pour l&#8217;apprendre correctement.   \r\n\t\t<\/p>\r\n\t\r\n\t\t<p>\r\n\t\tApprenez ici \u00e0 faire un FS Smith Grind!\r\n\t\t<\/p>\r\n\t\t\r\n\t<\/div>\r\n<\/div>\r\n\r\n<!-- .end of introduction -->\r\n\r\n<div class=\"post clearfix padding-bottom\">\r\n\t<div id=\"decks-allgemeines\" class=\"hide-for-small large-2 columns\">\r\n\t\t<div class=\"date-day\">FS Smith Grind<\/div>\r\n\t\t<div class=\"date-month\">Video<\/div>\r\n\t<\/div>\r\n \r\n\t<div class=\"large-10 columns\">\r\n\t\r\n\t\t<h2 class=\"margin-top margin-bottom\" align=\"center\">FS Smith Grind<\/h2>\r\n\t\t\r\n\t\t<div class=\"medium-12 small-12 columns\">\r\n\t\t<div class=\"medium-10 columns medium-centered medium-offset-1 columns margin-bottom\">\r\n\r\n\t\t<div class=\"flex-video\">\r\n\t\t\t<iframe width=\"853\" height=\"480\" data-src=\"https:\/\/www.youtube-nocookie.com\/embed\/ikXAEvWNWg4\" frameborder=\"0\" allowfullscreen allow=\"autoplay; encrypted-media\"><\/iframe><noscript><iframe loading=\"lazy\" width=\"853\" height=\"480\" src=\"https:\/\/www.youtube-nocookie.com\/embed\/ikXAEvWNWg4\" frameborder=\"0\" allowfullscreen allow=\"autoplay; encrypted-media\"><\/iframe><\/noscript>\r\n\t\t<\/div>\r\n\t\t\t<div class=\"ShariffSC\" style=\"shariff-shop\"><div class=\"shariff\" data-url=\"https:\/\/skatedeluxe.com\/blog\/fr\/trick-tips\/skateboard\/curb-rail\/fs-smithgrind\/\" data-title=\"FS Smithgrind &#8211; Skateboard Trick Tip\" data-services='[\"facebooklike\", \"facebook\"]' data-backend-url='\/shariff\/'><\/div><\/div> <!-- .Social Leiste unterhalb des Videos -->\r\n\t\t<\/div>\r\n\t\t<\/div>\r\n\t\t\r\n\t<\/div>\r\n<\/div>\r\n\r\n<!-- .end of video area -->\r\n\r\n<div class=\"post clearfix padding-bottom\">\r\n\t<div id=\"decks-allgemeines\" class=\"hide-for-small large-2 columns\">\r\n\t\t<div class=\"date-day\">FS Smith Grind<\/div>\r\n\t\t<div class=\"date-month\">S\u00e9quence<\/div>\r\n\t<\/div>\r\n\r\n\t<div class=\"large-10 columns\">\r\n\t\r\n\t\t<h2 class=\"margin-top margin-bottom\" align=\"center\">Trick Tip S\u00e9quence: FS Smith Grind<\/h2>\r\n\t\t\r\n\t\t<div class=\"medium-12 small-12 columns\">\r\n\t\t<div class=\"medium-10 columns medium-centered medium-offset-1 columns margin-bottom\">\r\n\t\t<div id=\"metaslider-id-119920\" style=\"max-width: 999px; margin: 0 auto;\" class=\"ml-slider-3-98-0 ml-slider-pro-2-6-6 metaslider metaslider-nivo metaslider-119920 ml-slider ms-theme-_theme_1463567531\" role=\"region\" aria-roledescription=\"Slideshow\" aria-label=\"FS Smithgrind - Trick Tip\" data-width=\"999\">\n    <div id=\"metaslider_container_119920\">\n        <div class='slider-wrapper theme-default'><div class='ribbon'><\/div><div id='metaslider_119920' class='nivoSlider'><img loading=\"lazy\" decoding=\"async\" width=\"999\" height=\"666\" src=\"\/blog\/wp-content\/uploads\/2016\/09\/trick-tip-fs-smithgrind-1.jpg\" class=\"slider-119920 slide-119921\" alt=\"Skateboard Trick FS Smithgrind\" data-caption=\"\" data-thumb=\"\" title=\"Skateboard Trick FS Smithgrind\" rel=\"\" srcset=\"\/blog\/wp-content\/uploads\/2016\/09\/trick-tip-fs-smithgrind-1.jpg 999w, \/blog\/wp-content\/uploads\/2016\/09\/trick-tip-fs-smithgrind-1-600x400.jpg 600w, \/blog\/wp-content\/uploads\/2016\/09\/trick-tip-fs-smithgrind-1-768x512.jpg 768w\" sizes=\"auto, (max-width: 999px) 100vw, 999px\" \/><img loading=\"lazy\" decoding=\"async\" width=\"999\" height=\"666\" src=\"\/blog\/wp-content\/uploads\/2016\/09\/trick-tip-fs-smithgrind-2.jpg\" class=\"slider-119920 slide-119925\" alt=\"Skateboard Trick FS Smithgrind\" data-caption=\"\" data-thumb=\"\" title=\"Skateboard Trick FS Smithgrind\" rel=\"\" srcset=\"\/blog\/wp-content\/uploads\/2016\/09\/trick-tip-fs-smithgrind-2.jpg 999w, \/blog\/wp-content\/uploads\/2016\/09\/trick-tip-fs-smithgrind-2-600x400.jpg 600w, \/blog\/wp-content\/uploads\/2016\/09\/trick-tip-fs-smithgrind-2-768x512.jpg 768w\" sizes=\"auto, (max-width: 999px) 100vw, 999px\" \/><img loading=\"lazy\" decoding=\"async\" width=\"999\" height=\"666\" src=\"\/blog\/wp-content\/uploads\/2016\/09\/trick-tip-fs-smithgrind-3.jpg\" class=\"slider-119920 slide-119929\" alt=\"Skateboard Trick FS Smithgrind\" data-caption=\"\" data-thumb=\"\" title=\"Skateboard Trick FS Smithgrind\" rel=\"\" srcset=\"\/blog\/wp-content\/uploads\/2016\/09\/trick-tip-fs-smithgrind-3.jpg 999w, \/blog\/wp-content\/uploads\/2016\/09\/trick-tip-fs-smithgrind-3-600x400.jpg 600w, \/blog\/wp-content\/uploads\/2016\/09\/trick-tip-fs-smithgrind-3-768x512.jpg 768w\" sizes=\"auto, (max-width: 999px) 100vw, 999px\" \/><img loading=\"lazy\" decoding=\"async\" width=\"999\" height=\"666\" src=\"\/blog\/wp-content\/uploads\/2016\/09\/trick-tip-fs-smithgrind-4.jpg\" class=\"slider-119920 slide-119933\" alt=\"Skateboard Trick FS Smithgrind\" data-caption=\"\" data-thumb=\"\" title=\"Skateboard Trick FS Smithgrind\" rel=\"\" srcset=\"\/blog\/wp-content\/uploads\/2016\/09\/trick-tip-fs-smithgrind-4.jpg 999w, \/blog\/wp-content\/uploads\/2016\/09\/trick-tip-fs-smithgrind-4-600x400.jpg 600w, \/blog\/wp-content\/uploads\/2016\/09\/trick-tip-fs-smithgrind-4-768x512.jpg 768w\" sizes=\"auto, (max-width: 999px) 100vw, 999px\" \/><img loading=\"lazy\" decoding=\"async\" width=\"999\" height=\"666\" src=\"\/blog\/wp-content\/uploads\/2016\/09\/trick-tip-fs-smithgrind-5.jpg\" class=\"slider-119920 slide-119937\" alt=\"Skateboard Trick FS Smithgrind\" data-caption=\"\" data-thumb=\"\" title=\"Skateboard Trick FS Smithgrind\" rel=\"\" srcset=\"\/blog\/wp-content\/uploads\/2016\/09\/trick-tip-fs-smithgrind-5.jpg 999w, \/blog\/wp-content\/uploads\/2016\/09\/trick-tip-fs-smithgrind-5-600x400.jpg 600w, \/blog\/wp-content\/uploads\/2016\/09\/trick-tip-fs-smithgrind-5-768x512.jpg 768w\" sizes=\"auto, (max-width: 999px) 100vw, 999px\" \/><img loading=\"lazy\" decoding=\"async\" width=\"999\" height=\"666\" src=\"\/blog\/wp-content\/uploads\/2016\/09\/trick-tip-fs-smithgrind-6.jpg\" class=\"slider-119920 slide-119941\" alt=\"Skateboard Trick FS Smithgrind\" data-caption=\"\" data-thumb=\"\" title=\"Skateboard Trick FS Smithgrind\" rel=\"\" srcset=\"\/blog\/wp-content\/uploads\/2016\/09\/trick-tip-fs-smithgrind-6.jpg 999w, \/blog\/wp-content\/uploads\/2016\/09\/trick-tip-fs-smithgrind-6-600x400.jpg 600w, \/blog\/wp-content\/uploads\/2016\/09\/trick-tip-fs-smithgrind-6-768x512.jpg 768w\" sizes=\"auto, (max-width: 999px) 100vw, 999px\" \/><img loading=\"lazy\" decoding=\"async\" width=\"999\" height=\"666\" src=\"\/blog\/wp-content\/uploads\/2016\/09\/trick-tip-fs-smithgrind-7.jpg\" class=\"slider-119920 slide-119945\" alt=\"Skateboard Trick FS Smithgrind\" data-caption=\"\" data-thumb=\"\" title=\"Skateboard Trick FS Smithgrind\" rel=\"\" srcset=\"\/blog\/wp-content\/uploads\/2016\/09\/trick-tip-fs-smithgrind-7.jpg 999w, \/blog\/wp-content\/uploads\/2016\/09\/trick-tip-fs-smithgrind-7-600x400.jpg 600w, \/blog\/wp-content\/uploads\/2016\/09\/trick-tip-fs-smithgrind-7-768x512.jpg 768w\" sizes=\"auto, (max-width: 999px) 100vw, 999px\" \/><img loading=\"lazy\" decoding=\"async\" width=\"999\" height=\"666\" src=\"\/blog\/wp-content\/uploads\/2016\/09\/trick-tip-fs-smithgrind-8.jpg\" class=\"slider-119920 slide-119949\" alt=\"Skateboard Trick FS Smithgrind\" data-caption=\"\" data-thumb=\"\" title=\"Skateboard Trick FS Smithgrind\" rel=\"\" srcset=\"\/blog\/wp-content\/uploads\/2016\/09\/trick-tip-fs-smithgrind-8.jpg 999w, \/blog\/wp-content\/uploads\/2016\/09\/trick-tip-fs-smithgrind-8-600x400.jpg 600w, \/blog\/wp-content\/uploads\/2016\/09\/trick-tip-fs-smithgrind-8-768x512.jpg 768w\" sizes=\"auto, (max-width: 999px) 100vw, 999px\" \/><img loading=\"lazy\" decoding=\"async\" width=\"999\" height=\"666\" src=\"\/blog\/wp-content\/uploads\/2016\/09\/trick-tip-fs-smithgrind-9.jpg\" class=\"slider-119920 slide-119953\" alt=\"Skateboard Trick FS Smithgrind\" data-caption=\"\" data-thumb=\"\" title=\"Skateboard Trick FS Smithgrind\" rel=\"\" srcset=\"\/blog\/wp-content\/uploads\/2016\/09\/trick-tip-fs-smithgrind-9.jpg 999w, \/blog\/wp-content\/uploads\/2016\/09\/trick-tip-fs-smithgrind-9-600x400.jpg 600w, \/blog\/wp-content\/uploads\/2016\/09\/trick-tip-fs-smithgrind-9-768x512.jpg 768w\" sizes=\"auto, (max-width: 999px) 100vw, 999px\" \/><img loading=\"lazy\" decoding=\"async\" width=\"999\" height=\"666\" src=\"\/blog\/wp-content\/uploads\/2016\/09\/trick-tip-fs-smithgrind-10.jpg\" class=\"slider-119920 slide-119957\" alt=\"Skateboard Trick FS Smithgrind\" data-caption=\"\" data-thumb=\"\" title=\"Skateboard Trick FS Smithgrind\" rel=\"\" srcset=\"\/blog\/wp-content\/uploads\/2016\/09\/trick-tip-fs-smithgrind-10.jpg 999w, \/blog\/wp-content\/uploads\/2016\/09\/trick-tip-fs-smithgrind-10-600x400.jpg 600w, \/blog\/wp-content\/uploads\/2016\/09\/trick-tip-fs-smithgrind-10-768x512.jpg 768w\" sizes=\"auto, (max-width: 999px) 100vw, 999px\" \/><img loading=\"lazy\" decoding=\"async\" width=\"999\" height=\"666\" src=\"\/blog\/wp-content\/uploads\/2016\/09\/trick-tip-fs-smithgrind-11.jpg\" class=\"slider-119920 slide-119961\" alt=\"Skateboard Trick FS Smithgrind\" data-caption=\"\" data-thumb=\"\" title=\"Skateboard Trick FS Smithgrind\" rel=\"\" srcset=\"\/blog\/wp-content\/uploads\/2016\/09\/trick-tip-fs-smithgrind-11.jpg 999w, \/blog\/wp-content\/uploads\/2016\/09\/trick-tip-fs-smithgrind-11-600x400.jpg 600w, \/blog\/wp-content\/uploads\/2016\/09\/trick-tip-fs-smithgrind-11-768x512.jpg 768w\" sizes=\"auto, (max-width: 999px) 100vw, 999px\" \/><img loading=\"lazy\" decoding=\"async\" width=\"999\" height=\"666\" src=\"\/blog\/wp-content\/uploads\/2016\/09\/trick-tip-fs-smithgrind-12.jpg\" class=\"slider-119920 slide-119965\" alt=\"Skateboard Trick FS Smithgrind\" data-caption=\"\" data-thumb=\"\" title=\"Skateboard Trick FS Smithgrind\" rel=\"\" srcset=\"\/blog\/wp-content\/uploads\/2016\/09\/trick-tip-fs-smithgrind-12.jpg 999w, \/blog\/wp-content\/uploads\/2016\/09\/trick-tip-fs-smithgrind-12-600x400.jpg 600w, \/blog\/wp-content\/uploads\/2016\/09\/trick-tip-fs-smithgrind-12-768x512.jpg 768w\" sizes=\"auto, (max-width: 999px) 100vw, 999px\" \/><img loading=\"lazy\" decoding=\"async\" width=\"999\" height=\"666\" src=\"\/blog\/wp-content\/uploads\/2016\/09\/trick-tip-fs-smithgrind-13.jpg\" class=\"slider-119920 slide-119969\" alt=\"Skateboard Trick FS Smithgrind\" data-caption=\"\" data-thumb=\"\" title=\"Skateboard Trick FS Smithgrind\" rel=\"\" srcset=\"\/blog\/wp-content\/uploads\/2016\/09\/trick-tip-fs-smithgrind-13.jpg 999w, \/blog\/wp-content\/uploads\/2016\/09\/trick-tip-fs-smithgrind-13-600x400.jpg 600w, \/blog\/wp-content\/uploads\/2016\/09\/trick-tip-fs-smithgrind-13-768x512.jpg 768w\" sizes=\"auto, (max-width: 999px) 100vw, 999px\" \/><\/div><\/div>\n        \n    <\/div>\n<\/div>\r\n\t\t<\/div>\r\n\t\t<\/div>\r\n\t\t\r\n\t<\/div>\r\n<\/div>\r\n\r\n<!-- .end of sequence -->\r\n\r\n<div class=\"post clearfix padding-bottom\">\r\n\t<div id=\"decks-allgemeines\" class=\"hide-for-small large-2 columns\">\r\n\t\t<div class=\"date-day\">FS Smith Grind<\/div>\r\n\t\t<div class=\"date-month\">Etape par Etape<\/div>\r\n\t<\/div>\r\n\r\n\t<div class=\"large-10 columns\">\r\n\t\r\n\t\t<h2 class=\"margin-top margin-bottom\" align=\"center\">Trick Tip Etape par Etape: FS Smith Grind<\/h2>\r\n\t\t\r\n\t\t<p align=\"center\"><small>Clickez pour \u00e9largir<\/small>\r\n\t\t\r\n\t\t<div class=\"medium-12 columns margin-bottom\">\r\n\t\t\t\r\n\t\t\t<div class=\"small-12 medium-5 columns\">\r\n\t\t\t\t<a title=\"Clickez pour \u00e9largir\" href=\"\/blog\/wp-content\/uploads\/2016\/09\/skateboard-trick-tip-fs-smith-1.jpg\" rel=\"lightbox[gallery-1] lightbox-0\">\r\n\t\t\t\t\t<img decoding=\"async\" src=\"data:image\/gif;base64,R0lGODlhAQABAIAAAAAAAP\/\/\/yH5BAEAAAAALAAAAAABAAEAAAIBRAA7\" data-src=\"\/blog\/wp-content\/uploads\/2016\/09\/skateboard-trick-tip-fs-smith-1-thumb.jpg\" alt=\"Skateboard Trick FS Smith Grind Feet Position\" \/><noscript><img decoding=\"async\" src=\"\/blog\/wp-content\/uploads\/2016\/09\/skateboard-trick-tip-fs-smith-1-thumb.jpg\" alt=\"Skateboard Trick FS Smith Grind Feet Position\" \/><\/noscript>\r\n\t\t\t\t<\/a>\t\t\t\r\n\t\t\t<\/div>\r\n\t\t\t\r\n\t\t\t<div class=\"small-12 medium-7 columns\">\r\n\t\t\t<p>\r\n\t\t\t<span class=\"h4\">1.<\/span>\r\n\t\t\tApprochez du ledge presque parall\u00e8le avec vos pieds dans la position de Ollie et faites Ollie vers le haut du ledge.\r\n\t\t\t<\/p>\r\n\t\t\t<\/div>\r\n\t\t<\/div>\r\n\r\n\t\t\r\n\t\t<div class=\"medium-12 columns margin-bottom\">\r\n\t\t\r\n\t\t\t<!-- .jedes zweite Bild in diese DIV-Klasse -->\r\n\t\t\t<div class=\"small-12 medium-5 medium-push-7 columns\">\r\n\t\t\t\t<a title=\"Clickez pour \u00e9largir\" href=\"\/blog\/wp-content\/uploads\/2016\/09\/skateboard-trick-tip-fs-smith-2.jpg\" rel=\"lightbox[gallery-1] lightbox-1\">\r\n\t\t\t\t\t<img decoding=\"async\" src=\"data:image\/gif;base64,R0lGODlhAQABAIAAAAAAAP\/\/\/yH5BAEAAAAALAAAAAABAAEAAAIBRAA7\" data-src=\"\/blog\/wp-content\/uploads\/2016\/09\/skateboard-trick-tip-fs-smith-2-thumb.jpg\" alt=\"Skateboard Trick FS Smith Grind\" \/><noscript><img decoding=\"async\" src=\"\/blog\/wp-content\/uploads\/2016\/09\/skateboard-trick-tip-fs-smith-2-thumb.jpg\" alt=\"Skateboard Trick FS Smith Grind\" \/><\/noscript>\r\n\t\t\t\t<\/a>\t\t\t\t\r\n\t\t\t<\/div>\r\n\t\t\r\n\t\t\t<!-- .jeden zweiten Text in diese DIV-Klasse -->\r\n\t\t\t<div class=\"small-12 medium-7 medium-pull-5 columns\">\r\n\t\t\t<p>\r\n\t\t\t<span class=\"h4\">2.<\/span>\r\n\t\t\tSemblable \u00e0 un Frontside 5-0, vous mettez tout votre poids sur le truck arri\u00e8re tout en se penchant votre corps un peu loin du ledge.\r\n\t\t\t<\/p>\r\n\t\t\t<\/div>\r\n\t\t\t\t\t\r\n\t\t<\/div>\r\n\t\t\r\n\t\t<div class=\"medium-12 columns margin-bottom\">\r\n\t\t\t\r\n\t\t\t<div class=\"small-12 medium-5 columns\">\r\n\t\t\t\t<a title=\"Clickez pour \u00e9largir\" href=\"\/blog\/wp-content\/uploads\/2016\/09\/skateboard-trick-tip-fs-smith-3.jpg\" rel=\"lightbox[gallery-1] lightbox-2\">\r\n\t\t\t\t\t<img decoding=\"async\" src=\"data:image\/gif;base64,R0lGODlhAQABAIAAAAAAAP\/\/\/yH5BAEAAAAALAAAAAABAAEAAAIBRAA7\" data-src=\"\/blog\/wp-content\/uploads\/2016\/09\/skateboard-trick-tip-fs-smith-3-thumb.jpg\" alt=\"Skateboard Trick FS Smith Grind\" \/><noscript><img decoding=\"async\" src=\"\/blog\/wp-content\/uploads\/2016\/09\/skateboard-trick-tip-fs-smith-3-thumb.jpg\" alt=\"Skateboard Trick FS Smith Grind\" \/><\/noscript>\r\n\t\t\t\t<\/a>\t\t\r\n\t\t\t<\/div>\r\n\t\t\t\r\n\t\t\t<div class=\"small-12 medium-7 columns\">\r\n\t\t\t<p>\r\n\t\t\t<span class=\"h4\">3.<\/span>\r\n\t\t\tComme vous vous tenez sur votre jambe arri\u00e8re, \u00e9tirer votre jambe avant de sorte que le nose de votre board est press\u00e9 vers le bas \u00e0 c\u00f4t\u00e9 du ledge.<\/p><p> C\u2019est la position du Smith Grind.\r\n\t\t\t<\/p>\r\n\t\t\t<\/div>\r\n\t\t<\/div>\r\n\t\t\r\n\t\t<div class=\"medium-12 columns margin-bottom\">\r\n\t\t\r\n\t\t\t<div class=\"small-12 medium-5 medium-push-7 columns\">\r\n\t\t\t\t<a title=\"Clickez pour \u00e9largir\" href=\"\/blog\/wp-content\/uploads\/2016\/09\/skateboard-trick-tip-fs-smith-4.jpg\" rel=\"lightbox[gallery-1] lightbox-3\">\r\n\t\t\t\t\t<img decoding=\"async\" src=\"data:image\/gif;base64,R0lGODlhAQABAIAAAAAAAP\/\/\/yH5BAEAAAAALAAAAAABAAEAAAIBRAA7\" data-src=\"\/blog\/wp-content\/uploads\/2016\/09\/skateboard-trick-tip-fs-smith-4-thumb.jpg\" alt=\"Skateboard Trick FS Smith Grind\" \/><noscript><img decoding=\"async\" src=\"\/blog\/wp-content\/uploads\/2016\/09\/skateboard-trick-tip-fs-smith-4-thumb.jpg\" alt=\"Skateboard Trick FS Smith Grind\" \/><\/noscript>\r\n\t\t\t\t<\/a>\t\t\t\t\t\r\n\t\t\t<\/div>\r\n\t\t\r\n\t\t\t<div class=\"small-12 medium-7 medium-pull-5 columns\">\r\n\t\t\t<p>\r\n\t\t\t<span class=\"h4\">4.<\/span>\r\n\t\t\tPour rester dans cette position, vous devez garder votre corps tendu.\r\n\t\t\t<\/p>\r\n\t\t\t<\/div>\r\n\t\t<\/div>\r\n\t\t\r\n\t\t<div class=\"medium-12 columns margin-bottom\">\r\n\t\t\r\n\t\t\t<div class=\"medium-5 columns\">\r\n\t\t\t\t<a title=\"Clickez pour \u00e9largir\" href=\"\/blog\/wp-content\/uploads\/2016\/09\/skateboard-trick-tip-fs-smith-5.jpg\" rel=\"lightbox[gallery-1] lightbox-4\">\r\n\t\t\t\t\t<img decoding=\"async\" src=\"data:image\/gif;base64,R0lGODlhAQABAIAAAAAAAP\/\/\/yH5BAEAAAAALAAAAAABAAEAAAIBRAA7\" data-src=\"\/blog\/wp-content\/uploads\/2016\/09\/skateboard-trick-tip-fs-smith-5-thumb.jpg\" alt=\"Skateboard Trick FS Smith Grind\" \/><noscript><img decoding=\"async\" src=\"\/blog\/wp-content\/uploads\/2016\/09\/skateboard-trick-tip-fs-smith-5-thumb.jpg\" alt=\"Skateboard Trick FS Smith Grind\" \/><\/noscript>\r\n\t\t\t\t<\/a>\t\t\t\t\t\t\t\r\n\t\t\t<\/div>\r\n\t\t\t\r\n\t\t\t<div class=\"medium-7 columns\">\r\n\t\t\t<p>\r\n\t\t\t<span class=\"h4\">5.<\/span>\r\n\t\t\t\u00c0 la fin, vous soulevez le nose un peu en soulevant un peu sur votre tail et en sortant du grind.\r\n\t\t\t<\/p>\r\n\t\t\t<\/div>\r\n\t\t<\/div>\r\n\t\t\r\n<!-- .Ende der Step By Step Anleitung -->\r\n\r\n\t<\/div>\r\n<\/div>\r\n<div class=\"post clearfix padding-bottom\">\r\n    <div id=\"decks-allgemeines\" class=\"hide-for-small large-2 columns\">\r\n   \t <div class=\"date-day\">Plus de Tricks<\/div>\r\n   \t <div class=\"date-month\">?<\/div>\r\n    <\/div>\r\n\r\n    <div class=\"large-10 columns\">\r\n    \r\n   \t <h3 class=\"margin-top margin-bottom\" align=\"center\">Quel prochain Trick?<\/h3>\r\n\t\t\r\n\t\t<p>\r\n\t\tBien jou\u00e9! Le FS Smith Grind a l\u2019air joli et avec un super feeling. Si vous voulez pousser un peu le niveau essayer le BS Smith Grind! <\/p><p> Si vous voulez apprendre plus de tricks allez juste voir notre <a title=\"see all skateboard trick tips for flat\" href=\"\/blog\/fr\/trick-tips\/skateboard\/flat\/\">trick tips pour le flat<\/a>. Si vous \u00eates plus dans des sessions de mini rampe, vous devriez consulter notre section tricks tips pour <a title=\"voir tous les tricks de skateboard pour les transitions\" href=\"\/blog\/fr\/trick-tips\/skateboard\/transition\/\">transition.<\/a> Si vous voulez apprendre quelques grinds alors allez voir les tricks tips pour <a title=\"voir toutes les tricks tips de skateboard pour les curbs et les rails\" href=\"\/blog\/fr\/trick-tips\/skateboard\/curb-rail\/\">les curbs et les rails<\/a>.\r\n   \t <\/p>\r\n   \t \r\n   \t <div class=\"medium-12 small-12 columns\">\r\n                 <a title=\"voir tous les trick tips de skateboard pour curb &#038; rail\" href=\"\/blog\/fr\/trick-tips\/skateboard\/curb-rail\/\" class=\"button-auto\">Skateboard Trick Tips | Curb &#038; Rail<\/a>\r\n   \t\t <br><br>\r\n   \t\t \r\n   \t\t <div class=\"medium-6 small-12 columns\">\r\n   \t\t <a title=\"voir tous les trick tips de skateboard pour flat\" href=\"\/blog\/fr\/trick-tips\/skateboard\/flat\/\" class=\"button-auto\">Skateboard Trick Tips | Flat<\/a>\r\n   \t\t <br><br>\r\n   \t\t <\/div>\r\n   \t\t \r\n   \t\t <div class=\"medium-6 small-12 columns\">\r\n   \t\t <a title=\"voir tous les trick tips de skateboard pour transitions\" href=\"\/blog\/fr\/trick-tips\/skateboard\/transition\/\" class=\"button-auto\">Skateboard Trick Tips | Transition<\/a>\r\n\t\t\t<br><br>\r\n\t\t\t<\/div>\r\n\t\t\t\r\n\t\t<\/div>\r\n\t\t\r\n\t\t\r\n\t<\/div>\r\n<\/div><div class=\"ShariffSC\" style=\"shariff-shop\"><div class=\"shariff\" data-url=\"https:\/\/skatedeluxe.com\/blog\/fr\/trick-tips\/skateboard\/curb-rail\/fs-smithgrind\/\" data-title=\"FS Smithgrind &#8211; Skateboard Trick Tip\" data-services='[\"facebooklike\", \"facebook\"]' data-backend-url='\/shariff\/'><\/div><\/div>","protected":false},"excerpt":{"rendered":"<p>Trick Tip FS Smith Grind Pour un Frontside Smith Grind vous grindez sur votre truck arri\u00e8re alors que vous poussez vers le bas le camion avant lat\u00e9ralement et vers le bas \u00e0 c\u00f4t\u00e9 du ledge ou du rail. Bien que les Frontside Smith Grinds peut \u00eatre fait sur presque tous les spots aujourd&#8217;hui, ce trick <a class=\"read-more\" href=\"https:\/\/skatedeluxe.com\/blog\/fr\/trick-tips\/skateboard\/curb-rail\/fs-smithgrind\/\">[&#8230;]<\/a><\/p>\n","protected":false},"author":24,"featured_media":119240,"parent":129892,"menu_order":14,"comment_status":"closed","ping_status":"closed","template":"page-templates\/teasing-page.php","meta":{"footnotes":""},"class_list":["post-130824","page","type-page","status-publish","has-post-thumbnail","hentry"],"aioseo_notices":[],"amp_enabled":false,"_links":{"self":[{"href":"https:\/\/skatedeluxe.com\/blog\/fr\/wp-json\/wp\/v2\/pages\/130824","targetHints":{"allow":["GET"]}}],"collection":[{"href":"https:\/\/skatedeluxe.com\/blog\/fr\/wp-json\/wp\/v2\/pages"}],"about":[{"href":"https:\/\/skatedeluxe.com\/blog\/fr\/wp-json\/wp\/v2\/types\/page"}],"author":[{"embeddable":true,"href":"https:\/\/skatedeluxe.com\/blog\/fr\/wp-json\/wp\/v2\/users\/24"}],"replies":[{"embeddable":true,"href":"https:\/\/skatedeluxe.com\/blog\/fr\/wp-json\/wp\/v2\/comments?post=130824"}],"version-history":[{"count":8,"href":"https:\/\/skatedeluxe.com\/blog\/fr\/wp-json\/wp\/v2\/pages\/130824\/revisions"}],"predecessor-version":[{"id":144034,"href":"https:\/\/skatedeluxe.com\/blog\/fr\/wp-json\/wp\/v2\/pages\/130824\/revisions\/144034"}],"up":[{"embeddable":true,"href":"https:\/\/skatedeluxe.com\/blog\/fr\/wp-json\/wp\/v2\/pages\/129892"}],"wp:featuredmedia":[{"embeddable":true,"href":"https:\/\/skatedeluxe.com\/blog\/fr\/wp-json\/wp\/v2\/media\/119240"}],"wp:attachment":[{"href":"https:\/\/skatedeluxe.com\/blog\/fr\/wp-json\/wp\/v2\/media?parent=130824"}],"curies":[{"name":"wp","href":"https:\/\/api.w.org\/{rel}","templated":true}]}}