{"id":130303,"date":"2016-12-23T01:58:56","date_gmt":"2016-12-23T00:58:56","guid":{"rendered":"https:\/\/admin.skatedeluxe.com\/blog\/fr\/?page_id=130303"},"modified":"2018-05-09T11:34:12","modified_gmt":"2018-05-09T09:34:12","slug":"fs-noseslide","status":"publish","type":"page","link":"https:\/\/skatedeluxe.com\/blog\/fr\/trick-tips\/skateboard\/curb-rail\/fs-noseslide\/","title":{"rendered":"FS Noseslide &#8211; Skateboard Trick Tip"},"content":{"rendered":"<div class=\"post clearfix padding-bottom\">\r\n    <div id=\"decks-allgemeines\" class=\"hide-for-small large-2 columns\">\r\n        <div class=\"date-day\">Trick Tip<\/div>\r\n        <div class=\"date-month\">FS Noseslide<\/div>\r\n    <\/div>\r\n\r\n    <div class=\"large-10 columns\">\r\n    \r\n        <p>\r\n        Alors que BS Noseslides sont assez faciles \u00e0 apprendre, le Frontside Noseslide est un toboggan assez difficile mais tr\u00e8s \u00e9l\u00e9gant en m\u00eame temps.<\/p><p> Pour un Frontside Noseslide vous devriez d\u00e9j\u00e0 avoir v\u00e9rrouill\u00e9 les Frontside Boardslides pour obtenir le sentiment du mouvement et pour les Frontside en g\u00e9n\u00e9ral.\r\n        <\/p>\r\n    \r\n        <p>\r\n        Apprenez ici \u00e0 faire un FS Noseslide!\r\n        <\/p>\r\n        \r\n    <\/div>\r\n<\/div>\r\n\r\n<!-- .end of introduction -->\r\n\r\n<div class=\"post clearfix padding-bottom\">\r\n    <div id=\"decks-allgemeines\" class=\"hide-for-small large-2 columns\">\r\n        <div class=\"date-day\">FS Noseslide<\/div>\r\n        <div class=\"date-month\">Video<\/div>\r\n    <\/div>\r\n \r\n    <div class=\"large-10 columns\">\r\n    \r\n        <h2 class=\"margin-top margin-bottom\" align=\"center\">FS Noseslide<\/h2>\r\n        \r\n        <div class=\"medium-12 small-12 columns\">\r\n        <div class=\"medium-10 columns medium-centered medium-offset-1 columns margin-bottom\">\r\n\r\n        <div class=\"flex-video\">\r\n            <iframe width=\"853\" height=\"480\" data-src=\"https:\/\/www.youtube-nocookie.com\/embed\/Jb0k89MJZCI\" frameborder=\"0\" allowfullscreen allow=\"autoplay; encrypted-media\"><\/iframe><noscript><iframe loading=\"lazy\" width=\"853\" height=\"480\" src=\"https:\/\/www.youtube-nocookie.com\/embed\/Jb0k89MJZCI\" frameborder=\"0\" allowfullscreen allow=\"autoplay; encrypted-media\"><\/iframe><\/noscript>\r\n        <\/div>\r\n            <div class=\"ShariffSC\" style=\"shariff-shop\"><div class=\"shariff\" data-url=\"https:\/\/skatedeluxe.com\/blog\/fr\/trick-tips\/skateboard\/curb-rail\/fs-noseslide\/\" data-title=\"FS Noseslide &#8211; Skateboard Trick Tip\" data-services='[\"facebooklike\", \"facebook\"]' data-backend-url='\/shariff\/'><\/div><\/div> <!-- .Social Leiste unterhalb des Videos -->\r\n        <\/div>\r\n        <\/div>\r\n        \r\n    <\/div>\r\n<\/div>\r\n\r\n<!-- .end of video area -->\r\n\r\n<div class=\"post clearfix padding-bottom\">\r\n    <div id=\"decks-allgemeines\" class=\"hide-for-small large-2 columns\">\r\n        <div class=\"date-day\">FS Noseslide<\/div>\r\n        <div class=\"date-month\">S\u00e9quence<\/div>\r\n    <\/div>\r\n\r\n    <div class=\"large-10 columns\">\r\n    \r\n        <h2 class=\"margin-top margin-bottom\" align=\"center\">Trick Tip S\u00e9quence: FS Noseslide<\/h2>\r\n        \r\n        <div class=\"medium-12 small-12 columns\">\r\n        <div class=\"medium-10 columns medium-centered medium-offset-1 columns margin-bottom\">\r\n        <div id=\"metaslider-id-117876\" style=\"max-width: 999px; margin: 0 auto;\" class=\"ml-slider-3-98-0 ml-slider-pro-2-6-6 metaslider metaslider-nivo metaslider-117876 ml-slider ms-theme-_theme_1463567531\" role=\"region\" aria-roledescription=\"Slideshow\" aria-label=\"FS Noseslide - Trick Tip\" data-width=\"999\">\n    <div id=\"metaslider_container_117876\">\n        <div class='slider-wrapper theme-default'><div class='ribbon'><\/div><div id='metaslider_117876' class='nivoSlider'><img loading=\"lazy\" decoding=\"async\" width=\"999\" height=\"666\" src=\"\/blog\/wp-content\/uploads\/2016\/09\/trick-tip-fs-noseslide-1.jpg\" class=\"slider-117876 slide-117877\" alt=\"Skateboard Trick FS Noseslide\" data-caption=\"\" data-thumb=\"\" title=\"Skateboard Trick FS Noseslide\" rel=\"\" srcset=\"\/blog\/wp-content\/uploads\/2016\/09\/trick-tip-fs-noseslide-1.jpg 999w, \/blog\/wp-content\/uploads\/2016\/09\/trick-tip-fs-noseslide-1-600x400.jpg 600w, \/blog\/wp-content\/uploads\/2016\/09\/trick-tip-fs-noseslide-1-768x512.jpg 768w\" sizes=\"auto, (max-width: 999px) 100vw, 999px\" \/><img loading=\"lazy\" decoding=\"async\" width=\"999\" height=\"666\" src=\"\/blog\/wp-content\/uploads\/2016\/09\/trick-tip-fs-noseslide-2.jpg\" class=\"slider-117876 slide-117881\" alt=\"Skateboard Trick FS Noseslide\" data-caption=\"\" data-thumb=\"\" title=\"Skateboard Trick FS Noseslide\" rel=\"\" srcset=\"\/blog\/wp-content\/uploads\/2016\/09\/trick-tip-fs-noseslide-2.jpg 999w, \/blog\/wp-content\/uploads\/2016\/09\/trick-tip-fs-noseslide-2-600x400.jpg 600w, \/blog\/wp-content\/uploads\/2016\/09\/trick-tip-fs-noseslide-2-768x512.jpg 768w\" sizes=\"auto, (max-width: 999px) 100vw, 999px\" \/><img loading=\"lazy\" decoding=\"async\" width=\"999\" height=\"666\" src=\"\/blog\/wp-content\/uploads\/2016\/09\/trick-tip-fs-noseslide-3.jpg\" class=\"slider-117876 slide-117885\" alt=\"Skateboard Trick FS Noseslide\" data-caption=\"\" data-thumb=\"\" title=\"Skateboard Trick FS Noseslide\" rel=\"\" srcset=\"\/blog\/wp-content\/uploads\/2016\/09\/trick-tip-fs-noseslide-3.jpg 999w, \/blog\/wp-content\/uploads\/2016\/09\/trick-tip-fs-noseslide-3-600x400.jpg 600w, \/blog\/wp-content\/uploads\/2016\/09\/trick-tip-fs-noseslide-3-768x512.jpg 768w\" sizes=\"auto, (max-width: 999px) 100vw, 999px\" \/><img loading=\"lazy\" decoding=\"async\" width=\"999\" height=\"666\" src=\"\/blog\/wp-content\/uploads\/2016\/09\/trick-tip-fs-noseslide-4.jpg\" class=\"slider-117876 slide-117889\" alt=\"Skateboard Trick FS Noseslide\" data-caption=\"\" data-thumb=\"\" title=\"Skateboard Trick FS Noseslide\" rel=\"\" srcset=\"\/blog\/wp-content\/uploads\/2016\/09\/trick-tip-fs-noseslide-4.jpg 999w, \/blog\/wp-content\/uploads\/2016\/09\/trick-tip-fs-noseslide-4-600x400.jpg 600w, \/blog\/wp-content\/uploads\/2016\/09\/trick-tip-fs-noseslide-4-768x512.jpg 768w\" sizes=\"auto, (max-width: 999px) 100vw, 999px\" \/><img loading=\"lazy\" decoding=\"async\" width=\"999\" height=\"666\" src=\"\/blog\/wp-content\/uploads\/2016\/09\/trick-tip-fs-noseslide-5.jpg\" class=\"slider-117876 slide-117893\" alt=\"Skateboard Trick FS Noseslide\" data-caption=\"\" data-thumb=\"\" title=\"Skateboard Trick FS Noseslide\" rel=\"\" srcset=\"\/blog\/wp-content\/uploads\/2016\/09\/trick-tip-fs-noseslide-5.jpg 999w, \/blog\/wp-content\/uploads\/2016\/09\/trick-tip-fs-noseslide-5-600x400.jpg 600w, \/blog\/wp-content\/uploads\/2016\/09\/trick-tip-fs-noseslide-5-768x512.jpg 768w\" sizes=\"auto, (max-width: 999px) 100vw, 999px\" \/><img loading=\"lazy\" decoding=\"async\" width=\"999\" height=\"666\" src=\"\/blog\/wp-content\/uploads\/2016\/09\/trick-tip-fs-noseslide-6.jpg\" class=\"slider-117876 slide-117897\" alt=\"Skateboard Trick FS Noseslide\" data-caption=\"\" data-thumb=\"\" title=\"Skateboard Trick FS Noseslide\" rel=\"\" srcset=\"\/blog\/wp-content\/uploads\/2016\/09\/trick-tip-fs-noseslide-6.jpg 999w, \/blog\/wp-content\/uploads\/2016\/09\/trick-tip-fs-noseslide-6-600x400.jpg 600w, \/blog\/wp-content\/uploads\/2016\/09\/trick-tip-fs-noseslide-6-768x512.jpg 768w\" sizes=\"auto, (max-width: 999px) 100vw, 999px\" \/><img loading=\"lazy\" decoding=\"async\" width=\"999\" height=\"666\" src=\"\/blog\/wp-content\/uploads\/2016\/09\/trick-tip-fs-noseslide-7.jpg\" class=\"slider-117876 slide-117901\" alt=\"Skateboard Trick FS Noseslide\" data-caption=\"\" data-thumb=\"\" title=\"Skateboard Trick FS Noseslide\" rel=\"\" srcset=\"\/blog\/wp-content\/uploads\/2016\/09\/trick-tip-fs-noseslide-7.jpg 999w, \/blog\/wp-content\/uploads\/2016\/09\/trick-tip-fs-noseslide-7-600x400.jpg 600w, \/blog\/wp-content\/uploads\/2016\/09\/trick-tip-fs-noseslide-7-768x512.jpg 768w\" sizes=\"auto, (max-width: 999px) 100vw, 999px\" \/><img loading=\"lazy\" decoding=\"async\" width=\"999\" height=\"666\" src=\"\/blog\/wp-content\/uploads\/2016\/09\/trick-tip-fs-noseslide-8.jpg\" class=\"slider-117876 slide-117905\" alt=\"Skateboard Trick FS Noseslide\" data-caption=\"\" data-thumb=\"\" title=\"Skateboard Trick FS Noseslide\" rel=\"\" srcset=\"\/blog\/wp-content\/uploads\/2016\/09\/trick-tip-fs-noseslide-8.jpg 999w, \/blog\/wp-content\/uploads\/2016\/09\/trick-tip-fs-noseslide-8-600x400.jpg 600w, \/blog\/wp-content\/uploads\/2016\/09\/trick-tip-fs-noseslide-8-768x512.jpg 768w\" sizes=\"auto, (max-width: 999px) 100vw, 999px\" \/><img loading=\"lazy\" decoding=\"async\" width=\"999\" height=\"666\" src=\"\/blog\/wp-content\/uploads\/2016\/09\/trick-tip-fs-noseslide-9.jpg\" class=\"slider-117876 slide-117909\" alt=\"Skateboard Trick FS Noseslide\" data-caption=\"\" data-thumb=\"\" title=\"Skateboard Trick FS Noseslide\" rel=\"\" srcset=\"\/blog\/wp-content\/uploads\/2016\/09\/trick-tip-fs-noseslide-9.jpg 999w, \/blog\/wp-content\/uploads\/2016\/09\/trick-tip-fs-noseslide-9-600x400.jpg 600w, \/blog\/wp-content\/uploads\/2016\/09\/trick-tip-fs-noseslide-9-768x512.jpg 768w\" sizes=\"auto, (max-width: 999px) 100vw, 999px\" \/><img loading=\"lazy\" decoding=\"async\" width=\"999\" height=\"666\" src=\"\/blog\/wp-content\/uploads\/2016\/09\/trick-tip-fs-noseslide-10.jpg\" class=\"slider-117876 slide-117913\" alt=\"Skateboard Trick FS Noseslide\" data-caption=\"\" data-thumb=\"\" title=\"Skateboard Trick FS Noseslide\" rel=\"\" srcset=\"\/blog\/wp-content\/uploads\/2016\/09\/trick-tip-fs-noseslide-10.jpg 999w, \/blog\/wp-content\/uploads\/2016\/09\/trick-tip-fs-noseslide-10-600x400.jpg 600w, \/blog\/wp-content\/uploads\/2016\/09\/trick-tip-fs-noseslide-10-768x512.jpg 768w\" sizes=\"auto, (max-width: 999px) 100vw, 999px\" \/><img loading=\"lazy\" decoding=\"async\" width=\"999\" height=\"666\" src=\"\/blog\/wp-content\/uploads\/2016\/09\/trick-tip-fs-noseslide-11.jpg\" class=\"slider-117876 slide-117917\" alt=\"Skateboard Trick FS Noseslide\" data-caption=\"\" data-thumb=\"\" title=\"Skateboard Trick FS Noseslide\" rel=\"\" srcset=\"\/blog\/wp-content\/uploads\/2016\/09\/trick-tip-fs-noseslide-11.jpg 999w, \/blog\/wp-content\/uploads\/2016\/09\/trick-tip-fs-noseslide-11-600x400.jpg 600w, \/blog\/wp-content\/uploads\/2016\/09\/trick-tip-fs-noseslide-11-768x512.jpg 768w\" sizes=\"auto, (max-width: 999px) 100vw, 999px\" \/><img loading=\"lazy\" decoding=\"async\" width=\"999\" height=\"666\" src=\"\/blog\/wp-content\/uploads\/2016\/09\/trick-tip-fs-noseslide-12.jpg\" class=\"slider-117876 slide-117921\" alt=\"Skateboard Trick FS Noseslide\" data-caption=\"\" data-thumb=\"\" title=\"Skateboard Trick FS Noseslide\" rel=\"\" srcset=\"\/blog\/wp-content\/uploads\/2016\/09\/trick-tip-fs-noseslide-12.jpg 999w, \/blog\/wp-content\/uploads\/2016\/09\/trick-tip-fs-noseslide-12-600x400.jpg 600w, \/blog\/wp-content\/uploads\/2016\/09\/trick-tip-fs-noseslide-12-768x512.jpg 768w\" sizes=\"auto, (max-width: 999px) 100vw, 999px\" \/><img loading=\"lazy\" decoding=\"async\" width=\"999\" height=\"666\" src=\"\/blog\/wp-content\/uploads\/2016\/09\/trick-tip-fs-noseslide-13.jpg\" class=\"slider-117876 slide-117925\" alt=\"Skateboard Trick FS Noseslide\" data-caption=\"\" data-thumb=\"\" title=\"Skateboard Trick FS Noseslide\" rel=\"\" srcset=\"\/blog\/wp-content\/uploads\/2016\/09\/trick-tip-fs-noseslide-13.jpg 999w, \/blog\/wp-content\/uploads\/2016\/09\/trick-tip-fs-noseslide-13-600x400.jpg 600w, \/blog\/wp-content\/uploads\/2016\/09\/trick-tip-fs-noseslide-13-768x512.jpg 768w\" sizes=\"auto, (max-width: 999px) 100vw, 999px\" \/><img loading=\"lazy\" decoding=\"async\" width=\"999\" height=\"666\" src=\"\/blog\/wp-content\/uploads\/2016\/09\/trick-tip-fs-noseslide-14.jpg\" class=\"slider-117876 slide-117929\" alt=\"Skateboard Trick FS Noseslide\" data-caption=\"\" data-thumb=\"\" title=\"Skateboard Trick FS Noseslide\" rel=\"\" srcset=\"\/blog\/wp-content\/uploads\/2016\/09\/trick-tip-fs-noseslide-14.jpg 999w, \/blog\/wp-content\/uploads\/2016\/09\/trick-tip-fs-noseslide-14-600x400.jpg 600w, \/blog\/wp-content\/uploads\/2016\/09\/trick-tip-fs-noseslide-14-768x512.jpg 768w\" sizes=\"auto, (max-width: 999px) 100vw, 999px\" \/><\/div><\/div>\n        \n    <\/div>\n<\/div>\r\n        <\/div>\r\n        <\/div>\r\n        \r\n    <\/div>\r\n<\/div>\r\n\r\n<!-- .end of sequence -->\r\n\r\n<div class=\"post clearfix padding-bottom\">\r\n    <div id=\"decks-allgemeines\" class=\"hide-for-small large-2 columns\">\r\n        <div class=\"date-day\">FS Noseslide<\/div>\r\n        <div class=\"date-month\">Etape par Etape<\/div>\r\n    <\/div>\r\n\r\n    <div class=\"large-10 columns\">\r\n    \r\n        <h2 class=\"margin-top margin-bottom\" align=\"center\">Trick Tip Etape par Etape: FS Noseslide<\/h2>\r\n        \r\n        <p align=\"center\"><small>Clickez pour \u00e9largir<\/small>\r\n        \r\n        <div class=\"medium-12 columns margin-bottom\">\r\n            \r\n            <div class=\"small-12 medium-5 columns\">\r\n                <a title=\"Clickez pour \u00e9largir\" href=\"\/blog\/wp-content\/uploads\/2016\/09\/skateboard-trick-tip-fs-noseslide-1.jpg\" rel=\"lightbox[gallery-1] lightbox-0\">\r\n                    <img decoding=\"async\" src=\"data:image\/gif;base64,R0lGODlhAQABAIAAAAAAAP\/\/\/yH5BAEAAAAALAAAAAABAAEAAAIBRAA7\" data-src=\"\/blog\/wp-content\/uploads\/2016\/09\/skateboard-trick-tip-fs-noseslide-1-thumb.jpg\" alt=\"Skateboard Trick FS Noseslide Feet Position\" \/><noscript><img decoding=\"async\" src=\"\/blog\/wp-content\/uploads\/2016\/09\/skateboard-trick-tip-fs-noseslide-1-thumb.jpg\" alt=\"Skateboard Trick FS Noseslide Feet Position\" \/><\/noscript>\r\n                <\/a>            \r\n            <\/div>\r\n            \r\n            <div class=\"small-12 medium-7 columns\">\r\n            <p>\r\n            <span class=\"h4\">1.<\/span>\r\n            Approchez du ledge presque parall\u00e8le alors que vous mettez vos pieds dans une position Ollie et ollie vers le haut du ledge.\r\n            <\/p>\r\n            <\/div>\r\n        <\/div>\r\n\r\n        \r\n        <div class=\"medium-12 columns margin-bottom\">\r\n        \r\n            <!-- .jedes zweite Bild in diese DIV-Klasse -->\r\n            <div class=\"small-12 medium-5 medium-push-7 columns\">\r\n                <a title=\"Clickez pour \u00e9largir\" href=\"\/blog\/wp-content\/uploads\/2016\/09\/skateboard-trick-tip-fs-noseslide-2.jpg\" rel=\"lightbox[gallery-1] lightbox-1\">\r\n                    <img decoding=\"async\" src=\"data:image\/gif;base64,R0lGODlhAQABAIAAAAAAAP\/\/\/yH5BAEAAAAALAAAAAABAAEAAAIBRAA7\" data-src=\"\/blog\/wp-content\/uploads\/2016\/09\/skateboard-trick-tip-fs-noseslide-2-thumb.jpg\" alt=\"Skateboard Trick FS Noseslide\" \/><noscript><img decoding=\"async\" src=\"\/blog\/wp-content\/uploads\/2016\/09\/skateboard-trick-tip-fs-noseslide-2-thumb.jpg\" alt=\"Skateboard Trick FS Noseslide\" \/><\/noscript>\r\n                <\/a>                \r\n            <\/div>\r\n        \r\n            <!-- .jeden zweiten Text in diese DIV-Klasse -->\r\n            <div class=\"small-12 medium-7 medium-pull-5 columns\">\r\n            <p>\r\n            <span class=\"h4\">2.<\/span>\r\n            Pour poser votre nose sur le ledge, vous devez faire la moiti\u00e9 d&#8217;un backside 180 Ollie, donc un Ollie backside 90 degr\u00e9s.<\/p><p> Mais avec votre nose sur le ledge et changer tout votre poids sur elle une fois que vous avez verrouill\u00e9.\r\n            <\/p>\r\n            <\/div>\r\n                    \r\n        <\/div>\r\n        \r\n        <div class=\"medium-12 columns margin-bottom\">\r\n            \r\n            <div class=\"small-12 medium-5 columns\">\r\n                <a title=\"Clickez pour \u00e9largir\" href=\"\/blog\/wp-content\/uploads\/2016\/09\/skateboard-trick-tip-fs-noseslide-3.jpg\" rel=\"lightbox[gallery-1] lightbox-2\">\r\n                    <img decoding=\"async\" src=\"data:image\/gif;base64,R0lGODlhAQABAIAAAAAAAP\/\/\/yH5BAEAAAAALAAAAAABAAEAAAIBRAA7\" data-src=\"\/blog\/wp-content\/uploads\/2016\/09\/skateboard-trick-tip-fs-noseslide-3-thumb.jpg\" alt=\"Skateboard Trick FS Noseslide\" \/><noscript><img decoding=\"async\" src=\"\/blog\/wp-content\/uploads\/2016\/09\/skateboard-trick-tip-fs-noseslide-3-thumb.jpg\" alt=\"Skateboard Trick FS Noseslide\" \/><\/noscript>\r\n                <\/a>        \r\n            <\/div>\r\n            \r\n            <div class=\"small-12 medium-7 columns\">\r\n            <p>\r\n            <span class=\"h4\">3.<\/span>\r\n            Il est important de verrouiller bien sur le nose exactement \u00e0 90 degr\u00e9s sinon vous pourriez obtenir coinc\u00e9.\r\n            <\/p>\r\n            <\/div>\r\n        <\/div>\r\n        \r\n        <div class=\"medium-12 columns margin-bottom\">\r\n        \r\n            <div class=\"small-12 medium-5 medium-push-7 columns\">\r\n                <a title=\"Clickez pour \u00e9largir\" href=\"\/blog\/wp-content\/uploads\/2016\/09\/skateboard-trick-tip-fs-noseslide-4.jpg\" rel=\"lightbox[gallery-1] lightbox-3\">\r\n                    <img decoding=\"async\" src=\"data:image\/gif;base64,R0lGODlhAQABAIAAAAAAAP\/\/\/yH5BAEAAAAALAAAAAABAAEAAAIBRAA7\" data-src=\"\/blog\/wp-content\/uploads\/2016\/09\/skateboard-trick-tip-fs-noseslide-4-thumb.jpg\" alt=\"Skateboard Trick FS Noseslide\" \/><noscript><img decoding=\"async\" src=\"\/blog\/wp-content\/uploads\/2016\/09\/skateboard-trick-tip-fs-noseslide-4-thumb.jpg\" alt=\"Skateboard Trick FS Noseslide\" \/><\/noscript>\r\n                <\/a>                    \r\n            <\/div>\r\n        \r\n            <div class=\"small-12 medium-7 medium-pull-5 columns\">\r\n            <p>\r\n            <span class=\"h4\">4.<\/span>\r\n            \u00c0 la fin, vous poussez votre planche avec le nose en avant et en arri\u00e8re dans une position de conduite droite.\r\n            <\/p>\r\n            <\/div>\r\n        <\/div>\r\n        \r\n        <div class=\"medium-12 columns margin-bottom\">\r\n        \r\n            <div class=\"medium-5 columns\">\r\n                <a title=\"Clickez pour \u00e9largir\" href=\"\/blog\/wp-content\/uploads\/2016\/09\/skateboard-trick-tip-fs-noseslide-5.jpg\" rel=\"lightbox[gallery-1] lightbox-4\">\r\n                    <img decoding=\"async\" src=\"data:image\/gif;base64,R0lGODlhAQABAIAAAAAAAP\/\/\/yH5BAEAAAAALAAAAAABAAEAAAIBRAA7\" data-src=\"\/blog\/wp-content\/uploads\/2016\/09\/skateboard-trick-tip-fs-noseslide-5-thumb.jpg\" alt=\"Skateboard Trick FS Noseslide\" \/><noscript><img decoding=\"async\" src=\"\/blog\/wp-content\/uploads\/2016\/09\/skateboard-trick-tip-fs-noseslide-5-thumb.jpg\" alt=\"Skateboard Trick FS Noseslide\" \/><\/noscript>\r\n                <\/a>                            \r\n            <\/div>\r\n            \r\n            <div class=\"medium-7 columns\">\r\n            <p>\r\n            <span class=\"h4\">5.<\/span>\r\n            Vous pouvez \u00e9galement essayer de sortir du c\u00f4t\u00e9 du ledge avec un peu de bruit du nose et de tourner la planche avec vos \u00e9paules et votre jambe arri\u00e8re.\r\n            <\/p>\r\n            <\/div>\r\n        <\/div>\r\n\r\n<!-- .Ende der Step By Step Anleitung -->\r\n\r\n    <\/div>\r\n<\/div>\r\n<div class=\"post clearfix padding-bottom\">\r\n    <div id=\"decks-allgemeines\" class=\"hide-for-small large-2 columns\">\r\n   \t <div class=\"date-day\">Plus de Tricks<\/div>\r\n   \t <div class=\"date-month\">?<\/div>\r\n    <\/div>\r\n\r\n    <div class=\"large-10 columns\">\r\n    \r\n   \t <h3 class=\"margin-top margin-bottom\" align=\"center\">Quel prochain Trick?<\/h3>\r\n        \r\n        <p>\r\n        C\u2019est un long chemin pour faire de beaux FS Noseslide. Mais une fois maitris\u00e9s ils vont plaire \u00e0 la foule. Les BS Tailslides sont durs mais jolis! Faites les la prochaine foist! <\/p><p> Si vous voulez apprendre plus de tricks allez juste voir notre <a title=\"see all skateboard trick tips for flat\" href=\"\/blog\/fr\/trick-tips\/skateboard\/flat\/\">trick tips pour le flat<\/a>. Si vous \u00eates plus dans des sessions de mini rampe, vous devriez consulter notre section tricks tips pour <a title=\"voir tous les tricks de skateboard pour les transitions href=\"\/blog\/fr\/trick-tips\/skateboard\/transition\/\"> transition<\/a>. Si vous voulez apprendre quelques grinds alors allez voir les tricks tips pour <a title=\"voir toutes les tricks tips de skateboard pour les curbs et les rails\" href=\"\/blog\/fr\/trick-tips\/skateboard\/curb-rail\/\">les curbs et les rails<\/a>.\r\n        <\/p>\r\n        \r\n        <div class=\"medium-12 small-12 columns\">\r\n                 <a title=\"voir tous les trick tips de skateboard pour curb &#038; rail\" href=\"\/blog\/fr\/trick-tips\/skateboard\/curb-rail\/\" class=\"button-auto\">Skateboard Trick Tips | Curb &#038; Rail<\/a>\r\n   \t\t <br><br>\r\n   \t\t \r\n   \t\t <div class=\"medium-6 small-12 columns\">\r\n   \t\t <a title=\"voir tous les trick tips de skateboard pour flat\" href=\"\/blog\/fr\/trick-tips\/skateboard\/flat\/\" class=\"button-auto\">Skateboard Trick Tips | Flat<\/a>\r\n   \t\t <br><br>\r\n   \t\t <\/div>\r\n   \t\t \r\n   \t\t <div class=\"medium-6 small-12 columns\">\r\n   \t\t <a title=\"voir tous les trick tips de skateboard pour transitions\" href=\"\/blog\/fr\/trick-tips\/skateboard\/transition\/\" class=\"button-auto\">Skateboard Trick Tips | Transition<\/a>\r\n\t\t\t<br><br>\r\n\t\t\t<\/div>\r\n            \r\n        <\/div>\r\n        \r\n        \r\n    <\/div>\r\n<\/div><div class=\"ShariffSC\" style=\"shariff-shop\"><div class=\"shariff\" data-url=\"https:\/\/skatedeluxe.com\/blog\/fr\/trick-tips\/skateboard\/curb-rail\/fs-noseslide\/\" data-title=\"FS Noseslide &#8211; Skateboard Trick Tip\" data-services='[\"facebooklike\", \"facebook\"]' data-backend-url='\/shariff\/'><\/div><\/div>","protected":false},"excerpt":{"rendered":"<p>Trick Tip FS Noseslide Alors que BS Noseslides sont assez faciles \u00e0 apprendre, le Frontside Noseslide est un toboggan assez difficile mais tr\u00e8s \u00e9l\u00e9gant en m\u00eame temps. Pour un Frontside Noseslide vous devriez d\u00e9j\u00e0 avoir v\u00e9rrouill\u00e9 les Frontside Boardslides pour obtenir le sentiment du mouvement et pour les Frontside en g\u00e9n\u00e9ral. Apprenez ici \u00e0 faire <a class=\"read-more\" href=\"https:\/\/skatedeluxe.com\/blog\/fr\/trick-tips\/skateboard\/curb-rail\/fs-noseslide\/\">[&#8230;]<\/a><\/p>\n","protected":false},"author":39,"featured_media":117589,"parent":129892,"menu_order":10,"comment_status":"open","ping_status":"closed","template":"page-templates\/teasing-page.php","meta":{"footnotes":""},"class_list":["post-130303","page","type-page","status-publish","has-post-thumbnail","hentry"],"aioseo_notices":[],"amp_enabled":false,"_links":{"self":[{"href":"https:\/\/skatedeluxe.com\/blog\/fr\/wp-json\/wp\/v2\/pages\/130303","targetHints":{"allow":["GET"]}}],"collection":[{"href":"https:\/\/skatedeluxe.com\/blog\/fr\/wp-json\/wp\/v2\/pages"}],"about":[{"href":"https:\/\/skatedeluxe.com\/blog\/fr\/wp-json\/wp\/v2\/types\/page"}],"author":[{"embeddable":true,"href":"https:\/\/skatedeluxe.com\/blog\/fr\/wp-json\/wp\/v2\/users\/39"}],"replies":[{"embeddable":true,"href":"https:\/\/skatedeluxe.com\/blog\/fr\/wp-json\/wp\/v2\/comments?post=130303"}],"version-history":[{"count":9,"href":"https:\/\/skatedeluxe.com\/blog\/fr\/wp-json\/wp\/v2\/pages\/130303\/revisions"}],"predecessor-version":[{"id":144017,"href":"https:\/\/skatedeluxe.com\/blog\/fr\/wp-json\/wp\/v2\/pages\/130303\/revisions\/144017"}],"up":[{"embeddable":true,"href":"https:\/\/skatedeluxe.com\/blog\/fr\/wp-json\/wp\/v2\/pages\/129892"}],"wp:featuredmedia":[{"embeddable":true,"href":"https:\/\/skatedeluxe.com\/blog\/fr\/wp-json\/wp\/v2\/media\/117589"}],"wp:attachment":[{"href":"https:\/\/skatedeluxe.com\/blog\/fr\/wp-json\/wp\/v2\/media?parent=130303"}],"curies":[{"name":"wp","href":"https:\/\/api.w.org\/{rel}","templated":true}]}}