{"id":130301,"date":"2016-12-23T01:54:21","date_gmt":"2016-12-23T00:54:21","guid":{"rendered":"https:\/\/admin.skatedeluxe.com\/blog\/fr\/?page_id=130301"},"modified":"2018-05-09T11:19:05","modified_gmt":"2018-05-09T09:19:05","slug":"fs-boardslide","status":"publish","type":"page","link":"https:\/\/skatedeluxe.com\/blog\/fr\/trick-tips\/skateboard\/curb-rail\/fs-boardslide\/","title":{"rendered":"FS Boardslide &#8211; Skateboard Trick Tip"},"content":{"rendered":"<div class=\"post clearfix padding-bottom\">\r\n\t<div id=\"decks-allgemeines\" class=\"hide-for-small large-2 columns\">\r\n\t\t<div class=\"date-day\">Trick Tip<\/div>\r\n\t\t<div class=\"date-month\">FS Boardslide<\/div>\r\n\t<\/div>\r\n\r\n\t<div class=\"large-10 columns\">\r\n\t\r\n\t\t<p>\r\n\t\tFrontside Boardslide est le terme pour glisser avec le milieu de votre planche sur un rail ou un ledge qui est en face de vous donc &#8220;Frontside.&#8221; <\/p> <p> La version FS de la Boardslide est l\u00e9g\u00e8rement plus difficile que la version BS, Vous venez de tourner vos hanches dans le slide au lieu de tout votre corps .Cela rend plus difficile \u00e0 l&#8217;\u00e9quilibre.Il vous aidera \u00e0 d\u00e9j\u00e0 v\u00e9rouill\u00e9 les BS 180 Ollies pour avoir une id\u00e9e du mouvement.  \r\n\t\t<\/p>\r\n\t\r\n\t\t<p>\r\n\t\tApprenez ici \u00e0 faire un FS Boardslide!\r\n\t\t<\/p>\r\n\t\t\r\n\t<\/div>\r\n<\/div>\r\n\r\n<!-- .end of introduction -->\r\n\r\n<div class=\"post clearfix padding-bottom\">\r\n\t<div id=\"decks-allgemeines\" class=\"hide-for-small large-2 columns\">\r\n\t\t<div class=\"date-day\">FS Boardslide<\/div>\r\n\t\t<div class=\"date-month\">Video<\/div>\r\n\t<\/div>\r\n \r\n\t<div class=\"large-10 columns\">\r\n\t\r\n\t\t<h2 class=\"margin-top margin-bottom\" align=\"center\">FS Boardslide<\/h2>\r\n\t\t\r\n\t\t<div class=\"medium-12 small-12 columns\">\r\n\t\t<div class=\"medium-10 columns medium-centered medium-offset-1 columns margin-bottom\">\r\n\r\n\t\t<div class=\"flex-video\">\r\n\t\t\t<iframe width=\"853\" height=\"480\" data-src=\"https:\/\/www.youtube-nocookie.com\/embed\/OuUdCQN8ivs\" frameborder=\"0\" allowfullscreen allow=\"autoplay; encrypted-media\"><\/iframe><noscript><iframe loading=\"lazy\" width=\"853\" height=\"480\" src=\"https:\/\/www.youtube-nocookie.com\/embed\/OuUdCQN8ivs\" frameborder=\"0\" allowfullscreen allow=\"autoplay; encrypted-media\"><\/iframe><\/noscript>\r\n\t\t<\/div>\r\n\t\t\t<div class=\"ShariffSC\" style=\"shariff-shop\"><div class=\"shariff\" data-url=\"https:\/\/skatedeluxe.com\/blog\/fr\/trick-tips\/skateboard\/curb-rail\/fs-boardslide\/\" data-title=\"FS Boardslide &#8211; Skateboard Trick Tip\" data-services='[\"facebooklike\", \"facebook\"]' data-backend-url='\/shariff\/'><\/div><\/div> <!-- .Social Leiste unterhalb des Videos -->\r\n\t\t<\/div>\r\n\t\t<\/div>\r\n\t\t\r\n\t<\/div>\r\n<\/div>\r\n\r\n<!-- .end of video area -->\r\n\r\n<div class=\"post clearfix padding-bottom\">\r\n\t<div id=\"decks-allgemeines\" class=\"hide-for-small large-2 columns\">\r\n\t\t<div class=\"date-day\">FS Boardslide<\/div>\r\n\t\t<div class=\"date-month\">S\u00e9quence<\/div>\r\n\t<\/div>\r\n\r\n\t<div class=\"large-10 columns\">\r\n\t\r\n\t\t<h2 class=\"margin-top margin-bottom\" align=\"center\">Trick Tip S\u00e9quence: FS Boardslide<\/h2>\r\n\t\t\r\n\t\t<div class=\"medium-12 small-12 columns\">\r\n\t\t<div class=\"medium-10 columns medium-centered medium-offset-1 columns margin-bottom\">\r\n\t\t<div id=\"metaslider-id-118444\" style=\"max-width: 999px; margin: 0 auto;\" class=\"ml-slider-3-98-0 ml-slider-pro-2-6-6 metaslider metaslider-nivo metaslider-118444 ml-slider ms-theme-_theme_1463567531\" role=\"region\" aria-roledescription=\"Slideshow\" aria-label=\"FS Boardslide - Trick Tip\" data-width=\"999\">\n    <div id=\"metaslider_container_118444\">\n        <div class='slider-wrapper theme-default'><div class='ribbon'><\/div><div id='metaslider_118444' class='nivoSlider'><img loading=\"lazy\" decoding=\"async\" width=\"999\" height=\"666\" src=\"\/blog\/wp-content\/uploads\/2016\/09\/skateboard-trick-tip-fs-boardslide-1.jpg\" class=\"slider-118444 slide-118367\" alt=\"Skateboard Trick FS Boardslide\" data-caption=\"\" data-thumb=\"\" title=\"Skateboard Trick FS Boardslide\" rel=\"\" srcset=\"\/blog\/wp-content\/uploads\/2016\/09\/skateboard-trick-tip-fs-boardslide-1.jpg 999w, \/blog\/wp-content\/uploads\/2016\/09\/skateboard-trick-tip-fs-boardslide-1-600x400.jpg 600w, \/blog\/wp-content\/uploads\/2016\/09\/skateboard-trick-tip-fs-boardslide-1-768x512.jpg 768w\" sizes=\"auto, (max-width: 999px) 100vw, 999px\" \/><img loading=\"lazy\" decoding=\"async\" width=\"999\" height=\"666\" src=\"\/blog\/wp-content\/uploads\/2016\/09\/trick-tip-fs-boardslide-2.jpg\" class=\"slider-118444 slide-118396\" alt=\"Skateboard Trick FS Boardslide\" data-caption=\"\" data-thumb=\"\" title=\"Skateboard Trick FS Boardslide\" rel=\"\" srcset=\"\/blog\/wp-content\/uploads\/2016\/09\/trick-tip-fs-boardslide-2.jpg 999w, \/blog\/wp-content\/uploads\/2016\/09\/trick-tip-fs-boardslide-2-600x400.jpg 600w, \/blog\/wp-content\/uploads\/2016\/09\/trick-tip-fs-boardslide-2-768x512.jpg 768w\" sizes=\"auto, (max-width: 999px) 100vw, 999px\" \/><img loading=\"lazy\" decoding=\"async\" width=\"999\" height=\"666\" src=\"\/blog\/wp-content\/uploads\/2016\/09\/trick-tip-fs-boardslide-3.jpg\" class=\"slider-118444 slide-118400\" alt=\"Skateboard Trick FS Boardslide\" data-caption=\"\" data-thumb=\"\" title=\"Skateboard Trick FS Boardslide\" rel=\"\" srcset=\"\/blog\/wp-content\/uploads\/2016\/09\/trick-tip-fs-boardslide-3.jpg 999w, \/blog\/wp-content\/uploads\/2016\/09\/trick-tip-fs-boardslide-3-600x400.jpg 600w, \/blog\/wp-content\/uploads\/2016\/09\/trick-tip-fs-boardslide-3-768x512.jpg 768w\" sizes=\"auto, (max-width: 999px) 100vw, 999px\" \/><img loading=\"lazy\" decoding=\"async\" width=\"999\" height=\"666\" src=\"\/blog\/wp-content\/uploads\/2016\/09\/trick-tip-fs-boardslide-4.jpg\" class=\"slider-118444 slide-118404\" alt=\"Skateboard Trick FS Boardslide\" data-caption=\"\" data-thumb=\"\" title=\"Skateboard Trick FS Boardslide\" rel=\"\" srcset=\"\/blog\/wp-content\/uploads\/2016\/09\/trick-tip-fs-boardslide-4.jpg 999w, \/blog\/wp-content\/uploads\/2016\/09\/trick-tip-fs-boardslide-4-600x400.jpg 600w, \/blog\/wp-content\/uploads\/2016\/09\/trick-tip-fs-boardslide-4-768x512.jpg 768w\" sizes=\"auto, (max-width: 999px) 100vw, 999px\" \/><img loading=\"lazy\" decoding=\"async\" width=\"999\" height=\"666\" src=\"\/blog\/wp-content\/uploads\/2016\/09\/trick-tip-fs-boardslide-5.jpg\" class=\"slider-118444 slide-118408\" alt=\"Skateboard Trick FS Boardslide\" data-caption=\"\" data-thumb=\"\" title=\"Skateboard Trick FS Boardslide\" rel=\"\" srcset=\"\/blog\/wp-content\/uploads\/2016\/09\/trick-tip-fs-boardslide-5.jpg 999w, \/blog\/wp-content\/uploads\/2016\/09\/trick-tip-fs-boardslide-5-600x400.jpg 600w, \/blog\/wp-content\/uploads\/2016\/09\/trick-tip-fs-boardslide-5-768x512.jpg 768w\" sizes=\"auto, (max-width: 999px) 100vw, 999px\" \/><img loading=\"lazy\" decoding=\"async\" width=\"999\" height=\"666\" src=\"\/blog\/wp-content\/uploads\/2016\/09\/trick-tip-fs-boardslide-6.jpg\" class=\"slider-118444 slide-118412\" alt=\"Skateboard Trick FS Boardslide\" data-caption=\"\" data-thumb=\"\" title=\"Skateboard Trick FS Boardslide\" rel=\"\" srcset=\"\/blog\/wp-content\/uploads\/2016\/09\/trick-tip-fs-boardslide-6.jpg 999w, \/blog\/wp-content\/uploads\/2016\/09\/trick-tip-fs-boardslide-6-600x400.jpg 600w, \/blog\/wp-content\/uploads\/2016\/09\/trick-tip-fs-boardslide-6-768x512.jpg 768w\" sizes=\"auto, (max-width: 999px) 100vw, 999px\" \/><img loading=\"lazy\" decoding=\"async\" width=\"999\" height=\"666\" src=\"\/blog\/wp-content\/uploads\/2016\/09\/trick-tip-fs-boardslide-7.jpg\" class=\"slider-118444 slide-118416\" alt=\"Skateboard Trick FS Boardslide\" data-caption=\"\" data-thumb=\"\" title=\"Skateboard Trick FS Boardslide\" rel=\"\" srcset=\"\/blog\/wp-content\/uploads\/2016\/09\/trick-tip-fs-boardslide-7.jpg 999w, \/blog\/wp-content\/uploads\/2016\/09\/trick-tip-fs-boardslide-7-600x400.jpg 600w, \/blog\/wp-content\/uploads\/2016\/09\/trick-tip-fs-boardslide-7-768x512.jpg 768w\" sizes=\"auto, (max-width: 999px) 100vw, 999px\" \/><img loading=\"lazy\" decoding=\"async\" width=\"999\" height=\"666\" src=\"\/blog\/wp-content\/uploads\/2016\/09\/trick-tip-fs-boardslide-8.jpg\" class=\"slider-118444 slide-118420\" alt=\"Skateboard Trick FS Boardslide\" data-caption=\"\" data-thumb=\"\" title=\"Skateboard Trick FS Boardslide\" rel=\"\" srcset=\"\/blog\/wp-content\/uploads\/2016\/09\/trick-tip-fs-boardslide-8.jpg 999w, \/blog\/wp-content\/uploads\/2016\/09\/trick-tip-fs-boardslide-8-600x400.jpg 600w, \/blog\/wp-content\/uploads\/2016\/09\/trick-tip-fs-boardslide-8-768x512.jpg 768w\" sizes=\"auto, (max-width: 999px) 100vw, 999px\" \/><img loading=\"lazy\" decoding=\"async\" width=\"999\" height=\"666\" src=\"\/blog\/wp-content\/uploads\/2016\/09\/trick-tip-fs-boardslide-9.jpg\" class=\"slider-118444 slide-118424\" alt=\"Skateboard Trick FS Boardslide\" data-caption=\"\" data-thumb=\"\" title=\"Skateboard Trick FS Boardslide\" rel=\"\" srcset=\"\/blog\/wp-content\/uploads\/2016\/09\/trick-tip-fs-boardslide-9.jpg 999w, \/blog\/wp-content\/uploads\/2016\/09\/trick-tip-fs-boardslide-9-600x400.jpg 600w, \/blog\/wp-content\/uploads\/2016\/09\/trick-tip-fs-boardslide-9-768x512.jpg 768w\" sizes=\"auto, (max-width: 999px) 100vw, 999px\" \/><img loading=\"lazy\" decoding=\"async\" width=\"999\" height=\"666\" src=\"\/blog\/wp-content\/uploads\/2016\/09\/trick-tip-fs-boardslide-10.jpg\" class=\"slider-118444 slide-118428\" alt=\"Skateboard Trick FS Boardslide\" data-caption=\"\" data-thumb=\"\" title=\"Skateboard Trick FS Boardslide\" rel=\"\" srcset=\"\/blog\/wp-content\/uploads\/2016\/09\/trick-tip-fs-boardslide-10.jpg 999w, \/blog\/wp-content\/uploads\/2016\/09\/trick-tip-fs-boardslide-10-600x400.jpg 600w, \/blog\/wp-content\/uploads\/2016\/09\/trick-tip-fs-boardslide-10-768x512.jpg 768w\" sizes=\"auto, (max-width: 999px) 100vw, 999px\" \/><img loading=\"lazy\" decoding=\"async\" width=\"999\" height=\"666\" src=\"\/blog\/wp-content\/uploads\/2016\/09\/trick-tip-fs-boardslide-11.jpg\" class=\"slider-118444 slide-118432\" alt=\"Skateboard Trick FS Boardslide\" data-caption=\"\" data-thumb=\"\" title=\"Skateboard Trick FS Boardslide\" rel=\"\" srcset=\"\/blog\/wp-content\/uploads\/2016\/09\/trick-tip-fs-boardslide-11.jpg 999w, \/blog\/wp-content\/uploads\/2016\/09\/trick-tip-fs-boardslide-11-600x400.jpg 600w, \/blog\/wp-content\/uploads\/2016\/09\/trick-tip-fs-boardslide-11-768x512.jpg 768w\" sizes=\"auto, (max-width: 999px) 100vw, 999px\" \/><img loading=\"lazy\" decoding=\"async\" width=\"999\" height=\"666\" src=\"\/blog\/wp-content\/uploads\/2016\/09\/trick-tip-fs-boardslide-12.jpg\" class=\"slider-118444 slide-118436\" alt=\"Skateboard Trick FS Boardslide\" data-caption=\"\" data-thumb=\"\" title=\"Skateboard Trick FS Boardslide\" rel=\"\" srcset=\"\/blog\/wp-content\/uploads\/2016\/09\/trick-tip-fs-boardslide-12.jpg 999w, \/blog\/wp-content\/uploads\/2016\/09\/trick-tip-fs-boardslide-12-600x400.jpg 600w, \/blog\/wp-content\/uploads\/2016\/09\/trick-tip-fs-boardslide-12-768x512.jpg 768w\" sizes=\"auto, (max-width: 999px) 100vw, 999px\" \/><img loading=\"lazy\" decoding=\"async\" width=\"999\" height=\"666\" src=\"\/blog\/wp-content\/uploads\/2016\/09\/trick-tip-fs-boardslide-13.jpg\" class=\"slider-118444 slide-118440\" alt=\"Skateboard Trick FS Boardslide\" data-caption=\"\" data-thumb=\"\" title=\"Skateboard Trick FS Boardslide\" rel=\"\" srcset=\"\/blog\/wp-content\/uploads\/2016\/09\/trick-tip-fs-boardslide-13.jpg 999w, \/blog\/wp-content\/uploads\/2016\/09\/trick-tip-fs-boardslide-13-600x400.jpg 600w, \/blog\/wp-content\/uploads\/2016\/09\/trick-tip-fs-boardslide-13-768x512.jpg 768w\" sizes=\"auto, (max-width: 999px) 100vw, 999px\" \/><\/div><\/div>\n        \n    <\/div>\n<\/div>\r\n\t\t<\/div>\r\n\t\t<\/div>\r\n\t\t\r\n\t<\/div>\r\n<\/div>\r\n\r\n<!-- .end of sequence -->\r\n\r\n<div class=\"post clearfix padding-bottom\">\r\n\t<div id=\"decks-allgemeines\" class=\"hide-for-small large-2 columns\">\r\n\t\t<div class=\"date-day\">FS Boardslide<\/div>\r\n\t\t<div class=\"date-month\">Etape par Etape<\/div>\r\n\t<\/div>\r\n\r\n\t<div class=\"large-10 columns\">\r\n\t\r\n\t\t<h2 class=\"margin-top margin-bottom\" align=\"center\">Trick Tip Etape par Etape: FS Boardslide<\/h2>\r\n\t\t\r\n\t\t<p align=\"center\"><small>Clickez pour \u00e9largir<\/small>\r\n\t\t\r\n\t\t<div class=\"medium-12 columns margin-bottom\">\r\n\t\t\t\r\n\t\t\t<div class=\"small-12 medium-5 columns\">\r\n\t\t\t\t<a title=\"Clickez pour \u00e9largir\" href=\"\/blog\/wp-content\/uploads\/2016\/09\/skateboard-trick-tip-fs-boardslide-1.jpg\" rel=\"lightbox[gallery-1] lightbox-0\">\r\n\t\t\t\t\t<img decoding=\"async\" src=\"data:image\/gif;base64,R0lGODlhAQABAIAAAAAAAP\/\/\/yH5BAEAAAAALAAAAAABAAEAAAIBRAA7\" data-src=\"\/blog\/wp-content\/uploads\/2016\/09\/skateboard-trick-tip-fs-boardslide-1-thumb.jpg\" alt=\"Skateboard Trick FS Boardslide Feet Position\" \/><noscript><img decoding=\"async\" src=\"\/blog\/wp-content\/uploads\/2016\/09\/skateboard-trick-tip-fs-boardslide-1-thumb.jpg\" alt=\"Skateboard Trick FS Boardslide Feet Position\" \/><\/noscript>\r\n\t\t\t\t<\/a>\t\t\t\r\n\t\t\t<\/div>\r\n\t\t\t\r\n\t\t\t<div class=\"small-12 medium-7 columns\">\r\n\t\t\t<p>\r\n\t\t\t<span class=\"h4\">1.<\/span>\r\n\t\t\tApproche du legde presque parall\u00e8le alors que vous mettez vos pieds dans une position Ollie et ollie vers le haut du legde.\r\n\t\t\t<\/p>\r\n\t\t\t<\/div>\r\n\t\t<\/div>\r\n\r\n\t\t\r\n\t\t<div class=\"medium-12 columns margin-bottom\">\r\n\t\t\r\n\t\t\t<!-- .jedes zweite Bild in diese DIV-Klasse -->\r\n\t\t\t<div class=\"small-12 medium-5 medium-push-7 columns\">\r\n\t\t\t\t<a title=\"Clickez pour \u00e9largir\" href=\"\/blog\/wp-content\/uploads\/2016\/09\/skateboard-trick-tip-fs-boardslide-2.jpg\" rel=\"lightbox[gallery-1] lightbox-1\">\r\n\t\t\t\t\t<img decoding=\"async\" src=\"data:image\/gif;base64,R0lGODlhAQABAIAAAAAAAP\/\/\/yH5BAEAAAAALAAAAAABAAEAAAIBRAA7\" data-src=\"\/blog\/wp-content\/uploads\/2016\/09\/skateboard-trick-tip-fs-boardslide-2-thumb.jpg\" alt=\"Skateboard Trick FS Boardslide\" \/><noscript><img decoding=\"async\" src=\"\/blog\/wp-content\/uploads\/2016\/09\/skateboard-trick-tip-fs-boardslide-2-thumb.jpg\" alt=\"Skateboard Trick FS Boardslide\" \/><\/noscript>\r\n\t\t\t\t<\/a>\t\t\t\t\r\n\t\t\t<\/div>\r\n\t\t\r\n\t\t\t<!-- .jeden zweiten Text in diese DIV-Klasse -->\r\n\t\t\t<div class=\"small-12 medium-7 medium-pull-5 columns\">\r\n\t\t\t<p>\r\n\t\t\t<span class=\"h4\">2.<\/span>\r\n\t\t\tPour obtenir le milieu de votre planche sur le ledge vous devez faire la moiti\u00e9 d&#8217;un arri\u00e8re 180 Ollie, donc un arri\u00e8re-plan 90 degr\u00e9s Ollie. <\/p><p> L&#8217;objectif avec le milieu de votre planche n&#8217;est pas trop difficile parce que le milieu de votre board a beaucoup d&#8217;espace pour glisser dessus. Pour \u00e9viter que votre planche ne craque, vous devriez essayer de ne pas sauter trop haut et d&#8217;atterrir en douceur sur le rail ou le rebord et de ne pas atterrir trop fort.\r\n\t\t\t<\/p>\r\n\t\t\t<\/div>\r\n\t\t\t\t\t\r\n\t\t<\/div>\r\n\t\t\r\n\t\t<div class=\"medium-12 columns margin-bottom\">\r\n\t\t\t\r\n\t\t\t<div class=\"small-12 medium-5 columns\">\r\n\t\t\t\t<a title=\"Clickez pour \u00e9largir\" href=\"\/blog\/wp-content\/uploads\/2016\/09\/skateboard-trick-tip-fs-boardslide-3.jpg\" rel=\"lightbox[gallery-1] lightbox-2\">\r\n\t\t\t\t\t<img decoding=\"async\" src=\"data:image\/gif;base64,R0lGODlhAQABAIAAAAAAAP\/\/\/yH5BAEAAAAALAAAAAABAAEAAAIBRAA7\" data-src=\"\/blog\/wp-content\/uploads\/2016\/09\/skateboard-trick-tip-fs-boardslide-3-thumb.jpg\" alt=\"Skateboard Trick FS Boardslide\" \/><noscript><img decoding=\"async\" src=\"\/blog\/wp-content\/uploads\/2016\/09\/skateboard-trick-tip-fs-boardslide-3-thumb.jpg\" alt=\"Skateboard Trick FS Boardslide\" \/><\/noscript>\r\n\t\t\t\t<\/a>\t\t\r\n\t\t\t<\/div>\r\n\t\t\t\r\n\t\t\t<div class=\"small-12 medium-7 columns\">\r\n\t\t\t<p>\r\n\t\t\t<span class=\"h4\">3.<\/span>\r\n\t\t\tPour avoir un bon \u00e9quilibre tout en glissant, essayez d&#8217;avoir vos pieds sur le dessus des vis de vos trucks et votre poids centr\u00e9 pour \u00e9viter de slider en arri\u00e8re. <\/p> <p> Il est important que vous ne tournez vos hanches dans la position de slide et de garder vos \u00e9paules droites et restent regarder dans la direction que vous slidez.\r\n\t\t\t<\/p>\r\n\t\t\t<\/div>\r\n\t\t<\/div>\r\n\t\t\r\n\t\t<div class=\"medium-12 columns margin-bottom\">\r\n\t\t\r\n\t\t\t<div class=\"small-12 medium-5 medium-push-7 columns\">\r\n\t\t\t\t<a title=\"Clickez pour \u00e9largir\" href=\"\/blog\/wp-content\/uploads\/2016\/09\/skateboard-trick-tip-fs-boardslide-4.jpg\" rel=\"lightbox[gallery-1] lightbox-3\">\r\n\t\t\t\t\t<img decoding=\"async\" src=\"data:image\/gif;base64,R0lGODlhAQABAIAAAAAAAP\/\/\/yH5BAEAAAAALAAAAAABAAEAAAIBRAA7\" data-src=\"\/blog\/wp-content\/uploads\/2016\/09\/skateboard-trick-tip-fs-boardslide-4-thumb.jpg\" alt=\"Skateboard Trick FS Boardslide\" \/><noscript><img decoding=\"async\" src=\"\/blog\/wp-content\/uploads\/2016\/09\/skateboard-trick-tip-fs-boardslide-4-thumb.jpg\" alt=\"Skateboard Trick FS Boardslide\" \/><\/noscript>\r\n\t\t\t\t<\/a>\t\t\t\t\t\r\n\t\t\t<\/div>\r\n\t\t\r\n\t\t\t<div class=\"small-12 medium-7 medium-pull-5 columns\">\r\n\t\t\t<p>\r\n\t\t\t<span class=\"h4\">4.<\/span>\r\n\t\t\t\u00c0 l&#8217;extr\u00e9mit\u00e9 du legde ou du rail, d\u00e9placez vos hanches en arri\u00e8re \u00e0 la position de conduite droite et roulez loin propre.\r\n\t\t\t<\/p>\r\n\t\t\t<\/div>\r\n\t\t<\/div>\r\n\t\t\r\n\t\t<div class=\"medium-12 columns margin-bottom\">\r\n\t\t\r\n\t\t\t<div class=\"medium-5 columns\">\r\n\t\t\t\t<a title=\"Clickez pour \u00e9largir\" href=\"\/blog\/wp-content\/uploads\/2016\/09\/skateboard-trick-tip-fs-boardslide-5.jpg\" rel=\"lightbox[gallery-1] lightbox-4\">\r\n\t\t\t\t\t<img decoding=\"async\" src=\"data:image\/gif;base64,R0lGODlhAQABAIAAAAAAAP\/\/\/yH5BAEAAAAALAAAAAABAAEAAAIBRAA7\" data-src=\"\/blog\/wp-content\/uploads\/2016\/09\/skateboard-trick-tip-fs-boardslide-5-thumb.jpg\" alt=\"Skateboard Trick FS Boardslide\" \/><noscript><img decoding=\"async\" src=\"\/blog\/wp-content\/uploads\/2016\/09\/skateboard-trick-tip-fs-boardslide-5-thumb.jpg\" alt=\"Skateboard Trick FS Boardslide\" \/><\/noscript>\r\n\t\t\t\t<\/a>\t\t\t\t\t\t\t\r\n\t\t\t<\/div>\r\n\t\t\t\r\n\t\t\t<div class=\"medium-7 columns\">\r\n\t\t\t<p>\r\n\t\t\t<span class=\"h4\">5.<\/span>\r\n\t\t\tEssayez d&#8217;atterrir en douceur avec vos pieds au-dessus des vis de vos trucks pour bien canaliser la pression.\r\n\t\t\t<\/p>\r\n\t\t\t<\/div>\r\n\t\t<\/div>\r\n\r\n<!-- .Ende der Step By Step Anleitung -->\r\n\r\n\t<\/div>\r\n<\/div>\r\n<div class=\"post clearfix padding-bottom\">\r\n    <div id=\"decks-allgemeines\" class=\"hide-for-small large-2 columns\">\r\n   \t <div class=\"date-day\">Plus de Tricks<\/div>\r\n   \t <div class=\"date-month\">?<\/div>\r\n    <\/div>\r\n\r\n    <div class=\"large-10 columns\">\r\n    \r\n   \t <h3 class=\"margin-top margin-bottom\" align=\"center\">Quel prochain Trick?<\/h3>\r\n\t\t\r\n\t\t<p>\r\n\t\tLes Boardslides sont amusants, peu importe dans quelle direction vous allez. Continuez \u00e0 les pratiquer et \u00e0 essayer de nouveaux spots. \u00cates-vous hyped et voulez en savoir plus? Allez-y pour un FS Noseslide maintenant! <\/p><p> Si vous voulez apprendre plus de tricks allez juste voir notre <a title=\"see all skateboard trick tips for flat\" href=\"\/blog\/fr\/trick-tips\/skateboard\/flat\/\">trick tips pour le flat<\/a>. Si vous \u00eates plus dans des sessions de mini rampe, vous devriez consulter notre section tricks tips pour <a title=\"voir tous les tricks de skateboard pour les transitions\" href=\"\/blog\/fr\/trick-tips\/skateboard\/transition\/\"> transition.<\/a> Si vous voulez apprendre quelques grinds alors allez voir les tricks tips pour <a title = \"voir toutes les tricks tips de skateboard pour les curbs et les rails\" href=\"\/blog\/fr\/trick-tips\/skateboard\/curb-rail\/\">  les curbs et les rails<\/a>.\r\n   \t <\/p>\r\n   \t \r\n   \t<div class=\"medium-12 small-12 columns\">\r\n                 <a title=\"voir tous les trick tips de skateboard pour curb &#038; rail\" href=\"\/blog\/fr\/trick-tips\/skateboard\/curb-rail\/\" class=\"button-auto\">Skateboard Trick Tips | Curb &#038; Rail<\/a>\r\n   \t\t <br><br>\r\n   \t\t \r\n   \t\t <div class=\"medium-6 small-12 columns\">\r\n   \t\t <a title=\"voir tous les trick tips de skateboard pour flat\" href=\"\/blog\/fr\/trick-tips\/skateboard\/flat\/\" class=\"button-auto\">Skateboard Trick Tips | Flat<\/a>\r\n   \t\t <br><br>\r\n   \t\t <\/div>\r\n   \t\t \r\n   \t\t <div class=\"medium-6 small-12 columns\">\r\n   \t\t <a title=\"voir tous les trick tips de skateboard pour transitions\" href=\"\/blog\/fr\/trick-tips\/skateboard\/transition\/\" class=\"button-auto\">Skateboard Trick Tips | Transition<\/a>\r\n\t\t\t<br><br>\r\n\t\t\t<\/div>\r\n\t\t\t\r\n\t\t<\/div>\r\n\t\t\r\n\t\t\r\n\t<\/div>\r\n<\/div><div class=\"ShariffSC\" style=\"shariff-shop\"><div class=\"shariff\" data-url=\"https:\/\/skatedeluxe.com\/blog\/fr\/trick-tips\/skateboard\/curb-rail\/fs-boardslide\/\" data-title=\"FS Boardslide &#8211; Skateboard Trick Tip\" data-services='[\"facebooklike\", \"facebook\"]' data-backend-url='\/shariff\/'><\/div><\/div>","protected":false},"excerpt":{"rendered":"<p>Trick Tip FS Boardslide Frontside Boardslide est le terme pour glisser avec le milieu de votre planche sur un rail ou un ledge qui est en face de vous donc &#8220;Frontside.&#8221; La version FS de la Boardslide est l\u00e9g\u00e8rement plus difficile que la version BS, Vous venez de tourner vos hanches dans le slide au <a class=\"read-more\" href=\"https:\/\/skatedeluxe.com\/blog\/fr\/trick-tips\/skateboard\/curb-rail\/fs-boardslide\/\">[&#8230;]<\/a><\/p>\n","protected":false},"author":54,"featured_media":118346,"parent":129892,"menu_order":8,"comment_status":"closed","ping_status":"closed","template":"page-templates\/teasing-page.php","meta":{"footnotes":""},"class_list":["post-130301","page","type-page","status-publish","has-post-thumbnail","hentry"],"aioseo_notices":[],"amp_enabled":false,"_links":{"self":[{"href":"https:\/\/skatedeluxe.com\/blog\/fr\/wp-json\/wp\/v2\/pages\/130301","targetHints":{"allow":["GET"]}}],"collection":[{"href":"https:\/\/skatedeluxe.com\/blog\/fr\/wp-json\/wp\/v2\/pages"}],"about":[{"href":"https:\/\/skatedeluxe.com\/blog\/fr\/wp-json\/wp\/v2\/types\/page"}],"author":[{"embeddable":true,"href":"https:\/\/skatedeluxe.com\/blog\/fr\/wp-json\/wp\/v2\/users\/54"}],"replies":[{"embeddable":true,"href":"https:\/\/skatedeluxe.com\/blog\/fr\/wp-json\/wp\/v2\/comments?post=130301"}],"version-history":[{"count":8,"href":"https:\/\/skatedeluxe.com\/blog\/fr\/wp-json\/wp\/v2\/pages\/130301\/revisions"}],"predecessor-version":[{"id":143994,"href":"https:\/\/skatedeluxe.com\/blog\/fr\/wp-json\/wp\/v2\/pages\/130301\/revisions\/143994"}],"up":[{"embeddable":true,"href":"https:\/\/skatedeluxe.com\/blog\/fr\/wp-json\/wp\/v2\/pages\/129892"}],"wp:featuredmedia":[{"embeddable":true,"href":"https:\/\/skatedeluxe.com\/blog\/fr\/wp-json\/wp\/v2\/media\/118346"}],"wp:attachment":[{"href":"https:\/\/skatedeluxe.com\/blog\/fr\/wp-json\/wp\/v2\/media?parent=130301"}],"curies":[{"name":"wp","href":"https:\/\/api.w.org\/{rel}","templated":true}]}}