{"id":130232,"date":"2016-12-23T00:46:51","date_gmt":"2016-12-22T23:46:51","guid":{"rendered":"https:\/\/admin.skatedeluxe.com\/blog\/fr\/?page_id=130232"},"modified":"2018-05-09T10:36:04","modified_gmt":"2018-05-09T08:36:04","slug":"fs-180-kickflip","status":"publish","type":"page","link":"https:\/\/skatedeluxe.com\/blog\/fr\/trick-tips\/skateboard\/flat\/fs-180-kickflip\/","title":{"rendered":"FS 180 Kickflip &#8211; Skateboard Trick Tip"},"content":{"rendered":"<div class=\"post clearfix padding-bottom\">\r\n    <div id=\"decks-allgemeines\" class=\"hide-for-small large-2 columns\">\r\n   \t <div class=\"date-day\">Trick Tip<\/div>\r\n   \t <div class=\"date-month\">FS 180 Kickflip<\/div>\r\n    <\/div>\r\n\r\n    <div class=\"large-10 columns\">\r\n    \r\n   \t <p>\r\n   \t Un Frontside 180 Kickflip est vous l\u2019aurez devin\u00e9, un mix entre un Frontside 180 Ollie et un Kickflip. <\/p><p>Les deux tricks sont n\u00e9cessaires en tant que fondation et vous devriez les avoir d\u00e9j\u00e0 verrouill\u00e9 avant que vous n\u2019essayez d&#8217;aller vers le FS Flip. Une fois ce trick verrouill\u00e9 il n&#8217;est pas seulement \u00e9l\u00e9gant, mais aussi un bon flip \u00e0 combiner avec les grinds. Vous voyez, cela devient plus ambitieux!\r\n   \t <\/p>\r\n    \r\n   \t <p>\r\n   \t Apprenez ici \u00e0 faire un FS 180 Kickflip!\r\n   \t <\/p>\r\n   \t \r\n    <\/div>\r\n<\/div>\r\n\r\n<!-- .end of introduction -->\r\n\r\n<div class=\"post clearfix padding-bottom\">\r\n    <div id=\"decks-allgemeines\" class=\"hide-for-small large-2 columns\">\r\n   \t <div class=\"date-day\">FS 180 Kickflip<\/div>\r\n   \t <div class=\"date-month\">Video<\/div>\r\n    <\/div>\r\n \r\n    <div class=\"large-10 columns\">\r\n    \r\n   \t <h2 class=\"margin-top margin-bottom\" align=\"center\">FS 180 Kickflip<\/h2>\r\n   \t \r\n   \t <div class=\"medium-12 small-12 columns\">\r\n   \t <div class=\"medium-10 columns medium-centered medium-offset-1 columns margin-bottom\">\r\n\r\n   \t <div class=\"flex-video\">\r\n   \t\t <iframe width=\"853\" height=\"480\" data-src=\"https:\/\/www.youtube-nocookie.com\/embed\/OWzHNjyLh-w\" frameborder=\"0\" allowfullscreen allow=\"autoplay; encrypted-media\"><\/iframe><noscript><iframe loading=\"lazy\" width=\"853\" height=\"480\" src=\"https:\/\/www.youtube-nocookie.com\/embed\/OWzHNjyLh-w\" frameborder=\"0\" allowfullscreen allow=\"autoplay; encrypted-media\"><\/iframe><\/noscript>\r\n   \t <\/div>\r\n   \t\t <div class=\"ShariffSC\" style=\"shariff-shop\"><div class=\"shariff\" data-url=\"https:\/\/skatedeluxe.com\/blog\/fr\/trick-tips\/skateboard\/flat\/fs-180-kickflip\/\" data-title=\"FS 180 Kickflip &#8211; Skateboard Trick Tip\" data-services='[\"facebooklike\", \"facebook\"]' data-backend-url='\/shariff\/'><\/div><\/div> <!-- .Social Leiste unterhalb des Videos -->\r\n   \t <\/div>\r\n   \t <\/div>\r\n   \t \r\n    <\/div>\r\n<\/div>\r\n\r\n<!-- .end of video area -->\r\n\r\n<div class=\"post clearfix padding-bottom\">\r\n    <div id=\"decks-allgemeines\" class=\"hide-for-small large-2 columns\">\r\n   \t <div class=\"date-day\">FS 180 Kickflip<\/div>\r\n   \t <div class=\"date-month\">S\u00e9quence<\/div>\r\n    <\/div>\r\n\r\n    <div class=\"large-10 columns\">\r\n    \r\n   \t <h2 class=\"margin-top margin-bottom\" align=\"center\">Trick Tip S\u00e9quence: FS 180 Kickflip<\/h2>\r\n   \t \r\n   \t <div class=\"medium-12 small-12 columns\">\r\n   \t <div class=\"medium-10 columns medium-centered medium-offset-1 columns margin-bottom\">\r\n   \t <div id=\"metaslider-id-116113\" style=\"max-width: 999px; margin: 0 auto;\" class=\"ml-slider-3-98-0 ml-slider-pro-2-6-6 metaslider metaslider-nivo metaslider-116113 ml-slider ms-theme-_theme_1463567531\" role=\"region\" aria-roledescription=\"Slideshow\" aria-label=\"FS 180 Kickflip - Trick Tip\" data-width=\"999\">\n    <div id=\"metaslider_container_116113\">\n        <div class='slider-wrapper theme-default'><div class='ribbon'><\/div><div id='metaslider_116113' class='nivoSlider'><img loading=\"lazy\" decoding=\"async\" width=\"999\" height=\"666\" src=\"\/blog\/wp-content\/uploads\/2016\/09\/trick-tip-fs-180-kickflip-1.jpg\" class=\"slider-116113 slide-116054\" alt=\"Skateboard Trick FS 180 Kickflip\" data-caption=\"\" data-thumb=\"\" title=\"Skateboard Trick FS 180 Kickflip\" rel=\"\" srcset=\"\/blog\/wp-content\/uploads\/2016\/09\/trick-tip-fs-180-kickflip-1.jpg 999w, \/blog\/wp-content\/uploads\/2016\/09\/trick-tip-fs-180-kickflip-1-600x400.jpg 600w, \/blog\/wp-content\/uploads\/2016\/09\/trick-tip-fs-180-kickflip-1-768x512.jpg 768w\" sizes=\"auto, (max-width: 999px) 100vw, 999px\" \/><img loading=\"lazy\" decoding=\"async\" width=\"999\" height=\"666\" src=\"\/blog\/wp-content\/uploads\/2016\/09\/trick-tip-fs-180-kickflip-2.jpg\" class=\"slider-116113 slide-116058\" alt=\"Skateboard Trick FS 180 Kickflip\" data-caption=\"\" data-thumb=\"\" title=\"Skateboard Trick FS 180 Kickflip\" rel=\"\" srcset=\"\/blog\/wp-content\/uploads\/2016\/09\/trick-tip-fs-180-kickflip-2.jpg 999w, \/blog\/wp-content\/uploads\/2016\/09\/trick-tip-fs-180-kickflip-2-600x400.jpg 600w, \/blog\/wp-content\/uploads\/2016\/09\/trick-tip-fs-180-kickflip-2-768x512.jpg 768w\" sizes=\"auto, (max-width: 999px) 100vw, 999px\" \/><img loading=\"lazy\" decoding=\"async\" width=\"999\" height=\"666\" src=\"\/blog\/wp-content\/uploads\/2016\/09\/trick-tip-fs-180-kickflip-3.jpg\" class=\"slider-116113 slide-116063\" alt=\"Skateboard Trick FS 180 Kickflip\" data-caption=\"\" data-thumb=\"\" title=\"Skateboard Trick FS 180 Kickflip\" rel=\"\" srcset=\"\/blog\/wp-content\/uploads\/2016\/09\/trick-tip-fs-180-kickflip-3.jpg 999w, \/blog\/wp-content\/uploads\/2016\/09\/trick-tip-fs-180-kickflip-3-600x400.jpg 600w, \/blog\/wp-content\/uploads\/2016\/09\/trick-tip-fs-180-kickflip-3-768x512.jpg 768w\" sizes=\"auto, (max-width: 999px) 100vw, 999px\" \/><img loading=\"lazy\" decoding=\"async\" width=\"999\" height=\"666\" src=\"\/blog\/wp-content\/uploads\/2016\/09\/trick-tip-fs-180-kickflip-4.jpg\" class=\"slider-116113 slide-116067\" alt=\"Skateboard Trick FS 180 Kickflip\" data-caption=\"\" data-thumb=\"\" title=\"Skateboard Trick FS 180 Kickflip\" rel=\"\" srcset=\"\/blog\/wp-content\/uploads\/2016\/09\/trick-tip-fs-180-kickflip-4.jpg 999w, \/blog\/wp-content\/uploads\/2016\/09\/trick-tip-fs-180-kickflip-4-600x400.jpg 600w, \/blog\/wp-content\/uploads\/2016\/09\/trick-tip-fs-180-kickflip-4-768x512.jpg 768w\" sizes=\"auto, (max-width: 999px) 100vw, 999px\" \/><img loading=\"lazy\" decoding=\"async\" width=\"999\" height=\"666\" src=\"\/blog\/wp-content\/uploads\/2016\/09\/trick-tip-fs-180-kickflip-5.jpg\" class=\"slider-116113 slide-116071\" alt=\"Skateboard Trick FS 180 Kickflip\" data-caption=\"\" data-thumb=\"\" title=\"Skateboard Trick FS 180 Kickflip\" rel=\"\" srcset=\"\/blog\/wp-content\/uploads\/2016\/09\/trick-tip-fs-180-kickflip-5.jpg 999w, \/blog\/wp-content\/uploads\/2016\/09\/trick-tip-fs-180-kickflip-5-600x400.jpg 600w, \/blog\/wp-content\/uploads\/2016\/09\/trick-tip-fs-180-kickflip-5-768x512.jpg 768w\" sizes=\"auto, (max-width: 999px) 100vw, 999px\" \/><img loading=\"lazy\" decoding=\"async\" width=\"999\" height=\"666\" src=\"\/blog\/wp-content\/uploads\/2016\/09\/trick-tip-fs-180-kickflip-6.jpg\" class=\"slider-116113 slide-116075\" alt=\"Skateboard Trick FS 180 Kickflip\" data-caption=\"\" data-thumb=\"\" title=\"Skateboard Trick FS 180 Kickflip\" rel=\"\" srcset=\"\/blog\/wp-content\/uploads\/2016\/09\/trick-tip-fs-180-kickflip-6.jpg 999w, \/blog\/wp-content\/uploads\/2016\/09\/trick-tip-fs-180-kickflip-6-600x400.jpg 600w, \/blog\/wp-content\/uploads\/2016\/09\/trick-tip-fs-180-kickflip-6-768x512.jpg 768w\" sizes=\"auto, (max-width: 999px) 100vw, 999px\" \/><img loading=\"lazy\" decoding=\"async\" width=\"999\" height=\"666\" src=\"\/blog\/wp-content\/uploads\/2016\/09\/trick-tip-fs-180-kickflip-7.jpg\" class=\"slider-116113 slide-116079\" alt=\"Skateboard Trick FS 180 Kickflip\" data-caption=\"\" data-thumb=\"\" title=\"Skateboard Trick FS 180 Kickflip\" rel=\"\" srcset=\"\/blog\/wp-content\/uploads\/2016\/09\/trick-tip-fs-180-kickflip-7.jpg 999w, \/blog\/wp-content\/uploads\/2016\/09\/trick-tip-fs-180-kickflip-7-600x400.jpg 600w, \/blog\/wp-content\/uploads\/2016\/09\/trick-tip-fs-180-kickflip-7-768x512.jpg 768w\" sizes=\"auto, (max-width: 999px) 100vw, 999px\" \/><img loading=\"lazy\" decoding=\"async\" width=\"999\" height=\"666\" src=\"\/blog\/wp-content\/uploads\/2016\/09\/trick-tip-fs-180-kickflip-8.jpg\" class=\"slider-116113 slide-116083\" alt=\"Skateboard Trick FS 180 Kickflip\" data-caption=\"\" data-thumb=\"\" title=\"Skateboard Trick FS 180 Kickflip\" rel=\"\" srcset=\"\/blog\/wp-content\/uploads\/2016\/09\/trick-tip-fs-180-kickflip-8.jpg 999w, \/blog\/wp-content\/uploads\/2016\/09\/trick-tip-fs-180-kickflip-8-600x400.jpg 600w, \/blog\/wp-content\/uploads\/2016\/09\/trick-tip-fs-180-kickflip-8-768x512.jpg 768w\" sizes=\"auto, (max-width: 999px) 100vw, 999px\" \/><img loading=\"lazy\" decoding=\"async\" width=\"999\" height=\"666\" src=\"\/blog\/wp-content\/uploads\/2016\/09\/trick-tip-fs-180-kickflip-9.jpg\" class=\"slider-116113 slide-116087\" alt=\"Skateboard Trick FS 180 Kickflip\" data-caption=\"\" data-thumb=\"\" title=\"Skateboard Trick FS 180 Kickflip\" rel=\"\" srcset=\"\/blog\/wp-content\/uploads\/2016\/09\/trick-tip-fs-180-kickflip-9.jpg 999w, \/blog\/wp-content\/uploads\/2016\/09\/trick-tip-fs-180-kickflip-9-600x400.jpg 600w, \/blog\/wp-content\/uploads\/2016\/09\/trick-tip-fs-180-kickflip-9-768x512.jpg 768w\" sizes=\"auto, (max-width: 999px) 100vw, 999px\" \/><img loading=\"lazy\" decoding=\"async\" width=\"999\" height=\"666\" src=\"\/blog\/wp-content\/uploads\/2016\/09\/trick-tip-fs-180-kickflip-10.jpg\" class=\"slider-116113 slide-116091\" alt=\"Skateboard Trick FS 180 Kickflip\" data-caption=\"\" data-thumb=\"\" title=\"Skateboard Trick FS 180 Kickflip\" rel=\"\" srcset=\"\/blog\/wp-content\/uploads\/2016\/09\/trick-tip-fs-180-kickflip-10.jpg 999w, \/blog\/wp-content\/uploads\/2016\/09\/trick-tip-fs-180-kickflip-10-600x400.jpg 600w, \/blog\/wp-content\/uploads\/2016\/09\/trick-tip-fs-180-kickflip-10-768x512.jpg 768w\" sizes=\"auto, (max-width: 999px) 100vw, 999px\" \/><img loading=\"lazy\" decoding=\"async\" width=\"999\" height=\"666\" src=\"\/blog\/wp-content\/uploads\/2016\/09\/trick-tip-fs-180-kickflip-11.jpg\" class=\"slider-116113 slide-116095\" alt=\"Skateboard Trick FS 180 Kickflip\" data-caption=\"\" data-thumb=\"\" title=\"Skateboard Trick FS 180 Kickflip\" rel=\"\" srcset=\"\/blog\/wp-content\/uploads\/2016\/09\/trick-tip-fs-180-kickflip-11.jpg 999w, \/blog\/wp-content\/uploads\/2016\/09\/trick-tip-fs-180-kickflip-11-600x400.jpg 600w, \/blog\/wp-content\/uploads\/2016\/09\/trick-tip-fs-180-kickflip-11-768x512.jpg 768w\" sizes=\"auto, (max-width: 999px) 100vw, 999px\" \/><img loading=\"lazy\" decoding=\"async\" width=\"999\" height=\"666\" src=\"\/blog\/wp-content\/uploads\/2016\/09\/trick-tip-fs-180-kickflip-12.jpg\" class=\"slider-116113 slide-116099\" alt=\"Skateboard Trick FS 180 Kickflip\" data-caption=\"\" data-thumb=\"\" title=\"Skateboard Trick FS 180 Kickflip\" rel=\"\" srcset=\"\/blog\/wp-content\/uploads\/2016\/09\/trick-tip-fs-180-kickflip-12.jpg 999w, \/blog\/wp-content\/uploads\/2016\/09\/trick-tip-fs-180-kickflip-12-600x400.jpg 600w, \/blog\/wp-content\/uploads\/2016\/09\/trick-tip-fs-180-kickflip-12-768x512.jpg 768w\" sizes=\"auto, (max-width: 999px) 100vw, 999px\" \/><img loading=\"lazy\" decoding=\"async\" width=\"999\" height=\"666\" src=\"\/blog\/wp-content\/uploads\/2016\/09\/trick-tip-fs-180-kickflip-13.jpg\" class=\"slider-116113 slide-116103\" alt=\"Skateboard Trick FS 180 Kickflip\" data-caption=\"\" data-thumb=\"\" title=\"Skateboard Trick FS 180 Kickflip\" rel=\"\" srcset=\"\/blog\/wp-content\/uploads\/2016\/09\/trick-tip-fs-180-kickflip-13.jpg 999w, \/blog\/wp-content\/uploads\/2016\/09\/trick-tip-fs-180-kickflip-13-600x400.jpg 600w, \/blog\/wp-content\/uploads\/2016\/09\/trick-tip-fs-180-kickflip-13-768x512.jpg 768w\" sizes=\"auto, (max-width: 999px) 100vw, 999px\" \/><img loading=\"lazy\" decoding=\"async\" width=\"999\" height=\"666\" src=\"\/blog\/wp-content\/uploads\/2016\/09\/trick-tip-fs-180-kickflip-14.jpg\" class=\"slider-116113 slide-116107\" alt=\"Skateboard Trick FS 180 Kickflip\" data-caption=\"\" data-thumb=\"\" title=\"Skateboard Trick FS 180 Kickflip\" rel=\"\" srcset=\"\/blog\/wp-content\/uploads\/2016\/09\/trick-tip-fs-180-kickflip-14.jpg 999w, \/blog\/wp-content\/uploads\/2016\/09\/trick-tip-fs-180-kickflip-14-600x400.jpg 600w, \/blog\/wp-content\/uploads\/2016\/09\/trick-tip-fs-180-kickflip-14-768x512.jpg 768w\" sizes=\"auto, (max-width: 999px) 100vw, 999px\" \/><\/div><\/div>\n        \n    <\/div>\n<\/div>\r\n   \t <\/div>\r\n   \t <\/div>\r\n   \t \r\n    <\/div>\r\n<\/div>\r\n\r\n<!-- .end of sequence -->\r\n\r\n<div class=\"post clearfix padding-bottom\">\r\n    <div id=\"decks-allgemeines\" class=\"hide-for-small large-2 columns\">\r\n   \t <div class=\"date-day\">FS 180 Kickflip<\/div>\r\n   \t <div class=\"date-month\">Etape par Etape<\/div>\r\n    <\/div>\r\n\r\n    <div class=\"large-10 columns\">\r\n    \r\n   \t <h2 class=\"margin-top margin-bottom\" align=\"center\">Trick Tip Etape par Etape: FS 180 Kickflip<\/h2>\r\n   \t \r\n   \t <p align=\"center\"><small>Clickez pour \u00e9largir<\/small>\r\n   \t \r\n   \t <div class=\"medium-12 columns margin-bottom\">\r\n   \t\t \r\n   \t\t <div class=\"small-12 medium-5 columns\">\r\n   \t\t\t <a title=\"Clickez pour \u00e9largir\" href=\"\/blog\/wp-content\/uploads\/2016\/09\/skateboard-trick-tip-fs-flip-1.jpg\" rel=\"lightbox[gallery-1] lightbox-0\">\r\n   \t\t\t\t <img decoding=\"async\" src=\"data:image\/gif;base64,R0lGODlhAQABAIAAAAAAAP\/\/\/yH5BAEAAAAALAAAAAABAAEAAAIBRAA7\" data-src=\"\/blog\/wp-content\/uploads\/2016\/09\/skateboard-trick-tip-fs-flip-1-thumb.jpg\" alt=\"Skateboard Trick FS 180 Kickflip Position des Pieds\" \/><noscript><img decoding=\"async\" src=\"\/blog\/wp-content\/uploads\/2016\/09\/skateboard-trick-tip-fs-flip-1-thumb.jpg\" alt=\"Skateboard Trick FS 180 Kickflip Position des Pieds\" \/><\/noscript>\r\n   \t\t\t <\/a>   \t\t \r\n   \t\t <\/div>\r\n   \t\t \r\n   \t\t <div class=\"small-12 medium-7 columns\">\r\n   \t\t <p>\r\n   \t\t <span class=\"h4\">1.<\/span>\r\n   \t\t Le placement du pied est un m\u00e9lange entre le FS 180 Ollie et un Kickflip. <\/p><p>Votre pied arri\u00e8re doit \u00eatre plac\u00e9 sur la partie ext\u00e9rieure du tail, tandis que votre pied avant est plac\u00e9 l\u00e9g\u00e8rement derri\u00e8re les vis de votre truck avant et inclin\u00e9 comme avec la position du kickflip.\r\n   \t\t <\/p>\r\n   \t\t <\/div>\r\n   \t <\/div>\r\n\r\n   \t \r\n   \t <div class=\"medium-12 columns margin-bottom\">\r\n   \t \r\n   \t\t <!-- .jedes zweite Bild in diese DIV-Klasse -->\r\n   \t\t <div class=\"small-12 medium-5 medium-push-7 columns\">\r\n   \t\t\t <a title=\"Clickez pour \u00e9largir\" href=\"\/blog\/wp-content\/uploads\/2016\/09\/skateboard-trick-tip-fs-flip-2.jpg\" rel=\"lightbox[gallery-1] lightbox-1\">\r\n   \t\t\t\t <img decoding=\"async\" src=\"data:image\/gif;base64,R0lGODlhAQABAIAAAAAAAP\/\/\/yH5BAEAAAAALAAAAAABAAEAAAIBRAA7\" data-src=\"\/blog\/wp-content\/uploads\/2016\/09\/skateboard-trick-tip-fs-flip-2-thumb.jpg\" alt=\"Skateboard Trick FS 180 Kickflip\" \/><noscript><img decoding=\"async\" src=\"\/blog\/wp-content\/uploads\/2016\/09\/skateboard-trick-tip-fs-flip-2-thumb.jpg\" alt=\"Skateboard Trick FS 180 Kickflip\" \/><\/noscript>\r\n   \t\t\t <\/a>   \t\t\t \r\n   \t\t <\/div>\r\n   \t \r\n   \t\t <!-- .jeden zweiten Text in diese DIV-Klasse -->\r\n   \t\t <div class=\"small-12 medium-7 medium-pull-5 columns\">\r\n   \t\t <p>\r\n   \t\t <span class=\"h4\">2.<\/span>\r\n   \t\t Comme avec le Frontside 180 Ollie, il est important d&#8217;utiliser vos \u00e9paules. <\/p><p>Avant de faire sauter votre planche, enclenchez l&#8217;\u00e9lan avec vos \u00e9paules en vous penchant juste comme avec le frontside 180 Ollie et pr\u00e9parez-vous pour le mouvement 180 frontside.\r\n   \t\t <\/p>\r\n   \t\t <\/div>\r\n   \t\t\t\t \r\n   \t <\/div>\r\n   \t \r\n   \t <div class=\"medium-12 columns margin-bottom\">\r\n   \t\t \r\n   \t\t <div class=\"small-12 medium-5 columns\">\r\n   \t\t\t <a title=\"Clickez pour \u00e9largir\" href=\"\/blog\/wp-content\/uploads\/2016\/09\/skateboard-trick-tip-fs-flip-3.jpg\" rel=\"lightbox[gallery-1] lightbox-2\">\r\n   \t\t\t\t <img decoding=\"async\" src=\"data:image\/gif;base64,R0lGODlhAQABAIAAAAAAAP\/\/\/yH5BAEAAAAALAAAAAABAAEAAAIBRAA7\" data-src=\"\/blog\/wp-content\/uploads\/2016\/09\/skateboard-trick-tip-fs-flip-3-thumb.jpg\" alt=\"Skateboard Trick FS 180 Kickflip\" \/><noscript><img decoding=\"async\" src=\"\/blog\/wp-content\/uploads\/2016\/09\/skateboard-trick-tip-fs-flip-3-thumb.jpg\" alt=\"Skateboard Trick FS 180 Kickflip\" \/><\/noscript>\r\n   \t\t\t <\/a>   \t \r\n   \t\t <\/div>\r\n   \t\t \r\n   \t\t <div class=\"small-12 medium-7 columns\">\r\n   \t\t <p>\r\n   \t\t <span class=\"h4\">3.<\/span>\r\n   \t\t Il est important de poppez le tail vers le bas et vers l&#8217;avant avec votre pied arri\u00e8re pour aider avec le tour en 180 du trick. <\/p><p>La rotation ou le basculement de la planche se fait avec le mouvement du Kickflip de votre pied avant. Tirez votre pied avant juste comme dans le mouvement du Kickflip simultan\u00e9ment avec le mouvement du frontside 180.\r\n   \t\t <\/p>\r\n   \t\t <\/div>\r\n   \t <\/div>\r\n   \t \r\n   \t <div class=\"medium-12 columns margin-bottom\">\r\n   \t \r\n   \t\t <div class=\"small-12 medium-5 medium-push-7 columns\">\r\n   \t\t\t <a title=\"Clickez pour \u00e9largir\" href=\"\/blog\/wp-content\/uploads\/2016\/09\/skateboard-trick-tip-fs-flip-4.jpg\" rel=\"lightbox[gallery-1] lightbox-3\">\r\n   \t\t\t\t <img decoding=\"async\" src=\"data:image\/gif;base64,R0lGODlhAQABAIAAAAAAAP\/\/\/yH5BAEAAAAALAAAAAABAAEAAAIBRAA7\" data-src=\"\/blog\/wp-content\/uploads\/2016\/09\/skateboard-trick-tip-fs-flip-4-thumb.jpg\" alt=\"Skateboard Trick FS 180 Kickflip\" \/><noscript><img decoding=\"async\" src=\"\/blog\/wp-content\/uploads\/2016\/09\/skateboard-trick-tip-fs-flip-4-thumb.jpg\" alt=\"Skateboard Trick FS 180 Kickflip\" \/><\/noscript>\r\n   \t\t\t <\/a>   \t\t\t\t \r\n   \t\t <\/div>\r\n   \t \r\n   \t\t <div class=\"small-12 medium-7 medium-pull-5 columns\">\r\n   \t\t <p>\r\n   \t\t <span class=\"h4\">4.<\/span>\r\n   \t\t Cela prend un certain temps pour obtenir le bon timing du FS 180 et avoir le mouvement Kickflip bien coordonn\u00e9. <\/p><p>Au d\u00e9but, vous allez probablement atterrir en 90 degr\u00e9s, mais c&#8217;est correct, il suffit de continuer \u00e0 pratiquer jusqu&#8217;\u00e0 ce que vous obteniez le tour entier en 180 degr\u00e9s.\r\n   \t\t <\/p>\r\n   \t\t <\/div>\r\n   \t <\/div>\r\n   \t \r\n   \t <div class=\"medium-12 columns margin-bottom\">\r\n   \t \r\n   \t\t <div class=\"medium-5 columns\">\r\n   \t\t\t <a title=\"Clickez pour \u00e9largir\" href=\"\/blog\/wp-content\/uploads\/2016\/09\/skateboard-trick-tip-fs-flip-5.jpg\" rel=\"lightbox[gallery-1] lightbox-4\">\r\n   \t\t\t\t <img decoding=\"async\" src=\"data:image\/gif;base64,R0lGODlhAQABAIAAAAAAAP\/\/\/yH5BAEAAAAALAAAAAABAAEAAAIBRAA7\" data-src=\"\/blog\/wp-content\/uploads\/2016\/09\/skateboard-trick-tip-fs-flip-5-thumb.jpg\" alt=\"Skateboard Trick FS 180 Kickflip\" \/><noscript><img decoding=\"async\" src=\"\/blog\/wp-content\/uploads\/2016\/09\/skateboard-trick-tip-fs-flip-5-thumb.jpg\" alt=\"Skateboard Trick FS 180 Kickflip\" \/><\/noscript>\r\n   \t\t\t <\/a>   \t\t\t\t\t\t \r\n   \t\t <\/div>\r\n   \t\t \r\n   \t\t <div class=\"medium-7 columns\">\r\n   \t\t <p>\r\n   \t\t <span class=\"h4\">5.<\/span>\r\n   \t\t Juste comme le Frontside 180 Ollie, au d\u00e9but, vous pouvez atterrir sur votre truck avant avec votre poids et glisser le truck de derri\u00e8re et le reste de votre corps avec.\r\n   \t\t <\/p>\r\n   \t\t <\/div>\r\n   \t <\/div>\r\n\r\n<!-- .Ende der Step By Step Anleitung -->\r\n\r\n    <\/div>\r\n<\/div>\r\n<div class=\"post clearfix padding-bottom\">\r\n    <div id=\"decks-allgemeines\" class=\"hide-for-small large-2 columns\">\r\n   \t <div class=\"date-day\">Plus de Tricks<\/div>\r\n   \t <div class=\"date-month\">?<\/div>\r\n    <\/div>\r\n\r\n    <div class=\"large-10 columns\">\r\n    \r\n   \t <h3 class=\"margin-top margin-bottom\" align=\"center\">Quel prochain Trick?<\/h3>\r\n   \t \r\n   \t <p>\r\n   \t Le FS 180 Kickflip est toujours un beau tour. Il n&#8217;importe pas si vous faites celui-ci en bas d&#8217;un stairset, plat ou dans une transition. Il semble toujours malade. Maintenant, allez dans l&#8217;autre sens et essayez BS 180 Kickflips!<\/p><p>Pour apprendre plus de tricks allez juste voir nos <a title=\"voir tous les tricks trips de skateboard pour le flat\" href=\"\/blog\/fr\/trick-tips\/skateboard\/flat\/\">trick tips pour le flat<\/a>, <a title=\"voir tous les tricks trips de skateboard pour curb et rail\" href=\"\/blog\/fr\/trick-tips\/skateboard\/curb-rail\/\">curb et rail<\/a> or <a title=\"voir tous les tricks trips de skateboard pour les transitions\" href=\"\/blog\/fr\/trick-tips\/skateboard\/transition\/\">transition.<\/a>\r\n   \t <\/p>\r\n   \t \r\n   \t <div class=\"medium-12 small-12 columns\">\r\n   \t\t <a title=\"voir tous les tricks trips pour le flat\" href=\"\/blog\/fr\/trick-tips\/skateboard\/flat\/\" class=\"button-auto\">Skateboard Trick Tips | Flat<\/a>\r\n   \t\t <br><br>\r\n   \t\t \r\n   \t\t <div class=\"medium-6 small-12 columns\">\r\n   \t\t <a title=\"voir tous les tricks trips de skateboard pour curb et rail\" href=\"\/blog\/fr\/trick-tips\/skateboard\/curb-rail\/\" class=\"button-auto\">Skateboard Trick Tips | Curb &#038; Rail<\/a>\r\n   \t\t <br><br>\r\n   \t\t <\/div>\r\n   \t\t \r\n   \t\t <div class=\"medium-6 small-12 columns\">\r\n   \t\t <a title=\"voir tous les tricks trips pour les transitions\" href=\"\/blog\/fr\/trick-tips\/skateboard\/transition\/\" class=\"button-auto\">Skateboard Trick Tips | Transition<\/a>\r\n\r\n   \t\t <br><br>\r\n   \t\t <\/div>\r\n   \t\t \r\n   \t <\/div>\r\n   \t \r\n   \t \r\n    <\/div>\r\n<\/div><div class=\"ShariffSC\" style=\"shariff-shop\"><div class=\"shariff\" data-url=\"https:\/\/skatedeluxe.com\/blog\/fr\/trick-tips\/skateboard\/flat\/fs-180-kickflip\/\" data-title=\"FS 180 Kickflip &#8211; Skateboard Trick Tip\" data-services='[\"facebooklike\", \"facebook\"]' data-backend-url='\/shariff\/'><\/div><\/div>","protected":false},"excerpt":{"rendered":"<p>Trick Tip FS 180 Kickflip Un Frontside 180 Kickflip est vous l\u2019aurez devin\u00e9, un mix entre un Frontside 180 Ollie et un Kickflip. Les deux tricks sont n\u00e9cessaires en tant que fondation et vous devriez les avoir d\u00e9j\u00e0 verrouill\u00e9 avant que vous n\u2019essayez d&#8217;aller vers le FS Flip. Une fois ce trick verrouill\u00e9 il n&#8217;est <a class=\"read-more\" href=\"https:\/\/skatedeluxe.com\/blog\/fr\/trick-tips\/skateboard\/flat\/fs-180-kickflip\/\">[&#8230;]<\/a><\/p>\n","protected":false},"author":54,"featured_media":117257,"parent":129889,"menu_order":13,"comment_status":"closed","ping_status":"closed","template":"page-templates\/teasing-page.php","meta":{"footnotes":""},"class_list":["post-130232","page","type-page","status-publish","has-post-thumbnail","hentry"],"aioseo_notices":[],"amp_enabled":false,"_links":{"self":[{"href":"https:\/\/skatedeluxe.com\/blog\/fr\/wp-json\/wp\/v2\/pages\/130232","targetHints":{"allow":["GET"]}}],"collection":[{"href":"https:\/\/skatedeluxe.com\/blog\/fr\/wp-json\/wp\/v2\/pages"}],"about":[{"href":"https:\/\/skatedeluxe.com\/blog\/fr\/wp-json\/wp\/v2\/types\/page"}],"author":[{"embeddable":true,"href":"https:\/\/skatedeluxe.com\/blog\/fr\/wp-json\/wp\/v2\/users\/54"}],"replies":[{"embeddable":true,"href":"https:\/\/skatedeluxe.com\/blog\/fr\/wp-json\/wp\/v2\/comments?post=130232"}],"version-history":[{"count":8,"href":"https:\/\/skatedeluxe.com\/blog\/fr\/wp-json\/wp\/v2\/pages\/130232\/revisions"}],"predecessor-version":[{"id":143946,"href":"https:\/\/skatedeluxe.com\/blog\/fr\/wp-json\/wp\/v2\/pages\/130232\/revisions\/143946"}],"up":[{"embeddable":true,"href":"https:\/\/skatedeluxe.com\/blog\/fr\/wp-json\/wp\/v2\/pages\/129889"}],"wp:featuredmedia":[{"embeddable":true,"href":"https:\/\/skatedeluxe.com\/blog\/fr\/wp-json\/wp\/v2\/media\/117257"}],"wp:attachment":[{"href":"https:\/\/skatedeluxe.com\/blog\/fr\/wp-json\/wp\/v2\/media?parent=130232"}],"curies":[{"name":"wp","href":"https:\/\/api.w.org\/{rel}","templated":true}]}}