{"id":130031,"date":"2016-12-23T00:46:42","date_gmt":"2016-12-22T23:46:42","guid":{"rendered":"https:\/\/admin.skatedeluxe.com\/blog\/fr\/?page_id=130031"},"modified":"2018-05-09T10:25:59","modified_gmt":"2018-05-09T08:25:59","slug":"varial-heelflip","status":"publish","type":"page","link":"https:\/\/skatedeluxe.com\/blog\/fr\/trick-tips\/skateboard\/flat\/varial-heelflip\/","title":{"rendered":"Varial Heelflip &#8211; Skateboard Trick Tip"},"content":{"rendered":"<div class=\"post clearfix padding-bottom\">\r\n\t<div id=\"decks-allgemeines\" class=\"hide-for-small large-2 columns\">\r\n\t\t<div class=\"date-day\">Trick Tip<\/div>\r\n\t\t<div class=\"date-month\">Varial Heelflip<\/div>\r\n\t<\/div>\r\n\r\n\t<div class=\"large-10 columns\">\r\n\t\r\n\t\t<p>\r\n\t\tUn Varial Heelflip est une combinaison d&#8217;un Frontside Pop Shove-It et d&#8217;un Heelflip. Ainsi, vous devriez avoir les deux flips d\u00e9j\u00e0 verrouill\u00e9e avant d&#8217;essayer de rentrer le Varial Heelflip.  <\/p><p> Une fois ma\u00eetris\u00e9, le Varial Heelflip est un trick agr\u00e9able et \u00e9l\u00e9gant pour chaque session. En plus de cela, c&#8217;est la moiti\u00e9 d&#8217;un Laserflip! \r\n\t\t<\/p>\r\n\t\r\n\t\t<p>\r\n\t\tApprenez ici comment faire un Varial Heelflip!\r\n\t\t<\/p>\r\n\t\t\r\n\t<\/div>\r\n<\/div>\r\n\r\n<!-- .end of introduction -->\r\n\r\n<div class=\"post clearfix padding-bottom\">\r\n\t<div id=\"decks-allgemeines\" class=\"hide-for-small large-2 columns\">\r\n\t\t<div class=\"date-day\">Varial Heelflip<\/div>\r\n\t\t<div class=\"date-month\">Video<\/div>\r\n\t<\/div>\r\n \r\n\t<div class=\"large-10 columns\">\r\n\t\r\n\t\t<h2 class=\"margin-top margin-bottom\" align=\"center\">Varial Heelflip<\/h2>\r\n\t\t\r\n\t\t<div class=\"medium-12 small-12 columns\">\r\n\t\t<div class=\"medium-10 columns medium-centered medium-offset-1 columns margin-bottom\">\r\n\r\n\t\t<div class=\"flex-video\">\r\n\t\t\t<iframe width=\"853\" height=\"480\" data-src=\"https:\/\/www.youtube-nocookie.com\/embed\/0k6X-Q9-vJk\" frameborder=\"0\" allowfullscreen allow=\"autoplay; encrypted-media\"><\/iframe><noscript><iframe loading=\"lazy\" width=\"853\" height=\"480\" src=\"https:\/\/www.youtube-nocookie.com\/embed\/0k6X-Q9-vJk\" frameborder=\"0\" allowfullscreen allow=\"autoplay; encrypted-media\"><\/iframe><\/noscript>\r\n\t\t<\/div>\r\n\t\t\t<div class=\"ShariffSC\" style=\"shariff-shop\"><div class=\"shariff\" data-url=\"https:\/\/skatedeluxe.com\/blog\/fr\/trick-tips\/skateboard\/flat\/varial-heelflip\/\" data-title=\"Varial Heelflip &#8211; Skateboard Trick Tip\" data-services='[\"facebooklike\", \"facebook\"]' data-backend-url='\/shariff\/'><\/div><\/div> <!-- .Social Leiste unterhalb des Videos -->\r\n\t\t<\/div>\r\n\t\t<\/div>\r\n\t\t\r\n\t<\/div>\r\n<\/div>\r\n\r\n<!-- .end of video area -->\r\n\r\n<div class=\"post clearfix padding-bottom\">\r\n\t<div id=\"decks-allgemeines\" class=\"hide-for-small large-2 columns\">\r\n\t\t<div class=\"date-day\">Varial Heelflip<\/div>\r\n\t\t<div class=\"date-month\">S\u00e9quence<\/div>\r\n\t<\/div>\r\n\r\n\t<div class=\"large-10 columns\">\r\n\t\r\n\t\t<h2 class=\"margin-top margin-bottom\" align=\"center\">Trick Tip S\u00e9quence: Varial Heelflip<\/h2>\r\n\t\t\r\n\t\t<div class=\"medium-12 small-12 columns\">\r\n\t\t<div class=\"medium-10 columns medium-centered medium-offset-1 columns margin-bottom\">\r\n\t\t<div id=\"metaslider-id-117340\" style=\"max-width: 999px; margin: 0 auto;\" class=\"ml-slider-3-98-0 ml-slider-pro-2-6-6 metaslider metaslider-nivo metaslider-117340 ml-slider ms-theme-_theme_1463567531\" role=\"region\" aria-roledescription=\"Slideshow\" aria-label=\"Varial Heelflip - Trick Tip\" data-width=\"999\">\n    <div id=\"metaslider_container_117340\">\n        <div class='slider-wrapper theme-default'><div class='ribbon'><\/div><div id='metaslider_117340' class='nivoSlider'><img loading=\"lazy\" decoding=\"async\" width=\"999\" height=\"666\" src=\"\/blog\/wp-content\/uploads\/2016\/09\/trick-tip-varial-heelflip-1.jpg\" class=\"slider-117340 slide-117341\" alt=\"Skateboard Trick Varial Heelflip\" data-caption=\"\" data-thumb=\"\" title=\"Skateboard Trick Varial Heelflip\" rel=\"\" srcset=\"\/blog\/wp-content\/uploads\/2016\/09\/trick-tip-varial-heelflip-1.jpg 999w, \/blog\/wp-content\/uploads\/2016\/09\/trick-tip-varial-heelflip-1-600x400.jpg 600w, \/blog\/wp-content\/uploads\/2016\/09\/trick-tip-varial-heelflip-1-768x512.jpg 768w\" sizes=\"auto, (max-width: 999px) 100vw, 999px\" \/><img loading=\"lazy\" decoding=\"async\" width=\"999\" height=\"666\" src=\"\/blog\/wp-content\/uploads\/2016\/09\/trick-tip-varial-heelflip-2.jpg\" class=\"slider-117340 slide-117345\" alt=\"Skateboard Trick Varial Heelflip\" data-caption=\"\" data-thumb=\"\" title=\"Skateboard Trick Varial Heelflip\" rel=\"\" srcset=\"\/blog\/wp-content\/uploads\/2016\/09\/trick-tip-varial-heelflip-2.jpg 999w, \/blog\/wp-content\/uploads\/2016\/09\/trick-tip-varial-heelflip-2-600x400.jpg 600w, \/blog\/wp-content\/uploads\/2016\/09\/trick-tip-varial-heelflip-2-768x512.jpg 768w\" sizes=\"auto, (max-width: 999px) 100vw, 999px\" \/><img loading=\"lazy\" decoding=\"async\" width=\"999\" height=\"666\" src=\"\/blog\/wp-content\/uploads\/2016\/09\/trick-tip-varial-heelflip-3.jpg\" class=\"slider-117340 slide-117349\" alt=\"Skateboard Trick Varial Heelflip\" data-caption=\"\" data-thumb=\"\" title=\"Skateboard Trick Varial Heelflip\" rel=\"\" srcset=\"\/blog\/wp-content\/uploads\/2016\/09\/trick-tip-varial-heelflip-3.jpg 999w, \/blog\/wp-content\/uploads\/2016\/09\/trick-tip-varial-heelflip-3-600x400.jpg 600w, \/blog\/wp-content\/uploads\/2016\/09\/trick-tip-varial-heelflip-3-768x512.jpg 768w\" sizes=\"auto, (max-width: 999px) 100vw, 999px\" \/><img loading=\"lazy\" decoding=\"async\" width=\"999\" height=\"666\" src=\"\/blog\/wp-content\/uploads\/2016\/09\/trick-tip-varial-heelflip-4.jpg\" class=\"slider-117340 slide-117353\" alt=\"Skateboard Trick Varial Heelflip\" data-caption=\"\" data-thumb=\"\" title=\"Skateboard Trick Varial Heelflip\" rel=\"\" srcset=\"\/blog\/wp-content\/uploads\/2016\/09\/trick-tip-varial-heelflip-4.jpg 999w, \/blog\/wp-content\/uploads\/2016\/09\/trick-tip-varial-heelflip-4-600x400.jpg 600w, \/blog\/wp-content\/uploads\/2016\/09\/trick-tip-varial-heelflip-4-768x512.jpg 768w\" sizes=\"auto, (max-width: 999px) 100vw, 999px\" \/><img loading=\"lazy\" decoding=\"async\" width=\"999\" height=\"666\" src=\"\/blog\/wp-content\/uploads\/2016\/09\/trick-tip-varial-heelflip-5.jpg\" class=\"slider-117340 slide-117357\" alt=\"Skateboard Trick Varial Heelflip\" data-caption=\"\" data-thumb=\"\" title=\"Skateboard Trick Varial Heelflip\" rel=\"\" srcset=\"\/blog\/wp-content\/uploads\/2016\/09\/trick-tip-varial-heelflip-5.jpg 999w, \/blog\/wp-content\/uploads\/2016\/09\/trick-tip-varial-heelflip-5-600x400.jpg 600w, \/blog\/wp-content\/uploads\/2016\/09\/trick-tip-varial-heelflip-5-768x512.jpg 768w\" sizes=\"auto, (max-width: 999px) 100vw, 999px\" \/><img loading=\"lazy\" decoding=\"async\" width=\"999\" height=\"666\" src=\"\/blog\/wp-content\/uploads\/2016\/09\/trick-tip-varial-heelflip-6.jpg\" class=\"slider-117340 slide-117361\" alt=\"Skateboard Trick Varial Heelflip\" data-caption=\"\" data-thumb=\"\" title=\"Skateboard Trick Varial Heelflip\" rel=\"\" srcset=\"\/blog\/wp-content\/uploads\/2016\/09\/trick-tip-varial-heelflip-6.jpg 999w, \/blog\/wp-content\/uploads\/2016\/09\/trick-tip-varial-heelflip-6-600x400.jpg 600w, \/blog\/wp-content\/uploads\/2016\/09\/trick-tip-varial-heelflip-6-768x512.jpg 768w\" sizes=\"auto, (max-width: 999px) 100vw, 999px\" \/><img loading=\"lazy\" decoding=\"async\" width=\"999\" height=\"666\" src=\"\/blog\/wp-content\/uploads\/2016\/09\/trick-tip-varial-heelflip-7.jpg\" class=\"slider-117340 slide-117365\" alt=\"Skateboard Trick Varial Heelflip\" data-caption=\"\" data-thumb=\"\" title=\"Skateboard Trick Varial Heelflip\" rel=\"\" srcset=\"\/blog\/wp-content\/uploads\/2016\/09\/trick-tip-varial-heelflip-7.jpg 999w, \/blog\/wp-content\/uploads\/2016\/09\/trick-tip-varial-heelflip-7-600x400.jpg 600w, \/blog\/wp-content\/uploads\/2016\/09\/trick-tip-varial-heelflip-7-768x512.jpg 768w\" sizes=\"auto, (max-width: 999px) 100vw, 999px\" \/><img loading=\"lazy\" decoding=\"async\" width=\"999\" height=\"666\" src=\"\/blog\/wp-content\/uploads\/2016\/09\/trick-tip-varial-heelflip-8.jpg\" class=\"slider-117340 slide-117369\" alt=\"Skateboard Trick Varial Heelflip\" data-caption=\"\" data-thumb=\"\" title=\"Skateboard Trick Varial Heelflip\" rel=\"\" srcset=\"\/blog\/wp-content\/uploads\/2016\/09\/trick-tip-varial-heelflip-8.jpg 999w, \/blog\/wp-content\/uploads\/2016\/09\/trick-tip-varial-heelflip-8-600x400.jpg 600w, \/blog\/wp-content\/uploads\/2016\/09\/trick-tip-varial-heelflip-8-768x512.jpg 768w\" sizes=\"auto, (max-width: 999px) 100vw, 999px\" \/><img loading=\"lazy\" decoding=\"async\" width=\"999\" height=\"666\" src=\"\/blog\/wp-content\/uploads\/2016\/09\/trick-tip-varial-heelflip-9.jpg\" class=\"slider-117340 slide-117373\" alt=\"Skateboard Trick Varial Heelflip\" data-caption=\"\" data-thumb=\"\" title=\"Skateboard Trick Varial Heelflip\" rel=\"\" srcset=\"\/blog\/wp-content\/uploads\/2016\/09\/trick-tip-varial-heelflip-9.jpg 999w, \/blog\/wp-content\/uploads\/2016\/09\/trick-tip-varial-heelflip-9-600x400.jpg 600w, \/blog\/wp-content\/uploads\/2016\/09\/trick-tip-varial-heelflip-9-768x512.jpg 768w\" sizes=\"auto, (max-width: 999px) 100vw, 999px\" \/><img loading=\"lazy\" decoding=\"async\" width=\"999\" height=\"666\" src=\"\/blog\/wp-content\/uploads\/2016\/09\/trick-tip-varial-heelflip-10.jpg\" class=\"slider-117340 slide-117377\" alt=\"Skateboard Trick Varial Heelflip\" data-caption=\"\" data-thumb=\"\" title=\"Skateboard Trick Varial Heelflip\" rel=\"\" srcset=\"\/blog\/wp-content\/uploads\/2016\/09\/trick-tip-varial-heelflip-10.jpg 999w, \/blog\/wp-content\/uploads\/2016\/09\/trick-tip-varial-heelflip-10-600x400.jpg 600w, \/blog\/wp-content\/uploads\/2016\/09\/trick-tip-varial-heelflip-10-768x512.jpg 768w\" sizes=\"auto, (max-width: 999px) 100vw, 999px\" \/><img loading=\"lazy\" decoding=\"async\" width=\"999\" height=\"666\" src=\"\/blog\/wp-content\/uploads\/2016\/09\/trick-tip-varial-heelflip-11.jpg\" class=\"slider-117340 slide-117381\" alt=\"Skateboard Trick Varial Heelflip\" data-caption=\"\" data-thumb=\"\" title=\"Skateboard Trick Varial Heelflip\" rel=\"\" srcset=\"\/blog\/wp-content\/uploads\/2016\/09\/trick-tip-varial-heelflip-11.jpg 999w, \/blog\/wp-content\/uploads\/2016\/09\/trick-tip-varial-heelflip-11-600x400.jpg 600w, \/blog\/wp-content\/uploads\/2016\/09\/trick-tip-varial-heelflip-11-768x512.jpg 768w\" sizes=\"auto, (max-width: 999px) 100vw, 999px\" \/><\/div><\/div>\n        \n    <\/div>\n<\/div>\r\n\t\t<\/div>\r\n\t\t<\/div>\r\n\t\t\r\n\t<\/div>\r\n<\/div>\r\n\r\n<!-- .end of sequence -->\r\n\r\n<div class=\"post clearfix padding-bottom\">\r\n\t<div id=\"decks-allgemeines\" class=\"hide-for-small large-2 columns\">\r\n\t\t<div class=\"date-day\">Varial Heelflip<\/div>\r\n\t\t<div class=\"date-month\">Etape par Etape<\/div>\r\n\t<\/div>\r\n\r\n\t<div class=\"large-10 columns\">\r\n\t\r\n\t\t<h2 class=\"margin-top margin-bottom\" align=\"center\">Trick Tip Etape par Etape: Varial Heelflip<\/h2>\r\n\t\t\r\n\t\t<p align=\"center\"><small>Clickez pour \u00e9largir<\/small>\r\n\t\t\r\n\t\t<div class=\"medium-12 columns margin-bottom\">\r\n\t\t\t\r\n\t\t\t<div class=\"small-12 medium-5 columns\">\r\n\t\t\t\t<a title=\"Clickez pour \u00e9largir\" href=\"\/blog\/wp-content\/uploads\/2016\/09\/skateboard-trick-tip-varial-heelflip-1x.jpg\" rel=\"lightbox[gallery-1] lightbox-0\">\r\n\t\t\t\t\t<img decoding=\"async\" src=\"data:image\/gif;base64,R0lGODlhAQABAIAAAAAAAP\/\/\/yH5BAEAAAAALAAAAAABAAEAAAIBRAA7\" data-src=\"\/blog\/wp-content\/uploads\/2016\/09\/skateboard-trick-tip-varial-heelflip-1-thumb.jpg\" alt=\"Skateboard Trick Varial Heelflip Position des Pieds\" \/><noscript><img decoding=\"async\" src=\"\/blog\/wp-content\/uploads\/2016\/09\/skateboard-trick-tip-varial-heelflip-1-thumb.jpg\" alt=\"Skateboard Trick Varial Heelflip Position des Pieds\" \/><\/noscript>\r\n\t\t\t\t<\/a>\t\t\t\r\n\t\t\t<\/div>\r\n\t\t\t\r\n\t\t\t<div class=\"small-12 medium-7 columns\">\r\n\t\t\t<p>\r\n\t\t\t<span class=\"h4\">1.<\/span>\r\n\t\t\tVotre pied avant doit \u00eatre mis \u00e0 droite au milieu de la planche avec vos orteils suspendus au bord de la planche.\r\n\t\t\t<\/p>\r\n\t\t\t<\/div>\r\n\t\t<\/div>\r\n\r\n\t\t\r\n\t\t<div class=\"medium-12 columns margin-bottom\">\r\n\t\t\r\n\t\t\t<!-- .jedes zweite Bild in diese DIV-Klasse -->\r\n\t\t\t<div class=\"small-12 medium-5 medium-push-7 columns\">\r\n\t\t\t\t<a title=\"Clickez pour \u00e9largir\" href=\"\/blog\/wp-content\/uploads\/2016\/09\/skateboard-trick-tip-varial-heelflip-2x.jpg\" rel=\"lightbox[gallery-1] lightbox-1\">\r\n\t\t\t\t\t<img decoding=\"async\" src=\"data:image\/gif;base64,R0lGODlhAQABAIAAAAAAAP\/\/\/yH5BAEAAAAALAAAAAABAAEAAAIBRAA7\" data-src=\"\/blog\/wp-content\/uploads\/2016\/09\/skateboard-trick-tip-varial-heelflip-2-thumb.jpg\" alt=\"Skateboard Trick Varial Heelflip\" \/><noscript><img decoding=\"async\" src=\"\/blog\/wp-content\/uploads\/2016\/09\/skateboard-trick-tip-varial-heelflip-2-thumb.jpg\" alt=\"Skateboard Trick Varial Heelflip\" \/><\/noscript>\r\n\t\t\t\t<\/a>\t\t\t\t\r\n\t\t\t<\/div>\r\n\t\t\r\n\t\t\t<!-- .jeden zweiten Text in diese DIV-Klasse -->\r\n\t\t\t<div class=\"small-12 medium-7 medium-pull-5 columns\">\r\n\t\t\t<p>\r\n\t\t\t<span class=\"h4\">2.<\/span>\r\n\t\t\tVotre pied arri\u00e8re est plac\u00e9 sur la partie externe du tail comme avec le Frontside Pop Shove-It.\r\n\t\t\t<\/p>\r\n\t\t\t<\/div>\r\n\t\t\t\t\t\r\n\t\t<\/div>\r\n\t\t\r\n\t\t<div class=\"medium-12 columns margin-bottom\">\r\n\t\t\t\r\n\t\t\t<div class=\"small-12 medium-5 columns\">\r\n\t\t\t\t<a title=\"Clickez pour \u00e9largir\" href=\"\/blog\/wp-content\/uploads\/2016\/09\/skateboard-trick-tip-varial-heelflip-3x.jpg\" rel=\"lightbox[gallery-1] lightbox-2\">\r\n\t\t\t\t\t<img decoding=\"async\" src=\"data:image\/gif;base64,R0lGODlhAQABAIAAAAAAAP\/\/\/yH5BAEAAAAALAAAAAABAAEAAAIBRAA7\" data-src=\"\/blog\/wp-content\/uploads\/2016\/09\/skateboard-trick-tip-varial-heelflip-3-thumb.jpg\" alt=\"Skateboard Trick Varial Heelflip\" \/><noscript><img decoding=\"async\" src=\"\/blog\/wp-content\/uploads\/2016\/09\/skateboard-trick-tip-varial-heelflip-3-thumb.jpg\" alt=\"Skateboard Trick Varial Heelflip\" \/><\/noscript>\r\n\t\t\t\t<\/a>\t\t\r\n\t\t\t<\/div>\r\n\t\t\t\r\n\t\t\t<div class=\"small-12 medium-7 columns\">\r\n\t\t\t<p>\r\n\t\t\t<span class=\"h4\">3.<\/span>\r\n\t\t\tComme avec le Pop Shove-It Frontside, poppez le tail vers le bas et un peu en avant tandis que le talon de votre pied avant kick en face de vous en m\u00eame temps, en donnant \u00e0 la board la rotation en shove-it il et heelflip.\r\n\t\t\t<\/p>\r\n\t\t\t<\/div>\r\n\t\t<\/div>\r\n\t\t\r\n\t\t<div class=\"medium-12 columns margin-bottom\">\r\n\t\t\r\n\t\t\t<div class=\"small-12 medium-5 medium-push-7 columns\">\r\n\t\t\t\t<a title=\"Clickez pour \u00e9largir\" href=\"\/blog\/wp-content\/uploads\/2016\/09\/skateboard-trick-tip-varial-heelflip-4x.jpg\" rel=\"lightbox[gallery-1] lightbox-3\">\r\n\t\t\t\t\t<img decoding=\"async\" src=\"data:image\/gif;base64,R0lGODlhAQABAIAAAAAAAP\/\/\/yH5BAEAAAAALAAAAAABAAEAAAIBRAA7\" data-src=\"\/blog\/wp-content\/uploads\/2016\/09\/skateboard-trick-tip-varial-heelflip-4-thumb.jpg\" alt=\"Skateboard Trick Varial Heelflip\" \/><noscript><img decoding=\"async\" src=\"\/blog\/wp-content\/uploads\/2016\/09\/skateboard-trick-tip-varial-heelflip-4-thumb.jpg\" alt=\"Skateboard Trick Varial Heelflip\" \/><\/noscript>\r\n\t\t\t\t<\/a>\t\t\t\t\t\r\n\t\t\t<\/div>\r\n\t\t\r\n\t\t\t<div class=\"small-12 medium-7 medium-pull-5 columns\">\r\n\t\t\t<p>\r\n\t\t\t<span class=\"h4\">4.<\/span>\r\n\t\t\tVos deux pieds doivent travailler d&#8217;une mani\u00e8re bien coordonn\u00e9e pour rentrer le Varial Heelflip. Quand la planche a fini sa rotation attrapez-la sur les vis et rouler au loin, propre. \r\n\t\t\t<\/p>\r\n\t\t\t<\/div>\r\n\t\t<\/div>\r\n\t\t\r\n\t\t\t\r\n\r\n<!-- .Ende der Step By Step Anleitung -->\r\n\r\n\t<\/div>\r\n<\/div>\r\n<div class=\"post clearfix padding-bottom\">\r\n    <div id=\"decks-allgemeines\" class=\"hide-for-small large-2 columns\">\r\n   \t <div class=\"date-day\">Plus de Tricks<\/div>\r\n   \t <div class=\"date-month\">?<\/div>\r\n    <\/div>\r\n\r\n    <div class=\"large-10 columns\">\r\n    \r\n   \t <h3 class=\"margin-top margin-bottom\" align=\"center\">Quel prochain Trick?<\/h3>\r\n\t\t\r\n\t\t<p>\r\n\t\tVous avez v\u00e9rouill\u00e9 le Varial Heelflip? Il est temps de progresser! Et pourquoi pas apprendre le Hardflip le flip le plus aim\u00e9 de tous les temps? Le 360 Flip! <\/p><p> Si vous voulez apprendre plus de tricks, il suffit de checker notre section de tricks tips pour <a title=\"voir tous les tricks tips de planche pour le flat\" href=\"\/blog\/fr\/trick-tips\/skateboard\/flat\/\">tricks tips pour le flat <\/a>. Si vous \u00eates plus dans des sessions de mini rampe, vous devriez consulter notre section tricks tips pour <a title=\"voir tous les tricks de skateboard pour les transitions href=\"\/blog\/fr\/trick-tips\/skateboard\/transition\/\"> transition.<\/a> Si vous voulez apprendre quelques grinds alors allez voir les tricks tips pour <a title=\"voir toutes les tricks tips de skateboard pour les curbs et les rails\" href=\"\/blog\/fr\/trick-tips\/skateboard\/curb-rail\/\">  les curbs et les rails<\/a>.\r\n   \t <\/p>\r\n   \t \r\n   \t <div class=\"medium-12 small-12 columns\">\r\n   \t\t <a title=\"voir tous les tricks trips de skateboard pour le flat\" href=\"\/blog\/fr\/trick-tips\/skateboard\/flat\/\" class=\"button-auto\">Skateboard Trick Tips | Flat<\/a>\r\n   \t\t <br><br>\r\n   \t\t \r\n   \t\t <div class=\"medium-6 small-12 columns\">\r\n   \t\t <a title=\"voir tous les tricks trips de skateboard pour curb &#038; rail\" href=\"\/blog\/fr\/trick-tips\/skateboard\/curb-rail\/\" class=\"button-auto\">Skateboard Trick Tips | Curb &#038; Rail<\/a>\r\n   \t\t <br><br>\r\n   \t\t <\/div>\r\n   \t\t \r\n   \t\t <div class=\"medium-6 small-12 columns\">\r\n   \t\t <a title=\"voir tous les tricks trips de skateboard pour transitions\" href=\"\/blog\/fr\/trick-tips\/skateboard\/transition\/\" class=\"button-auto\">Skateboard Trick Tips | Transition<\/a>\r\n\t\t\t<br><br>\r\n\t\t\t<\/div>\r\n\t\t\t\r\n\t\t<\/div>\r\n\t\t\r\n\t\t\r\n\t<\/div>\r\n<\/div><div class=\"ShariffSC\" style=\"shariff-shop\"><div class=\"shariff\" data-url=\"https:\/\/skatedeluxe.com\/blog\/fr\/trick-tips\/skateboard\/flat\/varial-heelflip\/\" data-title=\"Varial Heelflip &#8211; Skateboard Trick Tip\" data-services='[\"facebooklike\", \"facebook\"]' data-backend-url='\/shariff\/'><\/div><\/div>","protected":false},"excerpt":{"rendered":"<p>Trick Tip Varial Heelflip Un Varial Heelflip est une combinaison d&#8217;un Frontside Pop Shove-It et d&#8217;un Heelflip. Ainsi, vous devriez avoir les deux flips d\u00e9j\u00e0 verrouill\u00e9e avant d&#8217;essayer de rentrer le Varial Heelflip. Une fois ma\u00eetris\u00e9, le Varial Heelflip est un trick agr\u00e9able et \u00e9l\u00e9gant pour chaque session. En plus de cela, c&#8217;est la moiti\u00e9 <a class=\"read-more\" href=\"https:\/\/skatedeluxe.com\/blog\/fr\/trick-tips\/skateboard\/flat\/varial-heelflip\/\">[&#8230;]<\/a><\/p>\n","protected":false},"author":32,"featured_media":116779,"parent":129889,"menu_order":9,"comment_status":"open","ping_status":"closed","template":"page-templates\/teasing-page.php","meta":{"footnotes":""},"class_list":["post-130031","page","type-page","status-publish","has-post-thumbnail","hentry"],"aioseo_notices":[],"amp_enabled":false,"_links":{"self":[{"href":"https:\/\/skatedeluxe.com\/blog\/fr\/wp-json\/wp\/v2\/pages\/130031","targetHints":{"allow":["GET"]}}],"collection":[{"href":"https:\/\/skatedeluxe.com\/blog\/fr\/wp-json\/wp\/v2\/pages"}],"about":[{"href":"https:\/\/skatedeluxe.com\/blog\/fr\/wp-json\/wp\/v2\/types\/page"}],"author":[{"embeddable":true,"href":"https:\/\/skatedeluxe.com\/blog\/fr\/wp-json\/wp\/v2\/users\/32"}],"replies":[{"embeddable":true,"href":"https:\/\/skatedeluxe.com\/blog\/fr\/wp-json\/wp\/v2\/comments?post=130031"}],"version-history":[{"count":12,"href":"https:\/\/skatedeluxe.com\/blog\/fr\/wp-json\/wp\/v2\/pages\/130031\/revisions"}],"predecessor-version":[{"id":143937,"href":"https:\/\/skatedeluxe.com\/blog\/fr\/wp-json\/wp\/v2\/pages\/130031\/revisions\/143937"}],"up":[{"embeddable":true,"href":"https:\/\/skatedeluxe.com\/blog\/fr\/wp-json\/wp\/v2\/pages\/129889"}],"wp:featuredmedia":[{"embeddable":true,"href":"https:\/\/skatedeluxe.com\/blog\/fr\/wp-json\/wp\/v2\/media\/116779"}],"wp:attachment":[{"href":"https:\/\/skatedeluxe.com\/blog\/fr\/wp-json\/wp\/v2\/media?parent=130031"}],"curies":[{"name":"wp","href":"https:\/\/api.w.org\/{rel}","templated":true}]}}