{"id":129981,"date":"2016-12-23T00:46:39","date_gmt":"2016-12-22T23:46:39","guid":{"rendered":"https:\/\/admin.skatedeluxe.com\/blog\/fr\/?page_id=129981"},"modified":"2018-05-09T10:23:14","modified_gmt":"2018-05-09T08:23:14","slug":"heelflip","status":"publish","type":"page","link":"https:\/\/skatedeluxe.com\/blog\/fr\/trick-tips\/skateboard\/flat\/heelflip\/","title":{"rendered":"Heelflip &#8211; Skateboard Trick Tip"},"content":{"rendered":"<div class=\"post clearfix padding-bottom\">\r\n    <div id=\"decks-allgemeines\" class=\"hide-for-small large-2 columns\">\r\n     <div class=\"date-day\">Trick Tip<\/div>\r\n     <div class=\"date-month\">Heelflip<\/div>\r\n    <\/div>\r\n\r\n    <div class=\"large-10 columns\">\r\n    \r\n     <p>\r\n     Un Heelflip est similaire \u00e0 un Kickflip o\u00f9 la planche effectue une rotation de flip le long de son long axe, mais dans la direction oppos\u00e9e parce que vous retournez la planche avec votre talon au lieu de vos orteils comme avec le kickflip. <\/p><p> Ce tricks de base a \u00e9t\u00e9 comme tant d&#8217;autres invent\u00e9es par M. Rodney Mullen lui-m\u00eame et aurait s\u00fbrement manqu\u00e9 s&#8217;il ne l&#8217;avait pas invent\u00e9. Donc, pour le remercier, sortez et pratiquez ce classique du skateboard!  \r\n     <\/p>\r\n    \r\n     <p>\r\n     Apprenez ici \u00e0 faire un Heelflip!\r\n     <\/p>\r\n     \r\n    <\/div>\r\n<\/div>\r\n\r\n<!-- .end of introduction -->\r\n\r\n<div class=\"post clearfix padding-bottom\">\r\n    <div id=\"decks-allgemeines\" class=\"hide-for-small large-2 columns\">\r\n     <div class=\"date-day\">Heelflip<\/div>\r\n     <div class=\"date-month\">Video<\/div>\r\n    <\/div>\r\n \r\n    <div class=\"large-10 columns\">\r\n    \r\n     <h2 class=\"margin-top margin-bottom\" align=\"center\">Heelflip<\/h2>\r\n     \r\n     <div class=\"medium-12 small-12 columns\">\r\n     <div class=\"medium-10 columns medium-centered medium-offset-1 columns margin-bottom\">\r\n\r\n     <div class=\"flex-video\">\r\n       <iframe width=\"853\" height=\"480\" data-src=\"https:\/\/www.youtube-nocookie.com\/embed\/e87iA0gDueQ\" frameborder=\"0\" allowfullscreen allow=\"autoplay; encrypted-media\"><\/iframe><noscript><iframe loading=\"lazy\" width=\"853\" height=\"480\" src=\"https:\/\/www.youtube-nocookie.com\/embed\/e87iA0gDueQ\" frameborder=\"0\" allowfullscreen allow=\"autoplay; encrypted-media\"><\/iframe><\/noscript>\r\n     <\/div>\r\n       <div class=\"ShariffSC\" style=\"shariff-shop\"><div class=\"shariff\" data-url=\"https:\/\/skatedeluxe.com\/blog\/fr\/trick-tips\/skateboard\/flat\/heelflip\/\" data-title=\"Heelflip &#8211; Skateboard Trick Tip\" data-services='[\"facebooklike\", \"facebook\"]' data-backend-url='\/shariff\/'><\/div><\/div> <!-- .Social Leiste unterhalb des Videos -->\r\n     <\/div>\r\n     <\/div>\r\n     \r\n    <\/div>\r\n<\/div>\r\n\r\n<!-- .end of video area -->\r\n\r\n<div class=\"post clearfix padding-bottom\">\r\n    <div id=\"decks-allgemeines\" class=\"hide-for-small large-2 columns\">\r\n     <div class=\"date-day\">Heelflip<\/div>\r\n     <div class=\"date-month\">S\u00e9quence<\/div>\r\n    <\/div>\r\n\r\n    <div class=\"large-10 columns\">\r\n    \r\n     <h2 class=\"margin-top margin-bottom\" align=\"center\">Trick Tip S\u00e9quence: Heelflip<\/h2>\r\n     \r\n     <div class=\"medium-12 small-12 columns\">\r\n     <div class=\"medium-10 columns medium-centered medium-offset-1 columns margin-bottom\">\r\n     <div id=\"metaslider-id-115999\" style=\"max-width: 999px; margin: 0 auto;\" class=\"ml-slider-3-98-0 ml-slider-pro-2-6-6 metaslider metaslider-nivo metaslider-115999 ml-slider ms-theme-_theme_1463567531\" role=\"region\" aria-roledescription=\"Slideshow\" aria-label=\"Heelflip - Trick Tip\" data-width=\"999\">\n    <div id=\"metaslider_container_115999\">\n        <div class='slider-wrapper theme-default'><div class='ribbon'><\/div><div id='metaslider_115999' class='nivoSlider'><img loading=\"lazy\" decoding=\"async\" width=\"999\" height=\"666\" src=\"\/blog\/wp-content\/uploads\/2016\/09\/trick-tip-heelflip-1.jpg\" class=\"slider-115999 slide-115987\" alt=\"Skateboard Trick Heelflip\" data-caption=\"\" data-thumb=\"\" title=\"Skateboard Trick Heelflip\" rel=\"\" srcset=\"\/blog\/wp-content\/uploads\/2016\/09\/trick-tip-heelflip-1.jpg 999w, \/blog\/wp-content\/uploads\/2016\/09\/trick-tip-heelflip-1-600x400.jpg 600w, \/blog\/wp-content\/uploads\/2016\/09\/trick-tip-heelflip-1-768x512.jpg 768w\" sizes=\"auto, (max-width: 999px) 100vw, 999px\" \/><img loading=\"lazy\" decoding=\"async\" width=\"999\" height=\"666\" src=\"\/blog\/wp-content\/uploads\/2016\/09\/trick-tip-heelflip-2.jpg\" class=\"slider-115999 slide-115991\" alt=\"Skateboard Trick Heelflip\" data-caption=\"\" data-thumb=\"\" title=\"Skateboard Trick Heelflip\" rel=\"\" srcset=\"\/blog\/wp-content\/uploads\/2016\/09\/trick-tip-heelflip-2.jpg 999w, \/blog\/wp-content\/uploads\/2016\/09\/trick-tip-heelflip-2-600x400.jpg 600w, \/blog\/wp-content\/uploads\/2016\/09\/trick-tip-heelflip-2-768x512.jpg 768w\" sizes=\"auto, (max-width: 999px) 100vw, 999px\" \/><img loading=\"lazy\" decoding=\"async\" width=\"999\" height=\"666\" src=\"\/blog\/wp-content\/uploads\/2016\/09\/trick-tip-heelflip-3.jpg\" class=\"slider-115999 slide-115995\" alt=\"Skateboard Trick Heelflip\" data-caption=\"\" data-thumb=\"\" title=\"Skateboard Trick Heelflip\" rel=\"\" srcset=\"\/blog\/wp-content\/uploads\/2016\/09\/trick-tip-heelflip-3.jpg 999w, \/blog\/wp-content\/uploads\/2016\/09\/trick-tip-heelflip-3-600x400.jpg 600w, \/blog\/wp-content\/uploads\/2016\/09\/trick-tip-heelflip-3-768x512.jpg 768w\" sizes=\"auto, (max-width: 999px) 100vw, 999px\" \/><img loading=\"lazy\" decoding=\"async\" width=\"999\" height=\"666\" src=\"\/blog\/wp-content\/uploads\/2016\/09\/trick-tip-heelflip-4.jpg\" class=\"slider-115999 slide-116000\" alt=\"Skateboard Trick Heelflip\" data-caption=\"\" data-thumb=\"\" title=\"Skateboard Trick Heelflip\" rel=\"\" srcset=\"\/blog\/wp-content\/uploads\/2016\/09\/trick-tip-heelflip-4.jpg 999w, \/blog\/wp-content\/uploads\/2016\/09\/trick-tip-heelflip-4-600x400.jpg 600w, \/blog\/wp-content\/uploads\/2016\/09\/trick-tip-heelflip-4-768x512.jpg 768w\" sizes=\"auto, (max-width: 999px) 100vw, 999px\" \/><img loading=\"lazy\" decoding=\"async\" width=\"999\" height=\"666\" src=\"\/blog\/wp-content\/uploads\/2016\/09\/trick-tip-heelflip-5.jpg\" class=\"slider-115999 slide-116004\" alt=\"Skateboard Trick Heelflip\" data-caption=\"\" data-thumb=\"\" title=\"Skateboard Trick Heelflip\" rel=\"\" srcset=\"\/blog\/wp-content\/uploads\/2016\/09\/trick-tip-heelflip-5.jpg 999w, \/blog\/wp-content\/uploads\/2016\/09\/trick-tip-heelflip-5-600x400.jpg 600w, \/blog\/wp-content\/uploads\/2016\/09\/trick-tip-heelflip-5-768x512.jpg 768w\" sizes=\"auto, (max-width: 999px) 100vw, 999px\" \/><img loading=\"lazy\" decoding=\"async\" width=\"999\" height=\"666\" src=\"\/blog\/wp-content\/uploads\/2016\/09\/trick-tip-heelflip-6.jpg\" class=\"slider-115999 slide-116008\" alt=\"Skateboard Trick Heelflip\" data-caption=\"\" data-thumb=\"\" title=\"Skateboard Trick Heelflip\" rel=\"\" srcset=\"\/blog\/wp-content\/uploads\/2016\/09\/trick-tip-heelflip-6.jpg 999w, \/blog\/wp-content\/uploads\/2016\/09\/trick-tip-heelflip-6-600x400.jpg 600w, \/blog\/wp-content\/uploads\/2016\/09\/trick-tip-heelflip-6-768x512.jpg 768w\" sizes=\"auto, (max-width: 999px) 100vw, 999px\" \/><img loading=\"lazy\" decoding=\"async\" width=\"999\" height=\"666\" src=\"\/blog\/wp-content\/uploads\/2016\/09\/trick-tip-heelflip-7.jpg\" class=\"slider-115999 slide-116012\" alt=\"Skateboard Trick Heelflip\" data-caption=\"\" data-thumb=\"\" title=\"Skateboard Trick Heelflip\" rel=\"\" srcset=\"\/blog\/wp-content\/uploads\/2016\/09\/trick-tip-heelflip-7.jpg 999w, \/blog\/wp-content\/uploads\/2016\/09\/trick-tip-heelflip-7-600x400.jpg 600w, \/blog\/wp-content\/uploads\/2016\/09\/trick-tip-heelflip-7-768x512.jpg 768w\" sizes=\"auto, (max-width: 999px) 100vw, 999px\" \/><img loading=\"lazy\" decoding=\"async\" width=\"999\" height=\"666\" src=\"\/blog\/wp-content\/uploads\/2016\/09\/trick-tip-heelflip-8.jpg\" class=\"slider-115999 slide-116016\" alt=\"Skateboard Trick Heelflip\" data-caption=\"\" data-thumb=\"\" title=\"Skateboard Trick Heelflip\" rel=\"\" srcset=\"\/blog\/wp-content\/uploads\/2016\/09\/trick-tip-heelflip-8.jpg 999w, \/blog\/wp-content\/uploads\/2016\/09\/trick-tip-heelflip-8-600x400.jpg 600w, \/blog\/wp-content\/uploads\/2016\/09\/trick-tip-heelflip-8-768x512.jpg 768w\" sizes=\"auto, (max-width: 999px) 100vw, 999px\" \/><img loading=\"lazy\" decoding=\"async\" width=\"999\" height=\"666\" src=\"\/blog\/wp-content\/uploads\/2016\/09\/trick-tip-heelflip-9.jpg\" class=\"slider-115999 slide-116020\" alt=\"Skateboard Trick Heelflip\" data-caption=\"\" data-thumb=\"\" title=\"Skateboard Trick Heelflip\" rel=\"\" srcset=\"\/blog\/wp-content\/uploads\/2016\/09\/trick-tip-heelflip-9.jpg 999w, \/blog\/wp-content\/uploads\/2016\/09\/trick-tip-heelflip-9-600x400.jpg 600w, \/blog\/wp-content\/uploads\/2016\/09\/trick-tip-heelflip-9-768x512.jpg 768w\" sizes=\"auto, (max-width: 999px) 100vw, 999px\" \/><img loading=\"lazy\" decoding=\"async\" width=\"999\" height=\"666\" src=\"\/blog\/wp-content\/uploads\/2016\/09\/trick-tip-heelflip-10.jpg\" class=\"slider-115999 slide-116024\" alt=\"Skateboard Trick Heelflip\" data-caption=\"\" data-thumb=\"\" title=\"Skateboard Trick Heelflip\" rel=\"\" srcset=\"\/blog\/wp-content\/uploads\/2016\/09\/trick-tip-heelflip-10.jpg 999w, \/blog\/wp-content\/uploads\/2016\/09\/trick-tip-heelflip-10-600x400.jpg 600w, \/blog\/wp-content\/uploads\/2016\/09\/trick-tip-heelflip-10-768x512.jpg 768w\" sizes=\"auto, (max-width: 999px) 100vw, 999px\" \/><img loading=\"lazy\" decoding=\"async\" width=\"999\" height=\"666\" src=\"\/blog\/wp-content\/uploads\/2016\/09\/trick-tip-heelflip-11.jpg\" class=\"slider-115999 slide-116028\" alt=\"Skateboard Trick Heelflip\" data-caption=\"\" data-thumb=\"\" title=\"Skateboard Trick Heelflip\" rel=\"\" srcset=\"\/blog\/wp-content\/uploads\/2016\/09\/trick-tip-heelflip-11.jpg 999w, \/blog\/wp-content\/uploads\/2016\/09\/trick-tip-heelflip-11-600x400.jpg 600w, \/blog\/wp-content\/uploads\/2016\/09\/trick-tip-heelflip-11-768x512.jpg 768w\" sizes=\"auto, (max-width: 999px) 100vw, 999px\" \/><img loading=\"lazy\" decoding=\"async\" width=\"999\" height=\"666\" src=\"\/blog\/wp-content\/uploads\/2016\/09\/trick-tip-heelflip-12.jpg\" class=\"slider-115999 slide-116032\" alt=\"Skateboard Trick Heelflip\" data-caption=\"\" data-thumb=\"\" title=\"Skateboard Trick Heelflip\" rel=\"\" srcset=\"\/blog\/wp-content\/uploads\/2016\/09\/trick-tip-heelflip-12.jpg 999w, \/blog\/wp-content\/uploads\/2016\/09\/trick-tip-heelflip-12-600x400.jpg 600w, \/blog\/wp-content\/uploads\/2016\/09\/trick-tip-heelflip-12-768x512.jpg 768w\" sizes=\"auto, (max-width: 999px) 100vw, 999px\" \/><img loading=\"lazy\" decoding=\"async\" width=\"999\" height=\"666\" src=\"\/blog\/wp-content\/uploads\/2016\/09\/trick-tip-heelflip-13.jpg\" class=\"slider-115999 slide-116036\" alt=\"Skateboard Trick Heelflip\" data-caption=\"\" data-thumb=\"\" title=\"Skateboard Trick Heelflip\" rel=\"\" srcset=\"\/blog\/wp-content\/uploads\/2016\/09\/trick-tip-heelflip-13.jpg 999w, \/blog\/wp-content\/uploads\/2016\/09\/trick-tip-heelflip-13-600x400.jpg 600w, \/blog\/wp-content\/uploads\/2016\/09\/trick-tip-heelflip-13-768x512.jpg 768w\" sizes=\"auto, (max-width: 999px) 100vw, 999px\" \/><img loading=\"lazy\" decoding=\"async\" width=\"999\" height=\"666\" src=\"\/blog\/wp-content\/uploads\/2016\/09\/trick-tip-heelflip-14.jpg\" class=\"slider-115999 slide-116040\" alt=\"Skateboard Trick Heelflip\" data-caption=\"\" data-thumb=\"\" title=\"Skateboard Trick Heelflip\" rel=\"\" srcset=\"\/blog\/wp-content\/uploads\/2016\/09\/trick-tip-heelflip-14.jpg 999w, \/blog\/wp-content\/uploads\/2016\/09\/trick-tip-heelflip-14-600x400.jpg 600w, \/blog\/wp-content\/uploads\/2016\/09\/trick-tip-heelflip-14-768x512.jpg 768w\" sizes=\"auto, (max-width: 999px) 100vw, 999px\" \/><\/div><\/div>\n        \n    <\/div>\n<\/div>\r\n     <\/div>\r\n     <\/div>\r\n     \r\n    <\/div>\r\n<\/div>\r\n\r\n<!-- .end of sequence -->\r\n\r\n<div class=\"post clearfix padding-bottom\">\r\n    <div id=\"decks-allgemeines\" class=\"hide-for-small large-2 columns\">\r\n     <div class=\"date-day\">Heelflip<\/div>\r\n     <div class=\"date-month\">Etape par Etape<\/div>\r\n    <\/div>\r\n\r\n    <div class=\"large-10 columns\">\r\n    \r\n     <h2 class=\"margin-top margin-bottom\" align=\"center\">Trick Tip Etape par Etape: le Heelflip<\/h2>\r\n     \r\n     <p align=\"center\"><small>Clickez pour \u00e9largir<\/small>\r\n     \r\n     <div class=\"medium-12 columns margin-bottom\">\r\n       \r\n       <div class=\"small-12 medium-5 columns\">\r\n         <a title=\"Clickez pour \u00e9largir\" href=\"\/blog\/wp-content\/uploads\/2016\/09\/skateboard-trick-tip-heelflip-1.jpg\" rel=\"lightbox[gallery-1] lightbox-0\">\r\n           <img decoding=\"async\" src=\"data:image\/gif;base64,R0lGODlhAQABAIAAAAAAAP\/\/\/yH5BAEAAAAALAAAAAABAAEAAAIBRAA7\" data-src=\"\/blog\/wp-content\/uploads\/2016\/09\/skateboard-trick-tip-heelflip-1-thumb.jpg\" alt=\"Skateboard Trick Heelflip Position des Pieds\" \/><noscript><img decoding=\"async\" src=\"\/blog\/wp-content\/uploads\/2016\/09\/skateboard-trick-tip-heelflip-1-thumb.jpg\" alt=\"Skateboard Trick Heelflip Position des Pieds\" \/><\/noscript>\r\n         <\/a>        \r\n       <\/div>\r\n       \r\n       <div class=\"small-12 medium-7 columns\">\r\n       <p>\r\n       <span class=\"h4\">1.<\/span>\r\n       Alors que vous placez votre pied arri\u00e8re semblable \u00e0 une position Ollie votre pied avant devrait \u00eatre plac\u00e9 pr\u00e8s des vis de votre truck avant ou l\u00e9g\u00e8rement derri\u00e8re lui avec vos orteils suspendus au bord de la board.\r\n       <\/p>\r\n       <\/div>\r\n     <\/div>\r\n\r\n     \r\n     <div class=\"medium-12 columns margin-bottom\">\r\n     \r\n       <!-- .jedes zweite Bild in diese DIV-Klasse -->\r\n       <div class=\"small-12 medium-5 medium-push-7 columns\">\r\n         <a title=\"Clickez pour \u00e9largir\" href=\"\/blog\/wp-content\/uploads\/2016\/09\/skateboard-trick-tip-heelflip-2.jpg\" rel=\"lightbox[gallery-1] lightbox-1\">\r\n           <img decoding=\"async\" src=\"data:image\/gif;base64,R0lGODlhAQABAIAAAAAAAP\/\/\/yH5BAEAAAAALAAAAAABAAEAAAIBRAA7\" data-src=\"\/blog\/wp-content\/uploads\/2016\/09\/skateboard-trick-tip-heelflip-2-thumb.jpg\" alt=\"Skateboard Trick Heelflip\" \/><noscript><img decoding=\"async\" src=\"\/blog\/wp-content\/uploads\/2016\/09\/skateboard-trick-tip-heelflip-2-thumb.jpg\" alt=\"Skateboard Trick Heelflip\" \/><\/noscript>\r\n         <\/a>          \r\n       <\/div>\r\n     \r\n       <!-- .jeden zweiten Text in diese DIV-Klasse -->\r\n       <div class=\"small-12 medium-7 medium-pull-5 columns\">\r\n       <p>\r\n       <span class=\"h4\">2.<\/span>\r\n       Poppez votre tail et faites glisser votre pied avant jusqu&#8217;\u00e0 la planche vers le nose et kickez devant vous avec votre pied avant de sorte que votre talon attrape le bord du nose de votre planche lorsque vous kickez. Cela la fera flipper avec le coup de pied de votre talon.\r\n       <\/p>\r\n       <\/div>\r\n           \r\n     <\/div>\r\n     \r\n     <div class=\"medium-12 columns margin-bottom\">\r\n       \r\n       <div class=\"small-12 medium-5 columns\">\r\n         <a title=\"Clickez pour \u00e9largir\" href=\"\/blog\/wp-content\/uploads\/2016\/09\/skateboard-trick-tip-heelflip-3.jpg\" rel=\"lightbox[gallery-1] lightbox-2\">\r\n           <img decoding=\"async\" src=\"data:image\/gif;base64,R0lGODlhAQABAIAAAAAAAP\/\/\/yH5BAEAAAAALAAAAAABAAEAAAIBRAA7\" data-src=\"\/blog\/wp-content\/uploads\/2016\/09\/skateboard-trick-tip-heelflip-3-thumb.jpg\" alt=\"Skateboard Trick Heelflip\" \/><noscript><img decoding=\"async\" src=\"\/blog\/wp-content\/uploads\/2016\/09\/skateboard-trick-tip-heelflip-3-thumb.jpg\" alt=\"Skateboard Trick Heelflip\" \/><\/noscript>\r\n         <\/a>      \r\n       <\/div>\r\n       \r\n       <div class=\"small-12 medium-7 columns\">\r\n       <p>\r\n       <span class=\"h4\">3.<\/span>\r\n      Apr\u00e8s que le talon de votre pied avant ait quitt\u00e9 le nose, la board commence \u00e0 basculer ou \u00e0 tourner.\r\n       <\/p>\r\n       <\/div>\r\n     <\/div>\r\n     \r\n     <div class=\"medium-12 columns margin-bottom\">\r\n     \r\n       <div class=\"small-12 medium-5 medium-push-7 columns\">\r\n         <a title=\"Clickez pour \u00e9largir\" href=\"\/blog\/wp-content\/uploads\/2016\/09\/skateboard-trick-tip-heelflip-4.jpg\" rel=\"lightbox[gallery-1] lightbox-3\">\r\n           <img decoding=\"async\" src=\"data:image\/gif;base64,R0lGODlhAQABAIAAAAAAAP\/\/\/yH5BAEAAAAALAAAAAABAAEAAAIBRAA7\" data-src=\"\/blog\/wp-content\/uploads\/2016\/09\/skateboard-trick-tip-heelflip-4-thumb.jpg\" alt=\"Skateboard Trick Heelflip\" \/><noscript><img decoding=\"async\" src=\"\/blog\/wp-content\/uploads\/2016\/09\/skateboard-trick-tip-heelflip-4-thumb.jpg\" alt=\"Skateboard Trick Heelflip\" \/><\/noscript>\r\n         <\/a>            \r\n       <\/div>\r\n     \r\n       <div class=\"small-12 medium-7 medium-pull-5 columns\">\r\n       <p>\r\n       <span class=\"h4\">4.<\/span>\r\n       Soyez patient et pratiquez comment vous avez besoin de donner un coup de pied \u00e0 la planche, le bon moment et la position correcte du pied avant pour obtenir le flip parfait de la planche.\r\n       <\/p>\r\n       <\/div>\r\n     <\/div>\r\n     \r\n     <div class=\"medium-12 columns margin-bottom\">\r\n     \r\n       <div class=\"medium-5 columns\">\r\n         <a title=\"Click to enlarge\" href=\"\/blog\/wp-content\/uploads\/2016\/09\/skateboard-trick-tip-heelflip-5.jpg\" rel=\"lightbox[gallery-1] lightbox-4\">\r\n           <img decoding=\"async\" src=\"data:image\/gif;base64,R0lGODlhAQABAIAAAAAAAP\/\/\/yH5BAEAAAAALAAAAAABAAEAAAIBRAA7\" data-src=\"\/blog\/wp-content\/uploads\/2016\/09\/skateboard-trick-tip-heelflip-5-thumb.jpg\" alt=\"Skateboard Trick Heelflip\" \/><noscript><img decoding=\"async\" src=\"\/blog\/wp-content\/uploads\/2016\/09\/skateboard-trick-tip-heelflip-5-thumb.jpg\" alt=\"Skateboard Trick Heelflip\" \/><\/noscript>\r\n         <\/a>                \r\n       <\/div>\r\n       \r\n       <div class=\"medium-7 columns\">\r\n       <p>\r\n       <span class=\"h4\">5.<\/span>\r\n       Quand la board a fait sa rotation essayez de l&#8217;attraper avec vos pieds sur les vis de vos trucks et de rouler bien propre.\r\n       <\/p>\r\n       <\/div>\r\n     <\/div>\r\n\r\n<!-- .Ende der Step By Step Anleitung -->\r\n\r\n    <\/div>\r\n<\/div>\r\n<div class=\"post clearfix padding-bottom\">\r\n    <div id=\"decks-allgemeines\" class=\"hide-for-small large-2 columns\">\r\n   \t <div class=\"date-day\">Plus de Tricks<\/div>\r\n   \t <div class=\"date-month\">?<\/div>\r\n    <\/div>\r\n\r\n    <div class=\"large-10 columns\">\r\n    \r\n   \t <h3 class=\"margin-top margin-bottom\" align=\"center\">Quel prochain Trick?<\/h3>\r\n     <p>\r\n     Maintenant que vous avez le Heelflip sur le menu, vous pouvez \u00e9voluer d&#8217;ici. Il y a plusieurs possibilit\u00e9s pour aller au prochain. Pensez juste \u00e0 un Varial Heelflip ou un BS Heelflip! <\/p><p>Pour apprendre plus de tricks allez juste voir nos <a title=\"voir tous les tricks trips de skateboard pour le flat\" href=\"\/blog\/fr\/trick-tips\/skateboard\/flat\/\">trick tips pour le flat<\/a>, <a title=\"voir tous les tricks trips de skateboard pour curb et rail\" href=\"\/blog\/fr\/trick-tips\/skateboard\/curb-rail\/\">curb et rail<\/a> or <a title=\"voir tous les tricks trips de skateboard pour les transitions\" href=\"\/blog\/fr\/trick-tips\/skateboard\/transition\/\">transition.<\/a>\r\n     <\/p>\r\n     \r\n     <div class=\"medium-12 small-12 columns\">\r\n       <a title=\"voir tous les tricks trips pour le flat\" href=\"\/blog\/fr\/trick-tips\/skateboard\/flat\/\" class=\"button-auto\">Skateboard Trick Tips | Flat<\/a>\r\n       <br><br>\r\n       \r\n       <div class=\"medium-6 small-12 columns\">\r\n       <a title=\"voir tous les tricks trips de skateboard pour curb et rail\" href=\"\/blog\/fr\/trick-tips\/skateboard\/curb-rail\/\" class=\"button-auto\">Skateboard Trick Tips | Curb &#038; Rail<\/a>\r\n       <br><br>\r\n       <\/div>\r\n       \r\n       <div class=\"medium-6 small-12 columns\">\r\n       <a title=\"voir tous les tricks trips pour les transitions\" href=\"\/blog\/fr\/trick-tips\/skateboard\/transition\/\" class=\"button-auto\">Skateboard Trick Tips | Transition<\/a>\r\n\r\n       <br><br>\r\n       <\/div>\r\n       \r\n     <\/div>\r\n     \r\n     \r\n    <\/div>\r\n<\/div><div class=\"ShariffSC\" style=\"shariff-shop\"><div class=\"shariff\" data-url=\"https:\/\/skatedeluxe.com\/blog\/fr\/trick-tips\/skateboard\/flat\/heelflip\/\" data-title=\"Heelflip &#8211; Skateboard Trick Tip\" data-services='[\"facebooklike\", \"facebook\"]' data-backend-url='\/shariff\/'><\/div><\/div>","protected":false},"excerpt":{"rendered":"<p>Trick Tip Heelflip Un Heelflip est similaire \u00e0 un Kickflip o\u00f9 la planche effectue une rotation de flip le long de son long axe, mais dans la direction oppos\u00e9e parce que vous retournez la planche avec votre talon au lieu de vos orteils comme avec le kickflip. Ce tricks de base a \u00e9t\u00e9 comme tant <a class=\"read-more\" href=\"https:\/\/skatedeluxe.com\/blog\/fr\/trick-tips\/skateboard\/flat\/heelflip\/\">[&#8230;]<\/a><\/p>\n","protected":false},"author":54,"featured_media":117270,"parent":129889,"menu_order":8,"comment_status":"open","ping_status":"closed","template":"page-templates\/teasing-page.php","meta":{"footnotes":""},"class_list":["post-129981","page","type-page","status-publish","has-post-thumbnail","hentry"],"aioseo_notices":[],"amp_enabled":false,"_links":{"self":[{"href":"https:\/\/skatedeluxe.com\/blog\/fr\/wp-json\/wp\/v2\/pages\/129981","targetHints":{"allow":["GET"]}}],"collection":[{"href":"https:\/\/skatedeluxe.com\/blog\/fr\/wp-json\/wp\/v2\/pages"}],"about":[{"href":"https:\/\/skatedeluxe.com\/blog\/fr\/wp-json\/wp\/v2\/types\/page"}],"author":[{"embeddable":true,"href":"https:\/\/skatedeluxe.com\/blog\/fr\/wp-json\/wp\/v2\/users\/54"}],"replies":[{"embeddable":true,"href":"https:\/\/skatedeluxe.com\/blog\/fr\/wp-json\/wp\/v2\/comments?post=129981"}],"version-history":[{"count":8,"href":"https:\/\/skatedeluxe.com\/blog\/fr\/wp-json\/wp\/v2\/pages\/129981\/revisions"}],"predecessor-version":[{"id":143934,"href":"https:\/\/skatedeluxe.com\/blog\/fr\/wp-json\/wp\/v2\/pages\/129981\/revisions\/143934"}],"up":[{"embeddable":true,"href":"https:\/\/skatedeluxe.com\/blog\/fr\/wp-json\/wp\/v2\/pages\/129889"}],"wp:featuredmedia":[{"embeddable":true,"href":"https:\/\/skatedeluxe.com\/blog\/fr\/wp-json\/wp\/v2\/media\/117270"}],"wp:attachment":[{"href":"https:\/\/skatedeluxe.com\/blog\/fr\/wp-json\/wp\/v2\/media?parent=129981"}],"curies":[{"name":"wp","href":"https:\/\/api.w.org\/{rel}","templated":true}]}}