{"id":77954,"date":"2015-06-03T18:41:34","date_gmt":"2015-06-03T16:41:34","guid":{"rendered":"https:\/\/admin.skatedeluxe.de\/blog\/?page_id=77954"},"modified":"2018-07-20T11:49:53","modified_gmt":"2018-07-20T09:49:53","slug":"obstacle-guide","status":"publish","type":"page","link":"https:\/\/skatedeluxe.com\/blog\/de\/wiki\/skateboarding\/obstacle-guide\/","title":{"rendered":"Obstacle Guide"},"content":{"rendered":"<div class=\"small-12 columns\">\r\n\r\n  <div class=\"post clearfix\" style=\"padding-bottom:15px;\">\r\n    <div class=\"small-12 columns\">\r\n      <h4>&#8222;Curb, Flatrail, Ledge, Miniramp, Halfpipe, Pole, Pyramide&#8230;&#8220;<\/h4>\r\n      <p>\r\n        Das klingt f\u00fcr dich alles nach einer anderen Sprache und du findest dich im Wirrwarr der verschiedenen Skateboard Obstacles noch nicht wirklich zurecht? Dann haben wir mit dem skatedeluxe Obstacle Guide genau das Richtige f\u00fcr dich parat.\r\n      <\/p>\r\n      <p>\r\n        Hier erf\u00e4hrst du, wie die verschiedenen Obstacles hei\u00dfen, was sie kennzeichnet, voneinander unterscheidet und nat\u00fcrlich, wie du sie skaten kannst.\r\n      <\/p>\r\n      <h6>Klick dich einfach durch die Obstacles!<\/h6>\r\n    <\/div>\r\n  <\/div>\r\n\r\n<\/div>\r\n\r\n\r\n<div class=\"small-12 medium-4 columns clearfix\">\r\n  <div class=\"post clearfix\"  style=\"padding-bottom:15px;\">\r\n    <div class=\"small-12 columns text-center\">\r\n      <a href=\"\/blog\/de\/wiki\/skateboarding\/obstacle-guide\/bank\/\" title=\"alle Infos zur Bank\"><img decoding=\"async\" src=\"\/blog\/wp-content\/uploads\/2015\/06\/obstacle-bank.jpg\" alt=\"Obstacle Bank\"><\/a>\r\n      <h6><a href=\"\/blog\/de\/wiki\/skateboarding\/obstacle-guide\/bank\/\" title=\"alle Infos zur Bank\">Bank<\/a><\/h6>\r\n\r\n      <a href=\"\/blog\/de\/wiki\/skateboarding\/obstacle-guide\/flatrail\/\" title=\"alle Infos zum Flatrail\"><img decoding=\"async\" src=\"\/blog\/wp-content\/uploads\/2015\/06\/obstacle-flatrail.jpg\" alt=\"Obstacle flatrail\"><\/a>\r\n      <h6><a href=\"\/blog\/de\/wiki\/skateboarding\/obstacle-guide\/flatrail\/\" title=\"alle Infos zum Flatrail\">Flatrail<\/a><\/h6>\r\n\r\n      <a href=\"\/blog\/de\/wiki\/skateboarding\/obstacle-guide\/handrail\/\" title=\"alle Infos zum Handrail\"><img decoding=\"async\" src=\"\/blog\/wp-content\/uploads\/2015\/06\/obstacle-handrail.jpg\" alt=\"Obstacle handrail\"><\/a>\r\n      <h6><a href=\"\/blog\/de\/wiki\/skateboarding\/obstacle-guide\/handrail\/\" title=\"alle Infos zum Handrail\">Handrail<\/a><\/h6>\r\n\r\n      <a href=\"\/blog\/de\/wiki\/skateboarding\/obstacle-guide\/manualpad\/\" title=\"alle Infos zum Manualpad\"><img decoding=\"async\" src=\"\/blog\/wp-content\/uploads\/2015\/06\/obstacle-manual-pad.jpg\" alt=\"Obstacle Manualpad\"><\/a>\r\n      <h6><a href=\"\/blog\/de\/wiki\/skateboarding\/obstacle-guide\/manualpad\/\" title=\"alle Infos zum Manualpad\">Manualpad<\/a><\/h6>\r\n\r\n      <a href=\"\/blog\/de\/wiki\/skateboarding\/obstacle-guide\/pyramide-funbox\/\" title=\"alle Infos zur Pyramide &#038; Funbox\"><img decoding=\"async\" src=\"\/blog\/wp-content\/uploads\/2015\/06\/obstacle-funbox.jpg\" alt=\"Obstacle pyramide-funbox\"><\/a>\r\n      <h6><a href=\"\/blog\/de\/wiki\/skateboarding\/obstacle-guide\/pyramide-funbox\/\" title=\"alle Infos zur Pyramide &#038; Funbox\">Funbox &#038; Pyramide<\/a><\/h6>\r\n    <\/div>\r\n  <\/div>\r\n<\/div>\r\n\r\n\r\n<div class=\"small-12 medium-4 columns clearfix\">\r\n  <div class=\"post clearfix\" style=\"padding-bottom:15px;\">\r\n    <div class=\"small-12 columns text-center \">\r\n      <a href=\"\/blog\/de\/wiki\/skateboarding\/obstacle-guide\/bowl-pool\/\" title=\"alle Infos zum Bowl &#038; Pool\"><img decoding=\"async\" src=\"\/blog\/wp-content\/uploads\/2015\/06\/obstacle-pool.jpg\" alt=\"Obstacle bowl-pool\"><\/a>\r\n      <h6><a href=\"\/blog\/de\/wiki\/skateboarding\/obstacle-guide\/bowl-pool\/\" title=\"alle Infos zum Bowl &#038; Pool\">Bowl &#038; Pool<\/a><\/h6>\r\n\r\n      <a href=\"\/blog\/de\/wiki\/skateboarding\/obstacle-guide\/gap\/\" title=\"alle Infos zu Gaps\"><img decoding=\"async\" src=\"\/blog\/wp-content\/uploads\/2015\/06\/obstacle-gap.jpg\" alt=\"Obstacle gap\"><\/a>\r\n      <h6><a href=\"\/blog\/de\/wiki\/skateboarding\/obstacle-guide\/gap\/\" title=\"alle Infos zu Gaps\">Gap<\/a><\/h6>\r\n\r\n      <a href=\"\/blog\/de\/wiki\/skateboarding\/obstacle-guide\/kicker-jumpramp\/\" title=\"alle Infos zum Kicker &#038; Jumpramp\"><img decoding=\"async\" src=\"\/blog\/wp-content\/uploads\/2015\/06\/icons-jumpramp.2.jpg\" alt=\"Obstacle kicker-jumpramp\"><\/a>\r\n      <h6><a href=\"\/blog\/de\/wiki\/skateboarding\/obstacle-guide\/kicker-jumpramp\/\" title=\"alle Infos zum Kicker &#038; Jumpramp\">Kicker &#038; Jumpramp<\/a><\/h6>\r\n\r\n      <a href=\"\/blog\/de\/wiki\/skateboarding\/obstacle-guide\/miniramp\/\" title=\"alle Infos zur Miniramp\"><img decoding=\"async\" src=\"\/blog\/wp-content\/uploads\/2015\/06\/obstacle-miniramp.jpg\" alt=\"Obstacle miniramp\"><\/a>\r\n      <h6><a href=\"\/blog\/de\/wiki\/skateboarding\/obstacle-guide\/miniramp\/\" title=\"alle Infos zur Miniramp\">Miniramp<\/a><\/h6>\r\n\r\n      <a href=\"\/blog\/de\/wiki\/skateboarding\/obstacle-guide\/quarterpipe\/\" title=\"alle Infos zur Quarterpipe\"><img decoding=\"async\" src=\"\/blog\/wp-content\/uploads\/2015\/06\/obstacle-quaterpipe.jpg\" alt=\"Obstacle quarterpipe\"><\/a>\r\n      <h6><a href=\"\/blog\/de\/wiki\/skateboarding\/obstacle-guide\/quarterpipe\/\" title=\"alle Infos zur Quarterpipe\">Quarterpipe<\/a><\/h6>\r\n\r\n      <a href=\"\/blog\/de\/wiki\/skateboarding\/obstacle-guide\/wallride\/\" title=\"alle Infos zum Wallride\"><img decoding=\"async\" src=\"\/blog\/wp-content\/uploads\/2015\/06\/obstacle-wallride.jpg\" alt=\"Obstacle wallride\"><\/a>\r\n      <h6><a href=\"\/blog\/de\/wiki\/skateboarding\/obstacle-guide\/wallride\/\" title=\"alle Infos zum Wallride\">Wallride<\/a><\/h6>\r\n\r\n\r\n    <\/div>\r\n  <\/div>\r\n<\/div>\r\n\r\n<div class=\"small-12 medium-4 columns clearfix\">\r\n  <div class=\"post clearfix\" style=\"padding-bottom:15px;\">\r\n    <div class=\"small-12 columns text-center \">\r\n\r\n      <a href=\"\/blog\/de\/wiki\/skateboarding\/obstacle-guide\/curb-ledge\/\" title=\"alle Infos zur Curb &#038; Ledge\"><img decoding=\"async\" src=\"\/blog\/wp-content\/uploads\/2015\/06\/obstacle-curb.jpg\" alt=\"Obstacle curb-ledge\"><\/a>\r\n      <h6><a href=\"\/blog\/de\/wiki\/skateboarding\/obstacle-guide\/curb-ledge\/\" title=\"alle Infos zur Curb &#038; Ledge\">Curb &#038; Ledge<\/a><\/h6>\r\n\r\n      <a href=\"\/blog\/de\/wiki\/skateboarding\/obstacle-guide\/halfpipe\/\" title=\"alle Infos zur Halfpipe\"><img decoding=\"async\" src=\"\/blog\/wp-content\/uploads\/2015\/06\/obstacle-halfpipe.jpg\" alt=\"Obstacle halfpipe\"><\/a>\r\n      <h6><a href=\"\/blog\/de\/wiki\/skateboarding\/obstacle-guide\/halfpipe\/\" title=\"alle Infos zur Halfpipe\">Halfpipe<\/a><\/h6>\r\n\r\n      <a href=\"\/blog\/de\/wiki\/skateboarding\/obstacle-guide\/londongap\/\" title=\"alle Infos zum Londongap\"><img decoding=\"async\" src=\"\/blog\/wp-content\/uploads\/2015\/06\/obstacle-london.jpg\" alt=\"Obstacle londongap\"><\/a>\r\n      <h6><a href=\"\/blog\/de\/wiki\/skateboarding\/obstacle-guide\/londongap\/\" title=\"alle Infos zum Londongap\">Londongap<\/a><\/h6>\r\n\r\n      <a href=\"\/blog\/de\/wiki\/skateboarding\/obstacle-guide\/pole\/\" title=\"alle Infos zum Pole\"><img decoding=\"async\" src=\"\/blog\/wp-content\/uploads\/2015\/06\/obstacle-polejam.jpg\" alt=\"Obstacle pole\"><\/a>\r\n      <h6><a href=\"\/blog\/de\/wiki\/skateboarding\/obstacle-guide\/pole\/\" title=\"alle Infos zum Pole\">Pole<\/a><\/h6>\r\n\r\n      <a href=\"\/blog\/de\/wiki\/skateboarding\/obstacle-guide\/stairs\/\" title=\"alle Infos zu Treppen und Stufensets\"><img decoding=\"async\" src=\"\/blog\/wp-content\/uploads\/2015\/06\/obstacle-stairs.jpg\" alt=\"Obstacle stairs\"><\/a>\r\n      <h6><a href=\"\/blog\/de\/wiki\/skateboarding\/obstacle-guide\/stairs\/\" title=\"alle Infos zu Treppen und Stufensets\">Stairs<\/a><\/h6>\r\n\r\n\r\n\r\n    <\/div>\r\n  <\/div>\r\n<\/div>\r\n\r\n  <div class=\"small-12 columns clearfix text-justify\">\r\n    <div class=\"post clearfix\" style=\"padding-bottom:15px;\">\r\n      <div class=\"small-12 columns text-center\">\r\n      <p>\r\n        <small><em>Kleiner Tipp gleich vorweg: Bezeichne alles was du im Skatepark oder an sonstigen Spots findest als Obstacles oder nenn es gleich beim richtigen Namen.<br>\r\n          &#8222;Hindernisse&#8220; oder &#8222;Objekte zum Skateboard-Fahren&#8220; sagen nur deine Gro\u00dfeltern. <\/em><\/small>\r\n        <\/p>\r\n      <\/div>\r\n      <\/div>\r\n    <\/div><div class=\"ShariffSC\" style=\"shariff-shop\"><div class=\"shariff\" data-url=\"https:\/\/skatedeluxe.com\/blog\/de\/wiki\/skateboarding\/obstacle-guide\/\" data-title=\"Obstacle Guide\" data-services='[\"facebooklike\", \"facebook\"]' data-backend-url='\/shariff\/'><\/div><\/div>","protected":false},"excerpt":{"rendered":"<p>&#8222;Curb, Flatrail, Ledge, Miniramp, Halfpipe, Pole, Pyramide&#8230;&#8220; Das klingt f\u00fcr dich alles nach einer anderen Sprache und du findest dich im Wirrwarr der verschiedenen Skateboard Obstacles noch nicht wirklich zurecht? Dann haben wir mit dem skatedeluxe Obstacle Guide genau das Richtige f\u00fcr dich parat. Hier erf\u00e4hrst du, wie die verschiedenen Obstacles hei\u00dfen, was sie kennzeichnet, <a class=\"read-more\" href=\"https:\/\/skatedeluxe.com\/blog\/de\/wiki\/skateboarding\/obstacle-guide\/\">[&#8230;]<\/a><\/p>\n","protected":false},"author":24,"featured_media":77958,"parent":111158,"menu_order":4,"comment_status":"closed","ping_status":"closed","template":"page-templates\/teasing-page.php","meta":{"footnotes":""},"class_list":["post-77954","page","type-page","status-publish","has-post-thumbnail","hentry"],"aioseo_notices":[],"amp_enabled":false,"_links":{"self":[{"href":"https:\/\/skatedeluxe.com\/blog\/de\/wp-json\/wp\/v2\/pages\/77954","targetHints":{"allow":["GET"]}}],"collection":[{"href":"https:\/\/skatedeluxe.com\/blog\/de\/wp-json\/wp\/v2\/pages"}],"about":[{"href":"https:\/\/skatedeluxe.com\/blog\/de\/wp-json\/wp\/v2\/types\/page"}],"author":[{"embeddable":true,"href":"https:\/\/skatedeluxe.com\/blog\/de\/wp-json\/wp\/v2\/users\/24"}],"replies":[{"embeddable":true,"href":"https:\/\/skatedeluxe.com\/blog\/de\/wp-json\/wp\/v2\/comments?post=77954"}],"version-history":[{"count":46,"href":"https:\/\/skatedeluxe.com\/blog\/de\/wp-json\/wp\/v2\/pages\/77954\/revisions"}],"predecessor-version":[{"id":144983,"href":"https:\/\/skatedeluxe.com\/blog\/de\/wp-json\/wp\/v2\/pages\/77954\/revisions\/144983"}],"up":[{"embeddable":true,"href":"https:\/\/skatedeluxe.com\/blog\/de\/wp-json\/wp\/v2\/pages\/111158"}],"wp:featuredmedia":[{"embeddable":true,"href":"https:\/\/skatedeluxe.com\/blog\/de\/wp-json\/wp\/v2\/media\/77958"}],"wp:attachment":[{"href":"https:\/\/skatedeluxe.com\/blog\/de\/wp-json\/wp\/v2\/media?parent=77954"}],"curies":[{"name":"wp","href":"https:\/\/api.w.org\/{rel}","templated":true}]}}