{"id":75273,"date":"2015-06-05T16:37:58","date_gmt":"2015-06-05T14:37:58","guid":{"rendered":"https:\/\/admin.skatedeluxe.de\/blog\/?page_id=75273"},"modified":"2018-09-25T10:08:05","modified_gmt":"2018-09-25T08:08:05","slug":"manualpad","status":"publish","type":"page","link":"https:\/\/skatedeluxe.com\/blog\/de\/wiki\/skateboarding\/obstacle-guide\/manualpad\/","title":{"rendered":"Manual Pad"},"content":{"rendered":"<div class=\"post clearfix\">\r\n\t<div class=\"large-2 columns\" id=\"Manualpad\">\r\n\t\t<div class=\"small-8 medium-2 large-12 columns small-centered\">\r\n\t\t\t \n\t<style type=\"text\/css\">\n\t#round-hover-content-1 {\n\t\tbackground-image: url(\"\/blog\/wp-content\/uploads\/2015\/06\/manualpad-icon.jpg\");\n\t\tbackground-repeat: no-repeat;\n\t\tbackground-size: cover;\n\t}\n\t<\/style>\n\t<div class=\"round-hover-container\">\n\t\t<a class=\"round-hover clearfix\" href=\"#\">\n\t\t\t<span id=\"round-hover-content-1\" class=\"round-hover-content clearfix\">\n\t\t\t<\/span>\n\t\t<\/a>\n\t<\/div>\n\t\r\n\t\t<\/div>\r\n\t\t<div class=\"date-day top-bordered\">Manualpad<\/div>\r\n\t\t<div class=\"date-month\">Obstacle Guide<\/div>\r\n\t<\/div>\r\n\t<div class=\"large-10 columns\">\r\n\r\n\r\n\t\t<p>Das Manualpad wird oft auch als Wheeliepad bezeichnet und kann \u00e4hnlich wie ein <a href=\"\/blog\/de\/wiki\/skateboarding\/obstacle-guide\/curb-ledge\/\" title=\"zur Obstacle Guide Curb Seite\" target=\"blank\">Curb<\/a> genutzt werden. H\u00e4ufig sind die Manualpads allerdings zu flach, um daran vern\u00fcnftig sliden oder grinden zu k\u00f6nnen. Deshalb sind sie eher dazu da, deine Wheeliekombinationen zu \u00fcben.<\/p>\r\n\r\n\r\n\t\t<div class=\"row\">\t\t\t\r\n\t\t\t<div class=\"medium-10 medium-offset-1 columns\" style=\"margin-bottom: 1em;\">\r\n\t\t\t\t<img decoding=\"async\" src=\"\/blog\/wp-content\/uploads\/2018\/08\/obstacles-8-1.jpg\" title=\"Manual Pad\" alt=\"Manual Pad\">\r\n\t\t\t<\/div>\r\n\t\t<\/div>\r\n\r\n\t\t<p>Eines der ersten Anlaufstellen, wenn du nach Barcelona zum Skaten kommst, wird der Spot Parallel sein. Der gelbe Platz ist leicht zu erkennen mit seinem glatten Untergrund, Manual Pads, Curbs und B\u00e4nken. Auch f\u00fcr Profi Skater ein absoluter &#8222;Must Skate Spot&#8220;.<\/p>\r\n\r\n\r\n\r\n\t\t<div class=\"row\">\r\n\t\t\t<div class=\"medium-6 columns\">\r\n\t\t\t\t<h2 style=\"margin-bottom:1em; margin-top: 1em;\">Best Practice Tricks:<\/h2>\r\n\r\n\t\t\t\t<p>Wenn du den Manual schon gut kannst, versuche doch mal mit einem <a href=\"\/blog\/de\/trick-tipps\/skateboard\/flat\/how-to-fs-pop-shove-it\/\" title=\"Trick Tipp FS Pop Shove It\" alt=\"FS Pop Shove It\" target=\"blank\">FS Pop Shove It<\/a> oder einem <a href=\"\/blog\/de\/trick-tipps\/skateboard\/flat\/how-to-heelflip\/\" title=\"Trick Tipp Heelflip\" alt=\"Trick Tipp Heelflip\" target=\"blank\">Heelflip<\/a> in den Manual zu kommen. In den Videos siehst du, wie du diese Tricks lernst.<\/p> \r\n\t\t\t<\/div>\r\n\r\n\t\t\t<div class=\"medium-6 columns\" style=\"margin-top: 1em;\">\r\n\t\t\t\t<div class=\"blog-slides\">   \r\n\t\t\t\t\t<div>   \r\n\t\t\t\t\t\t<div class=\"medium-centered columns\">\r\n\t\t\t\t\t\t\t<div class=\"flex-video\">\r\n\t\t\t\t\t\t\t\t<iframe width=\"560\" height=\"315\" data-src=\"https:\/\/www.youtube-nocookie.com\/embed\/Rxd2ltDotP4\" frameborder=\"0\" allow=\"autoplay; encrypted-media\" allowfullscreen><\/iframe><noscript><iframe loading=\"lazy\" width=\"560\" height=\"315\" src=\"https:\/\/www.youtube-nocookie.com\/embed\/Rxd2ltDotP4\" frameborder=\"0\" allow=\"autoplay; encrypted-media\" allowfullscreen><\/iframe><\/noscript>\r\n\t\t\t\t\t\t\t<\/div>      \r\n\t\t\t\t\t\t<\/div>                    \r\n\t\t\t\t\t<\/div>\r\n\r\n\t\t\t\t\t<div>   \r\n\t\t\t\t\t\t<div class=\"medium-centered columns\">\r\n\t\t\t\t\t\t\t<div class=\"flex-video\">\r\n\t\t\t\t\t\t\t\t<iframe width=\"560\" height=\"315\" data-src=\"https:\/\/www.youtube-nocookie.com\/embed\/pzOkB2R2GR0\" frameborder=\"0\" allow=\"autoplay; encrypted-media\" allowfullscreen><\/iframe><noscript><iframe loading=\"lazy\" width=\"560\" height=\"315\" src=\"https:\/\/www.youtube-nocookie.com\/embed\/pzOkB2R2GR0\" frameborder=\"0\" allow=\"autoplay; encrypted-media\" allowfullscreen><\/iframe><\/noscript>\r\n\t\t\t\t\t\t\t<\/div>      \r\n\t\t\t\t\t\t<\/div>                    \r\n\t\t\t\t\t<\/div>\r\n\r\n\t\t\t\t<\/div>\r\n\t\t\t<\/div>\r\n\t\t<\/div>\r\n\r\n\r\n\r\n\t\t<div class=\"row\">\r\n\r\n\t\t\t<div class=\"medium-6 columns\">\r\n\r\n\t\t\t\t<h2 style=\"margin-bottom:1em;\">Ber\u00fchmte Spots:<\/h2>\r\n\r\n\t\t\t\t<ul>\r\n\t\t\t\t\t<li>Parallel &#8211; Barcelona<\/li>\r\n\t\t\t\t\t<li> China Town Manual Pad- New York<\/li>\r\n\t\t\t\t<\/ul>\r\n\r\n\t\t\t<\/div>\r\n\r\n\r\n\t\t\t<div class=\"medium-6 columns\">\r\n\r\n\t\t\t\t<h2 style=\"margin-bottom:1em;\">Skilled Riders:<\/h2>\r\n\r\n\t\t\t\t<ul>\r\n\t\t\t\t\t<li>Joey Brezinski<\/li>\r\n\t\t\t\t\t<li>Daewon Song<\/li>\r\n\t\t\t\t\t<li>Brandon Biebel<\/li>\r\n\t\t\t\t<\/ul>\r\n\r\n\t\t\t<\/div>\r\n\r\n\t\t<\/div>\r\n\r\n\t\t<div class=\"row\">\r\n\r\n\t\t\t<div class=\"medium-6 columns\">\r\n\t\t\t\t<a style=\"margin-bottom:1em; margin-top: 1em;\" title=\"zu den Flat Trick Tipps\" href=\"\/blog\/de\/trick-tipps\/skateboard\/flat\/\" class=\"button-auto\">Alle Flat Trick Tipps<\/a>\r\n\t\t\t<\/div>\r\n\r\n\r\n\t\t\t<div class=\"medium-6 columns\">\r\n\t\t\t\t<a style=\"margin-bottom:1em; margin-top:1em;\" title=\"zur\u00fcck zu allen Obstacles\" href=\"\/blog\/de\/wiki\/skateboarding\/obstacle-guide\/\" class=\"button-auto\">Zur\u00fcck zu allen Obstacles<\/a>\r\n\t\t\t<\/div>\r\n\t\t<\/div>\r\n\r\n\r\n\t<\/div>\r\n<\/div>\r\n\r\n<style type=\"text\/css\">\r\n\r\n.slick-list,.slick-slider,.slick-track{position:relative;display:block}.slick-loading .slick-slide,.slick-loading .slick-track{visibility:hidden}.slick-dots li button,.slick-dots li button:focus,.slick-list:focus,.slick-next:focus,.slick-prev:focus{outline:0}.slick-dots li button:before,.slick-next:before,.slick-prev:before{font-family:slick;-webkit-font-smoothing:antialiased;-moz-osx-font-smoothing:grayscale}.slick-slider{box-sizing:border-box;-moz-box-sizing:border-box;-webkit-touch-callout:none;-webkit-user-select:none;-khtml-user-select:none;-moz-user-select:none;-ms-user-select:none;user-select:none;-ms-touch-action:none;touch-action:none;-webkit-tap-highlight-color:transparent}.slick-list{overflow:hidden;margin:0;padding:0}.slick-loading .slick-list{background:url(ajax-loader.gif) center center no-repeat #fff}.slick-list.dragging{cursor:pointer;cursor:hand}.slick-slide,.slick-slide img,.slick-slider .slick-list,.slick-track{-webkit-transform:translate3d(0,0,0);-moz-transform:translate3d(0,0,0);-ms-transform:translate3d(0,0,0);-o-transform:translate3d(0,0,0);transform:translate3d(0,0,0)}.slick-track{left:0;top:0;zoom:1}.slick-track:after,.slick-track:before{content:\"\";display:table}.slick-track:after{clear:both}.slick-slide{float:left;height:100%;min-height:1px;display:none}.slick-slide img{display:block}.slick-slide.slick-loading img{display:none}.slick-slide.dragging img{pointer-events:none}.slick-initialized .slick-slide{display:block}.slick-vertical .slick-slide{display:block;height:auto;border:1px solid transparent}@font-face{font-family:slick;src:url(fonts\/slick.eot);src:url(fonts\/slick.eot?#iefix) format(\"embedded-opentype\"),url(fonts\/slick.woff) format(\"woff\"),url(fonts\/slick.ttf) format(\"truetype\"),url(fonts\/slick.svg#slick) format(\"svg\");font-weight:400;font-style:normal}.slick-next,.slick-prev{position:absolute;display:block;height:20px;width:20px;line-height:0;font-size:0;cursor:pointer;background:0 0;color:transparent;top:50%;margin-top:-10px;padding:0;border:none;outline:0}.slick-next.slick-disabled:before,.slick-prev.slick-disabled:before{opacity:.25}.slick-next:before,.slick-prev:before{font-size:20px;line-height:1;color:#fff;opacity:.85}.slick-prev{left:-25px}.slick-prev:before{content:\"\\2190\"}.slick-next{right:-25px}.slick-next:before{content:\"\\2192\"}.slick-slider{margin-bottom:30px}.slick-dots{position:absolute;bottom:-45px;list-style:none;display:block;text-align:center;padding:0;width:100%}.slick-dots li{position:relative;display:inline-block;height:20px;width:20px;margin:0 5px;padding:0;cursor:pointer}.slick-dots li button{border:0;background:0 0;display:block;height:20px;width:20px;line-height:0;font-size:0;color:transparent;padding:5px;cursor:pointer}.slick-dots li button:before{position:absolute;top:0;left:0;content:\"\\2022\";width:20px;height:20px;font-size:6px;line-height:20px;text-align:center;color:#000;opacity:.25}.slick-dots li.slick-active button:before{opacity:.75}\r\n.blog-slides div div h5{\r\n\tmargin-top: 10px !important;\r\n}\r\n\r\n\r\n\r\n.slick-prev:before, .slick-next:before {\r\n\tfont-size: 20px;\r\n\tline-height: 1;\r\n\tcolor: #1B272C;\r\n\topacity: 0.85;\r\n\t-moz-osx-font-smoothing: grayscale;\r\n\tfont-family: \"fontello\";\r\n}\r\n\r\n.slick-next:before {\r\n\tcontent: \"\\e801\";\r\n}\r\n\r\n.slick-prev:before {\r\n\tcontent: \"\\e800\";\r\n}\r\n\r\n.slick-prev {\r\n\tleft:0;\r\n}\r\n\r\n.slick-next {\r\n\tright:0;\r\n}\r\n\r\n.slick-prev:hover, .slick-next:hover {\r\n\tbackground-color: transparent;\r\n}\r\n<\/style>\r\n\r\n<script type=\"text\/javascript\" src=\"\/images\/content\/10YeahsContent\/gewinnspiel\/slick\/slick.min.js\"><\/script>\r\n<script type=\"text\/javascript\">\r\n\tjQuery(document).ready(function($){\r\n\r\n\r\n\r\n\t\t$('.blog-slides').slick({\r\n\t\t\tdots:false,\r\n\t\t\tinfinite:true,\r\n\t\t\tslidesToShow: 1,\r\n\t\t\tslidesToScroll: 1,\r\n\t\t\tautoplay:false,\r\n\t\t\tautoplaySpeed: 4000,\r\n\t\t\tresponsive: [\r\n\t\t\t{\r\n\t\t\t\tbreakpoint: 1024,\r\n\t\t\t\tsettings: {\r\n\t\t\t\t\tslidesToShow: 1,\r\n\t\t\t\t\tslidesToScroll: 1,\r\n\t\t\t\t}\r\n\t\t\t},\r\n\t\t\t{\r\n\t\t\t\tbreakpoint: 1700,\r\n\t\t\t\tsettings: {\r\n\t\t\t\t\tslidesToShow: 1,\r\n\t\t\t\t\tslidesToScroll: 1,\r\n\t\t\t\t}\r\n\t\t\t}\r\n\t\t\t]\r\n\t\t});\r\n\t});\r\n<\/script><div class=\"ShariffSC\" style=\"shariff-shop\"><div class=\"shariff\" data-url=\"https:\/\/skatedeluxe.com\/blog\/de\/wiki\/skateboarding\/obstacle-guide\/manualpad\/\" data-title=\"Manual Pad\" data-services='[\"facebooklike\", \"facebook\"]' data-backend-url='\/shariff\/'><\/div><\/div>","protected":false},"excerpt":{"rendered":"<p>Manualpad Obstacle Guide Das Manualpad wird oft auch als Wheeliepad bezeichnet und kann \u00e4hnlich wie ein Curb genutzt werden. H\u00e4ufig sind die Manualpads allerdings zu flach, um daran vern\u00fcnftig sliden oder grinden zu k\u00f6nnen. Deshalb sind sie eher dazu da, deine Wheeliekombinationen zu \u00fcben. Eines der ersten Anlaufstellen, wenn du nach Barcelona zum Skaten kommst, <a class=\"read-more\" href=\"https:\/\/skatedeluxe.com\/blog\/de\/wiki\/skateboarding\/obstacle-guide\/manualpad\/\">[&#8230;]<\/a><\/p>\n","protected":false},"author":24,"featured_media":77863,"parent":77954,"menu_order":10,"comment_status":"closed","ping_status":"closed","template":"page-templates\/teasing-page.php","meta":{"footnotes":""},"class_list":["post-75273","page","type-page","status-publish","has-post-thumbnail","hentry"],"aioseo_notices":[],"amp_enabled":false,"_links":{"self":[{"href":"https:\/\/skatedeluxe.com\/blog\/de\/wp-json\/wp\/v2\/pages\/75273","targetHints":{"allow":["GET"]}}],"collection":[{"href":"https:\/\/skatedeluxe.com\/blog\/de\/wp-json\/wp\/v2\/pages"}],"about":[{"href":"https:\/\/skatedeluxe.com\/blog\/de\/wp-json\/wp\/v2\/types\/page"}],"author":[{"embeddable":true,"href":"https:\/\/skatedeluxe.com\/blog\/de\/wp-json\/wp\/v2\/users\/24"}],"replies":[{"embeddable":true,"href":"https:\/\/skatedeluxe.com\/blog\/de\/wp-json\/wp\/v2\/comments?post=75273"}],"version-history":[{"count":10,"href":"https:\/\/skatedeluxe.com\/blog\/de\/wp-json\/wp\/v2\/pages\/75273\/revisions"}],"predecessor-version":[{"id":146332,"href":"https:\/\/skatedeluxe.com\/blog\/de\/wp-json\/wp\/v2\/pages\/75273\/revisions\/146332"}],"up":[{"embeddable":true,"href":"https:\/\/skatedeluxe.com\/blog\/de\/wp-json\/wp\/v2\/pages\/77954"}],"wp:featuredmedia":[{"embeddable":true,"href":"https:\/\/skatedeluxe.com\/blog\/de\/wp-json\/wp\/v2\/media\/77863"}],"wp:attachment":[{"href":"https:\/\/skatedeluxe.com\/blog\/de\/wp-json\/wp\/v2\/media?parent=75273"}],"curies":[{"name":"wp","href":"https:\/\/api.w.org\/{rel}","templated":true}]}}