{"id":75256,"date":"2015-06-05T17:03:09","date_gmt":"2015-06-05T15:03:09","guid":{"rendered":"https:\/\/admin.skatedeluxe.de\/blog\/?page_id=75256"},"modified":"2022-01-18T11:28:32","modified_gmt":"2022-01-18T10:28:32","slug":"wallride","status":"publish","type":"page","link":"https:\/\/skatedeluxe.com\/blog\/de\/wiki\/skateboarding\/obstacle-guide\/wallride\/","title":{"rendered":"Wallride"},"content":{"rendered":"<div class=\"post clearfix\">\r\n\r\n    <div class=\"large-2 columns\" id=\"Bank\">\r\n        <div class=\"small-8 medium-2 large-12 columns small-centered\">\r\n             \n\t<style type=\"text\/css\">\n\t#round-hover-content-1 {\n\t\tbackground-image: url(\"\/blog\/wp-content\/uploads\/2015\/06\/wallride-icon.jpg\");\n\t\tbackground-repeat: no-repeat;\n\t\tbackground-size: cover;\n\t}\n\t<\/style>\n\t<div class=\"round-hover-container\">\n\t\t<a class=\"round-hover clearfix\" href=\"#\">\n\t\t\t<span id=\"round-hover-content-1\" class=\"round-hover-content clearfix\">\n\t\t\t<\/span>\n\t\t<\/a>\n\t<\/div>\n\t\r\n        <\/div>\r\n        <div class=\"date-day top-bordered\">Wallride<\/div>\r\n        <div class=\"date-month\">Obstacle Guide<\/div>\r\n    <\/div>\r\n\r\n    <div class=\"large-10 columns\">\r\n        <div class=\"medium-10 large-12 medium-centered columns\">\r\n\r\n            <p align=\"justify\">\r\n\r\n                <p>Der Wallride ist zugleich Trick und Obstacle. Der Wallride als Obstacle ist prinzipiell eine \u00e4u\u00dferst steile Bank oder senkrechte Wand. Im Skatepark findest du dazu meist eine kleine Anfahrtsfl\u00e4che, die den Wallride erleichtert.<\/p>\r\n\r\n                <div class=\"row\">\r\n                    <div class=\"medium-8 medium-offset-1 columns\" style=\"margin-bottom: 2em\">\r\n                        <img decoding=\"async\" src=\"\/blog\/wp-content\/uploads\/2019\/04\/Wallride-Obstacle.jpg\" alt=\"Skateboard Obstacle Wallride\" title=\"Skateboard Obstacle Wallride\">\r\n                    <\/div>\r\n                <\/div>\r\n\r\n\r\n\r\n                <div class=\"row\">\r\n                    <div class=\"medium-10 columns\">\r\n                        <h2 style=\"margin-bottom:1em;\">Best Practice Trick:<\/h2>\r\n\r\n                        <p>Der Begriff Wallride bezeichnet eigentlich schon den Trick selbst. Das fahren mit dem Skateboard an einer Wand. Spots die sich dazu eignen k\u00f6nnen von sehr steilen Banks bis hin zu H\u00e4userw\u00e4nden alles sein. Ein guter Anfang ist der BS Wallride. Wie du Trick lernst, siehst du in diesem Video.<\/p> \r\n                    <\/div>\r\n             <\/div>\r\n\r\n\r\n\r\n             <div class=\"row\">\r\n                <div class=\"medium-6 columns\">\r\n\r\n                    <h4 style=\"margin-bottom:1em;\">Ber\u00fchmte Spots:<\/h4>\r\n                    \r\n                    <li>Brooklyn Banks \u2013 New York<\/li>\r\n\r\n\r\n\r\n                <\/div>\r\n                \r\n                <div class=\"medium-6 columns\">\r\n\r\n                    <h4 style=\"margin-bottom:1em;\">Rider mit besonderem Skill:<\/h4>\r\n                    \r\n                    <li>Kevin Rodriguez<\/li>\r\n\r\n\r\n                <\/div>\r\n            <\/div>\r\n\r\n            <div class=\"row\">\r\n                <div class=\"medium-6 columns\">\r\n                    <a style=\"margin-bottom:1em; margin-top:1em;\" title=\"zur\u00fcck zu allen Obstacles\" href=\"\/blog\/de\/wiki\/skateboarding\/obstacle-guide\/\" class=\"button-auto\">Geh zur\u00fcck zu allen Obstacles<\/a>\r\n                <\/div>\r\n\r\n                <div class=\"medium-6 columns\">\r\n                    <a style=\"margin-bottom:1em; margin-top: 1em;\" title=\"zu den Flatland Trick Tipps\" href=\"\/blog\/de\/trick-tipps\/skateboard\/flat\/\" class=\"button-auto\">Zu allen Flat Trick Tipps<\/a>\r\n                <\/div>\r\n\r\n            <\/div>        \r\n\r\n        <\/div>\r\n    <\/div>\r\n<\/div><div class=\"ShariffSC\" style=\"shariff-shop\"><div class=\"shariff\" data-url=\"https:\/\/skatedeluxe.com\/blog\/de\/wiki\/skateboarding\/obstacle-guide\/wallride\/\" data-title=\"Wallride\" data-services='[\"facebooklike\", \"facebook\"]' data-backend-url='\/shariff\/'><\/div><\/div>","protected":false},"excerpt":{"rendered":"<p>Wallride Obstacle Guide Der Wallride ist zugleich Trick und Obstacle. Der Wallride als Obstacle ist prinzipiell eine \u00e4u\u00dferst steile Bank oder senkrechte Wand. Im Skatepark findest du dazu meist eine kleine Anfahrtsfl\u00e4che, die den Wallride erleichtert. Best Practice Trick: Der Begriff Wallride bezeichnet eigentlich schon den Trick selbst. Das fahren mit dem Skateboard an einer <a class=\"read-more\" href=\"https:\/\/skatedeluxe.com\/blog\/de\/wiki\/skateboarding\/obstacle-guide\/wallride\/\">[&#8230;]<\/a><\/p>\n","protected":false},"author":24,"featured_media":145001,"parent":77954,"menu_order":16,"comment_status":"open","ping_status":"closed","template":"page-templates\/teasing-page.php","meta":{"footnotes":""},"class_list":["post-75256","page","type-page","status-publish","has-post-thumbnail","hentry"],"aioseo_notices":[],"amp_enabled":false,"_links":{"self":[{"href":"https:\/\/skatedeluxe.com\/blog\/de\/wp-json\/wp\/v2\/pages\/75256","targetHints":{"allow":["GET"]}}],"collection":[{"href":"https:\/\/skatedeluxe.com\/blog\/de\/wp-json\/wp\/v2\/pages"}],"about":[{"href":"https:\/\/skatedeluxe.com\/blog\/de\/wp-json\/wp\/v2\/types\/page"}],"author":[{"embeddable":true,"href":"https:\/\/skatedeluxe.com\/blog\/de\/wp-json\/wp\/v2\/users\/24"}],"replies":[{"embeddable":true,"href":"https:\/\/skatedeluxe.com\/blog\/de\/wp-json\/wp\/v2\/comments?post=75256"}],"version-history":[{"count":16,"href":"https:\/\/skatedeluxe.com\/blog\/de\/wp-json\/wp\/v2\/pages\/75256\/revisions"}],"predecessor-version":[{"id":154064,"href":"https:\/\/skatedeluxe.com\/blog\/de\/wp-json\/wp\/v2\/pages\/75256\/revisions\/154064"}],"up":[{"embeddable":true,"href":"https:\/\/skatedeluxe.com\/blog\/de\/wp-json\/wp\/v2\/pages\/77954"}],"wp:featuredmedia":[{"embeddable":true,"href":"https:\/\/skatedeluxe.com\/blog\/de\/wp-json\/wp\/v2\/media\/145001"}],"wp:attachment":[{"href":"https:\/\/skatedeluxe.com\/blog\/de\/wp-json\/wp\/v2\/media?parent=75256"}],"curies":[{"name":"wp","href":"https:\/\/api.w.org\/{rel}","templated":true}]}}