{"id":75253,"date":"2015-06-03T18:46:35","date_gmt":"2015-06-03T16:46:35","guid":{"rendered":"https:\/\/admin.skatedeluxe.de\/blog\/?page_id=75253"},"modified":"2019-02-04T14:07:03","modified_gmt":"2019-02-04T13:07:03","slug":"bank","status":"publish","type":"page","link":"https:\/\/skatedeluxe.com\/blog\/de\/wiki\/skateboarding\/obstacle-guide\/bank\/","title":{"rendered":"Bank"},"content":{"rendered":"<div class=\"post clearfix\">\r\n\t<div class=\"large-2 columns\" id=\"Bank\">\r\n\t\t<div class=\"small-8 medium-2 large-12 columns small-centered\">\r\n\t\t\t \n\t<style type=\"text\/css\">\n\t#round-hover-content-1 {\n\t\tbackground-image: url(\"\/blog\/wp-content\/uploads\/2015\/06\/bank-icon.jpg\");\n\t\tbackground-repeat: no-repeat;\n\t\tbackground-size: cover;\n\t}\n\t<\/style>\n\t<div class=\"round-hover-container\">\n\t\t<a class=\"round-hover clearfix\" href=\"#\">\n\t\t\t<span id=\"round-hover-content-1\" class=\"round-hover-content clearfix\">\n\t\t\t<\/span>\n\t\t<\/a>\n\t<\/div>\n\t\r\n\t\t<\/div>\r\n\t\t<div class=\"date-day top-bordered\">Bank<\/div>\r\n\t\t<div class=\"date-month\">Obstacle Guide<\/div>\r\n\t<\/div>\r\n\t<div class=\"large-10 columns\">\r\n\r\n\r\n\t\t<p>Als Bank bezeichnet man eine gerade nach oben verlaufende Schr\u00e4ge, an der man mit dem Skateboard hochfahren kann.<\/p>\r\n\r\n\t\t<div class=\"row\">\r\n\t\t\t<div class=\"medium-10 medium-offset-1 columns\" style=\"margin-bottom: 1em\">\r\n\t\t\t\t<img decoding=\"async\" src=\"\/blog\/wp-content\/uploads\/2018\/09\/obsctacle-guide-bank.jpg\" alt=\"Skateboard Obstacle Bank\" title=\"Skateboard Obstacle Bank\">\r\n\t\t\t<\/div>\r\n\t\t<\/div>\r\n\r\n\t\t<p>\u00dcblicherweise werden diese Spots genutzt, um <a title=\"zu den Flat Trick Tipps\" href=\"\/blog\/de\/trick-tipps\/skateboard\/flat\/\" target=\"blank\">Flat Tricks<\/a> wie Kickflips oder andere Fliptricks zu machen. Zudem kannst du mit etwas \u00dcbung eine Bank seitlich durchfahren, um etwas Schwung f\u00fcr deine Line mitzunehmen oder Schwung rauszunehmen. \r\n\t\t<\/p>\r\n\r\n\t\t<p>Banks mit einer abschlie\u00dfenden Kante (Curb oder Ledge) oder einem aufgesetzten Rail k\u00f6nnen auch f\u00fcr Drop-Ins, Grinds, Slides oder Stalls genutzt werden.<\/p>\r\n\r\n\t\t<p>Einer der ikonischsten Bank Spots, sind die Brooklyn Banks in New York City. Sie waren seit den 80er Jahren ein fester Bestandteil der Skate-Szene der Stadt und pr\u00e4gten diese gewaltig. Keith Hufnagel, Jason Dill, Chad Muska und Co. hatten unz\u00e4hlige Session an diesem Spot. Im Jahr 2009 wurde dieser Spot stillgelegt. Man findet ab und zu trotzdem noch aktuelles Footage des Spots.<\/p>\r\n\r\n\t\t<div class=\"row\">\r\n\t\t\t<div class=\"medium-6 columns\">\r\n\t\t\t\t<h2 style=\"margin-bottom:1em;\">Best Practice Tricks:<\/h2>\r\n\r\n\t\t\t\t<p>Der beste Trick zum \u00dcben an einer Bank ist der <a href=\"\/blog\/de\/trick-tipps\/skateboard\/flat\/how-to-ollie\/\" title=\"Trick Tipp Ollie\" target=\"blank\">Ollie<\/a>. Selbst wenn du den Ollie im Flat bereits sicher beherrschst, musst du durch die Schr\u00e4glage der Bank deine Technik anpassen. Wenn du den Ollie an einer Bank schon gut beherrscht, versuche dich doch an einem <a href=\"\/blog\/de\/trick-tipps\/skateboard\/flat\/how-to-pop-shove-it\/\" title=\"Trick Tipp Pop Shove It\" target=\"blank\">Pop Shove It<\/a> oder einem <a href=\"\/blog\/de\/trick-tipps\/skateboard\/flat\/how-to-kickflip\/\" title=\"Trick Tipp Kickflip\" target=\"blank\">Kickflip<\/a>. In den Videos erf\u00e4hrst du, wie die Tricks funktionieren:<\/p> \r\n\t\t\t<\/div>\r\n\r\n\r\n\t\t\t<div class=\"medium-6 columns\">\r\n\t\t\t\t<div class=\"blog-slides\">\t\r\n\t\t\t\t\t<div>   \r\n\t\t\t\t\t\t<div class=\"medium-centered columns\">\r\n\t\t\t\t\t\t\t<div class=\"flex-video\">\r\n\t\t\t\t\t\t\t\t<iframe width=\"560\" height=\"315\" data-src=\"https:\/\/www.youtube-nocookie.com\/embed\/A6apkOf0U44?rel=0\" frameborder=\"0\" allow=\"autoplay; encrypted-media\" allowfullscreen><\/iframe><noscript><iframe loading=\"lazy\" width=\"560\" height=\"315\" src=\"https:\/\/www.youtube-nocookie.com\/embed\/A6apkOf0U44?rel=0\" frameborder=\"0\" allow=\"autoplay; encrypted-media\" allowfullscreen><\/iframe><\/noscript>\r\n\t\t\t\t\t\t\t<\/div>   \t\r\n\t\t\t\t\t\t<\/div>                    \r\n\t\t\t\t\t<\/div>\r\n\r\n\t\t\t\t\t<div>   \r\n\t\t\t\t\t\t<div class=\"medium-centered columns\">\r\n\t\t\t\t\t\t\t<div class=\"flex-video\">\r\n\t\t\t\t\t\t\t\t<iframe width=\"560\" height=\"315\" data-src=\"https:\/\/www.youtube-nocookie.com\/embed\/W4lD3cxyE2E?rel=0\" frameborder=\"0\" allow=\"autoplay; encrypted-media\" allowfullscreen><\/iframe><noscript><iframe loading=\"lazy\" width=\"560\" height=\"315\" src=\"https:\/\/www.youtube-nocookie.com\/embed\/W4lD3cxyE2E?rel=0\" frameborder=\"0\" allow=\"autoplay; encrypted-media\" allowfullscreen><\/iframe><\/noscript>\r\n\t\t\t\t\t\t\t<\/div>   \t\r\n\t\t\t\t\t\t<\/div>                    \r\n\t\t\t\t\t<\/div>\r\n\r\n\t\t\t\t\t<div>   \r\n\t\t\t\t\t\t<div class=\"medium-centered columns\">\r\n\t\t\t\t\t\t\t<div class=\"flex-video\">\r\n\t\t\t\t\t\t\t\t<iframe width=\"560\" height=\"315\" data-src=\"https:\/\/www.youtube-nocookie.com\/embed\/pih-ur9hXNA?rel=0\" frameborder=\"0\" allow=\"autoplay; encrypted-media\" allowfullscreen><\/iframe><noscript><iframe loading=\"lazy\" width=\"560\" height=\"315\" src=\"https:\/\/www.youtube-nocookie.com\/embed\/pih-ur9hXNA?rel=0\" frameborder=\"0\" allow=\"autoplay; encrypted-media\" allowfullscreen><\/iframe><\/noscript>\r\n\t\t\t\t\t\t\t<\/div>   \t\r\n\t\t\t\t\t\t<\/div>                    \r\n\t\t\t\t\t<\/div>\r\n\r\n\t\t\t\t<\/div>\r\n\t\t\t<\/div>\r\n\t\t<\/div>\r\n\r\n\r\n\r\n\r\n\t\t<div class=\"row\">\r\n\t\t\t<div class=\"medium-6 columns\">\r\n\r\n\t\t\t\t<h2 style=\"margin-bottom:1em;\">Ber\u00fchmte Spots:<\/h2>\r\n\r\n\t\t\t\t<ul>\r\n\t\t\t\t\t<li>Brooklyn Banks &#8211; New York<\/li>\r\n\t\t\t\t\t<li>China Banks \u2013 San Francisco<\/li>\r\n\t\t\t\t\t<li>Train Bank Spot &#8211; Malm\u00f6<\/li>\r\n\t\t\t\t<\/ul>\r\n\t\t\t<\/div>\r\n\r\n\t\t\t<div class=\"medium-6 columns\">\r\n\r\n\t\t\t\t<h2 style=\"margin-bottom:1em;\">Skilled Riders:<\/h2>\r\n\r\n\t\t\t\t<ul>\r\n\t\t\t\t\t<li>Pontus Alv<\/li>\r\n\t\t\t\t\t<li>Dick Rizzo<\/li>\r\n\t\t\t\t\t<li>Alex Olson<\/li>\r\n\t\t\t\t<\/ul>\r\n\t\t\t<\/div>\r\n\t\t<\/div>\r\n\r\n\t\t<div class=\"row\">\r\n\t\t\t<div class=\"medium-6 columns\">\r\n\t\t\t\t<a style=\"margin-bottom:1em; margin-top: 1em;\" title=\"Zu den Flat Trick Tipps\" href=\"\/blog\/de\/trick-tipps\/skateboard\/flat\/\" class=\"button-auto\">Zu den Flat Trick Tipps<\/a>\r\n\t\t\t<\/div>\r\n\r\n\r\n\t\t\t<div class=\"medium-6 columns\">\r\n\t\t\t\t<a style=\"margin-bottom:1em; margin-top:1em;\" title=\"Zur\u00fcck zu allen Obstacles\" href=\"\/blog\/de\/wiki\/skateboarding\/obstacle-guide\/\" class=\"button-auto\">Zu allen Obstacles<\/a>\r\n\t\t\t<\/div>\r\n\r\n\t\t<\/div>\r\n\t<\/div>\r\n<\/div>\r\n\r\n<style type=\"text\/css\">\r\n\r\n.slick-list,.slick-slider,.slick-track{position:relative;display:block}.slick-loading .slick-slide,.slick-loading .slick-track{visibility:hidden}.slick-dots li button,.slick-dots li button:focus,.slick-list:focus,.slick-next:focus,.slick-prev:focus{outline:0}.slick-dots li button:before,.slick-next:before,.slick-prev:before{font-family:slick;-webkit-font-smoothing:antialiased;-moz-osx-font-smoothing:grayscale}.slick-slider{box-sizing:border-box;-moz-box-sizing:border-box;-webkit-touch-callout:none;-webkit-user-select:none;-khtml-user-select:none;-moz-user-select:none;-ms-user-select:none;user-select:none;-ms-touch-action:none;touch-action:none;-webkit-tap-highlight-color:transparent}.slick-list{overflow:hidden;margin:0;padding:0}.slick-loading .slick-list{background:url(ajax-loader.gif) center center no-repeat #fff}.slick-list.dragging{cursor:pointer;cursor:hand}.slick-slide,.slick-slide img,.slick-slider .slick-list,.slick-track{-webkit-transform:translate3d(0,0,0);-moz-transform:translate3d(0,0,0);-ms-transform:translate3d(0,0,0);-o-transform:translate3d(0,0,0);transform:translate3d(0,0,0)}.slick-track{left:0;top:0;zoom:1}.slick-track:after,.slick-track:before{content:\"\";display:table}.slick-track:after{clear:both}.slick-slide{float:left;height:100%;min-height:1px;display:none}.slick-slide img{display:block}.slick-slide.slick-loading img{display:none}.slick-slide.dragging img{pointer-events:none}.slick-initialized .slick-slide{display:block}.slick-vertical .slick-slide{display:block;height:auto;border:1px solid transparent}@font-face{font-family:slick;src:url(fonts\/slick.eot);src:url(fonts\/slick.eot?#iefix) format(\"embedded-opentype\"),url(fonts\/slick.woff) format(\"woff\"),url(fonts\/slick.ttf) format(\"truetype\"),url(fonts\/slick.svg#slick) format(\"svg\");font-weight:400;font-style:normal}.slick-next,.slick-prev{position:absolute;display:block;height:20px;width:20px;line-height:0;font-size:0;cursor:pointer;background:0 0;color:transparent;top:50%;margin-top:-10px;padding:0;border:none;outline:0}.slick-next.slick-disabled:before,.slick-prev.slick-disabled:before{opacity:.25}.slick-next:before,.slick-prev:before{font-size:20px;line-height:1;color:#fff;opacity:.85}.slick-prev{left:-25px}.slick-prev:before{content:\"\\2190\"}.slick-next{right:-25px}.slick-next:before{content:\"\\2192\"}.slick-slider{margin-bottom:30px}.slick-dots{position:absolute;bottom:-45px;list-style:none;display:block;text-align:center;padding:0;width:100%}.slick-dots li{position:relative;display:inline-block;height:20px;width:20px;margin:0 5px;padding:0;cursor:pointer}.slick-dots li button{border:0;background:0 0;display:block;height:20px;width:20px;line-height:0;font-size:0;color:transparent;padding:5px;cursor:pointer}.slick-dots li button:before{position:absolute;top:0;left:0;content:\"\\2022\";width:20px;height:20px;font-size:6px;line-height:20px;text-align:center;color:#000;opacity:.25}.slick-dots li.slick-active button:before{opacity:.75}\r\n.blog-slides div div h5{\r\n\tmargin-top: 10px !important;\r\n}\r\n\r\n\r\n\r\n.slick-prev:before, .slick-next:before {\r\n\tfont-size: 20px;\r\n\tline-height: 1;\r\n\tcolor: #1B272C;\r\n\topacity: 0.85;\r\n\t-moz-osx-font-smoothing: grayscale;\r\n\tfont-family: \"fontello\";\r\n}\r\n\r\n.slick-next:before {\r\n\tcontent: \"\\e801\";\r\n}\r\n\r\n.slick-prev:before {\r\n\tcontent: \"\\e800\";\r\n}\r\n\r\n.slick-prev {\r\n\tleft:0;\r\n}\r\n\r\n.slick-next {\r\n\tright:0;\r\n}\r\n\r\n.slick-prev:hover, .slick-next:hover {\r\n\tbackground-color: transparent;\r\n}\r\n<\/style>\r\n\r\n<script type=\"text\/javascript\" src=\"\/images\/content\/10YeahsContent\/gewinnspiel\/slick\/slick.min.js\"><\/script>\r\n<script type=\"text\/javascript\">\r\n\tjQuery(document).ready(function($){\r\n\r\n\r\n\r\n\t\t$('.blog-slides').slick({\r\n\t\t\tdots:false,\r\n\t\t\tinfinite:true,\r\n\t\t\tslidesToShow: 1,\r\n\t\t\tslidesToScroll: 1,\r\n\t\t\tautoplay:false,\r\n\t\t\tautoplaySpeed: 4000,\r\n\t\t\tresponsive: [\r\n\t\t\t{\r\n\t\t\t\tbreakpoint: 1024,\r\n\t\t\t\tsettings: {\r\n\t\t\t\t\tslidesToShow: 1,\r\n\t\t\t\t\tslidesToScroll: 1,\r\n\t\t\t\t}\r\n\t\t\t},\r\n\t\t\t{\r\n\t\t\t\tbreakpoint: 1700,\r\n\t\t\t\tsettings: {\r\n\t\t\t\t\tslidesToShow: 1,\r\n\t\t\t\t\tslidesToScroll: 1,\r\n\t\t\t\t}\r\n\t\t\t}\r\n\t\t\t]\r\n\t\t});\r\n\t});\r\n<\/script>\r\n\r\n<div class=\"ShariffSC\" style=\"shariff-shop\"><div class=\"shariff\" data-url=\"https:\/\/skatedeluxe.com\/blog\/de\/wiki\/skateboarding\/obstacle-guide\/bank\/\" data-title=\"Bank\" data-services='[\"facebooklike\", \"facebook\"]' data-backend-url='\/shariff\/'><\/div><\/div>","protected":false},"excerpt":{"rendered":"<p>Bank Obstacle Guide Als Bank bezeichnet man eine gerade nach oben verlaufende Schr\u00e4ge, an der man mit dem Skateboard hochfahren kann. \u00dcblicherweise werden diese Spots genutzt, um Flat Tricks wie Kickflips oder andere Fliptricks zu machen. Zudem kannst du mit etwas \u00dcbung eine Bank seitlich durchfahren, um etwas Schwung f\u00fcr deine Line mitzunehmen oder Schwung <a class=\"read-more\" href=\"https:\/\/skatedeluxe.com\/blog\/de\/wiki\/skateboarding\/obstacle-guide\/bank\/\">[&#8230;]<\/a><\/p>\n","protected":false},"author":24,"featured_media":144932,"parent":77954,"menu_order":1,"comment_status":"closed","ping_status":"closed","template":"page-templates\/teasing-page.php","meta":{"footnotes":""},"class_list":["post-75253","page","type-page","status-publish","has-post-thumbnail","hentry"],"aioseo_notices":[],"amp_enabled":false,"_links":{"self":[{"href":"https:\/\/skatedeluxe.com\/blog\/de\/wp-json\/wp\/v2\/pages\/75253","targetHints":{"allow":["GET"]}}],"collection":[{"href":"https:\/\/skatedeluxe.com\/blog\/de\/wp-json\/wp\/v2\/pages"}],"about":[{"href":"https:\/\/skatedeluxe.com\/blog\/de\/wp-json\/wp\/v2\/types\/page"}],"author":[{"embeddable":true,"href":"https:\/\/skatedeluxe.com\/blog\/de\/wp-json\/wp\/v2\/users\/24"}],"replies":[{"embeddable":true,"href":"https:\/\/skatedeluxe.com\/blog\/de\/wp-json\/wp\/v2\/comments?post=75253"}],"version-history":[{"count":25,"href":"https:\/\/skatedeluxe.com\/blog\/de\/wp-json\/wp\/v2\/pages\/75253\/revisions"}],"predecessor-version":[{"id":157289,"href":"https:\/\/skatedeluxe.com\/blog\/de\/wp-json\/wp\/v2\/pages\/75253\/revisions\/157289"}],"up":[{"embeddable":true,"href":"https:\/\/skatedeluxe.com\/blog\/de\/wp-json\/wp\/v2\/pages\/77954"}],"wp:featuredmedia":[{"embeddable":true,"href":"https:\/\/skatedeluxe.com\/blog\/de\/wp-json\/wp\/v2\/media\/144932"}],"wp:attachment":[{"href":"https:\/\/skatedeluxe.com\/blog\/de\/wp-json\/wp\/v2\/media?parent=75253"}],"curies":[{"name":"wp","href":"https:\/\/api.w.org\/{rel}","templated":true}]}}