{"id":75235,"date":"2015-06-05T16:46:38","date_gmt":"2015-06-05T14:46:38","guid":{"rendered":"https:\/\/admin.skatedeluxe.de\/blog\/?page_id=75235"},"modified":"2018-09-25T10:20:35","modified_gmt":"2018-09-25T08:20:35","slug":"pole","status":"publish","type":"page","link":"https:\/\/skatedeluxe.com\/blog\/de\/wiki\/skateboarding\/obstacle-guide\/pole\/","title":{"rendered":"Pole"},"content":{"rendered":"<div class=\"post clearfix\">\r\n\t<div class=\"large-2 columns\" id=\"Pole\">\r\n\t\t<div class=\"small-8 medium-2 large-12 columns small-centered\">\r\n\t\t\t \n\t<style type=\"text\/css\">\n\t#round-hover-content-1 {\n\t\tbackground-image: url(\"\/blog\/wp-content\/uploads\/2015\/06\/polejam-icon.jpg\");\n\t\tbackground-repeat: no-repeat;\n\t\tbackground-size: cover;\n\t}\n\t<\/style>\n\t<div class=\"round-hover-container\">\n\t\t<a class=\"round-hover clearfix\" href=\"#\">\n\t\t\t<span id=\"round-hover-content-1\" class=\"round-hover-content clearfix\">\n\t\t\t<\/span>\n\t\t<\/a>\n\t<\/div>\n\t\r\n\t\t<\/div>\r\n\t\t<div class=\"date-day top-bordered\">Pole<\/div>\r\n\t\t<div class=\"date-month\">Obstacle Guide<\/div>\r\n\t<\/div>\r\n\t<div class=\"large-10 columns\">\r\n\t\t<div class=\"medium-10 large-12 medium-centered columns\">\r\n\t\t\t<p align=\"justify\">\r\n\t\t\t\tEin Polejam ist in gewisser Weise ein kurzes <a href=\"\/blog\/de\/wiki\/skateboarding\/obstacle-guide\/flatrail\/\" title=\"zur Flatrail Obstacle Guide Seite\">Flatrail<\/a>, das ziemlich steil aus dem Boden ragt. Eine Absperrstange, die vom Auto angefahren wurde, kommt dem Ganzen aber am n\u00e4chsten. Hier kann man dr\u00fcber grinden und am Ende rausschanzen, dann macht man den sogenannten <em>Pole Jam<\/em>. Daf\u00fcr ist kein <a href=\"\/blog\/de\/trick-tipps\/skateboard\/flat\/how-to-ollie\/\" title=\"zum Ollie Trick Tipp\">Ollie<\/a> n\u00f6tig, aber jede Menge Boardgef\u00fchl.\r\n\r\n\t\t\t<\/p>\r\n\t\t\t<p align=\"justify\">\r\n Am Pole kann man nat\u00fcrlich mehr als nur einen Pole Jam machen, man muss nur kreativ werden. \r\n\r\n\r\n\r\n\r\n\t\t\t<\/p>\r\n<img decoding=\"async\" src=\"data:image\/gif;base64,R0lGODlhAQABAIAAAAAAAP\/\/\/yH5BAEAAAAALAAAAAABAAEAAAIBRAA7\" data-src=\"\/blog\/wp-content\/uploads\/2018\/09\/obsctacle-guide-pole-jam.jpg\" alt=\"SKateboard Obstacle Pole\"\/><noscript><img decoding=\"async\" src=\"\/blog\/wp-content\/uploads\/2018\/09\/obsctacle-guide-pole-jam.jpg\" alt=\"SKateboard Obstacle Pole\"\/><\/noscript>\r\n\r\n\r\n<br><br>\r\n<a title=\"zur\u00fcck zu allen Obstacles\" href=\"\/blog\/de\/wiki\/skateboarding\/obstacle-guide\/\" class=\"button-auto\">Zur\u00fcck zu allen Obstacles<\/a>\r\n<br><br>\r\n\r\n\t\t<\/div>\r\n\t<\/div>\r\n<\/div><div class=\"ShariffSC\" style=\"shariff-shop\"><div class=\"shariff\" data-url=\"https:\/\/skatedeluxe.com\/blog\/de\/wiki\/skateboarding\/obstacle-guide\/pole\/\" data-title=\"Pole\" data-services='[\"facebooklike\", \"facebook\"]' data-backend-url='\/shariff\/'><\/div><\/div>","protected":false},"excerpt":{"rendered":"<p>Pole Obstacle Guide Ein Polejam ist in gewisser Weise ein kurzes Flatrail, das ziemlich steil aus dem Boden ragt. Eine Absperrstange, die vom Auto angefahren wurde, kommt dem Ganzen aber am n\u00e4chsten. Hier kann man dr\u00fcber grinden und am Ende rausschanzen, dann macht man den sogenannten Pole Jam. Daf\u00fcr ist kein Ollie n\u00f6tig, aber jede <a class=\"read-more\" href=\"https:\/\/skatedeluxe.com\/blog\/de\/wiki\/skateboarding\/obstacle-guide\/pole\/\">[&#8230;]<\/a><\/p>\n","protected":false},"author":24,"featured_media":77894,"parent":77954,"menu_order":12,"comment_status":"closed","ping_status":"closed","template":"page-templates\/teasing-page.php","meta":{"footnotes":""},"class_list":["post-75235","page","type-page","status-publish","has-post-thumbnail","hentry"],"aioseo_notices":[],"amp_enabled":false,"_links":{"self":[{"href":"https:\/\/skatedeluxe.com\/blog\/de\/wp-json\/wp\/v2\/pages\/75235","targetHints":{"allow":["GET"]}}],"collection":[{"href":"https:\/\/skatedeluxe.com\/blog\/de\/wp-json\/wp\/v2\/pages"}],"about":[{"href":"https:\/\/skatedeluxe.com\/blog\/de\/wp-json\/wp\/v2\/types\/page"}],"author":[{"embeddable":true,"href":"https:\/\/skatedeluxe.com\/blog\/de\/wp-json\/wp\/v2\/users\/24"}],"replies":[{"embeddable":true,"href":"https:\/\/skatedeluxe.com\/blog\/de\/wp-json\/wp\/v2\/comments?post=75235"}],"version-history":[{"count":13,"href":"https:\/\/skatedeluxe.com\/blog\/de\/wp-json\/wp\/v2\/pages\/75235\/revisions"}],"predecessor-version":[{"id":146335,"href":"https:\/\/skatedeluxe.com\/blog\/de\/wp-json\/wp\/v2\/pages\/75235\/revisions\/146335"}],"up":[{"embeddable":true,"href":"https:\/\/skatedeluxe.com\/blog\/de\/wp-json\/wp\/v2\/pages\/77954"}],"wp:featuredmedia":[{"embeddable":true,"href":"https:\/\/skatedeluxe.com\/blog\/de\/wp-json\/wp\/v2\/media\/77894"}],"wp:attachment":[{"href":"https:\/\/skatedeluxe.com\/blog\/de\/wp-json\/wp\/v2\/media?parent=75235"}],"curies":[{"name":"wp","href":"https:\/\/api.w.org\/{rel}","templated":true}]}}