{"id":75233,"date":"2015-06-05T16:24:02","date_gmt":"2015-06-05T14:24:02","guid":{"rendered":"https:\/\/admin.skatedeluxe.de\/blog\/?page_id=75233"},"modified":"2018-09-25T10:04:10","modified_gmt":"2018-09-25T08:04:10","slug":"handrail","status":"publish","type":"page","link":"https:\/\/skatedeluxe.com\/blog\/de\/wiki\/skateboarding\/obstacle-guide\/handrail\/","title":{"rendered":"Handrail"},"content":{"rendered":"<div class=\"post clearfix\">\r\n\r\n    <div class=\"large-2 columns\" id=\"Handrail\">\r\n        <div class=\"small-8 medium-2 large-12 columns small-centered\">\r\n             \n\t<style type=\"text\/css\">\n\t#round-hover-content-1 {\n\t\tbackground-image: url(\"\/blog\/wp-content\/uploads\/2015\/06\/handrail-icon.jpg\");\n\t\tbackground-repeat: no-repeat;\n\t\tbackground-size: cover;\n\t}\n\t<\/style>\n\t<div class=\"round-hover-container\">\n\t\t<a class=\"round-hover clearfix\" href=\"#\">\n\t\t\t<span id=\"round-hover-content-1\" class=\"round-hover-content clearfix\">\n\t\t\t<\/span>\n\t\t<\/a>\n\t<\/div>\n\t\r\n        <\/div>\r\n        <div class=\"date-day top-bordered\">Handrail<\/div>\r\n        <div class=\"date-month\">Obstacle Guide<\/div>\r\n    <\/div>\r\n\r\n    <div class=\"large-10 columns\">\r\n       \r\n        <p>Ein Handrail w\u00fcrde man im normalen Sprachgebrauch als Treppengel\u00e4nder bezeichnen. Es bedarf viel K\u00f6nnen und Mut sich an einem Grind oder Slide am Handrail zu versuchen.<\/p> \r\n            \r\n        <div class=\"row\">\r\n            <div class=\"medium-10 medium-offset-1 columns\" style=\"margin-bottom: 1em;\">\r\n                <img decoding=\"async\" src=\"\/blog\/wp-content\/uploads\/2018\/09\/obsctacle-guide-handrail.jpg\" alt=\"Handrail Skateboarding\" title=\"Handrail Skateboarding\">\r\n            <\/div>\r\n        <\/div>\r\n\r\n        <p>Also nimm dir gen\u00fcgend Zeit, um <a title=\"Zu den Rail Trick Tipps\" href=\"\/blog\/de\/trick-tipps\/skateboard\/curb-rail\/\" target=\"blank\">Rail Tricks<\/a> erstmal an <a href=\"\/blog\/de\/wiki\/skateboarding\/obstacle-guide\/flatrail\/\" title=\"Zum Obstacel FLatrail\" alt=\"Zum Obstacle Flatrail\" target=\"blank\">Flatrails<\/a> zu \u00fcben, dann kannst du dich auf Handrails trauen. Manche Handrails haben einen Knick, der in der Skateszene als &#8222;Kink&#8220; bezeichnet wird. <\/p>\r\n\r\n        <p>Eines der bedeutendsten Rails der Skateszene steht im Columbus Park in New York City. Anthony Van Engelen war der erste, der dieses Handrail mit einem Ollie over the top to 50-50 skatete. Seitdem stieg das Level der Tricks an diesem Rail stetig und ist in vielen Edits und Videos zu sehen.<\/p>\r\n\r\n        <div class=\"row\">\r\n            <div class=\"medium-6 columns\">\r\n                <h2 style=\"margin-bottom:1em;\">Best Practice Tricks:<\/h2>\r\n\r\n                <p>Um dich langsam an den Winkel und die L\u00e4nge des Handrails zu gew\u00f6hnen, versuche es anfangs mit einem <a href=\"\/blog\/de\/trick-tipps\/skateboard\/curb-rail\/how-to-50-50\/\" title=\"Trick Tipp 50-50\" alt=\"Trick Tipp 50-50\" target=\"blank\">50-50 Grind<\/a>. Wenn du diesen gut kannst, versuche dich doch an einem <a href=\"\/blog\/de\/trick-tipps\/skateboard\/curb-rail\/how-to-5-0\/\" title=\"Trick Tipp 5-0\" alt=\"Trick Tipp 5-0\" target=\"blank\">5-0 Grind<\/a> oder einem <a href=\"\/blog\/de\/trick-tipps\/skateboard\/curb-rail\/how-to-bs-boardslide\/\" title=\"Trick Tipp BS Boardslide\" alt=\"Trick Tipp BS Boardslide\" target=\"blank\">BS Boardslide<\/a>. In den Videos siehst du, wie du diese lernst.<\/p> \r\n            <\/div>\r\n                            \r\n            <div class=\"medium-6 columns\">\r\n                <div class=\"blog-slides\">   \r\n                    <div>   \r\n                        <div class=\"medium-centered columns\">\r\n                            <div class=\"flex-video\">\r\n                                <iframe width=\"560\" height=\"315\" data-src=\"https:\/\/www.youtube-nocookie.com\/embed\/0rw3sH0O7LU\" frameborder=\"0\" allow=\"autoplay; encrypted-media\" allowfullscreen><\/iframe><noscript><iframe loading=\"lazy\" width=\"560\" height=\"315\" src=\"https:\/\/www.youtube-nocookie.com\/embed\/0rw3sH0O7LU\" frameborder=\"0\" allow=\"autoplay; encrypted-media\" allowfullscreen><\/iframe><\/noscript>\r\n                            <\/div>      \r\n                        <\/div>                    \r\n                    <\/div>\r\n\r\n                    <div>   \r\n                        <div class=\"medium-centered columns\">\r\n                            <div class=\"flex-video\">\r\n                                <iframe width=\"560\" height=\"315\" data-src=\"https:\/\/www.youtube-nocookie.com\/embed\/QHoECUJxmOU\" frameborder=\"0\" allow=\"autoplay; encrypted-media\" allowfullscreen><\/iframe><noscript><iframe loading=\"lazy\" width=\"560\" height=\"315\" src=\"https:\/\/www.youtube-nocookie.com\/embed\/QHoECUJxmOU\" frameborder=\"0\" allow=\"autoplay; encrypted-media\" allowfullscreen><\/iframe><\/noscript>\r\n                            <\/div>      \r\n                        <\/div>                    \r\n                    <\/div>\r\n\r\n                    <div>   \r\n                        <div class=\"medium-centered columns\">\r\n                            <div class=\"flex-video\">\r\n                                <iframe width=\"560\" height=\"315\" data-src=\"https:\/\/www.youtube-nocookie.com\/embed\/aZNwUds69oQ\" frameborder=\"0\" allow=\"autoplay; encrypted-media\" allowfullscreen><\/iframe><noscript><iframe loading=\"lazy\" width=\"560\" height=\"315\" src=\"https:\/\/www.youtube-nocookie.com\/embed\/aZNwUds69oQ\" frameborder=\"0\" allow=\"autoplay; encrypted-media\" allowfullscreen><\/iframe><\/noscript>\r\n                            <\/div>      \r\n                        <\/div>                    \r\n                    <\/div>\r\n                <\/div>\r\n            <\/div>\r\n        <\/div>\r\n\r\n        <div class=\"row\">\r\n            <div class=\"medium-6 columns\">\r\n\r\n                <h2 style=\"margin-bottom:1em;\">Ber\u00fchmte Spots:<\/h2>\r\n                \r\n                <ul>    \r\n                <li>Beverly Hills High School &#8211; Los Angeles<\/li>\r\n                <li>Columbus Park &#8211; New York<\/li>\r\n                <li>Union Square &#8211; New York<\/li>\r\n                <\/ul>\r\n             <\/div>\r\n                \r\n            <div class=\"medium-6 columns\">\r\n\r\n                <h2 style=\"margin-bottom:1em;\">Skilled Riders:<\/h2>\r\n                \r\n                <ul>    \r\n                <li>Jamie Foy<\/li>\r\n                <li>Nyjah Huston<\/li>\r\n                <li>Cole Wilson<\/li>\r\n                <\/ul>\r\n            <\/div>    \r\n        <\/div>\r\n\r\n        <div class=\"row\">\r\n            <div class=\"medium-6 columns\">\r\n                <a style=\"margin-bottom:1em; margin-top: 2em;\" title=\"zu den Curb und Rail Trick Tipps\" href=\"\/blog\/de\/trick-tipps\/skateboard\/curb-rail\/\" class=\"button-auto\">Alle Rail Trick Tipps<\/a>\r\n            <\/div>\r\n\r\n\r\n            <div class=\"medium-6 columns\">\r\n                <a style=\"margin-bottom:1em; margin-top:2em;\" title=\"zur\u00fcck zu allen Obstacles\" href=\"\/blog\/de\/wiki\/skateboarding\/obstacle-guide\/\" class=\"button-auto\">Zur\u00fcck zu allen Obstacles<\/a>\r\n            <\/div>\r\n        <\/div>\r\n    <\/div>\r\n<\/div>\r\n\r\n<style type=\"text\/css\">\r\n\r\n    .slick-list,.slick-slider,.slick-track{position:relative;display:block}.slick-loading .slick-slide,.slick-loading .slick-track{visibility:hidden}.slick-dots li button,.slick-dots li button:focus,.slick-list:focus,.slick-next:focus,.slick-prev:focus{outline:0}.slick-dots li button:before,.slick-next:before,.slick-prev:before{font-family:slick;-webkit-font-smoothing:antialiased;-moz-osx-font-smoothing:grayscale}.slick-slider{box-sizing:border-box;-moz-box-sizing:border-box;-webkit-touch-callout:none;-webkit-user-select:none;-khtml-user-select:none;-moz-user-select:none;-ms-user-select:none;user-select:none;-ms-touch-action:none;touch-action:none;-webkit-tap-highlight-color:transparent}.slick-list{overflow:hidden;margin:0;padding:0}.slick-loading .slick-list{background:url(ajax-loader.gif) center center no-repeat #fff}.slick-list.dragging{cursor:pointer;cursor:hand}.slick-slide,.slick-slide img,.slick-slider .slick-list,.slick-track{-webkit-transform:translate3d(0,0,0);-moz-transform:translate3d(0,0,0);-ms-transform:translate3d(0,0,0);-o-transform:translate3d(0,0,0);transform:translate3d(0,0,0)}.slick-track{left:0;top:0;zoom:1}.slick-track:after,.slick-track:before{content:\"\";display:table}.slick-track:after{clear:both}.slick-slide{float:left;height:100%;min-height:1px;display:none}.slick-slide img{display:block}.slick-slide.slick-loading img{display:none}.slick-slide.dragging img{pointer-events:none}.slick-initialized .slick-slide{display:block}.slick-vertical .slick-slide{display:block;height:auto;border:1px solid transparent}@font-face{font-family:slick;src:url(fonts\/slick.eot);src:url(fonts\/slick.eot?#iefix) format(\"embedded-opentype\"),url(fonts\/slick.woff) format(\"woff\"),url(fonts\/slick.ttf) format(\"truetype\"),url(fonts\/slick.svg#slick) format(\"svg\");font-weight:400;font-style:normal}.slick-next,.slick-prev{position:absolute;display:block;height:20px;width:20px;line-height:0;font-size:0;cursor:pointer;background:0 0;color:transparent;top:50%;margin-top:-10px;padding:0;border:none;outline:0}.slick-next.slick-disabled:before,.slick-prev.slick-disabled:before{opacity:.25}.slick-next:before,.slick-prev:before{font-size:20px;line-height:1;color:#fff;opacity:.85}.slick-prev{left:-25px}.slick-prev:before{content:\"\\2190\"}.slick-next{right:-25px}.slick-next:before{content:\"\\2192\"}.slick-slider{margin-bottom:30px}.slick-dots{position:absolute;bottom:-45px;list-style:none;display:block;text-align:center;padding:0;width:100%}.slick-dots li{position:relative;display:inline-block;height:20px;width:20px;margin:0 5px;padding:0;cursor:pointer}.slick-dots li button{border:0;background:0 0;display:block;height:20px;width:20px;line-height:0;font-size:0;color:transparent;padding:5px;cursor:pointer}.slick-dots li button:before{position:absolute;top:0;left:0;content:\"\\2022\";width:20px;height:20px;font-size:6px;line-height:20px;text-align:center;color:#000;opacity:.25}.slick-dots li.slick-active button:before{opacity:.75}\r\n    .blog-slides div div h5{\r\n        margin-top: 10px !important;\r\n    }\r\n\r\n\r\n\r\n    .slick-prev:before, .slick-next:before {\r\n        font-size: 20px;\r\n        line-height: 1;\r\n        color: #1B272C;\r\n        opacity: 0.85;\r\n        -moz-osx-font-smoothing: grayscale;\r\n        font-family: \"fontello\";\r\n    }\r\n\r\n    .slick-next:before {\r\n        content: \"\\e801\";\r\n    }\r\n\r\n    .slick-prev:before {\r\n        content: \"\\e800\";\r\n    }\r\n\r\n    .slick-prev {\r\n        left:0;\r\n    }\r\n\r\n    .slick-next {\r\n        right:0;\r\n    }\r\n\r\n    .slick-prev:hover, .slick-next:hover {\r\n        background-color: transparent;\r\n    }\r\n<\/style>\r\n\r\n<script type=\"text\/javascript\" src=\"\/images\/content\/10YeahsContent\/gewinnspiel\/slick\/slick.min.js\"><\/script>\r\n<script type=\"text\/javascript\">\r\n    jQuery(document).ready(function($){\r\n\r\n\r\n\r\n        $('.blog-slides').slick({\r\n            dots:false,\r\n            infinite:true,\r\n            slidesToShow: 1,\r\n            slidesToScroll: 1,\r\n            autoplay:false,\r\n            autoplaySpeed: 4000,\r\n            responsive: [\r\n            {\r\n                breakpoint: 1024,\r\n                settings: {\r\n                    slidesToShow: 1,\r\n                    slidesToScroll: 1,\r\n                }\r\n            },\r\n            {\r\n                breakpoint: 1700,\r\n                settings: {\r\n                    slidesToShow: 1,\r\n                    slidesToScroll: 1,\r\n                }\r\n            }\r\n            ]\r\n        });\r\n    });\r\n<\/script>    \r\n<div class=\"ShariffSC\" style=\"shariff-shop\"><div class=\"shariff\" data-url=\"https:\/\/skatedeluxe.com\/blog\/de\/wiki\/skateboarding\/obstacle-guide\/handrail\/\" data-title=\"Handrail\" data-services='[\"facebooklike\", \"facebook\"]' data-backend-url='\/shariff\/'><\/div><\/div>","protected":false},"excerpt":{"rendered":"<p>Handrail Obstacle Guide Ein Handrail w\u00fcrde man im normalen Sprachgebrauch als Treppengel\u00e4nder bezeichnen. Es bedarf viel K\u00f6nnen und Mut sich an einem Grind oder Slide am Handrail zu versuchen. Also nimm dir gen\u00fcgend Zeit, um Rail Tricks erstmal an Flatrails zu \u00fcben, dann kannst du dich auf Handrails trauen. Manche Handrails haben einen Knick, der <a class=\"read-more\" href=\"https:\/\/skatedeluxe.com\/blog\/de\/wiki\/skateboarding\/obstacle-guide\/handrail\/\">[&#8230;]<\/a><\/p>\n","protected":false},"author":24,"featured_media":145005,"parent":77954,"menu_order":7,"comment_status":"closed","ping_status":"closed","template":"page-templates\/teasing-page.php","meta":{"footnotes":""},"class_list":["post-75233","page","type-page","status-publish","has-post-thumbnail","hentry"],"aioseo_notices":[],"amp_enabled":false,"_links":{"self":[{"href":"https:\/\/skatedeluxe.com\/blog\/de\/wp-json\/wp\/v2\/pages\/75233","targetHints":{"allow":["GET"]}}],"collection":[{"href":"https:\/\/skatedeluxe.com\/blog\/de\/wp-json\/wp\/v2\/pages"}],"about":[{"href":"https:\/\/skatedeluxe.com\/blog\/de\/wp-json\/wp\/v2\/types\/page"}],"author":[{"embeddable":true,"href":"https:\/\/skatedeluxe.com\/blog\/de\/wp-json\/wp\/v2\/users\/24"}],"replies":[{"embeddable":true,"href":"https:\/\/skatedeluxe.com\/blog\/de\/wp-json\/wp\/v2\/comments?post=75233"}],"version-history":[{"count":16,"href":"https:\/\/skatedeluxe.com\/blog\/de\/wp-json\/wp\/v2\/pages\/75233\/revisions"}],"predecessor-version":[{"id":146331,"href":"https:\/\/skatedeluxe.com\/blog\/de\/wp-json\/wp\/v2\/pages\/75233\/revisions\/146331"}],"up":[{"embeddable":true,"href":"https:\/\/skatedeluxe.com\/blog\/de\/wp-json\/wp\/v2\/pages\/77954"}],"wp:featuredmedia":[{"embeddable":true,"href":"https:\/\/skatedeluxe.com\/blog\/de\/wp-json\/wp\/v2\/media\/145005"}],"wp:attachment":[{"href":"https:\/\/skatedeluxe.com\/blog\/de\/wp-json\/wp\/v2\/media?parent=75233"}],"curies":[{"name":"wp","href":"https:\/\/api.w.org\/{rel}","templated":true}]}}