{"id":22608,"date":"2013-07-19T10:52:55","date_gmt":"2013-07-19T08:52:55","guid":{"rendered":"http:\/\/www.skatedeluxe.de\/blog\/?page_id=22608"},"modified":"2018-05-09T11:03:05","modified_gmt":"2018-05-09T09:03:05","slug":"how-to-switch-frontside-flip","status":"publish","type":"page","link":"https:\/\/skatedeluxe.com\/blog\/de\/trick-tipps\/skateboard\/flat\/how-to-switch-frontside-flip\/","title":{"rendered":"Switch Frontside Flip &#8211; Skateboard Trick Tipp"},"content":{"rendered":"<div class=\"post clearfix\">\r\n  <div class=\"hide-for-small medium-12 large-2 columns\">\r\n    <div class=\"date-day small\">Tricktipp<\/div>\r\n    <div class=\"date-month\">Switch Frontside Flip<\/div>\r\n  <\/div>\r\n  <div class=\"small-12 large-10 columns\">\r\n    <div class=\"medium-10 large-12 medium-centered columns\">\r\n      <iframe data-src=\"\/\/www.youtube-nocookie.com\/embed\/9aHDLyG3VRg?rel=0&amp;wmode=transparent\" height=\"422\" width=\"750\" allowfullscreen=\"\" frameborder=\"0\" allow=\"autoplay; encrypted-media\"><\/iframe><noscript><iframe loading=\"lazy\" src=\"\/\/www.youtube-nocookie.com\/embed\/9aHDLyG3VRg?rel=0&amp;wmode=transparent\" height=\"422\" width=\"750\" allowfullscreen=\"\" frameborder=\"0\" allow=\"autoplay; encrypted-media\"><\/iframe><\/noscript>\r\n    <\/div>\r\n  <\/div>\r\n<\/div>\r\n<div class=\"post clearfix\">\r\n  <div class=\"hide-for-small medium-12 large-2 columns\">\r\n    <div class=\"date-day small\">Tricktipp<\/div>\r\n    <div class=\"date-month\">Switch Frontside Flip<\/div>\r\n  <\/div>\r\n  <div class=\"small-12 large-10 columns\">\r\n    <div class=\"columns\">\r\n      Der Switch Frontside Flip sollte definitiv in deinem Trickk\u00f6cher vorhanden sein. Du kannst den Switch Frontside Flip sowohl im Flat, als auch an Treppensets, in der Mini oder f\u00fcr zahlreiche Kombinationen verwenden. <a title=\"zum Profil von Ben Dillinger\" href=\"\/blog\/teamfahrer\/skate-team-2\/ben-dillinger\/\">Ben Dillinger<\/a> erkl\u00e4rt dir wie der Switch Frontside Flip funktioniert.\r\n      <p>Der Switch Frontside Flip sitzt bereits?Dann schau dir die weiteren <a title=\"zur \u00dcbersicht: Skateboard Trick Tipps Flat\" href=\"\/blog\/alles-uber-boards\/skateboarding\/skateboard-trick-tipps-flat\/\"><strong>Trick Tipps f\u00fcr das Flat<\/strong><\/a> an. Falls du nicht nur Lust auf Flat hast, haben wir auch <a title=\"zur \u00dcbersicht: Skateboard Trick Tipps Curb\" href=\"\/blog\/alles-uber-boards\/skateboarding\/skateboard-trick-tipps-curb\/\"><strong>Tricks Tipps f\u00fcr die Curb<\/strong><\/a> und <a title=\"zur \u00dcbersicht: Trick Tipps Transition\" href=\"\/blog\/alles-uber-boards\/skateboarding\/skateboard-trick-tipps-transition\/\"><strong>Trick Tipps f\u00fcr Transition<\/strong><\/a> f\u00fcr dich am Start.<\/p>\r\n\r\n      Viel Spa\u00df beim \u00dcben!\r\n\r\n    <\/div>\r\n  <\/div>\r\n<\/div><div class=\"ShariffSC\" style=\"shariff-shop\"><div class=\"shariff\" data-url=\"https:\/\/skatedeluxe.com\/blog\/de\/trick-tipps\/skateboard\/flat\/how-to-switch-frontside-flip\/\" data-title=\"Switch Frontside Flip &#8211; Skateboard Trick Tipp\" data-services='[\"facebooklike\", \"facebook\"]' data-backend-url='\/shariff\/'><\/div><\/div>","protected":false},"excerpt":{"rendered":"<p>Tricktipp Switch Frontside Flip Tricktipp Switch Frontside Flip Der Switch Frontside Flip sollte definitiv in deinem Trickk\u00f6cher vorhanden sein. Du kannst den Switch Frontside Flip sowohl im Flat, als auch an Treppensets, in der Mini oder f\u00fcr zahlreiche Kombinationen verwenden. Ben Dillinger erkl\u00e4rt dir wie der Switch Frontside Flip funktioniert. Der Switch Frontside Flip sitzt <a class=\"read-more\" href=\"https:\/\/skatedeluxe.com\/blog\/de\/trick-tipps\/skateboard\/flat\/how-to-switch-frontside-flip\/\">[&#8230;]<\/a><\/p>\n","protected":false},"author":23,"featured_media":27612,"parent":21467,"menu_order":22,"comment_status":"open","ping_status":"closed","template":"page-templates\/teasing-page.php","meta":{"footnotes":""},"class_list":["post-22608","page","type-page","status-publish","has-post-thumbnail","hentry"],"aioseo_notices":[],"amp_enabled":false,"_links":{"self":[{"href":"https:\/\/skatedeluxe.com\/blog\/de\/wp-json\/wp\/v2\/pages\/22608","targetHints":{"allow":["GET"]}}],"collection":[{"href":"https:\/\/skatedeluxe.com\/blog\/de\/wp-json\/wp\/v2\/pages"}],"about":[{"href":"https:\/\/skatedeluxe.com\/blog\/de\/wp-json\/wp\/v2\/types\/page"}],"author":[{"embeddable":true,"href":"https:\/\/skatedeluxe.com\/blog\/de\/wp-json\/wp\/v2\/users\/23"}],"replies":[{"embeddable":true,"href":"https:\/\/skatedeluxe.com\/blog\/de\/wp-json\/wp\/v2\/comments?post=22608"}],"version-history":[{"count":12,"href":"https:\/\/skatedeluxe.com\/blog\/de\/wp-json\/wp\/v2\/pages\/22608\/revisions"}],"predecessor-version":[{"id":143976,"href":"https:\/\/skatedeluxe.com\/blog\/de\/wp-json\/wp\/v2\/pages\/22608\/revisions\/143976"}],"up":[{"embeddable":true,"href":"https:\/\/skatedeluxe.com\/blog\/de\/wp-json\/wp\/v2\/pages\/21467"}],"wp:featuredmedia":[{"embeddable":true,"href":"https:\/\/skatedeluxe.com\/blog\/de\/wp-json\/wp\/v2\/media\/27612"}],"wp:attachment":[{"href":"https:\/\/skatedeluxe.com\/blog\/de\/wp-json\/wp\/v2\/media?parent=22608"}],"curies":[{"name":"wp","href":"https:\/\/api.w.org\/{rel}","templated":true}]}}