{"id":22542,"date":"2013-07-16T09:09:52","date_gmt":"2013-07-16T07:09:52","guid":{"rendered":"http:\/\/www.skatedeluxe.de\/blog\/?page_id=22542"},"modified":"2018-05-09T13:47:08","modified_gmt":"2018-05-09T11:47:08","slug":"feeble-to-fakie","status":"publish","type":"page","link":"https:\/\/skatedeluxe.com\/blog\/de\/trick-tipps\/skateboard\/transition\/feeble-to-fakie\/","title":{"rendered":"Feeble To Fakie &#8211; Skateboard Trick Tipp"},"content":{"rendered":"<div class=\"post clearfix\">\r\n\t<div class=\"hide-for-small medium-12 large-2 columns\">\r\n\t\t<div class=\"date-day small\">Tricktipp<\/div>\r\n\t\t<div class=\"date-month\">Feeble To Fakie<\/div>\r\n\t<\/div>\r\n\t<div class=\"small-12 large-10 columns\">\r\n\t\t<div class=\"medium-10 large-12 medium-centered columns\">\r\n\t\t\t<div class=\"flex-video\">\r\n\t\t\t\t<iframe data-src=\"\/\/www.youtube-nocookie.com\/embed\/aSzOzj2ffO4?rel=0&#038;wmode=transparent\" height=\"270\" width=\"480\" allowfullscreen=\"\" frameborder=\"0\" allow=\"autoplay; encrypted-media\"><\/iframe><noscript><iframe loading=\"lazy\" src=\"\/\/www.youtube-nocookie.com\/embed\/aSzOzj2ffO4?rel=0&#038;wmode=transparent\" height=\"270\" width=\"480\" allowfullscreen=\"\" frameborder=\"0\" allow=\"autoplay; encrypted-media\"><\/iframe><\/noscript>\r\n\t\t\t<\/div>\r\n\t\t<\/div>\r\n\t\t<div class=\"columns\">\r\n\t\t\t<p>\r\n\t\t\t\tSummertime and the living is easy&#8220; hei\u00dft es so sch\u00f6n bei Ella Fitzgerald und Louis Amstrong. Besonders wenn das Wetter mitspielt gibt es nichts Besseres als in den Park zu d\u00fcsen und sich an neuen Tricks zu probieren. Wie w\u00e4re es zum Beispiel mit einem Feeble To Fakie? Wie genau der Trick funktioniert erkl\u00e4rt dir skatedeluxe Teamfahrer <a href=\"\/blog\/teamfahrer\/skate-team-2\/ben-dillinger\/\" title=\"Infos zu skatedeluxe Teamfahrer Ben Dillinger\">Ben Dillinger<\/a> live aus Gran Canaria. Also reingeschaltet und sp\u00e4ter im Park gleich den Trick probiert! \r\n\t\t\t<\/p>\r\n\t\t<\/div>\r\n\t<\/div>\r\n<\/div>\r\n\r\n<div class=\"post clearfix\">\r\n\t<div class=\"hide-for-small medium-12 large-2 columns\">\r\n\t\t<div class=\"date-day small\">Tricktipp<\/div>\r\n\t\t<div class=\"date-month\">Feeble To Fakie<\/div>\r\n\t<\/div>\r\n\t<div class=\"small-12 large-10 columns\">\r\n\t\t<div class=\"columns\">\r\n\t\t\t<p>\r\n\t\t\t\tDer Feeble To Fakie sitzt bereits? \r\n\t\t\t\tDann schau dir die weiteren <a href=\"\/blog\/alles-uber-boards\/skateboarding\/skateboard-trick-tipps-flat\/\" title=\"zur \u00dcbersicht: Skateboard Trick Tipps Flat\"><strong>Trick Tipps f\u00fcr das Flat<\/strong><\/a> an. Falls du nicht nur Lust auf Flat hast, haben wir auch <a href=\"\/blog\/alles-uber-boards\/skateboarding\/skateboard-trick-tipps-curb\/\" title=\"zur \u00dcbersicht: Skateboard Trick Tipps Curb\"><strong>Tricks Tipps f\u00fcr die Curb<\/strong><\/a> und <a href=\"\/blog\/alles-uber-boards\/skateboarding\/skateboard-trick-tipps-transition\/\" title=\"zur \u00dcbersicht: Trick Tipps Transition\"><strong>Trick Tipps f\u00fcr Transition<\/strong><\/a> f\u00fcr dich am Start.\r\n\r\n\t\t\t\tViel Spa\u00df beim \u00dcben!\r\n\t\t\t<\/p>\r\n\r\n\t\t<\/div>\r\n\t<\/div>\r\n\t\t\t<div class=\"small-12 medium-4 columns margin-bottom\">\r\n\t\t\t\t<a title=\"zur \u00dcbersicht: Skateboard Trick Tipps Curb\" href=\"\/blog\/alles-uber-boards\/skateboarding\/skateboard-trick-tipps-curb\/\" class=\"button-auto\">Trick Tipps f\u00fcr die Curb<\/a>\r\n\t\t\t<\/div>\r\n\t\t\t<div class=\"small-12 medium-4 columns margin-bottom\">\r\n\t\t\t\t<a title=\"zur \u00dcbersicht: Skateboard Trick Tipps Flat\" href=\"\/blog\/alles-uber-boards\/skateboarding\/skateboard-trick-tipps-flat\/\" class=\"button-auto\">Tricks Tipps f\u00fcr das Flat<\/a>\r\n\t\t\t<\/div>\r\n\t\t\t<div class=\"small-12 medium-4 columns margin-bottom\">\r\n\t\t\t\t<a title=\"zur \u00dcbersicht: Trick Tipps Transition\" href=\"\/blog\/alles-uber-boards\/skateboarding\/skateboard-trick-tipps-transition\/\" class=\"button-auto\">Trick Tipps f\u00fcr Transition<\/a>\r\n\t\t\t<\/div>\r\n\t\t<\/p>\r\n<\/div><div class=\"ShariffSC\" style=\"shariff-shop\"><div class=\"shariff\" data-url=\"https:\/\/skatedeluxe.com\/blog\/de\/trick-tipps\/skateboard\/transition\/feeble-to-fakie\/\" data-title=\"Feeble To Fakie &#8211; Skateboard Trick Tipp\" data-services='[\"facebooklike\", \"facebook\"]' data-backend-url='\/shariff\/'><\/div><\/div>","protected":false},"excerpt":{"rendered":"<p>Tricktipp Feeble To Fakie Summertime and the living is easy&#8220; hei\u00dft es so sch\u00f6n bei Ella Fitzgerald und Louis Amstrong. Besonders wenn das Wetter mitspielt gibt es nichts Besseres als in den Park zu d\u00fcsen und sich an neuen Tricks zu probieren. Wie w\u00e4re es zum Beispiel mit einem Feeble To Fakie? Wie genau der <a class=\"read-more\" href=\"https:\/\/skatedeluxe.com\/blog\/de\/trick-tipps\/skateboard\/transition\/feeble-to-fakie\/\">[&#8230;]<\/a><\/p>\n","protected":false},"author":23,"featured_media":27655,"parent":21469,"menu_order":12,"comment_status":"open","ping_status":"closed","template":"page-templates\/teasing-page.php","meta":{"footnotes":""},"class_list":["post-22542","page","type-page","status-publish","has-post-thumbnail","hentry"],"aioseo_notices":[],"amp_enabled":false,"_links":{"self":[{"href":"https:\/\/skatedeluxe.com\/blog\/de\/wp-json\/wp\/v2\/pages\/22542","targetHints":{"allow":["GET"]}}],"collection":[{"href":"https:\/\/skatedeluxe.com\/blog\/de\/wp-json\/wp\/v2\/pages"}],"about":[{"href":"https:\/\/skatedeluxe.com\/blog\/de\/wp-json\/wp\/v2\/types\/page"}],"author":[{"embeddable":true,"href":"https:\/\/skatedeluxe.com\/blog\/de\/wp-json\/wp\/v2\/users\/23"}],"replies":[{"embeddable":true,"href":"https:\/\/skatedeluxe.com\/blog\/de\/wp-json\/wp\/v2\/comments?post=22542"}],"version-history":[{"count":15,"href":"https:\/\/skatedeluxe.com\/blog\/de\/wp-json\/wp\/v2\/pages\/22542\/revisions"}],"predecessor-version":[{"id":144105,"href":"https:\/\/skatedeluxe.com\/blog\/de\/wp-json\/wp\/v2\/pages\/22542\/revisions\/144105"}],"up":[{"embeddable":true,"href":"https:\/\/skatedeluxe.com\/blog\/de\/wp-json\/wp\/v2\/pages\/21469"}],"wp:featuredmedia":[{"embeddable":true,"href":"https:\/\/skatedeluxe.com\/blog\/de\/wp-json\/wp\/v2\/media\/27655"}],"wp:attachment":[{"href":"https:\/\/skatedeluxe.com\/blog\/de\/wp-json\/wp\/v2\/media?parent=22542"}],"curies":[{"name":"wp","href":"https:\/\/api.w.org\/{rel}","templated":true}]}}