{"id":22400,"date":"2013-07-09T16:56:59","date_gmt":"2013-07-09T14:56:59","guid":{"rendered":"http:\/\/www.skatedeluxe.de\/blog\/?page_id=22400"},"modified":"2018-07-25T10:17:44","modified_gmt":"2018-07-25T08:17:44","slug":"how-to-fakie-flip","status":"publish","type":"page","link":"https:\/\/skatedeluxe.com\/blog\/de\/trick-tipps\/skateboard\/flat\/how-to-fakie-flip\/","title":{"rendered":"Fakie Flip &#8211; Skateboard Trick Tipp"},"content":{"rendered":"<div class=\"post clearfix\">\r\n\t<div class=\"hide-for-small medium-12 large-2 columns\">\r\n\t\t<div class=\"date-day small\">Tricktipp<\/div>\r\n\t\t<div class=\"date-month\">Fakie Flip<\/div>\r\n\t<\/div>\r\n\t<div class=\"small-12 large-10 columns\">\r\n\t\t<div class=\"medium-10 large-12 medium-centered columns\">\r\n\t\t\t<div class=\"flex-video\">\r\n<iframe width=\"560\" height=\"315\" data-src=\"https:\/\/www.youtube-nocookie.com\/embed\/8KlB02Qd_oI\" frameborder=\"0\" allowfullscreen allow=\"autoplay; encrypted-media\"><\/iframe><noscript><iframe loading=\"lazy\" width=\"560\" height=\"315\" src=\"https:\/\/www.youtube-nocookie.com\/embed\/8KlB02Qd_oI\" frameborder=\"0\" allowfullscreen allow=\"autoplay; encrypted-media\"><\/iframe><\/noscript>\t\t\t<\/div>\r\n\t\t<\/div>\r\n\t\t<div class=\"columns\">\r\n\t\t\t<p>\r\nDer Fakie Flip sollte definitiv in deinem Trickk\u00f6cher vorhanden sein. Du kannst den Fakie Flip sowohl im Flat, als auch an Treppensets, in der Mini oder f\u00fcr zahlreiche Kombinationen verwenden. <a title=\"zum Profil von Danny Sommerfeld\" href=\"\/blog\/teamfahrer\/skate-team-2\/danny-sommerfeld\/\">Danny Sommerfeld<\/a> erkl\u00e4rt dir auf feucht-fr\u00f6hliche Art und Weise wie der Fakie Flip funktioniert.\r\n<\/p>\r\n\t\t<\/div>\r\n\t<\/div>\r\n<\/div>\r\n\r\n<div class=\"post clearfix\">\r\n\t<div class=\"hide-for-small medium-12 large-2 columns\">\r\n\t\t<div class=\"date-day small\">Tricktipp<\/div>\r\n\t\t<div class=\"date-month\">Fakie Flip<\/div>\r\n\t<\/div>\r\n\t<div class=\"small-12 large-10 columns\">\r\n\t\t<div class=\"columns\">\r\n\t\t\t<p>\r\nDer Fakie Flip sitzt bereits?\r\nDann schau dir die weiteren <a title=\"zur \u00dcbersicht: Skateboard Trick Tipps Flat\" href=\"\/blog\/alles-uber-boards\/skateboarding\/skateboard-trick-tipps-flat\/\"><strong>Trick Tipps f\u00fcr das Flat<\/strong><\/a> an. Falls du nicht nur Lust auf Flat hast, haben wir auch <a title=\"zur \u00dcbersicht: Skateboard Trick Tipps Curb\" href=\"\/blog\/alles-uber-boards\/skateboarding\/skateboard-trick-tipps-curb\/\"><strong>Tricks Tipps f\u00fcr die Curb<\/strong><\/a> und <a title=\"zur \u00dcbersicht: Trick Tipps Transition\" href=\"\/blog\/alles-uber-boards\/skateboarding\/skateboard-trick-tipps-transition\/\"><strong>Trick Tipps f\u00fcr Transition<\/strong><\/a> f\u00fcr dich am Start.\r\n\r\nViel Spa\u00df beim \u00dcben!\r\n<\/p>\r\n\r\n\t\t<\/div>\r\n\t<\/div>\r\n\t\t\t<div class=\"small-12 medium-4 columns margin-bottom\">\r\n\t\t\t\t<a title=\"zur \u00dcbersicht: Skateboard Trick Tipps Curb\" href=\"\/blog\/alles-uber-boards\/skateboarding\/skateboard-trick-tipps-curb\/\" class=\"button-auto\">Trick Tipps f\u00fcr die Curb<\/a>\r\n\t\t\t<\/div>\r\n\t\t\t<div class=\"small-12 medium-4 columns margin-bottom\">\r\n\t\t\t\t<a title=\"zur \u00dcbersicht: Skateboard Trick Tipps Flat\" href=\"\/blog\/alles-uber-boards\/skateboarding\/skateboard-trick-tipps-flat\/\" class=\"button-auto\">Tricks Tipps f\u00fcr das Flat<\/a>\r\n\t\t\t<\/div>\r\n\t\t\t<div class=\"small-12 medium-4 columns margin-bottom\">\r\n\t\t\t\t<a title=\"zur \u00dcbersicht: Trick Tipps Transition\" href=\"\/blog\/alles-uber-boards\/skateboarding\/skateboard-trick-tipps-transition\/\" class=\"button-auto\">Trick Tipps f\u00fcr Transition<\/a>\r\n\t\t\t<\/div>\r\n\t\t<\/p>\r\n<\/div><div class=\"ShariffSC\" style=\"shariff-shop\"><div class=\"shariff\" data-url=\"https:\/\/skatedeluxe.com\/blog\/de\/trick-tipps\/skateboard\/flat\/how-to-fakie-flip\/\" data-title=\"Fakie Flip &#8211; Skateboard Trick Tipp\" data-services='[\"facebooklike\", \"facebook\"]' data-backend-url='\/shariff\/'><\/div><\/div>","protected":false},"excerpt":{"rendered":"<p>Tricktipp Fakie Flip Der Fakie Flip sollte definitiv in deinem Trickk\u00f6cher vorhanden sein. Du kannst den Fakie Flip sowohl im Flat, als auch an Treppensets, in der Mini oder f\u00fcr zahlreiche Kombinationen verwenden. Danny Sommerfeld erkl\u00e4rt dir auf feucht-fr\u00f6hliche Art und Weise wie der Fakie Flip funktioniert. Tricktipp Fakie Flip Der Fakie Flip sitzt bereits? <a class=\"read-more\" href=\"https:\/\/skatedeluxe.com\/blog\/de\/trick-tipps\/skateboard\/flat\/how-to-fakie-flip\/\">[&#8230;]<\/a><\/p>\n","protected":false},"author":24,"featured_media":27600,"parent":21467,"menu_order":10,"comment_status":"open","ping_status":"closed","template":"page-templates\/teasing-page.php","meta":{"footnotes":""},"class_list":["post-22400","page","type-page","status-publish","has-post-thumbnail","hentry"],"aioseo_notices":[],"amp_enabled":false,"_links":{"self":[{"href":"https:\/\/skatedeluxe.com\/blog\/de\/wp-json\/wp\/v2\/pages\/22400","targetHints":{"allow":["GET"]}}],"collection":[{"href":"https:\/\/skatedeluxe.com\/blog\/de\/wp-json\/wp\/v2\/pages"}],"about":[{"href":"https:\/\/skatedeluxe.com\/blog\/de\/wp-json\/wp\/v2\/types\/page"}],"author":[{"embeddable":true,"href":"https:\/\/skatedeluxe.com\/blog\/de\/wp-json\/wp\/v2\/users\/24"}],"replies":[{"embeddable":true,"href":"https:\/\/skatedeluxe.com\/blog\/de\/wp-json\/wp\/v2\/comments?post=22400"}],"version-history":[{"count":17,"href":"https:\/\/skatedeluxe.com\/blog\/de\/wp-json\/wp\/v2\/pages\/22400\/revisions"}],"predecessor-version":[{"id":145168,"href":"https:\/\/skatedeluxe.com\/blog\/de\/wp-json\/wp\/v2\/pages\/22400\/revisions\/145168"}],"up":[{"embeddable":true,"href":"https:\/\/skatedeluxe.com\/blog\/de\/wp-json\/wp\/v2\/pages\/21467"}],"wp:featuredmedia":[{"embeddable":true,"href":"https:\/\/skatedeluxe.com\/blog\/de\/wp-json\/wp\/v2\/media\/27600"}],"wp:attachment":[{"href":"https:\/\/skatedeluxe.com\/blog\/de\/wp-json\/wp\/v2\/media?parent=22400"}],"curies":[{"name":"wp","href":"https:\/\/api.w.org\/{rel}","templated":true}]}}