{"id":21583,"date":"2013-06-05T15:58:01","date_gmt":"2013-06-05T13:58:01","guid":{"rendered":"http:\/\/www.skatedeluxe.de\/blog\/?page_id=21583"},"modified":"2018-07-27T15:42:57","modified_gmt":"2018-07-27T13:42:57","slug":"how-to-fs-180-kickflip","status":"publish","type":"page","link":"https:\/\/skatedeluxe.com\/blog\/de\/trick-tipps\/skateboard\/transition\/how-to-fs-180-kickflip\/","title":{"rendered":"FS 180 Kickflip &#8211; Skateboard Trick Tipp"},"content":{"rendered":"\t<div class=\"post clearfix padding-bottom\">\r\n\t\t<div id=\"decks-allgemeines\" class=\"hide-for-small large-2 columns\">\r\n\t\t\t<div class=\"date-day\">Trick Tipp<\/div>\r\n\t\t\t<div class=\"date-month\">FS 180 Kickflip<\/div>\r\n\t\t<\/div>\r\n\r\n\t\t<div class=\"large-10 columns\">\r\n\t\t\r\n\t<p>\r\n\t\t\tUm den Frontside 180 Kickflip in der Transition zu lernen, ist es wichtig, dass du bereits einige leichtere Tricks in der Rampe kannst und dir das Landen in Transitions keine Probleme bereitet. Zu den wichtigsten Voraussetzungen f\u00fcr den Frontside 180 Kickflip z\u00e4hlen ganz besonders der Frontside 180 Ollie und der Kickflip in der Rampe, sowie der Frontside 180 Kickflip im Flat. Bevor du diese Tricks nicht im Schlaf beherrschst, solltest du dich noch nicht an den Frontside 180 Kickflip in der Rampe wagen. Hast du diese Tricks drauf, so d\u00fcrfte dem Trick in deiner Lieblings-Rampe allerdings nichts mehr im Wege stehen.\r\n\t<\/p>\r\n\t\t\r\n\t\t\t<p>\r\n\t\t\tHier erf\u00e4hrst du, wie der FS 180 Kickflip funktioniert.\r\n\t\t\t<\/p>\r\n\t\t\t\r\n\t\t<\/div>\r\n\t<\/div>\r\n\r\n\t<!-- .Ende des Einleitungsbereichs -->\r\n\r\n\t<div class=\"post clearfix padding-bottom\">\r\n\t\t<div id=\"decks-allgemeines\" class=\"hide-for-small large-2 columns\">\r\n\t\t\t<div class=\"date-day\">FS 180 Kickflip<\/div>\r\n\t\t\t<div class=\"date-month\">Sequenz<\/div>\r\n\t\t<\/div>\r\n\r\n\t\t<div class=\"large-10 columns\">\r\n\t\t\r\n\t\t\t<h2 class=\"margin-top margin-bottom\" align=\"center\">Trick Tipp Sequenz: FS 180 Kickflip<\/h2>\r\n\t\t\t\r\n\t\t\t<div class=\"medium-12 small-12 columns\">\r\n\t\t\t<div class=\"medium-10 columns medium-centered medium-offset-1 columns margin-bottom\">\r\n\t\t\t<div id=\"metaslider-id-145640\" style=\"max-width: 999px; margin: 0 auto;\" class=\"ml-slider-3-98-0 ml-slider-pro-2-6-6 metaslider metaslider-nivo metaslider-145640 ml-slider ms-theme-_theme_1463567531\" role=\"region\" aria-roledescription=\"Slideshow\" aria-label=\"FS 180 Kickflip\" data-width=\"999\">\n    <div id=\"metaslider_container_145640\">\n        <div class='slider-wrapper theme-default'><div class='ribbon'><\/div><div id='metaslider_145640' class='nivoSlider'><img loading=\"lazy\" decoding=\"async\" width=\"1000\" height=\"667\" src=\"\/blog\/wp-content\/uploads\/2018\/07\/frontside_flip01.jpg\" class=\"slider-145640 slide-145648\" alt=\"Skateboard Trick FS 180 Kickflip\" data-caption=\"\" data-thumb=\"\" title=\"frontside_flip01\" rel=\"\" srcset=\"\/blog\/wp-content\/uploads\/2018\/07\/frontside_flip01.jpg 1000w, \/blog\/wp-content\/uploads\/2018\/07\/frontside_flip01-600x400.jpg 600w, \/blog\/wp-content\/uploads\/2018\/07\/frontside_flip01-768x512.jpg 768w, \/blog\/wp-content\/uploads\/2018\/07\/frontside_flip01-999x666.jpg 999w, \/blog\/wp-content\/uploads\/2018\/07\/frontside_flip01-150x100.jpg 150w\" sizes=\"auto, (max-width: 1000px) 100vw, 1000px\" \/><img loading=\"lazy\" decoding=\"async\" width=\"1000\" height=\"667\" src=\"\/blog\/wp-content\/uploads\/2018\/07\/frontside_flip02.jpg\" class=\"slider-145640 slide-145647\" alt=\"Skateboard Trick FS 180 Kickflip\" data-caption=\"\" data-thumb=\"\" title=\"frontside_flip02\" rel=\"\" srcset=\"\/blog\/wp-content\/uploads\/2018\/07\/frontside_flip02.jpg 1000w, \/blog\/wp-content\/uploads\/2018\/07\/frontside_flip02-600x400.jpg 600w, \/blog\/wp-content\/uploads\/2018\/07\/frontside_flip02-768x512.jpg 768w, \/blog\/wp-content\/uploads\/2018\/07\/frontside_flip02-999x666.jpg 999w, \/blog\/wp-content\/uploads\/2018\/07\/frontside_flip02-150x100.jpg 150w\" sizes=\"auto, (max-width: 1000px) 100vw, 1000px\" \/><img loading=\"lazy\" decoding=\"async\" width=\"1000\" height=\"667\" src=\"\/blog\/wp-content\/uploads\/2018\/07\/frontside_flip03.jpg\" class=\"slider-145640 slide-145645\" alt=\"Skateboard Trick FS 180 Kickflip\" data-caption=\"\" data-thumb=\"\" title=\"frontside_flip03\" rel=\"\" srcset=\"\/blog\/wp-content\/uploads\/2018\/07\/frontside_flip03.jpg 1000w, \/blog\/wp-content\/uploads\/2018\/07\/frontside_flip03-600x400.jpg 600w, \/blog\/wp-content\/uploads\/2018\/07\/frontside_flip03-768x512.jpg 768w, \/blog\/wp-content\/uploads\/2018\/07\/frontside_flip03-999x666.jpg 999w, \/blog\/wp-content\/uploads\/2018\/07\/frontside_flip03-150x100.jpg 150w\" sizes=\"auto, (max-width: 1000px) 100vw, 1000px\" \/><img loading=\"lazy\" decoding=\"async\" width=\"1000\" height=\"667\" src=\"\/blog\/wp-content\/uploads\/2018\/07\/frontside_flip04.jpg\" class=\"slider-145640 slide-145644\" alt=\"Skateboard Trick FS 180 Kickflip\" data-caption=\"\" data-thumb=\"\" title=\"frontside_flip04\" rel=\"\" srcset=\"\/blog\/wp-content\/uploads\/2018\/07\/frontside_flip04.jpg 1000w, \/blog\/wp-content\/uploads\/2018\/07\/frontside_flip04-600x400.jpg 600w, \/blog\/wp-content\/uploads\/2018\/07\/frontside_flip04-768x512.jpg 768w, \/blog\/wp-content\/uploads\/2018\/07\/frontside_flip04-999x666.jpg 999w, \/blog\/wp-content\/uploads\/2018\/07\/frontside_flip04-150x100.jpg 150w\" sizes=\"auto, (max-width: 1000px) 100vw, 1000px\" \/><img loading=\"lazy\" decoding=\"async\" width=\"1000\" height=\"667\" src=\"\/blog\/wp-content\/uploads\/2018\/07\/frontside_flip06.jpg\" class=\"slider-145640 slide-145643\" alt=\"Skateboard Trick FS 180 Kickflip\" data-caption=\"\" data-thumb=\"\" title=\"frontside_flip06\" rel=\"\" srcset=\"\/blog\/wp-content\/uploads\/2018\/07\/frontside_flip06.jpg 1000w, \/blog\/wp-content\/uploads\/2018\/07\/frontside_flip06-600x400.jpg 600w, \/blog\/wp-content\/uploads\/2018\/07\/frontside_flip06-768x512.jpg 768w, \/blog\/wp-content\/uploads\/2018\/07\/frontside_flip06-999x666.jpg 999w, \/blog\/wp-content\/uploads\/2018\/07\/frontside_flip06-150x100.jpg 150w\" sizes=\"auto, (max-width: 1000px) 100vw, 1000px\" \/><img loading=\"lazy\" decoding=\"async\" width=\"1000\" height=\"667\" src=\"\/blog\/wp-content\/uploads\/2018\/07\/frontside_flip07.jpg\" class=\"slider-145640 slide-145642\" alt=\"Skateboard Trick FS 180 Kickflip\" data-caption=\"\" data-thumb=\"\" title=\"frontside_flip07\" rel=\"\" srcset=\"\/blog\/wp-content\/uploads\/2018\/07\/frontside_flip07.jpg 1000w, \/blog\/wp-content\/uploads\/2018\/07\/frontside_flip07-600x400.jpg 600w, \/blog\/wp-content\/uploads\/2018\/07\/frontside_flip07-768x512.jpg 768w, \/blog\/wp-content\/uploads\/2018\/07\/frontside_flip07-999x666.jpg 999w, \/blog\/wp-content\/uploads\/2018\/07\/frontside_flip07-150x100.jpg 150w\" sizes=\"auto, (max-width: 1000px) 100vw, 1000px\" \/><img loading=\"lazy\" decoding=\"async\" width=\"1000\" height=\"667\" src=\"\/blog\/wp-content\/uploads\/2018\/07\/frontside_flip09.jpg\" class=\"slider-145640 slide-145641\" alt=\"Skateboard Trick FS 180 Kickflip\" data-caption=\"\" data-thumb=\"\" title=\"frontside_flip09\" rel=\"\" srcset=\"\/blog\/wp-content\/uploads\/2018\/07\/frontside_flip09.jpg 1000w, \/blog\/wp-content\/uploads\/2018\/07\/frontside_flip09-600x400.jpg 600w, \/blog\/wp-content\/uploads\/2018\/07\/frontside_flip09-768x512.jpg 768w, \/blog\/wp-content\/uploads\/2018\/07\/frontside_flip09-999x666.jpg 999w, \/blog\/wp-content\/uploads\/2018\/07\/frontside_flip09-150x100.jpg 150w\" sizes=\"auto, (max-width: 1000px) 100vw, 1000px\" \/><img loading=\"lazy\" decoding=\"async\" width=\"1000\" height=\"667\" src=\"\/blog\/wp-content\/uploads\/2018\/07\/frontside_flip10.jpg\" class=\"slider-145640 slide-145649\" alt=\"Skateboard Trick FS 180 Kickflip\" data-caption=\"\" data-thumb=\"\" title=\"frontside_flip10\" rel=\"\" srcset=\"\/blog\/wp-content\/uploads\/2018\/07\/frontside_flip10.jpg 1000w, \/blog\/wp-content\/uploads\/2018\/07\/frontside_flip10-600x400.jpg 600w, \/blog\/wp-content\/uploads\/2018\/07\/frontside_flip10-768x512.jpg 768w, \/blog\/wp-content\/uploads\/2018\/07\/frontside_flip10-999x666.jpg 999w, \/blog\/wp-content\/uploads\/2018\/07\/frontside_flip10-150x100.jpg 150w\" sizes=\"auto, (max-width: 1000px) 100vw, 1000px\" \/><\/div><\/div>\n        \n    <\/div>\n<\/div>\r\n\t\t\t<\/div>\r\n\t\t\t<\/div>\r\n\t\t\t\r\n\t\t<\/div>\r\n\t<\/div>\r\n\r\n\t<!-- .Ende der Sequenz -->\r\n\r\n\t<div class=\"post clearfix padding-bottom\">\r\n\t\t<div id=\"decks-allgemeines\" class=\"hide-for-small large-2 columns\">\r\n\t\t\t<div class=\"date-day\">FS 180 Kickflip<\/div>\r\n\t\t\t<div class=\"date-month\">Step By Step<\/div>\r\n\t\t<\/div>\r\n\r\n\t\t<div class=\"large-10 columns\">\r\n\t\t\r\n\t\t\t<h2 class=\"margin-top margin-bottom\" align=\"center\">Trick Tipp Step By Step: FS 180 Kickflip<\/h2>\r\n\t\t\t\r\n\t\t\t<p align=\"center\"><small>Klicke auf die Bilder zum Vergr\u00f6\u00dfern<\/small>\r\n\t\t\t\r\n\t\t\t<div class=\"medium-12 columns margin-bottom\">\r\n\t\t\t\t\r\n\t\t\t\t<div class=\"small-12 medium-5 columns\">\r\n\t\t\t\t\t<a title=\"Klicke zum Vergr\u00f6\u00dfern\" href=\"\/images\/content\/basicguide\/frontside_flip01.jpg\" rel=\"lightbox[gallery-1] lightbox-0\">\r\n\t\t\t\t\t\t<img decoding=\"async\" src=\"data:image\/gif;base64,R0lGODlhAQABAIAAAAAAAP\/\/\/yH5BAEAAAAALAAAAAABAAEAAAIBRAA7\" data-src=\"\/blog\/wp-content\/uploads\/2018\/07\/skateboard-trick-tip-fs-flip-thumb-1.jpg\" alt=\"Skateboard Trick FS 180 Kickflip\" \/><noscript><img decoding=\"async\" src=\"\/blog\/wp-content\/uploads\/2018\/07\/skateboard-trick-tip-fs-flip-thumb-1.jpg\" alt=\"Skateboard Trick FS 180 Kickflip\" \/><\/noscript>\r\n\t\t\t\t\t<\/a>\t\t\t\r\n\t\t\t\t<\/div>\r\n\t\t\t\t\r\n\t\t\t\t<div class=\"small-12 medium-7 columns\">\r\n\t\t\t\t<p>\r\n\t\t\t\t<span class=\"h4\">1.<\/span>\r\n\t\t\t\tStell deine F\u00fc\u00dfe parallel auf dein Board. Dein vorderer Fu\u00df steht dabei, wie bereits beim Kickflip, nur mit dem Fu\u00dfballen auf dem Rand des Boards, ungef\u00e4hr in der Mitte zwischen den beiden Achsen. Dein hinterer Fu\u00df steht nur mit dem Ballen auf dem Tail. Um den n\u00f6tigen Schwung in den Trick legen zu k\u00f6nnen, solltest du leicht in die Hocke gehen und Spannung in deinem Oberk\u00f6rper aufbauen. Um die 180 Grad Drehung zu erleichtern kann es auch hilfreich sein, wenn du deinen Oberk\u00f6rper ganz leicht gegen die sp\u00e4tere 180 Grad Drehung vordrehst.\r\n\t\t\t\t<\/p>\r\n\t\t\t\t<\/div>\r\n\t\t\t<\/div>\r\n\r\n\t\t\t\r\n\t\t\t<div class=\"medium-12 columns margin-bottom\">\r\n\t\t\t\r\n\t\t\t\t<!-- .jedes zweite Bild in diese DIV-Klasse -->\r\n\t\t\t\t<div class=\"small-12 medium-5 medium-push-7 columns\">\r\n\t\t\t\t\t<a title=\"Klicke zum Vergr\u00f6\u00dfern\" href=\"\/images\/content\/basicguide\/frontside_flip03.jpg\" rel=\"lightbox[gallery-1] lightbox-1\">\r\n\t\t\t\t\t\t<img decoding=\"async\" src=\"data:image\/gif;base64,R0lGODlhAQABAIAAAAAAAP\/\/\/yH5BAEAAAAALAAAAAABAAEAAAIBRAA7\" data-src=\"\/blog\/wp-content\/uploads\/2018\/07\/skateboard-trick-tip-fs-flip-thumb-2.jpg\" alt=\"Skateboard Trick FS 180 Kickflip\" \/><noscript><img decoding=\"async\" src=\"\/blog\/wp-content\/uploads\/2018\/07\/skateboard-trick-tip-fs-flip-thumb-2.jpg\" alt=\"Skateboard Trick FS 180 Kickflip\" \/><\/noscript>\r\n\t\t\t\t\t<\/a>\t\t\t\t\r\n\t\t\t\t<\/div>\r\n\t\t\t\r\n\t\t\t\t<!-- .jeden zweiten Text in diese DIV-Klasse -->\r\n\t\t\t\t<div class=\"small-12 medium-7 medium-pull-5 columns\">\r\n\t\t\t\t<p>\r\n\t\t\t\t<span class=\"h4\">2.<\/span>\r\n\t\t\t\t Nun dr\u00fcckst du dein Tail so stark du kannst mit deinem hinteren Fu\u00df nach unten und schiebst dich und dein Board ganz leicht in eine Frontside 180 Grad Drehung an. Gleichzeitig knickst du deinen vorderen Fu\u00df ab und ziehst ihn schr\u00e4g in Richtung deiner Nose. Sollte sich der Kickflip nicht stark genug drehen, so solltest du dem Ziehen ein kleines gegen das Board Dr\u00fccken zuf\u00fcgen. Hast du hingegen Probleme mit der 180 Grad Drehung des Boards und deines K\u00f6rpers, so solltest du versuchen deinem Board, w\u00e4hrend das Tail gegen die Rampe schnalzt, etwas mehr Spin mitzugeben.\r\n\t\t\t\t<\/p>\r\n\t\t\t\t<\/div>\r\n\t\t\t\t\t\t\r\n\t\t\t<\/div>\r\n\t\t\t\r\n\t\t\t<div class=\"medium-12 columns margin-bottom\">\r\n\t\t\t\t\r\n\t\t\t\t<div class=\"small-12 medium-5 columns\">\r\n\t\t\t\t\t<a title=\"Klicke zum Vergr\u00f6\u00dfern\" href=\"\/images\/content\/basicguide\/frontside_flip04.jpg\" rel=\"lightbox[gallery-1] lightbox-2\">\r\n\t\t\t\t\t\t<img decoding=\"async\" src=\"data:image\/gif;base64,R0lGODlhAQABAIAAAAAAAP\/\/\/yH5BAEAAAAALAAAAAABAAEAAAIBRAA7\" data-src=\"\/blog\/wp-content\/uploads\/2018\/07\/skateboard-trick-tip-fs-flip-thumb-3.jpg\" alt=\"Skateboard Trick FS 180 Kickflip\" \/><noscript><img decoding=\"async\" src=\"\/blog\/wp-content\/uploads\/2018\/07\/skateboard-trick-tip-fs-flip-thumb-3.jpg\" alt=\"Skateboard Trick FS 180 Kickflip\" \/><\/noscript>\r\n\t\t\t\t\t<\/a>\t\t\r\n\t\t\t\t<\/div>\r\n\t\t\t\t\r\n\t\t\t\t<div class=\"small-12 medium-7 columns\">\r\n\t\t\t\t<p>\r\n\t\t\t\t<span class=\"h4\">3.<\/span>\r\n\t\t\t\t Verst\u00e4rken kannst du die Intensit\u00e4t der Drehung durch den Ruck, welchen deine vordere Schulter in Drehrichtung vorgibt. Das individuell richtige Ma\u00df an Kraft wirst du mit der Zeit selbst herausfinden. Hat alles gut geklappt, so fliegst du nun in einer Frontside 180 Grad Drehung \u00fcber deinem Board, w\u00e4hrend dieses zus\u00e4tzlich einen Kickflip macht. Schau dir das Ganze in Ruhe von oben an und freu dich \u00fcber den Flug.\r\n\t\t\t\t<\/p>\r\n\t\t\t\t<\/div>\r\n\t\t\t<\/div>\r\n\t\t\t\r\n\t\t\t<div class=\"medium-12 columns margin-bottom\">\r\n\t\t\t\r\n\t\t\t\t<div class=\"small-12 medium-5 medium-push-7 columns\">\r\n\t\t\t\t\t<a title=\"Klicke zum Vergr\u00f6\u00dfern\" href=\"\/images\/content\/basicguide\/frontside_flip06jpg\" rel=\"lightbox[gallery-1] lightbox-3\">\r\n\t\t\t\t\t\t<img decoding=\"async\" src=\"data:image\/gif;base64,R0lGODlhAQABAIAAAAAAAP\/\/\/yH5BAEAAAAALAAAAAABAAEAAAIBRAA7\" data-src=\"\/blog\/wp-content\/uploads\/2018\/07\/skateboard-trick-tip-fs-flip-thumb-4.jpg\" alt=\"Skateboard Trick FS 180 Kickflip\" \/><noscript><img decoding=\"async\" src=\"\/blog\/wp-content\/uploads\/2018\/07\/skateboard-trick-tip-fs-flip-thumb-4.jpg\" alt=\"Skateboard Trick FS 180 Kickflip\" \/><\/noscript>\r\n\t\t\t\t\t<\/a>\t\t\t\t\t\r\n\t\t\t\t<\/div>\r\n\t\t\t\r\n\t\t\t\t<div class=\"small-12 medium-7 medium-pull-5 columns\">\r\n\t\t\t\t<p>\r\n\t\t\t\t<span class=\"h4\">4.<\/span>\r\n\t\t\t\tDa die Gravitation auch bei Frontside 180 Kickflips in der Transition wirkt, wird es nun Zeit sich mit dem Catch und der Landung zu befassen. Dazu wartest du zun\u00e4chst ab, bis dein Board die Kickflipdrehung vollzogen hat. Nun solltest du versuchen dein Board mit beiden F\u00fc\u00dfen \u00fcber den Achsen einzufangen. Viele Skater catchen dabei zuerst mit dem hinteren Fu\u00df und setzen danach den vorderen Fu\u00df dazu.\r\n\t\t\t\t<\/p>\r\n\t\t\t\t<\/div>\r\n\t\t\t\r\n\t\t\t<\/div>\r\n\t\t\t\r\n\t\t\t<div class=\"medium-12 columns margin-bottom\">\r\n\t\t\t\r\n\t\t\t\t<div class=\"medium-5 columns\">\r\n\t\t\t\t\t<a title=\"Klicke zum Vergr\u00f6\u00dfern\" href=\"\/images\/content\/basicguide\/frontside_flip07.jpg\" rel=\"lightbox[gallery-1] lightbox-4\">\r\n\t\t\t\t\t\t<img decoding=\"async\" src=\"data:image\/gif;base64,R0lGODlhAQABAIAAAAAAAP\/\/\/yH5BAEAAAAALAAAAAABAAEAAAIBRAA7\" data-src=\"\/blog\/wp-content\/uploads\/2018\/07\/skateboard-trick-tip-fs-flip-thumb-5.jpg\" alt=\"Skateboard Trick FS 180 Kickflip\" \/><noscript><img decoding=\"async\" src=\"\/blog\/wp-content\/uploads\/2018\/07\/skateboard-trick-tip-fs-flip-thumb-5.jpg\" alt=\"Skateboard Trick FS 180 Kickflip\" \/><\/noscript>\r\n\t\t\t\t\t<\/a>\t\t\t\t\t\t\t\r\n\t\t\t\t<\/div>\r\n\t\t\t\t\r\n\t\t\t\t<div class=\"medium-7 columns\">\r\n\t\t\t\t<p>\r\n\t\t\t\t<span class=\"h4\">5.<\/span>\r\n\t\t\t\tDas ist kein Muss, sondern entsteht eher intuitiv. Hast du das Board mit beiden F\u00fc\u00dfen gefangen, so solltest du nun den Kontakt dazu nicht mehr verlieren und es, \u00e4hnlich wie beim Frontside 180 Ollie, zur\u00fcck in die Rampe f\u00fchren. Je besser der Kontakt zwischen Board und F\u00fc\u00dfen, desto genauer und sicherer kannst du den Flug kontrollieren. \r\n\t\t\t\tUm die Landung des Tricks sicher zu schaffen solltest du den \u00fcbrig gebliebenen Schwung der Drehung durch deinen Oberk\u00f6rper abfangen und in die Transition legen. Dadurch verlierst du nicht so viel Geschwindigkeit und kommst nicht in die Gefahr nach vorne \u00fcber dein Board zu fallen.\r\n\t\t\t\t<\/p>\r\n\t\t\t\t<\/div>\r\n\t\t\t<\/div>\r\n\t\t\t\r\n\t\t\t<div class=\"medium-12 columns margin-bottom\">\r\n\t\t\t\r\n\t\t\t\t<div class=\"small-12 medium-5 medium-push-7 columns\">\r\n\t\t\t\t\t<a title=\"Klicke zum Vergr\u00f6\u00dfern\" href=\"\/images\/content\/basicguide\/frontside_flip09.jpg\" rel=\"lightbox[gallery-1] lightbox-5\">\r\n\t\t\t\t\t\t<img decoding=\"async\" src=\"data:image\/gif;base64,R0lGODlhAQABAIAAAAAAAP\/\/\/yH5BAEAAAAALAAAAAABAAEAAAIBRAA7\" data-src=\"\/blog\/wp-content\/uploads\/2018\/07\/skateboard-trick-tip-fs-flip-thumb-6.jpg\" alt=\"Skateboard Trick FS 180 Kickflip\" \/><noscript><img decoding=\"async\" src=\"\/blog\/wp-content\/uploads\/2018\/07\/skateboard-trick-tip-fs-flip-thumb-6.jpg\" alt=\"Skateboard Trick FS 180 Kickflip\" \/><\/noscript>\r\n\t\t\t\t\t<\/a>\t\t\t\t\t\r\n\t\t\t\t<\/div>\r\n\t\t\t\r\n\t\t\t\t<div class=\"small-12 medium-7 medium-pull-5 columns\">\r\n\t\t\t\t<p>\r\n\t\t\t\t<span class=\"h4\">6.<\/span>\r\n\t\t\t\tEbenfalls ist es wichtig leicht in die Hocke zu gehen um die Kraft der H\u00f6he des Flugs abzufedern. Am besten \u00fcbst du zum Aufw\u00e4rmen ein paar Frontside 180 Ollies, wodurch du die Ausfahrt der beiden sehr \u00e4hnlichen Tricks ordentlich einstudieren kannst.\r\n\t\t\t\t<\/p>\r\n\t\t\t\t<\/div>\r\n\t\t\t\r\n\t\t\t<\/div>\r\n\t\t\t\r\n\t\t<\/div>\r\n\t<\/div>\r\n\r\n\t<!-- .Ende der Step By Step Anleitung -->\r\n\r\n\t<div class=\"post clearfix padding-bottom\">\r\n\t\t<div id=\"decks-allgemeines\" class=\"hide-for-small large-2 columns\">\r\n\t\t\t<div class=\"date-day\">Mehr Tricks<\/div>\r\n\t\t\t<div class=\"date-month\">?<\/div>\r\n\t\t<\/div>\r\n\r\n\t\t<div class=\"large-10 columns\">\r\n\t\t\r\n\t\t\t<h3 class=\"margin-top margin-bottom\" align=\"center\">Welcher Trick als n\u00e4chstes?<\/h2>\r\n\t\t\t\r\n\t\t\t<p>\r\n\t\t\tDer FS 180 Kickflip sitzt bereits? \r\n\t\t\tDann schau dir die weiteren Trick Tipps f\u00fcr das Flat an. Falls du nicht nur Lust auf Flat hast, haben wir auch Tricks Tipps f\u00fcr die Curb und Trick Tipps f\u00fcr Transition f\u00fcr dich am Start.\r\n\t\t\t<\/p>\r\n\t\t\t\r\n\t\t\t<div class=\"medium-12 small-12 columns\">\r\n\t<a title=\"zu den Skateboard Trick Tipps Curb &#038; Rail\" href=\"\/blog\/de\/trick-tipps\/skateboard\/curb-rail\/\" class=\"button-auto\">Skateboard Trick Tipps | Curb &#038; Rail<\/a>\r\n\t\t\t\t<br><br>\r\n\t\t\t\t\r\n\t\t\t\t<div class=\"medium-6 small-12 columns\">\r\n\t\t\t\t\t<a title=\"zu den Skateboard Trick Tipps Flat\" href=\"\/blog\/de\/trick-tipps\/skateboard\/flat\/\" class=\"button-auto\">Skateboard Trick Tipps | Flat<\/a>\r\n\t\t\t\t<br><br>\r\n\t\t\t\t<\/div>\r\n\t\t\t\t\r\n\t\t\t\t<div class=\"medium-6 small-12 columns\">\r\n\t\t\t\t<a title=\"zu den Skateboard Trick Tipps Transition\" href=\"\/blog\/de\/trick-tipps\/skateboard\/transition\/\" class=\"button-auto\">Skateboard Trick Tipps | Transition<\/a>\r\n\t\t\t\t<br><br>\r\n\t\t\t\t<\/div>\r\n\t\t\t\t\r\n\t\t\t<\/div>\r\n\t\t\t\r\n\t\t\t\r\n\t\t<\/div>\r\n\t<\/div><div class=\"ShariffSC\" style=\"shariff-shop\"><div class=\"shariff\" data-url=\"https:\/\/skatedeluxe.com\/blog\/de\/trick-tipps\/skateboard\/transition\/how-to-fs-180-kickflip\/\" data-title=\"FS 180 Kickflip &#8211; Skateboard Trick Tipp\" data-services='[\"facebooklike\", \"facebook\"]' data-backend-url='\/shariff\/'><\/div><\/div>","protected":false},"excerpt":{"rendered":"<p>Trick Tipp FS 180 Kickflip Um den Frontside 180 Kickflip in der Transition zu lernen, ist es wichtig, dass du bereits einige leichtere Tricks in der Rampe kannst und dir das Landen in Transitions keine Probleme bereitet. Zu den wichtigsten Voraussetzungen f\u00fcr den Frontside 180 Kickflip z\u00e4hlen ganz besonders der Frontside 180 Ollie und der <a class=\"read-more\" href=\"https:\/\/skatedeluxe.com\/blog\/de\/trick-tipps\/skateboard\/transition\/how-to-fs-180-kickflip\/\">[&#8230;]<\/a><\/p>\n","protected":false},"author":24,"featured_media":27712,"parent":21469,"menu_order":15,"comment_status":"open","ping_status":"closed","template":"page-templates\/teasing-page.php","meta":{"footnotes":""},"class_list":["post-21583","page","type-page","status-publish","has-post-thumbnail","hentry"],"aioseo_notices":[],"amp_enabled":false,"_links":{"self":[{"href":"https:\/\/skatedeluxe.com\/blog\/de\/wp-json\/wp\/v2\/pages\/21583","targetHints":{"allow":["GET"]}}],"collection":[{"href":"https:\/\/skatedeluxe.com\/blog\/de\/wp-json\/wp\/v2\/pages"}],"about":[{"href":"https:\/\/skatedeluxe.com\/blog\/de\/wp-json\/wp\/v2\/types\/page"}],"author":[{"embeddable":true,"href":"https:\/\/skatedeluxe.com\/blog\/de\/wp-json\/wp\/v2\/users\/24"}],"replies":[{"embeddable":true,"href":"https:\/\/skatedeluxe.com\/blog\/de\/wp-json\/wp\/v2\/comments?post=21583"}],"version-history":[{"count":10,"href":"https:\/\/skatedeluxe.com\/blog\/de\/wp-json\/wp\/v2\/pages\/21583\/revisions"}],"predecessor-version":[{"id":145674,"href":"https:\/\/skatedeluxe.com\/blog\/de\/wp-json\/wp\/v2\/pages\/21583\/revisions\/145674"}],"up":[{"embeddable":true,"href":"https:\/\/skatedeluxe.com\/blog\/de\/wp-json\/wp\/v2\/pages\/21469"}],"wp:featuredmedia":[{"embeddable":true,"href":"https:\/\/skatedeluxe.com\/blog\/de\/wp-json\/wp\/v2\/media\/27712"}],"wp:attachment":[{"href":"https:\/\/skatedeluxe.com\/blog\/de\/wp-json\/wp\/v2\/media?parent=21583"}],"curies":[{"name":"wp","href":"https:\/\/api.w.org\/{rel}","templated":true}]}}