{"id":21568,"date":"2013-06-05T15:57:48","date_gmt":"2013-06-05T13:57:48","guid":{"rendered":"http:\/\/www.skatedeluxe.de\/blog\/?page_id=21568"},"modified":"2018-05-09T13:42:17","modified_gmt":"2018-05-09T11:42:17","slug":"how-to-blunt-to-fakie","status":"publish","type":"page","link":"https:\/\/skatedeluxe.com\/blog\/de\/trick-tipps\/skateboard\/transition\/how-to-blunt-to-fakie\/","title":{"rendered":"Blunt To Fakie &#8211; Skateboard Trick Tipp"},"content":{"rendered":"<div class=\"post clearfix padding-bottom\">\r\n\t<div id=\"decks-allgemeines\" class=\"hide-for-small large-2 columns\">\r\n\t\t<div class=\"date-day\">Trick Tipp<\/div>\r\n\t\t<div class=\"date-month\">Blunt to Fakie<\/div>\r\n\t<\/div>\r\n\r\n\t<div class=\"large-10 columns\">\r\n\t\r\n\t\t<p>\r\n\t\tEin Blunt to Fakie z\u00e4hlt bereits zu den Tricks f\u00fcr Fortgeschrittene und ist dem Pivot to Fakie sehr \u00e4hnlich.<\/p> <p>Wenn du den Pivot to Fakie bereits kannst, den Ollie beherrschst und etwas Mut mitbringst, dann sollte dir der Blunt to Fakie nicht besonders schwer fallen. Ebenfalls kann es f\u00fcr den Blunt to Fakie nicht schaden, schon mal einen Bluntslide oder zumindest einen Bluntstall am Curb oder Flatrail gemacht zu haben.<\/p> <p>Wenn du diesen Lip Trick aber einmal kannst, wirst du \u00fcberall, wo es eine Transition gibt, frenetischen Jubel abstauben!   \r\n\t\t<\/p>\r\n\t\r\n\t\t<p>\r\n\t\tHier erf\u00e4hrst du, wie der Blunt to Fakie funktioniert.\r\n\t\t<\/p>\r\n\t\t\r\n\t<\/div>\r\n<\/div>\r\n\r\n<!-- .Ende des Einleitungsbereichs -->\r\n\r\n<div class=\"post clearfix padding-bottom\">\r\n\t<div id=\"decks-allgemeines\" class=\"hide-for-small large-2 columns\">\r\n\t\t<div class=\"date-day\">Blunt to Fakie<\/div>\r\n\t\t<div class=\"date-month\">Video<\/div>\r\n\t<\/div>\r\n \r\n\t<div class=\"large-10 columns\">\r\n\t\r\n\t\t<h2 class=\"margin-top margin-bottom\" align=\"center\">Trick Tipp Video: Blunt to Fakie<\/h2>\r\n\t\t\r\n\t\t<div class=\"medium-12 small-12 columns\">\r\n\t\t<div class=\"medium-10 columns medium-centered medium-offset-1 columns margin-bottom\">\r\n\r\n\t\t<div class=\"flex-video\">\r\n\t\t\t<iframe width=\"1280\" height=\"720\" data-src=\"https:\/\/www.youtube-nocookie.com\/embed\/aAi4SyhptTU?showinfo=0\" frameborder=\"0\" allowfullscreen allow=\"autoplay; encrypted-media\"><\/iframe><noscript><iframe loading=\"lazy\" width=\"1280\" height=\"720\" src=\"https:\/\/www.youtube-nocookie.com\/embed\/aAi4SyhptTU?showinfo=0\" frameborder=\"0\" allowfullscreen allow=\"autoplay; encrypted-media\"><\/iframe><\/noscript>\r\n\t\t<\/div>\r\n\t\t\t<div class=\"ShariffSC\" style=\"shariff-shop\"><div class=\"shariff\" data-url=\"https:\/\/skatedeluxe.com\/blog\/de\/trick-tipps\/skateboard\/transition\/how-to-blunt-to-fakie\/\" data-title=\"Blunt To Fakie &#8211; Skateboard Trick Tipp\" data-services='[\"facebooklike\", \"facebook\"]' data-backend-url='\/shariff\/'><\/div><\/div> <!-- .Social Leiste unterhalb des Videos -->\r\n\t\t<\/div>\r\n\t\t<\/div>\r\n\t\t\r\n\t<\/div>\r\n<\/div>\r\n\r\n<!-- .Ende des Videobereichs -->\r\n\r\n<div class=\"post clearfix padding-bottom\">\r\n\t<div id=\"decks-allgemeines\" class=\"hide-for-small large-2 columns\">\r\n\t\t<div class=\"date-day\">Blunt to Fakie<\/div>\r\n\t\t<div class=\"date-month\">Sequenz<\/div>\r\n\t<\/div>\r\n\r\n\t<div class=\"large-10 columns\">\r\n\t\r\n\t\t<h2 class=\"margin-top margin-bottom\" align=\"center\">Trick Tipp Sequenz: Blunt to Fakie<\/h2>\r\n\t\t\r\n\t\t<div class=\"medium-12 small-12 columns\">\r\n\t\t<div class=\"medium-10 columns medium-centered medium-offset-1 columns margin-bottom\">\r\n\t\t<div id=\"metaslider-id-121889\" style=\"max-width: 999px; margin: 0 auto;\" class=\"ml-slider-3-98-0 ml-slider-pro-2-6-6 metaslider metaslider-nivo metaslider-121889 ml-slider ms-theme-_theme_1463567531\" role=\"region\" aria-roledescription=\"Slideshow\" aria-label=\"Blunt To Fakie - Trick Tip\" data-width=\"999\">\n    <div id=\"metaslider_container_121889\">\n        <div class='slider-wrapper theme-default'><div class='ribbon'><\/div><div id='metaslider_121889' class='nivoSlider'><img loading=\"lazy\" decoding=\"async\" width=\"999\" height=\"666\" src=\"\/blog\/wp-content\/uploads\/2016\/09\/trick-tip-blunt-to-fakie-1.jpg\" class=\"slider-121889 slide-121821\" alt=\"Skateboard Trick Blunt To Fakie\" data-caption=\"\" data-thumb=\"\" title=\"Skateboard Trick Blunt To Fakie\" rel=\"\" srcset=\"\/blog\/wp-content\/uploads\/2016\/09\/trick-tip-blunt-to-fakie-1.jpg 999w, \/blog\/wp-content\/uploads\/2016\/09\/trick-tip-blunt-to-fakie-1-600x400.jpg 600w, \/blog\/wp-content\/uploads\/2016\/09\/trick-tip-blunt-to-fakie-1-768x512.jpg 768w\" sizes=\"auto, (max-width: 999px) 100vw, 999px\" \/><img loading=\"lazy\" decoding=\"async\" width=\"999\" height=\"666\" src=\"\/blog\/wp-content\/uploads\/2016\/09\/trick-tip-blunt-to-fakie-2.jpg\" class=\"slider-121889 slide-121825\" alt=\"Skateboard Trick Blunt To Fakie\" data-caption=\"\" data-thumb=\"\" title=\"Skateboard Trick Blunt To Fakie\" rel=\"\" srcset=\"\/blog\/wp-content\/uploads\/2016\/09\/trick-tip-blunt-to-fakie-2.jpg 999w, \/blog\/wp-content\/uploads\/2016\/09\/trick-tip-blunt-to-fakie-2-600x400.jpg 600w, \/blog\/wp-content\/uploads\/2016\/09\/trick-tip-blunt-to-fakie-2-768x512.jpg 768w\" sizes=\"auto, (max-width: 999px) 100vw, 999px\" \/><img loading=\"lazy\" decoding=\"async\" width=\"999\" height=\"666\" src=\"\/blog\/wp-content\/uploads\/2016\/09\/trick-tip-blunt-to-fakie-3.jpg\" class=\"slider-121889 slide-121829\" alt=\"Skateboard Trick Blunt To Fakie\" data-caption=\"\" data-thumb=\"\" title=\"Skateboard Trick Blunt To Fakie\" rel=\"\" srcset=\"\/blog\/wp-content\/uploads\/2016\/09\/trick-tip-blunt-to-fakie-3.jpg 999w, \/blog\/wp-content\/uploads\/2016\/09\/trick-tip-blunt-to-fakie-3-600x400.jpg 600w, \/blog\/wp-content\/uploads\/2016\/09\/trick-tip-blunt-to-fakie-3-768x512.jpg 768w\" sizes=\"auto, (max-width: 999px) 100vw, 999px\" \/><img loading=\"lazy\" decoding=\"async\" width=\"999\" height=\"666\" src=\"\/blog\/wp-content\/uploads\/2016\/09\/trick-tip-blunt-to-fakie-4.jpg\" class=\"slider-121889 slide-121833\" alt=\"Skateboard Trick Blunt To Fakie\" data-caption=\"\" data-thumb=\"\" title=\"Skateboard Trick Blunt To Fakie\" rel=\"\" srcset=\"\/blog\/wp-content\/uploads\/2016\/09\/trick-tip-blunt-to-fakie-4.jpg 999w, \/blog\/wp-content\/uploads\/2016\/09\/trick-tip-blunt-to-fakie-4-600x400.jpg 600w, \/blog\/wp-content\/uploads\/2016\/09\/trick-tip-blunt-to-fakie-4-768x512.jpg 768w\" sizes=\"auto, (max-width: 999px) 100vw, 999px\" \/><img loading=\"lazy\" decoding=\"async\" width=\"999\" height=\"666\" src=\"\/blog\/wp-content\/uploads\/2016\/09\/trick-tip-blunt-to-fakie-5.jpg\" class=\"slider-121889 slide-121837\" alt=\"Skateboard Trick Blunt To Fakie\" data-caption=\"\" data-thumb=\"\" title=\"Skateboard Trick Blunt To Fakie\" rel=\"\" srcset=\"\/blog\/wp-content\/uploads\/2016\/09\/trick-tip-blunt-to-fakie-5.jpg 999w, \/blog\/wp-content\/uploads\/2016\/09\/trick-tip-blunt-to-fakie-5-600x400.jpg 600w, \/blog\/wp-content\/uploads\/2016\/09\/trick-tip-blunt-to-fakie-5-768x512.jpg 768w\" sizes=\"auto, (max-width: 999px) 100vw, 999px\" \/><img loading=\"lazy\" decoding=\"async\" width=\"999\" height=\"666\" src=\"\/blog\/wp-content\/uploads\/2016\/09\/trick-tip-blunt-to-fakie-6.jpg\" class=\"slider-121889 slide-121841\" alt=\"Skateboard Trick Blunt To Fakie\" data-caption=\"\" data-thumb=\"\" title=\"Skateboard Trick Blunt To Fakie\" rel=\"\" srcset=\"\/blog\/wp-content\/uploads\/2016\/09\/trick-tip-blunt-to-fakie-6.jpg 999w, \/blog\/wp-content\/uploads\/2016\/09\/trick-tip-blunt-to-fakie-6-600x400.jpg 600w, \/blog\/wp-content\/uploads\/2016\/09\/trick-tip-blunt-to-fakie-6-768x512.jpg 768w\" sizes=\"auto, (max-width: 999px) 100vw, 999px\" \/><img loading=\"lazy\" decoding=\"async\" width=\"999\" height=\"666\" src=\"\/blog\/wp-content\/uploads\/2016\/09\/trick-tip-blunt-to-fakie-7.jpg\" class=\"slider-121889 slide-121845\" alt=\"Skateboard Trick Blunt To Fakie\" data-caption=\"\" data-thumb=\"\" title=\"Skateboard Trick Blunt To Fakie\" rel=\"\" srcset=\"\/blog\/wp-content\/uploads\/2016\/09\/trick-tip-blunt-to-fakie-7.jpg 999w, \/blog\/wp-content\/uploads\/2016\/09\/trick-tip-blunt-to-fakie-7-600x400.jpg 600w, \/blog\/wp-content\/uploads\/2016\/09\/trick-tip-blunt-to-fakie-7-768x512.jpg 768w\" sizes=\"auto, (max-width: 999px) 100vw, 999px\" \/><img loading=\"lazy\" decoding=\"async\" width=\"999\" height=\"666\" src=\"\/blog\/wp-content\/uploads\/2016\/09\/trick-tip-blunt-to-fakie-8.jpg\" class=\"slider-121889 slide-121849\" alt=\"Skateboard Trick Blunt To Fakie\" data-caption=\"\" data-thumb=\"\" title=\"Skateboard Trick Blunt To Fakie\" rel=\"\" srcset=\"\/blog\/wp-content\/uploads\/2016\/09\/trick-tip-blunt-to-fakie-8.jpg 999w, \/blog\/wp-content\/uploads\/2016\/09\/trick-tip-blunt-to-fakie-8-600x400.jpg 600w, \/blog\/wp-content\/uploads\/2016\/09\/trick-tip-blunt-to-fakie-8-768x512.jpg 768w\" sizes=\"auto, (max-width: 999px) 100vw, 999px\" \/><img loading=\"lazy\" decoding=\"async\" width=\"999\" height=\"666\" src=\"\/blog\/wp-content\/uploads\/2016\/09\/trick-tip-blunt-to-fakie-9.jpg\" class=\"slider-121889 slide-121853\" alt=\"Skateboard Trick Blunt To Fakie\" data-caption=\"\" data-thumb=\"\" title=\"Skateboard Trick Blunt To Fakie\" rel=\"\" srcset=\"\/blog\/wp-content\/uploads\/2016\/09\/trick-tip-blunt-to-fakie-9.jpg 999w, \/blog\/wp-content\/uploads\/2016\/09\/trick-tip-blunt-to-fakie-9-600x400.jpg 600w, \/blog\/wp-content\/uploads\/2016\/09\/trick-tip-blunt-to-fakie-9-768x512.jpg 768w\" sizes=\"auto, (max-width: 999px) 100vw, 999px\" \/><img loading=\"lazy\" decoding=\"async\" width=\"999\" height=\"666\" src=\"\/blog\/wp-content\/uploads\/2016\/09\/trick-tip-blunt-to-fakie-10.jpg\" class=\"slider-121889 slide-121857\" alt=\"Skateboard Trick Blunt To Fakie\" data-caption=\"\" data-thumb=\"\" title=\"Skateboard Trick Blunt To Fakie\" rel=\"\" srcset=\"\/blog\/wp-content\/uploads\/2016\/09\/trick-tip-blunt-to-fakie-10.jpg 999w, \/blog\/wp-content\/uploads\/2016\/09\/trick-tip-blunt-to-fakie-10-600x400.jpg 600w, \/blog\/wp-content\/uploads\/2016\/09\/trick-tip-blunt-to-fakie-10-768x512.jpg 768w\" sizes=\"auto, (max-width: 999px) 100vw, 999px\" \/><img loading=\"lazy\" decoding=\"async\" width=\"999\" height=\"666\" src=\"\/blog\/wp-content\/uploads\/2016\/09\/trick-tip-blunt-to-fakie-11.jpg\" class=\"slider-121889 slide-121861\" alt=\"Skateboard Trick Blunt To Fakie\" data-caption=\"\" data-thumb=\"\" title=\"Skateboard Trick Blunt To Fakie\" rel=\"\" srcset=\"\/blog\/wp-content\/uploads\/2016\/09\/trick-tip-blunt-to-fakie-11.jpg 999w, \/blog\/wp-content\/uploads\/2016\/09\/trick-tip-blunt-to-fakie-11-600x400.jpg 600w, \/blog\/wp-content\/uploads\/2016\/09\/trick-tip-blunt-to-fakie-11-768x512.jpg 768w\" sizes=\"auto, (max-width: 999px) 100vw, 999px\" \/><img loading=\"lazy\" decoding=\"async\" width=\"999\" height=\"666\" src=\"\/blog\/wp-content\/uploads\/2016\/09\/trick-tip-blunt-to-fakie-12.jpg\" class=\"slider-121889 slide-121865\" alt=\"Skateboard Trick Blunt To Fakie\" data-caption=\"\" data-thumb=\"\" title=\"Skateboard Trick Blunt To Fakie\" rel=\"\" srcset=\"\/blog\/wp-content\/uploads\/2016\/09\/trick-tip-blunt-to-fakie-12.jpg 999w, \/blog\/wp-content\/uploads\/2016\/09\/trick-tip-blunt-to-fakie-12-600x400.jpg 600w, \/blog\/wp-content\/uploads\/2016\/09\/trick-tip-blunt-to-fakie-12-768x512.jpg 768w\" sizes=\"auto, (max-width: 999px) 100vw, 999px\" \/><img loading=\"lazy\" decoding=\"async\" width=\"999\" height=\"666\" src=\"\/blog\/wp-content\/uploads\/2016\/09\/trick-tip-blunt-to-fakie-13.jpg\" class=\"slider-121889 slide-121869\" alt=\"Skateboard Trick Blunt To Fakie\" data-caption=\"\" data-thumb=\"\" title=\"Skateboard Trick Blunt To Fakie\" rel=\"\" srcset=\"\/blog\/wp-content\/uploads\/2016\/09\/trick-tip-blunt-to-fakie-13.jpg 999w, \/blog\/wp-content\/uploads\/2016\/09\/trick-tip-blunt-to-fakie-13-600x400.jpg 600w, \/blog\/wp-content\/uploads\/2016\/09\/trick-tip-blunt-to-fakie-13-768x512.jpg 768w\" sizes=\"auto, (max-width: 999px) 100vw, 999px\" \/><img loading=\"lazy\" decoding=\"async\" width=\"999\" height=\"666\" src=\"\/blog\/wp-content\/uploads\/2016\/09\/trick-tip-blunt-to-fakie-14.jpg\" class=\"slider-121889 slide-121873\" alt=\"Skateboard Trick Blunt To Fakie\" data-caption=\"\" data-thumb=\"\" title=\"Skateboard Trick Blunt To Fakie\" rel=\"\" srcset=\"\/blog\/wp-content\/uploads\/2016\/09\/trick-tip-blunt-to-fakie-14.jpg 999w, \/blog\/wp-content\/uploads\/2016\/09\/trick-tip-blunt-to-fakie-14-600x400.jpg 600w, \/blog\/wp-content\/uploads\/2016\/09\/trick-tip-blunt-to-fakie-14-768x512.jpg 768w\" sizes=\"auto, (max-width: 999px) 100vw, 999px\" \/><img loading=\"lazy\" decoding=\"async\" width=\"999\" height=\"666\" src=\"\/blog\/wp-content\/uploads\/2016\/09\/trick-tip-blunt-to-fakie-15.jpg\" class=\"slider-121889 slide-121877\" alt=\"Skateboard Trick Blunt To Fakie\" data-caption=\"\" data-thumb=\"\" title=\"Skateboard Trick Blunt To Fakie\" rel=\"\" srcset=\"\/blog\/wp-content\/uploads\/2016\/09\/trick-tip-blunt-to-fakie-15.jpg 999w, \/blog\/wp-content\/uploads\/2016\/09\/trick-tip-blunt-to-fakie-15-600x400.jpg 600w, \/blog\/wp-content\/uploads\/2016\/09\/trick-tip-blunt-to-fakie-15-768x512.jpg 768w\" sizes=\"auto, (max-width: 999px) 100vw, 999px\" \/><img loading=\"lazy\" decoding=\"async\" width=\"999\" height=\"666\" src=\"\/blog\/wp-content\/uploads\/2016\/09\/trick-tip-blunt-to-fakie-16.jpg\" class=\"slider-121889 slide-121881\" alt=\"Skateboard Trick Blunt To Fakie\" data-caption=\"\" data-thumb=\"\" title=\"Skateboard Trick Blunt To Fakie\" rel=\"\" srcset=\"\/blog\/wp-content\/uploads\/2016\/09\/trick-tip-blunt-to-fakie-16.jpg 999w, \/blog\/wp-content\/uploads\/2016\/09\/trick-tip-blunt-to-fakie-16-600x400.jpg 600w, \/blog\/wp-content\/uploads\/2016\/09\/trick-tip-blunt-to-fakie-16-768x512.jpg 768w\" sizes=\"auto, (max-width: 999px) 100vw, 999px\" \/><img loading=\"lazy\" decoding=\"async\" width=\"999\" height=\"666\" src=\"\/blog\/wp-content\/uploads\/2016\/09\/trick-tip-blunt-to-fakie-17.jpg\" class=\"slider-121889 slide-121885\" alt=\"Skateboard Trick Blunt To Fakie\" data-caption=\"\" data-thumb=\"\" title=\"Skateboard Trick Blunt To Fakie\" rel=\"\" srcset=\"\/blog\/wp-content\/uploads\/2016\/09\/trick-tip-blunt-to-fakie-17.jpg 999w, \/blog\/wp-content\/uploads\/2016\/09\/trick-tip-blunt-to-fakie-17-600x400.jpg 600w, \/blog\/wp-content\/uploads\/2016\/09\/trick-tip-blunt-to-fakie-17-768x512.jpg 768w\" sizes=\"auto, (max-width: 999px) 100vw, 999px\" \/><\/div><\/div>\n        \n    <\/div>\n<\/div>\r\n\t\t<\/div>\r\n\t\t<\/div>\r\n\t\t\r\n\t<\/div>\r\n<\/div>\r\n\r\n<!-- .Ende der Sequenz -->\r\n\r\n<div class=\"post clearfix padding-bottom\">\r\n\t<div id=\"decks-allgemeines\" class=\"hide-for-small large-2 columns\">\r\n\t\t<div class=\"date-day\">Blunt to Fakie<\/div>\r\n\t\t<div class=\"date-month\">Step By Step<\/div>\r\n\t<\/div>\r\n\r\n\t<div class=\"large-10 columns\">\r\n\t\r\n\t\t<h2 class=\"margin-top margin-bottom\" align=\"center\">Trick Tipp Step By Step: Blunt to Fakie<\/h2>\r\n\t\t\r\n\t\t<p align=\"center\"><small>Klicke auf die Bilder zum Vergr\u00f6\u00dfern<\/small>\r\n\t\t\r\n\t\t<div class=\"medium-12 columns margin-bottom\">\r\n\t\t\t\r\n\t\t\t<div class=\"small-12 medium-5 columns\">\r\n\t\t\t\t<a title=\"Klicke zum Vergr\u00f6\u00dfern\" href=\"\/blog\/wp-content\/uploads\/2016\/09\/skateboard-trick-tip-blunt-to-fakie-1.jpg\" rel=\"lightbox[gallery-1] lightbox-0\">\r\n\t\t\t\t\t<img decoding=\"async\" src=\"data:image\/gif;base64,R0lGODlhAQABAIAAAAAAAP\/\/\/yH5BAEAAAAALAAAAAABAAEAAAIBRAA7\" data-src=\"\/blog\/wp-content\/uploads\/2016\/09\/skateboard-trick-tip-blunt-to-fakie-1-thumb.jpg\" alt=\"Skateboard Trick Blunt to Fakie\" \/><noscript><img decoding=\"async\" src=\"\/blog\/wp-content\/uploads\/2016\/09\/skateboard-trick-tip-blunt-to-fakie-1-thumb.jpg\" alt=\"Skateboard Trick Blunt to Fakie\" \/><\/noscript>\r\n\t\t\t\t<\/a>\t\t\t\r\n\t\t\t<\/div>\r\n\t\t\t\r\n\t\t\t<div class=\"small-12 medium-7 columns\">\r\n\t\t\t<p>\r\n\t\t\t<span class=\"h4\">1.<\/span>\r\n\t\t\tFahre mit gen\u00fcgend Schwung gerade auf die Quarter und positioniere deine F\u00fc\u00dfe wie bei einem Ollie.\r\n\t\t\t<\/p>\r\n\t\t\t<\/div>\r\n\t\t<\/div>\r\n\r\n\t\t\r\n\t\t<div class=\"medium-12 columns margin-bottom\">\r\n\t\t\r\n\t\t\t<!-- .jedes zweite Bild in diese DIV-Klasse -->\r\n\t\t\t<div class=\"small-12 medium-5 medium-push-7 columns\">\r\n\t\t\t\t<a title=\"Klicke zum Vergr\u00f6\u00dfern\" href=\"\/blog\/wp-content\/uploads\/2016\/09\/skateboard-trick-tip-blunt-to-fakie-2.jpg\" rel=\"lightbox[gallery-1] lightbox-1\">\r\n\t\t\t\t\t<img decoding=\"async\" src=\"data:image\/gif;base64,R0lGODlhAQABAIAAAAAAAP\/\/\/yH5BAEAAAAALAAAAAABAAEAAAIBRAA7\" data-src=\"\/blog\/wp-content\/uploads\/2016\/09\/skateboard-trick-tip-blunt-to-fakie-2-thumb.jpg\" alt=\"Skateboard Trick Blunt to Fakie\" \/><noscript><img decoding=\"async\" src=\"\/blog\/wp-content\/uploads\/2016\/09\/skateboard-trick-tip-blunt-to-fakie-2-thumb.jpg\" alt=\"Skateboard Trick Blunt to Fakie\" \/><\/noscript>\r\n\t\t\t\t<\/a>\t\t\t\t\r\n\t\t\t<\/div>\r\n\t\t\r\n\t\t\t<!-- .jeden zweiten Text in diese DIV-Klasse -->\r\n\t\t\t<div class=\"small-12 medium-7 medium-pull-5 columns\">\r\n\t\t\t<p>\r\n\t\t\t<span class=\"h4\">2.<\/span>\r\n\t\t\tVerlagere dein Gewicht kurz vor dem Coping leicht nach hinten und hebe die Vorderachse etwas an.<\/p><p> Stelle sicher, dass du schnell genug anf\u00e4hrst, damit auch deine Hinterachse leicht \u00fcber das Coping kommt.\r\n\t\t\t<\/p>\r\n\t\t\t<\/div>\r\n\t\t\t\t\t\r\n\t\t<\/div>\r\n\t\t\r\n\t\t<div class=\"medium-12 columns margin-bottom\">\r\n\t\t\t\r\n\t\t\t<div class=\"small-12 medium-5 columns\">\r\n\t\t\t\t<a title=\"Klicke zum Vergr\u00f6\u00dfern\" href=\"\/blog\/wp-content\/uploads\/2016\/09\/skateboard-trick-tip-blunt-to-fakie-3.jpg\" rel=\"lightbox[gallery-1] lightbox-2\">\r\n\t\t\t\t\t<img decoding=\"async\" src=\"data:image\/gif;base64,R0lGODlhAQABAIAAAAAAAP\/\/\/yH5BAEAAAAALAAAAAABAAEAAAIBRAA7\" data-src=\"\/blog\/wp-content\/uploads\/2016\/09\/skateboard-trick-tip-blunt-to-fakie-3-thumb.jpg\" alt=\"Skateboard Trick Blunt to Fakie\" \/><noscript><img decoding=\"async\" src=\"\/blog\/wp-content\/uploads\/2016\/09\/skateboard-trick-tip-blunt-to-fakie-3-thumb.jpg\" alt=\"Skateboard Trick Blunt to Fakie\" \/><\/noscript>\r\n\t\t\t\t<\/a>\t\t\r\n\t\t\t<\/div>\r\n\t\t\t\r\n\t\t\t<div class=\"small-12 medium-7 columns\">\r\n\t\t\t<p>\r\n\t\t\t<span class=\"h4\">3.<\/span>\r\n\t\t\tGenau in dem Moment dr\u00fcckst du das Tail mit deinem Hinterbein an die Kante der Quarter und klemmst es somit zwischen deinem Fu\u00df und dem Coping ein.<\/p><p> Achte darauf, dass dein Gewicht weiterhin zur\u00fcckgelehnt bleibt, um das Board so vertikal wie m\u00f6glich eingeloggt zu halten.\r\n\t\t\t<\/p>\r\n\t\t\t<\/div>\r\n\t\t<\/div>\r\n\t\t\r\n\t\t<div class=\"medium-12 columns margin-bottom\">\r\n\t\t\r\n\t\t\t<div class=\"small-12 medium-5 medium-push-7 columns\">\r\n\t\t\t\t<a title=\"Klicke zum Vergr\u00f6\u00dfern\" href=\"\/blog\/wp-content\/uploads\/2016\/09\/skateboard-trick-tip-blunt-to-fakie-4.jpg\" rel=\"lightbox[gallery-1] lightbox-3\">\r\n\t\t\t\t\t<img decoding=\"async\" src=\"data:image\/gif;base64,R0lGODlhAQABAIAAAAAAAP\/\/\/yH5BAEAAAAALAAAAAABAAEAAAIBRAA7\" data-src=\"\/blog\/wp-content\/uploads\/2016\/09\/skateboard-trick-tip-blunt-to-fakie-4-thumb.jpg\" alt=\"Skateboard Trick Blunt to Fakie\" \/><noscript><img decoding=\"async\" src=\"\/blog\/wp-content\/uploads\/2016\/09\/skateboard-trick-tip-blunt-to-fakie-4-thumb.jpg\" alt=\"Skateboard Trick Blunt to Fakie\" \/><\/noscript>\r\n\t\t\t\t<\/a>\t\t\t\t\t\r\n\t\t\t<\/div>\r\n\t\t\r\n\t\t\t<div class=\"small-12 medium-7 medium-pull-5 columns\">\r\n\t\t\t<p>\r\n\t\t\t<span class=\"h4\">4.<\/span>\r\n\t\t\tNun kommt der schwierigste Teil, das r\u00fcckw\u00e4rts Herauspoppen. Dazu l\u00e4sst du das Board f\u00fcr einen kurzen Augenblick ganz leicht nach vorne wippen und machst anschlie\u00dfend eine Ollie-Bewegung.\t\r\n\t\t\t<\/p>\r\n\t\t\t<\/div>\r\n\t\t\r\n\t\t<\/div>\r\n\t\t\r\n\t\t<div class=\"medium-12 columns margin-bottom\">\r\n\t\t\r\n\t\t\t<div class=\"medium-5 columns\">\r\n\t\t\t\t<a title=\"Klicke zum Vergr\u00f6\u00dfern\" href=\"\/blog\/wp-content\/uploads\/2016\/09\/skateboard-trick-tip-blunt-to-fakie-6.jpg\" rel=\"lightbox[gallery-1] lightbox-4\">\r\n\t\t\t\t\t<img decoding=\"async\" src=\"data:image\/gif;base64,R0lGODlhAQABAIAAAAAAAP\/\/\/yH5BAEAAAAALAAAAAABAAEAAAIBRAA7\" data-src=\"\/blog\/wp-content\/uploads\/2016\/09\/skateboard-trick-tip-blunt-to-fakie-6-thumb.jpg\" alt=\"Skateboard Trick Blunt to Fakie\" \/><noscript><img decoding=\"async\" src=\"\/blog\/wp-content\/uploads\/2016\/09\/skateboard-trick-tip-blunt-to-fakie-6-thumb.jpg\" alt=\"Skateboard Trick Blunt to Fakie\" \/><\/noscript>\r\n\t\t\t\t<\/a>\t\t\t\t\t\t\t\r\n\t\t\t<\/div>\r\n\t\t\t\r\n\t\t\t<div class=\"medium-7 columns\">\r\n\t\t\t<p>\r\n\t\t\t<span class=\"h4\">5.<\/span>\r\n\t\t\tVersuche dabei, so weit vom Coping wegzuspringen, dass beide Achsen wieder in der Quarter aufsetzen und du nicht am Coping h\u00e4ngen bleibst. \t\t\r\n\t\t\t<\/p>\r\n\r\n\t\t\t<\/div>\r\n\t\t<\/div>\r\n\t<\/div>\r\n<\/div>\r\n\r\n<!-- .Ende der Step By Step Anleitung -->\r\n\r\n<div class=\"post clearfix padding-bottom\">\r\n\t<div id=\"decks-allgemeines\" class=\"hide-for-small large-2 columns\">\r\n\t\t<div class=\"date-day\">Mehr Tricks<\/div>\r\n\t\t<div class=\"date-month\">?<\/div>\r\n\t<\/div>\r\n\r\n\t<div class=\"large-10 columns\">\r\n\t\r\n\t\t<h3 class=\"margin-top margin-bottom\" align=\"center\">Welcher Trick als n\u00e4chstes?<\/h2>\r\n\t\t\r\n\t\t<p>\r\n\t\tGratulation, mit dem Blunt to Fakie hast du eine absolute Style-Granate im Gep\u00e4ck. Hierauf kannst du auch weiter aufbauen und mit einem 180 Ollie auspoppen. Aber nimm dir wie immer Zeit und stelle sicher, dass du deine Tricks solide drauf hast.<\/p> <p>Du suchst eher nach Basics, auf denen du aufbauen kannst? Dann schau dir doch mal den Rock to Fakie, den BS Ollie oder den FS Disaster an! Du bist ganz am Anfang? Dann solltest du zuerst den Drop-In \u00fcben. Falls du erst einmal genug von Transitions hast, warten noch eine Menge anderer Tricks auf dich.<\/p> <p>Klicke dich einfach durch die zahlreichen <a title=\"zu den Skateboard Trick Tipps Flat\" href=\"\/blog\/de\/trick-tipps\/skateboard\/flat\/\">Trick Tipps f\u00fcr&#8217;s Flat<\/a>, <a title=\"zu den Skateboard Trick Tipps Flat\" href=\"\/blog\/de\/trick-tipps\/skateboard\/curb-rail\/\">Curb und Rail<\/a> oder <a title=\"zu den Skateboard Trick Tipps Flat\" href=\"\/blog\/de\/trick-tipps\/skateboard\/transition\/\">Transition.<\/a>\r\n\t\t<\/p>\r\n\t\t\r\n\t\t<div class=\"medium-12 small-12 columns\">\r\n<a title=\"zu den Skateboard Trick Tipps Transition\" href=\"\/blog\/de\/trick-tipps\/skateboard\/transition\/\" class=\"button-auto\">Skateboard Trick Tipps | Transition<\/a>\r\n\t\t\t<br><br>\r\n\t\t\t\r\n\t\t\t<div class=\"medium-6 small-12 columns\">\r\n\t\t\t<a title=\"zu den Skateboard Trick Tipps Curb &#038; Rail\" href=\"\/blog\/de\/trick-tipps\/skateboard\/curb-rail\/\" class=\"button-auto\">Skateboard Trick Tipps | Curb &#038; Rail<\/a>\r\n\t\t\t<br><br>\r\n\t\t\t<\/div>\r\n\t\t\t\r\n\t\t\t<div class=\"medium-6 small-12 columns\">\r\n\t\t\t<a title=\"zu den Skateboard Trick Tipps Flat\" href=\"\/blog\/de\/trick-tipps\/skateboard\/flat\/\" class=\"button-auto\">Skateboard Trick Tipps | Flat<\/a>\r\n\t\t\t<br><br>\r\n\t\t\t<\/div>\r\n\t\t\t\r\n\t\t<\/div>\r\n\t\t\r\n\t\t\r\n\t<\/div>\r\n<\/div><div class=\"ShariffSC\" style=\"shariff-shop\"><div class=\"shariff\" data-url=\"https:\/\/skatedeluxe.com\/blog\/de\/trick-tipps\/skateboard\/transition\/how-to-blunt-to-fakie\/\" data-title=\"Blunt To Fakie &#8211; Skateboard Trick Tipp\" data-services='[\"facebooklike\", \"facebook\"]' data-backend-url='\/shariff\/'><\/div><\/div>","protected":false},"excerpt":{"rendered":"<p>Trick Tipp Blunt to Fakie Ein Blunt to Fakie z\u00e4hlt bereits zu den Tricks f\u00fcr Fortgeschrittene und ist dem Pivot to Fakie sehr \u00e4hnlich. Wenn du den Pivot to Fakie bereits kannst, den Ollie beherrschst und etwas Mut mitbringst, dann sollte dir der Blunt to Fakie nicht besonders schwer fallen. Ebenfalls kann es f\u00fcr den <a class=\"read-more\" href=\"https:\/\/skatedeluxe.com\/blog\/de\/trick-tipps\/skateboard\/transition\/how-to-blunt-to-fakie\/\">[&#8230;]<\/a><\/p>\n","protected":false},"author":24,"featured_media":120717,"parent":21469,"menu_order":16,"comment_status":"open","ping_status":"closed","template":"page-templates\/teasing-page.php","meta":{"footnotes":""},"class_list":["post-21568","page","type-page","status-publish","has-post-thumbnail","hentry"],"aioseo_notices":[],"amp_enabled":false,"_links":{"self":[{"href":"https:\/\/skatedeluxe.com\/blog\/de\/wp-json\/wp\/v2\/pages\/21568","targetHints":{"allow":["GET"]}}],"collection":[{"href":"https:\/\/skatedeluxe.com\/blog\/de\/wp-json\/wp\/v2\/pages"}],"about":[{"href":"https:\/\/skatedeluxe.com\/blog\/de\/wp-json\/wp\/v2\/types\/page"}],"author":[{"embeddable":true,"href":"https:\/\/skatedeluxe.com\/blog\/de\/wp-json\/wp\/v2\/users\/24"}],"replies":[{"embeddable":true,"href":"https:\/\/skatedeluxe.com\/blog\/de\/wp-json\/wp\/v2\/comments?post=21568"}],"version-history":[{"count":10,"href":"https:\/\/skatedeluxe.com\/blog\/de\/wp-json\/wp\/v2\/pages\/21568\/revisions"}],"predecessor-version":[{"id":144100,"href":"https:\/\/skatedeluxe.com\/blog\/de\/wp-json\/wp\/v2\/pages\/21568\/revisions\/144100"}],"up":[{"embeddable":true,"href":"https:\/\/skatedeluxe.com\/blog\/de\/wp-json\/wp\/v2\/pages\/21469"}],"wp:featuredmedia":[{"embeddable":true,"href":"https:\/\/skatedeluxe.com\/blog\/de\/wp-json\/wp\/v2\/media\/120717"}],"wp:attachment":[{"href":"https:\/\/skatedeluxe.com\/blog\/de\/wp-json\/wp\/v2\/media?parent=21568"}],"curies":[{"name":"wp","href":"https:\/\/api.w.org\/{rel}","templated":true}]}}