{"id":21563,"date":"2013-06-05T15:56:16","date_gmt":"2013-06-05T13:56:16","guid":{"rendered":"http:\/\/www.skatedeluxe.de\/blog\/?page_id=21563"},"modified":"2018-05-09T13:25:21","modified_gmt":"2018-05-09T11:25:21","slug":"how-to-fs-50-50","status":"publish","type":"page","link":"https:\/\/skatedeluxe.com\/blog\/de\/trick-tipps\/skateboard\/transition\/how-to-fs-50-50\/","title":{"rendered":"Frontside 50-50 &#8211; Skateboard Trick Tipp"},"content":{"rendered":"<div class=\"post clearfix padding-bottom\">\r\n\t<div id=\"decks-allgemeines\" class=\"hide-for-small large-2 columns\">\r\n\t\t<div class=\"date-day\">Trick Tipp<\/div>\r\n\t\t<div class=\"date-month\">FS 50-50<\/div>\r\n\t<\/div>\r\n\r\n\t<div class=\"large-10 columns\">\r\n\t\r\n\t\t<p>\r\n\t\tAnders als beim Ledge Skating, ist der Frontside 50-50 in einer Quarter eindeutig der schwierigere von beiden 50-50&#8217;s.<\/p><p> Der Weg zum Frontside 50-50 kann steinig sein, da es gerade am Anfang schwierig ist, sein Gewicht nicht zu weit nach hinten in Richtung Transition zu verlagern. Das f\u00fchrt h\u00e4ufig dazu, dass man aus dem Grind f\u00e4llt. Wenn du die richtige Balance f\u00fcr den Trick aber erst einmal raus hast, ist dir der Neid deiner Freunde sicher.   \r\n\t\t<\/p>\r\n\t\r\n\t\t<p>\r\n\t\tHier erf\u00e4hrst du, wie der FS 50-50 funktioniert.\r\n\t\t<\/p>\r\n\t\t\r\n\t<\/div>\r\n<\/div>\r\n\r\n<!-- .Ende des Einleitungsbereichs -->\r\n\r\n<div class=\"post clearfix padding-bottom\">\r\n\t<div id=\"decks-allgemeines\" class=\"hide-for-small large-2 columns\">\r\n\t\t<div class=\"date-day\">FS 50-50<\/div>\r\n\t\t<div class=\"date-month\">Video<\/div>\r\n\t<\/div>\r\n \r\n\t<div class=\"large-10 columns\">\r\n\t\r\n\t\t<h2 class=\"margin-top margin-bottom\" align=\"center\">Trick Tipp Video: FS 50-50<\/h2>\r\n\t\t\r\n\t\t<div class=\"medium-12 small-12 columns\">\r\n\t\t<div class=\"medium-10 columns medium-centered medium-offset-1 columns margin-bottom\">\r\n\r\n\t\t<div class=\"flex-video\">\r\n\t\t\t<iframe width=\"1280\" height=\"720\" data-src=\"https:\/\/www.youtube-nocookie.com\/embed\/JaBKZZcL228?showinfo=0\" frameborder=\"0\" allowfullscreen allow=\"autoplay; encrypted-media\"><\/iframe><noscript><iframe loading=\"lazy\" width=\"1280\" height=\"720\" src=\"https:\/\/www.youtube-nocookie.com\/embed\/JaBKZZcL228?showinfo=0\" frameborder=\"0\" allowfullscreen allow=\"autoplay; encrypted-media\"><\/iframe><\/noscript>\r\n\t\t<\/div>\r\n\t\t\t<div class=\"ShariffSC\" style=\"shariff-shop\"><div class=\"shariff\" data-url=\"https:\/\/skatedeluxe.com\/blog\/de\/trick-tipps\/skateboard\/transition\/how-to-fs-50-50\/\" data-title=\"Frontside 50-50 &#8211; Skateboard Trick Tipp\" data-services='[\"facebooklike\", \"facebook\"]' data-backend-url='\/shariff\/'><\/div><\/div> <!-- .Social Leiste unterhalb des Videos -->\r\n\t\t<\/div>\r\n\t\t<\/div>\r\n\t\t\r\n\t<\/div>\r\n<\/div>\r\n\r\n<!-- .Ende des Videobereichs -->\r\n\r\n<div class=\"post clearfix padding-bottom\">\r\n\t<div id=\"decks-allgemeines\" class=\"hide-for-small large-2 columns\">\r\n\t\t<div class=\"date-day\">FS 50-50<\/div>\r\n\t\t<div class=\"date-month\">Sequenz<\/div>\r\n\t<\/div>\r\n\r\n\t<div class=\"large-10 columns\">\r\n\t\r\n\t\t<h2 class=\"margin-top margin-bottom\" align=\"center\">Trick Tipp Sequenz: FS 50-50<\/h2>\r\n\t\t\r\n\t\t<div class=\"medium-12 small-12 columns\">\r\n\t\t<div class=\"medium-10 columns medium-centered medium-offset-1 columns margin-bottom\">\r\n\t\t<div id=\"metaslider-id-121084\" style=\"max-width: 999px; margin: 0 auto;\" class=\"ml-slider-3-98-0 ml-slider-pro-2-6-6 metaslider metaslider-nivo metaslider-121084 ml-slider ms-theme-_theme_1463567531\" role=\"region\" aria-roledescription=\"Slideshow\" aria-label=\"FS 50-50 - Trick Tip\" data-width=\"999\">\n    <div id=\"metaslider_container_121084\">\n        <div class='slider-wrapper theme-default'><div class='ribbon'><\/div><div id='metaslider_121084' class='nivoSlider'><img loading=\"lazy\" decoding=\"async\" width=\"999\" height=\"666\" src=\"\/blog\/wp-content\/uploads\/2016\/09\/trick-tip-fs-50-50-1.jpg\" class=\"slider-121084 slide-121024\" alt=\"Skateboard Trick FS 50-50\" data-caption=\"\" data-thumb=\"\" title=\"Skateboard Trick FS 50-50\" rel=\"\" srcset=\"\/blog\/wp-content\/uploads\/2016\/09\/trick-tip-fs-50-50-1.jpg 999w, \/blog\/wp-content\/uploads\/2016\/09\/trick-tip-fs-50-50-1-600x400.jpg 600w, \/blog\/wp-content\/uploads\/2016\/09\/trick-tip-fs-50-50-1-768x512.jpg 768w\" sizes=\"auto, (max-width: 999px) 100vw, 999px\" \/><img loading=\"lazy\" decoding=\"async\" width=\"999\" height=\"666\" src=\"\/blog\/wp-content\/uploads\/2016\/09\/trick-tip-fs-50-50-2.jpg\" class=\"slider-121084 slide-121028\" alt=\"Skateboard Trick FS 50-50\" data-caption=\"\" data-thumb=\"\" title=\"Skateboard Trick FS 50-50\" rel=\"\" srcset=\"\/blog\/wp-content\/uploads\/2016\/09\/trick-tip-fs-50-50-2.jpg 999w, \/blog\/wp-content\/uploads\/2016\/09\/trick-tip-fs-50-50-2-600x400.jpg 600w, \/blog\/wp-content\/uploads\/2016\/09\/trick-tip-fs-50-50-2-768x512.jpg 768w\" sizes=\"auto, (max-width: 999px) 100vw, 999px\" \/><img loading=\"lazy\" decoding=\"async\" width=\"999\" height=\"666\" src=\"\/blog\/wp-content\/uploads\/2016\/09\/trick-tip-fs-50-50-3.jpg\" class=\"slider-121084 slide-121032\" alt=\"Skateboard Trick FS 50-50\" data-caption=\"\" data-thumb=\"\" title=\"Skateboard Trick FS 50-50\" rel=\"\" srcset=\"\/blog\/wp-content\/uploads\/2016\/09\/trick-tip-fs-50-50-3.jpg 999w, \/blog\/wp-content\/uploads\/2016\/09\/trick-tip-fs-50-50-3-600x400.jpg 600w, \/blog\/wp-content\/uploads\/2016\/09\/trick-tip-fs-50-50-3-768x512.jpg 768w\" sizes=\"auto, (max-width: 999px) 100vw, 999px\" \/><img loading=\"lazy\" decoding=\"async\" width=\"999\" height=\"666\" src=\"\/blog\/wp-content\/uploads\/2016\/09\/trick-tip-fs-50-50-4.jpg\" class=\"slider-121084 slide-121036\" alt=\"Skateboard Trick FS 50-50\" data-caption=\"\" data-thumb=\"\" title=\"Skateboard Trick FS 50-50\" rel=\"\" srcset=\"\/blog\/wp-content\/uploads\/2016\/09\/trick-tip-fs-50-50-4.jpg 999w, \/blog\/wp-content\/uploads\/2016\/09\/trick-tip-fs-50-50-4-600x400.jpg 600w, \/blog\/wp-content\/uploads\/2016\/09\/trick-tip-fs-50-50-4-768x512.jpg 768w\" sizes=\"auto, (max-width: 999px) 100vw, 999px\" \/><img loading=\"lazy\" decoding=\"async\" width=\"999\" height=\"666\" src=\"\/blog\/wp-content\/uploads\/2016\/09\/trick-tip-fs-50-50-5.jpg\" class=\"slider-121084 slide-121040\" alt=\"Skateboard Trick FS 50-50\" data-caption=\"\" data-thumb=\"\" title=\"Skateboard Trick FS 50-50\" rel=\"\" srcset=\"\/blog\/wp-content\/uploads\/2016\/09\/trick-tip-fs-50-50-5.jpg 999w, \/blog\/wp-content\/uploads\/2016\/09\/trick-tip-fs-50-50-5-600x400.jpg 600w, \/blog\/wp-content\/uploads\/2016\/09\/trick-tip-fs-50-50-5-768x512.jpg 768w\" sizes=\"auto, (max-width: 999px) 100vw, 999px\" \/><img loading=\"lazy\" decoding=\"async\" width=\"999\" height=\"666\" src=\"\/blog\/wp-content\/uploads\/2016\/09\/trick-tip-fs-50-50-6.jpg\" class=\"slider-121084 slide-121044\" alt=\"Skateboard Trick FS 50-50\" data-caption=\"\" data-thumb=\"\" title=\"Skateboard Trick FS 50-50\" rel=\"\" srcset=\"\/blog\/wp-content\/uploads\/2016\/09\/trick-tip-fs-50-50-6.jpg 999w, \/blog\/wp-content\/uploads\/2016\/09\/trick-tip-fs-50-50-6-600x400.jpg 600w, \/blog\/wp-content\/uploads\/2016\/09\/trick-tip-fs-50-50-6-768x512.jpg 768w\" sizes=\"auto, (max-width: 999px) 100vw, 999px\" \/><img loading=\"lazy\" decoding=\"async\" width=\"999\" height=\"666\" src=\"\/blog\/wp-content\/uploads\/2016\/09\/trick-tip-fs-50-50-7.jpg\" class=\"slider-121084 slide-121048\" alt=\"Skateboard Trick FS 50-50\" data-caption=\"\" data-thumb=\"\" title=\"Skateboard Trick FS 50-50\" rel=\"\" srcset=\"\/blog\/wp-content\/uploads\/2016\/09\/trick-tip-fs-50-50-7.jpg 999w, \/blog\/wp-content\/uploads\/2016\/09\/trick-tip-fs-50-50-7-600x400.jpg 600w, \/blog\/wp-content\/uploads\/2016\/09\/trick-tip-fs-50-50-7-768x512.jpg 768w\" sizes=\"auto, (max-width: 999px) 100vw, 999px\" \/><img loading=\"lazy\" decoding=\"async\" width=\"999\" height=\"666\" src=\"\/blog\/wp-content\/uploads\/2016\/09\/trick-tip-fs-50-50-8.jpg\" class=\"slider-121084 slide-121052\" alt=\"Skateboard Trick FS 50-50\" data-caption=\"\" data-thumb=\"\" title=\"Skateboard Trick FS 50-50\" rel=\"\" srcset=\"\/blog\/wp-content\/uploads\/2016\/09\/trick-tip-fs-50-50-8.jpg 999w, \/blog\/wp-content\/uploads\/2016\/09\/trick-tip-fs-50-50-8-600x400.jpg 600w, \/blog\/wp-content\/uploads\/2016\/09\/trick-tip-fs-50-50-8-768x512.jpg 768w\" sizes=\"auto, (max-width: 999px) 100vw, 999px\" \/><img loading=\"lazy\" decoding=\"async\" width=\"999\" height=\"666\" src=\"\/blog\/wp-content\/uploads\/2016\/09\/trick-tip-fs-50-50-9.jpg\" class=\"slider-121084 slide-121056\" alt=\"Skateboard Trick FS 50-50\" data-caption=\"\" data-thumb=\"\" title=\"Skateboard Trick FS 50-50\" rel=\"\" srcset=\"\/blog\/wp-content\/uploads\/2016\/09\/trick-tip-fs-50-50-9.jpg 999w, \/blog\/wp-content\/uploads\/2016\/09\/trick-tip-fs-50-50-9-600x400.jpg 600w, \/blog\/wp-content\/uploads\/2016\/09\/trick-tip-fs-50-50-9-768x512.jpg 768w\" sizes=\"auto, (max-width: 999px) 100vw, 999px\" \/><img loading=\"lazy\" decoding=\"async\" width=\"999\" height=\"666\" src=\"\/blog\/wp-content\/uploads\/2016\/09\/trick-tip-fs-50-50-10.jpg\" class=\"slider-121084 slide-121060\" alt=\"Skateboard Trick FS 50-50\" data-caption=\"\" data-thumb=\"\" title=\"Skateboard Trick FS 50-50\" rel=\"\" srcset=\"\/blog\/wp-content\/uploads\/2016\/09\/trick-tip-fs-50-50-10.jpg 999w, \/blog\/wp-content\/uploads\/2016\/09\/trick-tip-fs-50-50-10-600x400.jpg 600w, \/blog\/wp-content\/uploads\/2016\/09\/trick-tip-fs-50-50-10-768x512.jpg 768w\" sizes=\"auto, (max-width: 999px) 100vw, 999px\" \/><img loading=\"lazy\" decoding=\"async\" width=\"999\" height=\"666\" src=\"\/blog\/wp-content\/uploads\/2016\/09\/trick-tip-fs-50-50-11.jpg\" class=\"slider-121084 slide-121064\" alt=\"Skateboard Trick FS 50-50\" data-caption=\"\" data-thumb=\"\" title=\"Skateboard Trick FS 50-50\" rel=\"\" srcset=\"\/blog\/wp-content\/uploads\/2016\/09\/trick-tip-fs-50-50-11.jpg 999w, \/blog\/wp-content\/uploads\/2016\/09\/trick-tip-fs-50-50-11-600x400.jpg 600w, \/blog\/wp-content\/uploads\/2016\/09\/trick-tip-fs-50-50-11-768x512.jpg 768w\" sizes=\"auto, (max-width: 999px) 100vw, 999px\" \/><img loading=\"lazy\" decoding=\"async\" width=\"999\" height=\"666\" src=\"\/blog\/wp-content\/uploads\/2016\/09\/trick-tip-fs-50-50-12.jpg\" class=\"slider-121084 slide-121068\" alt=\"Skateboard Trick FS 50-50\" data-caption=\"\" data-thumb=\"\" title=\"Skateboard Trick FS 50-50\" rel=\"\" srcset=\"\/blog\/wp-content\/uploads\/2016\/09\/trick-tip-fs-50-50-12.jpg 999w, \/blog\/wp-content\/uploads\/2016\/09\/trick-tip-fs-50-50-12-600x400.jpg 600w, \/blog\/wp-content\/uploads\/2016\/09\/trick-tip-fs-50-50-12-768x512.jpg 768w\" sizes=\"auto, (max-width: 999px) 100vw, 999px\" \/><img loading=\"lazy\" decoding=\"async\" width=\"999\" height=\"666\" src=\"\/blog\/wp-content\/uploads\/2016\/09\/trick-tip-fs-50-50-13.jpg\" class=\"slider-121084 slide-121072\" alt=\"Skateboard Trick FS 50-50\" data-caption=\"\" data-thumb=\"\" title=\"Skateboard Trick FS 50-50\" rel=\"\" srcset=\"\/blog\/wp-content\/uploads\/2016\/09\/trick-tip-fs-50-50-13.jpg 999w, \/blog\/wp-content\/uploads\/2016\/09\/trick-tip-fs-50-50-13-600x400.jpg 600w, \/blog\/wp-content\/uploads\/2016\/09\/trick-tip-fs-50-50-13-768x512.jpg 768w\" sizes=\"auto, (max-width: 999px) 100vw, 999px\" \/><img loading=\"lazy\" decoding=\"async\" width=\"999\" height=\"666\" src=\"\/blog\/wp-content\/uploads\/2016\/09\/trick-tip-fs-50-50-14.jpg\" class=\"slider-121084 slide-121076\" alt=\"Skateboard Trick FS 50-50\" data-caption=\"\" data-thumb=\"\" title=\"Skateboard Trick FS 50-50\" rel=\"\" srcset=\"\/blog\/wp-content\/uploads\/2016\/09\/trick-tip-fs-50-50-14.jpg 999w, \/blog\/wp-content\/uploads\/2016\/09\/trick-tip-fs-50-50-14-600x400.jpg 600w, \/blog\/wp-content\/uploads\/2016\/09\/trick-tip-fs-50-50-14-768x512.jpg 768w\" sizes=\"auto, (max-width: 999px) 100vw, 999px\" \/><img loading=\"lazy\" decoding=\"async\" width=\"999\" height=\"666\" src=\"\/blog\/wp-content\/uploads\/2016\/09\/trick-tip-fs-50-50-15.jpg\" class=\"slider-121084 slide-121080\" alt=\"Skateboard Trick FS 50-50\" data-caption=\"\" data-thumb=\"\" title=\"Skateboard Trick FS 50-50\" rel=\"\" srcset=\"\/blog\/wp-content\/uploads\/2016\/09\/trick-tip-fs-50-50-15.jpg 999w, \/blog\/wp-content\/uploads\/2016\/09\/trick-tip-fs-50-50-15-600x400.jpg 600w, \/blog\/wp-content\/uploads\/2016\/09\/trick-tip-fs-50-50-15-768x512.jpg 768w\" sizes=\"auto, (max-width: 999px) 100vw, 999px\" \/><img loading=\"lazy\" decoding=\"async\" width=\"999\" height=\"666\" src=\"\/blog\/wp-content\/uploads\/2016\/09\/trick-tip-fs-50-50-16.jpg\" class=\"slider-121084 slide-121085\" alt=\"Skateboard Trick FS 50-50\" data-caption=\"\" data-thumb=\"\" title=\"Skateboard Trick FS 50-50\" rel=\"\" srcset=\"\/blog\/wp-content\/uploads\/2016\/09\/trick-tip-fs-50-50-16.jpg 999w, \/blog\/wp-content\/uploads\/2016\/09\/trick-tip-fs-50-50-16-600x400.jpg 600w, \/blog\/wp-content\/uploads\/2016\/09\/trick-tip-fs-50-50-16-768x512.jpg 768w\" sizes=\"auto, (max-width: 999px) 100vw, 999px\" \/><\/div><\/div>\n        \n    <\/div>\n<\/div>\r\n\t\t<\/div>\r\n\t\t<\/div>\r\n\t\t\r\n\t<\/div>\r\n<\/div>\r\n\r\n<!-- .Ende der Sequenz -->\r\n\r\n<div class=\"post clearfix padding-bottom\">\r\n\t<div id=\"decks-allgemeines\" class=\"hide-for-small large-2 columns\">\r\n\t\t<div class=\"date-day\">FS 50-50<\/div>\r\n\t\t<div class=\"date-month\">Step By Step<\/div>\r\n\t<\/div>\r\n\r\n\t<div class=\"large-10 columns\">\r\n\t\r\n\t\t<h2 class=\"margin-top margin-bottom\" align=\"center\">Trick Tipp Step By Step: FS 50-50<\/h2>\r\n\t\t\r\n\t\t<p align=\"center\"><small>Klicke auf die Bilder zum Vergr\u00f6\u00dfern<\/small>\r\n\t\t\r\n\t\t<div class=\"medium-12 columns margin-bottom\">\r\n\t\t\t\r\n\t\t\t<div class=\"small-12 medium-5 columns\">\r\n\t\t\t\t<a title=\"Klicke zum Vergr\u00f6\u00dfern\" href=\"\/blog\/wp-content\/uploads\/2016\/09\/skateboard-trick-tip-fs-50-50-2.jpg\" rel=\"lightbox[gallery-1] lightbox-0\">\r\n\t\t\t\t\t<img decoding=\"async\" src=\"data:image\/gif;base64,R0lGODlhAQABAIAAAAAAAP\/\/\/yH5BAEAAAAALAAAAAABAAEAAAIBRAA7\" data-src=\"\/blog\/wp-content\/uploads\/2016\/09\/skateboard-trick-tip-fs-50-50-2-thumb.jpg\" alt=\"Skateboard Trick FS 50-50\" \/><noscript><img decoding=\"async\" src=\"\/blog\/wp-content\/uploads\/2016\/09\/skateboard-trick-tip-fs-50-50-2-thumb.jpg\" alt=\"Skateboard Trick FS 50-50\" \/><\/noscript>\r\n\t\t\t\t<\/a>\t\t\t\r\n\t\t\t<\/div>\r\n\t\t\t\r\n\t\t\t<div class=\"small-12 medium-7 columns\">\r\n\t\t\t<p>\r\n\t\t\t<span class=\"h4\">1.<\/span>\r\n\t\t\tWenn du den 50-50 grinden m\u00f6chtest, f\u00e4hrst du am besten in einem leichten Winkel auf die Quarter zu. Der Winkel sollte dabei nicht zu spitz sein, da dies sonst das Einloggen erschwert.<\/p><p> Dein Hinterer Fu\u00df steht auf dem Tail nahe der Schrauben und dein Vorderfu\u00df zwischen Boardmitte und den Schrauben der vorderen Achse. \r\n\t\t\t<\/p>\r\n\t\t\t<\/div>\r\n\t\t<\/div>\r\n\r\n\t\t\r\n\t\t<div class=\"medium-12 columns margin-bottom\">\r\n\t\t\r\n\t\t\t<!-- .jedes zweite Bild in diese DIV-Klasse -->\r\n\t\t\t<div class=\"small-12 medium-5 medium-push-7 columns\">\r\n\t\t\t\t<a title=\"Klicke zum Vergr\u00f6\u00dfern\" href=\"\/blog\/wp-content\/uploads\/2016\/09\/skateboard-trick-tip-fs-50-50-4.jpg\" rel=\"lightbox[gallery-1] lightbox-1\">\r\n\t\t\t\t\t<img decoding=\"async\" src=\"data:image\/gif;base64,R0lGODlhAQABAIAAAAAAAP\/\/\/yH5BAEAAAAALAAAAAABAAEAAAIBRAA7\" data-src=\"\/blog\/wp-content\/uploads\/2016\/09\/skateboard-trick-tip-fs-50-50-4-thumb.jpg\" alt=\"Skateboard Trick FS 50-50\" \/><noscript><img decoding=\"async\" src=\"\/blog\/wp-content\/uploads\/2016\/09\/skateboard-trick-tip-fs-50-50-4-thumb.jpg\" alt=\"Skateboard Trick FS 50-50\" \/><\/noscript>\r\n\t\t\t\t<\/a>\t\t\t\t\r\n\t\t\t<\/div>\r\n\t\t\r\n\t\t\t<!-- .jeden zweiten Text in diese DIV-Klasse -->\r\n\t\t\t<div class=\"small-12 medium-7 medium-pull-5 columns\">\r\n\t\t\t<p>\r\n\t\t\t<span class=\"h4\">2.<\/span>\r\n\t\t\tVerlagere dein Gewicht kurz vor dem Coping leicht nach hinten und hebe die Vorderachse etwas an.\r\n\t\t\t<\/p>\r\n\t\t\t<\/div>\r\n\t\t\t\t\t\r\n\t\t<\/div>\r\n\t\t\r\n\t\t<div class=\"medium-12 columns margin-bottom\">\r\n\t\t\t\r\n\t\t\t<div class=\"small-12 medium-5 columns\">\r\n\t\t\t\t<a title=\"Klicke zum Vergr\u00f6\u00dfern\" href=\"\/blog\/wp-content\/uploads\/2016\/09\/skateboard-trick-tip-fs-50-50-5.jpg\" rel=\"lightbox[gallery-1] lightbox-2\">\r\n\t\t\t\t\t<img decoding=\"async\" src=\"data:image\/gif;base64,R0lGODlhAQABAIAAAAAAAP\/\/\/yH5BAEAAAAALAAAAAABAAEAAAIBRAA7\" data-src=\"\/blog\/wp-content\/uploads\/2016\/09\/skateboard-trick-tip-fs-50-50-5-thumb.jpg\" alt=\"Skateboard Trick FS 50-50\" \/><noscript><img decoding=\"async\" src=\"\/blog\/wp-content\/uploads\/2016\/09\/skateboard-trick-tip-fs-50-50-5-thumb.jpg\" alt=\"Skateboard Trick FS 50-50\" \/><\/noscript>\r\n\t\t\t\t<\/a>\t\t\r\n\t\t\t<\/div>\r\n\t\t\t\r\n\t\t\t<div class=\"small-12 medium-7 columns\">\r\n\t\t\t<p>\r\n\t\t\t<span class=\"h4\">3.<\/span>\r\n\t\t\tWarte nun ab, bis auch deine Hinterachse das Coping erreicht und drehe dann deine H\u00fcfte, um mit einer 90 Grad Drehung in den 50-50 einzuloggen.\r\n\t\t\t<\/p>\r\n\t\t\t<\/div>\r\n\t\t<\/div>\r\n\t\t\r\n\t\t<div class=\"medium-12 columns margin-bottom\">\r\n\t\t\r\n\t\t\t<div class=\"small-12 medium-5 medium-push-7 columns\">\r\n\t\t\t\t<a title=\"Klicke zum Vergr\u00f6\u00dfern\" href=\"\/blog\/wp-content\/uploads\/2016\/09\/skateboard-trick-tip-fs-50-50-6.jpg\" rel=\"lightbox[gallery-1] lightbox-3\">\r\n\t\t\t\t\t<img decoding=\"async\" src=\"data:image\/gif;base64,R0lGODlhAQABAIAAAAAAAP\/\/\/yH5BAEAAAAALAAAAAABAAEAAAIBRAA7\" data-src=\"\/blog\/wp-content\/uploads\/2016\/09\/skateboard-trick-tip-fs-50-50-6-thumb.jpg\" alt=\"Skateboard Trick FS 50-50\" \/><noscript><img decoding=\"async\" src=\"\/blog\/wp-content\/uploads\/2016\/09\/skateboard-trick-tip-fs-50-50-6-thumb.jpg\" alt=\"Skateboard Trick FS 50-50\" \/><\/noscript>\r\n\t\t\t\t<\/a>\t\t\t\t\t\r\n\t\t\t<\/div>\r\n\t\t\r\n\t\t\t<div class=\"small-12 medium-7 medium-pull-5 columns\">\r\n\t\t\t<p>\r\n\t\t\t<span class=\"h4\">4.<\/span>\r\n\t\t\tZum Schluss hebelst du mit deiner Hinterachse deine Vorderachse aus dem Grind, drehst deine H\u00fcfte wieder 90 Grand in Richtung der Transition und droppst vorsichtig zur\u00fcck in die Quarter.\t\t\r\n\t\t\t<\/p>\r\n\t\t\t<\/div>\r\n\t\t\r\n\t\t<\/div>\r\n\t\t\r\n\t\t<div class=\"medium-12 columns margin-bottom\">\r\n\t\t\r\n\t\t\t<div class=\"medium-5 columns\">\r\n\t\t\t\t<a title=\"Klicke zum Vergr\u00f6\u00dfern\" href=\"\/blog\/wp-content\/uploads\/2016\/09\/skateboard-trick-tip-fs-50-50-7.jpg\" rel=\"lightbox[gallery-1] lightbox-4\">\r\n\t\t\t\t\t<img decoding=\"async\" src=\"data:image\/gif;base64,R0lGODlhAQABAIAAAAAAAP\/\/\/yH5BAEAAAAALAAAAAABAAEAAAIBRAA7\" data-src=\"\/blog\/wp-content\/uploads\/2016\/09\/skateboard-trick-tip-fs-50-50-7-thumb.jpg\" alt=\"Skateboard Trick FS 50-50\" \/><noscript><img decoding=\"async\" src=\"\/blog\/wp-content\/uploads\/2016\/09\/skateboard-trick-tip-fs-50-50-7-thumb.jpg\" alt=\"Skateboard Trick FS 50-50\" \/><\/noscript>\r\n\t\t\t\t<\/a>\t\t\t\t\t\t\t\r\n\t\t\t<\/div>\r\n\t\t\t\r\n\t\t\t<div class=\"medium-7 columns\">\r\n\t\t\t<p>\r\n\t\t\t<span class=\"h4\">5.<\/span>\r\n\t\t\tAchte beim Ausfahren darauf, dass du dein Gewicht gleichm\u00e4\u00dfig auf dem Board verteilst, damit du nach dem Ausloggen nicht nach hinten kippst.<\/p><p> Zudem solltest du dich auch nicht zu sehr nach vorn lehnen, da dir ansonsten das Board abhauen kann und du eine unsch\u00f6ne Begegnung mit der Transition machst.\t\t\r\n\t\t\t<\/p>\r\n\r\n\t\t\t<\/div>\r\n\t\t<\/div>\r\n\t<\/div>\r\n<\/div>\r\n\r\n<!-- .Ende der Step By Step Anleitung -->\r\n\r\n<div class=\"post clearfix padding-bottom\">\r\n\t<div id=\"decks-allgemeines\" class=\"hide-for-small large-2 columns\">\r\n\t\t<div class=\"date-day\">Mehr Tricks<\/div>\r\n\t\t<div class=\"date-month\">?<\/div>\r\n\t<\/div>\r\n\r\n\t<div class=\"large-10 columns\">\r\n\t\r\n\t\t<h3 class=\"margin-top margin-bottom\" align=\"center\">Welcher Trick als n\u00e4chstes?<\/h2>\r\n\t\t\r\n\t\t<p>\r\n\t\tWenn FS 50-50 und BS 50-50 sitzen, kannst du endlich sch\u00f6ne Achten in der Miniramp fahren. Falls dir dabei langweilig werden sollte, gibt es aber auch noch eine ganze Stange weiterer Transition Tricks, die dein Leben auf dem Skateboard facettenreich machen.<\/p><p> Schwerere Tricks wie der FS Ollie oder der BS Disaster oder sinnvolle Basics wie Rock to Fakie warten auf dich. Ganz egal wof\u00fcr du dich entscheidest, nimm dir Zeit und genie\u00dfe auch die kleinen Erfolge. Wenn du erst einmal genug von Transitions hast, warten noch eine Menge anderer Tricks auf dich.<\/p><p> Klicke dich einfach durch die zahlreichen <a title=\"zu den Skateboard Trick Tipps Flat\" href=\"\/blog\/de\/trick-tipps\/skateboard\/flat\/\">Trick Tipps f\u00fcr&#8217;s Flat<\/a>, <a title=\"zu den Skateboard Trick Tipps Curb &#038; Rail\" href=\"\/blog\/de\/trick-tipps\/skateboard\/curb-rail\/\">Curb und Rail<\/a> oder <a title=\"zu den Skateboard Trick Tipps Transition\" href=\"\/blog\/de\/trick-tipps\/skateboard\/transition\/\">Transition.<\/a>\r\n\t\t<\/p>\r\n\t\t\r\n\t\t<div class=\"medium-12 small-12 columns\">\r\n<a title=\"zu den Skateboard Trick Tipps Transition\" href=\"\/blog\/de\/trick-tipps\/skateboard\/transition\/\" class=\"button-auto\">Skateboard Trick Tipps | Transition<\/a>\r\n\t\t\t<br><br>\r\n\t\t\t\r\n\t\t\t<div class=\"medium-6 small-12 columns\">\r\n\t\t\t<a title=\"zu den Skateboard Trick Tipps Curb &#038; Rail\" href=\"\/blog\/de\/trick-tipps\/skateboard\/curb-rail\/\" class=\"button-auto\">Skateboard Trick Tipps | Curb &#038; Rail<\/a>\r\n\t\t\t<br><br>\r\n\t\t\t<\/div>\r\n\t\t\t\r\n\t\t\t<div class=\"medium-6 small-12 columns\">\r\n\t\t\t<a title=\"zu den Skateboard Trick Tipps Flat\" href=\"\/blog\/de\/trick-tipps\/skateboard\/flat\/\" class=\"button-auto\">Skateboard Trick Tipps | Flat<\/a>\r\n\t\t\t<br><br>\r\n\t\t\t<\/div>\r\n\t\t\t\r\n\t\t<\/div>\r\n\t\t\r\n\t\t\r\n\t<\/div>\r\n<\/div><div class=\"ShariffSC\" style=\"shariff-shop\"><div class=\"shariff\" data-url=\"https:\/\/skatedeluxe.com\/blog\/de\/trick-tipps\/skateboard\/transition\/how-to-fs-50-50\/\" data-title=\"Frontside 50-50 &#8211; Skateboard Trick Tipp\" data-services='[\"facebooklike\", \"facebook\"]' data-backend-url='\/shariff\/'><\/div><\/div>","protected":false},"excerpt":{"rendered":"<p>Trick Tipp FS 50-50 Anders als beim Ledge Skating, ist der Frontside 50-50 in einer Quarter eindeutig der schwierigere von beiden 50-50&#8217;s. Der Weg zum Frontside 50-50 kann steinig sein, da es gerade am Anfang schwierig ist, sein Gewicht nicht zu weit nach hinten in Richtung Transition zu verlagern. Das f\u00fchrt h\u00e4ufig dazu, dass man <a class=\"read-more\" href=\"https:\/\/skatedeluxe.com\/blog\/de\/trick-tipps\/skateboard\/transition\/how-to-fs-50-50\/\">[&#8230;]<\/a><\/p>\n","protected":false},"author":24,"featured_media":120380,"parent":21469,"menu_order":6,"comment_status":"open","ping_status":"closed","template":"page-templates\/teasing-page.php","meta":{"footnotes":""},"class_list":["post-21563","page","type-page","status-publish","has-post-thumbnail","hentry"],"aioseo_notices":[],"amp_enabled":false,"_links":{"self":[{"href":"https:\/\/skatedeluxe.com\/blog\/de\/wp-json\/wp\/v2\/pages\/21563","targetHints":{"allow":["GET"]}}],"collection":[{"href":"https:\/\/skatedeluxe.com\/blog\/de\/wp-json\/wp\/v2\/pages"}],"about":[{"href":"https:\/\/skatedeluxe.com\/blog\/de\/wp-json\/wp\/v2\/types\/page"}],"author":[{"embeddable":true,"href":"https:\/\/skatedeluxe.com\/blog\/de\/wp-json\/wp\/v2\/users\/24"}],"replies":[{"embeddable":true,"href":"https:\/\/skatedeluxe.com\/blog\/de\/wp-json\/wp\/v2\/comments?post=21563"}],"version-history":[{"count":16,"href":"https:\/\/skatedeluxe.com\/blog\/de\/wp-json\/wp\/v2\/pages\/21563\/revisions"}],"predecessor-version":[{"id":144076,"href":"https:\/\/skatedeluxe.com\/blog\/de\/wp-json\/wp\/v2\/pages\/21563\/revisions\/144076"}],"up":[{"embeddable":true,"href":"https:\/\/skatedeluxe.com\/blog\/de\/wp-json\/wp\/v2\/pages\/21469"}],"wp:featuredmedia":[{"embeddable":true,"href":"https:\/\/skatedeluxe.com\/blog\/de\/wp-json\/wp\/v2\/media\/120380"}],"wp:attachment":[{"href":"https:\/\/skatedeluxe.com\/blog\/de\/wp-json\/wp\/v2\/media?parent=21563"}],"curies":[{"name":"wp","href":"https:\/\/api.w.org\/{rel}","templated":true}]}}