{"id":21561,"date":"2013-06-05T15:55:40","date_gmt":"2013-06-05T13:55:40","guid":{"rendered":"http:\/\/www.skatedeluxe.de\/blog\/?page_id=21561"},"modified":"2018-05-09T12:20:26","modified_gmt":"2018-05-09T10:20:26","slug":"how-to-axle-stall","status":"publish","type":"page","link":"https:\/\/skatedeluxe.com\/blog\/de\/trick-tipps\/skateboard\/transition\/how-to-axle-stall\/","title":{"rendered":"Axle Stall &#038; BS 50-50 &#8211; Skateboard Trick Tipp"},"content":{"rendered":"<div class=\"post clearfix padding-bottom\">\r\n\t<div id=\"decks-allgemeines\" class=\"hide-for-small large-2 columns\">\r\n\t\t<div class=\"date-day\">Trick Tipp<\/div>\r\n\t\t<div class=\"date-month\">Axle Stall &#038; BS 50-50<\/div>\r\n\t<\/div>\r\n\r\n\t<div class=\"large-10 columns\">\r\n\t\r\n\t\t<p>\r\n\t\tEin Axle Stall bedeutet zun\u00e4chst, dass du mit beiden Achsen auf dem Coping stehst und vorw\u00e4rts wieder in die Quarter hinein f\u00e4hrst, ohne dabei zu grinden.<\/p><p>Anders als auf einer Curb oder einem Rail, macht man den Axle-Stall oder BS 50-50 in der Regel ohne Ollie. Um einen Axle Stall oder BS 50-50 zu \u00fcben, solltest du vorher bereits sichere Kick Turns beherrschen.   \r\n\t\t<\/p>\r\n\t\r\n\t\t<p>\r\n\t\tHier erf\u00e4hrst du, wie der Axle Stall &#038; BS 50-50 funktioniert.\r\n\t\t<\/p>\r\n\t\t\r\n\t<\/div>\r\n<\/div>\r\n\r\n<!-- .Ende des Einleitungsbereichs -->\r\n\r\n<div class=\"post clearfix padding-bottom\">\r\n\t<div id=\"decks-allgemeines\" class=\"hide-for-small large-2 columns\">\r\n\t\t<div class=\"date-day\">Axle Stall &#038; BS 50-50<\/div>\r\n\t\t<div class=\"date-month\">Video<\/div>\r\n\t<\/div>\r\n \r\n\t<div class=\"large-10 columns\">\r\n\t\r\n\t\t<h2 class=\"margin-top margin-bottom\" align=\"center\">Trick Tipp Video: Axle Stall &#038; BS 50-50<\/h2>\r\n\t\t\r\n\t\t<div class=\"medium-12 small-12 columns\">\r\n\t\t<div class=\"medium-10 columns medium-centered medium-offset-1 columns margin-bottom\">\r\n\r\n\t\t<div class=\"flex-video\">\r\n\t\t\t<iframe width=\"1280\" height=\"720\" data-src=\"https:\/\/www.youtube-nocookie.com\/embed\/FeK-zf1vzKI?showinfo=0\" frameborder=\"0\" allowfullscreen allow=\"autoplay; encrypted-media\"><\/iframe><noscript><iframe loading=\"lazy\" width=\"1280\" height=\"720\" src=\"https:\/\/www.youtube-nocookie.com\/embed\/FeK-zf1vzKI?showinfo=0\" frameborder=\"0\" allowfullscreen allow=\"autoplay; encrypted-media\"><\/iframe><\/noscript>\r\n\t\t<\/div>\r\n\t\t\t<div class=\"ShariffSC\" style=\"shariff-shop\"><div class=\"shariff\" data-url=\"https:\/\/skatedeluxe.com\/blog\/de\/trick-tipps\/skateboard\/transition\/how-to-axle-stall\/\" data-title=\"Axle Stall &#038; BS 50-50 &#8211; Skateboard Trick Tipp\" data-services='[\"facebooklike\", \"facebook\"]' data-backend-url='\/shariff\/'><\/div><\/div> <!-- .Social Leiste unterhalb des Videos -->\r\n\t\t<\/div>\r\n\t\t<\/div>\r\n\t\t\r\n\t<\/div>\r\n<\/div>\r\n\r\n<!-- .Ende des Videobereichs -->\r\n\r\n<div class=\"post clearfix padding-bottom\">\r\n\t<div id=\"decks-allgemeines\" class=\"hide-for-small large-2 columns\">\r\n\t\t<div class=\"date-day\">Axle Stall &#038; BS 50-50<\/div>\r\n\t\t<div class=\"date-month\">Sequenz<\/div>\r\n\t<\/div>\r\n\r\n\t<div class=\"large-10 columns\">\r\n\t\r\n\t\t<h2 class=\"margin-top margin-bottom\" align=\"center\">Trick Tipp Sequenz: Axle Stall &#038; BS 50-50<\/h2>\r\n\t\t\r\n\t\t<div class=\"medium-12 small-12 columns\">\r\n\t\t<div class=\"medium-10 columns medium-centered medium-offset-1 columns margin-bottom\">\r\n\t\t<div id=\"metaslider-id-121022\" style=\"max-width: 999px; margin: 0 auto;\" class=\"ml-slider-3-98-0 ml-slider-pro-2-6-6 metaslider metaslider-nivo metaslider-121022 ml-slider ms-theme-_theme_1463567531\" role=\"region\" aria-roledescription=\"Slideshow\" aria-label=\"Axle Stall &amp;amp; BS 50-50 - Trick Tip\" data-width=\"999\">\n    <div id=\"metaslider_container_121022\">\n        <div class='slider-wrapper theme-default'><div class='ribbon'><\/div><div id='metaslider_121022' class='nivoSlider'><img loading=\"lazy\" decoding=\"async\" width=\"999\" height=\"666\" src=\"\/blog\/wp-content\/uploads\/2016\/09\/trick-tip-axle-stall-1.jpg\" class=\"slider-121022 slide-120946\" alt=\"Skateboard Trick Axle Stall\" data-caption=\"\" data-thumb=\"\" title=\"Skateboard Trick Axle Stall\" rel=\"\" srcset=\"\/blog\/wp-content\/uploads\/2016\/09\/trick-tip-axle-stall-1.jpg 999w, \/blog\/wp-content\/uploads\/2016\/09\/trick-tip-axle-stall-1-600x400.jpg 600w, \/blog\/wp-content\/uploads\/2016\/09\/trick-tip-axle-stall-1-768x512.jpg 768w\" sizes=\"auto, (max-width: 999px) 100vw, 999px\" \/><img loading=\"lazy\" decoding=\"async\" width=\"999\" height=\"666\" src=\"\/blog\/wp-content\/uploads\/2016\/09\/trick-tip-axle-stall-2.jpg\" class=\"slider-121022 slide-120950\" alt=\"Skateboard Trick Axle Stall\" data-caption=\"\" data-thumb=\"\" title=\"Skateboard Trick Axle Stall\" rel=\"\" srcset=\"\/blog\/wp-content\/uploads\/2016\/09\/trick-tip-axle-stall-2.jpg 999w, \/blog\/wp-content\/uploads\/2016\/09\/trick-tip-axle-stall-2-600x400.jpg 600w, \/blog\/wp-content\/uploads\/2016\/09\/trick-tip-axle-stall-2-768x512.jpg 768w\" sizes=\"auto, (max-width: 999px) 100vw, 999px\" \/><img loading=\"lazy\" decoding=\"async\" width=\"999\" height=\"666\" src=\"\/blog\/wp-content\/uploads\/2016\/09\/trick-tip-axle-stall-3.jpg\" class=\"slider-121022 slide-120954\" alt=\"Skateboard Trick Axle Stall\" data-caption=\"\" data-thumb=\"\" title=\"Skateboard Trick Axle Stall\" rel=\"\" srcset=\"\/blog\/wp-content\/uploads\/2016\/09\/trick-tip-axle-stall-3.jpg 999w, \/blog\/wp-content\/uploads\/2016\/09\/trick-tip-axle-stall-3-600x400.jpg 600w, \/blog\/wp-content\/uploads\/2016\/09\/trick-tip-axle-stall-3-768x512.jpg 768w\" sizes=\"auto, (max-width: 999px) 100vw, 999px\" \/><img loading=\"lazy\" decoding=\"async\" width=\"999\" height=\"666\" src=\"\/blog\/wp-content\/uploads\/2016\/09\/trick-tip-axle-stall-4.jpg\" class=\"slider-121022 slide-120958\" alt=\"Skateboard Trick Axle Stall\" data-caption=\"\" data-thumb=\"\" title=\"Skateboard Trick Axle Stall\" rel=\"\" srcset=\"\/blog\/wp-content\/uploads\/2016\/09\/trick-tip-axle-stall-4.jpg 999w, \/blog\/wp-content\/uploads\/2016\/09\/trick-tip-axle-stall-4-600x400.jpg 600w, \/blog\/wp-content\/uploads\/2016\/09\/trick-tip-axle-stall-4-768x512.jpg 768w\" sizes=\"auto, (max-width: 999px) 100vw, 999px\" \/><img loading=\"lazy\" decoding=\"async\" width=\"999\" height=\"666\" src=\"\/blog\/wp-content\/uploads\/2016\/09\/trick-tip-axle-stall-5.jpg\" class=\"slider-121022 slide-120962\" alt=\"Skateboard Trick Axle Stall\" data-caption=\"\" data-thumb=\"\" title=\"Skateboard Trick Axle Stall\" rel=\"\" srcset=\"\/blog\/wp-content\/uploads\/2016\/09\/trick-tip-axle-stall-5.jpg 999w, \/blog\/wp-content\/uploads\/2016\/09\/trick-tip-axle-stall-5-600x400.jpg 600w, \/blog\/wp-content\/uploads\/2016\/09\/trick-tip-axle-stall-5-768x512.jpg 768w\" sizes=\"auto, (max-width: 999px) 100vw, 999px\" \/><img loading=\"lazy\" decoding=\"async\" width=\"999\" height=\"666\" src=\"\/blog\/wp-content\/uploads\/2016\/09\/trick-tip-axle-stall-6.jpg\" class=\"slider-121022 slide-120966\" alt=\"Skateboard Trick Axle Stall\" data-caption=\"\" data-thumb=\"\" title=\"Skateboard Trick Axle Stall\" rel=\"\" srcset=\"\/blog\/wp-content\/uploads\/2016\/09\/trick-tip-axle-stall-6.jpg 999w, \/blog\/wp-content\/uploads\/2016\/09\/trick-tip-axle-stall-6-600x400.jpg 600w, \/blog\/wp-content\/uploads\/2016\/09\/trick-tip-axle-stall-6-768x512.jpg 768w\" sizes=\"auto, (max-width: 999px) 100vw, 999px\" \/><img loading=\"lazy\" decoding=\"async\" width=\"999\" height=\"666\" src=\"\/blog\/wp-content\/uploads\/2016\/09\/trick-tip-axle-stall-7.jpg\" class=\"slider-121022 slide-120970\" alt=\"Skateboard Trick Axle Stall\" data-caption=\"\" data-thumb=\"\" title=\"Skateboard Trick Axle Stall\" rel=\"\" srcset=\"\/blog\/wp-content\/uploads\/2016\/09\/trick-tip-axle-stall-7.jpg 999w, \/blog\/wp-content\/uploads\/2016\/09\/trick-tip-axle-stall-7-600x400.jpg 600w, \/blog\/wp-content\/uploads\/2016\/09\/trick-tip-axle-stall-7-768x512.jpg 768w\" sizes=\"auto, (max-width: 999px) 100vw, 999px\" \/><img loading=\"lazy\" decoding=\"async\" width=\"999\" height=\"666\" src=\"\/blog\/wp-content\/uploads\/2016\/09\/trick-tip-axle-stall-8.jpg\" class=\"slider-121022 slide-120974\" alt=\"Skateboard Trick Axle Stall\" data-caption=\"\" data-thumb=\"\" title=\"Skateboard Trick Axle Stall\" rel=\"\" srcset=\"\/blog\/wp-content\/uploads\/2016\/09\/trick-tip-axle-stall-8.jpg 999w, \/blog\/wp-content\/uploads\/2016\/09\/trick-tip-axle-stall-8-600x400.jpg 600w, \/blog\/wp-content\/uploads\/2016\/09\/trick-tip-axle-stall-8-768x512.jpg 768w\" sizes=\"auto, (max-width: 999px) 100vw, 999px\" \/><img loading=\"lazy\" decoding=\"async\" width=\"999\" height=\"666\" src=\"\/blog\/wp-content\/uploads\/2016\/09\/trick-tip-axle-stall-9.jpg\" class=\"slider-121022 slide-120978\" alt=\"Skateboard Trick Axle Stall\" data-caption=\"\" data-thumb=\"\" title=\"Skateboard Trick Axle Stall\" rel=\"\" srcset=\"\/blog\/wp-content\/uploads\/2016\/09\/trick-tip-axle-stall-9.jpg 999w, \/blog\/wp-content\/uploads\/2016\/09\/trick-tip-axle-stall-9-600x400.jpg 600w, \/blog\/wp-content\/uploads\/2016\/09\/trick-tip-axle-stall-9-768x512.jpg 768w\" sizes=\"auto, (max-width: 999px) 100vw, 999px\" \/><img loading=\"lazy\" decoding=\"async\" width=\"999\" height=\"666\" src=\"\/blog\/wp-content\/uploads\/2016\/09\/trick-tip-axle-stall-10.jpg\" class=\"slider-121022 slide-120982\" alt=\"Skateboard Trick Axle Stall\" data-caption=\"\" data-thumb=\"\" title=\"Skateboard Trick Axle Stall\" rel=\"\" srcset=\"\/blog\/wp-content\/uploads\/2016\/09\/trick-tip-axle-stall-10.jpg 999w, \/blog\/wp-content\/uploads\/2016\/09\/trick-tip-axle-stall-10-600x400.jpg 600w, \/blog\/wp-content\/uploads\/2016\/09\/trick-tip-axle-stall-10-768x512.jpg 768w\" sizes=\"auto, (max-width: 999px) 100vw, 999px\" \/><img loading=\"lazy\" decoding=\"async\" width=\"999\" height=\"666\" src=\"\/blog\/wp-content\/uploads\/2016\/09\/trick-tip-axle-stall-11.jpg\" class=\"slider-121022 slide-120986\" alt=\"Skateboard Trick Axle Stall\" data-caption=\"\" data-thumb=\"\" title=\"Skateboard Trick Axle Stall\" rel=\"\" srcset=\"\/blog\/wp-content\/uploads\/2016\/09\/trick-tip-axle-stall-11.jpg 999w, \/blog\/wp-content\/uploads\/2016\/09\/trick-tip-axle-stall-11-600x400.jpg 600w, \/blog\/wp-content\/uploads\/2016\/09\/trick-tip-axle-stall-11-768x512.jpg 768w\" sizes=\"auto, (max-width: 999px) 100vw, 999px\" \/><img loading=\"lazy\" decoding=\"async\" width=\"999\" height=\"666\" src=\"\/blog\/wp-content\/uploads\/2016\/09\/trick-tip-axle-stall-12.jpg\" class=\"slider-121022 slide-120990\" alt=\"Skateboard Trick Axle Stall\" data-caption=\"\" data-thumb=\"\" title=\"Skateboard Trick Axle Stall\" rel=\"\" srcset=\"\/blog\/wp-content\/uploads\/2016\/09\/trick-tip-axle-stall-12.jpg 999w, \/blog\/wp-content\/uploads\/2016\/09\/trick-tip-axle-stall-12-600x400.jpg 600w, \/blog\/wp-content\/uploads\/2016\/09\/trick-tip-axle-stall-12-768x512.jpg 768w\" sizes=\"auto, (max-width: 999px) 100vw, 999px\" \/><img loading=\"lazy\" decoding=\"async\" width=\"999\" height=\"666\" src=\"\/blog\/wp-content\/uploads\/2016\/09\/trick-tip-axle-stall-13.jpg\" class=\"slider-121022 slide-120994\" alt=\"Skateboard Trick Axle Stall\" data-caption=\"\" data-thumb=\"\" title=\"Skateboard Trick Axle Stall\" rel=\"\" srcset=\"\/blog\/wp-content\/uploads\/2016\/09\/trick-tip-axle-stall-13.jpg 999w, \/blog\/wp-content\/uploads\/2016\/09\/trick-tip-axle-stall-13-600x400.jpg 600w, \/blog\/wp-content\/uploads\/2016\/09\/trick-tip-axle-stall-13-768x512.jpg 768w\" sizes=\"auto, (max-width: 999px) 100vw, 999px\" \/><img loading=\"lazy\" decoding=\"async\" width=\"999\" height=\"666\" src=\"\/blog\/wp-content\/uploads\/2016\/09\/trick-tip-axle-stall-14.jpg\" class=\"slider-121022 slide-120998\" alt=\"Skateboard Trick Axle Stall\" data-caption=\"\" data-thumb=\"\" title=\"Skateboard Trick Axle Stall\" rel=\"\" srcset=\"\/blog\/wp-content\/uploads\/2016\/09\/trick-tip-axle-stall-14.jpg 999w, \/blog\/wp-content\/uploads\/2016\/09\/trick-tip-axle-stall-14-600x400.jpg 600w, \/blog\/wp-content\/uploads\/2016\/09\/trick-tip-axle-stall-14-768x512.jpg 768w\" sizes=\"auto, (max-width: 999px) 100vw, 999px\" \/><img loading=\"lazy\" decoding=\"async\" width=\"999\" height=\"666\" src=\"\/blog\/wp-content\/uploads\/2016\/09\/trick-tip-axle-stall-15.jpg\" class=\"slider-121022 slide-121002\" alt=\"Skateboard Trick Axle Stall\" data-caption=\"\" data-thumb=\"\" title=\"Skateboard Trick Axle Stall\" rel=\"\" srcset=\"\/blog\/wp-content\/uploads\/2016\/09\/trick-tip-axle-stall-15.jpg 999w, \/blog\/wp-content\/uploads\/2016\/09\/trick-tip-axle-stall-15-600x400.jpg 600w, \/blog\/wp-content\/uploads\/2016\/09\/trick-tip-axle-stall-15-768x512.jpg 768w\" sizes=\"auto, (max-width: 999px) 100vw, 999px\" \/><img loading=\"lazy\" decoding=\"async\" width=\"999\" height=\"666\" src=\"\/blog\/wp-content\/uploads\/2016\/09\/trick-tip-axle-stall-16.jpg\" class=\"slider-121022 slide-121006\" alt=\"Skateboard Trick Axle Stall\" data-caption=\"\" data-thumb=\"\" title=\"Skateboard Trick Axle Stall\" rel=\"\" srcset=\"\/blog\/wp-content\/uploads\/2016\/09\/trick-tip-axle-stall-16.jpg 999w, \/blog\/wp-content\/uploads\/2016\/09\/trick-tip-axle-stall-16-600x400.jpg 600w, \/blog\/wp-content\/uploads\/2016\/09\/trick-tip-axle-stall-16-768x512.jpg 768w\" sizes=\"auto, (max-width: 999px) 100vw, 999px\" \/><img loading=\"lazy\" decoding=\"async\" width=\"999\" height=\"666\" src=\"\/blog\/wp-content\/uploads\/2016\/09\/trick-tip-axle-stall-17.jpg\" class=\"slider-121022 slide-121010\" alt=\"Skateboard Trick Axle Stall\" data-caption=\"\" data-thumb=\"\" title=\"Skateboard Trick Axle Stall\" rel=\"\" srcset=\"\/blog\/wp-content\/uploads\/2016\/09\/trick-tip-axle-stall-17.jpg 999w, \/blog\/wp-content\/uploads\/2016\/09\/trick-tip-axle-stall-17-600x400.jpg 600w, \/blog\/wp-content\/uploads\/2016\/09\/trick-tip-axle-stall-17-768x512.jpg 768w\" sizes=\"auto, (max-width: 999px) 100vw, 999px\" \/><img loading=\"lazy\" decoding=\"async\" width=\"999\" height=\"666\" src=\"\/blog\/wp-content\/uploads\/2016\/09\/trick-tip-axle-stall-18.jpg\" class=\"slider-121022 slide-121014\" alt=\"Skateboard Trick Axle Stall\" data-caption=\"\" data-thumb=\"\" title=\"Skateboard Trick Axle Stall\" rel=\"\" srcset=\"\/blog\/wp-content\/uploads\/2016\/09\/trick-tip-axle-stall-18.jpg 999w, \/blog\/wp-content\/uploads\/2016\/09\/trick-tip-axle-stall-18-600x400.jpg 600w, \/blog\/wp-content\/uploads\/2016\/09\/trick-tip-axle-stall-18-768x512.jpg 768w\" sizes=\"auto, (max-width: 999px) 100vw, 999px\" \/><img loading=\"lazy\" decoding=\"async\" width=\"999\" height=\"666\" src=\"\/blog\/wp-content\/uploads\/2016\/09\/trick-tip-axle-stall-19.jpg\" class=\"slider-121022 slide-121018\" alt=\"Skateboard Trick Axle Stall\" data-caption=\"\" data-thumb=\"\" title=\"Skateboard Trick Axle Stall\" rel=\"\" srcset=\"\/blog\/wp-content\/uploads\/2016\/09\/trick-tip-axle-stall-19.jpg 999w, \/blog\/wp-content\/uploads\/2016\/09\/trick-tip-axle-stall-19-600x400.jpg 600w, \/blog\/wp-content\/uploads\/2016\/09\/trick-tip-axle-stall-19-768x512.jpg 768w\" sizes=\"auto, (max-width: 999px) 100vw, 999px\" \/><\/div><\/div>\n        \n    <\/div>\n<\/div>\r\n\t\t<\/div>\r\n\t\t<\/div>\r\n\t\t\r\n\t<\/div>\r\n<\/div>\r\n\r\n<!-- .Ende der Sequenz -->\r\n\r\n<div class=\"post clearfix padding-bottom\">\r\n\t<div id=\"decks-allgemeines\" class=\"hide-for-small large-2 columns\">\r\n\t\t<div class=\"date-day\">Axle Stall &#038; BS 50-50<\/div>\r\n\t\t<div class=\"date-month\">Step By Step<\/div>\r\n\t<\/div>\r\n\r\n\t<div class=\"large-10 columns\">\r\n\t\r\n\t\t<h2 class=\"margin-top margin-bottom\" align=\"center\">Trick Tipp Step By Step: Axle Stall &#038; BS 50-50<\/h2>\r\n\t\t\r\n\t\t<p align=\"center\"><small>Klicke auf die Bilder zum Vergr\u00f6\u00dfern<\/small>\r\n\t\t\r\n\t\t<div class=\"medium-12 columns margin-bottom\">\r\n\t\t\t\r\n\t\t\t<div class=\"small-12 medium-5 columns\">\r\n\t\t\t\t<a title=\"Klicke zum Vergr\u00f6\u00dfern\" href=\"\/blog\/wp-content\/uploads\/2016\/09\/skateboard-trick-tip-axle-stall-1.jpg\" rel=\"lightbox[gallery-1] lightbox-0\">\r\n\t\t\t\t\t<img decoding=\"async\" src=\"data:image\/gif;base64,R0lGODlhAQABAIAAAAAAAP\/\/\/yH5BAEAAAAALAAAAAABAAEAAAIBRAA7\" data-src=\"\/blog\/wp-content\/uploads\/2016\/09\/skateboard-trick-tip-axle-stall-1-thumb.jpg\" alt=\"Skateboard Trick Axle Stall &#038; BS 50-50\" \/><noscript><img decoding=\"async\" src=\"\/blog\/wp-content\/uploads\/2016\/09\/skateboard-trick-tip-axle-stall-1-thumb.jpg\" alt=\"Skateboard Trick Axle Stall &#038; BS 50-50\" \/><\/noscript>\r\n\t\t\t\t<\/a>\t\t\t\r\n\t\t\t<\/div>\r\n\t\t\t\r\n\t\t\t<div class=\"small-12 medium-7 columns\">\r\n\t\t\t<p>\r\n\t\t\t<span class=\"h4\">1.<\/span>\r\n\t\t\tFahre mit gen\u00fcgend Schwung auf die Quarterpipe zu, wobei dein hinterer Fu\u00df auf dem Tail nahe der Schrauben steht und dein Vorderfu\u00df zwischen Boardmitte und den Schrauben der vorderen Achse.<\/p><p> F\u00fcr einen BS 50-50 brauchst du nochmal etwas mehr Schwung. \r\n\t\t\t<\/p>\r\n\t\t\t<\/div>\r\n\t\t<\/div>\r\n\r\n\t\t\r\n\t\t<div class=\"medium-12 columns margin-bottom\">\r\n\t\t\r\n\t\t\t<!-- .jedes zweite Bild in diese DIV-Klasse -->\r\n\t\t\t<div class=\"small-12 medium-5 medium-push-7 columns\">\r\n\t\t\t\t<a title=\"Klicke zum Vergr\u00f6\u00dfern\" href=\"\/blog\/wp-content\/uploads\/2016\/09\/skateboard-trick-tip-axle-stall-2.jpg\" rel=\"lightbox[gallery-1] lightbox-1\">\r\n\t\t\t\t\t<img decoding=\"async\" src=\"data:image\/gif;base64,R0lGODlhAQABAIAAAAAAAP\/\/\/yH5BAEAAAAALAAAAAABAAEAAAIBRAA7\" data-src=\"\/blog\/wp-content\/uploads\/2016\/09\/skateboard-trick-tip-axle-stall-2-thumb.jpg\" alt=\"Skateboard Trick Axle Stall &#038; BS 50-50\" \/><noscript><img decoding=\"async\" src=\"\/blog\/wp-content\/uploads\/2016\/09\/skateboard-trick-tip-axle-stall-2-thumb.jpg\" alt=\"Skateboard Trick Axle Stall &#038; BS 50-50\" \/><\/noscript>\r\n\t\t\t\t<\/a>\t\t\t\t\r\n\t\t\t<\/div>\r\n\t\t\r\n\t\t\t<!-- .jeden zweiten Text in diese DIV-Klasse -->\r\n\t\t\t<div class=\"small-12 medium-7 medium-pull-5 columns\">\r\n\t\t\t<p>\r\n\t\t\t<span class=\"h4\">2.<\/span>\r\n\t\t\tVerlagere dein Gewicht kurz vor dem Coping leicht nach hinten und hebe die Vorderachse etwas an. Sobald deine Hinterachse das Coping erreicht, drehst du deine H\u00fcfte ein, um in den Axle Stall zu kommen.<\/p> <p>Beim BS 50-50 f\u00e4hrst du einfach in einem leichten Winkel an, wodurch du auf dem Coping grinden wirst.\r\n\t\t\t<\/p>\r\n\t\t\t<\/div>\r\n\t\t\t\t\t\r\n\t\t<\/div>\r\n\t\t\r\n\t\t<div class=\"medium-12 columns margin-bottom\">\r\n\t\t\t\r\n\t\t\t<div class=\"small-12 medium-5 columns\">\r\n\t\t\t\t<a title=\"Klicke zum Vergr\u00f6\u00dfern\" href=\"\/blog\/wp-content\/uploads\/2016\/09\/skateboard-trick-tip-axle-stall-3.jpg\" rel=\"lightbox[gallery-1] lightbox-2\">\r\n\t\t\t\t\t<img decoding=\"async\" src=\"data:image\/gif;base64,R0lGODlhAQABAIAAAAAAAP\/\/\/yH5BAEAAAAALAAAAAABAAEAAAIBRAA7\" data-src=\"\/blog\/wp-content\/uploads\/2016\/09\/skateboard-trick-tip-axle-stall-3-thumb.jpg\" alt=\"Skateboard Trick Axle Stall &#038; BS 50-50\" \/><noscript><img decoding=\"async\" src=\"\/blog\/wp-content\/uploads\/2016\/09\/skateboard-trick-tip-axle-stall-3-thumb.jpg\" alt=\"Skateboard Trick Axle Stall &#038; BS 50-50\" \/><\/noscript>\r\n\t\t\t\t<\/a>\t\t\r\n\t\t\t<\/div>\r\n\t\t\t\r\n\t\t\t<div class=\"small-12 medium-7 columns\">\r\n\t\t\t<p>\r\n\t\t\t<span class=\"h4\">3.<\/span>\r\n\t\t\tUm in dieser Position sicher zu stehen, lehne dich ein wenig von der Transition weg.\r\n\t\t\t<\/p>\r\n\t\t\t<\/div>\r\n\t\t<\/div>\r\n\t\t\r\n\t\t<div class=\"medium-12 columns margin-bottom\">\r\n\t\t\r\n\t\t\t<div class=\"small-12 medium-5 medium-push-7 columns\">\r\n\t\t\t\t<a title=\"Klicke zum Vergr\u00f6\u00dfern\" href=\"\/blog\/wp-content\/uploads\/2016\/09\/skateboard-trick-tip-axle-stall-4.jpg\" rel=\"lightbox[gallery-1] lightbox-3\">\r\n\t\t\t\t\t<img decoding=\"async\" src=\"data:image\/gif;base64,R0lGODlhAQABAIAAAAAAAP\/\/\/yH5BAEAAAAALAAAAAABAAEAAAIBRAA7\" data-src=\"\/blog\/wp-content\/uploads\/2016\/09\/skateboard-trick-tip-axle-stall-4-thumb.jpg\" alt=\"Skateboard Trick Axle Stall &#038; BS 50-50\" \/><noscript><img decoding=\"async\" src=\"\/blog\/wp-content\/uploads\/2016\/09\/skateboard-trick-tip-axle-stall-4-thumb.jpg\" alt=\"Skateboard Trick Axle Stall &#038; BS 50-50\" \/><\/noscript>\r\n\t\t\t\t<\/a>\t\t\t\t\t\r\n\t\t\t<\/div>\r\n\t\t\r\n\t\t\t<div class=\"small-12 medium-7 medium-pull-5 columns\">\r\n\t\t\t<p>\r\n\t\t\t<span class=\"h4\">4.<\/span>\r\n\t\t\tZum Schluss hebelst du mit deiner Hinterachse die Vorderachse wieder aus dem Stall, drehst deine H\u00fcfte und l\u00e4sst dich vorsichtig zur\u00fcck in die Quarter fallen.\t\t\r\n\t\t\t<\/p>\r\n\t\t\t<\/div>\r\n\t\t\r\n\t\t<\/div>\r\n\t\t\r\n\t\t<div class=\"medium-12 columns margin-bottom\">\r\n\t\t\r\n\t\t\t<div class=\"medium-5 columns\">\r\n\t\t\t\t<a title=\"Klicke zum Vergr\u00f6\u00dfern\" href=\"\/blog\/wp-content\/uploads\/2016\/09\/skateboard-trick-tip-axle-stall-5.jpg\" rel=\"lightbox[gallery-1] lightbox-4\">\r\n\t\t\t\t\t<img decoding=\"async\" src=\"data:image\/gif;base64,R0lGODlhAQABAIAAAAAAAP\/\/\/yH5BAEAAAAALAAAAAABAAEAAAIBRAA7\" data-src=\"\/blog\/wp-content\/uploads\/2016\/09\/skateboard-trick-tip-axle-stall-5-thumb.jpg\" alt=\"Skateboard Trick Axle Stall &#038; BS 50-50\" \/><noscript><img decoding=\"async\" src=\"\/blog\/wp-content\/uploads\/2016\/09\/skateboard-trick-tip-axle-stall-5-thumb.jpg\" alt=\"Skateboard Trick Axle Stall &#038; BS 50-50\" \/><\/noscript>\r\n\t\t\t\t<\/a>\t\t\t\t\t\t\t\r\n\t\t\t<\/div>\r\n\t\t\t\r\n\t\t\t<div class=\"medium-7 columns\">\r\n\t\t\t<p>\r\n\t\t\t<span class=\"h4\">5.<\/span>\r\n\t\t\tAchte beim Ausfahren darauf, dass du dein Gewicht gleichm\u00e4\u00dfig auf dem Board verteilst, damit du nach dem Ausloggen nicht nach hinten kippst.<\/p> <p>Zudem solltest du dich auch nicht zu sehr nach vorn lehnen, da dir ansonsten das Board abhauen kann und du eine unsch\u00f6ne Begegnung mit der Transition machst.\t\t\r\n\t\t\t<\/p>\r\n\r\n\t\t\t<\/div>\r\n\t\t<\/div>\r\n\t<\/div>\r\n<\/div>\r\n\r\n<!-- .Ende der Step By Step Anleitung -->\r\n\r\n<div class=\"post clearfix padding-bottom\">\r\n\t<div id=\"decks-allgemeines\" class=\"hide-for-small large-2 columns\">\r\n\t\t<div class=\"date-day\">Mehr Tricks<\/div>\r\n\t\t<div class=\"date-month\">?<\/div>\r\n\t<\/div>\r\n\r\n\t<div class=\"large-10 columns\">\r\n\t\r\n\t\t<h3 class=\"margin-top margin-bottom\" align=\"center\">Welcher Trick als n\u00e4chstes?<\/h2>\r\n\t\t\r\n\t\t<p>\r\n\t\tWenn Axel Stall und BS 50-50 sitzen, kannst du dir auch gleich noch den FS 50-50 anschauen, um dich in allen Richtungen grindend in der Miniramp bewegen zu k\u00f6nnen.<\/p> <p>Aber auch schwerere Tricks wie der FS Ollie oder der BS Disaster warten auf dich. Ganz egal, wof\u00fcr du dich entscheidest, nimm dir Zeit und genie\u00dfe auch die kleinen Erfolge.<\/p> <p>Wenn du erst einmal genug von Transitions hast, warten noch eine Menge anderer Tricks auf dich. Klicke dich einfach durch die zahlreichen <a title=\"zu den Skateboard Trick Tipps Flat\" href=\"\/blog\/de\/trick-tipps\/skateboard\/flat\/\">Trick Tipps f\u00fcr&#8217;s Flat<\/a>, <a title=\"zu den Skateboard Trick Tipps Flat\" href=\"\/blog\/de\/trick-tipps\/skateboard\/curb-rail\/\">Curb und Rail<\/a> oder <a title=\"zu den Skateboard Trick Tipps Flat\" href=\"\/blog\/de\/trick-tipps\/skateboard\/transition\/\">Transition.<\/a>\r\n\t\t<\/p>\r\n\t\t\r\n\t\t<div class=\"medium-12 small-12 columns\">\r\n<a title=\"zu den Skateboard Trick Tipps Transition\" href=\"\/blog\/de\/trick-tipps\/skateboard\/transition\/\" class=\"button-auto\">Skateboard Trick Tipps | Transition<\/a>\r\n\t\t\t<br><br>\r\n\t\t\t\r\n\t\t\t<div class=\"medium-6 small-12 columns\">\r\n\t\t\t<a title=\"zu den Skateboard Trick Tipps Curb &#038; Rail\" href=\"\/blog\/de\/trick-tipps\/skateboard\/curb-rail\/\" class=\"button-auto\">Skateboard Trick Tipps | Curb &#038; Rail<\/a>\r\n\t\t\t<br><br>\r\n\t\t\t<\/div>\r\n\t\t\t\r\n\t\t\t<div class=\"medium-6 small-12 columns\">\r\n\t\t\t<a title=\"zu den Skateboard Trick Tipps Flat\" href=\"\/blog\/de\/trick-tipps\/skateboard\/flat\/\" class=\"button-auto\">Skateboard Trick Tipps | Flat<\/a>\r\n\t\t\t<br><br>\r\n\t\t\t<\/div>\r\n\t\t\t\r\n\t\t<\/div>\r\n\t\t\r\n\t\t\r\n\t<\/div>\r\n<\/div><div class=\"ShariffSC\" style=\"shariff-shop\"><div class=\"shariff\" data-url=\"https:\/\/skatedeluxe.com\/blog\/de\/trick-tipps\/skateboard\/transition\/how-to-axle-stall\/\" data-title=\"Axle Stall &#038; BS 50-50 &#8211; Skateboard Trick Tipp\" data-services='[\"facebooklike\", \"facebook\"]' data-backend-url='\/shariff\/'><\/div><\/div>","protected":false},"excerpt":{"rendered":"<p>Trick Tipp Axle Stall &#038; BS 50-50 Ein Axle Stall bedeutet zun\u00e4chst, dass du mit beiden Achsen auf dem Coping stehst und vorw\u00e4rts wieder in die Quarter hinein f\u00e4hrst, ohne dabei zu grinden.Anders als auf einer Curb oder einem Rail, macht man den Axle-Stall oder BS 50-50 in der Regel ohne Ollie. Um einen Axle <a class=\"read-more\" href=\"https:\/\/skatedeluxe.com\/blog\/de\/trick-tipps\/skateboard\/transition\/how-to-axle-stall\/\">[&#8230;]<\/a><\/p>\n","protected":false},"author":24,"featured_media":120385,"parent":21469,"menu_order":4,"comment_status":"open","ping_status":"closed","template":"page-templates\/teasing-page.php","meta":{"footnotes":""},"class_list":["post-21561","page","type-page","status-publish","has-post-thumbnail","hentry"],"aioseo_notices":[],"amp_enabled":false,"_links":{"self":[{"href":"https:\/\/skatedeluxe.com\/blog\/de\/wp-json\/wp\/v2\/pages\/21561","targetHints":{"allow":["GET"]}}],"collection":[{"href":"https:\/\/skatedeluxe.com\/blog\/de\/wp-json\/wp\/v2\/pages"}],"about":[{"href":"https:\/\/skatedeluxe.com\/blog\/de\/wp-json\/wp\/v2\/types\/page"}],"author":[{"embeddable":true,"href":"https:\/\/skatedeluxe.com\/blog\/de\/wp-json\/wp\/v2\/users\/24"}],"replies":[{"embeddable":true,"href":"https:\/\/skatedeluxe.com\/blog\/de\/wp-json\/wp\/v2\/comments?post=21561"}],"version-history":[{"count":12,"href":"https:\/\/skatedeluxe.com\/blog\/de\/wp-json\/wp\/v2\/pages\/21561\/revisions"}],"predecessor-version":[{"id":144070,"href":"https:\/\/skatedeluxe.com\/blog\/de\/wp-json\/wp\/v2\/pages\/21561\/revisions\/144070"}],"up":[{"embeddable":true,"href":"https:\/\/skatedeluxe.com\/blog\/de\/wp-json\/wp\/v2\/pages\/21469"}],"wp:featuredmedia":[{"embeddable":true,"href":"https:\/\/skatedeluxe.com\/blog\/de\/wp-json\/wp\/v2\/media\/120385"}],"wp:attachment":[{"href":"https:\/\/skatedeluxe.com\/blog\/de\/wp-json\/wp\/v2\/media?parent=21561"}],"curies":[{"name":"wp","href":"https:\/\/api.w.org\/{rel}","templated":true}]}}