{"id":21560,"date":"2013-06-05T15:55:24","date_gmt":"2013-06-05T13:55:24","guid":{"rendered":"http:\/\/www.skatedeluxe.de\/blog\/?page_id=21560"},"modified":"2018-05-09T12:14:04","modified_gmt":"2018-05-09T10:14:04","slug":"how-to-rock-to-fakie","status":"publish","type":"page","link":"https:\/\/skatedeluxe.com\/blog\/de\/trick-tipps\/skateboard\/transition\/how-to-rock-to-fakie\/","title":{"rendered":"Rock To Fakie &#8211; Skateboard Trick Tipp"},"content":{"rendered":"<div class=\"post clearfix padding-bottom\">\r\n\t<div id=\"decks-allgemeines\" class=\"hide-for-small large-2 columns\">\r\n\t\t<div class=\"date-day\">Trick Tipp<\/div>\r\n\t\t<div class=\"date-month\">Rock to Fakie<\/div>\r\n\t<\/div>\r\n\r\n\t<div class=\"large-10 columns\">\r\n\t\r\n\t\t<p>\r\n\t\tDer Rock to Fakie ist ein wichtiger Basistrick in der Quarter oder der Miniramp. Im Vergleich zu anderen Tricks ist der Rock to Fakie relativ einfach zu lernen und sehr wichtig, um Lines in einem Skatepark fahren zu k\u00f6nnen. <\/p><p>Wenn du diesen Trick drauf hast, kannst du in einer Miniramp sowohl Fakie, als auch Switch Tricks versuchen, ohne einen Switch Drop-In k\u00f6nnen zu m\u00fcssen, welcher im Vergleich zum Rock to Fakie echt schwer ist.<\/p><p> Am besten versuchst du den Rock to Fakie nicht direkt in einer Miniramp. In der Quarterpipe deines Local Skateparks kannst du so viel Anlauf nehmen wie du brauchst und deine Geschwindigkeit selbst bestimmen.   \r\n\t\t<\/p>\r\n\t\r\n\t\t<p>\r\n\t\tHier erf\u00e4hrst du, wie der Rock to Fakie funktioniert.\r\n\t\t<\/p>\r\n\t\t\r\n\t<\/div>\r\n<\/div>\r\n\r\n<!-- .Ende des Einleitungsbereichs -->\r\n\r\n<div class=\"post clearfix padding-bottom\">\r\n\t<div id=\"decks-allgemeines\" class=\"hide-for-small large-2 columns\">\r\n\t\t<div class=\"date-day\">Rock to Fakie<\/div>\r\n\t\t<div class=\"date-month\">Video<\/div>\r\n\t<\/div>\r\n \r\n\t<div class=\"large-10 columns\">\r\n\t\r\n\t\t<h2 class=\"margin-top margin-bottom\" align=\"center\">Trick Tipp Video: Rock to Fakie<\/h2>\r\n\t\t\r\n\t\t<div class=\"medium-12 small-12 columns\">\r\n\t\t<div class=\"medium-10 columns medium-centered medium-offset-1 columns margin-bottom\">\r\n\r\n\t\t<div class=\"flex-video\">\r\n\t\t\t<iframe width=\"1280\" height=\"720\" data-src=\"https:\/\/www.youtube-nocookie.com\/embed\/PKMI82ppsFU?showinfo=0\" frameborder=\"0\" allowfullscreen allow=\"autoplay; encrypted-media\"><\/iframe><noscript><iframe loading=\"lazy\" width=\"1280\" height=\"720\" src=\"https:\/\/www.youtube-nocookie.com\/embed\/PKMI82ppsFU?showinfo=0\" frameborder=\"0\" allowfullscreen allow=\"autoplay; encrypted-media\"><\/iframe><\/noscript>\r\n\t\t<\/div>\r\n\t\t\t<div class=\"ShariffSC\" style=\"shariff-shop\"><div class=\"shariff\" data-url=\"https:\/\/skatedeluxe.com\/blog\/de\/trick-tipps\/skateboard\/transition\/how-to-rock-to-fakie\/\" data-title=\"Rock To Fakie &#8211; Skateboard Trick Tipp\" data-services='[\"facebooklike\", \"facebook\"]' data-backend-url='\/shariff\/'><\/div><\/div> <!-- .Social Leiste unterhalb des Videos -->\r\n\t\t<\/div>\r\n\t\t<\/div>\r\n\t\t\r\n\t<\/div>\r\n<\/div>\r\n\r\n<!-- .Ende des Videobereichs -->\r\n\r\n<div class=\"post clearfix padding-bottom\">\r\n\t<div id=\"decks-allgemeines\" class=\"hide-for-small large-2 columns\">\r\n\t\t<div class=\"date-day\">Rock to Fakie<\/div>\r\n\t\t<div class=\"date-month\">Sequenz<\/div>\r\n\t<\/div>\r\n\r\n\t<div class=\"large-10 columns\">\r\n\t\r\n\t\t<h2 class=\"margin-top margin-bottom\" align=\"center\">Trick Tipp Sequenz: Rock to Fakie<\/h2>\r\n\t\t\r\n\t\t<div class=\"medium-12 small-12 columns\">\r\n\t\t<div class=\"medium-10 columns medium-centered medium-offset-1 columns margin-bottom\">\r\n\t\t<div id=\"metaslider-id-120818\" style=\"max-width: 999px; margin: 0 auto;\" class=\"ml-slider-3-98-0 ml-slider-pro-2-6-6 metaslider metaslider-nivo metaslider-120818 ml-slider ms-theme-_theme_1463567531\" role=\"region\" aria-roledescription=\"Slideshow\" aria-label=\"Rock to Fakie - Trick Tip\" data-width=\"999\">\n    <div id=\"metaslider_container_120818\">\n        <div class='slider-wrapper theme-default'><div class='ribbon'><\/div><div id='metaslider_120818' class='nivoSlider'><img loading=\"lazy\" decoding=\"async\" width=\"999\" height=\"666\" src=\"\/blog\/wp-content\/uploads\/2016\/09\/trick-tip-rock-to-fakie-1.jpg\" class=\"slider-120818 slide-120819\" alt=\"Skateboard Trick Rock to Fakie\" data-caption=\"\" data-thumb=\"\" title=\"Skateboard Trick Rock to Fakie\" rel=\"\" srcset=\"\/blog\/wp-content\/uploads\/2016\/09\/trick-tip-rock-to-fakie-1.jpg 999w, \/blog\/wp-content\/uploads\/2016\/09\/trick-tip-rock-to-fakie-1-600x400.jpg 600w, \/blog\/wp-content\/uploads\/2016\/09\/trick-tip-rock-to-fakie-1-768x512.jpg 768w\" sizes=\"auto, (max-width: 999px) 100vw, 999px\" \/><img loading=\"lazy\" decoding=\"async\" width=\"999\" height=\"666\" src=\"\/blog\/wp-content\/uploads\/2016\/09\/trick-tip-rock-to-fakie-2.jpg\" class=\"slider-120818 slide-120823\" alt=\"Skateboard Trick Rock to Fakie\" data-caption=\"\" data-thumb=\"\" title=\"Skateboard Trick Rock to Fakie\" rel=\"\" srcset=\"\/blog\/wp-content\/uploads\/2016\/09\/trick-tip-rock-to-fakie-2.jpg 999w, \/blog\/wp-content\/uploads\/2016\/09\/trick-tip-rock-to-fakie-2-600x400.jpg 600w, \/blog\/wp-content\/uploads\/2016\/09\/trick-tip-rock-to-fakie-2-768x512.jpg 768w\" sizes=\"auto, (max-width: 999px) 100vw, 999px\" \/><img loading=\"lazy\" decoding=\"async\" width=\"999\" height=\"666\" src=\"\/blog\/wp-content\/uploads\/2016\/09\/trick-tip-rock-to-fakie-3.jpg\" class=\"slider-120818 slide-120827\" alt=\"Skateboard Trick Rock to Fakie\" data-caption=\"\" data-thumb=\"\" title=\"Skateboard Trick Rock to Fakie\" rel=\"\" srcset=\"\/blog\/wp-content\/uploads\/2016\/09\/trick-tip-rock-to-fakie-3.jpg 999w, \/blog\/wp-content\/uploads\/2016\/09\/trick-tip-rock-to-fakie-3-600x400.jpg 600w, \/blog\/wp-content\/uploads\/2016\/09\/trick-tip-rock-to-fakie-3-768x512.jpg 768w\" sizes=\"auto, (max-width: 999px) 100vw, 999px\" \/><img loading=\"lazy\" decoding=\"async\" width=\"999\" height=\"666\" src=\"\/blog\/wp-content\/uploads\/2016\/09\/trick-tip-rock-to-fakie-4.jpg\" class=\"slider-120818 slide-120831\" alt=\"Skateboard Trick Rock to Fakie\" data-caption=\"\" data-thumb=\"\" title=\"Skateboard Trick Rock to Fakie\" rel=\"\" srcset=\"\/blog\/wp-content\/uploads\/2016\/09\/trick-tip-rock-to-fakie-4.jpg 999w, \/blog\/wp-content\/uploads\/2016\/09\/trick-tip-rock-to-fakie-4-600x400.jpg 600w, \/blog\/wp-content\/uploads\/2016\/09\/trick-tip-rock-to-fakie-4-768x512.jpg 768w\" sizes=\"auto, (max-width: 999px) 100vw, 999px\" \/><img loading=\"lazy\" decoding=\"async\" width=\"999\" height=\"666\" src=\"\/blog\/wp-content\/uploads\/2016\/09\/trick-tip-rock-to-fakie-5.jpg\" class=\"slider-120818 slide-120835\" alt=\"Skateboard Trick Rock to Fakie\" data-caption=\"\" data-thumb=\"\" title=\"Skateboard Trick Rock to Fakie\" rel=\"\" srcset=\"\/blog\/wp-content\/uploads\/2016\/09\/trick-tip-rock-to-fakie-5.jpg 999w, \/blog\/wp-content\/uploads\/2016\/09\/trick-tip-rock-to-fakie-5-600x400.jpg 600w, \/blog\/wp-content\/uploads\/2016\/09\/trick-tip-rock-to-fakie-5-768x512.jpg 768w\" sizes=\"auto, (max-width: 999px) 100vw, 999px\" \/><img loading=\"lazy\" decoding=\"async\" width=\"999\" height=\"666\" src=\"\/blog\/wp-content\/uploads\/2016\/09\/trick-tip-rock-to-fakie-6.jpg\" class=\"slider-120818 slide-120839\" alt=\"Skateboard Trick Rock to Fakie\" data-caption=\"\" data-thumb=\"\" title=\"Skateboard Trick Rock to Fakie\" rel=\"\" srcset=\"\/blog\/wp-content\/uploads\/2016\/09\/trick-tip-rock-to-fakie-6.jpg 999w, \/blog\/wp-content\/uploads\/2016\/09\/trick-tip-rock-to-fakie-6-600x400.jpg 600w, \/blog\/wp-content\/uploads\/2016\/09\/trick-tip-rock-to-fakie-6-768x512.jpg 768w\" sizes=\"auto, (max-width: 999px) 100vw, 999px\" \/><img loading=\"lazy\" decoding=\"async\" width=\"999\" height=\"666\" src=\"\/blog\/wp-content\/uploads\/2016\/09\/trick-tip-rock-to-fakie-7.jpg\" class=\"slider-120818 slide-120843\" alt=\"Skateboard Trick Rock to Fakie\" data-caption=\"\" data-thumb=\"\" title=\"Skateboard Trick Rock to Fakie\" rel=\"\" srcset=\"\/blog\/wp-content\/uploads\/2016\/09\/trick-tip-rock-to-fakie-7.jpg 999w, \/blog\/wp-content\/uploads\/2016\/09\/trick-tip-rock-to-fakie-7-600x400.jpg 600w, \/blog\/wp-content\/uploads\/2016\/09\/trick-tip-rock-to-fakie-7-768x512.jpg 768w\" sizes=\"auto, (max-width: 999px) 100vw, 999px\" \/><img loading=\"lazy\" decoding=\"async\" width=\"999\" height=\"666\" src=\"\/blog\/wp-content\/uploads\/2016\/09\/trick-tip-rock-to-fakie-8.jpg\" class=\"slider-120818 slide-120847\" alt=\"Skateboard Trick Rock to Fakie\" data-caption=\"\" data-thumb=\"\" title=\"Skateboard Trick Rock to Fakie\" rel=\"\" srcset=\"\/blog\/wp-content\/uploads\/2016\/09\/trick-tip-rock-to-fakie-8.jpg 999w, \/blog\/wp-content\/uploads\/2016\/09\/trick-tip-rock-to-fakie-8-600x400.jpg 600w, \/blog\/wp-content\/uploads\/2016\/09\/trick-tip-rock-to-fakie-8-768x512.jpg 768w\" sizes=\"auto, (max-width: 999px) 100vw, 999px\" \/><img loading=\"lazy\" decoding=\"async\" width=\"999\" height=\"666\" src=\"\/blog\/wp-content\/uploads\/2016\/09\/trick-tip-rock-to-fakie-9.jpg\" class=\"slider-120818 slide-120851\" alt=\"Skateboard Trick Rock to Fakie\" data-caption=\"\" data-thumb=\"\" title=\"Skateboard Trick Rock to Fakie\" rel=\"\" srcset=\"\/blog\/wp-content\/uploads\/2016\/09\/trick-tip-rock-to-fakie-9.jpg 999w, \/blog\/wp-content\/uploads\/2016\/09\/trick-tip-rock-to-fakie-9-600x400.jpg 600w, \/blog\/wp-content\/uploads\/2016\/09\/trick-tip-rock-to-fakie-9-768x512.jpg 768w\" sizes=\"auto, (max-width: 999px) 100vw, 999px\" \/><img loading=\"lazy\" decoding=\"async\" width=\"999\" height=\"666\" src=\"\/blog\/wp-content\/uploads\/2016\/09\/trick-tip-rock-to-fakie-10.jpg\" class=\"slider-120818 slide-120855\" alt=\"Skateboard Trick Rock to Fakie\" data-caption=\"\" data-thumb=\"\" title=\"Skateboard Trick Rock to Fakie\" rel=\"\" srcset=\"\/blog\/wp-content\/uploads\/2016\/09\/trick-tip-rock-to-fakie-10.jpg 999w, \/blog\/wp-content\/uploads\/2016\/09\/trick-tip-rock-to-fakie-10-600x400.jpg 600w, \/blog\/wp-content\/uploads\/2016\/09\/trick-tip-rock-to-fakie-10-768x512.jpg 768w\" sizes=\"auto, (max-width: 999px) 100vw, 999px\" \/><img loading=\"lazy\" decoding=\"async\" width=\"999\" height=\"666\" src=\"\/blog\/wp-content\/uploads\/2016\/09\/trick-tip-rock-to-fakie-11.jpg\" class=\"slider-120818 slide-120859\" alt=\"Skateboard Trick Rock to Fakie\" data-caption=\"\" data-thumb=\"\" title=\"Skateboard Trick Rock to Fakie\" rel=\"\" srcset=\"\/blog\/wp-content\/uploads\/2016\/09\/trick-tip-rock-to-fakie-11.jpg 999w, \/blog\/wp-content\/uploads\/2016\/09\/trick-tip-rock-to-fakie-11-600x400.jpg 600w, \/blog\/wp-content\/uploads\/2016\/09\/trick-tip-rock-to-fakie-11-768x512.jpg 768w\" sizes=\"auto, (max-width: 999px) 100vw, 999px\" \/><img loading=\"lazy\" decoding=\"async\" width=\"999\" height=\"666\" src=\"\/blog\/wp-content\/uploads\/2016\/09\/trick-tip-rock-to-fakie-12.jpg\" class=\"slider-120818 slide-120863\" alt=\"Skateboard Trick Rock to Fakie\" data-caption=\"\" data-thumb=\"\" title=\"Skateboard Trick Rock to Fakie\" rel=\"\" srcset=\"\/blog\/wp-content\/uploads\/2016\/09\/trick-tip-rock-to-fakie-12.jpg 999w, \/blog\/wp-content\/uploads\/2016\/09\/trick-tip-rock-to-fakie-12-600x400.jpg 600w, \/blog\/wp-content\/uploads\/2016\/09\/trick-tip-rock-to-fakie-12-768x512.jpg 768w\" sizes=\"auto, (max-width: 999px) 100vw, 999px\" \/><img loading=\"lazy\" decoding=\"async\" width=\"999\" height=\"666\" src=\"\/blog\/wp-content\/uploads\/2016\/09\/trick-tip-rock-to-fakie-13.jpg\" class=\"slider-120818 slide-120867\" alt=\"Skateboard Trick Rock to Fakie\" data-caption=\"\" data-thumb=\"\" title=\"Skateboard Trick Rock to Fakie\" rel=\"\" srcset=\"\/blog\/wp-content\/uploads\/2016\/09\/trick-tip-rock-to-fakie-13.jpg 999w, \/blog\/wp-content\/uploads\/2016\/09\/trick-tip-rock-to-fakie-13-600x400.jpg 600w, \/blog\/wp-content\/uploads\/2016\/09\/trick-tip-rock-to-fakie-13-768x512.jpg 768w\" sizes=\"auto, (max-width: 999px) 100vw, 999px\" \/><img loading=\"lazy\" decoding=\"async\" width=\"999\" height=\"666\" src=\"\/blog\/wp-content\/uploads\/2016\/09\/trick-tip-rock-to-fakie-14.jpg\" class=\"slider-120818 slide-120871\" alt=\"Skateboard Trick Rock to Fakie\" data-caption=\"\" data-thumb=\"\" title=\"Skateboard Trick Rock to Fakie\" rel=\"\" srcset=\"\/blog\/wp-content\/uploads\/2016\/09\/trick-tip-rock-to-fakie-14.jpg 999w, \/blog\/wp-content\/uploads\/2016\/09\/trick-tip-rock-to-fakie-14-600x400.jpg 600w, \/blog\/wp-content\/uploads\/2016\/09\/trick-tip-rock-to-fakie-14-768x512.jpg 768w\" sizes=\"auto, (max-width: 999px) 100vw, 999px\" \/><img loading=\"lazy\" decoding=\"async\" width=\"999\" height=\"666\" src=\"\/blog\/wp-content\/uploads\/2016\/09\/trick-tip-rock-to-fakie-15.jpg\" class=\"slider-120818 slide-120875\" alt=\"Skateboard Trick Rock to Fakie\" data-caption=\"\" data-thumb=\"\" title=\"Skateboard Trick Rock to Fakie\" rel=\"\" srcset=\"\/blog\/wp-content\/uploads\/2016\/09\/trick-tip-rock-to-fakie-15.jpg 999w, \/blog\/wp-content\/uploads\/2016\/09\/trick-tip-rock-to-fakie-15-600x400.jpg 600w, \/blog\/wp-content\/uploads\/2016\/09\/trick-tip-rock-to-fakie-15-768x512.jpg 768w\" sizes=\"auto, (max-width: 999px) 100vw, 999px\" \/><\/div><\/div>\n        \n    <\/div>\n<\/div>\r\n\t\t<\/div>\r\n\t\t<\/div>\r\n\t\t\r\n\t<\/div>\r\n<\/div>\r\n\r\n<!-- .Ende der Sequenz -->\r\n\r\n<div class=\"post clearfix padding-bottom\">\r\n\t<div id=\"decks-allgemeines\" class=\"hide-for-small large-2 columns\">\r\n\t\t<div class=\"date-day\">Rock to Fakie<\/div>\r\n\t\t<div class=\"date-month\">Step By Step<\/div>\r\n\t<\/div>\r\n\r\n\t<div class=\"large-10 columns\">\r\n\t\r\n\t\t<h2 class=\"margin-top margin-bottom\" align=\"center\">Trick Tipp Step By Step: Rock to Fakie<\/h2>\r\n\t\t\r\n\t\t<p align=\"center\"><small>Klicke auf die Bilder zum Vergr\u00f6\u00dfern<\/small>\r\n\t\t\r\n\t\t<div class=\"medium-12 columns margin-bottom\">\r\n\t\t\t\r\n\t\t\t<div class=\"small-12 medium-5 columns\">\r\n\t\t\t\t<a title=\"Klicke zum Vergr\u00f6\u00dfern\" href=\"\/blog\/wp-content\/uploads\/2016\/09\/skateboard-trick-tip-rock-to-fakie-1.jpg\" rel=\"lightbox[gallery-1] lightbox-0\">\r\n\t\t\t\t\t<img decoding=\"async\" src=\"data:image\/gif;base64,R0lGODlhAQABAIAAAAAAAP\/\/\/yH5BAEAAAAALAAAAAABAAEAAAIBRAA7\" data-src=\"\/blog\/wp-content\/uploads\/2016\/09\/skateboard-trick-tip-rock-to-fakie-1-thumb.jpg\" alt=\"Skateboard Trick Rock to Fakie\" \/><noscript><img decoding=\"async\" src=\"\/blog\/wp-content\/uploads\/2016\/09\/skateboard-trick-tip-rock-to-fakie-1-thumb.jpg\" alt=\"Skateboard Trick Rock to Fakie\" \/><\/noscript>\r\n\t\t\t\t<\/a>\t\t\t\r\n\t\t\t<\/div>\r\n\t\t\t\r\n\t\t\t<div class=\"small-12 medium-7 columns\">\r\n\t\t\t<p>\r\n\t\t\t<span class=\"h4\">1.<\/span>\r\n\t\t\tBei einem Rock to Fakie f\u00e4hrst du mit gen\u00fcgend Schwung auf die Quarter zu, um die Vorderachse deines Boards \u00fcber das Coping zu bekommen, die Hinterachse aber nicht. \r\n\t\t\t<\/p>\r\n\t\t\t<\/div>\r\n\t\t<\/div>\r\n\r\n\t\t\r\n\t\t<div class=\"medium-12 columns margin-bottom\">\r\n\t\t\r\n\t\t\t<!-- .jedes zweite Bild in diese DIV-Klasse -->\r\n\t\t\t<div class=\"small-12 medium-5 medium-push-7 columns\">\r\n\t\t\t\t<a title=\"Klicke zum Vergr\u00f6\u00dfern\" href=\"\/blog\/wp-content\/uploads\/2016\/09\/skateboard-trick-tip-rock-to-fakie-2.jpg\" rel=\"lightbox[gallery-1] lightbox-1\">\r\n\t\t\t\t\t<img decoding=\"async\" src=\"data:image\/gif;base64,R0lGODlhAQABAIAAAAAAAP\/\/\/yH5BAEAAAAALAAAAAABAAEAAAIBRAA7\" data-src=\"\/blog\/wp-content\/uploads\/2016\/09\/skateboard-trick-tip-rock-to-fakie-2-thumb.jpg\" alt=\"Skateboard Trick Rock to Fakie\" \/><noscript><img decoding=\"async\" src=\"\/blog\/wp-content\/uploads\/2016\/09\/skateboard-trick-tip-rock-to-fakie-2-thumb.jpg\" alt=\"Skateboard Trick Rock to Fakie\" \/><\/noscript>\r\n\t\t\t\t<\/a>\t\t\t\t\r\n\t\t\t<\/div>\r\n\t\t\r\n\t\t\t<!-- .jeden zweiten Text in diese DIV-Klasse -->\r\n\t\t\t<div class=\"small-12 medium-7 medium-pull-5 columns\">\r\n\t\t\t<p>\r\n\t\t\t<span class=\"h4\">2.<\/span>\r\n\t\t\tVerl\u00e4sst die Vorderachse das Coping, streckst du das Vorderbein durch, um die Boardspitze nach vorne zu kippen.<\/p><p> Dein K\u00f6rpergewicht verlagert sich dabei teilweise auf dein vorderes Bein, wobei dein K\u00f6rper in einer leicht zur\u00fcckgelehnten Haltung bleibt.\r\n\t\t\t<\/p>\r\n\t\t\t<\/div>\r\n\t\t\t\t\t\r\n\t\t<\/div>\r\n\t\t\r\n\t\t<div class=\"medium-12 columns margin-bottom\">\r\n\t\t\t\r\n\t\t\t<div class=\"small-12 medium-5 columns\">\r\n\t\t\t\t<a title=\"Klicke zum Vergr\u00f6\u00dfern\" href=\"\/blog\/wp-content\/uploads\/2016\/09\/skateboard-trick-tip-rock-to-fakie-3.jpg\" rel=\"lightbox[gallery-1] lightbox-2\">\r\n\t\t\t\t\t<img decoding=\"async\" src=\"data:image\/gif;base64,R0lGODlhAQABAIAAAAAAAP\/\/\/yH5BAEAAAAALAAAAAABAAEAAAIBRAA7\" data-src=\"\/blog\/wp-content\/uploads\/2016\/09\/skateboard-trick-tip-rock-to-fakie-3-thumb.jpg\" alt=\"Skateboard Trick Rock to Fakie\" \/><noscript><img decoding=\"async\" src=\"\/blog\/wp-content\/uploads\/2016\/09\/skateboard-trick-tip-rock-to-fakie-3-thumb.jpg\" alt=\"Skateboard Trick Rock to Fakie\" \/><\/noscript>\r\n\t\t\t\t<\/a>\t\t\r\n\t\t\t<\/div>\r\n\t\t\t\r\n\t\t\t<div class=\"small-12 medium-7 columns\">\r\n\t\t\t<p>\r\n\t\t\t<span class=\"h4\">3.<\/span>\r\n\t\t\tUm aus dem Rock, also dem Stand mit der Boardmitte auf dem Coping, rauszukommen, l\u00f6st du die Spannung im Vorderbein und dr\u00fcckst stattdessen die Rollen der Hinterachse an die Quarter, um die Vorderachse wieder anzuheben.\r\n\t\t\t<\/p>\r\n\t\t\t<\/div>\r\n\t\t<\/div>\r\n\t\t\r\n\t\t<div class=\"medium-12 columns margin-bottom\">\r\n\t\t\r\n\t\t\t<div class=\"small-12 medium-5 medium-push-7 columns\">\r\n\t\t\t\t<a title=\"Klicke zum Vergr\u00f6\u00dfern\" href=\"\/blog\/wp-content\/uploads\/2016\/09\/skateboard-trick-tip-rock-to-fakie-5.jpg\" rel=\"lightbox[gallery-1] lightbox-3\">\r\n\t\t\t\t\t<img decoding=\"async\" src=\"data:image\/gif;base64,R0lGODlhAQABAIAAAAAAAP\/\/\/yH5BAEAAAAALAAAAAABAAEAAAIBRAA7\" data-src=\"\/blog\/wp-content\/uploads\/2016\/09\/skateboard-trick-tip-rock-to-fakie-5-thumb.jpg\" alt=\"Skateboard Trick Rock to Fakie\" \/><noscript><img decoding=\"async\" src=\"\/blog\/wp-content\/uploads\/2016\/09\/skateboard-trick-tip-rock-to-fakie-5-thumb.jpg\" alt=\"Skateboard Trick Rock to Fakie\" \/><\/noscript>\r\n\t\t\t\t<\/a>\t\t\t\t\t\r\n\t\t\t<\/div>\r\n\t\t\r\n\t\t\t<div class=\"small-12 medium-7 medium-pull-5 columns\">\r\n\t\t\t<p>\r\n\t\t\t<span class=\"h4\">4.<\/span>\r\n\t\t\tAnschlie\u00dfend ist Vorsicht geboten, denn die Vorderachse darf nicht zu fr\u00fch runtergedr\u00fcckt werden, sonst kommt es zum Hang Up, was unter Umst\u00e4nden einen schmerzhaften Sturz auf deinen Allerwertesten zur Folge haben kann.\t\t\r\n\t\t\t<\/p>\r\n\t\t\t<\/div>\r\n\t\t\r\n\t\t<\/div>\r\n\t\t\r\n\t\t<div class=\"medium-12 columns margin-bottom\">\r\n\t\t\r\n\t\t\t<div class=\"medium-5 columns\">\r\n\t\t\t\t<a title=\"Klicke zum Vergr\u00f6\u00dfern\" href=\"\/blog\/wp-content\/uploads\/2016\/09\/skateboard-trick-tip-rock-to-fakie-8.jpg\" rel=\"lightbox[gallery-1] lightbox-4\">\r\n\t\t\t\t\t<img decoding=\"async\" src=\"data:image\/gif;base64,R0lGODlhAQABAIAAAAAAAP\/\/\/yH5BAEAAAAALAAAAAABAAEAAAIBRAA7\" data-src=\"\/blog\/wp-content\/uploads\/2016\/09\/skateboard-trick-tip-rock-to-fakie-8-thumb.jpg\" alt=\"Skateboard Trick Rock to Fakie\" \/><noscript><img decoding=\"async\" src=\"\/blog\/wp-content\/uploads\/2016\/09\/skateboard-trick-tip-rock-to-fakie-8-thumb.jpg\" alt=\"Skateboard Trick Rock to Fakie\" \/><\/noscript>\r\n\t\t\t\t<\/a>\t\t\t\t\t\t\t\r\n\t\t\t<\/div>\r\n\t\t\t\r\n\t\t\t<div class=\"medium-7 columns\">\r\n\t\t\t<p>\r\n\t\t\t<span class=\"h4\">5.<\/span>\r\n\t\t\tAchte beim Ausfahren darauf, dass du dein Gewicht wieder gleichm\u00e4\u00dfig auf dem Board verteilst, damit du nach dem Ausloggen nicht nach hinten kippst. <\/p><p>Zudem solltest du dich auch nicht zu sehr nach vorn in Richtung Coping lehnen, da dir ansonsten das Board abhauen kann und du eine unsch\u00f6ne Begegnung mit der Transition machst.\t\t\r\n\t\t\t<\/p>\r\n\r\n\t\t\t<\/div>\r\n\t\t<\/div>\r\n\t<\/div>\r\n<\/div>\r\n\r\n<!-- .Ende der Step By Step Anleitung -->\r\n\r\n<div class=\"post clearfix padding-bottom\">\r\n\t<div id=\"decks-allgemeines\" class=\"hide-for-small large-2 columns\">\r\n\t\t<div class=\"date-day\">Mehr Tricks<\/div>\r\n\t\t<div class=\"date-month\">?<\/div>\r\n\t<\/div>\r\n\r\n\t<div class=\"large-10 columns\">\r\n\t\r\n\t\t<h3 class=\"margin-top margin-bottom\" align=\"center\">Welcher Trick als n\u00e4chstes?<\/h2>\r\n\t\t\r\n\t\t<p>\r\n\t\tWenn der Rock to Fakie sitzt, kannst du mit nur einer kleinen zus\u00e4tzlichen Bewegung gleich an den n\u00e4chsten Trick gehen: den Rock &#8217;n&#8216; Roll! Aber auch schwerere Tricks wie der FS Ollie oder der BS Disaster warten auf dich. <\/p><p>Ganz egal, wof\u00fcr du dich entscheidest, nimm dir Zeit und genie\u00dfe die Erfolge. Wenn du erst einmal genug von Transitions hast, warten noch eine Menge anderer Tricks auf dich. <\/p><p>Klicke dich einfach durch die zahlreichen <a title=\"zu den Skateboard Trick Tipps Flat\" href=\"\/blog\/de\/trick-tipps\/skateboard\/flat\/\">Trick Tipps f\u00fcr&#8217;s Flat<\/a>, <a title=\"zu den Skateboard Trick Tipps Curb &#038; Rail\" href=\"\/blog\/de\/trick-tipps\/skateboard\/curb-rail\/\">Curb und Rail<\/a> oder <a title=\"zu den Skateboard Trick Tipps Transition\" href=\"\/blog\/de\/trick-tipps\/skateboard\/transition\/\">Transition.<\/a>\r\n\t\t<\/p>\r\n\t\t\r\n\t\t<div class=\"medium-12 small-12 columns\">\r\n<a title=\"zu den Skateboard Trick Tipps Transition\" href=\"\/blog\/de\/trick-tipps\/skateboard\/transition\/\" class=\"button-auto\">Skateboard Trick Tipps | Transition<\/a>\r\n\r\n\t\t\t<br><br>\r\n\t\t\t\r\n\t\t\t<div class=\"medium-6 small-12 columns\">\r\n\t\t\t<a title=\"zu den Skateboard Trick Tipps Curb &#038; Rail\" href=\"\/blog\/de\/trick-tipps\/skateboard\/curb-rail\/\" class=\"button-auto\">Skateboard Trick Tipps | Curb &#038; Rail<\/a>\r\n\t\t\t<br><br>\r\n\t\t\t<\/div>\r\n\t\t\t\r\n\t\t\t<div class=\"medium-6 small-12 columns\">\r\n\t\t\t<a title=\"zu den Skateboard Trick Tipps Flat\" href=\"\/blog\/de\/trick-tipps\/skateboard\/flat\/\" class=\"button-auto\">Skateboard Trick Tipps | Flat<\/a>\r\n\t\t\t<br><br>\r\n\t\t\t<\/div>\r\n\t\t\t\r\n\t\t<\/div>\r\n\t\t\r\n\t\t\r\n\t<\/div>\r\n<\/div><div class=\"ShariffSC\" style=\"shariff-shop\"><div class=\"shariff\" data-url=\"https:\/\/skatedeluxe.com\/blog\/de\/trick-tipps\/skateboard\/transition\/how-to-rock-to-fakie\/\" data-title=\"Rock To Fakie &#8211; Skateboard Trick Tipp\" data-services='[\"facebooklike\", \"facebook\"]' data-backend-url='\/shariff\/'><\/div><\/div>","protected":false},"excerpt":{"rendered":"<p>Trick Tipp Rock to Fakie Der Rock to Fakie ist ein wichtiger Basistrick in der Quarter oder der Miniramp. Im Vergleich zu anderen Tricks ist der Rock to Fakie relativ einfach zu lernen und sehr wichtig, um Lines in einem Skatepark fahren zu k\u00f6nnen. Wenn du diesen Trick drauf hast, kannst du in einer Miniramp <a class=\"read-more\" href=\"https:\/\/skatedeluxe.com\/blog\/de\/trick-tipps\/skateboard\/transition\/how-to-rock-to-fakie\/\">[&#8230;]<\/a><\/p>\n","protected":false},"author":24,"featured_media":120097,"parent":21469,"menu_order":2,"comment_status":"open","ping_status":"closed","template":"page-templates\/teasing-page.php","meta":{"footnotes":""},"class_list":["post-21560","page","type-page","status-publish","has-post-thumbnail","hentry"],"aioseo_notices":[],"amp_enabled":false,"_links":{"self":[{"href":"https:\/\/skatedeluxe.com\/blog\/de\/wp-json\/wp\/v2\/pages\/21560","targetHints":{"allow":["GET"]}}],"collection":[{"href":"https:\/\/skatedeluxe.com\/blog\/de\/wp-json\/wp\/v2\/pages"}],"about":[{"href":"https:\/\/skatedeluxe.com\/blog\/de\/wp-json\/wp\/v2\/types\/page"}],"author":[{"embeddable":true,"href":"https:\/\/skatedeluxe.com\/blog\/de\/wp-json\/wp\/v2\/users\/24"}],"replies":[{"embeddable":true,"href":"https:\/\/skatedeluxe.com\/blog\/de\/wp-json\/wp\/v2\/comments?post=21560"}],"version-history":[{"count":15,"href":"https:\/\/skatedeluxe.com\/blog\/de\/wp-json\/wp\/v2\/pages\/21560\/revisions"}],"predecessor-version":[{"id":144059,"href":"https:\/\/skatedeluxe.com\/blog\/de\/wp-json\/wp\/v2\/pages\/21560\/revisions\/144059"}],"up":[{"embeddable":true,"href":"https:\/\/skatedeluxe.com\/blog\/de\/wp-json\/wp\/v2\/pages\/21469"}],"wp:featuredmedia":[{"embeddable":true,"href":"https:\/\/skatedeluxe.com\/blog\/de\/wp-json\/wp\/v2\/media\/120097"}],"wp:attachment":[{"href":"https:\/\/skatedeluxe.com\/blog\/de\/wp-json\/wp\/v2\/media?parent=21560"}],"curies":[{"name":"wp","href":"https:\/\/api.w.org\/{rel}","templated":true}]}}