{"id":21559,"date":"2013-06-05T15:59:14","date_gmt":"2013-06-05T13:59:14","guid":{"rendered":"http:\/\/www.skatedeluxe.de\/blog\/?page_id=21559"},"modified":"2018-05-09T12:13:11","modified_gmt":"2018-05-09T10:13:11","slug":"how-to-drop-in","status":"publish","type":"page","link":"https:\/\/skatedeluxe.com\/blog\/de\/trick-tipps\/skateboard\/transition\/how-to-drop-in\/","title":{"rendered":"Drop In &#8211; Skateboard Trick Tipp"},"content":{"rendered":"<div class=\"post clearfix padding-bottom\">\r\n\t<div id=\"decks-allgemeines\" class=\"hide-for-small large-2 columns\">\r\n\t\t<div class=\"date-day\">Trick Tipp<\/div>\r\n\t\t<div class=\"date-month\">Drop-In<\/div>\r\n\t<\/div>\r\n\r\n\t<div class=\"large-10 columns\">\r\n\t\r\n\t\t<p>\r\n\t\tAls Drop-In bezeichnet man das Einfahren von oben in eine Quarterpipe. Der Drop-In ist die grundlegendste und somit wichtigste F\u00e4higkeit, wenn du Quarterpipe oder Miniramp fahren willst.<\/p> <p>Trotzdem kostet es ein wenig \u00dcberwindung, sich kopf\u00fcber in eine Transition zu st\u00fcrzen. Bei deinen ersten Versuchen mag sich das komisch anf\u00fchlen.<\/p><p> Mit der Zeit und etwas Erfahrung sind Drop-Ins aber nicht mal mehr eine \u00dcberlegung wert. Als ran jetzt, denn ohne den Drop-In kommst du nicht weit und ohne Transitions macht deine Zeit auf dem Skateboard auch nur halb so viel Spa\u00df!   \r\n\t\t<\/p>\r\n\t\r\n\t\t<p>\r\n\t\tHier erf\u00e4hrst du, wie der Drop-In funktioniert.\r\n\t\t<\/p>\r\n\t\t\r\n\t<\/div>\r\n<\/div>\r\n\r\n<!-- .Ende des Einleitungsbereichs -->\r\n\r\n<div class=\"post clearfix padding-bottom\">\r\n\t<div id=\"decks-allgemeines\" class=\"hide-for-small large-2 columns\">\r\n\t\t<div class=\"date-day\">Drop-In<\/div>\r\n\t\t<div class=\"date-month\">Video<\/div>\r\n\t<\/div>\r\n \r\n\t<div class=\"large-10 columns\">\r\n\t\r\n\t\t<h2 class=\"margin-top margin-bottom\" align=\"center\">Trick Tipp Video: Drop-In<\/h2>\r\n\t\t\r\n\t\t<div class=\"medium-12 small-12 columns\">\r\n\t\t<div class=\"medium-10 columns medium-centered medium-offset-1 columns margin-bottom\">\r\n\r\n\t\t<div class=\"flex-video\">\r\n\t\t\t<iframe width=\"1280\" height=\"720\" data-src=\"https:\/\/www.youtube-nocookie.com\/embed\/1ytXSoIS6aQ?showinfo=0\" frameborder=\"0\" allowfullscreen allow=\"autoplay; encrypted-media\"><\/iframe><noscript><iframe loading=\"lazy\" width=\"1280\" height=\"720\" src=\"https:\/\/www.youtube-nocookie.com\/embed\/1ytXSoIS6aQ?showinfo=0\" frameborder=\"0\" allowfullscreen allow=\"autoplay; encrypted-media\"><\/iframe><\/noscript>\r\n\t\t<\/div>\r\n\t\t\t<div class=\"ShariffSC\" style=\"shariff-shop\"><div class=\"shariff\" data-url=\"https:\/\/skatedeluxe.com\/blog\/de\/trick-tipps\/skateboard\/transition\/how-to-drop-in\/\" data-title=\"Drop In &#8211; Skateboard Trick Tipp\" data-services='[\"facebooklike\", \"facebook\"]' data-backend-url='\/shariff\/'><\/div><\/div> <!-- .Social Leiste unterhalb des Videos -->\r\n\t\t<\/div>\r\n\t\t<\/div>\r\n\t\t\r\n\t<\/div>\r\n<\/div>\r\n\r\n<!-- .Ende des Videobereichs -->\r\n\r\n<div class=\"post clearfix padding-bottom\">\r\n\t<div id=\"decks-allgemeines\" class=\"hide-for-small large-2 columns\">\r\n\t\t<div class=\"date-day\">Drop-In<\/div>\r\n\t\t<div class=\"date-month\">Sequenz<\/div>\r\n\t<\/div>\r\n\r\n\t<div class=\"large-10 columns\">\r\n\t\r\n\t\t<h2 class=\"margin-top margin-bottom\" align=\"center\">Trick Tipp Sequenz: Drop-In<\/h2>\r\n\t\t\r\n\t\t<div class=\"medium-12 small-12 columns\">\r\n\t\t<div class=\"medium-10 columns medium-centered medium-offset-1 columns margin-bottom\">\r\n\t\t<div id=\"metaslider-id-120776\" style=\"max-width: 999px; margin: 0 auto;\" class=\"ml-slider-3-98-0 ml-slider-pro-2-6-6 metaslider metaslider-nivo metaslider-120776 ml-slider ms-theme-_theme_1463567531\" role=\"region\" aria-roledescription=\"Slideshow\" aria-label=\"Drop In - Trick Tip\" data-width=\"999\">\n    <div id=\"metaslider_container_120776\">\n        <div class='slider-wrapper theme-default'><div class='ribbon'><\/div><div id='metaslider_120776' class='nivoSlider'><img loading=\"lazy\" decoding=\"async\" width=\"999\" height=\"666\" src=\"\/blog\/wp-content\/uploads\/2016\/09\/trick-tip-drop-in-1.jpg\" class=\"slider-120776 slide-120777\" alt=\"Skateboard Trick Drop In\" data-caption=\"\" data-thumb=\"\" title=\"Skateboard Trick Drop In\" rel=\"\" srcset=\"\/blog\/wp-content\/uploads\/2016\/09\/trick-tip-drop-in-1.jpg 999w, \/blog\/wp-content\/uploads\/2016\/09\/trick-tip-drop-in-1-600x400.jpg 600w, \/blog\/wp-content\/uploads\/2016\/09\/trick-tip-drop-in-1-768x512.jpg 768w\" sizes=\"auto, (max-width: 999px) 100vw, 999px\" \/><img loading=\"lazy\" decoding=\"async\" width=\"999\" height=\"666\" src=\"\/blog\/wp-content\/uploads\/2016\/09\/trick-tip-drop-in-2.jpg\" class=\"slider-120776 slide-120781\" alt=\"Skateboard Trick Drop In\" data-caption=\"\" data-thumb=\"\" title=\"Skateboard Trick Drop In\" rel=\"\" srcset=\"\/blog\/wp-content\/uploads\/2016\/09\/trick-tip-drop-in-2.jpg 999w, \/blog\/wp-content\/uploads\/2016\/09\/trick-tip-drop-in-2-600x400.jpg 600w, \/blog\/wp-content\/uploads\/2016\/09\/trick-tip-drop-in-2-768x512.jpg 768w\" sizes=\"auto, (max-width: 999px) 100vw, 999px\" \/><img loading=\"lazy\" decoding=\"async\" width=\"999\" height=\"666\" src=\"\/blog\/wp-content\/uploads\/2016\/09\/trick-tip-drop-in-3.jpg\" class=\"slider-120776 slide-120785\" alt=\"Skateboard Trick Drop In\" data-caption=\"\" data-thumb=\"\" title=\"Skateboard Trick Drop In\" rel=\"\" srcset=\"\/blog\/wp-content\/uploads\/2016\/09\/trick-tip-drop-in-3.jpg 999w, \/blog\/wp-content\/uploads\/2016\/09\/trick-tip-drop-in-3-600x400.jpg 600w, \/blog\/wp-content\/uploads\/2016\/09\/trick-tip-drop-in-3-768x512.jpg 768w\" sizes=\"auto, (max-width: 999px) 100vw, 999px\" \/><img loading=\"lazy\" decoding=\"async\" width=\"999\" height=\"666\" src=\"\/blog\/wp-content\/uploads\/2016\/09\/trick-tip-drop-in-4.jpg\" class=\"slider-120776 slide-120789\" alt=\"Skateboard Trick Drop In\" data-caption=\"\" data-thumb=\"\" title=\"Skateboard Trick Drop In\" rel=\"\" srcset=\"\/blog\/wp-content\/uploads\/2016\/09\/trick-tip-drop-in-4.jpg 999w, \/blog\/wp-content\/uploads\/2016\/09\/trick-tip-drop-in-4-600x400.jpg 600w, \/blog\/wp-content\/uploads\/2016\/09\/trick-tip-drop-in-4-768x512.jpg 768w\" sizes=\"auto, (max-width: 999px) 100vw, 999px\" \/><img loading=\"lazy\" decoding=\"async\" width=\"999\" height=\"666\" src=\"\/blog\/wp-content\/uploads\/2016\/09\/trick-tip-drop-in-5.jpg\" class=\"slider-120776 slide-120793\" alt=\"Skateboard Trick Drop In\" data-caption=\"\" data-thumb=\"\" title=\"Skateboard Trick Drop In\" rel=\"\" srcset=\"\/blog\/wp-content\/uploads\/2016\/09\/trick-tip-drop-in-5.jpg 999w, \/blog\/wp-content\/uploads\/2016\/09\/trick-tip-drop-in-5-600x400.jpg 600w, \/blog\/wp-content\/uploads\/2016\/09\/trick-tip-drop-in-5-768x512.jpg 768w\" sizes=\"auto, (max-width: 999px) 100vw, 999px\" \/><img loading=\"lazy\" decoding=\"async\" width=\"999\" height=\"666\" src=\"\/blog\/wp-content\/uploads\/2016\/09\/trick-tip-drop-in-6.jpg\" class=\"slider-120776 slide-120797\" alt=\"Skateboard Trick Drop In\" data-caption=\"\" data-thumb=\"\" title=\"Skateboard Trick Drop In\" rel=\"\" srcset=\"\/blog\/wp-content\/uploads\/2016\/09\/trick-tip-drop-in-6.jpg 999w, \/blog\/wp-content\/uploads\/2016\/09\/trick-tip-drop-in-6-600x400.jpg 600w, \/blog\/wp-content\/uploads\/2016\/09\/trick-tip-drop-in-6-768x512.jpg 768w\" sizes=\"auto, (max-width: 999px) 100vw, 999px\" \/><img loading=\"lazy\" decoding=\"async\" width=\"999\" height=\"666\" src=\"\/blog\/wp-content\/uploads\/2016\/09\/trick-tip-drop-in-7.jpg\" class=\"slider-120776 slide-120801\" alt=\"Skateboard Trick Drop In\" data-caption=\"\" data-thumb=\"\" title=\"Skateboard Trick Drop In\" rel=\"\" srcset=\"\/blog\/wp-content\/uploads\/2016\/09\/trick-tip-drop-in-7.jpg 999w, \/blog\/wp-content\/uploads\/2016\/09\/trick-tip-drop-in-7-600x400.jpg 600w, \/blog\/wp-content\/uploads\/2016\/09\/trick-tip-drop-in-7-768x512.jpg 768w\" sizes=\"auto, (max-width: 999px) 100vw, 999px\" \/><img loading=\"lazy\" decoding=\"async\" width=\"999\" height=\"666\" src=\"\/blog\/wp-content\/uploads\/2016\/09\/trick-tip-drop-in-8.jpg\" class=\"slider-120776 slide-120805\" alt=\"Skateboard Trick Drop In\" data-caption=\"\" data-thumb=\"\" title=\"Skateboard Trick Drop In\" rel=\"\" srcset=\"\/blog\/wp-content\/uploads\/2016\/09\/trick-tip-drop-in-8.jpg 999w, \/blog\/wp-content\/uploads\/2016\/09\/trick-tip-drop-in-8-600x400.jpg 600w, \/blog\/wp-content\/uploads\/2016\/09\/trick-tip-drop-in-8-768x512.jpg 768w\" sizes=\"auto, (max-width: 999px) 100vw, 999px\" \/><img loading=\"lazy\" decoding=\"async\" width=\"999\" height=\"666\" src=\"\/blog\/wp-content\/uploads\/2016\/09\/trick-tip-drop-in-9.jpg\" class=\"slider-120776 slide-120809\" alt=\"Skateboard Trick Drop In\" data-caption=\"\" data-thumb=\"\" title=\"Skateboard Trick Drop In\" rel=\"\" srcset=\"\/blog\/wp-content\/uploads\/2016\/09\/trick-tip-drop-in-9.jpg 999w, \/blog\/wp-content\/uploads\/2016\/09\/trick-tip-drop-in-9-600x400.jpg 600w, \/blog\/wp-content\/uploads\/2016\/09\/trick-tip-drop-in-9-768x512.jpg 768w\" sizes=\"auto, (max-width: 999px) 100vw, 999px\" \/><img loading=\"lazy\" decoding=\"async\" width=\"999\" height=\"666\" src=\"\/blog\/wp-content\/uploads\/2016\/09\/trick-tip-drop-in-10.jpg\" class=\"slider-120776 slide-120813\" alt=\"Skateboard Trick Drop In\" data-caption=\"\" data-thumb=\"\" title=\"Skateboard Trick Drop In\" rel=\"\" srcset=\"\/blog\/wp-content\/uploads\/2016\/09\/trick-tip-drop-in-10.jpg 999w, \/blog\/wp-content\/uploads\/2016\/09\/trick-tip-drop-in-10-600x400.jpg 600w, \/blog\/wp-content\/uploads\/2016\/09\/trick-tip-drop-in-10-768x512.jpg 768w\" sizes=\"auto, (max-width: 999px) 100vw, 999px\" \/><\/div><\/div>\n        \n    <\/div>\n<\/div>\r\n\t\t<\/div>\r\n\t\t<\/div>\r\n\t\t\r\n\t<\/div>\r\n<\/div>\r\n\r\n<!-- .Ende der Sequenz -->\r\n\r\n<div class=\"post clearfix padding-bottom\">\r\n\t<div id=\"decks-allgemeines\" class=\"hide-for-small large-2 columns\">\r\n\t\t<div class=\"date-day\">Drop-In<\/div>\r\n\t\t<div class=\"date-month\">Step By Step<\/div>\r\n\t<\/div>\r\n\r\n\t<div class=\"large-10 columns\">\r\n\t\r\n\t\t<h2 class=\"margin-top margin-bottom\" align=\"center\">Trick Tipp Step By Step: Drop-In<\/h2>\r\n\t\t\r\n\t\t<p align=\"center\"><small>Klicke auf die Bilder zum Vergr\u00f6\u00dfern<\/small>\r\n\t\t\r\n\t\t<div class=\"medium-12 columns margin-bottom\">\r\n\t\t\t\r\n\t\t\t<div class=\"small-12 medium-5 columns\">\r\n\t\t\t\t<a title=\"Klicke zum Vergr\u00f6\u00dfern\" href=\"\/blog\/wp-content\/uploads\/2016\/09\/skateboard-trick-tip-drop-in-1.jpg\" rel=\"lightbox[gallery-1] lightbox-0\">\r\n\t\t\t\t\t<img decoding=\"async\" src=\"data:image\/gif;base64,R0lGODlhAQABAIAAAAAAAP\/\/\/yH5BAEAAAAALAAAAAABAAEAAAIBRAA7\" data-src=\"\/blog\/wp-content\/uploads\/2016\/09\/skateboard-trick-tip-drop-in-1-thumb.jpg\" alt=\"Skateboard Trick Drop-In\" \/><noscript><img decoding=\"async\" src=\"\/blog\/wp-content\/uploads\/2016\/09\/skateboard-trick-tip-drop-in-1-thumb.jpg\" alt=\"Skateboard Trick Drop-In\" \/><\/noscript>\r\n\t\t\t\t<\/a>\t\t\t\r\n\t\t\t<\/div>\r\n\t\t\t\r\n\t\t\t<div class=\"small-12 medium-7 columns\">\r\n\t\t\t<p>\r\n\t\t\t<span class=\"h4\">1.<\/span>\r\n\t\t\tF\u00fcr einen Drop-In positionierst du das Tail deines Boards so an der Kante des Coping, dass die Nose in Fahrtrichtung \u00fcber der Transition liegt.<\/p><p>Deine ersten Drop Ins solltest du m\u00f6glichst an einer kleinen Quarter probieren. \r\n\t\t\t<\/p>\r\n\t\t\t<\/div>\r\n\t\t<\/div>\r\n\r\n\t\t\r\n\t\t<div class=\"medium-12 columns margin-bottom\">\r\n\t\t\r\n\t\t\t<!-- .jedes zweite Bild in diese DIV-Klasse -->\r\n\t\t\t<div class=\"small-12 medium-5 medium-push-7 columns\">\r\n\t\t\t\t<a title=\"Klicke zum Vergr\u00f6\u00dfern\" href=\"\/blog\/wp-content\/uploads\/2016\/09\/skateboard-trick-tip-drop-in-2.jpg\" rel=\"lightbox[gallery-1] lightbox-1\">\r\n\t\t\t\t\t<img decoding=\"async\" src=\"data:image\/gif;base64,R0lGODlhAQABAIAAAAAAAP\/\/\/yH5BAEAAAAALAAAAAABAAEAAAIBRAA7\" data-src=\"\/blog\/wp-content\/uploads\/2016\/09\/skateboard-trick-tip-drop-in-2-thumb.jpg\" alt=\"Skateboard Trick Drop-In\" \/><noscript><img decoding=\"async\" src=\"\/blog\/wp-content\/uploads\/2016\/09\/skateboard-trick-tip-drop-in-2-thumb.jpg\" alt=\"Skateboard Trick Drop-In\" \/><\/noscript>\r\n\t\t\t\t<\/a>\t\t\t\t\r\n\t\t\t<\/div>\r\n\t\t\r\n\t\t\t<!-- .jeden zweiten Text in diese DIV-Klasse -->\r\n\t\t\t<div class=\"small-12 medium-7 medium-pull-5 columns\">\r\n\t\t\t<p>\r\n\t\t\t<span class=\"h4\">2.<\/span>\r\n\t\t\tStelle dich mit deinem Hinterbein auf dein Board und positioniere deinen Vorderfu\u00df, auf dem noch kein Gewicht lastet, in H\u00f6he der vorderen Schrauben.<\/p><p> Das vordere Bein ist dabei leicht angewinkelt und sollte locker auf dem Brett stehen.\r\n\t\t\t<\/p>\r\n\t\t\t<\/div>\r\n\t\t\t\t\t\r\n\t\t<\/div>\r\n\t\t\r\n\t\t<div class=\"medium-12 columns margin-bottom\">\r\n\t\t\t\r\n\t\t\t<div class=\"small-12 medium-5 columns\">\r\n\t\t\t\t<a title=\"Klicke zum Vergr\u00f6\u00dfern\" href=\"\/blog\/wp-content\/uploads\/2016\/09\/skateboard-trick-tip-drop-in-3.jpg\" rel=\"lightbox[gallery-1] lightbox-2\">\r\n\t\t\t\t\t<img decoding=\"async\" src=\"data:image\/gif;base64,R0lGODlhAQABAIAAAAAAAP\/\/\/yH5BAEAAAAALAAAAAABAAEAAAIBRAA7\" data-src=\"\/blog\/wp-content\/uploads\/2016\/09\/skateboard-trick-tip-drop-in-3-thumb.jpg\" alt=\"Skateboard Trick Drop-In\" \/><noscript><img decoding=\"async\" src=\"\/blog\/wp-content\/uploads\/2016\/09\/skateboard-trick-tip-drop-in-3-thumb.jpg\" alt=\"Skateboard Trick Drop-In\" \/><\/noscript>\r\n\t\t\t\t<\/a>\t\t\r\n\t\t\t<\/div>\r\n\t\t\t\r\n\t\t\t<div class=\"small-12 medium-7 columns\">\r\n\t\t\t<p>\r\n\t\t\t<span class=\"h4\">3.<\/span>\r\n\t\t\tBeim Eindroppen ist es nun besonders wichtig, wirklich das ganze K\u00f6rpergewicht flie\u00dfend nach vorne und von dem hinteren auf das vordere Bein zu verlagern.<\/p><p> Den Schwerpunkt beh\u00e4ltst du dabei stets vorn. Dies kann am Anfang einiges an \u00dcberwindung kosten, aber nur so stellst du sicher, nicht nach hinten zu fallen.\r\n\t\t\t<\/p>\r\n\t\t\t<\/div>\r\n\t\t<\/div>\r\n\t\t\r\n\t\t<div class=\"medium-12 columns margin-bottom\">\r\n\t\t\r\n\t\t\t<div class=\"small-12 medium-5 medium-push-7 columns\">\r\n\t\t\t\t<a title=\"Klicke zum Vergr\u00f6\u00dfern\" href=\"\/blog\/wp-content\/uploads\/2016\/09\/skateboard-trick-tip-drop-in-9.jpg\" rel=\"lightbox[gallery-1] lightbox-3\">\r\n\t\t\t\t\t<img decoding=\"async\" src=\"data:image\/gif;base64,R0lGODlhAQABAIAAAAAAAP\/\/\/yH5BAEAAAAALAAAAAABAAEAAAIBRAA7\" data-src=\"\/blog\/wp-content\/uploads\/2016\/09\/skateboard-trick-tip-drop-in-9-thumb.jpg\" alt=\"Skateboard Trick Drop-In\" \/><noscript><img decoding=\"async\" src=\"\/blog\/wp-content\/uploads\/2016\/09\/skateboard-trick-tip-drop-in-9-thumb.jpg\" alt=\"Skateboard Trick Drop-In\" \/><\/noscript>\r\n\t\t\t\t<\/a>\t\t\t\t\t\r\n\t\t\t<\/div>\r\n\t\t\r\n\t\t\t<div class=\"small-12 medium-7 medium-pull-5 columns\">\r\n\t\t\t<p>\r\n\t\t\t<span class=\"h4\">4.<\/span>\r\n\t\t\tEinmal geschafft, solltest du diese Bewegung gleich mehrmals wiederholen, um schnell die Angst davor zu verlieren.\t\t\r\n\t\t\t<\/p>\r\n\t\t\t<\/div>\r\n\t\t\r\n\t\t<\/div>\r\n\t\t\r\n\t\t<div class=\"medium-12 columns margin-bottom\">\r\n\t\t\r\n\t\t\t<div class=\"medium-5 columns\">\r\n\t\t\t\t<a title=\"Klicke zum Vergr\u00f6\u00dfern\" href=\"\/blog\/wp-content\/uploads\/2016\/09\/skateboard-trick-tip-drop-in-8.jpg\" rel=\"lightbox[gallery-1] lightbox-4\">\r\n\t\t\t\t\t<img decoding=\"async\" src=\"data:image\/gif;base64,R0lGODlhAQABAIAAAAAAAP\/\/\/yH5BAEAAAAALAAAAAABAAEAAAIBRAA7\" data-src=\"\/blog\/wp-content\/uploads\/2016\/09\/skateboard-trick-tip-drop-in-8-thumb.jpg\" alt=\"Skateboard Trick Drop-In\" \/><noscript><img decoding=\"async\" src=\"\/blog\/wp-content\/uploads\/2016\/09\/skateboard-trick-tip-drop-in-8-thumb.jpg\" alt=\"Skateboard Trick Drop-In\" \/><\/noscript>\r\n\t\t\t\t<\/a>\t\t\t\t\t\t\t\r\n\t\t\t<\/div>\r\n\t\t\t\r\n\t\t\t<div class=\"medium-7 columns\">\r\n\t\t\t<p>\r\n\t\t\t<span class=\"h4\">5.<\/span>\r\n\t\t\tAchte beim Ausfahren aus der Quarter darauf, dich nicht zu weit nach vorn zu lehnen, um in der Geraden nicht in Richtung Nose zu kippen.\t\t\r\n\t\t\t<\/p>\r\n\r\n\t\t\t<\/div>\r\n\t\t<\/div>\r\n\t<\/div>\r\n<\/div>\r\n\r\n<!-- .Ende der Step By Step Anleitung -->\r\n\r\n<div class=\"post clearfix padding-bottom\">\r\n\t<div id=\"decks-allgemeines\" class=\"hide-for-small large-2 columns\">\r\n\t\t<div class=\"date-day\">Mehr Tricks<\/div>\r\n\t\t<div class=\"date-month\">?<\/div>\r\n\t<\/div>\r\n\r\n\t<div class=\"large-10 columns\">\r\n\t\r\n\t\t<h3 class=\"margin-top margin-bottom\" align=\"center\">Welcher Trick als n\u00e4chstes?<\/h2>\r\n\t\t\r\n\t\t<p>\r\n\t\tMit dem Drop-In stehen dir nun alle T\u00fcren, besser gesagt, alle Transitions dieser Welt offen. Der Grundstein f\u00fcr fette Miniramp-Sessions ist hiermit gelegt und es gibt noch jede Menge Tricks, die du dir draufschaffen kannst. Wie w\u00e4re es mit einem Rock to Fakie oder einem Rock &#8217;n&#8216; Roll?<\/p><p> Klick dich einfach durch die Liste der Transition Tricks. Dir steht der Sinn nach etwas ganz anderem? Dann klicke dich durch die zahlreichen <a title=\"zu den Skateboard Trick Tipps Flat\" href=\"\/blog\/de\/trick-tipps\/skateboard\/flat\/\">Trick Tipps f\u00fcr&#8217;s Flat<\/a>, <a title=\"zu den Skateboard Trick Tipps Flat\" href=\"\/blog\/de\/trick-tipps\/skateboard\/curb-rail\/\">Curb und Rail<\/a> oder <a title=\"zu den Skateboard Trick Tipps Flat\" href=\"\/blog\/de\/trick-tipps\/skateboard\/transition\/\">Transition.<\/a>\r\n\t\t<\/p>\r\n\t\t\r\n\t\t<div class=\"medium-12 small-12 columns\">\r\n<a title=\"zu den Skateboard Trick Tipps Transition\" href=\"\/blog\/de\/trick-tipps\/skateboard\/transition\/\" class=\"button-auto\">Skateboard Trick Tipps | Transition<\/a>\r\n\t\t\t<br><br>\r\n\t\t\t\r\n\t\t\t<div class=\"medium-6 small-12 columns\">\r\n\t\t\t<a title=\"zu den Skateboard Trick Tipps Curb &#038; Rail\" href=\"\/blog\/de\/trick-tipps\/skateboard\/curb-rail\/\" class=\"button-auto\">Skateboard Trick Tipps | Curb &#038; Rail<\/a>\r\n\t\t\t<br><br>\r\n\t\t\t<\/div>\r\n\t\t\t\r\n\t\t\t<div class=\"medium-6 small-12 columns\">\r\n\t\t\t<a title=\"zu den Skateboard Trick Tipps Flat\" href=\"\/blog\/de\/trick-tipps\/skateboard\/flat\/\" class=\"button-auto\">Skateboard Trick Tipps | Flat<\/a>\r\n\t\t\t<br><br>\r\n\t\t\t<\/div>\r\n\t\t\t\r\n\t\t<\/div>\r\n\t\t\r\n\t\t\r\n\t<\/div>\r\n<\/div><div class=\"ShariffSC\" style=\"shariff-shop\"><div class=\"shariff\" data-url=\"https:\/\/skatedeluxe.com\/blog\/de\/trick-tipps\/skateboard\/transition\/how-to-drop-in\/\" data-title=\"Drop In &#8211; Skateboard Trick Tipp\" data-services='[\"facebooklike\", \"facebook\"]' data-backend-url='\/shariff\/'><\/div><\/div>","protected":false},"excerpt":{"rendered":"<p>Trick Tipp Drop-In Als Drop-In bezeichnet man das Einfahren von oben in eine Quarterpipe. Der Drop-In ist die grundlegendste und somit wichtigste F\u00e4higkeit, wenn du Quarterpipe oder Miniramp fahren willst. Trotzdem kostet es ein wenig \u00dcberwindung, sich kopf\u00fcber in eine Transition zu st\u00fcrzen. Bei deinen ersten Versuchen mag sich das komisch anf\u00fchlen. Mit der Zeit <a class=\"read-more\" href=\"https:\/\/skatedeluxe.com\/blog\/de\/trick-tipps\/skateboard\/transition\/how-to-drop-in\/\">[&#8230;]<\/a><\/p>\n","protected":false},"author":24,"featured_media":119728,"parent":21469,"menu_order":1,"comment_status":"open","ping_status":"closed","template":"page-templates\/teasing-page.php","meta":{"footnotes":""},"class_list":["post-21559","page","type-page","status-publish","has-post-thumbnail","hentry"],"aioseo_notices":[],"amp_enabled":false,"_links":{"self":[{"href":"https:\/\/skatedeluxe.com\/blog\/de\/wp-json\/wp\/v2\/pages\/21559","targetHints":{"allow":["GET"]}}],"collection":[{"href":"https:\/\/skatedeluxe.com\/blog\/de\/wp-json\/wp\/v2\/pages"}],"about":[{"href":"https:\/\/skatedeluxe.com\/blog\/de\/wp-json\/wp\/v2\/types\/page"}],"author":[{"embeddable":true,"href":"https:\/\/skatedeluxe.com\/blog\/de\/wp-json\/wp\/v2\/users\/24"}],"replies":[{"embeddable":true,"href":"https:\/\/skatedeluxe.com\/blog\/de\/wp-json\/wp\/v2\/comments?post=21559"}],"version-history":[{"count":18,"href":"https:\/\/skatedeluxe.com\/blog\/de\/wp-json\/wp\/v2\/pages\/21559\/revisions"}],"predecessor-version":[{"id":144058,"href":"https:\/\/skatedeluxe.com\/blog\/de\/wp-json\/wp\/v2\/pages\/21559\/revisions\/144058"}],"up":[{"embeddable":true,"href":"https:\/\/skatedeluxe.com\/blog\/de\/wp-json\/wp\/v2\/pages\/21469"}],"wp:featuredmedia":[{"embeddable":true,"href":"https:\/\/skatedeluxe.com\/blog\/de\/wp-json\/wp\/v2\/media\/119728"}],"wp:attachment":[{"href":"https:\/\/skatedeluxe.com\/blog\/de\/wp-json\/wp\/v2\/media?parent=21559"}],"curies":[{"name":"wp","href":"https:\/\/api.w.org\/{rel}","templated":true}]}}