{"id":21539,"date":"2013-06-05T14:41:12","date_gmt":"2013-06-05T12:41:12","guid":{"rendered":"http:\/\/www.skatedeluxe.de\/blog\/?page_id=21539"},"modified":"2018-07-24T12:13:00","modified_gmt":"2018-07-24T10:13:00","slug":"how-to-kickflip-noseslide","status":"publish","type":"page","link":"https:\/\/skatedeluxe.com\/blog\/de\/trick-tipps\/skateboard\/curb-rail\/how-to-kickflip-noseslide\/","title":{"rendered":"Kickflip Noseslide &#8211; Skateboard Trick Tipp"},"content":{"rendered":"<div class=\"post clearfix padding-bottom\">\r\n\t<div id=\"decks-allgemeines\" class=\"hide-for-small large-2 columns\">\r\n\t\t<div class=\"date-day\">Trick Tipp<\/div>\r\n\t\t<div class=\"date-month\">Kickflip Noseslide<\/div>\r\n\t<\/div>\r\n\r\n\t<div class=\"large-10 columns\">\r\n\t\r\n<p>\r\n\t\tDer Kickflip Noseslide ist der wohl grundlegendste Flip to Slide Trick \u00fcberhaupt. Zum einen ist der Noseslide der Basis-Curbtrick schlechthin, zum anderen ist der Kickflip der wichtigste Fliptrick \u00fcberhaupt. Wenn du den Kickflip Noseslide versuchen m\u00f6chtest, so solltest du bereits einen richtig guten <a title=\"Zum Skateboard Trick Tipp Noseslide\" href=\"\/blog\/alles-uber-boards\/skateboarding\/skateboard-trick-tipps-curb\/how-to-noseslide\/\" target=\"_blank\">Noseslide<\/a> haben und den <a title=\"Zum Kickflip Trick Tipp mit Willow\" href=\"\/blog\/alles-uber-boards\/skateboarding\/trick-tipps\/skateboard-trick-tipps-fur-fortgeschrittene-flat\/#kickflip\" target=\"_blank\">Kickflip<\/a>, m\u00f6glichst sogar einen <a title=\"Zum Frontside 180 Kickflip Trick Tipp mit Fabian Neugebauer\" href=\"\/blog\/alles-uber-boards\/skateboarding\/trick-tipps\/skateboard-trick-tipps-fur-experten-transition\/#fs180-kickflip\" target=\"_blank\">Frontside 180 Kickflip<\/a>, im Schlaf beherrschen.\r\n<\/p>\r\n<p>\r\n\t\tWichtig ist auch, dass du den Kickflip Noseslide nicht direkt am h\u00f6chsten Curb deines Local-Spots oder sogar an einem Flatrail versuchst. Such dir lieber ein flaches Curb mit viel Anfahrt und gen\u00fcgend Ausfahrt und gib deinem Kickflip Noseslide eine Chance.   \t\t\t\t\r\n<\/p>\r\n\t\r\n\t\t<p>\r\n\t\tHier erf\u00e4hrst du, wie der Kickflip Noseslide funktioniert.\r\n\t\t<\/p>\r\n\t\t\r\n\t<\/div>\r\n<\/div>\r\n\r\n<!-- .Ende des Einleitungsbereichs -->\r\n\r\n<div class=\"post clearfix padding-bottom\">\r\n\t<div id=\"decks-allgemeines\" class=\"hide-for-small large-2 columns\">\r\n\t\t<div class=\"date-day\">Kickflip Noseslide<\/div>\r\n\t\t<div class=\"date-month\">Sequenz<\/div>\r\n\t<\/div>\r\n\r\n\t<div class=\"large-10 columns\">\r\n\t\r\n\t\t<h2 class=\"margin-top margin-bottom\" align=\"center\">Trick Tipp Sequenz: Kickflip Noseslide<\/h2>\r\n\t\t\r\n\t\t<div class=\"medium-12 small-12 columns\">\r\n\t\t<div class=\"medium-10 columns medium-centered medium-offset-1 columns margin-bottom\">\r\n\t\t<div id=\"metaslider-id-145080\" style=\"max-width: 999px; margin: 0 auto;\" class=\"ml-slider-3-98-0 ml-slider-pro-2-6-6 metaslider metaslider-nivo metaslider-145080 ml-slider ms-theme-_theme_1463567531\" role=\"region\" aria-roledescription=\"Slideshow\" aria-label=\"Kickflip Noseslide\" data-width=\"999\">\n    <div id=\"metaslider_container_145080\">\n        <div class='slider-wrapper theme-default'><div class='ribbon'><\/div><div id='metaslider_145080' class='nivoSlider'><img loading=\"lazy\" decoding=\"async\" width=\"1000\" height=\"667\" src=\"\/blog\/wp-content\/uploads\/2018\/07\/kickflip_noseslide01.jpg\" class=\"slider-145080 slide-145101\" alt=\"Skateboard Trick Kickflip Noseslide\" data-caption=\"\" data-thumb=\"\" title=\"kickflip_noseslide01\" rel=\"\" srcset=\"\/blog\/wp-content\/uploads\/2018\/07\/kickflip_noseslide01.jpg 1000w, \/blog\/wp-content\/uploads\/2018\/07\/kickflip_noseslide01-600x400.jpg 600w, \/blog\/wp-content\/uploads\/2018\/07\/kickflip_noseslide01-768x512.jpg 768w, \/blog\/wp-content\/uploads\/2018\/07\/kickflip_noseslide01-999x666.jpg 999w, \/blog\/wp-content\/uploads\/2018\/07\/kickflip_noseslide01-150x100.jpg 150w\" sizes=\"auto, (max-width: 1000px) 100vw, 1000px\" \/><img loading=\"lazy\" decoding=\"async\" width=\"1000\" height=\"667\" src=\"\/blog\/wp-content\/uploads\/2018\/07\/kickflip_noseslide02.jpg\" class=\"slider-145080 slide-145102\" alt=\"Skateboard Trick Kickflip Noseslide\" data-caption=\"\" data-thumb=\"\" title=\"kickflip_noseslide02\" rel=\"\" srcset=\"\/blog\/wp-content\/uploads\/2018\/07\/kickflip_noseslide02.jpg 1000w, \/blog\/wp-content\/uploads\/2018\/07\/kickflip_noseslide02-600x400.jpg 600w, \/blog\/wp-content\/uploads\/2018\/07\/kickflip_noseslide02-768x512.jpg 768w, \/blog\/wp-content\/uploads\/2018\/07\/kickflip_noseslide02-999x666.jpg 999w, \/blog\/wp-content\/uploads\/2018\/07\/kickflip_noseslide02-150x100.jpg 150w\" sizes=\"auto, (max-width: 1000px) 100vw, 1000px\" \/><img loading=\"lazy\" decoding=\"async\" width=\"1000\" height=\"667\" src=\"\/blog\/wp-content\/uploads\/2018\/07\/kickflip_noseslide03.jpg\" class=\"slider-145080 slide-145103\" alt=\"Skateboard Trick Kickflip Noseslide\" data-caption=\"\" data-thumb=\"\" title=\"kickflip_noseslide03\" rel=\"\" srcset=\"\/blog\/wp-content\/uploads\/2018\/07\/kickflip_noseslide03.jpg 1000w, \/blog\/wp-content\/uploads\/2018\/07\/kickflip_noseslide03-600x400.jpg 600w, \/blog\/wp-content\/uploads\/2018\/07\/kickflip_noseslide03-768x512.jpg 768w, \/blog\/wp-content\/uploads\/2018\/07\/kickflip_noseslide03-999x666.jpg 999w, \/blog\/wp-content\/uploads\/2018\/07\/kickflip_noseslide03-150x100.jpg 150w\" sizes=\"auto, (max-width: 1000px) 100vw, 1000px\" \/><img loading=\"lazy\" decoding=\"async\" width=\"1000\" height=\"667\" src=\"\/blog\/wp-content\/uploads\/2018\/07\/kickflip_noseslide04.jpg\" class=\"slider-145080 slide-145104\" alt=\"Skateboard Trick Kickflip Noseslide\" data-caption=\"\" data-thumb=\"\" title=\"kickflip_noseslide04\" rel=\"\" srcset=\"\/blog\/wp-content\/uploads\/2018\/07\/kickflip_noseslide04.jpg 1000w, \/blog\/wp-content\/uploads\/2018\/07\/kickflip_noseslide04-600x400.jpg 600w, \/blog\/wp-content\/uploads\/2018\/07\/kickflip_noseslide04-768x512.jpg 768w, \/blog\/wp-content\/uploads\/2018\/07\/kickflip_noseslide04-999x666.jpg 999w, \/blog\/wp-content\/uploads\/2018\/07\/kickflip_noseslide04-150x100.jpg 150w\" sizes=\"auto, (max-width: 1000px) 100vw, 1000px\" \/><img loading=\"lazy\" decoding=\"async\" width=\"1000\" height=\"667\" src=\"\/blog\/wp-content\/uploads\/2018\/07\/kickflip_noseslide05.jpg\" class=\"slider-145080 slide-145105\" alt=\"Skateboard Trick Kickflip Noseslide\" data-caption=\"\" data-thumb=\"\" title=\"kickflip_noseslide05\" rel=\"\" srcset=\"\/blog\/wp-content\/uploads\/2018\/07\/kickflip_noseslide05.jpg 1000w, \/blog\/wp-content\/uploads\/2018\/07\/kickflip_noseslide05-600x400.jpg 600w, \/blog\/wp-content\/uploads\/2018\/07\/kickflip_noseslide05-768x512.jpg 768w, \/blog\/wp-content\/uploads\/2018\/07\/kickflip_noseslide05-999x666.jpg 999w, \/blog\/wp-content\/uploads\/2018\/07\/kickflip_noseslide05-150x100.jpg 150w\" sizes=\"auto, (max-width: 1000px) 100vw, 1000px\" \/><img loading=\"lazy\" decoding=\"async\" width=\"1000\" height=\"667\" src=\"\/blog\/wp-content\/uploads\/2018\/07\/kickflip_noseslide06.jpg\" class=\"slider-145080 slide-145133\" alt=\"Skateboard Trick Kickflip Noseslide\" data-caption=\"\" data-thumb=\"\" title=\"kickflip_noseslide06\" rel=\"\" srcset=\"\/blog\/wp-content\/uploads\/2018\/07\/kickflip_noseslide06.jpg 1000w, \/blog\/wp-content\/uploads\/2018\/07\/kickflip_noseslide06-600x400.jpg 600w, \/blog\/wp-content\/uploads\/2018\/07\/kickflip_noseslide06-768x512.jpg 768w, \/blog\/wp-content\/uploads\/2018\/07\/kickflip_noseslide06-999x666.jpg 999w, \/blog\/wp-content\/uploads\/2018\/07\/kickflip_noseslide06-150x100.jpg 150w\" sizes=\"auto, (max-width: 1000px) 100vw, 1000px\" \/><img loading=\"lazy\" decoding=\"async\" width=\"1000\" height=\"667\" src=\"\/blog\/wp-content\/uploads\/2018\/07\/kickflip_noseslide07.jpg\" class=\"slider-145080 slide-145134\" alt=\"Skateboard Trick Kickflip Noseslide\" data-caption=\"\" data-thumb=\"\" title=\"kickflip_noseslide07\" rel=\"\" srcset=\"\/blog\/wp-content\/uploads\/2018\/07\/kickflip_noseslide07.jpg 1000w, \/blog\/wp-content\/uploads\/2018\/07\/kickflip_noseslide07-600x400.jpg 600w, \/blog\/wp-content\/uploads\/2018\/07\/kickflip_noseslide07-768x512.jpg 768w, \/blog\/wp-content\/uploads\/2018\/07\/kickflip_noseslide07-999x666.jpg 999w, \/blog\/wp-content\/uploads\/2018\/07\/kickflip_noseslide07-150x100.jpg 150w\" sizes=\"auto, (max-width: 1000px) 100vw, 1000px\" \/><img loading=\"lazy\" decoding=\"async\" width=\"1000\" height=\"667\" src=\"\/blog\/wp-content\/uploads\/2018\/07\/kickflip_noseslide08.jpg\" class=\"slider-145080 slide-145135\" alt=\"Skateboard Trick Kickflip Noseslide\" data-caption=\"\" data-thumb=\"\" title=\"kickflip_noseslide08\" rel=\"\" srcset=\"\/blog\/wp-content\/uploads\/2018\/07\/kickflip_noseslide08.jpg 1000w, \/blog\/wp-content\/uploads\/2018\/07\/kickflip_noseslide08-600x400.jpg 600w, \/blog\/wp-content\/uploads\/2018\/07\/kickflip_noseslide08-768x512.jpg 768w, \/blog\/wp-content\/uploads\/2018\/07\/kickflip_noseslide08-999x666.jpg 999w, \/blog\/wp-content\/uploads\/2018\/07\/kickflip_noseslide08-150x100.jpg 150w\" sizes=\"auto, (max-width: 1000px) 100vw, 1000px\" \/><img loading=\"lazy\" decoding=\"async\" width=\"1000\" height=\"667\" src=\"\/blog\/wp-content\/uploads\/2018\/07\/kickflip_noseslide09.jpg\" class=\"slider-145080 slide-145136\" alt=\"Skateboard Trick Kickflip Noseslide\" data-caption=\"\" data-thumb=\"\" title=\"kickflip_noseslide09\" rel=\"\" srcset=\"\/blog\/wp-content\/uploads\/2018\/07\/kickflip_noseslide09.jpg 1000w, \/blog\/wp-content\/uploads\/2018\/07\/kickflip_noseslide09-600x400.jpg 600w, \/blog\/wp-content\/uploads\/2018\/07\/kickflip_noseslide09-768x512.jpg 768w, \/blog\/wp-content\/uploads\/2018\/07\/kickflip_noseslide09-999x666.jpg 999w, \/blog\/wp-content\/uploads\/2018\/07\/kickflip_noseslide09-150x100.jpg 150w\" sizes=\"auto, (max-width: 1000px) 100vw, 1000px\" \/><img loading=\"lazy\" decoding=\"async\" width=\"1000\" height=\"667\" src=\"\/blog\/wp-content\/uploads\/2018\/07\/kickflip_noseslide10.jpg\" class=\"slider-145080 slide-145137\" alt=\"Skateboard Trick Kickflip Noseslide\" data-caption=\"\" data-thumb=\"\" title=\"kickflip_noseslide10\" rel=\"\" srcset=\"\/blog\/wp-content\/uploads\/2018\/07\/kickflip_noseslide10.jpg 1000w, \/blog\/wp-content\/uploads\/2018\/07\/kickflip_noseslide10-600x400.jpg 600w, \/blog\/wp-content\/uploads\/2018\/07\/kickflip_noseslide10-768x512.jpg 768w, \/blog\/wp-content\/uploads\/2018\/07\/kickflip_noseslide10-999x666.jpg 999w, \/blog\/wp-content\/uploads\/2018\/07\/kickflip_noseslide10-150x100.jpg 150w\" sizes=\"auto, (max-width: 1000px) 100vw, 1000px\" \/><\/div><\/div>\n        \n    <\/div>\n<\/div>\r\n\t\t<\/div>\r\n\t\t<\/div>\r\n\t\t\r\n\t<\/div>\r\n<\/div>\r\n\r\n<!-- .Ende der Sequenz -->\r\n\r\n<div class=\"post clearfix padding-bottom\">\r\n\t<div id=\"decks-allgemeines\" class=\"hide-for-small large-2 columns\">\r\n\t\t<div class=\"date-day\">Kickflip Noseslide<\/div>\r\n\t\t<div class=\"date-month\">Step By Step<\/div>\r\n\t<\/div>\r\n\r\n\t<div class=\"large-10 columns\">\r\n\t\r\n\t\t<h2 class=\"margin-top margin-bottom\" align=\"center\">Trick Tipp Step By Step: Kickflip Noseslide<\/h2>\r\n\t\t\r\n\t\t<p align=\"center\"><small>Klicke auf die Bilder zum Vergr\u00f6\u00dfern<\/small>\r\n\t\t\r\n\t\t<div class=\"medium-12 columns margin-bottom\">\r\n\t\t\t\r\n\t\t\t<div class=\"small-12 medium-5 columns\">\r\n\t\t\t\t<a title=\"Klicke zum Vergr\u00f6\u00dfern\" href=\"\/images\/content\/basicguide\/kickflip_noseslide01.jpg\" rel=\"lightbox[gallery-1] lightbox-0\">\r\n\t\t\t\t\t<img decoding=\"async\" src=\"data:image\/gif;base64,R0lGODlhAQABAIAAAAAAAP\/\/\/yH5BAEAAAAALAAAAAABAAEAAAIBRAA7\" data-src=\"\/blog\/wp-content\/uploads\/2018\/07\/skateboard-trick-tip-kickflip-noseslide-1-thumb.jpg\" alt=\"Skateboard Trick Kickflip Noseslide\" \/><noscript><img decoding=\"async\" src=\"\/blog\/wp-content\/uploads\/2018\/07\/skateboard-trick-tip-kickflip-noseslide-1-thumb.jpg\" alt=\"Skateboard Trick Kickflip Noseslide\" \/><\/noscript>\r\n\t\t\t\t<\/a>\t\t\t\r\n\t\t\t<\/div>\r\n\t\t\t\r\n\t\t\t<div class=\"small-12 medium-7 columns\">\r\n\t\t\t<p>\r\n\t\t\t<span class=\"h4\">1.<\/span>\r\n\t\t\tDamit du den Kickflip besser in Richtung des Curbs drehen kannst, solltest du leicht schr\u00e4g zum Curb anfahren. Deine F\u00fc\u00dfe stehen in Kickflipposition. Dein Oberk\u00f6rper ist leicht vom Curb weg gedreht, damit du etwas Schwung f\u00fcr die Bewegung auf das Curb holen kannst.\r\n\t\t\t<\/p>\r\n\t\t\t<\/div>\r\n\t\t<\/div>\r\n\r\n\t\t\r\n\t\t<div class=\"medium-12 columns margin-bottom\">\r\n\t\t\r\n\t\t\t<!-- .jedes zweite Bild in diese DIV-Klasse -->\r\n\t\t\t<div class=\"small-12 medium-5 medium-push-7 columns\">\r\n\t\t\t\t<a title=\"Klicke zum Vergr\u00f6\u00dfern\" href=\"\/images\/content\/basicguide\/kickflip_noseslide03.jpg\" rel=\"lightbox[gallery-1] lightbox-1\">\r\n\t\t\t\t\t<img decoding=\"async\" src=\"data:image\/gif;base64,R0lGODlhAQABAIAAAAAAAP\/\/\/yH5BAEAAAAALAAAAAABAAEAAAIBRAA7\" data-src=\"\/blog\/wp-content\/uploads\/2018\/07\/skateboard-trick-tip-kickflip-noseslide-2-thumb.jpg\" alt=\"Skateboard Trick Kickflip Noseslide\" \/><noscript><img decoding=\"async\" src=\"\/blog\/wp-content\/uploads\/2018\/07\/skateboard-trick-tip-kickflip-noseslide-2-thumb.jpg\" alt=\"Skateboard Trick Kickflip Noseslide\" \/><\/noscript>\r\n\t\t\t\t<\/a>\t\t\t\t\r\n\t\t\t<\/div>\r\n\t\t\r\n\t\t\t<!-- .jeden zweiten Text in diese DIV-Klasse -->\r\n\t\t\t<div class=\"small-12 medium-7 medium-pull-5 columns\">\r\n\t\t\t<p>\r\n\t\t\t<span class=\"h4\">2.<\/span>\r\n\t\t\t Nun machst du einen Kickflip, drehst deinen K\u00f6rper in Richtung des Curbs und peilst dabei mit deinem vorderen Fu\u00df und der Nose das Curb an. Je paralleler du zum Curb anf\u00e4hrst, desto mehr musst du dich in Richtung des Curbs drehen. Wenn dir das Probleme bereitet, fahr das Curb noch schr\u00e4ger an.\r\n\t\t\t<\/p>\r\n\t\t\t<\/div>\r\n\t\t\t\t\t\r\n\t\t<\/div>\r\n\t\t\r\n\t\t<div class=\"medium-12 columns margin-bottom\">\r\n\t\t\t\r\n\t\t\t<div class=\"small-12 medium-5 columns\">\r\n\t\t\t\t<a title=\"Klicke zum Vergr\u00f6\u00dfern\" href=\"\/images\/content\/basicguide\/kickflip_noseslide05.jpg\" rel=\"lightbox[gallery-1] lightbox-2\">\r\n\t\t\t\t\t<img decoding=\"async\" src=\"data:image\/gif;base64,R0lGODlhAQABAIAAAAAAAP\/\/\/yH5BAEAAAAALAAAAAABAAEAAAIBRAA7\" data-src=\"\/blog\/wp-content\/uploads\/2018\/07\/skateboard-trick-tip-kickflip-noseslide-3-thumb.jpg\" alt=\"Skateboard Trick Kickflip Noseslide\" \/><noscript><img decoding=\"async\" src=\"\/blog\/wp-content\/uploads\/2018\/07\/skateboard-trick-tip-kickflip-noseslide-3-thumb.jpg\" alt=\"Skateboard Trick Kickflip Noseslide\" \/><\/noscript>\r\n\t\t\t\t<\/a>\t\t\r\n\t\t\t<\/div>\r\n\t\t\t\r\n\t\t\t<div class=\"small-12 medium-7 columns\">\r\n\t\t\t<p>\r\n\t\t\t<span class=\"h4\">3.<\/span>\r\n\t\t\tHat der Kickflip geklappt, solltest du nun versuchen dein Board \u00fcber dem Curb zu catchen. Dabei platziert dein vorderer Fu\u00df die Nose auf der Curbkante, dein hinterer Fu\u00df stabilisiert das Board und steht ungef\u00e4hr auf der Mitte des Boards. \r\n\t\t\t<\/p>\r\n\t\t\t<p>\r\n\t\t\tWenn du den Kickflip sicher gecatcht und dein Board in den Noseslide bef\u00f6rdert hast, kommt nun der einfachste und sch\u00f6nste Teil des Kickflip Noseslides auf dich zu. Da du den Noseslide bereits beherrschst wirst du jetzt ganz easy so lange du kannst im Noseslide stehen.\r\n\t\t\t<\/p>\r\n\t\t\t<\/div>\r\n\t\t<\/div>\r\n\t\t\r\n\t\t<div class=\"medium-12 columns margin-bottom\">\r\n\t\t\r\n\t\t\t<div class=\"small-12 medium-5 medium-push-7 columns\">\r\n\t\t\t\t<a title=\"Klicke zum Vergr\u00f6\u00dfern\" href=\"\/images\/content\/basicguide\/kickflip_noseslide07.jpg\" rel=\"lightbox[gallery-1] lightbox-3\">\r\n\t\t\t\t\t<img decoding=\"async\" src=\"data:image\/gif;base64,R0lGODlhAQABAIAAAAAAAP\/\/\/yH5BAEAAAAALAAAAAABAAEAAAIBRAA7\" data-src=\"\/blog\/wp-content\/uploads\/2018\/07\/skateboard-trick-tip-kickflip-noseslide-4-thumb.jpg\" alt=\"Skateboard Trick Kickflip Noseslide\" \/><noscript><img decoding=\"async\" src=\"\/blog\/wp-content\/uploads\/2018\/07\/skateboard-trick-tip-kickflip-noseslide-4-thumb.jpg\" alt=\"Skateboard Trick Kickflip Noseslide\" \/><\/noscript>\r\n\t\t\t\t<\/a>\t\t\t\t\t\r\n\t\t\t<\/div>\r\n\t\t\r\n\t\t\t<div class=\"small-12 medium-7 medium-pull-5 columns\">\r\n\t\t\t<p>\r\n\t\t\t<span class=\"h4\">4.<\/span>\r\n\t\t\tIrgendwann ist auch das l\u00e4ngste Curb zu Ende und deshalb ist es nun Zeit sich um den Abgang und die Ausfahrt des Noseslides zu k\u00fcmmern. Dazu solltest du versuchen, mit einer kleinen Nolliebewegung vom Curb herunter zu springen. Deine F\u00fc\u00dfe sollten dabei \u00fcber den Achsen stehen und immer Kontakt zum Board halten, wodurch es dir gelingen sollte das Board sicher zu Boden zu f\u00fchren.\t\r\n\t\t\t<\/p>\r\n\t\t\t<\/div>\r\n\t\t\r\n\t\t<\/div>\r\n\t\t\r\n\t\t<div class=\"medium-12 columns margin-bottom\">\r\n\t\t\r\n\t\t\t<div class=\"medium-5 columns\">\r\n\t\t\t\t<a title=\"Klicke zum Vergr\u00f6\u00dfern\" href=\"\/images\/content\/basicguide\/kickflip_noseslide09.jpg\" rel=\"lightbox[gallery-1] lightbox-4\">\r\n\t\t\t\t\t<img decoding=\"async\" src=\"data:image\/gif;base64,R0lGODlhAQABAIAAAAAAAP\/\/\/yH5BAEAAAAALAAAAAABAAEAAAIBRAA7\" data-src=\"\/blog\/wp-content\/uploads\/2018\/07\/skateboard-trick-tip-kickflip-noseslide-5-thumb.jpg\" alt=\"Skateboard Trick Kickflip Noseslide\" \/><noscript><img decoding=\"async\" src=\"\/blog\/wp-content\/uploads\/2018\/07\/skateboard-trick-tip-kickflip-noseslide-5-thumb.jpg\" alt=\"Skateboard Trick Kickflip Noseslide\" \/><\/noscript>\r\n\t\t\t\t<\/a>\t\t\t\t\t\t\t\r\n\t\t\t<\/div>\r\n\t\t\t\r\n\t\t\t<div class=\"medium-7 columns\">\r\n\t\t\t<p>\r\n\t\t\t<span class=\"h4\">5.<\/span>\r\n\t\t\tWenn bis hier hin alles funktioniert, dann stehst du nun in deinem ersten Kickflip Noseslide an einer Transition. Slide so lange du kannst, genie\u00dfe das Gef\u00fchl und bereite dich auf die Ausfahrt vor.\r\n\t\t\t<\/p>\r\n\t\t\t<\/div>\r\n\t\t<\/div>\r\n\t\t\r\n\t\t<div class=\"medium-12 columns margin-bottom\">\r\n\t\t\r\n\t\t\t<div class=\"small-12 medium-5 medium-push-7 columns\">\r\n\t\t\t\t<a title=\"Klicke zum Vergr\u00f6\u00dfern\" href=\"\/images\/content\/basicguide\/kickflip_noseslide10.jpg\" rel=\"lightbox[gallery-1] lightbox-5\">\r\n\t\t\t\t\t<img decoding=\"async\" src=\"data:image\/gif;base64,R0lGODlhAQABAIAAAAAAAP\/\/\/yH5BAEAAAAALAAAAAABAAEAAAIBRAA7\" data-src=\"\/blog\/wp-content\/uploads\/2018\/07\/skateboard-trick-tip-kickflip-noseslide-6-thumb.jpg\" alt=\"Skateboard Trick Kickflip Noseslide\" \/><noscript><img decoding=\"async\" src=\"\/blog\/wp-content\/uploads\/2018\/07\/skateboard-trick-tip-kickflip-noseslide-6-thumb.jpg\" alt=\"Skateboard Trick Kickflip Noseslide\" \/><\/noscript>\r\n\t\t\t\t<\/a>\t\t\t\t\t\r\n\t\t\t<\/div>\r\n\t\t\r\n\t\t\t<div class=\"small-12 medium-7 medium-pull-5 columns\">\r\n\t\t\t<p>\r\n\t\t\t<span class=\"h4\">6.<\/span>\r\n\t\t\tBei der Landung sollten deine F\u00fc\u00dfe weiterhin \u00fcber den Achsen und dein K\u00f6rper zentral \u00fcber dem Board stehen. Um den Schwung des Tricks abzufangen und die Ausfahrt besser meistern zu k\u00f6nnen, solltest du nun leicht in die Hocke gehen und deinen ersten Kickflip Noseslide ausfahren.\r\n\t\t\t<\/p>\r\n\t\t\t<\/div>\r\n\t\t\r\n\t\t<\/div>\r\n\t<\/div>\r\n<\/div>\r\n\r\n<!-- .Ende der Step By Step Anleitung -->\r\n\r\n<div class=\"post clearfix padding-bottom\">\r\n\t<div id=\"decks-allgemeines\" class=\"hide-for-small large-2 columns\">\r\n\t\t<div class=\"date-day\">Mehr Tricks<\/div>\r\n\t\t<div class=\"date-month\">?<\/div>\r\n\t<\/div>\r\n\r\n\t<div class=\"large-10 columns\">\r\n\t\r\n\t\t<h3 class=\"margin-top margin-bottom\" align=\"center\">Welcher Trick als n\u00e4chstes?<\/h2>\r\n\t\t\r\n\t\t<p>\r\n\t\tDer Kickflip Noseslide sitzt bereits? Dann schau dir die weiteren Trick Tipps f\u00fcr die Curb an. Falls du nicht nur Lust auf Curb hast, haben wir auch Tricks Tipps f\u00fcr das Flat und Trick Tipps f\u00fcr Transition f\u00fcr dich am Start.\r\n\t\t<\/p>\r\n\t\t\r\n\t\t<div class=\"medium-12 small-12 columns\">\r\n<a title=\"zu den Skateboard Trick Tipps Curb &#038; Rail\" href=\"\/blog\/de\/trick-tipps\/skateboard\/curb-rail\/\" class=\"button-auto\">Skateboard Trick Tipps | Curb &#038; Rail<\/a>\r\n\t\t\t<br><br>\r\n\t\t\t\r\n\t\t\t<div class=\"medium-6 small-12 columns\">\r\n\t\t\t\t<a title=\"zu den Skateboard Trick Tipps Flat\" href=\"\/blog\/de\/trick-tipps\/skateboard\/flat\/\" class=\"button-auto\">Skateboard Trick Tipps | Flat<\/a>\r\n\t\t\t<br><br>\r\n\t\t\t<\/div>\r\n\t\t\t\r\n\t\t\t<div class=\"medium-6 small-12 columns\">\r\n\t\t\t<a title=\"zu den Skateboard Trick Tipps Transition\" href=\"\/blog\/de\/trick-tipps\/skateboard\/transition\/\" class=\"button-auto\">Skateboard Trick Tipps | Transition<\/a>\r\n\t\t\t<br><br>\r\n\t\t\t<\/div>\r\n\t\t\t\r\n\t\t<\/div>\r\n\t\t\r\n\t\t\r\n\t<\/div>\r\n<\/div><div class=\"ShariffSC\" style=\"shariff-shop\"><div class=\"shariff\" data-url=\"https:\/\/skatedeluxe.com\/blog\/de\/trick-tipps\/skateboard\/curb-rail\/how-to-kickflip-noseslide\/\" data-title=\"Kickflip Noseslide &#8211; Skateboard Trick Tipp\" data-services='[\"facebooklike\", \"facebook\"]' data-backend-url='\/shariff\/'><\/div><\/div>","protected":false},"excerpt":{"rendered":"<p>Trick Tipp Kickflip Noseslide Der Kickflip Noseslide ist der wohl grundlegendste Flip to Slide Trick \u00fcberhaupt. Zum einen ist der Noseslide der Basis-Curbtrick schlechthin, zum anderen ist der Kickflip der wichtigste Fliptrick \u00fcberhaupt. Wenn du den Kickflip Noseslide versuchen m\u00f6chtest, so solltest du bereits einen richtig guten Noseslide haben und den Kickflip, m\u00f6glichst sogar einen <a class=\"read-more\" href=\"https:\/\/skatedeluxe.com\/blog\/de\/trick-tipps\/skateboard\/curb-rail\/how-to-kickflip-noseslide\/\">[&#8230;]<\/a><\/p>\n","protected":false},"author":24,"featured_media":27652,"parent":21468,"menu_order":18,"comment_status":"open","ping_status":"closed","template":"page-templates\/teasing-page.php","meta":{"footnotes":""},"class_list":["post-21539","page","type-page","status-publish","has-post-thumbnail","hentry"],"aioseo_notices":[],"amp_enabled":false,"_links":{"self":[{"href":"https:\/\/skatedeluxe.com\/blog\/de\/wp-json\/wp\/v2\/pages\/21539","targetHints":{"allow":["GET"]}}],"collection":[{"href":"https:\/\/skatedeluxe.com\/blog\/de\/wp-json\/wp\/v2\/pages"}],"about":[{"href":"https:\/\/skatedeluxe.com\/blog\/de\/wp-json\/wp\/v2\/types\/page"}],"author":[{"embeddable":true,"href":"https:\/\/skatedeluxe.com\/blog\/de\/wp-json\/wp\/v2\/users\/24"}],"replies":[{"embeddable":true,"href":"https:\/\/skatedeluxe.com\/blog\/de\/wp-json\/wp\/v2\/comments?post=21539"}],"version-history":[{"count":17,"href":"https:\/\/skatedeluxe.com\/blog\/de\/wp-json\/wp\/v2\/pages\/21539\/revisions"}],"predecessor-version":[{"id":145163,"href":"https:\/\/skatedeluxe.com\/blog\/de\/wp-json\/wp\/v2\/pages\/21539\/revisions\/145163"}],"up":[{"embeddable":true,"href":"https:\/\/skatedeluxe.com\/blog\/de\/wp-json\/wp\/v2\/pages\/21468"}],"wp:featuredmedia":[{"embeddable":true,"href":"https:\/\/skatedeluxe.com\/blog\/de\/wp-json\/wp\/v2\/media\/27652"}],"wp:attachment":[{"href":"https:\/\/skatedeluxe.com\/blog\/de\/wp-json\/wp\/v2\/media?parent=21539"}],"curies":[{"name":"wp","href":"https:\/\/api.w.org\/{rel}","templated":true}]}}