{"id":21538,"date":"2013-06-05T14:41:09","date_gmt":"2013-06-05T12:41:09","guid":{"rendered":"http:\/\/www.skatedeluxe.de\/blog\/?page_id=21538"},"modified":"2018-07-27T10:41:55","modified_gmt":"2018-07-27T08:41:55","slug":"how-to-halfcab-noseslide-nollie-heelflip-out","status":"publish","type":"page","link":"https:\/\/skatedeluxe.com\/blog\/de\/trick-tipps\/skateboard\/curb-rail\/how-to-halfcab-noseslide-nollie-heelflip-out\/","title":{"rendered":"Halfcab Noseslide Nollie Heelflip Out &#8211; Skateboard Trick Tipp"},"content":{"rendered":"<div class=\"post clearfix padding-bottom\">\r\n\t<div id=\"decks-allgemeines\" class=\"hide-for-small large-2 columns\">\r\n\t\t<div class=\"date-day\">Trick Tipp<\/div>\r\n\t\t<div class=\"date-month\">Halfcab Noseslide Nollie Heelflip Out<\/div>\r\n\t<\/div>\r\n\r\n\t<div class=\"large-10 columns\">\r\n\t\r\n<p>\r\n\t\tDer Halfcab Noseslide Nollie Heelflip Out ist, wie der lange Name schon erahnen l\u00e4sst, ein sehr komplizierter und schwieriger, daf\u00fcr aber auch unglaublich guter Trick. Mit diesem Trick kannst du nicht nur bei deinen Kumpels im Skatepark punkten, sondern sorgst auch am Streetspot der n\u00e4chstgr\u00f6\u00dferen Stadt oder auf jedem Contest f\u00fcr offene M\u00fcnder. Dieser Trick ist absolut kein Basic-Trick, sondern baut auf mehreren Einzeltricks auf, welche du im Vorfeld bereits k\u00f6nnen solltest. Zu den wichtigsten Voraussetzungen f\u00fcr den Halfcab Noseslide Nollie Heelflip Out z\u00e4hlen der Halfcab Ollie, der <a href=\"\/blog\/de\/alles-uber-boards\/skateboarding\/skateboard-trick-tipps-curb\/how-to-noseslide\/\" title=\"Zum Skateboard Trick Tipp Noseslide\" target=\"_blank\">Noseslide<\/a>, m\u00f6glichst auch der Halfcab Noseslide, sowie der Nollieheelflip aus einem Noseslide heraus. Das scheint eine Menge von dir verlangt zu sein, jedoch wird dir beim Lernen dieses Tricks ganz schnell bewusst, dass die einzelnen Tricks eine Voraussetzung daf\u00fcr sind.\r\n<\/p>\r\n\t\r\n\t\t<p>\r\n\t\tHier erf\u00e4hrst du, wie der Halfcab Noseslide Nollie Heelflip Out funktioniert.\r\n\t\t<\/p>\r\n\t\t\r\n\t<\/div>\r\n<\/div>\r\n\r\n<!-- .Ende des Einleitungsbereichs -->\r\n\r\n<div class=\"post clearfix padding-bottom\">\r\n\t<div id=\"decks-allgemeines\" class=\"hide-for-small large-2 columns\">\r\n\t\t<div class=\"date-day\">Halfcab Noseslide Nollie Heelflip Out<\/div>\r\n\t\t<div class=\"date-month\">Sequenz<\/div>\r\n\t<\/div>\r\n\r\n\t<div class=\"large-10 columns\">\r\n\t\r\n\t\t<h2 class=\"margin-top margin-bottom\" align=\"center\">Trick Tipp Sequenz: Halfcab Noseslide Nollie Heelflip Out<\/h2>\r\n\t\t\r\n\t\t<div class=\"medium-12 small-12 columns\">\r\n\t\t<div class=\"medium-10 columns medium-centered medium-offset-1 columns margin-bottom\">\r\n\t\t<div id=\"metaslider-id-145502\" style=\"max-width: 999px; margin: 0 auto;\" class=\"ml-slider-3-98-0 ml-slider-pro-2-6-6 metaslider metaslider-nivo metaslider-145502 ml-slider ms-theme-_theme_1463567531\" role=\"region\" aria-roledescription=\"Slideshow\" aria-label=\"Nollie Heelflip Out\" data-width=\"999\">\n    <div id=\"metaslider_container_145502\">\n        <div class='slider-wrapper theme-default'><div class='ribbon'><\/div><div id='metaslider_145502' class='nivoSlider'><img loading=\"lazy\" decoding=\"async\" width=\"1000\" height=\"667\" src=\"\/blog\/wp-content\/uploads\/2018\/07\/halfcab_noseslide01.jpg\" class=\"slider-145502 slide-145503\" alt=\"Skateboard Trick Halfcab Noseslide Nollie Heelflip Out\" data-caption=\"\" data-thumb=\"\" title=\"halfcab_noseslide01\" rel=\"\" srcset=\"\/blog\/wp-content\/uploads\/2018\/07\/halfcab_noseslide01.jpg 1000w, \/blog\/wp-content\/uploads\/2018\/07\/halfcab_noseslide01-600x400.jpg 600w, \/blog\/wp-content\/uploads\/2018\/07\/halfcab_noseslide01-768x512.jpg 768w, \/blog\/wp-content\/uploads\/2018\/07\/halfcab_noseslide01-999x666.jpg 999w, \/blog\/wp-content\/uploads\/2018\/07\/halfcab_noseslide01-150x100.jpg 150w\" sizes=\"auto, (max-width: 1000px) 100vw, 1000px\" \/><img loading=\"lazy\" decoding=\"async\" width=\"1000\" height=\"667\" src=\"\/blog\/wp-content\/uploads\/2018\/07\/halfcab_noseslide02.jpg\" class=\"slider-145502 slide-145504\" alt=\"Skateboard Trick Halfcab Noseslide Nollie Heelflip Out\" data-caption=\"\" data-thumb=\"\" title=\"halfcab_noseslide02\" rel=\"\" srcset=\"\/blog\/wp-content\/uploads\/2018\/07\/halfcab_noseslide02.jpg 1000w, \/blog\/wp-content\/uploads\/2018\/07\/halfcab_noseslide02-600x400.jpg 600w, \/blog\/wp-content\/uploads\/2018\/07\/halfcab_noseslide02-768x512.jpg 768w, \/blog\/wp-content\/uploads\/2018\/07\/halfcab_noseslide02-999x666.jpg 999w, \/blog\/wp-content\/uploads\/2018\/07\/halfcab_noseslide02-150x100.jpg 150w\" sizes=\"auto, (max-width: 1000px) 100vw, 1000px\" \/><img loading=\"lazy\" decoding=\"async\" width=\"1000\" height=\"667\" src=\"\/blog\/wp-content\/uploads\/2018\/07\/halfcab_noseslide03.jpg\" class=\"slider-145502 slide-145505\" alt=\"Skateboard Trick Halfcab Noseslide Nollie Heelflip Out\" data-caption=\"\" data-thumb=\"\" title=\"halfcab_noseslide03\" rel=\"\" srcset=\"\/blog\/wp-content\/uploads\/2018\/07\/halfcab_noseslide03.jpg 1000w, \/blog\/wp-content\/uploads\/2018\/07\/halfcab_noseslide03-600x400.jpg 600w, \/blog\/wp-content\/uploads\/2018\/07\/halfcab_noseslide03-768x512.jpg 768w, \/blog\/wp-content\/uploads\/2018\/07\/halfcab_noseslide03-999x666.jpg 999w, \/blog\/wp-content\/uploads\/2018\/07\/halfcab_noseslide03-150x100.jpg 150w\" sizes=\"auto, (max-width: 1000px) 100vw, 1000px\" \/><img loading=\"lazy\" decoding=\"async\" width=\"1000\" height=\"667\" src=\"\/blog\/wp-content\/uploads\/2018\/07\/halfcab_noseslide04.jpg\" class=\"slider-145502 slide-145506\" alt=\"Skateboard Trick Halfcab Noseslide Nollie Heelflip Out\" data-caption=\"\" data-thumb=\"\" title=\"halfcab_noseslide04\" rel=\"\" srcset=\"\/blog\/wp-content\/uploads\/2018\/07\/halfcab_noseslide04.jpg 1000w, \/blog\/wp-content\/uploads\/2018\/07\/halfcab_noseslide04-600x400.jpg 600w, \/blog\/wp-content\/uploads\/2018\/07\/halfcab_noseslide04-768x512.jpg 768w, \/blog\/wp-content\/uploads\/2018\/07\/halfcab_noseslide04-999x666.jpg 999w, \/blog\/wp-content\/uploads\/2018\/07\/halfcab_noseslide04-150x100.jpg 150w\" sizes=\"auto, (max-width: 1000px) 100vw, 1000px\" \/><img loading=\"lazy\" decoding=\"async\" width=\"1000\" height=\"667\" src=\"\/blog\/wp-content\/uploads\/2018\/07\/halfcab_noseslide06.jpg\" class=\"slider-145502 slide-145507\" alt=\"Skateboard Trick Halfcab Noseslide Nollie Heelflip Out\" data-caption=\"\" data-thumb=\"\" title=\"halfcab_noseslide06\" rel=\"\" srcset=\"\/blog\/wp-content\/uploads\/2018\/07\/halfcab_noseslide06.jpg 1000w, \/blog\/wp-content\/uploads\/2018\/07\/halfcab_noseslide06-600x400.jpg 600w, \/blog\/wp-content\/uploads\/2018\/07\/halfcab_noseslide06-768x512.jpg 768w, \/blog\/wp-content\/uploads\/2018\/07\/halfcab_noseslide06-999x666.jpg 999w, \/blog\/wp-content\/uploads\/2018\/07\/halfcab_noseslide06-150x100.jpg 150w\" sizes=\"auto, (max-width: 1000px) 100vw, 1000px\" \/><img loading=\"lazy\" decoding=\"async\" width=\"1000\" height=\"667\" src=\"\/blog\/wp-content\/uploads\/2018\/07\/halfcab_noseslide07.jpg\" class=\"slider-145502 slide-145508\" alt=\"Skateboard Trick Halfcab Noseslide Nollie Heelflip Out\" data-caption=\"\" data-thumb=\"\" title=\"halfcab_noseslide07\" rel=\"\" srcset=\"\/blog\/wp-content\/uploads\/2018\/07\/halfcab_noseslide07.jpg 1000w, \/blog\/wp-content\/uploads\/2018\/07\/halfcab_noseslide07-600x400.jpg 600w, \/blog\/wp-content\/uploads\/2018\/07\/halfcab_noseslide07-768x512.jpg 768w, \/blog\/wp-content\/uploads\/2018\/07\/halfcab_noseslide07-999x666.jpg 999w, \/blog\/wp-content\/uploads\/2018\/07\/halfcab_noseslide07-150x100.jpg 150w\" sizes=\"auto, (max-width: 1000px) 100vw, 1000px\" \/><img loading=\"lazy\" decoding=\"async\" width=\"1000\" height=\"667\" src=\"\/blog\/wp-content\/uploads\/2018\/07\/halfcab_noseslide09.jpg\" class=\"slider-145502 slide-145509\" alt=\"Skateboard Trick Halfcab Noseslide Nollie Heelflip Out\" data-caption=\"\" data-thumb=\"\" title=\"halfcab_noseslide09\" rel=\"\" srcset=\"\/blog\/wp-content\/uploads\/2018\/07\/halfcab_noseslide09.jpg 1000w, \/blog\/wp-content\/uploads\/2018\/07\/halfcab_noseslide09-600x400.jpg 600w, \/blog\/wp-content\/uploads\/2018\/07\/halfcab_noseslide09-768x512.jpg 768w, \/blog\/wp-content\/uploads\/2018\/07\/halfcab_noseslide09-999x666.jpg 999w, \/blog\/wp-content\/uploads\/2018\/07\/halfcab_noseslide09-150x100.jpg 150w\" sizes=\"auto, (max-width: 1000px) 100vw, 1000px\" \/><\/div><\/div>\n        \n    <\/div>\n<\/div>\r\n\t\t<\/div>\r\n\t\t<\/div>\r\n\t\t\r\n\t<\/div>\r\n<\/div>\r\n\r\n<!-- .Ende der Sequenz -->\r\n\r\n<div class=\"post clearfix padding-bottom\">\r\n\t<div id=\"decks-allgemeines\" class=\"hide-for-small large-2 columns\">\r\n\t\t<div class=\"date-day\">Halfcab Noseslide Nollie Heelflip Out<\/div>\r\n\t\t<div class=\"date-month\">Step By Step<\/div>\r\n\t<\/div>\r\n\r\n\t<div class=\"large-10 columns\">\r\n\t\r\n\t\t<h2 class=\"margin-top margin-bottom\" align=\"center\">Trick Tipp Step By Step: Halfcab Noseslide Nollie Heelflip Out<\/h2>\r\n\t\t\r\n\t\t<p align=\"center\"><small>Klicke auf die Bilder zum Vergr\u00f6\u00dfern<\/small>\r\n\t\t\r\n\t\t<div class=\"medium-12 columns margin-bottom\">\r\n\t\t\t\r\n\t\t\t<div class=\"small-12 medium-5 columns\">\r\n\t\t\t\t<a title=\"Klicke zum Vergr\u00f6\u00dfern\" href=\"\/images\/content\/basicguide\/halfcab_noseslide01.jpg\" rel=\"lightbox[gallery-1] lightbox-0\">\r\n\t\t\t\t\t<img decoding=\"async\" src=\"data:image\/gif;base64,R0lGODlhAQABAIAAAAAAAP\/\/\/yH5BAEAAAAALAAAAAABAAEAAAIBRAA7\" data-src=\"\/blog\/wp-content\/uploads\/2018\/07\/skateboard-trick-tip-halfcab-noseslide-thumb-1.jpg\" alt=\"Skateboard Trick Halfcab Noseslide Nollie Heelflip Out\" \/><noscript><img decoding=\"async\" src=\"\/blog\/wp-content\/uploads\/2018\/07\/skateboard-trick-tip-halfcab-noseslide-thumb-1.jpg\" alt=\"Skateboard Trick Halfcab Noseslide Nollie Heelflip Out\" \/><\/noscript>\r\n\t\t\t\t<\/a>\t\t\t\r\n\t\t\t<\/div>\r\n\t\t\t\r\n\t\t\t<div class=\"small-12 medium-7 columns\">\r\n\t\t\t<p>\r\n\t\t\t<span class=\"h4\">1.<\/span>\r\n\t\t\tDu f\u00e4hrst Fakie m\u00f6glichst parallel auf das Curb zu. Dabei sollte zwischen dir und dem Curb ein Abstand von ungef\u00e4hr 30 cm sein. Wenn du zu eng Curb anf\u00e4hrst, st\u00f6\u00dft du  beim Absprung mit der Nose gegen das Curb. Bist du zu weit vom Curb entfernt, so triffst du die Curbkante kaum mit deiner Nose.\r\n\t\t\t<\/p>\r\n\t\t\t<\/div>\r\n\t\t<\/div>\r\n\r\n\t\t\r\n\t\t<div class=\"medium-12 columns margin-bottom\">\r\n\t\t\r\n\t\t\t<!-- .jedes zweite Bild in diese DIV-Klasse -->\r\n\t\t\t<div class=\"small-12 medium-5 medium-push-7 columns\">\r\n\t\t\t\t<a title=\"Klicke zum Vergr\u00f6\u00dfern\" href=\"\/images\/content\/basicguide\/halfcab_noseslide02.jpg\" rel=\"lightbox[gallery-1] lightbox-1\">\r\n\t\t\t\t\t<img decoding=\"async\" src=\"data:image\/gif;base64,R0lGODlhAQABAIAAAAAAAP\/\/\/yH5BAEAAAAALAAAAAABAAEAAAIBRAA7\" data-src=\"\/blog\/wp-content\/uploads\/2018\/07\/skateboard-trick-tip-halfcab-noseslide-thumb-2.jpg\" alt=\"Skateboard Trick Halfcab Noseslide Nollie Heelflip Out\" \/><noscript><img decoding=\"async\" src=\"\/blog\/wp-content\/uploads\/2018\/07\/skateboard-trick-tip-halfcab-noseslide-thumb-2.jpg\" alt=\"Skateboard Trick Halfcab Noseslide Nollie Heelflip Out\" \/><\/noscript>\r\n\t\t\t\t<\/a>\t\t\t\t\r\n\t\t\t<\/div>\r\n\t\t\r\n\t\t\t<!-- .jeden zweiten Text in diese DIV-Klasse -->\r\n\t\t\t<div class=\"small-12 medium-7 medium-pull-5 columns\">\r\n\t\t\t<p>\r\n\t\t\t<span class=\"h4\">2.<\/span>\r\n\t\t\t Dein hinterer Fu\u00df steht dabei mit dem Ballen auf dem Tail, dein vorderer Fu\u00df relativ platt \u00fcber der Vorderachse. Dein Oberk\u00f6rper sollte leicht zum Curb vorgedreht sein, wobei du leicht in die Hocke gehst und deinen Kopf in Richtung des Curbs drehst, um es anvisieren zu k\u00f6nnen.\r\n\t\t\t<\/p>\r\n\t\t\t<\/div>\r\n\t\t\t\t\t\r\n\t\t<\/div>\r\n\t\t\r\n\t\t<div class=\"medium-12 columns margin-bottom\">\r\n\t\t\t\r\n\t\t\t<div class=\"small-12 medium-5 columns\">\r\n\t\t\t\t<a title=\"Klicke zum Vergr\u00f6\u00dfern\" href=\"\/images\/content\/basicguide\/halfcab_noseslide04.jpg\" rel=\"lightbox[gallery-1] lightbox-2\">\r\n\t\t\t\t\t<img decoding=\"async\" src=\"data:image\/gif;base64,R0lGODlhAQABAIAAAAAAAP\/\/\/yH5BAEAAAAALAAAAAABAAEAAAIBRAA7\" data-src=\"\/blog\/wp-content\/uploads\/2018\/07\/skateboard-trick-tip-halfcab-noseslide-thumb-4.jpg\" alt=\"Skateboard Trick Halfcab Noseslide Nollie Heelflip Out\" \/><noscript><img decoding=\"async\" src=\"\/blog\/wp-content\/uploads\/2018\/07\/skateboard-trick-tip-halfcab-noseslide-thumb-4.jpg\" alt=\"Skateboard Trick Halfcab Noseslide Nollie Heelflip Out\" \/><\/noscript>\r\n\t\t\t\t<\/a>\t\t\r\n\t\t\t<\/div>\r\n\t\t\t\r\n\t\t\t<div class=\"small-12 medium-7 columns\">\r\n\t\t\t<p>\r\n\t\t\t<span class=\"h4\">3.<\/span>\r\n\t\t\t Jetzt kommt der einfachste Teil des Tricks. Du stehst im Noseslide auf der Curbkante und solltest so lange rutschen, wie das Wachs auf dem Curb, dein Speed und die L\u00e4nge des Curbs es zulassen. Je n\u00e4her du dem Ende des Slides kommst, desto genauer solltest du deinen hinteren Fu\u00df in Nollie Heelflip Position bringen und leicht in die Hocke gehen, um Schwung f\u00fcr den Heelflip out zu holen.\r\n\t\t\t<\/p>\r\n\t\t\t<\/div>\r\n\t\t<\/div>\r\n\t\t\r\n\t\t<div class=\"medium-12 columns margin-bottom\">\r\n\t\t\r\n\t\t\t<div class=\"small-12 medium-5 medium-push-7 columns\">\r\n\t\t\t\t<a title=\"Klicke zum Vergr\u00f6\u00dfern\" href=\"\/images\/content\/basicguide\/halfcab_noseslide05.jpg\" rel=\"lightbox[gallery-1] lightbox-3\">\r\n\t\t\t\t\t<img decoding=\"async\" src=\"data:image\/gif;base64,R0lGODlhAQABAIAAAAAAAP\/\/\/yH5BAEAAAAALAAAAAABAAEAAAIBRAA7\" data-src=\"\/blog\/wp-content\/uploads\/2018\/07\/skateboard-trick-tip-halfcab-noseslide-thumb-5.jpg\" alt=\"Skateboard Trick Halfcab Noseslide Nollie Heelflip Out\" \/><noscript><img decoding=\"async\" src=\"\/blog\/wp-content\/uploads\/2018\/07\/skateboard-trick-tip-halfcab-noseslide-thumb-5.jpg\" alt=\"Skateboard Trick Halfcab Noseslide Nollie Heelflip Out\" \/><\/noscript>\r\n\t\t\t\t<\/a>\t\t\t\t\t\r\n\t\t\t<\/div>\r\n\t\t\r\n\t\t\t<div class=\"small-12 medium-7 medium-pull-5 columns\">\r\n\t\t\t<p>\r\n\t\t\t<span class=\"h4\">4.<\/span>\r\n\t\t\tHast du das Ende deines Slides erreicht,  machst du nun einen kleinen Nollie vom Curb, knickst dabei deinen hinteren Fu\u00df ab und ziehst ihn mit der Ferse \u00fcber das Board in Richtung des Tails. Ein leichtes nach unten Dr\u00fccken kann die Drehung des Heelflips dabei erleichtern. \r\n\t\t\t<\/p>\r\n\t\t\t<\/div>\r\n\t\t\r\n\t\t<\/div>\r\n\t\t\r\n\t\t<div class=\"medium-12 columns margin-bottom\">\r\n\t\t\r\n\t\t\t<div class=\"medium-5 columns\">\r\n\t\t\t\t<a title=\"Klicke zum Vergr\u00f6\u00dfern\" href=\"\/images\/content\/basicguide\/halfcab_noseslide06.jpg\" rel=\"lightbox[gallery-1] lightbox-4\">\r\n\t\t\t\t\t<img decoding=\"async\" src=\"data:image\/gif;base64,R0lGODlhAQABAIAAAAAAAP\/\/\/yH5BAEAAAAALAAAAAABAAEAAAIBRAA7\" data-src=\"\/blog\/wp-content\/uploads\/2018\/07\/skateboard-trick-tip-halfcab-noseslide-thumb-6.jpg\" alt=\"Skateboard Trick Halfcab Noseslide Nollie Heelflip Out\" \/><noscript><img decoding=\"async\" src=\"\/blog\/wp-content\/uploads\/2018\/07\/skateboard-trick-tip-halfcab-noseslide-thumb-6.jpg\" alt=\"Skateboard Trick Halfcab Noseslide Nollie Heelflip Out\" \/><\/noscript>\r\n\t\t\t\t<\/a>\t\t\t\t\t\t\t\r\n\t\t\t<\/div>\r\n\t\t\t\r\n\t\t\t<div class=\"medium-7 columns\">\r\n\t\t\t<p>\r\n\t\t\t<span class=\"h4\">5.<\/span>\r\n\t\t\tNun kannst du nur noch abwarten und hoffen, dass der Heelflip bis zur Landung komplett dreht. Dabei springst du \u00fcber deinem Board und schaust dir das Spektakel in Ruhe an. Merkst du, dass der Heelflip sich nicht vollst\u00e4ndig dreht, so kannst du den Trick abbrechen und mit einem oder beiden F\u00fc\u00dfen neben dem Board landen.\r\n\t\t\t<\/p>\r\n\t\t\t<\/div>\r\n\t\t<\/div>\r\n\t\t\r\n\t\t<div class=\"medium-12 columns margin-bottom\">\r\n\t\t\r\n\t\t\t<div class=\"small-12 medium-5 medium-push-7 columns\">\r\n\t\t\t\t<a title=\"Klicke zum Vergr\u00f6\u00dfern\" href=\"\/images\/content\/basicguide\/halfcab_noseslide07.jpg\" rel=\"lightbox[gallery-1] lightbox-5\">\r\n\t\t\t\t\t<img decoding=\"async\" src=\"data:image\/gif;base64,R0lGODlhAQABAIAAAAAAAP\/\/\/yH5BAEAAAAALAAAAAABAAEAAAIBRAA7\" data-src=\"\/blog\/wp-content\/uploads\/2018\/07\/skateboard-trick-tip-halfcab-noseslide-thumb-7.jpg\" alt=\"Skateboard Trick Halfcab Noseslide Nollie Heelflip Out\" \/><noscript><img decoding=\"async\" src=\"\/blog\/wp-content\/uploads\/2018\/07\/skateboard-trick-tip-halfcab-noseslide-thumb-7.jpg\" alt=\"Skateboard Trick Halfcab Noseslide Nollie Heelflip Out\" \/><\/noscript>\r\n\t\t\t\t<\/a>\t\t\t\t\t\r\n\t\t\t<\/div>\r\n\t\t\r\n\t\t\t<div class=\"small-12 medium-7 medium-pull-5 columns\">\r\n\t\t\t<p>\r\n\t\t\t<span class=\"h4\">6.<\/span>\r\n\t\t\tWie bei eigentlich allen Tricks, so gilt auch hier die Faustregel, dass eine leichte Hocke, eine zentrale Position des K\u00f6rpers \u00fcber dem Board und leichte Ausgleichsbewegungen des Oberk\u00f6rpers den Schwung des Tricks am besten abfangen und du so am sichersten ausf\u00e4hrst.\r\n\t\t\t<\/p>\r\n\t\t\t<\/div>\r\n\t\t\r\n\t\t<\/div>\r\n\t\t\r\n\t<\/div>\r\n<\/div>\r\n\r\n<!-- .Ende der Step By Step Anleitung -->\r\n\r\n<div class=\"post clearfix padding-bottom\">\r\n\t<div id=\"decks-allgemeines\" class=\"hide-for-small large-2 columns\">\r\n\t\t<div class=\"date-day\">Mehr Tricks<\/div>\r\n\t\t<div class=\"date-month\">?<\/div>\r\n\t<\/div>\r\n\r\n\t<div class=\"large-10 columns\">\r\n\t\r\n\t\t<h3 class=\"margin-top margin-bottom\" align=\"center\">Welcher Trick als n\u00e4chstes?<\/h2>\r\n\t\t\r\n\t\t<p>\r\n\t\tDer Halfcab Noseslide Nollie Heelflip Out sitzt bereits? \r\n\t\tDann schau dir die weiteren Trick Tipps f\u00fcr das Flat an. Falls du nicht nur Lust auf Flat hast, haben wir auch Tricks Tipps f\u00fcr die Curb und Trick Tipps f\u00fcr Transition f\u00fcr dich am Start.\r\n\t\t<\/p>\r\n\t\t\r\n\t\t<div class=\"medium-12 small-12 columns\">\r\n<a title=\"zu den Skateboard Trick Tipps Curb &#038; Rail\" href=\"\/blog\/de\/trick-tipps\/skateboard\/curb-rail\/\" class=\"button-auto\">Skateboard Trick Tipps | Curb &#038; Rail<\/a>\r\n\t\t\t<br><br>\r\n\t\t\t\r\n\t\t\t<div class=\"medium-6 small-12 columns\">\r\n\t\t\t\t<a title=\"zu den Skateboard Trick Tipps Flat\" href=\"\/blog\/de\/trick-tipps\/skateboard\/flat\/\" class=\"button-auto\">Skateboard Trick Tipps | Flat<\/a>\r\n\t\t\t<br><br>\r\n\t\t\t<\/div>\r\n\t\t\t\r\n\t\t\t<div class=\"medium-6 small-12 columns\">\r\n\t\t\t<a title=\"zu den Skateboard Trick Tipps Transition\" href=\"\/blog\/de\/trick-tipps\/skateboard\/transition\/\" class=\"button-auto\">Skateboard Trick Tipps | Transition<\/a>\r\n\t\t\t<br><br>\r\n\t\t\t<\/div>\r\n\t\t\t\r\n\t\t<\/div>\r\n\t\t\r\n\t\t\r\n\t<\/div>\r\n<\/div><div class=\"ShariffSC\" style=\"shariff-shop\"><div class=\"shariff\" data-url=\"https:\/\/skatedeluxe.com\/blog\/de\/trick-tipps\/skateboard\/curb-rail\/how-to-halfcab-noseslide-nollie-heelflip-out\/\" data-title=\"Halfcab Noseslide Nollie Heelflip Out &#8211; Skateboard Trick Tipp\" data-services='[\"facebooklike\", \"facebook\"]' data-backend-url='\/shariff\/'><\/div><\/div>","protected":false},"excerpt":{"rendered":"<p>Trick Tipp Halfcab Noseslide Nollie Heelflip Out Der Halfcab Noseslide Nollie Heelflip Out ist, wie der lange Name schon erahnen l\u00e4sst, ein sehr komplizierter und schwieriger, daf\u00fcr aber auch unglaublich guter Trick. Mit diesem Trick kannst du nicht nur bei deinen Kumpels im Skatepark punkten, sondern sorgst auch am Streetspot der n\u00e4chstgr\u00f6\u00dferen Stadt oder auf <a class=\"read-more\" href=\"https:\/\/skatedeluxe.com\/blog\/de\/trick-tipps\/skateboard\/curb-rail\/how-to-halfcab-noseslide-nollie-heelflip-out\/\">[&#8230;]<\/a><\/p>\n","protected":false},"author":24,"featured_media":27649,"parent":21468,"menu_order":22,"comment_status":"open","ping_status":"closed","template":"page-templates\/teasing-page.php","meta":{"footnotes":""},"class_list":["post-21538","page","type-page","status-publish","has-post-thumbnail","hentry"],"aioseo_notices":[],"amp_enabled":false,"_links":{"self":[{"href":"https:\/\/skatedeluxe.com\/blog\/de\/wp-json\/wp\/v2\/pages\/21538","targetHints":{"allow":["GET"]}}],"collection":[{"href":"https:\/\/skatedeluxe.com\/blog\/de\/wp-json\/wp\/v2\/pages"}],"about":[{"href":"https:\/\/skatedeluxe.com\/blog\/de\/wp-json\/wp\/v2\/types\/page"}],"author":[{"embeddable":true,"href":"https:\/\/skatedeluxe.com\/blog\/de\/wp-json\/wp\/v2\/users\/24"}],"replies":[{"embeddable":true,"href":"https:\/\/skatedeluxe.com\/blog\/de\/wp-json\/wp\/v2\/comments?post=21538"}],"version-history":[{"count":17,"href":"https:\/\/skatedeluxe.com\/blog\/de\/wp-json\/wp\/v2\/pages\/21538\/revisions"}],"predecessor-version":[{"id":145535,"href":"https:\/\/skatedeluxe.com\/blog\/de\/wp-json\/wp\/v2\/pages\/21538\/revisions\/145535"}],"up":[{"embeddable":true,"href":"https:\/\/skatedeluxe.com\/blog\/de\/wp-json\/wp\/v2\/pages\/21468"}],"wp:featuredmedia":[{"embeddable":true,"href":"https:\/\/skatedeluxe.com\/blog\/de\/wp-json\/wp\/v2\/media\/27649"}],"wp:attachment":[{"href":"https:\/\/skatedeluxe.com\/blog\/de\/wp-json\/wp\/v2\/media?parent=21538"}],"curies":[{"name":"wp","href":"https:\/\/api.w.org\/{rel}","templated":true}]}}