{"id":21533,"date":"2013-06-05T16:37:23","date_gmt":"2013-06-05T14:37:23","guid":{"rendered":"http:\/\/www.skatedeluxe.de\/blog\/?page_id=21533"},"modified":"2018-05-09T11:36:02","modified_gmt":"2018-05-09T09:36:02","slug":"how-to-fs-crooked","status":"publish","type":"page","link":"https:\/\/skatedeluxe.com\/blog\/de\/trick-tipps\/skateboard\/curb-rail\/how-to-fs-crooked\/","title":{"rendered":"FS Crooked &#8211; Skateboard Trick Tipp"},"content":{"rendered":"<div class=\"post clearfix padding-bottom\">\r\n\t<div id=\"decks-allgemeines\" class=\"hide-for-small large-2 columns\">\r\n\t\t<div class=\"date-day\">Trick Tipp<\/div>\r\n\t\t<div class=\"date-month\">Fs Crooked Grind<\/div>\r\n\t<\/div>\r\n\r\n\t<div class=\"large-10 columns\">\r\n\t\r\n\t\t<p>\r\n\t\tDer Frontside Crooked Grind geh\u00f6rt zur Kategorie der etwas schwieriger zu erlernenden Curb Tricks, z\u00e4hlt f\u00fcr die Meisten aber auch zu den \u00e4sthetischsten Trickvariationen. Vom Prinzip \u00e4hnelt er im Ablauf dem BS Crooked, nur dass du diesmal Backside eindrehen musst, um ordentlich einzuloggen.<\/p><p> Dementsprechend sind BS 180 und im Idealfall auch FS Noseslide als Basics zu empfehlen, um schneller hinter das Geheimnis eines sauberen FS Crooked zu kommen.  \r\n\t\t<\/p>\r\n\t\r\n\t\t<p>\r\n\t\tHier erf\u00e4hrst du, wie der FS Crooked Grind funktioniert.\r\n\t\t<\/p>\r\n\t\t\r\n\t<\/div>\r\n<\/div>\r\n\r\n<!-- .Ende des Einleitungsbereichs -->\r\n\r\n<div class=\"post clearfix padding-bottom\">\r\n\t<div id=\"decks-allgemeines\" class=\"hide-for-small large-2 columns\">\r\n\t\t<div class=\"date-day\">FS Crooked Grind<\/div>\r\n\t\t<div class=\"date-month\">Video<\/div>\r\n\t<\/div>\r\n \r\n\t<div class=\"large-10 columns\">\r\n\t\r\n\t\t<h2 class=\"margin-top margin-bottom\" align=\"center\">Trick Tipp Video: FS Crooked Grind<\/h2>\r\n\t\t\r\n\t\t<div class=\"medium-12 small-12 columns\">\r\n\t\t<div class=\"medium-10 columns medium-centered medium-offset-1 columns margin-bottom\">\r\n\r\n\t\t<div class=\"flex-video\">\r\n\t\t\t<iframe width=\"1280\" height=\"720\" data-src=\"https:\/\/www.youtube-nocookie.com\/embed\/95gGDvL4Wyk?showinfo=0\" frameborder=\"0\" allowfullscreen allow=\"autoplay; encrypted-media\"><\/iframe><noscript><iframe loading=\"lazy\" width=\"1280\" height=\"720\" src=\"https:\/\/www.youtube-nocookie.com\/embed\/95gGDvL4Wyk?showinfo=0\" frameborder=\"0\" allowfullscreen allow=\"autoplay; encrypted-media\"><\/iframe><\/noscript>\r\n\t\t<\/div>\r\n\t\t\t<div class=\"ShariffSC\" style=\"shariff-shop\"><div class=\"shariff\" data-url=\"https:\/\/skatedeluxe.com\/blog\/de\/trick-tipps\/skateboard\/curb-rail\/how-to-fs-crooked\/\" data-title=\"FS Crooked &#8211; Skateboard Trick Tipp\" data-services='[\"facebooklike\", \"facebook\"]' data-backend-url='\/shariff\/'><\/div><\/div> <!-- .Social Leiste unterhalb des Videos -->\r\n\t\t<\/div>\r\n\t\t<\/div>\r\n\t\t\r\n\t<\/div>\r\n<\/div>\r\n\r\n<!-- .Ende des Videobereichs -->\r\n\r\n<div class=\"post clearfix padding-bottom\">\r\n\t<div id=\"decks-allgemeines\" class=\"hide-for-small large-2 columns\">\r\n\t\t<div class=\"date-day\">FS Crooked Grind<\/div>\r\n\t\t<div class=\"date-month\">Sequenz<\/div>\r\n\t<\/div>\r\n\r\n\t<div class=\"large-10 columns\">\r\n\t\r\n\t\t<h2 class=\"margin-top margin-bottom\" align=\"center\">Trick Tipp Sequenz: FS Crooked Grind<\/h2>\r\n\t\t\r\n\t\t<div class=\"medium-12 small-12 columns\">\r\n\t\t<div class=\"medium-10 columns medium-centered medium-offset-1 columns margin-bottom\">\r\n\t\t<div id=\"metaslider-id-118053\" style=\"max-width: 999px; margin: 0 auto;\" class=\"ml-slider-3-98-0 ml-slider-pro-2-6-6 metaslider metaslider-nivo metaslider-118053 ml-slider ms-theme-_theme_1463567531\" role=\"region\" aria-roledescription=\"Slideshow\" aria-label=\"FS Crooked - Trick Tip\" data-width=\"999\">\n    <div id=\"metaslider_container_118053\">\n        <div class='slider-wrapper theme-default'><div class='ribbon'><\/div><div id='metaslider_118053' class='nivoSlider'><img loading=\"lazy\" decoding=\"async\" width=\"999\" height=\"666\" src=\"\/blog\/wp-content\/uploads\/2016\/09\/trick-tip-fs-crooked-1.jpg\" class=\"slider-118053 slide-118005\" alt=\"Skateboard Trick FS Crooked\" data-caption=\"\" data-thumb=\"\" title=\"Skateboard Trick FS Crooked\" rel=\"\" srcset=\"\/blog\/wp-content\/uploads\/2016\/09\/trick-tip-fs-crooked-1.jpg 999w, \/blog\/wp-content\/uploads\/2016\/09\/trick-tip-fs-crooked-1-600x400.jpg 600w, \/blog\/wp-content\/uploads\/2016\/09\/trick-tip-fs-crooked-1-768x512.jpg 768w\" sizes=\"auto, (max-width: 999px) 100vw, 999px\" \/><img loading=\"lazy\" decoding=\"async\" width=\"999\" height=\"666\" src=\"\/blog\/wp-content\/uploads\/2016\/09\/trick-tip-fs-crooked-2.jpg\" class=\"slider-118053 slide-118009\" alt=\"Skateboard Trick FS Crooked\" data-caption=\"\" data-thumb=\"\" title=\"Skateboard Trick FS Crooked\" rel=\"\" srcset=\"\/blog\/wp-content\/uploads\/2016\/09\/trick-tip-fs-crooked-2.jpg 999w, \/blog\/wp-content\/uploads\/2016\/09\/trick-tip-fs-crooked-2-600x400.jpg 600w, \/blog\/wp-content\/uploads\/2016\/09\/trick-tip-fs-crooked-2-768x512.jpg 768w\" sizes=\"auto, (max-width: 999px) 100vw, 999px\" \/><img loading=\"lazy\" decoding=\"async\" width=\"999\" height=\"666\" src=\"\/blog\/wp-content\/uploads\/2016\/09\/trick-tip-fs-crooked-3.jpg\" class=\"slider-118053 slide-118013\" alt=\"Skateboard Trick FS Crooked\" data-caption=\"\" data-thumb=\"\" title=\"Skateboard Trick FS Crooked\" rel=\"\" srcset=\"\/blog\/wp-content\/uploads\/2016\/09\/trick-tip-fs-crooked-3.jpg 999w, \/blog\/wp-content\/uploads\/2016\/09\/trick-tip-fs-crooked-3-600x400.jpg 600w, \/blog\/wp-content\/uploads\/2016\/09\/trick-tip-fs-crooked-3-768x512.jpg 768w\" sizes=\"auto, (max-width: 999px) 100vw, 999px\" \/><img loading=\"lazy\" decoding=\"async\" width=\"999\" height=\"666\" src=\"\/blog\/wp-content\/uploads\/2016\/09\/trick-tip-fs-crooked-4.jpg\" class=\"slider-118053 slide-118017\" alt=\"Skateboard Trick FS Crooked\" data-caption=\"\" data-thumb=\"\" title=\"Skateboard Trick FS Crooked\" rel=\"\" srcset=\"\/blog\/wp-content\/uploads\/2016\/09\/trick-tip-fs-crooked-4.jpg 999w, \/blog\/wp-content\/uploads\/2016\/09\/trick-tip-fs-crooked-4-600x400.jpg 600w, \/blog\/wp-content\/uploads\/2016\/09\/trick-tip-fs-crooked-4-768x512.jpg 768w\" sizes=\"auto, (max-width: 999px) 100vw, 999px\" \/><img loading=\"lazy\" decoding=\"async\" width=\"999\" height=\"666\" src=\"\/blog\/wp-content\/uploads\/2016\/09\/trick-tip-fs-crooked-5.jpg\" class=\"slider-118053 slide-118021\" alt=\"Skateboard Trick FS Crooked\" data-caption=\"\" data-thumb=\"\" title=\"Skateboard Trick FS Crooked\" rel=\"\" srcset=\"\/blog\/wp-content\/uploads\/2016\/09\/trick-tip-fs-crooked-5.jpg 999w, \/blog\/wp-content\/uploads\/2016\/09\/trick-tip-fs-crooked-5-600x400.jpg 600w, \/blog\/wp-content\/uploads\/2016\/09\/trick-tip-fs-crooked-5-768x512.jpg 768w\" sizes=\"auto, (max-width: 999px) 100vw, 999px\" \/><img loading=\"lazy\" decoding=\"async\" width=\"999\" height=\"666\" src=\"\/blog\/wp-content\/uploads\/2016\/09\/trick-tip-fs-crooked-6.jpg\" class=\"slider-118053 slide-118025\" alt=\"Skateboard Trick FS Crooked\" data-caption=\"\" data-thumb=\"\" title=\"Skateboard Trick FS Crooked\" rel=\"\" srcset=\"\/blog\/wp-content\/uploads\/2016\/09\/trick-tip-fs-crooked-6.jpg 999w, \/blog\/wp-content\/uploads\/2016\/09\/trick-tip-fs-crooked-6-600x400.jpg 600w, \/blog\/wp-content\/uploads\/2016\/09\/trick-tip-fs-crooked-6-768x512.jpg 768w\" sizes=\"auto, (max-width: 999px) 100vw, 999px\" \/><img loading=\"lazy\" decoding=\"async\" width=\"999\" height=\"666\" src=\"\/blog\/wp-content\/uploads\/2016\/09\/trick-tip-fs-crooked-7.jpg\" class=\"slider-118053 slide-118029\" alt=\"Skateboard Trick FS Crooked\" data-caption=\"\" data-thumb=\"\" title=\"Skateboard Trick FS Crooked\" rel=\"\" srcset=\"\/blog\/wp-content\/uploads\/2016\/09\/trick-tip-fs-crooked-7.jpg 999w, \/blog\/wp-content\/uploads\/2016\/09\/trick-tip-fs-crooked-7-600x400.jpg 600w, \/blog\/wp-content\/uploads\/2016\/09\/trick-tip-fs-crooked-7-768x512.jpg 768w\" sizes=\"auto, (max-width: 999px) 100vw, 999px\" \/><img loading=\"lazy\" decoding=\"async\" width=\"999\" height=\"666\" src=\"\/blog\/wp-content\/uploads\/2016\/09\/trick-tip-fs-crooked-8.jpg\" class=\"slider-118053 slide-118033\" alt=\"Skateboard Trick FS Crooked\" data-caption=\"\" data-thumb=\"\" title=\"Skateboard Trick FS Crooked\" rel=\"\" srcset=\"\/blog\/wp-content\/uploads\/2016\/09\/trick-tip-fs-crooked-8.jpg 999w, \/blog\/wp-content\/uploads\/2016\/09\/trick-tip-fs-crooked-8-600x400.jpg 600w, \/blog\/wp-content\/uploads\/2016\/09\/trick-tip-fs-crooked-8-768x512.jpg 768w\" sizes=\"auto, (max-width: 999px) 100vw, 999px\" \/><img loading=\"lazy\" decoding=\"async\" width=\"999\" height=\"666\" src=\"\/blog\/wp-content\/uploads\/2016\/09\/trick-tip-fs-crooked-9.jpg\" class=\"slider-118053 slide-118037\" alt=\"Skateboard Trick FS Crooked\" data-caption=\"\" data-thumb=\"\" title=\"Skateboard Trick FS Crooked\" rel=\"\" srcset=\"\/blog\/wp-content\/uploads\/2016\/09\/trick-tip-fs-crooked-9.jpg 999w, \/blog\/wp-content\/uploads\/2016\/09\/trick-tip-fs-crooked-9-600x400.jpg 600w, \/blog\/wp-content\/uploads\/2016\/09\/trick-tip-fs-crooked-9-768x512.jpg 768w\" sizes=\"auto, (max-width: 999px) 100vw, 999px\" \/><img loading=\"lazy\" decoding=\"async\" width=\"999\" height=\"666\" src=\"\/blog\/wp-content\/uploads\/2016\/09\/trick-tip-fs-crooked-10.jpg\" class=\"slider-118053 slide-118041\" alt=\"Skateboard Trick FS Crooked\" data-caption=\"\" data-thumb=\"\" title=\"Skateboard Trick FS Crooked\" rel=\"\" srcset=\"\/blog\/wp-content\/uploads\/2016\/09\/trick-tip-fs-crooked-10.jpg 999w, \/blog\/wp-content\/uploads\/2016\/09\/trick-tip-fs-crooked-10-600x400.jpg 600w, \/blog\/wp-content\/uploads\/2016\/09\/trick-tip-fs-crooked-10-768x512.jpg 768w\" sizes=\"auto, (max-width: 999px) 100vw, 999px\" \/><img loading=\"lazy\" decoding=\"async\" width=\"999\" height=\"666\" src=\"\/blog\/wp-content\/uploads\/2016\/09\/trick-tip-fs-crooked-11.jpg\" class=\"slider-118053 slide-118045\" alt=\"Skateboard Trick FS Crooked\" data-caption=\"\" data-thumb=\"\" title=\"Skateboard Trick FS Crooked\" rel=\"\" srcset=\"\/blog\/wp-content\/uploads\/2016\/09\/trick-tip-fs-crooked-11.jpg 999w, \/blog\/wp-content\/uploads\/2016\/09\/trick-tip-fs-crooked-11-600x400.jpg 600w, \/blog\/wp-content\/uploads\/2016\/09\/trick-tip-fs-crooked-11-768x512.jpg 768w\" sizes=\"auto, (max-width: 999px) 100vw, 999px\" \/><img loading=\"lazy\" decoding=\"async\" width=\"999\" height=\"666\" src=\"\/blog\/wp-content\/uploads\/2016\/09\/trick-tip-fs-crooked-12.jpg\" class=\"slider-118053 slide-118049\" alt=\"Skateboard Trick FS Crooked\" data-caption=\"\" data-thumb=\"\" title=\"Skateboard Trick FS Crooked\" rel=\"\" srcset=\"\/blog\/wp-content\/uploads\/2016\/09\/trick-tip-fs-crooked-12.jpg 999w, \/blog\/wp-content\/uploads\/2016\/09\/trick-tip-fs-crooked-12-600x400.jpg 600w, \/blog\/wp-content\/uploads\/2016\/09\/trick-tip-fs-crooked-12-768x512.jpg 768w\" sizes=\"auto, (max-width: 999px) 100vw, 999px\" \/><\/div><\/div>\n        \n    <\/div>\n<\/div>\r\n\t\t<\/div>\r\n\t\t<\/div>\r\n\t\t\r\n\t<\/div>\r\n<\/div>\r\n\r\n<!-- .Ende der Sequenz -->\r\n\r\n<div class=\"post clearfix padding-bottom\">\r\n\t<div id=\"decks-allgemeines\" class=\"hide-for-small large-2 columns\">\r\n\t\t<div class=\"date-day\">FS Crooked Grind<\/div>\r\n\t\t<div class=\"date-month\">Step By Step<\/div>\r\n\t<\/div>\r\n\r\n\t<div class=\"large-10 columns\">\r\n\t\r\n\t\t<h2 class=\"margin-top margin-bottom\" align=\"center\">Trick Tipp Step By Step: FS Crooked Grind<\/h2>\r\n\t\t\r\n\t\t<p align=\"center\"><small>Klicke auf die Bilder zum Vergr\u00f6\u00dfern<\/small>\r\n\t\t\r\n\t\t<div class=\"medium-12 columns margin-bottom\">\r\n\t\t\t\r\n\t\t\t<div class=\"small-12 medium-5 columns\">\r\n\t\t\t\t<a title=\"Klicke zum Vergr\u00f6\u00dfern\" href=\"\/blog\/wp-content\/uploads\/2016\/09\/skateboard-trick-tip-fs-crooked-3.jpg\" rel=\"lightbox[gallery-1] lightbox-0\">\r\n\t\t\t\t\t<img decoding=\"async\" src=\"data:image\/gif;base64,R0lGODlhAQABAIAAAAAAAP\/\/\/yH5BAEAAAAALAAAAAABAAEAAAIBRAA7\" data-src=\"\/blog\/wp-content\/uploads\/2016\/09\/skateboard-trick-tip-fs-crooked-3-thumb.jpg\" alt=\"Skateboard Trick FS Crooked Grind\" \/><noscript><img decoding=\"async\" src=\"\/blog\/wp-content\/uploads\/2016\/09\/skateboard-trick-tip-fs-crooked-3-thumb.jpg\" alt=\"Skateboard Trick FS Crooked Grind\" \/><\/noscript>\r\n\t\t\t\t<\/a>\t\t\t\r\n\t\t\t<\/div>\r\n\t\t\t\r\n\t\t\t<div class=\"small-12 medium-7 columns\">\r\n\t\t\t<p>\r\n\t\t\t<span class=\"h4\">1.<\/span>\r\n\t\t\tWie immer f\u00e4hrst du parallel zur Curb an, positionierst beim Ollie aber deinen Vorderfu\u00df schon etwas weiter Richtung Nose, um es dann beim Zielen mit der Vorderachse leichter zu haben. \r\n\t\t\t<\/p>\r\n\t\t\t<\/div>\r\n\t\t<\/div>\r\n\r\n\t\t\r\n\t\t<div class=\"medium-12 columns margin-bottom\">\r\n\t\t\r\n\t\t\t<!-- .jedes zweite Bild in diese DIV-Klasse -->\r\n\t\t\t<div class=\"small-12 medium-5 medium-push-7 columns\">\r\n\t\t\t\t<a title=\"Klicke zum Vergr\u00f6\u00dfern\" href=\"\/blog\/wp-content\/uploads\/2016\/09\/skateboard-trick-tip-fs-crooked-4.jpg\" rel=\"lightbox[gallery-1] lightbox-1\">\r\n\t\t\t\t\t<img decoding=\"async\" src=\"data:image\/gif;base64,R0lGODlhAQABAIAAAAAAAP\/\/\/yH5BAEAAAAALAAAAAABAAEAAAIBRAA7\" data-src=\"\/blog\/wp-content\/uploads\/2016\/09\/skateboard-trick-tip-fs-crooked-4-thumb.jpg\" alt=\"Skateboard Trick FS Crooked Grind\" \/><noscript><img decoding=\"async\" src=\"\/blog\/wp-content\/uploads\/2016\/09\/skateboard-trick-tip-fs-crooked-4-thumb.jpg\" alt=\"Skateboard Trick FS Crooked Grind\" \/><\/noscript>\r\n\t\t\t\t<\/a>\t\t\t\t\r\n\t\t\t<\/div>\r\n\t\t\r\n\t\t\t<!-- .jeden zweiten Text in diese DIV-Klasse -->\r\n\t\t\t<div class=\"small-12 medium-7 medium-pull-5 columns\">\r\n\t\t\t<p>\r\n\t\t\t<span class=\"h4\">2.<\/span>\r\n\t\t\tNach dem Abpoppen loggst du mit der Vorderachse schr\u00e4g in den Grind.<\/p><p> Das gr\u00f6\u00dfte Geheimnis ist hier mit der richtigen Achsenseite einzuloggen, n\u00e4mlich mit der Rolle die sich auf der Curb befindet.\r\n\t\t\t<\/p>\r\n\t\t\t<\/div>\r\n\t\t\t\t\t\r\n\t\t<\/div>\r\n\t\t\r\n\t\t<div class=\"medium-12 columns margin-bottom\">\r\n\t\t\t\r\n\t\t\t<div class=\"small-12 medium-5 columns\">\r\n\t\t\t\t<a title=\"Klicke zum Vergr\u00f6\u00dfern\" href=\"\/blog\/wp-content\/uploads\/2016\/09\/skateboard-trick-tip-fs-crooked-5.jpg\" rel=\"lightbox[gallery-1] lightbox-2\">\r\n\t\t\t\t\t<img decoding=\"async\" src=\"data:image\/gif;base64,R0lGODlhAQABAIAAAAAAAP\/\/\/yH5BAEAAAAALAAAAAABAAEAAAIBRAA7\" data-src=\"\/blog\/wp-content\/uploads\/2016\/09\/skateboard-trick-tip-fs-crooked-5-thumb.jpg\" alt=\"Skateboard Trick FS Crooked Grind\" \/><noscript><img decoding=\"async\" src=\"\/blog\/wp-content\/uploads\/2016\/09\/skateboard-trick-tip-fs-crooked-5-thumb.jpg\" alt=\"Skateboard Trick FS Crooked Grind\" \/><\/noscript>\r\n\t\t\t\t<\/a>\t\t\r\n\t\t\t<\/div>\r\n\t\t\t\r\n\t\t\t<div class=\"small-12 medium-7 columns\">\r\n\t\t\t<p>\r\n\t\t\t<span class=\"h4\">3.<\/span>\r\n\t\t\tIm Grind verlagerst du das Gewicht komplett auf den Ballen des Vorderfu\u00dfes.<\/p><p> Dieser sollte sich auf der Nose befinden, w\u00e4hrend dein hinterer Fu\u00df ungef\u00e4hr in der Mitte des Boards steht. \r\n\t\t\t<\/p>\r\n\t\t\t<\/div>\r\n\t\t<\/div>\r\n\t\t\r\n\t\t<div class=\"medium-12 columns margin-bottom\">\r\n\t\t\r\n\t\t\t<div class=\"small-12 medium-5 medium-push-7 columns\">\r\n\t\t\t\t<a title=\"Klicke zum Vergr\u00f6\u00dfern\" href=\"\/blog\/wp-content\/uploads\/2016\/09\/skateboard-trick-tip-fs-crooked-7.jpg\" rel=\"lightbox[gallery-1] lightbox-3\">\r\n\t\t\t\t\t<img decoding=\"async\" src=\"data:image\/gif;base64,R0lGODlhAQABAIAAAAAAAP\/\/\/yH5BAEAAAAALAAAAAABAAEAAAIBRAA7\" data-src=\"\/blog\/wp-content\/uploads\/2016\/09\/skateboard-trick-tip-fs-crooked-7-thumb.jpg\" alt=\"Skateboard Trick FS Crooked Grind\" \/><noscript><img decoding=\"async\" src=\"\/blog\/wp-content\/uploads\/2016\/09\/skateboard-trick-tip-fs-crooked-7-thumb.jpg\" alt=\"Skateboard Trick FS Crooked Grind\" \/><\/noscript>\r\n\t\t\t\t<\/a>\t\t\t\t\t\r\n\t\t\t<\/div>\r\n\t\t\r\n\t\t\t<div class=\"small-12 medium-7 medium-pull-5 columns\">\r\n\t\t\t<p>\r\n\t\t\t<span class=\"h4\">4.<\/span>\r\n\t\t\tWenn sich die Curb dem Ende n\u00e4hert, dr\u00fcckst du die Achse \u00fcber die Rolle, die sich auf der Curb befindet wieder heraus und drehst die H\u00fcfte gerade, um sicher ausfahren zu k\u00f6nnen.\t\t\t\r\n\t\t\t<\/p>\r\n\t\t\t<\/div>\r\n\t\t\r\n\t\t<\/div>\r\n\t\t\r\n\t\t<div class=\"medium-12 columns margin-bottom\">\r\n\t\t\r\n\t\t\t<div class=\"medium-5 columns\">\r\n\t\t\t\t<a title=\"Klicke zum Vergr\u00f6\u00dfern\" href=\"\/blog\/wp-content\/uploads\/2016\/09\/skateboard-trick-tip-fs-crooked-8.jpg\" rel=\"lightbox[gallery-1] lightbox-4\">\r\n\t\t\t\t\t<img decoding=\"async\" src=\"data:image\/gif;base64,R0lGODlhAQABAIAAAAAAAP\/\/\/yH5BAEAAAAALAAAAAABAAEAAAIBRAA7\" data-src=\"\/blog\/wp-content\/uploads\/2016\/09\/skateboard-trick-tip-fs-crooked-8-thumb.jpg\" alt=\"Skateboard Trick FS Crooked Grind\" \/><noscript><img decoding=\"async\" src=\"\/blog\/wp-content\/uploads\/2016\/09\/skateboard-trick-tip-fs-crooked-8-thumb.jpg\" alt=\"Skateboard Trick FS Crooked Grind\" \/><\/noscript>\r\n\t\t\t\t<\/a>\t\t\t\t\t\t\t\r\n\t\t\t<\/div>\r\n\t\t\t\r\n\t\t\t<div class=\"medium-7 columns\">\r\n\t\t\t<p>\r\n\t\t\t<span class=\"h4\">5.<\/span>\r\n\t\t\tAchte beim Landen darauf, dass du mit deinen F\u00fc\u00dfen auf den Achsen deines Boards landest und du dich nicht zu weit in Richtung Nose lehnst, damit du nicht nach vorn kippst.\t\t\t\r\n\t\t\t<\/p>\r\n\r\n\t\t\t<\/div>\r\n\t\t<\/div>\r\n\t<\/div>\r\n<\/div>\r\n\r\n<!-- .Ende der Step By Step Anleitung -->\r\n\r\n<div class=\"post clearfix padding-bottom\">\r\n\t<div id=\"decks-allgemeines\" class=\"hide-for-small large-2 columns\">\r\n\t\t<div class=\"date-day\">Mehr Tricks<\/div>\r\n\t\t<div class=\"date-month\">?<\/div>\r\n\t<\/div>\r\n\r\n\t<div class=\"large-10 columns\">\r\n\t\r\n\t\t<h3 class=\"margin-top margin-bottom\" align=\"center\">Welcher Trick als n\u00e4chstes?<\/h2>\r\n\t\t\r\n\t\t<p>\r\n\t\tFronside wie Backside Crooked gehen locker aus der H\u00fcfte? Dann schraube dich auf das n\u00e4chste Level! Wie w\u00e4re es denn mit dem K\u00f6nig aller Slides? Der Bluntslide wartet auf dich. <\/p><p>Solltest du genug von Slides und Grinds haben, gibt es noch eine ganze Stange an Tricks, die du an anderen Spots probieren kannst. Klick dich einfach durch die verschiedenen <a title=\"zu den Skateboard Trick Tipps Flat\" href=\"\/blog\/de\/trick-tipps\/skateboard\/flat\/\">Trick Tipps f\u00fcr&#8217;s Flat<\/a>, <a title=\"zu den Skateboard Trick Tipps Curb &#038; Rail\" href=\"\/blog\/de\/trick-tipps\/skateboard\/curb-rail\/\">Curb und Rail<\/a> oder <a title=\"zu den Skateboard Trick Tipps Transition\" href=\"\/blog\/de\/trick-tipps\/skateboard\/transition\/\">Transition.<\/a>\r\n\t\t<\/p>\r\n\t\t\r\n\t\t<div class=\"medium-12 small-12 columns\">\r\n<a title=\"zu den Skateboard Trick Tipps Curb &#038; Rail\" href=\"\/blog\/de\/trick-tipps\/skateboard\/curb-rail\/\" class=\"button-auto\">Skateboard Trick Tipps | Curb &#038; Rail<\/a>\r\n\t\t\t<br><br>\r\n\t\t\t\r\n\t\t\t<div class=\"medium-6 small-12 columns\">\r\n\t\t\t<a title=\"zu den Skateboard Trick Tipps Flat\" href=\"\/blog\/de\/trick-tipps\/skateboard\/flat\/\" class=\"button-auto\">Skateboard Trick Tipps | Flat<\/a>\r\n\t\t\t<br><br>\r\n\t\t\t<\/div>\r\n\t\t\t\r\n\t\t\t<div class=\"medium-6 small-12 columns\">\r\n\t\t\t<a title=\"zu den Skateboard Trick Tipps Transition\" href=\"\/blog\/de\/trick-tipps\/skateboard\/transition\/\" class=\"button-auto\">Skateboard Trick Tipps | Transition<\/a>\r\n\t\t\t<br><br>\r\n\t\t\t<\/div>\r\n\t\t\t\r\n\t\t<\/div>\r\n\t\t\r\n\t\t\r\n\t<\/div>\r\n<\/div><div class=\"ShariffSC\" style=\"shariff-shop\"><div class=\"shariff\" data-url=\"https:\/\/skatedeluxe.com\/blog\/de\/trick-tipps\/skateboard\/curb-rail\/how-to-fs-crooked\/\" data-title=\"FS Crooked &#8211; Skateboard Trick Tipp\" data-services='[\"facebooklike\", \"facebook\"]' data-backend-url='\/shariff\/'><\/div><\/div>","protected":false},"excerpt":{"rendered":"<p>Trick Tipp Fs Crooked Grind Der Frontside Crooked Grind geh\u00f6rt zur Kategorie der etwas schwieriger zu erlernenden Curb Tricks, z\u00e4hlt f\u00fcr die Meisten aber auch zu den \u00e4sthetischsten Trickvariationen. Vom Prinzip \u00e4hnelt er im Ablauf dem BS Crooked, nur dass du diesmal Backside eindrehen musst, um ordentlich einzuloggen. Dementsprechend sind BS 180 und im Idealfall <a class=\"read-more\" href=\"https:\/\/skatedeluxe.com\/blog\/de\/trick-tipps\/skateboard\/curb-rail\/how-to-fs-crooked\/\">[&#8230;]<\/a><\/p>\n","protected":false},"author":24,"featured_media":117388,"parent":21468,"menu_order":11,"comment_status":"open","ping_status":"closed","template":"page-templates\/teasing-page.php","meta":{"footnotes":""},"class_list":["post-21533","page","type-page","status-publish","has-post-thumbnail","hentry"],"aioseo_notices":[],"amp_enabled":false,"_links":{"self":[{"href":"https:\/\/skatedeluxe.com\/blog\/de\/wp-json\/wp\/v2\/pages\/21533","targetHints":{"allow":["GET"]}}],"collection":[{"href":"https:\/\/skatedeluxe.com\/blog\/de\/wp-json\/wp\/v2\/pages"}],"about":[{"href":"https:\/\/skatedeluxe.com\/blog\/de\/wp-json\/wp\/v2\/types\/page"}],"author":[{"embeddable":true,"href":"https:\/\/skatedeluxe.com\/blog\/de\/wp-json\/wp\/v2\/users\/24"}],"replies":[{"embeddable":true,"href":"https:\/\/skatedeluxe.com\/blog\/de\/wp-json\/wp\/v2\/comments?post=21533"}],"version-history":[{"count":16,"href":"https:\/\/skatedeluxe.com\/blog\/de\/wp-json\/wp\/v2\/pages\/21533\/revisions"}],"predecessor-version":[{"id":144021,"href":"https:\/\/skatedeluxe.com\/blog\/de\/wp-json\/wp\/v2\/pages\/21533\/revisions\/144021"}],"up":[{"embeddable":true,"href":"https:\/\/skatedeluxe.com\/blog\/de\/wp-json\/wp\/v2\/pages\/21468"}],"wp:featuredmedia":[{"embeddable":true,"href":"https:\/\/skatedeluxe.com\/blog\/de\/wp-json\/wp\/v2\/media\/117388"}],"wp:attachment":[{"href":"https:\/\/skatedeluxe.com\/blog\/de\/wp-json\/wp\/v2\/media?parent=21533"}],"curies":[{"name":"wp","href":"https:\/\/api.w.org\/{rel}","templated":true}]}}