{"id":21505,"date":"2013-06-05T14:17:37","date_gmt":"2013-06-05T12:17:37","guid":{"rendered":"http:\/\/www.skatedeluxe.de\/blog\/?page_id=21505"},"modified":"2018-05-09T10:26:23","modified_gmt":"2018-05-09T08:26:23","slug":"how-to-varial-heelflip","status":"publish","type":"page","link":"https:\/\/skatedeluxe.com\/blog\/de\/trick-tipps\/skateboard\/flat\/how-to-varial-heelflip\/","title":{"rendered":"Varial Heelflip &#8211; Skateboard Trick Tipp"},"content":{"rendered":"<div class=\"post clearfix padding-bottom\">\r\n\t<div id=\"decks-allgemeines\" class=\"hide-for-small large-2 columns\">\r\n\t\t<div class=\"date-day\">Trick Tipp<\/div>\r\n\t\t<div class=\"date-month\">Varial Heelflip<\/div>\r\n\t<\/div>\r\n\r\n\t<div class=\"large-10 columns\">\r\n\t\r\n\t\t<p>\r\n\t\tDer Varial Heelflip geh\u00f6rt schon zur etwas h\u00f6heren Liga der Flip-Tricks. Ein Varial Heelflip ist eine Kombination aus Frontside Pop Shove-it und Heelflip. <\/p><p>Damit du Spa\u00df beim Erlernen und \u00dcben des Varial Heels hast, sollten der Heelflip sowie der FS Pop Shove-it sicher sitzen und keine Probleme darstellen. Sitzt der Varial Heelflip, dann hast du einen super stylischen Trick on lock, der dir bei jeder Session enorm viel Spa\u00df bringen wird.\r\n\t\t<\/p>\r\n\t\r\n\t\t<p>\r\n\t\tHier erf\u00e4hrst du, wie der Varial Heelflip funktioniert.\r\n\t\t<\/p>\r\n\t\t\r\n\t<\/div>\r\n<\/div>\r\n\r\n<!-- .Ende des Einleitungsbereichs -->\r\n\r\n<div class=\"post clearfix padding-bottom\">\r\n\t<div id=\"decks-allgemeines\" class=\"hide-for-small large-2 columns\">\r\n\t\t<div class=\"date-day\">Varial Heelflip <\/div>\r\n\t\t<div class=\"date-month\">Video<\/div>\r\n\t<\/div>\r\n \r\n\t<div class=\"large-10 columns\">\r\n\t\r\n\t\t<h2 class=\"margin-top margin-bottom\" align=\"center\">Trick Tipp Video: Varial Heelflip<\/h2>\r\n\t\t\r\n\t\t<div class=\"medium-12 small-12 columns\">\r\n\t\t<div class=\"medium-10 columns medium-centered medium-offset-1 columns margin-bottom\">\r\n\r\n\t\t<div class=\"flex-video\">\r\n\t\t\t<iframe width=\"1280\" height=\"720\" data-src=\"https:\/\/www.youtube-nocookie.com\/embed\/FIZwY1JRwjI?showinfo=0\" frameborder=\"0\" allowfullscreen allow=\"autoplay; encrypted-media\"><\/iframe><noscript><iframe loading=\"lazy\" width=\"1280\" height=\"720\" src=\"https:\/\/www.youtube-nocookie.com\/embed\/FIZwY1JRwjI?showinfo=0\" frameborder=\"0\" allowfullscreen allow=\"autoplay; encrypted-media\"><\/iframe><\/noscript>\r\n\t\t<\/div>\r\n\t\t\t<div class=\"ShariffSC\" style=\"shariff-shop\"><div class=\"shariff\" data-url=\"https:\/\/skatedeluxe.com\/blog\/de\/trick-tipps\/skateboard\/flat\/how-to-varial-heelflip\/\" data-title=\"Varial Heelflip &#8211; Skateboard Trick Tipp\" data-services='[\"facebooklike\", \"facebook\"]' data-backend-url='\/shariff\/'><\/div><\/div> <!-- .Social Leiste unterhalb des Videos -->\r\n\t\t<\/div>\r\n\t\t<\/div>\r\n\t\t\r\n\t<\/div>\r\n<\/div>\r\n\r\n<!-- .Ende des Videobereichs -->\r\n\r\n<div class=\"post clearfix padding-bottom\">\r\n\t<div id=\"decks-allgemeines\" class=\"hide-for-small large-2 columns\">\r\n\t\t<div class=\"date-day\">Varial Heelflip<\/div>\r\n\t\t<div class=\"date-month\">Sequenz<\/div>\r\n\t<\/div>\r\n\r\n\t<div class=\"large-10 columns\">\r\n\t\r\n\t\t<h2 class=\"margin-top margin-bottom\" align=\"center\">Trick Tipp Sequenz: Varial Heelflip<\/h2>\r\n\t\t\r\n\t\t<div class=\"medium-12 small-12 columns\">\r\n\t\t<div class=\"medium-10 columns medium-centered medium-offset-1 columns margin-bottom\">\r\n\t\t<div id=\"metaslider-id-117340\" style=\"max-width: 999px; margin: 0 auto;\" class=\"ml-slider-3-98-0 ml-slider-pro-2-6-6 metaslider metaslider-nivo metaslider-117340 ml-slider ms-theme-_theme_1463567531\" role=\"region\" aria-roledescription=\"Slideshow\" aria-label=\"Varial Heelflip - Trick Tip\" data-width=\"999\">\n    <div id=\"metaslider_container_117340\">\n        <div class='slider-wrapper theme-default'><div class='ribbon'><\/div><div id='metaslider_117340' class='nivoSlider'><img loading=\"lazy\" decoding=\"async\" width=\"999\" height=\"666\" src=\"\/blog\/wp-content\/uploads\/2016\/09\/trick-tip-varial-heelflip-1.jpg\" class=\"slider-117340 slide-117341\" alt=\"Skateboard Trick Varial Heelflip\" data-caption=\"\" data-thumb=\"\" title=\"Skateboard Trick Varial Heelflip\" rel=\"\" srcset=\"\/blog\/wp-content\/uploads\/2016\/09\/trick-tip-varial-heelflip-1.jpg 999w, \/blog\/wp-content\/uploads\/2016\/09\/trick-tip-varial-heelflip-1-600x400.jpg 600w, \/blog\/wp-content\/uploads\/2016\/09\/trick-tip-varial-heelflip-1-768x512.jpg 768w\" sizes=\"auto, (max-width: 999px) 100vw, 999px\" \/><img loading=\"lazy\" decoding=\"async\" width=\"999\" height=\"666\" src=\"\/blog\/wp-content\/uploads\/2016\/09\/trick-tip-varial-heelflip-2.jpg\" class=\"slider-117340 slide-117345\" alt=\"Skateboard Trick Varial Heelflip\" data-caption=\"\" data-thumb=\"\" title=\"Skateboard Trick Varial Heelflip\" rel=\"\" srcset=\"\/blog\/wp-content\/uploads\/2016\/09\/trick-tip-varial-heelflip-2.jpg 999w, \/blog\/wp-content\/uploads\/2016\/09\/trick-tip-varial-heelflip-2-600x400.jpg 600w, \/blog\/wp-content\/uploads\/2016\/09\/trick-tip-varial-heelflip-2-768x512.jpg 768w\" sizes=\"auto, (max-width: 999px) 100vw, 999px\" \/><img loading=\"lazy\" decoding=\"async\" width=\"999\" height=\"666\" src=\"\/blog\/wp-content\/uploads\/2016\/09\/trick-tip-varial-heelflip-3.jpg\" class=\"slider-117340 slide-117349\" alt=\"Skateboard Trick Varial Heelflip\" data-caption=\"\" data-thumb=\"\" title=\"Skateboard Trick Varial Heelflip\" rel=\"\" srcset=\"\/blog\/wp-content\/uploads\/2016\/09\/trick-tip-varial-heelflip-3.jpg 999w, \/blog\/wp-content\/uploads\/2016\/09\/trick-tip-varial-heelflip-3-600x400.jpg 600w, \/blog\/wp-content\/uploads\/2016\/09\/trick-tip-varial-heelflip-3-768x512.jpg 768w\" sizes=\"auto, (max-width: 999px) 100vw, 999px\" \/><img loading=\"lazy\" decoding=\"async\" width=\"999\" height=\"666\" src=\"\/blog\/wp-content\/uploads\/2016\/09\/trick-tip-varial-heelflip-4.jpg\" class=\"slider-117340 slide-117353\" alt=\"Skateboard Trick Varial Heelflip\" data-caption=\"\" data-thumb=\"\" title=\"Skateboard Trick Varial Heelflip\" rel=\"\" srcset=\"\/blog\/wp-content\/uploads\/2016\/09\/trick-tip-varial-heelflip-4.jpg 999w, \/blog\/wp-content\/uploads\/2016\/09\/trick-tip-varial-heelflip-4-600x400.jpg 600w, \/blog\/wp-content\/uploads\/2016\/09\/trick-tip-varial-heelflip-4-768x512.jpg 768w\" sizes=\"auto, (max-width: 999px) 100vw, 999px\" \/><img loading=\"lazy\" decoding=\"async\" width=\"999\" height=\"666\" src=\"\/blog\/wp-content\/uploads\/2016\/09\/trick-tip-varial-heelflip-5.jpg\" class=\"slider-117340 slide-117357\" alt=\"Skateboard Trick Varial Heelflip\" data-caption=\"\" data-thumb=\"\" title=\"Skateboard Trick Varial Heelflip\" rel=\"\" srcset=\"\/blog\/wp-content\/uploads\/2016\/09\/trick-tip-varial-heelflip-5.jpg 999w, \/blog\/wp-content\/uploads\/2016\/09\/trick-tip-varial-heelflip-5-600x400.jpg 600w, \/blog\/wp-content\/uploads\/2016\/09\/trick-tip-varial-heelflip-5-768x512.jpg 768w\" sizes=\"auto, (max-width: 999px) 100vw, 999px\" \/><img loading=\"lazy\" decoding=\"async\" width=\"999\" height=\"666\" src=\"\/blog\/wp-content\/uploads\/2016\/09\/trick-tip-varial-heelflip-6.jpg\" class=\"slider-117340 slide-117361\" alt=\"Skateboard Trick Varial Heelflip\" data-caption=\"\" data-thumb=\"\" title=\"Skateboard Trick Varial Heelflip\" rel=\"\" srcset=\"\/blog\/wp-content\/uploads\/2016\/09\/trick-tip-varial-heelflip-6.jpg 999w, \/blog\/wp-content\/uploads\/2016\/09\/trick-tip-varial-heelflip-6-600x400.jpg 600w, \/blog\/wp-content\/uploads\/2016\/09\/trick-tip-varial-heelflip-6-768x512.jpg 768w\" sizes=\"auto, (max-width: 999px) 100vw, 999px\" \/><img loading=\"lazy\" decoding=\"async\" width=\"999\" height=\"666\" src=\"\/blog\/wp-content\/uploads\/2016\/09\/trick-tip-varial-heelflip-7.jpg\" class=\"slider-117340 slide-117365\" alt=\"Skateboard Trick Varial Heelflip\" data-caption=\"\" data-thumb=\"\" title=\"Skateboard Trick Varial Heelflip\" rel=\"\" srcset=\"\/blog\/wp-content\/uploads\/2016\/09\/trick-tip-varial-heelflip-7.jpg 999w, \/blog\/wp-content\/uploads\/2016\/09\/trick-tip-varial-heelflip-7-600x400.jpg 600w, \/blog\/wp-content\/uploads\/2016\/09\/trick-tip-varial-heelflip-7-768x512.jpg 768w\" sizes=\"auto, (max-width: 999px) 100vw, 999px\" \/><img loading=\"lazy\" decoding=\"async\" width=\"999\" height=\"666\" src=\"\/blog\/wp-content\/uploads\/2016\/09\/trick-tip-varial-heelflip-8.jpg\" class=\"slider-117340 slide-117369\" alt=\"Skateboard Trick Varial Heelflip\" data-caption=\"\" data-thumb=\"\" title=\"Skateboard Trick Varial Heelflip\" rel=\"\" srcset=\"\/blog\/wp-content\/uploads\/2016\/09\/trick-tip-varial-heelflip-8.jpg 999w, \/blog\/wp-content\/uploads\/2016\/09\/trick-tip-varial-heelflip-8-600x400.jpg 600w, \/blog\/wp-content\/uploads\/2016\/09\/trick-tip-varial-heelflip-8-768x512.jpg 768w\" sizes=\"auto, (max-width: 999px) 100vw, 999px\" \/><img loading=\"lazy\" decoding=\"async\" width=\"999\" height=\"666\" src=\"\/blog\/wp-content\/uploads\/2016\/09\/trick-tip-varial-heelflip-9.jpg\" class=\"slider-117340 slide-117373\" alt=\"Skateboard Trick Varial Heelflip\" data-caption=\"\" data-thumb=\"\" title=\"Skateboard Trick Varial Heelflip\" rel=\"\" srcset=\"\/blog\/wp-content\/uploads\/2016\/09\/trick-tip-varial-heelflip-9.jpg 999w, \/blog\/wp-content\/uploads\/2016\/09\/trick-tip-varial-heelflip-9-600x400.jpg 600w, \/blog\/wp-content\/uploads\/2016\/09\/trick-tip-varial-heelflip-9-768x512.jpg 768w\" sizes=\"auto, (max-width: 999px) 100vw, 999px\" \/><img loading=\"lazy\" decoding=\"async\" width=\"999\" height=\"666\" src=\"\/blog\/wp-content\/uploads\/2016\/09\/trick-tip-varial-heelflip-10.jpg\" class=\"slider-117340 slide-117377\" alt=\"Skateboard Trick Varial Heelflip\" data-caption=\"\" data-thumb=\"\" title=\"Skateboard Trick Varial Heelflip\" rel=\"\" srcset=\"\/blog\/wp-content\/uploads\/2016\/09\/trick-tip-varial-heelflip-10.jpg 999w, \/blog\/wp-content\/uploads\/2016\/09\/trick-tip-varial-heelflip-10-600x400.jpg 600w, \/blog\/wp-content\/uploads\/2016\/09\/trick-tip-varial-heelflip-10-768x512.jpg 768w\" sizes=\"auto, (max-width: 999px) 100vw, 999px\" \/><img loading=\"lazy\" decoding=\"async\" width=\"999\" height=\"666\" src=\"\/blog\/wp-content\/uploads\/2016\/09\/trick-tip-varial-heelflip-11.jpg\" class=\"slider-117340 slide-117381\" alt=\"Skateboard Trick Varial Heelflip\" data-caption=\"\" data-thumb=\"\" title=\"Skateboard Trick Varial Heelflip\" rel=\"\" srcset=\"\/blog\/wp-content\/uploads\/2016\/09\/trick-tip-varial-heelflip-11.jpg 999w, \/blog\/wp-content\/uploads\/2016\/09\/trick-tip-varial-heelflip-11-600x400.jpg 600w, \/blog\/wp-content\/uploads\/2016\/09\/trick-tip-varial-heelflip-11-768x512.jpg 768w\" sizes=\"auto, (max-width: 999px) 100vw, 999px\" \/><\/div><\/div>\n        \n    <\/div>\n<\/div>\r\n\t\t<\/div>\r\n\t\t<\/div>\r\n\t\t\r\n\t<\/div>\r\n<\/div>\r\n\r\n<!-- .Ende der Sequenz -->\r\n\r\n<div class=\"post clearfix padding-bottom\">\r\n\t<div id=\"decks-allgemeines\" class=\"hide-for-small large-2 columns\">\r\n\t\t<div class=\"date-day\">Varial Heelflip<\/div>\r\n\t\t<div class=\"date-month\">Step By Step<\/div>\r\n\t<\/div>\r\n\r\n\t<div class=\"large-10 columns\">\r\n\t\r\n\t\t<h2 class=\"margin-top margin-bottom\" align=\"center\">Trick Tipp Step By Step: Varial Heelflip<\/h2>\r\n\t\t\r\n\t\t<p align=\"center\"><small>Klicke auf die Bilder zum Vergr\u00f6\u00dfern<\/small>\r\n\t\t\r\n\t\t<div class=\"medium-12 columns margin-bottom\">\r\n\t\t\t\r\n\t\t\t<div class=\"small-12 medium-5 columns\">\r\n\t\t\t\t<a title=\"Klicke zum Vergr\u00f6\u00dfern\" href=\"\/blog\/wp-content\/uploads\/2016\/09\/skateboard-trick-tip-varial-heelflip-1x.jpg\" rel=\"lightbox[gallery-1] lightbox-0\">\r\n\t\t\t\t\t<img decoding=\"async\" src=\"data:image\/gif;base64,R0lGODlhAQABAIAAAAAAAP\/\/\/yH5BAEAAAAALAAAAAABAAEAAAIBRAA7\" data-src=\"\/blog\/wp-content\/uploads\/2016\/09\/skateboard-trick-tip-varial-heelflip-1-thumb.jpg\" alt=\"Skateboard Trick Varial Heelflip Fu\u00dfstellung\" \/><noscript><img decoding=\"async\" src=\"\/blog\/wp-content\/uploads\/2016\/09\/skateboard-trick-tip-varial-heelflip-1-thumb.jpg\" alt=\"Skateboard Trick Varial Heelflip Fu\u00dfstellung\" \/><\/noscript>\r\n\t\t\t\t<\/a>\t\t\t\r\n\t\t\t<\/div>\r\n\t\t\t\r\n\t\t\t<div class=\"small-12 medium-7 columns\">\r\n\t\t\t<p>\r\n\t\t\t<span class=\"h4\">1.<\/span>\r\n\t\t\tDeinen Vorderfu\u00df stellst du f\u00fcr den Varial Heelflip ziemlich genau in die Mitte deines Boards, so dass deine Zehenspitzen leicht \u00fcber der Boardkante stehen. \r\n\t\t\t<\/p>\r\n\t\t\t<\/div>\r\n\t\t<\/div>\r\n\r\n\t\t\r\n\t\t<div class=\"medium-12 columns margin-bottom\">\r\n\t\t\r\n\t\t\t<!-- .jedes zweite Bild in diese DIV-Klasse -->\r\n\t\t\t<div class=\"small-12 medium-5 medium-push-7 columns\">\r\n\t\t\t\t<a title=\"Klicke zum Vergr\u00f6\u00dfern\" href=\"\/blog\/wp-content\/uploads\/2016\/09\/skateboard-trick-tip-varial-heelflip-2x.jpg\" rel=\"lightbox[gallery-1] lightbox-1\">\r\n\t\t\t\t\t<img decoding=\"async\" src=\"data:image\/gif;base64,R0lGODlhAQABAIAAAAAAAP\/\/\/yH5BAEAAAAALAAAAAABAAEAAAIBRAA7\" data-src=\"\/blog\/wp-content\/uploads\/2016\/09\/skateboard-trick-tip-varial-heelflip-2-thumb.jpg\" alt=\"Skateboard Trick Varial Heelflip\" \/><noscript><img decoding=\"async\" src=\"\/blog\/wp-content\/uploads\/2016\/09\/skateboard-trick-tip-varial-heelflip-2-thumb.jpg\" alt=\"Skateboard Trick Varial Heelflip\" \/><\/noscript>\r\n\t\t\t\t<\/a>\t\t\t\t\r\n\t\t\t<\/div>\r\n\t\t\r\n\t\t\t<!-- .jeden zweiten Text in diese DIV-Klasse -->\r\n\t\t\t<div class=\"small-12 medium-7 medium-pull-5 columns\">\r\n\t\t\t<p>\r\n\t\t\t<span class=\"h4\">2.<\/span>\r\n\t\t\tDein Hinterfu\u00df steht seitlich auf dem Tail, \u00e4hnlich wie bei einem FS Pop Shove-it.\r\n\t\t\t<\/p>\r\n\t\t\t<\/div>\r\n\t\t\t\t\t\r\n\t\t<\/div>\r\n\t\t\r\n\t\t<div class=\"medium-12 columns margin-bottom\">\r\n\t\t\t\r\n\t\t\t<div class=\"small-12 medium-5 columns\">\r\n\t\t\t\t<a title=\"Klicke zum Vergr\u00f6\u00dfern\" href=\"\/blog\/wp-content\/uploads\/2016\/09\/skateboard-trick-tip-varial-heelflip-3x.jpg\" rel=\"lightbox[gallery-1] lightbox-2\">\r\n\t\t\t\t\t<img decoding=\"async\" src=\"data:image\/gif;base64,R0lGODlhAQABAIAAAAAAAP\/\/\/yH5BAEAAAAALAAAAAABAAEAAAIBRAA7\" data-src=\"\/blog\/wp-content\/uploads\/2016\/09\/skateboard-trick-tip-varial-heelflip-3-thumb.jpg\" alt=\"Skateboard Trick Varial Heelflip\" \/><noscript><img decoding=\"async\" src=\"\/blog\/wp-content\/uploads\/2016\/09\/skateboard-trick-tip-varial-heelflip-3-thumb.jpg\" alt=\"Skateboard Trick Varial Heelflip\" \/><\/noscript>\r\n\t\t\t\t<\/a>\t\t\r\n\t\t\t<\/div>\r\n\t\t\t\r\n\t\t\t<div class=\"small-12 medium-7 columns\">\r\n\t\t\t<p>\r\n\t\t\t<span class=\"h4\">3.<\/span>\r\n\t\t\tWie bei einem Frontside Pop Shove-it schiebst du nun beim Poppen das Board mit dem Hinterfu\u00df nach vorn, w\u00e4hrend du mit der Ferse des Vorderfu\u00dfes dem Board eine Heelflip Rotation mitgibst. \r\n\r\n\t\t\t<\/p>\r\n\t\t\t\r\n\t\t\t<\/div>\r\n\t\t<\/div>\r\n\t\t\r\n\t\t<div class=\"medium-12 columns margin-bottom\">\r\n\t\t\r\n\t\t\t<div class=\"small-12 medium-5 medium-push-7 columns\">\r\n\t\t\t\t<a title=\"Klicke zum Vergr\u00f6\u00dfern\" href=\"\/blog\/wp-content\/uploads\/2016\/09\/skateboard-trick-tip-varial-heelflip-4x.jpg\" rel=\"lightbox[gallery-1] lightbox-3\">\r\n\t\t\t\t\t<img decoding=\"async\" src=\"data:image\/gif;base64,R0lGODlhAQABAIAAAAAAAP\/\/\/yH5BAEAAAAALAAAAAABAAEAAAIBRAA7\" data-src=\"\/blog\/wp-content\/uploads\/2016\/09\/skateboard-trick-tip-varial-heelflip-4-thumb.jpg\" alt=\"Skateboard Trick Varial Heelflip\" \/><noscript><img decoding=\"async\" src=\"\/blog\/wp-content\/uploads\/2016\/09\/skateboard-trick-tip-varial-heelflip-4-thumb.jpg\" alt=\"Skateboard Trick Varial Heelflip\" \/><\/noscript>\r\n\t\t\t\t<\/a>\t\t\t\t\t\r\n\t\t\t<\/div>\r\n\t\t\r\n\t\t\t<div class=\"small-12 medium-7 medium-pull-5 columns\">\r\n\t\t\t<p>\r\n\t\t\t<span class=\"h4\">4.<\/span>\r\n\t\t\tDas genaue zeitliche Abstimmen von Vorder- und Hinterfu\u00df ist dabei das Wichtigste. \t\t\r\n\t\t\t<\/p>\r\n\t\t\t\r\n\t\t\t\r\n\t\t\t<p>\r\n\t\t\tUnd nun hei\u00dft es: Wiederholen bis du den Varial Heelflip sicher beherrschst! Wenn das dann irgendwann so ist, probiere den Varial Heel an verschiedenen Obstacles. Das wird dir gefallen!\r\n\t\t\t<\/p>\r\n\t\t\t<\/div>\r\n\t\t<\/div>\r\n\t\t\r\n\t<\/div>\r\n<\/div>\r\n\r\n\r\n<!-- .Ende der Step By Step Anleitung -->\r\n\r\n<div class=\"post clearfix padding-bottom\">\r\n\t<div id=\"decks-allgemeines\" class=\"hide-for-small large-2 columns\">\r\n\t\t<div class=\"date-day\">Mehr Tricks<\/div>\r\n\t\t<div class=\"date-month\">?<\/div>\r\n\t<\/div>\r\n\r\n\t<div class=\"large-10 columns\">\r\n\t\r\n\t\t<h3 class=\"margin-top margin-bottom\" align=\"center\">Welcher Trick als n\u00e4chstes?<\/h2>\r\n\t\t\r\n\t\t<p>\r\n\t\tDer Varial Heelflip sitzt? Dann ist es Zeit f\u00fcr den n\u00e4chsten Trick!\r\n\t\tWie w\u00e4re es zum Beispiel mit dem Hardflip oder 360 Flip? Oder klick dich einfach durch die verschiedenen <a title=\"zu den Skateboard Trick Tipps Flat\" href=\"\/blog\/de\/trick-tipps\/skateboard\/flat\/\">Trick Tipps f\u00fcr&#8217;s Flat<\/a>, <a title=\"zu den Skateboard Trick Tipps Curb &#038; Rail\" href=\"\/blog\/de\/trick-tipps\/skateboard\/curb-rail\/\">Curb und Rail<\/a> oder <a title=\"zu den Skateboard Trick Tipps Transition\" href=\"\/blog\/de\/trick-tipps\/skateboard\/transition\/\">Transition.<\/a>\r\n\t\t<\/p>\r\n\t\t\r\n\t\t<div class=\"medium-12 small-12 columns\">\r\n\t\t\t<a title=\"zu den Skateboard Trick Tipps Flat\" href=\"\/blog\/de\/trick-tipps\/skateboard\/flat\/\" class=\"button-auto\">Skateboard Trick Tipps | Flat<\/a>\r\n\t\t\t<br><br>\r\n\t\t\t\r\n\t\t\t<div class=\"medium-6 small-12 columns\">\r\n\t\t\t<a title=\"zu den Skateboard Trick Tipps Curb &#038; Rail\" href=\"\/blog\/de\/trick-tipps\/skateboard\/curb-rail\/\" class=\"button-auto\">Skateboard Trick Tipps | Curb &#038; Rail<\/a>\r\n\t\t\t<br><br>\r\n\t\t\t<\/div>\r\n\t\t\t\r\n\t\t\t<div class=\"medium-6 small-12 columns\">\r\n\t\t\t<a title=\"zu den Skateboard Trick Tipps Transition\" href=\"\/blog\/de\/trick-tipps\/skateboard\/transition\/\" class=\"button-auto\">Skateboard Trick Tipps | Transition<\/a>\r\n\t\t\t<br><br>\r\n\t\t\t<\/div>\r\n\t\t\t\r\n\t\t<\/div>\r\n\t\t\r\n\t\t\r\n\t<\/div>\r\n<\/div><div class=\"ShariffSC\" style=\"shariff-shop\"><div class=\"shariff\" data-url=\"https:\/\/skatedeluxe.com\/blog\/de\/trick-tipps\/skateboard\/flat\/how-to-varial-heelflip\/\" data-title=\"Varial Heelflip &#8211; Skateboard Trick Tipp\" data-services='[\"facebooklike\", \"facebook\"]' data-backend-url='\/shariff\/'><\/div><\/div>","protected":false},"excerpt":{"rendered":"<p>Trick Tipp Varial Heelflip Der Varial Heelflip geh\u00f6rt schon zur etwas h\u00f6heren Liga der Flip-Tricks. Ein Varial Heelflip ist eine Kombination aus Frontside Pop Shove-it und Heelflip. Damit du Spa\u00df beim Erlernen und \u00dcben des Varial Heels hast, sollten der Heelflip sowie der FS Pop Shove-it sicher sitzen und keine Probleme darstellen. Sitzt der Varial <a class=\"read-more\" href=\"https:\/\/skatedeluxe.com\/blog\/de\/trick-tipps\/skateboard\/flat\/how-to-varial-heelflip\/\">[&#8230;]<\/a><\/p>\n","protected":false},"author":24,"featured_media":116776,"parent":21467,"menu_order":9,"comment_status":"open","ping_status":"closed","template":"page-templates\/teasing-page.php","meta":{"footnotes":""},"class_list":["post-21505","page","type-page","status-publish","has-post-thumbnail","hentry"],"aioseo_notices":[],"amp_enabled":false,"_links":{"self":[{"href":"https:\/\/skatedeluxe.com\/blog\/de\/wp-json\/wp\/v2\/pages\/21505","targetHints":{"allow":["GET"]}}],"collection":[{"href":"https:\/\/skatedeluxe.com\/blog\/de\/wp-json\/wp\/v2\/pages"}],"about":[{"href":"https:\/\/skatedeluxe.com\/blog\/de\/wp-json\/wp\/v2\/types\/page"}],"author":[{"embeddable":true,"href":"https:\/\/skatedeluxe.com\/blog\/de\/wp-json\/wp\/v2\/users\/24"}],"replies":[{"embeddable":true,"href":"https:\/\/skatedeluxe.com\/blog\/de\/wp-json\/wp\/v2\/comments?post=21505"}],"version-history":[{"count":18,"href":"https:\/\/skatedeluxe.com\/blog\/de\/wp-json\/wp\/v2\/pages\/21505\/revisions"}],"predecessor-version":[{"id":143938,"href":"https:\/\/skatedeluxe.com\/blog\/de\/wp-json\/wp\/v2\/pages\/21505\/revisions\/143938"}],"up":[{"embeddable":true,"href":"https:\/\/skatedeluxe.com\/blog\/de\/wp-json\/wp\/v2\/pages\/21467"}],"wp:featuredmedia":[{"embeddable":true,"href":"https:\/\/skatedeluxe.com\/blog\/de\/wp-json\/wp\/v2\/media\/116776"}],"wp:attachment":[{"href":"https:\/\/skatedeluxe.com\/blog\/de\/wp-json\/wp\/v2\/media?parent=21505"}],"curies":[{"name":"wp","href":"https:\/\/api.w.org\/{rel}","templated":true}]}}