{"id":21489,"date":"2013-06-05T14:17:06","date_gmt":"2013-06-05T12:17:06","guid":{"rendered":"http:\/\/www.skatedeluxe.de\/blog\/?page_id=21489"},"modified":"2018-05-09T09:44:07","modified_gmt":"2018-05-09T07:44:07","slug":"how-to-fs-pop-shove-it","status":"publish","type":"page","link":"https:\/\/skatedeluxe.com\/blog\/de\/trick-tipps\/skateboard\/flat\/how-to-fs-pop-shove-it\/","title":{"rendered":"FS Pop Shove It &#8211; Skateboard Trick Tipp"},"content":{"rendered":"<div class=\"post clearfix padding-bottom\">\r\n\t<div id=\"decks-allgemeines\" class=\"hide-for-small large-2 columns\">\r\n\t\t<div class=\"date-day\">Trick Tipp<\/div>\r\n\t\t<div class=\"date-month\">FS Pop Shove-It<\/div>\r\n\t<\/div>\r\n\r\n\t<div class=\"large-10 columns\">\r\n\t\r\n\t\t<p>\r\n\t\tDer Frontside Pop Shove-It ist dem regul\u00e4ren Pop Shove-It sehr \u00e4hnlich, nur dreht sich das Brett hier 180 Grad um die Hinterkante.<\/p><p> Der K\u00f6rper bleibt ebenfalls in seiner Position, was den FS Pop Shove-It f\u00fcr den Anfang zum perfekten Einstieg in die Welt der Flips macht. Aber auch als gestandener Skateboarder sollte man den FS Pop Shove-It on lock haben, da er sich gut f\u00fcr kreative Kombos eignet.\r\n\t\t<\/p>\r\n\t\r\n\t\t<p>\r\n\t\tHier erf\u00e4hrst du, wie der FS Pop Shove-It funktioniert.\r\n\t\t<\/p>\r\n\t\t\r\n\t<\/div>\r\n<\/div>\r\n\r\n<!-- .Ende des Einleitungsbereichs -->\r\n\r\n<div class=\"post clearfix padding-bottom\">\r\n\t<div id=\"decks-allgemeines\" class=\"hide-for-small large-2 columns\">\r\n\t\t<div class=\"date-day\">FS Pop Shove-It<\/div>\r\n\t\t<div class=\"date-month\">Video<\/div>\r\n\t<\/div>\r\n \r\n\t<div class=\"large-10 columns\">\r\n\t\r\n\t\t<h2 class=\"margin-top margin-bottom\" align=\"center\">Trick Tipp Video: FS Pop Shove-It<\/h2>\r\n\t\t\r\n\t\t<div class=\"medium-12 small-12 columns\">\r\n\t\t<div class=\"medium-10 columns medium-centered medium-offset-1 columns margin-bottom\">\r\n\r\n\t\t<div class=\"flex-video\">\r\n\t\t\t<iframe width=\"1280\" height=\"720\" data-src=\"https:\/\/www.youtube-nocookie.com\/embed\/Rxd2ltDotP4?showinfo=0\" frameborder=\"0\" allowfullscreen allow=\"autoplay; encrypted-media\"><\/iframe><noscript><iframe loading=\"lazy\" width=\"1280\" height=\"720\" src=\"https:\/\/www.youtube-nocookie.com\/embed\/Rxd2ltDotP4?showinfo=0\" frameborder=\"0\" allowfullscreen allow=\"autoplay; encrypted-media\"><\/iframe><\/noscript>\r\n\t\t<\/div>\r\n\t\t\t<div class=\"ShariffSC\" style=\"shariff-shop\"><div class=\"shariff\" data-url=\"https:\/\/skatedeluxe.com\/blog\/de\/trick-tipps\/skateboard\/flat\/how-to-fs-pop-shove-it\/\" data-title=\"FS Pop Shove It &#8211; Skateboard Trick Tipp\" data-services='[\"facebooklike\", \"facebook\"]' data-backend-url='\/shariff\/'><\/div><\/div> <!-- .Social Leiste unterhalb des Videos -->\r\n\t\t<\/div>\r\n\t\t<\/div>\r\n\t\t\r\n\t<\/div>\r\n<\/div>\r\n\r\n<!-- .Ende des Videobereichs -->\r\n\r\n<div class=\"post clearfix padding-bottom\">\r\n\t<div id=\"decks-allgemeines\" class=\"hide-for-small large-2 columns\">\r\n\t\t<div class=\"date-day\">FS Pop Shove-It<\/div>\r\n\t\t<div class=\"date-month\">Sequenz<\/div>\r\n\t<\/div>\r\n\r\n\t<div class=\"large-10 columns\">\r\n\t\r\n\t\t<h2 class=\"margin-top margin-bottom\" align=\"center\">Trick Tipp Sequenz: FS Pop Shove-It<\/h2>\r\n\t\t\r\n\t\t<div class=\"medium-12 small-12 columns\">\r\n\t\t<div class=\"medium-10 columns medium-centered medium-offset-1 columns margin-bottom\">\r\n\t\t<div id=\"metaslider-id-115715\" style=\"max-width: 999px; margin: 0 auto;\" class=\"ml-slider-3-98-0 ml-slider-pro-2-6-6 metaslider metaslider-nivo metaslider-115715 ml-slider ms-theme-_theme_1463567531\" role=\"region\" aria-roledescription=\"Slideshow\" aria-label=\"FS Pop Shove-it - Trick Tip\" data-width=\"999\">\n    <div id=\"metaslider_container_115715\">\n        <div class='slider-wrapper theme-default'><div class='ribbon'><\/div><div id='metaslider_115715' class='nivoSlider'><img loading=\"lazy\" decoding=\"async\" width=\"999\" height=\"666\" src=\"\/blog\/wp-content\/uploads\/2016\/09\/trick-tip-fs-pop-shove-it-1.jpg\" class=\"slider-115715 slide-115716\" alt=\"Skateboard Trick FS Pop Shove-it\" data-caption=\"\" data-thumb=\"\" title=\"Skateboard Trick FS Pop Shove-it\" rel=\"\" srcset=\"\/blog\/wp-content\/uploads\/2016\/09\/trick-tip-fs-pop-shove-it-1.jpg 999w, \/blog\/wp-content\/uploads\/2016\/09\/trick-tip-fs-pop-shove-it-1-600x400.jpg 600w, \/blog\/wp-content\/uploads\/2016\/09\/trick-tip-fs-pop-shove-it-1-768x512.jpg 768w\" sizes=\"auto, (max-width: 999px) 100vw, 999px\" \/><img loading=\"lazy\" decoding=\"async\" width=\"999\" height=\"666\" src=\"\/blog\/wp-content\/uploads\/2016\/09\/trick-tip-fs-pop-shove-it-2.jpg\" class=\"slider-115715 slide-115720\" alt=\"Skateboard Trick FS Pop Shove-it\" data-caption=\"\" data-thumb=\"\" title=\"Skateboard Trick FS Pop Shove-it\" rel=\"\" srcset=\"\/blog\/wp-content\/uploads\/2016\/09\/trick-tip-fs-pop-shove-it-2.jpg 999w, \/blog\/wp-content\/uploads\/2016\/09\/trick-tip-fs-pop-shove-it-2-600x400.jpg 600w, \/blog\/wp-content\/uploads\/2016\/09\/trick-tip-fs-pop-shove-it-2-768x512.jpg 768w\" sizes=\"auto, (max-width: 999px) 100vw, 999px\" \/><img loading=\"lazy\" decoding=\"async\" width=\"999\" height=\"666\" src=\"\/blog\/wp-content\/uploads\/2016\/09\/trick-tip-fs-pop-shove-it-3.jpg\" class=\"slider-115715 slide-115724\" alt=\"Skateboard Trick FS Pop Shove-it\" data-caption=\"\" data-thumb=\"\" title=\"Skateboard Trick FS Pop Shove-it\" rel=\"\" srcset=\"\/blog\/wp-content\/uploads\/2016\/09\/trick-tip-fs-pop-shove-it-3.jpg 999w, \/blog\/wp-content\/uploads\/2016\/09\/trick-tip-fs-pop-shove-it-3-600x400.jpg 600w, \/blog\/wp-content\/uploads\/2016\/09\/trick-tip-fs-pop-shove-it-3-768x512.jpg 768w\" sizes=\"auto, (max-width: 999px) 100vw, 999px\" \/><img loading=\"lazy\" decoding=\"async\" width=\"999\" height=\"666\" src=\"\/blog\/wp-content\/uploads\/2016\/09\/trick-tip-fs-pop-shove-it-4.jpg\" class=\"slider-115715 slide-115728\" alt=\"Skateboard Trick FS Pop Shove-it\" data-caption=\"\" data-thumb=\"\" title=\"Skateboard Trick FS Pop Shove-it\" rel=\"\" srcset=\"\/blog\/wp-content\/uploads\/2016\/09\/trick-tip-fs-pop-shove-it-4.jpg 999w, \/blog\/wp-content\/uploads\/2016\/09\/trick-tip-fs-pop-shove-it-4-600x400.jpg 600w, \/blog\/wp-content\/uploads\/2016\/09\/trick-tip-fs-pop-shove-it-4-768x512.jpg 768w\" sizes=\"auto, (max-width: 999px) 100vw, 999px\" \/><img loading=\"lazy\" decoding=\"async\" width=\"999\" height=\"666\" src=\"\/blog\/wp-content\/uploads\/2016\/09\/trick-tip-fs-pop-shove-it-5.jpg\" class=\"slider-115715 slide-115732\" alt=\"Skateboard Trick FS Pop Shove-it\" data-caption=\"\" data-thumb=\"\" title=\"Skateboard Trick FS Pop Shove-it\" rel=\"\" srcset=\"\/blog\/wp-content\/uploads\/2016\/09\/trick-tip-fs-pop-shove-it-5.jpg 999w, \/blog\/wp-content\/uploads\/2016\/09\/trick-tip-fs-pop-shove-it-5-600x400.jpg 600w, \/blog\/wp-content\/uploads\/2016\/09\/trick-tip-fs-pop-shove-it-5-768x512.jpg 768w\" sizes=\"auto, (max-width: 999px) 100vw, 999px\" \/><img loading=\"lazy\" decoding=\"async\" width=\"999\" height=\"666\" src=\"\/blog\/wp-content\/uploads\/2016\/09\/trick-tip-fs-pop-shove-it-6.jpg\" class=\"slider-115715 slide-115736\" alt=\"Skateboard Trick FS Pop Shove-it\" data-caption=\"\" data-thumb=\"\" title=\"Skateboard Trick FS Pop Shove-it\" rel=\"\" srcset=\"\/blog\/wp-content\/uploads\/2016\/09\/trick-tip-fs-pop-shove-it-6.jpg 999w, \/blog\/wp-content\/uploads\/2016\/09\/trick-tip-fs-pop-shove-it-6-600x400.jpg 600w, \/blog\/wp-content\/uploads\/2016\/09\/trick-tip-fs-pop-shove-it-6-768x512.jpg 768w\" sizes=\"auto, (max-width: 999px) 100vw, 999px\" \/><img loading=\"lazy\" decoding=\"async\" width=\"999\" height=\"666\" src=\"\/blog\/wp-content\/uploads\/2016\/09\/trick-tip-fs-pop-shove-it-7.jpg\" class=\"slider-115715 slide-115740\" alt=\"Skateboard Trick FS Pop Shove-it\" data-caption=\"\" data-thumb=\"\" title=\"Skateboard Trick FS Pop Shove-it\" rel=\"\" srcset=\"\/blog\/wp-content\/uploads\/2016\/09\/trick-tip-fs-pop-shove-it-7.jpg 999w, \/blog\/wp-content\/uploads\/2016\/09\/trick-tip-fs-pop-shove-it-7-600x400.jpg 600w, \/blog\/wp-content\/uploads\/2016\/09\/trick-tip-fs-pop-shove-it-7-768x512.jpg 768w\" sizes=\"auto, (max-width: 999px) 100vw, 999px\" \/><img loading=\"lazy\" decoding=\"async\" width=\"999\" height=\"666\" src=\"\/blog\/wp-content\/uploads\/2016\/09\/trick-tip-fs-pop-shove-it-8.jpg\" class=\"slider-115715 slide-115744\" alt=\"Skateboard Trick FS Pop Shove-it\" data-caption=\"\" data-thumb=\"\" title=\"Skateboard Trick FS Pop Shove-it\" rel=\"\" srcset=\"\/blog\/wp-content\/uploads\/2016\/09\/trick-tip-fs-pop-shove-it-8.jpg 999w, \/blog\/wp-content\/uploads\/2016\/09\/trick-tip-fs-pop-shove-it-8-600x400.jpg 600w, \/blog\/wp-content\/uploads\/2016\/09\/trick-tip-fs-pop-shove-it-8-768x512.jpg 768w\" sizes=\"auto, (max-width: 999px) 100vw, 999px\" \/><img loading=\"lazy\" decoding=\"async\" width=\"999\" height=\"666\" src=\"\/blog\/wp-content\/uploads\/2016\/09\/trick-tip-fs-pop-shove-it-9.jpg\" class=\"slider-115715 slide-115748\" alt=\"Skateboard Trick FS Pop Shove-it\" data-caption=\"\" data-thumb=\"\" title=\"Skateboard Trick FS Pop Shove-it\" rel=\"\" srcset=\"\/blog\/wp-content\/uploads\/2016\/09\/trick-tip-fs-pop-shove-it-9.jpg 999w, \/blog\/wp-content\/uploads\/2016\/09\/trick-tip-fs-pop-shove-it-9-600x400.jpg 600w, \/blog\/wp-content\/uploads\/2016\/09\/trick-tip-fs-pop-shove-it-9-768x512.jpg 768w\" sizes=\"auto, (max-width: 999px) 100vw, 999px\" \/><img loading=\"lazy\" decoding=\"async\" width=\"999\" height=\"666\" src=\"\/blog\/wp-content\/uploads\/2016\/09\/trick-tip-fs-pop-shove-it-10.jpg\" class=\"slider-115715 slide-115752\" alt=\"Skateboard Trick FS Pop Shove-it\" data-caption=\"\" data-thumb=\"\" title=\"Skateboard Trick FS Pop Shove-it\" rel=\"\" srcset=\"\/blog\/wp-content\/uploads\/2016\/09\/trick-tip-fs-pop-shove-it-10.jpg 999w, \/blog\/wp-content\/uploads\/2016\/09\/trick-tip-fs-pop-shove-it-10-600x400.jpg 600w, \/blog\/wp-content\/uploads\/2016\/09\/trick-tip-fs-pop-shove-it-10-768x512.jpg 768w\" sizes=\"auto, (max-width: 999px) 100vw, 999px\" \/><img loading=\"lazy\" decoding=\"async\" width=\"999\" height=\"666\" src=\"\/blog\/wp-content\/uploads\/2016\/09\/trick-tip-fs-pop-shove-it-11.jpg\" class=\"slider-115715 slide-115756\" alt=\"Skateboard Trick FS Pop Shove-it\" data-caption=\"\" data-thumb=\"\" title=\"Skateboard Trick FS Pop Shove-it\" rel=\"\" srcset=\"\/blog\/wp-content\/uploads\/2016\/09\/trick-tip-fs-pop-shove-it-11.jpg 999w, \/blog\/wp-content\/uploads\/2016\/09\/trick-tip-fs-pop-shove-it-11-600x400.jpg 600w, \/blog\/wp-content\/uploads\/2016\/09\/trick-tip-fs-pop-shove-it-11-768x512.jpg 768w\" sizes=\"auto, (max-width: 999px) 100vw, 999px\" \/><img loading=\"lazy\" decoding=\"async\" width=\"999\" height=\"666\" src=\"\/blog\/wp-content\/uploads\/2016\/09\/trick-tip-fs-pop-shove-it-12.jpg\" class=\"slider-115715 slide-115760\" alt=\"Skateboard Trick FS Pop Shove-it\" data-caption=\"\" data-thumb=\"\" title=\"Skateboard Trick FS Pop Shove-it\" rel=\"\" srcset=\"\/blog\/wp-content\/uploads\/2016\/09\/trick-tip-fs-pop-shove-it-12.jpg 999w, \/blog\/wp-content\/uploads\/2016\/09\/trick-tip-fs-pop-shove-it-12-600x400.jpg 600w, \/blog\/wp-content\/uploads\/2016\/09\/trick-tip-fs-pop-shove-it-12-768x512.jpg 768w\" sizes=\"auto, (max-width: 999px) 100vw, 999px\" \/><img loading=\"lazy\" decoding=\"async\" width=\"999\" height=\"666\" src=\"\/blog\/wp-content\/uploads\/2016\/09\/trick-tip-fs-pop-shove-it-13.jpg\" class=\"slider-115715 slide-115764\" alt=\"Skateboard Trick FS Pop Shove-it\" data-caption=\"\" data-thumb=\"\" title=\"Skateboard Trick FS Pop Shove-it\" rel=\"\" srcset=\"\/blog\/wp-content\/uploads\/2016\/09\/trick-tip-fs-pop-shove-it-13.jpg 999w, \/blog\/wp-content\/uploads\/2016\/09\/trick-tip-fs-pop-shove-it-13-600x400.jpg 600w, \/blog\/wp-content\/uploads\/2016\/09\/trick-tip-fs-pop-shove-it-13-768x512.jpg 768w\" sizes=\"auto, (max-width: 999px) 100vw, 999px\" \/><img loading=\"lazy\" decoding=\"async\" width=\"999\" height=\"666\" src=\"\/blog\/wp-content\/uploads\/2016\/09\/trick-tip-fs-pop-shove-it-14.jpg\" class=\"slider-115715 slide-115768\" alt=\"Skateboard Trick FS Pop Shove-it\" data-caption=\"\" data-thumb=\"\" title=\"Skateboard Trick FS Pop Shove-it\" rel=\"\" srcset=\"\/blog\/wp-content\/uploads\/2016\/09\/trick-tip-fs-pop-shove-it-14.jpg 999w, \/blog\/wp-content\/uploads\/2016\/09\/trick-tip-fs-pop-shove-it-14-600x400.jpg 600w, \/blog\/wp-content\/uploads\/2016\/09\/trick-tip-fs-pop-shove-it-14-768x512.jpg 768w\" sizes=\"auto, (max-width: 999px) 100vw, 999px\" \/><\/div><\/div>\n        \n    <\/div>\n<\/div>\r\n\t\t<\/div>\r\n\t\t<\/div>\r\n\t\t\r\n\t<\/div>\r\n<\/div>\r\n\r\n<!-- .Ende der Sequenz -->\r\n\r\n<div class=\"post clearfix padding-bottom\">\r\n\t<div id=\"decks-allgemeines\" class=\"hide-for-small large-2 columns\">\r\n\t\t<div class=\"date-day\">FS Pop Shove-It<\/div>\r\n\t\t<div class=\"date-month\">Step By Step<\/div>\r\n\t<\/div>\r\n\r\n\t<div class=\"large-10 columns\">\r\n\t\r\n\t\t<h2 class=\"margin-top margin-bottom\" align=\"center\">Trick Tipp Step By Step: FS Pop Shove-It<\/h2>\r\n\t\t\r\n\t\t<p align=\"center\"><small>Klicke auf die Bilder zum Vergr\u00f6\u00dfern<\/small>\r\n\t\t\r\n\t\t<div class=\"medium-12 columns margin-bottom\">\r\n\t\t\t\r\n\t\t\t<div class=\"small-12 medium-5 columns\">\r\n\t\t\t\t<a title=\"Klicke zum Vergr\u00f6\u00dfern\" href=\"\/blog\/wp-content\/uploads\/2016\/09\/skateboard-trick-tip-fs-pop-shove-it-1.jpg\" rel=\"lightbox[gallery-1] lightbox-0\">\r\n\t\t\t\t\t<img decoding=\"async\" src=\"data:image\/gif;base64,R0lGODlhAQABAIAAAAAAAP\/\/\/yH5BAEAAAAALAAAAAABAAEAAAIBRAA7\" data-src=\"\/blog\/wp-content\/uploads\/2016\/09\/skateboard-trick-tip-fs-pop-shove-it-1-thumb.jpg\" alt=\"Skateboard Trick FS Pop Shove-It\" \/><noscript><img decoding=\"async\" src=\"\/blog\/wp-content\/uploads\/2016\/09\/skateboard-trick-tip-fs-pop-shove-it-1-thumb.jpg\" alt=\"Skateboard Trick FS Pop Shove-It\" \/><\/noscript>\r\n\t\t\t\t<\/a>\t\t\t\r\n\t\t\t<\/div>\r\n\t\t\t\r\n\t\t\t<div class=\"small-12 medium-7 columns\">\r\n\t\t\t<p>\r\n\t\t\t<span class=\"h4\">1.<\/span>\r\n\t\t\tDie Ausgangsposition f\u00fcr einen FS Pop Shove-It ist gleich der eines Ollies, nur dass dein Hinterfu\u00df etwas weiter au\u00dfen am Rand des Tails stehen sollte.\r\n\t\t\t<\/p>\r\n\t\t\t<\/div>\r\n\t\t<\/div>\r\n\r\n\t\t\r\n\t\t<div class=\"medium-12 columns margin-bottom\">\r\n\t\t\r\n\t\t\t<!-- .jedes zweite Bild in diese DIV-Klasse -->\r\n\t\t\t<div class=\"small-12 medium-5 medium-push-7 columns\">\r\n\t\t\t\t<a title=\"Klicke zum Vergr\u00f6\u00dfern\" href=\"\/blog\/wp-content\/uploads\/2016\/09\/skateboard-trick-tip-fs-pop-shove-it-2.jpg\" rel=\"lightbox[gallery-1] lightbox-1\">\r\n\t\t\t\t\t<img decoding=\"async\" src=\"data:image\/gif;base64,R0lGODlhAQABAIAAAAAAAP\/\/\/yH5BAEAAAAALAAAAAABAAEAAAIBRAA7\" data-src=\"\/blog\/wp-content\/uploads\/2016\/09\/skateboard-trick-tip-fs-pop-shove-it-2-thumb.jpg\" alt=\"Skateboard Trick FS Pop Shove-It\" \/><noscript><img decoding=\"async\" src=\"\/blog\/wp-content\/uploads\/2016\/09\/skateboard-trick-tip-fs-pop-shove-it-2-thumb.jpg\" alt=\"Skateboard Trick FS Pop Shove-It\" \/><\/noscript>\r\n\t\t\t\t<\/a>\t\t\t\t\r\n\t\t\t<\/div>\r\n\t\t\r\n\t\t\t<!-- .jeden zweiten Text in diese DIV-Klasse -->\r\n\t\t\t<div class=\"small-12 medium-7 medium-pull-5 columns\">\r\n\t\t\t<p>\r\n\t\t\t<span class=\"h4\">2.<\/span>\r\n\t\t\tDurch die Position deines Hinterfu\u00dfes kannst du beim Abpoppen mit viel Kraft nach Vorn dr\u00fccken, wodurch es zur Rotation kommt.\r\n\t\t\t<\/p>\r\n\t\t\t<\/div>\r\n\t\t\t\t\t\r\n\t\t<\/div>\r\n\t\t\r\n\t\t<div class=\"medium-12 columns margin-bottom\">\r\n\t\t\t\r\n\t\t\t<div class=\"small-12 medium-5 columns\">\r\n\t\t\t\t<a title=\"Klicke zum Vergr\u00f6\u00dfern\" href=\"\/blog\/wp-content\/uploads\/2016\/09\/skateboard-trick-tip-fs-pop-shove-it-3.jpg\" rel=\"lightbox[gallery-1] lightbox-2\">\r\n\t\t\t\t\t<img decoding=\"async\" src=\"data:image\/gif;base64,R0lGODlhAQABAIAAAAAAAP\/\/\/yH5BAEAAAAALAAAAAABAAEAAAIBRAA7\" data-src=\"\/blog\/wp-content\/uploads\/2016\/09\/skateboard-trick-tip-fs-pop-shove-it-3-thumb.jpg\" alt=\"Skateboard Trick FS Pop Shove-It\" \/><noscript><img decoding=\"async\" src=\"\/blog\/wp-content\/uploads\/2016\/09\/skateboard-trick-tip-fs-pop-shove-it-3-thumb.jpg\" alt=\"Skateboard Trick FS Pop Shove-It\" \/><\/noscript>\r\n\t\t\t\t<\/a>\t\t\r\n\t\t\t<\/div>\r\n\t\t\t\r\n\t\t\t<div class=\"small-12 medium-7 columns\">\r\n\t\t\t<p>\r\n\t\t\t<span class=\"h4\">3.<\/span>\r\n\t\t\tDer Vorderfu\u00df hat dabei relativ wenig zu tun, au\u00dfer dem Board Platz zu machen, indem du ihn nach Oben hin anhebst. \r\n\t\t\t<\/p>\r\n\t\t\t<\/div>\r\n\t\t<\/div>\r\n\t\t\r\n\t\t<div class=\"medium-12 columns margin-bottom\">\r\n\t\t\r\n\t\t\t<div class=\"small-12 medium-5 medium-push-7 columns\">\r\n\t\t\t\t<a title=\"Klicke zum Vergr\u00f6\u00dfern\" href=\"\/blog\/wp-content\/uploads\/2016\/09\/skateboard-trick-tip-fs-pop-shove-it-4.jpg\" rel=\"lightbox[gallery-1] lightbox-3\">\r\n\t\t\t\t\t<img decoding=\"async\" src=\"data:image\/gif;base64,R0lGODlhAQABAIAAAAAAAP\/\/\/yH5BAEAAAAALAAAAAABAAEAAAIBRAA7\" data-src=\"\/blog\/wp-content\/uploads\/2016\/09\/skateboard-trick-tip-fs-pop-shove-it-4-thumb.jpg\" alt=\"Skateboard Trick FS Pop Shove-It\" \/><noscript><img decoding=\"async\" src=\"\/blog\/wp-content\/uploads\/2016\/09\/skateboard-trick-tip-fs-pop-shove-it-4-thumb.jpg\" alt=\"Skateboard Trick FS Pop Shove-It\" \/><\/noscript>\r\n\t\t\t\t<\/a>\t\t\t\t\t\r\n\t\t\t<\/div>\r\n\t\t\r\n\t\t\t<div class=\"small-12 medium-7 medium-pull-5 columns\">\r\n\t\t\t<p>\r\n\t\t\t<span class=\"h4\">4.<\/span>\r\n\t\t\tWichtig bei diesem Trick ist wieder das richtige Timing und die richtige Kraft zu finden, damit sich das Board genau um 180 Grad dreht.\t\t\r\n\t\t\t<\/p>\r\n\t\t\t<\/div>\r\n\t\t\r\n\t\t<\/div>\r\n\t\t\r\n\t\t<div class=\"medium-12 columns margin-bottom\">\r\n\t\t\r\n\t\t\t<div class=\"medium-5 columns\">\r\n\t\t\t\t<a title=\"Klicke zum Vergr\u00f6\u00dfern\" href=\"\/blog\/wp-content\/uploads\/2016\/09\/skateboard-trick-tip-fs-pop-shove-it-5.jpg\" rel=\"lightbox[gallery-1] lightbox-4\">\r\n\t\t\t\t\t<img decoding=\"async\" src=\"data:image\/gif;base64,R0lGODlhAQABAIAAAAAAAP\/\/\/yH5BAEAAAAALAAAAAABAAEAAAIBRAA7\" data-src=\"\/blog\/wp-content\/uploads\/2016\/09\/skateboard-trick-tip-fs-pop-shove-it-5-thumb.jpg\" alt=\"Skateboard Trick FS Pop Shove-It\" \/><noscript><img decoding=\"async\" src=\"\/blog\/wp-content\/uploads\/2016\/09\/skateboard-trick-tip-fs-pop-shove-it-5-thumb.jpg\" alt=\"Skateboard Trick FS Pop Shove-It\" \/><\/noscript>\r\n\t\t\t\t<\/a>\t\t\t\t\t\t\t\r\n\t\t\t<\/div>\r\n\t\t\t\r\n\t\t\t<div class=\"medium-7 columns\">\r\n\t\t\t<p>\r\n\t\t\t<span class=\"h4\">5.<\/span>\r\n\t\t\tJetzt gilt es wieder das Board nach vollendeter Drehung in der Luft zu catchen.\t\t\t\r\n\t\t\t<\/p>\r\n\t\t\t\r\n\t\t\t<\/div>\r\n\r\n\t\t\t<div class=\"medium-12 columns margin-bottom\">\r\n\t\t\r\n\t\t\t<div class=\"small-12 medium-5 medium-push-7 columns\">\r\n\t\t\t\t<a title=\"Klicke zum Vergr\u00f6\u00dfern\" href=\"\/blog\/wp-content\/uploads\/2016\/09\/skateboard-trick-tip-fs-pop-shove-it-6.jpg\" rel=\"lightbox[gallery-1] lightbox-5\">\r\n\t\t\t\t\t<img decoding=\"async\" src=\"data:image\/gif;base64,R0lGODlhAQABAIAAAAAAAP\/\/\/yH5BAEAAAAALAAAAAABAAEAAAIBRAA7\" data-src=\"\/blog\/wp-content\/uploads\/2016\/09\/skateboard-trick-tip-fs-pop-shove-it-6-thumb.jpg\" alt=\"Skateboard Trick FS Pop Shove-It\" \/><noscript><img decoding=\"async\" src=\"\/blog\/wp-content\/uploads\/2016\/09\/skateboard-trick-tip-fs-pop-shove-it-6-thumb.jpg\" alt=\"Skateboard Trick FS Pop Shove-It\" \/><\/noscript>\r\n\t\t\t\t<\/a>\t\t\t\t\t\r\n\t\t\t<\/div>\r\n\t\t\r\n\t\t\t<div class=\"small-12 medium-7 medium-pull-5 columns\">\r\n\t\t\t<p>\r\n\t\t\t<span class=\"h4\">6.<\/span>\r\n\t\t\tVersuche mit den F\u00fc\u00dfen auf den Achsen zu landen, um die Kraft gleichm\u00e4\u00dfig auf das Brett zu verteilen.\t\t\r\n\t\t\t<\/p>\r\n\t\t\t<\/div>\r\n\t\t<\/div>\r\n\t\t<\/div>\r\n\t<\/div>\r\n<\/div>\r\n\r\n<!-- .Ende der Step By Step Anleitung -->\r\n\r\n<div class=\"post clearfix padding-bottom\">\r\n\t<div id=\"decks-allgemeines\" class=\"hide-for-small large-2 columns\">\r\n\t\t<div class=\"date-day\">Mehr Tricks<\/div>\r\n\t\t<div class=\"date-month\">?<\/div>\r\n\t<\/div>\r\n\r\n\t<div class=\"large-10 columns\">\r\n\t\r\n\t\t<h3 class=\"margin-top margin-bottom\" align=\"center\">Welcher Trick als n\u00e4chstes?<\/h2>\r\n\t\t\r\n\t\t<p>\r\n\t\tOb FS oder BS, \u00fcber die Hip oder aus dem Grind raus sitzen deine Shove-Its bereits? Dann ist es Zeit f\u00fcr den n\u00e4chsten Trick!\r\n\t\tWie w\u00e4re es, wenn du deinem Brett noch ein paar weitere Rotationen beibringst? Dieses Mal aber um die L\u00e4ngsachse! Kickflip und Heelflip sollten deine n\u00e4chsten Ziele sein.<\/p><p> Lieber etwas anderes? Dann klick dich einfach durch die verschiedenen <a title=\"zu den Skateboard Trick Tipps Flat\" href=\"\/blog\/de\/trick-tipps\/skateboard\/flat\/\">Trick Tipps f\u00fcr&#8217;s Flat<\/a>, <a title=\"zu den Skateboard Trick Tipps Curb &#038; Rail\" href=\"\/blog\/de\/trick-tipps\/skateboard\/curb-rail\/\">Curb und Rail<\/a> oder <a title=\"zu den Skateboard Trick Tipps Transition\" href=\"\/blog\/de\/trick-tipps\/skateboard\/transition\/\">Transition.<\/a>\r\n\t\t<\/p>\r\n\t\t\r\n\t\t<div class=\"medium-12 small-12 columns\">\r\n\t\t\t<a title=\"zu den Skateboard Trick Tipps Flat\" href=\"\/blog\/de\/trick-tipps\/skateboard\/flat\/\" class=\"button-auto\">Skateboard Trick Tipps | Flat<\/a>\r\n\t\t\t<br><br>\r\n\t\t\t\r\n\t\t\t<div class=\"medium-6 small-12 columns\">\r\n\t\t\t<a title=\"zu den Skateboard Trick Tipps Curb &#038; Rail\" href=\"\/blog\/de\/trick-tipps\/skateboard\/curb-rail\/\" class=\"button-auto\">Skateboard Trick Tipps | Curb &#038; Rail<\/a>\r\n\t\t\t<br><br>\r\n\t\t\t<\/div>\r\n\t\t\t\r\n\t\t\t<div class=\"medium-6 small-12 columns\">\r\n\t\t\t<a title=\"zu den Skateboard Trick Tipps Transition\" href=\"\/blog\/de\/trick-tipps\/skateboard\/transition\/\" class=\"button-auto\">Skateboard Trick Tipps | Transition<\/a>\r\n\t\t\t<br><br>\r\n\t\t\t<\/div>\r\n\t\t\t\r\n\t\t<\/div>\r\n\t\t\r\n\t\t\r\n\t<\/div>\r\n<\/div><div class=\"ShariffSC\" style=\"shariff-shop\"><div class=\"shariff\" data-url=\"https:\/\/skatedeluxe.com\/blog\/de\/trick-tipps\/skateboard\/flat\/how-to-fs-pop-shove-it\/\" data-title=\"FS Pop Shove It &#8211; Skateboard Trick Tipp\" data-services='[\"facebooklike\", \"facebook\"]' data-backend-url='\/shariff\/'><\/div><\/div>","protected":false},"excerpt":{"rendered":"<p>Trick Tipp FS Pop Shove-It Der Frontside Pop Shove-It ist dem regul\u00e4ren Pop Shove-It sehr \u00e4hnlich, nur dreht sich das Brett hier 180 Grad um die Hinterkante. Der K\u00f6rper bleibt ebenfalls in seiner Position, was den FS Pop Shove-It f\u00fcr den Anfang zum perfekten Einstieg in die Welt der Flips macht. Aber auch als gestandener <a class=\"read-more\" href=\"https:\/\/skatedeluxe.com\/blog\/de\/trick-tipps\/skateboard\/flat\/how-to-fs-pop-shove-it\/\">[&#8230;]<\/a><\/p>\n","protected":false},"author":24,"featured_media":117262,"parent":21467,"menu_order":5,"comment_status":"open","ping_status":"closed","template":"page-templates\/teasing-page.php","meta":{"footnotes":""},"class_list":["post-21489","page","type-page","status-publish","has-post-thumbnail","hentry"],"aioseo_notices":[],"amp_enabled":false,"_links":{"self":[{"href":"https:\/\/skatedeluxe.com\/blog\/de\/wp-json\/wp\/v2\/pages\/21489","targetHints":{"allow":["GET"]}}],"collection":[{"href":"https:\/\/skatedeluxe.com\/blog\/de\/wp-json\/wp\/v2\/pages"}],"about":[{"href":"https:\/\/skatedeluxe.com\/blog\/de\/wp-json\/wp\/v2\/types\/page"}],"author":[{"embeddable":true,"href":"https:\/\/skatedeluxe.com\/blog\/de\/wp-json\/wp\/v2\/users\/24"}],"replies":[{"embeddable":true,"href":"https:\/\/skatedeluxe.com\/blog\/de\/wp-json\/wp\/v2\/comments?post=21489"}],"version-history":[{"count":20,"href":"https:\/\/skatedeluxe.com\/blog\/de\/wp-json\/wp\/v2\/pages\/21489\/revisions"}],"predecessor-version":[{"id":143919,"href":"https:\/\/skatedeluxe.com\/blog\/de\/wp-json\/wp\/v2\/pages\/21489\/revisions\/143919"}],"up":[{"embeddable":true,"href":"https:\/\/skatedeluxe.com\/blog\/de\/wp-json\/wp\/v2\/pages\/21467"}],"wp:featuredmedia":[{"embeddable":true,"href":"https:\/\/skatedeluxe.com\/blog\/de\/wp-json\/wp\/v2\/media\/117262"}],"wp:attachment":[{"href":"https:\/\/skatedeluxe.com\/blog\/de\/wp-json\/wp\/v2\/media?parent=21489"}],"curies":[{"name":"wp","href":"https:\/\/api.w.org\/{rel}","templated":true}]}}