{"id":21488,"date":"2013-06-05T14:17:01","date_gmt":"2013-06-05T12:17:01","guid":{"rendered":"http:\/\/www.skatedeluxe.de\/blog\/?page_id=21488"},"modified":"2018-05-09T09:38:50","modified_gmt":"2018-05-09T07:38:50","slug":"how-to-pop-shove-it","status":"publish","type":"page","link":"https:\/\/skatedeluxe.com\/blog\/de\/trick-tipps\/skateboard\/flat\/how-to-pop-shove-it\/","title":{"rendered":"Pop Shove It &#8211; Skateboard Trick Tipp"},"content":{"rendered":"<div class=\"post clearfix padding-bottom\">\r\n\t<div id=\"decks-allgemeines\" class=\"hide-for-small large-2 columns\">\r\n\t\t<div class=\"date-day\">Trick Tipp<\/div>\r\n\t\t<div class=\"date-month\">Pop Shove-It<\/div>\r\n\t<\/div>\r\n\r\n\t<div class=\"large-10 columns\">\r\n\t\r\n\t\t<p>\r\n\t\tDer Pop Shove-it ist ein Basistrick, bei dem sich nur das Brett 180 Grad um die Vorderkante dreht und der K\u00f6rper in seiner Position bleibt.<\/p><p> Ob als einzelner Trick oder in Kombination mit einem Grind oder einem Manual &#8211; Mit einen Pop Shove-It kann man vielseitig kreativ werden und er ist zudem Grundlage f\u00fcr viele weitere Flip Tricks.<\/p><p> Besonders an Hips oder Stairsets kann ein Pop Shove-It \u00e4u\u00dferst stylisch sein und sollte von jedem Skateboarder beherrscht werden. Das ist dein Einstieg in die Welt der Flip Tricks!\r\n\t\t<\/p>\r\n\t\r\n\t\t<p>\r\n\t\tHier erf\u00e4hrst du, wie der Pop Shove-It funktioniert.\r\n\t\t<\/p>\r\n\t\t\r\n\t<\/div>\r\n<\/div>\r\n\r\n<!-- .Ende des Einleitungsbereichs -->\r\n\r\n<div class=\"post clearfix padding-bottom\">\r\n\t<div id=\"decks-allgemeines\" class=\"hide-for-small large-2 columns\">\r\n\t\t<div class=\"date-day\">Pop Shove-It<\/div>\r\n\t\t<div class=\"date-month\">Video<\/div>\r\n\t<\/div>\r\n \r\n\t<div class=\"large-10 columns\">\r\n\t\r\n\t\t<h2 class=\"margin-top margin-bottom\" align=\"center\">Trick Tipp Video: Pop Shove-It<\/h2>\r\n\t\t\r\n\t\t<div class=\"medium-12 small-12 columns\">\r\n\t\t<div class=\"medium-10 columns medium-centered medium-offset-1 columns margin-bottom\">\r\n\r\n\t\t<div class=\"flex-video\">\r\n\t\t\t<iframe width=\"1280\" height=\"720\" data-src=\"https:\/\/www.youtube-nocookie.com\/embed\/W4lD3cxyE2E?showinfo=0\" frameborder=\"0\" allowfullscreen allow=\"autoplay; encrypted-media\"><\/iframe><noscript><iframe loading=\"lazy\" width=\"1280\" height=\"720\" src=\"https:\/\/www.youtube-nocookie.com\/embed\/W4lD3cxyE2E?showinfo=0\" frameborder=\"0\" allowfullscreen allow=\"autoplay; encrypted-media\"><\/iframe><\/noscript>\r\n\t\t<\/div>\r\n\t\t\t<div class=\"ShariffSC\" style=\"shariff-shop\"><div class=\"shariff\" data-url=\"https:\/\/skatedeluxe.com\/blog\/de\/trick-tipps\/skateboard\/flat\/how-to-pop-shove-it\/\" data-title=\"Pop Shove It &#8211; Skateboard Trick Tipp\" data-services='[\"facebooklike\", \"facebook\"]' data-backend-url='\/shariff\/'><\/div><\/div> <!-- .Social Leiste unterhalb des Videos -->\r\n\t\t<\/div>\r\n\t\t<\/div>\r\n\t\t\r\n\t<\/div>\r\n<\/div>\r\n\r\n<!-- .Ende des Videobereichs -->\r\n\r\n<div class=\"post clearfix padding-bottom\">\r\n\t<div id=\"decks-allgemeines\" class=\"hide-for-small large-2 columns\">\r\n\t\t<div class=\"date-day\">Pop Shove-It<\/div>\r\n\t\t<div class=\"date-month\">Sequenz<\/div>\r\n\t<\/div>\r\n\r\n\t<div class=\"large-10 columns\">\r\n\t\r\n\t\t<h2 class=\"margin-top margin-bottom\" align=\"center\">Trick Tipp Sequenz: Pop Shove-It<\/h2>\r\n\t\t\r\n\t\t<div class=\"medium-12 small-12 columns\">\r\n\t\t<div class=\"medium-10 columns medium-centered medium-offset-1 columns margin-bottom\">\r\n\t\t<div id=\"metaslider-id-115559\" style=\"max-width: 999px; margin: 0 auto;\" class=\"ml-slider-3-98-0 ml-slider-pro-2-6-6 metaslider metaslider-nivo metaslider-115559 ml-slider ms-theme-_theme_1463567531\" role=\"region\" aria-roledescription=\"Slideshow\" aria-label=\"Pop Shove-it - Trick Tip\" data-width=\"999\">\n    <div id=\"metaslider_container_115559\">\n        <div class='slider-wrapper theme-default'><div class='ribbon'><\/div><div id='metaslider_115559' class='nivoSlider'><img loading=\"lazy\" decoding=\"async\" width=\"999\" height=\"666\" src=\"\/blog\/wp-content\/uploads\/2016\/09\/trick-tip-pop-shove-it-1.jpg\" class=\"slider-115559 slide-115561\" alt=\"Skateboard Trick Pop Shove-it\" data-caption=\"\" data-thumb=\"\" title=\"Skateboard Trick Pop Shove-it\" rel=\"\" srcset=\"\/blog\/wp-content\/uploads\/2016\/09\/trick-tip-pop-shove-it-1.jpg 999w, \/blog\/wp-content\/uploads\/2016\/09\/trick-tip-pop-shove-it-1-600x400.jpg 600w, \/blog\/wp-content\/uploads\/2016\/09\/trick-tip-pop-shove-it-1-768x512.jpg 768w\" sizes=\"auto, (max-width: 999px) 100vw, 999px\" \/><img loading=\"lazy\" decoding=\"async\" width=\"999\" height=\"666\" src=\"\/blog\/wp-content\/uploads\/2016\/09\/trick-tip-pop-shove-it-2.jpg\" class=\"slider-115559 slide-115565\" alt=\"Skateboard Trick Pop Shove-it\" data-caption=\"\" data-thumb=\"\" title=\"Skateboard Trick Pop Shove-it\" rel=\"\" srcset=\"\/blog\/wp-content\/uploads\/2016\/09\/trick-tip-pop-shove-it-2.jpg 999w, \/blog\/wp-content\/uploads\/2016\/09\/trick-tip-pop-shove-it-2-600x400.jpg 600w, \/blog\/wp-content\/uploads\/2016\/09\/trick-tip-pop-shove-it-2-768x512.jpg 768w\" sizes=\"auto, (max-width: 999px) 100vw, 999px\" \/><img loading=\"lazy\" decoding=\"async\" width=\"999\" height=\"666\" src=\"\/blog\/wp-content\/uploads\/2016\/09\/trick-tip-pop-shove-it-3.jpg\" class=\"slider-115559 slide-115569\" alt=\"Skateboard Trick Pop Shove-it\" data-caption=\"\" data-thumb=\"\" title=\"Skateboard Trick Pop Shove-it\" rel=\"\" srcset=\"\/blog\/wp-content\/uploads\/2016\/09\/trick-tip-pop-shove-it-3.jpg 999w, \/blog\/wp-content\/uploads\/2016\/09\/trick-tip-pop-shove-it-3-600x400.jpg 600w, \/blog\/wp-content\/uploads\/2016\/09\/trick-tip-pop-shove-it-3-768x512.jpg 768w\" sizes=\"auto, (max-width: 999px) 100vw, 999px\" \/><img loading=\"lazy\" decoding=\"async\" width=\"999\" height=\"666\" src=\"\/blog\/wp-content\/uploads\/2016\/09\/trick-tip-pop-shove-it-4.jpg\" class=\"slider-115559 slide-115573\" alt=\"Skateboard Trick Pop Shove-it\" data-caption=\"\" data-thumb=\"\" title=\"Skateboard Trick Pop Shove-it\" rel=\"\" srcset=\"\/blog\/wp-content\/uploads\/2016\/09\/trick-tip-pop-shove-it-4.jpg 999w, \/blog\/wp-content\/uploads\/2016\/09\/trick-tip-pop-shove-it-4-600x400.jpg 600w, \/blog\/wp-content\/uploads\/2016\/09\/trick-tip-pop-shove-it-4-768x512.jpg 768w\" sizes=\"auto, (max-width: 999px) 100vw, 999px\" \/><img loading=\"lazy\" decoding=\"async\" width=\"999\" height=\"666\" src=\"\/blog\/wp-content\/uploads\/2016\/09\/trick-tip-pop-shove-it-5.jpg\" class=\"slider-115559 slide-115577\" alt=\"Skateboard Trick Pop Shove-it\" data-caption=\"\" data-thumb=\"\" title=\"Skateboard Trick Pop Shove-it\" rel=\"\" srcset=\"\/blog\/wp-content\/uploads\/2016\/09\/trick-tip-pop-shove-it-5.jpg 999w, \/blog\/wp-content\/uploads\/2016\/09\/trick-tip-pop-shove-it-5-600x400.jpg 600w, \/blog\/wp-content\/uploads\/2016\/09\/trick-tip-pop-shove-it-5-768x512.jpg 768w\" sizes=\"auto, (max-width: 999px) 100vw, 999px\" \/><img loading=\"lazy\" decoding=\"async\" width=\"999\" height=\"666\" src=\"\/blog\/wp-content\/uploads\/2016\/09\/trick-tip-pop-shove-it-6.jpg\" class=\"slider-115559 slide-115581\" alt=\"Skateboard Trick Pop Shove-it\" data-caption=\"\" data-thumb=\"\" title=\"Skateboard Trick Pop Shove-it\" rel=\"\" srcset=\"\/blog\/wp-content\/uploads\/2016\/09\/trick-tip-pop-shove-it-6.jpg 999w, \/blog\/wp-content\/uploads\/2016\/09\/trick-tip-pop-shove-it-6-600x400.jpg 600w, \/blog\/wp-content\/uploads\/2016\/09\/trick-tip-pop-shove-it-6-768x512.jpg 768w\" sizes=\"auto, (max-width: 999px) 100vw, 999px\" \/><img loading=\"lazy\" decoding=\"async\" width=\"999\" height=\"666\" src=\"\/blog\/wp-content\/uploads\/2016\/09\/trick-tip-pop-shove-it-7.jpg\" class=\"slider-115559 slide-115585\" alt=\"Skateboard Trick Pop Shove-it\" data-caption=\"\" data-thumb=\"\" title=\"Skateboard Trick Pop Shove-it\" rel=\"\" srcset=\"\/blog\/wp-content\/uploads\/2016\/09\/trick-tip-pop-shove-it-7.jpg 999w, \/blog\/wp-content\/uploads\/2016\/09\/trick-tip-pop-shove-it-7-600x400.jpg 600w, \/blog\/wp-content\/uploads\/2016\/09\/trick-tip-pop-shove-it-7-768x512.jpg 768w\" sizes=\"auto, (max-width: 999px) 100vw, 999px\" \/><img loading=\"lazy\" decoding=\"async\" width=\"999\" height=\"666\" src=\"\/blog\/wp-content\/uploads\/2016\/09\/trick-tip-pop-shove-it-8.jpg\" class=\"slider-115559 slide-115589\" alt=\"Skateboard Trick Pop Shove-it\" data-caption=\"\" data-thumb=\"\" title=\"Skateboard Trick Pop Shove-it\" rel=\"\" srcset=\"\/blog\/wp-content\/uploads\/2016\/09\/trick-tip-pop-shove-it-8.jpg 999w, \/blog\/wp-content\/uploads\/2016\/09\/trick-tip-pop-shove-it-8-600x400.jpg 600w, \/blog\/wp-content\/uploads\/2016\/09\/trick-tip-pop-shove-it-8-768x512.jpg 768w\" sizes=\"auto, (max-width: 999px) 100vw, 999px\" \/><img loading=\"lazy\" decoding=\"async\" width=\"999\" height=\"666\" src=\"\/blog\/wp-content\/uploads\/2016\/09\/trick-tip-pop-shove-it-9.jpg\" class=\"slider-115559 slide-115593\" alt=\"Skateboard Trick Pop Shove-it\" data-caption=\"\" data-thumb=\"\" title=\"Skateboard Trick Pop Shove-it\" rel=\"\" srcset=\"\/blog\/wp-content\/uploads\/2016\/09\/trick-tip-pop-shove-it-9.jpg 999w, \/blog\/wp-content\/uploads\/2016\/09\/trick-tip-pop-shove-it-9-600x400.jpg 600w, \/blog\/wp-content\/uploads\/2016\/09\/trick-tip-pop-shove-it-9-768x512.jpg 768w\" sizes=\"auto, (max-width: 999px) 100vw, 999px\" \/><img loading=\"lazy\" decoding=\"async\" width=\"999\" height=\"666\" src=\"\/blog\/wp-content\/uploads\/2016\/09\/trick-tip-pop-shove-it-10.jpg\" class=\"slider-115559 slide-115597\" alt=\"Skateboard Trick Pop Shove-it\" data-caption=\"\" data-thumb=\"\" title=\"Skateboard Trick Pop Shove-it\" rel=\"\" srcset=\"\/blog\/wp-content\/uploads\/2016\/09\/trick-tip-pop-shove-it-10.jpg 999w, \/blog\/wp-content\/uploads\/2016\/09\/trick-tip-pop-shove-it-10-600x400.jpg 600w, \/blog\/wp-content\/uploads\/2016\/09\/trick-tip-pop-shove-it-10-768x512.jpg 768w\" sizes=\"auto, (max-width: 999px) 100vw, 999px\" \/><img loading=\"lazy\" decoding=\"async\" width=\"999\" height=\"666\" src=\"\/blog\/wp-content\/uploads\/2016\/09\/trick-tip-pop-shove-it-11.jpg\" class=\"slider-115559 slide-115601\" alt=\"Skateboard Trick Pop Shove-it\" data-caption=\"\" data-thumb=\"\" title=\"Skateboard Trick Pop Shove-it\" rel=\"\" srcset=\"\/blog\/wp-content\/uploads\/2016\/09\/trick-tip-pop-shove-it-11.jpg 999w, \/blog\/wp-content\/uploads\/2016\/09\/trick-tip-pop-shove-it-11-600x400.jpg 600w, \/blog\/wp-content\/uploads\/2016\/09\/trick-tip-pop-shove-it-11-768x512.jpg 768w\" sizes=\"auto, (max-width: 999px) 100vw, 999px\" \/><img loading=\"lazy\" decoding=\"async\" width=\"999\" height=\"666\" src=\"\/blog\/wp-content\/uploads\/2016\/09\/trick-tip-pop-shove-it-12.jpg\" class=\"slider-115559 slide-115605\" alt=\"Skateboard Trick Pop Shove-it\" data-caption=\"\" data-thumb=\"\" title=\"Skateboard Trick Pop Shove-it\" rel=\"\" srcset=\"\/blog\/wp-content\/uploads\/2016\/09\/trick-tip-pop-shove-it-12.jpg 999w, \/blog\/wp-content\/uploads\/2016\/09\/trick-tip-pop-shove-it-12-600x400.jpg 600w, \/blog\/wp-content\/uploads\/2016\/09\/trick-tip-pop-shove-it-12-768x512.jpg 768w\" sizes=\"auto, (max-width: 999px) 100vw, 999px\" \/><img loading=\"lazy\" decoding=\"async\" width=\"999\" height=\"666\" src=\"\/blog\/wp-content\/uploads\/2016\/09\/trick-tip-pop-shove-it-13.jpg\" class=\"slider-115559 slide-115609\" alt=\"Skateboard Trick Pop Shove-it\" data-caption=\"\" data-thumb=\"\" title=\"Skateboard Trick Pop Shove-it\" rel=\"\" srcset=\"\/blog\/wp-content\/uploads\/2016\/09\/trick-tip-pop-shove-it-13.jpg 999w, \/blog\/wp-content\/uploads\/2016\/09\/trick-tip-pop-shove-it-13-600x400.jpg 600w, \/blog\/wp-content\/uploads\/2016\/09\/trick-tip-pop-shove-it-13-768x512.jpg 768w\" sizes=\"auto, (max-width: 999px) 100vw, 999px\" \/><\/div><\/div>\n        \n    <\/div>\n<\/div>\r\n\t\t<\/div>\r\n\t\t<\/div>\r\n\t\t\r\n\t<\/div>\r\n<\/div>\r\n\r\n<!-- .Ende der Sequenz -->\r\n\r\n<div class=\"post clearfix padding-bottom\">\r\n\t<div id=\"decks-allgemeines\" class=\"hide-for-small large-2 columns\">\r\n\t\t<div class=\"date-day\">Pop Shove-It<\/div>\r\n\t\t<div class=\"date-month\">Step By Step<\/div>\r\n\t<\/div>\r\n\r\n\t<div class=\"large-10 columns\">\r\n\t\r\n\t\t<h2 class=\"margin-top margin-bottom\" align=\"center\">Trick Tipp Step By Step: Pop Shove-It<\/h2>\r\n\t\t\r\n\t\t<p align=\"center\"><small>Klicke auf die Bilder zum Vergr\u00f6\u00dfern<\/small>\r\n\t\t\r\n\t\t<div class=\"medium-12 columns margin-bottom\">\r\n\t\t\t\r\n\t\t\t<div class=\"small-12 medium-5 columns\">\r\n\t\t\t\t<a title=\"Klicke zum Vergr\u00f6\u00dfern\" href=\"\/blog\/wp-content\/uploads\/2016\/09\/skateboard-trick-tip-pop-shove-it-1.jpg\" rel=\"lightbox[gallery-1] lightbox-0\">\r\n\t\t\t\t\t<img decoding=\"async\" src=\"data:image\/gif;base64,R0lGODlhAQABAIAAAAAAAP\/\/\/yH5BAEAAAAALAAAAAABAAEAAAIBRAA7\" data-src=\"\/blog\/wp-content\/uploads\/2016\/09\/skateboard-trick-tip-pop-shove-it-1-thumb.jpg\" alt=\"Skateboard Trick Pop Shove-It\" \/><noscript><img decoding=\"async\" src=\"\/blog\/wp-content\/uploads\/2016\/09\/skateboard-trick-tip-pop-shove-it-1-thumb.jpg\" alt=\"Skateboard Trick Pop Shove-It\" \/><\/noscript>\r\n\t\t\t\t<\/a>\t\t\t\r\n\t\t\t<\/div>\r\n\t\t\t\r\n\t\t\t<div class=\"small-12 medium-7 columns\">\r\n\t\t\t<p>\r\n\t\t\t<span class=\"h4\">1.<\/span>\r\n\t\t\tDie Ausgangsposition f\u00fcr einen Pop Shove-It ist gleich der eines Ollies. Achte also darauf, dass deine F\u00fc\u00dfe wie bei einem Ollie auf dem Brett stehen.\r\n\t\t\t<\/p>\r\n\t\t\t<\/div>\r\n\t\t<\/div>\r\n\r\n\t\t\r\n\t\t<div class=\"medium-12 columns margin-bottom\">\r\n\t\t\r\n\t\t\t<!-- .jedes zweite Bild in diese DIV-Klasse -->\r\n\t\t\t<div class=\"small-12 medium-5 medium-push-7 columns\">\r\n\t\t\t\t<a title=\"Klicke zum Vergr\u00f6\u00dfern\" href=\"\/blog\/wp-content\/uploads\/2016\/09\/skateboard-trick-tip-pop-shove-it-2.jpg\" rel=\"lightbox[gallery-1] lightbox-1\">\r\n\t\t\t\t\t<img decoding=\"async\" src=\"data:image\/gif;base64,R0lGODlhAQABAIAAAAAAAP\/\/\/yH5BAEAAAAALAAAAAABAAEAAAIBRAA7\" data-src=\"\/blog\/wp-content\/uploads\/2016\/09\/skateboard-trick-tip-pop-shove-it-2-thumb.jpg\" alt=\"Skateboard Trick Pop Shove-It\" \/><noscript><img decoding=\"async\" src=\"\/blog\/wp-content\/uploads\/2016\/09\/skateboard-trick-tip-pop-shove-it-2-thumb.jpg\" alt=\"Skateboard Trick Pop Shove-It\" \/><\/noscript>\r\n\t\t\t\t<\/a>\t\t\t\t\r\n\t\t\t<\/div>\r\n\t\t\r\n\t\t\t<!-- .jeden zweiten Text in diese DIV-Klasse -->\r\n\t\t\t<div class=\"small-12 medium-7 medium-pull-5 columns\">\r\n\t\t\t<p>\r\n\t\t\t<span class=\"h4\">2.<\/span>\r\n\t\t\tBeim Abpoppen l\u00e4sst du das Tail des Boards leicht \u00fcber den Boden schleifen, indem du es mit dem Ballen hinter dich schiebst, wodurch es zur Rotation kommt. \r\n\t\t\t<\/p>\r\n\t\t\t<\/div>\r\n\t\t\t\t\t\r\n\t\t<\/div>\r\n\t\t\r\n\t\t<div class=\"medium-12 columns margin-bottom\">\r\n\t\t\t\r\n\t\t\t<div class=\"small-12 medium-5 columns\">\r\n\t\t\t\t<a title=\"Klicke zum Vergr\u00f6\u00dfern\" href=\"\/blog\/wp-content\/uploads\/2016\/09\/skateboard-trick-tip-pop-shove-it-3.jpg\" rel=\"lightbox[gallery-1] lightbox-2\">\r\n\t\t\t\t\t<img decoding=\"async\" src=\"data:image\/gif;base64,R0lGODlhAQABAIAAAAAAAP\/\/\/yH5BAEAAAAALAAAAAABAAEAAAIBRAA7\" data-src=\"\/blog\/wp-content\/uploads\/2016\/09\/skateboard-trick-tip-pop-shove-it-3-thumb.jpg\" alt=\"Skateboard Trick Pop Shove-It\" \/><noscript><img decoding=\"async\" src=\"\/blog\/wp-content\/uploads\/2016\/09\/skateboard-trick-tip-pop-shove-it-3-thumb.jpg\" alt=\"Skateboard Trick Pop Shove-It\" \/><\/noscript>\r\n\t\t\t\t<\/a>\t\t\r\n\t\t\t<\/div>\r\n\t\t\t\r\n\t\t\t<div class=\"small-12 medium-7 columns\">\r\n\t\t\t<p>\r\n\t\t\t<span class=\"h4\">3.<\/span>\r\n\t\t\tDer Vorderfu\u00df hat dabei relativ wenig zu tun, au\u00dfer dem Board Platz zu machen, indem du ihn nach Oben hin anhebst. \r\n\t\t\t<\/p>\r\n\t\t\t<\/div>\r\n\t\t<\/div>\r\n\t\t\r\n\t\t<div class=\"medium-12 columns margin-bottom\">\r\n\t\t\r\n\t\t\t<div class=\"small-12 medium-5 medium-push-7 columns\">\r\n\t\t\t\t<a title=\"Klicke zum Vergr\u00f6\u00dfern\" href=\"\/blog\/wp-content\/uploads\/2016\/09\/skateboard-trick-tip-pop-shove-it-4.jpg\" rel=\"lightbox[gallery-1] lightbox-3\">\r\n\t\t\t\t\t<img decoding=\"async\" src=\"data:image\/gif;base64,R0lGODlhAQABAIAAAAAAAP\/\/\/yH5BAEAAAAALAAAAAABAAEAAAIBRAA7\" data-src=\"\/blog\/wp-content\/uploads\/2016\/09\/skateboard-trick-tip-pop-shove-it-4-thumb.jpg\" alt=\"Skateboard Trick Pop Shove-It\" \/><noscript><img decoding=\"async\" src=\"\/blog\/wp-content\/uploads\/2016\/09\/skateboard-trick-tip-pop-shove-it-4-thumb.jpg\" alt=\"Skateboard Trick Pop Shove-It\" \/><\/noscript>\r\n\t\t\t\t<\/a>\t\t\t\t\t\r\n\t\t\t<\/div>\r\n\t\t\r\n\t\t\t<div class=\"small-12 medium-7 medium-pull-5 columns\">\r\n\t\t\t<p>\r\n\t\t\t<span class=\"h4\">4.<\/span>\r\n\t\t\tWichtig bei diesem Trick ist, das richtige Timing und die richtige Kraft zu finden, damit das Board sich genau um 180 Grad dreht.\t\t\r\n\t\t\t<\/p>\r\n\t\t\t<\/div>\r\n\t\t\r\n\t\t\t\r\n\t\t\r\n\t\t<\/div>\r\n\t\t\r\n\t\t<div class=\"medium-12 columns margin-bottom\">\r\n\t\t\r\n\t\t\t<div class=\"medium-5 columns\">\r\n\t\t\t\t<a title=\"Klicke zum Vergr\u00f6\u00dfern\" href=\"\/blog\/wp-content\/uploads\/2016\/09\/skateboard-trick-tip-pop-shove-it-5.jpg\" rel=\"lightbox[gallery-1] lightbox-4\">\r\n\t\t\t\t\t<img decoding=\"async\" src=\"data:image\/gif;base64,R0lGODlhAQABAIAAAAAAAP\/\/\/yH5BAEAAAAALAAAAAABAAEAAAIBRAA7\" data-src=\"\/blog\/wp-content\/uploads\/2016\/09\/skateboard-trick-tip-pop-shove-it-5-thumb.jpg\" alt=\"Skateboard Trick Pop Shove-It\" \/><noscript><img decoding=\"async\" src=\"\/blog\/wp-content\/uploads\/2016\/09\/skateboard-trick-tip-pop-shove-it-5-thumb.jpg\" alt=\"Skateboard Trick Pop Shove-It\" \/><\/noscript>\r\n\t\t\t\t<\/a>\t\t\t\t\t\t\t\r\n\t\t\t<\/div>\r\n\t\t\t\r\n\t\t\t<div class=\"medium-7 columns\">\r\n\t\t\t<p>\r\n\t\t\t<span class=\"h4\">5.<\/span>\r\n\t\t\tSobald du die richtige Dosis gefunden hast, versuche das Board nach vollendeter Drehung zu catchen, also in der Luft mit beiden F\u00fc\u00dfen zu fangen.\t\t\t\r\n\t\t\t<\/p>\r\n\t\t\t\r\n\t\t\t<\/div>\r\n\t\t<\/div>\r\n\t\t\r\n\t\t<div class=\"medium-12 columns margin-bottom\">\r\n\t\t\r\n\t\t\t<div class=\"small-12 medium-5 medium-push-7 columns\">\r\n\t\t\t\t<a title=\"Klicke zum Vergr\u00f6\u00dfern\" href=\"\/blog\/wp-content\/uploads\/2016\/09\/skateboard-trick-tip-pop-shove-it-6.jpg\" rel=\"lightbox[gallery-1] lightbox-5\">\r\n\t\t\t\t\t<img decoding=\"async\" src=\"data:image\/gif;base64,R0lGODlhAQABAIAAAAAAAP\/\/\/yH5BAEAAAAALAAAAAABAAEAAAIBRAA7\" data-src=\"\/blog\/wp-content\/uploads\/2016\/09\/skateboard-trick-tip-pop-shove-it-6-thumb.jpg\" alt=\"Skateboard Trick Pop Shove-It\" \/><noscript><img decoding=\"async\" src=\"\/blog\/wp-content\/uploads\/2016\/09\/skateboard-trick-tip-pop-shove-it-6-thumb.jpg\" alt=\"Skateboard Trick Pop Shove-It\" \/><\/noscript>\r\n\t\t\t\t<\/a>\t\r\n\t\t\t<\/div>\r\n\t\t\r\n\t\t\t<div class=\"small-12 medium-7 medium-pull-5 columns\">\r\n\t\t\t<p>\r\n\t\t\t<span class=\"h4\">6.<\/span>\r\n\t\t\tBei der Landung solltest du mit den F\u00fc\u00dfen auf den Achsen landen, um die Kraft gleichm\u00e4\u00dfig auf das Brett zu verteilen.\t\t\r\n\t\t\t<\/p>\r\n\t\t\t<\/div>\r\n\t\t\t\r\n\t\t\r\n\t\t<\/div>\r\n\t<\/div>\r\n<\/div>\r\n\r\n<!-- .Ende der Step By Step Anleitung -->\r\n\r\n<div class=\"post clearfix padding-bottom\">\r\n\t<div id=\"decks-allgemeines\" class=\"hide-for-small large-2 columns\">\r\n\t\t<div class=\"date-day\">Pop Shove-It<\/div>\r\n\t\t<div class=\"date-month\">FAQ<\/div>\r\n\t<\/div>\r\n\r\n\t<div class=\"large-10 columns\">\r\n\t\r\n\t\t<h2 class=\"margin-top margin-bottom\" align=\"center\">Pop Shove-It Trick Tipp: FAQ<\/h2>\r\n\t\t\r\n\t\t\t<h3>Dein Board dreht sich, aber bekommst es nicht gecatched bzw. das Brett flippt nach vorne?<\/h3>\r\n\r\n\t\t\t<p>\r\n\t\t\tDie Schwierigkeit bei vielen Tricks liegt darin, w\u00e4hrend des Tricks \u00fcber dem Board zu bleiben. Wenn dein Brett beim Pop Shove-It immer vor dir statt unter dir landet, ist es wahrscheinlich, dass du beim Absprung etwas in R\u00fccklage ger\u00e4tst und dein Board sich dadurch von dir weg nach vorn bewegt. Versuche darauf zu achten, dass dein K\u00f6rperschwerpunkt beim Absprung \u00fcber und nicht hinter deinem Brett liegt. Sobald du dann siehst, dass es sich um 180\u00b0 gedreht hat, f\u00e4ngst du es mit deinen F\u00fc\u00dfen und holst dir High Fives von deinen Homies ab!\t\t\r\n\t\t\t<\/p>\r\n\t<\/div>\r\n<\/div>\r\n\r\n<!-- .Ende des FAQs -->\r\n\r\n<div class=\"post clearfix padding-bottom\">\r\n\t<div id=\"decks-allgemeines\" class=\"hide-for-small large-2 columns\">\r\n\t\t<div class=\"date-day\">Mehr Tricks<\/div>\r\n\t\t<div class=\"date-month\">?<\/div>\r\n\t<\/div>\r\n\r\n\t<div class=\"large-10 columns\">\r\n\t\r\n\t\t<h3 class=\"margin-top margin-bottom\" align=\"center\">Welcher Trick als n\u00e4chstes?<\/h2>\r\n\t\t\r\n\t\t<p>\r\n\t\tPop Shove-Its machst du im Schlaf und dir steht der Sinn nach Neuem? Dann ist es Zeit f\u00fcr den n\u00e4chsten Trick!\r\n\t\tWie w\u00e4re es, dein Flip Repertoire zu erweitern und zum Beispiel um einen Kickflip oder einen Heelflip zu erg\u00e4nzen? <\/p><p>Oder klick dich einfach durch die verschiedenen <a title=\"zu den Skateboard Trick Tipps Flat\" href=\"\/blog\/de\/trick-tipps\/skateboard\/flat\/\">Trick Tipps f\u00fcr&#8217;s Flat<\/a>, <a title=\"zu den Skateboard Trick Tipps Curb &#038; Rail\" href=\"\/blog\/de\/trick-tipps\/skateboard\/curb-rail\/\">Curb und Rail<\/a> oder <a title=\"zu den Skateboard Trick Tipps Transition\" href=\"\/blog\/de\/trick-tipps\/skateboard\/transition\/\">Transition.<\/a>\r\n\t\t<\/p>\r\n\t\t\r\n\t\t<div class=\"medium-12 small-12 columns\">\r\n\t\t\t<a title=\"zu den Skateboard Trick Tipps Flat\" href=\"\/blog\/de\/trick-tipps\/skateboard\/flat\/\" class=\"button-auto\">Skateboard Trick Tipps | Flat<\/a>\r\n\t\t\t<br><br>\r\n\t\t\t\r\n\t\t\t<div class=\"medium-6 small-12 columns\">\r\n\t\t\t<a title=\"zu den Skateboard Trick Tipps Curb &#038; Rail\" href=\"\/blog\/de\/trick-tipps\/skateboard\/curb-rail\/\" class=\"button-auto\">Skateboard Trick Tipps | Curb &#038; Rail<\/a>\r\n\t\t\t<br><br>\r\n\t\t\t<\/div>\r\n\t\t\t\r\n\t\t\t<div class=\"medium-6 small-12 columns\">\r\n\t\t\t<a title=\"zu den Skateboard Trick Tipps Transition\" href=\"\/blog\/de\/trick-tipps\/skateboard\/transition\/\" class=\"button-auto\">Skateboard Trick Tipps | Transition<\/a>\r\n\t\t\t<br><br>\r\n\t\t\t<\/div>\r\n\t\t\t\r\n\t\t<\/div>\r\n\t\t\r\n\t\t\r\n\t<\/div>\r\n<\/div><div class=\"ShariffSC\" style=\"shariff-shop\"><div class=\"shariff\" data-url=\"https:\/\/skatedeluxe.com\/blog\/de\/trick-tipps\/skateboard\/flat\/how-to-pop-shove-it\/\" data-title=\"Pop Shove It &#8211; Skateboard Trick Tipp\" data-services='[\"facebooklike\", \"facebook\"]' data-backend-url='\/shariff\/'><\/div><\/div>","protected":false},"excerpt":{"rendered":"<p>Trick Tipp Pop Shove-It Der Pop Shove-it ist ein Basistrick, bei dem sich nur das Brett 180 Grad um die Vorderkante dreht und der K\u00f6rper in seiner Position bleibt. Ob als einzelner Trick oder in Kombination mit einem Grind oder einem Manual &#8211; Mit einen Pop Shove-It kann man vielseitig kreativ werden und er ist <a class=\"read-more\" href=\"https:\/\/skatedeluxe.com\/blog\/de\/trick-tipps\/skateboard\/flat\/how-to-pop-shove-it\/\">[&#8230;]<\/a><\/p>\n","protected":false},"author":24,"featured_media":117279,"parent":21467,"menu_order":4,"comment_status":"open","ping_status":"closed","template":"page-templates\/teasing-page.php","meta":{"footnotes":""},"class_list":["post-21488","page","type-page","status-publish","has-post-thumbnail","hentry"],"aioseo_notices":[],"amp_enabled":false,"_links":{"self":[{"href":"https:\/\/skatedeluxe.com\/blog\/de\/wp-json\/wp\/v2\/pages\/21488","targetHints":{"allow":["GET"]}}],"collection":[{"href":"https:\/\/skatedeluxe.com\/blog\/de\/wp-json\/wp\/v2\/pages"}],"about":[{"href":"https:\/\/skatedeluxe.com\/blog\/de\/wp-json\/wp\/v2\/types\/page"}],"author":[{"embeddable":true,"href":"https:\/\/skatedeluxe.com\/blog\/de\/wp-json\/wp\/v2\/users\/24"}],"replies":[{"embeddable":true,"href":"https:\/\/skatedeluxe.com\/blog\/de\/wp-json\/wp\/v2\/comments?post=21488"}],"version-history":[{"count":28,"href":"https:\/\/skatedeluxe.com\/blog\/de\/wp-json\/wp\/v2\/pages\/21488\/revisions"}],"predecessor-version":[{"id":143913,"href":"https:\/\/skatedeluxe.com\/blog\/de\/wp-json\/wp\/v2\/pages\/21488\/revisions\/143913"}],"up":[{"embeddable":true,"href":"https:\/\/skatedeluxe.com\/blog\/de\/wp-json\/wp\/v2\/pages\/21467"}],"wp:featuredmedia":[{"embeddable":true,"href":"https:\/\/skatedeluxe.com\/blog\/de\/wp-json\/wp\/v2\/media\/117279"}],"wp:attachment":[{"href":"https:\/\/skatedeluxe.com\/blog\/de\/wp-json\/wp\/v2\/media?parent=21488"}],"curies":[{"name":"wp","href":"https:\/\/api.w.org\/{rel}","templated":true}]}}