{"id":21487,"date":"2013-06-05T14:16:53","date_gmt":"2013-06-05T12:16:53","guid":{"rendered":"http:\/\/www.skatedeluxe.de\/blog\/?page_id=21487"},"modified":"2018-07-25T12:23:22","modified_gmt":"2018-07-25T10:23:22","slug":"how-to-nollie","status":"publish","type":"page","link":"https:\/\/skatedeluxe.com\/blog\/de\/trick-tipps\/skateboard\/flat\/how-to-nollie\/","title":{"rendered":"Nollie &#8211; Skateboard Trick Tipp"},"content":{"rendered":"<div class=\"post clearfix padding-bottom\">\r\n\t<div id=\"decks-allgemeines\" class=\"hide-for-small large-2 columns\">\r\n\t\t<div class=\"date-day\">Trick Tipp<\/div>\r\n\t\t<div class=\"date-month\">Nollie<\/div>\r\n\t<\/div>\r\n\r\n\t<div class=\"large-10 columns\">\r\n\t\r\n<p>\r\n\t\tLukas Podolski hat eine extrem starke linke Klebe, w\u00e4hrend sein rechter Fu\u00df eher auf Kreisliganiveau kickt. Lionel Messi hingegen spielt mit beiden F\u00fc\u00dfen ungef\u00e4hr gleich gut. Wie beim Fu\u00dfball, so gab es in den letzten 20 Jahren auch im Skateboarding eine Entwicklung zur Beidf\u00fc\u00dfigkeit. Jeder Skater hat einen st\u00e4rkeren Fu\u00df und f\u00fchlt sich je nachdem, ob er Goofy oder Regular auf dem Board steht verschieden sicher. Moderne Skater fahren mittlerweile fast genau so gut Switch wie Normal und das ungeschulte Auge kann kaum noch erkennen, welchem \u201eStance\u201c ein Skater zuzuordnen ist. Damit auch du m\u00f6glichst schnell hinter das Geheimnis von Switch und Nollie gelangst und sp\u00e4ter eine Line auch Switch fahren kannst, wird dir hier nun der Nollie erkl\u00e4rt, welcher von der Bewegung sehr stark dem Ollie \u00e4hnelt.\r\n<\/p>\r\n\t\r\n\t\t<p>\r\n\t\tHier erf\u00e4hrst du, wie der Nollie funktioniert.\r\n\t\t<\/p>\r\n\t\t\r\n\t<\/div>\r\n<\/div>\r\n\r\n<!-- .Ende des Einleitungsbereichs -->\r\n\r\n<div class=\"post clearfix padding-bottom\">\r\n\t<div id=\"decks-allgemeines\" class=\"hide-for-small large-2 columns\">\r\n\t\t<div class=\"date-day\">Nollie<\/div>\r\n\t\t<div class=\"date-month\">Sequenz<\/div>\r\n\t<\/div>\r\n\r\n\t<div class=\"large-10 columns\">\r\n\t\r\n\t\t<h2 class=\"margin-top margin-bottom\" align=\"center\">Trick Tipp Sequenz: Nollie<\/h2>\r\n\t\t\r\n\t\t<div class=\"medium-12 small-12 columns\">\r\n\t\t<div class=\"medium-10 columns medium-centered medium-offset-1 columns margin-bottom\">\r\n\t\t<div id=\"metaslider-id-145212\" style=\"max-width: 999px; margin: 0 auto;\" class=\"ml-slider-3-98-0 ml-slider-pro-2-6-6 metaslider metaslider-nivo metaslider-145212 ml-slider ms-theme-_theme_1463567531\" role=\"region\" aria-roledescription=\"Slideshow\" aria-label=\"Nollie\" data-width=\"999\">\n    <div id=\"metaslider_container_145212\">\n        <div class='slider-wrapper theme-default'><div class='ribbon'><\/div><div id='metaslider_145212' class='nivoSlider'><img loading=\"lazy\" decoding=\"async\" width=\"1000\" height=\"667\" src=\"\/blog\/wp-content\/uploads\/2018\/07\/nollie01.jpg\" class=\"slider-145212 slide-145213\" alt=\"Skateboard Trick Nollie\" data-caption=\"\" data-thumb=\"\" title=\"nollie01\" rel=\"\" srcset=\"\/blog\/wp-content\/uploads\/2018\/07\/nollie01.jpg 1000w, \/blog\/wp-content\/uploads\/2018\/07\/nollie01-600x400.jpg 600w, \/blog\/wp-content\/uploads\/2018\/07\/nollie01-768x512.jpg 768w, \/blog\/wp-content\/uploads\/2018\/07\/nollie01-999x666.jpg 999w, \/blog\/wp-content\/uploads\/2018\/07\/nollie01-150x100.jpg 150w\" sizes=\"auto, (max-width: 1000px) 100vw, 1000px\" \/><img loading=\"lazy\" decoding=\"async\" width=\"1000\" height=\"667\" src=\"\/blog\/wp-content\/uploads\/2018\/07\/nollie02.jpg\" class=\"slider-145212 slide-145214\" alt=\"Skateboard Trick Nollie\" data-caption=\"\" data-thumb=\"\" title=\"nollie02\" rel=\"\" srcset=\"\/blog\/wp-content\/uploads\/2018\/07\/nollie02.jpg 1000w, \/blog\/wp-content\/uploads\/2018\/07\/nollie02-600x400.jpg 600w, \/blog\/wp-content\/uploads\/2018\/07\/nollie02-768x512.jpg 768w, \/blog\/wp-content\/uploads\/2018\/07\/nollie02-999x666.jpg 999w, \/blog\/wp-content\/uploads\/2018\/07\/nollie02-150x100.jpg 150w\" sizes=\"auto, (max-width: 1000px) 100vw, 1000px\" \/><img loading=\"lazy\" decoding=\"async\" width=\"1000\" height=\"667\" src=\"\/blog\/wp-content\/uploads\/2018\/07\/nollie03.jpg\" class=\"slider-145212 slide-145215\" alt=\"Skateboard Trick Nollie\" data-caption=\"\" data-thumb=\"\" title=\"nollie03\" rel=\"\" srcset=\"\/blog\/wp-content\/uploads\/2018\/07\/nollie03.jpg 1000w, \/blog\/wp-content\/uploads\/2018\/07\/nollie03-600x400.jpg 600w, \/blog\/wp-content\/uploads\/2018\/07\/nollie03-768x512.jpg 768w, \/blog\/wp-content\/uploads\/2018\/07\/nollie03-999x666.jpg 999w, \/blog\/wp-content\/uploads\/2018\/07\/nollie03-150x100.jpg 150w\" sizes=\"auto, (max-width: 1000px) 100vw, 1000px\" \/><img loading=\"lazy\" decoding=\"async\" width=\"1000\" height=\"667\" src=\"\/blog\/wp-content\/uploads\/2018\/07\/nollie04.jpg\" class=\"slider-145212 slide-145216\" alt=\"Skateboard Trick Nollie\" data-caption=\"\" data-thumb=\"\" title=\"nollie04\" rel=\"\" srcset=\"\/blog\/wp-content\/uploads\/2018\/07\/nollie04.jpg 1000w, \/blog\/wp-content\/uploads\/2018\/07\/nollie04-600x400.jpg 600w, \/blog\/wp-content\/uploads\/2018\/07\/nollie04-768x512.jpg 768w, \/blog\/wp-content\/uploads\/2018\/07\/nollie04-999x666.jpg 999w, \/blog\/wp-content\/uploads\/2018\/07\/nollie04-150x100.jpg 150w\" sizes=\"auto, (max-width: 1000px) 100vw, 1000px\" \/><img loading=\"lazy\" decoding=\"async\" width=\"1000\" height=\"667\" src=\"\/blog\/wp-content\/uploads\/2018\/07\/nollie06.jpg\" class=\"slider-145212 slide-145217\" alt=\"Skateboard Trick Nollie\" data-caption=\"\" data-thumb=\"\" title=\"nollie06\" rel=\"\" srcset=\"\/blog\/wp-content\/uploads\/2018\/07\/nollie06.jpg 1000w, \/blog\/wp-content\/uploads\/2018\/07\/nollie06-600x400.jpg 600w, \/blog\/wp-content\/uploads\/2018\/07\/nollie06-768x512.jpg 768w, \/blog\/wp-content\/uploads\/2018\/07\/nollie06-999x666.jpg 999w, \/blog\/wp-content\/uploads\/2018\/07\/nollie06-150x100.jpg 150w\" sizes=\"auto, (max-width: 1000px) 100vw, 1000px\" \/><img loading=\"lazy\" decoding=\"async\" width=\"1000\" height=\"667\" src=\"\/blog\/wp-content\/uploads\/2018\/07\/nollie07.jpg\" class=\"slider-145212 slide-145218\" alt=\"Skateboard Trick Nollie\" data-caption=\"\" data-thumb=\"\" title=\"nollie07\" rel=\"\" srcset=\"\/blog\/wp-content\/uploads\/2018\/07\/nollie07.jpg 1000w, \/blog\/wp-content\/uploads\/2018\/07\/nollie07-600x400.jpg 600w, \/blog\/wp-content\/uploads\/2018\/07\/nollie07-768x512.jpg 768w, \/blog\/wp-content\/uploads\/2018\/07\/nollie07-999x666.jpg 999w, \/blog\/wp-content\/uploads\/2018\/07\/nollie07-150x100.jpg 150w\" sizes=\"auto, (max-width: 1000px) 100vw, 1000px\" \/><img loading=\"lazy\" decoding=\"async\" width=\"1000\" height=\"667\" src=\"\/blog\/wp-content\/uploads\/2018\/07\/nollie09.jpg\" class=\"slider-145212 slide-145219\" alt=\"Skateboard Trick Nollie\" data-caption=\"\" data-thumb=\"\" title=\"nollie09\" rel=\"\" srcset=\"\/blog\/wp-content\/uploads\/2018\/07\/nollie09.jpg 1000w, \/blog\/wp-content\/uploads\/2018\/07\/nollie09-600x400.jpg 600w, \/blog\/wp-content\/uploads\/2018\/07\/nollie09-768x512.jpg 768w, \/blog\/wp-content\/uploads\/2018\/07\/nollie09-999x666.jpg 999w, \/blog\/wp-content\/uploads\/2018\/07\/nollie09-150x100.jpg 150w\" sizes=\"auto, (max-width: 1000px) 100vw, 1000px\" \/><img loading=\"lazy\" decoding=\"async\" width=\"1000\" height=\"667\" src=\"\/blog\/wp-content\/uploads\/2018\/07\/nollie10.jpg\" class=\"slider-145212 slide-145220\" alt=\"Skateboard Trick Nollie\" data-caption=\"\" data-thumb=\"\" title=\"nollie10\" rel=\"\" srcset=\"\/blog\/wp-content\/uploads\/2018\/07\/nollie10.jpg 1000w, \/blog\/wp-content\/uploads\/2018\/07\/nollie10-600x400.jpg 600w, \/blog\/wp-content\/uploads\/2018\/07\/nollie10-768x512.jpg 768w, \/blog\/wp-content\/uploads\/2018\/07\/nollie10-999x666.jpg 999w, \/blog\/wp-content\/uploads\/2018\/07\/nollie10-150x100.jpg 150w\" sizes=\"auto, (max-width: 1000px) 100vw, 1000px\" \/><\/div><\/div>\n        \n    <\/div>\n<\/div>\r\n\t\t<\/div>\r\n\t\t<\/div>\r\n\t\t\r\n\t<\/div>\r\n<\/div>\r\n\r\n<!-- .Ende der Sequenz -->\r\n\r\n<div class=\"post clearfix padding-bottom\">\r\n\t<div id=\"decks-allgemeines\" class=\"hide-for-small large-2 columns\">\r\n\t\t<div class=\"date-day\">Nollie<\/div>\r\n\t\t<div class=\"date-month\">Step By Step<\/div>\r\n\t<\/div>\r\n\r\n\t<div class=\"large-10 columns\">\r\n\t\r\n\t\t<h2 class=\"margin-top margin-bottom\" align=\"center\">Trick Tipp Step By Step: Nollie<\/h2>\r\n\t\t\r\n\t\t<p align=\"center\"><small>Klicke auf die Bilder zum Vergr\u00f6\u00dfern<\/small>\r\n\t\t\r\n\t\t<div class=\"medium-12 columns margin-bottom\">\r\n\t\t\t\r\n\t\t\t<div class=\"small-12 medium-5 columns\">\r\n\t\t\t\t<a title=\"Klicke zum Vergr\u00f6\u00dfern\" href=\"\/images\/content\/basicguide\/nollie01.jpg\" rel=\"lightbox[gallery-1] lightbox-0\">\r\n\t\t\t\t\t<img decoding=\"async\" src=\"data:image\/gif;base64,R0lGODlhAQABAIAAAAAAAP\/\/\/yH5BAEAAAAALAAAAAABAAEAAAIBRAA7\" data-src=\"\/blog\/wp-content\/uploads\/2018\/07\/skateboard-trick-tip-nollie-1-thumb.jpg\" alt=\"Skateboard Trick Nollie\" \/><noscript><img decoding=\"async\" src=\"\/blog\/wp-content\/uploads\/2018\/07\/skateboard-trick-tip-nollie-1-thumb.jpg\" alt=\"Skateboard Trick Nollie\" \/><\/noscript>\r\n\t\t\t\t<\/a>\t\t\t\r\n\t\t\t<\/div>\r\n\t\t\t\r\n\t\t\t<div class=\"small-12 medium-7 columns\">\r\n\t\t\t<p>\r\n\t\t\t<span class=\"h4\">1.<\/span>\r\n\t\t\tWie bereits beim Ollie, so stellst du auch beim Nollie die F\u00fc\u00dfe parallel auf dein Board. Der vordere Fu\u00df steht dabei auf der Nose, der hintere Fu\u00df etwa zwischen der Mitte des Boards und der hinteren Achse. Um m\u00f6glichst viel Schwung aufbauen zu k\u00f6nnen, steht dein Vorderfu\u00df nur auf dem Fu\u00dfballen, dein Hinterfu\u00df hingegen relativ platt auf dem Board. Alles in allem stehst du so wie beim Ollie, nur spiegelverkehrt auf der Nose.\r\n\t\t\t<\/p>\r\n\t\t\t<\/div>\r\n\t\t<\/div>\r\n\r\n\t\t\r\n\t\t<div class=\"medium-12 columns margin-bottom\">\r\n\t\t\r\n\t\t\t<!-- .jedes zweite Bild in diese DIV-Klasse -->\r\n\t\t\t<div class=\"small-12 medium-5 medium-push-7 columns\">\r\n\t\t\t\t<a title=\"Klicke zum Vergr\u00f6\u00dfern\" href=\"\/images\/content\/basicguide\/nollie02.jpg\" rel=\"lightbox[gallery-1] lightbox-1\">\r\n\t\t\t\t\t<img decoding=\"async\" src=\"data:image\/gif;base64,R0lGODlhAQABAIAAAAAAAP\/\/\/yH5BAEAAAAALAAAAAABAAEAAAIBRAA7\" data-src=\"\/blog\/wp-content\/uploads\/2018\/07\/skateboard-trick-tip-nollie-2-thumb.jpg\" alt=\"Skateboard Trick Nollie\" \/><noscript><img decoding=\"async\" src=\"\/blog\/wp-content\/uploads\/2018\/07\/skateboard-trick-tip-nollie-2-thumb.jpg\" alt=\"Skateboard Trick Nollie\" \/><\/noscript>\r\n\t\t\t\t<\/a>\t\t\t\t\r\n\t\t\t<\/div>\r\n\t\t\r\n\t\t\t<!-- .jeden zweiten Text in diese DIV-Klasse -->\r\n\t\t\t<div class=\"small-12 medium-7 medium-pull-5 columns\">\r\n\t\t\t<p>\r\n\t\t\t<span class=\"h4\">2.<\/span>\r\n\t\t\t Nun gehst du in die Hocke, holst m\u00f6glich viel Schwung und dr\u00fcckst die Nose mit deinem vorderen Fu\u00df so fest du kannst auf den Boden, w\u00e4hrend du das Gewicht vom hinteren Fu\u00df wegnimmst und diesen anhebst.\r\n\t\t\t<\/p>\r\n\t\t\t<\/div>\r\n\t\t\t\t\t\r\n\t\t<\/div>\r\n\t\t\r\n\t\t<div class=\"medium-12 columns margin-bottom\">\r\n\t\t\t\r\n\t\t\t<div class=\"small-12 medium-5 columns\">\r\n\t\t\t\t<a title=\"Klicke zum Vergr\u00f6\u00dfern\" href=\"\/images\/content\/basicguide\/nollie04.jpg\" rel=\"lightbox[gallery-1] lightbox-2\">\r\n\t\t\t\t\t<img decoding=\"async\" src=\"data:image\/gif;base64,R0lGODlhAQABAIAAAAAAAP\/\/\/yH5BAEAAAAALAAAAAABAAEAAAIBRAA7\" data-src=\"\/blog\/wp-content\/uploads\/2018\/07\/skateboard-trick-tip-nollie-3-thumb.jpg\" alt=\"Skateboard Trick Nollie\" \/><noscript><img decoding=\"async\" src=\"\/blog\/wp-content\/uploads\/2018\/07\/skateboard-trick-tip-nollie-3-thumb.jpg\" alt=\"Skateboard Trick Nollie\" \/><\/noscript>\r\n\t\t\t\t<\/a>\t\t\r\n\t\t\t<\/div>\r\n\t\t\t\r\n\t\t\t<div class=\"small-12 medium-7 columns\">\r\n\t\t\t<p>\r\n\t\t\t<span class=\"h4\">3.<\/span>\r\n\t\t\tDie Nose springt nun wieder nach oben. In diesem Moment ziehst du dein vorderes Bein an, klappst den hinteren Fu\u00df leicht ab und ziehst mit ihm \u00fcber das Griptape in Richtung deines Tails. Je besser der Kontakt deines Schuhs zum Griptape, desto besser kannst du den Nollie kontrollieren.\r\n\t\t\t<\/p>\r\n\t\t\t<\/div>\r\n\t\t<\/div>\r\n\t\t\r\n\t\t<div class=\"medium-12 columns margin-bottom\">\r\n\t\t\r\n\t\t\t<div class=\"small-12 medium-5 medium-push-7 columns\">\r\n\t\t\t\t<a title=\"Klicke zum Vergr\u00f6\u00dfern\" href=\"\/images\/content\/basicguide\/nollie06.jpg\" rel=\"lightbox[gallery-1] lightbox-3\">\r\n\t\t\t\t\t<img decoding=\"async\" src=\"data:image\/gif;base64,R0lGODlhAQABAIAAAAAAAP\/\/\/yH5BAEAAAAALAAAAAABAAEAAAIBRAA7\" data-src=\"\/blog\/wp-content\/uploads\/2018\/07\/skateboard-trick-tip-nollie-4-thumb.jpg\" alt=\"Skateboard Trick Nollie\" \/><noscript><img decoding=\"async\" src=\"\/blog\/wp-content\/uploads\/2018\/07\/skateboard-trick-tip-nollie-4-thumb.jpg\" alt=\"Skateboard Trick Nollie\" \/><\/noscript>\r\n\t\t\t\t<\/a>\t\t\t\t\t\r\n\t\t\t<\/div>\r\n\t\t\r\n\t\t\t<div class=\"small-12 medium-7 medium-pull-5 columns\">\r\n\t\t\t<p>\r\n\t\t\t<span class=\"h4\">4.<\/span>\r\n\t\t\tHast du das Board erfolgreich in die Luft gezogen, solltest du nun mitten im Flug deines ersten Nollies sein. Deine Beine sind weiterhin angezogen und deine F\u00fc\u00dfe kontrollieren den Flug deines Boards.\r\n\t\t\t<\/p>\r\n\t\t\t<\/div>\r\n\t\t\r\n\t\t<\/div>\r\n\t\t\r\n\t\t<div class=\"medium-12 columns margin-bottom\">\r\n\t\t\r\n\t\t\t<div class=\"medium-5 columns\">\r\n\t\t\t\t<a title=\"Klicke zum Vergr\u00f6\u00dfern\" href=\"\/images\/content\/basicguide\/nollie07.jpg\" rel=\"lightbox[gallery-1] lightbox-4\">\r\n\t\t\t\t\t<img decoding=\"async\" src=\"data:image\/gif;base64,R0lGODlhAQABAIAAAAAAAP\/\/\/yH5BAEAAAAALAAAAAABAAEAAAIBRAA7\" data-src=\"\/blog\/wp-content\/uploads\/2018\/07\/skateboard-trick-tip-nollie-5-thumb.jpg\" alt=\"Skateboard Trick Nollie\" \/><noscript><img decoding=\"async\" src=\"\/blog\/wp-content\/uploads\/2018\/07\/skateboard-trick-tip-nollie-5-thumb.jpg\" alt=\"Skateboard Trick Nollie\" \/><\/noscript>\r\n\t\t\t\t<\/a>\t\t\t\t\t\t\t\r\n\t\t\t<\/div>\r\n\t\t\t\r\n\t\t\t<div class=\"medium-7 columns\">\r\n\t\t\t<p>\r\n\t\t\t<span class=\"h4\">5.<\/span>\r\n\t\t\tDa auch Nollies irgendwann mal ihren h\u00f6chsten Flugpunkt erreicht haben, solltest du dich als n\u00e4chstes auf die Landung vorbereiten. Hierbei solltest du versuchen deine F\u00fc\u00dfe \u00fcber den Achsenschrauben zu platzieren und das Board mit etwas Druck gezielt nach unten zu steuern. Auch beim Nollie gilt, dass die Landung \u00fcber den Achsen das Ausbalancieren erleichtert und dein Board vor unn\u00f6tigen Br\u00fcchen sch\u00fctzt.\r\n\t\t\t<\/p>\r\n\t\t\t<\/div>\r\n\t\t<\/div>\r\n\t\t\r\n\t\t<div class=\"medium-12 columns margin-bottom\">\r\n\t\t\r\n\t\t\t<div class=\"small-12 medium-5 medium-push-7 columns\">\r\n\t\t\t\t<a title=\"Klicke zum Vergr\u00f6\u00dfern\" href=\"\/images\/content\/basicguide\/nollie09.jpg\" rel=\"lightbox[gallery-1] lightbox-5\">\r\n\t\t\t\t\t<img decoding=\"async\" src=\"data:image\/gif;base64,R0lGODlhAQABAIAAAAAAAP\/\/\/yH5BAEAAAAALAAAAAABAAEAAAIBRAA7\" data-src=\"\/blog\/wp-content\/uploads\/2018\/07\/skateboard-trick-tip-nollie-6-thumb.jpg\" alt=\"Skateboard Trick Nollie\" \/><noscript><img decoding=\"async\" src=\"\/blog\/wp-content\/uploads\/2018\/07\/skateboard-trick-tip-nollie-6-thumb.jpg\" alt=\"Skateboard Trick Nollie\" \/><\/noscript>\r\n\t\t\t\t<\/a>\t\t\t\t\t\r\n\t\t\t<\/div>\r\n\t\t\r\n\t\t\t<div class=\"small-12 medium-7 medium-pull-5 columns\">\r\n\t\t\t<p>\r\n\t\t\t<span class=\"h4\">6.<\/span>\r\n\t\t\tNach der Landung solltest du versuchen den Schwung des Tricks durch eine leichte Hocke abzufedern und wenn n\u00f6tig durch korrigierende Arm- und K\u00f6rperbewegungen auszugleichen. Diese Bewegungen machst du in der Regel unbewusst, weshalb du dir dar\u00fcber wenig Gedanken machen musst. Kippst du beim ersten Versuch noch nach hinten weg, so wirst du wenige Versuche sp\u00e4ter gelernt haben solche Landungsprobleme auszugleichen.\r\n\t\t\t<\/p>\r\n\t\t\t<\/div>\r\n\t\t\r\n\t\t<\/div>\r\n\t<\/div>\r\n<\/div>\r\n\r\n<!-- .Ende der Step By Step Anleitung -->\r\n\r\n<div class=\"post clearfix padding-bottom\">\r\n\t<div id=\"decks-allgemeines\" class=\"hide-for-small large-2 columns\">\r\n\t\t<div class=\"date-day\">Mehr Tricks<\/div>\r\n\t\t<div class=\"date-month\">?<\/div>\r\n\t<\/div>\r\n\r\n\t<div class=\"large-10 columns\">\r\n\t\r\n\t\t<h3 class=\"margin-top margin-bottom\" align=\"center\">Welcher Trick als n\u00e4chstes?<\/h2>\r\n\t\t\r\n\t\t<p>\r\n\t\tDer Nollie sitzt bereits?\r\n\t\tDann schau dir die weiteren <a href=\"\/blog\/alles-uber-boards\/skateboarding\/skateboard-trick-tipps-flat\/\" title=\"zur \u00dcbersicht: Skateboard Trick Tipps Flat\"><strong>Trick Tipps f\u00fcr das Flat<\/strong><\/a> an. Falls du nicht nur Lust auf Flat hast, haben wir auch <a href=\"\/blog\/alles-uber-boards\/skateboarding\/skateboard-trick-tipps-curb\/\" title=\"zur \u00dcbersicht: Skateboard Trick Tipps Curb\"><strong>Tricks Tipps f\u00fcr die Curb<\/strong><\/a> und <a href=\"\/blog\/alles-uber-boards\/skateboarding\/skateboard-trick-tipps-transition\/\" title=\"zur \u00dcbersicht: Trick Tipps Transition\"><strong>Trick Tipps f\u00fcr Transition<\/strong><\/a> f\u00fcr dich am Start.\r\n\t\t<\/p>\r\n\t\t\r\n\t\t<div class=\"medium-12 small-12 columns\">\r\n<a title=\"zu den Skateboard Trick Tipps Curb &#038; Rail\" href=\"\/blog\/de\/trick-tipps\/skateboard\/curb-rail\/\" class=\"button-auto\">Skateboard Trick Tipps | Curb &#038; Rail<\/a>\r\n\t\t\t<br><br>\r\n\t\t\t\r\n\t\t\t<div class=\"medium-6 small-12 columns\">\r\n\t\t\t\t<a title=\"zu den Skateboard Trick Tipps Flat\" href=\"\/blog\/de\/trick-tipps\/skateboard\/flat\/\" class=\"button-auto\">Skateboard Trick Tipps | Flat<\/a>\r\n\t\t\t<br><br>\r\n\t\t\t<\/div>\r\n\t\t\t\r\n\t\t\t<div class=\"medium-6 small-12 columns\">\r\n\t\t\t<a title=\"zu den Skateboard Trick Tipps Transition\" href=\"\/blog\/de\/trick-tipps\/skateboard\/transition\/\" class=\"button-auto\">Skateboard Trick Tipps | Transition<\/a>\r\n\t\t\t<br><br>\r\n\t\t\t<\/div>\r\n\t\t\t\r\n\t\t<\/div>\r\n\t\t\r\n\t\t\r\n\t<\/div>\r\n<\/div><div class=\"ShariffSC\" style=\"shariff-shop\"><div class=\"shariff\" data-url=\"https:\/\/skatedeluxe.com\/blog\/de\/trick-tipps\/skateboard\/flat\/how-to-nollie\/\" data-title=\"Nollie &#8211; Skateboard Trick Tipp\" data-services='[\"facebooklike\", \"facebook\"]' data-backend-url='\/shariff\/'><\/div><\/div>","protected":false},"excerpt":{"rendered":"<p>Trick Tipp Nollie Lukas Podolski hat eine extrem starke linke Klebe, w\u00e4hrend sein rechter Fu\u00df eher auf Kreisliganiveau kickt. Lionel Messi hingegen spielt mit beiden F\u00fc\u00dfen ungef\u00e4hr gleich gut. Wie beim Fu\u00dfball, so gab es in den letzten 20 Jahren auch im Skateboarding eine Entwicklung zur Beidf\u00fc\u00dfigkeit. Jeder Skater hat einen st\u00e4rkeren Fu\u00df und f\u00fchlt <a class=\"read-more\" href=\"https:\/\/skatedeluxe.com\/blog\/de\/trick-tipps\/skateboard\/flat\/how-to-nollie\/\">[&#8230;]<\/a><\/p>\n","protected":false},"author":24,"featured_media":27567,"parent":21467,"menu_order":11,"comment_status":"open","ping_status":"closed","template":"page-templates\/teasing-page.php","meta":{"footnotes":""},"class_list":["post-21487","page","type-page","status-publish","has-post-thumbnail","hentry"],"aioseo_notices":[],"amp_enabled":false,"_links":{"self":[{"href":"https:\/\/skatedeluxe.com\/blog\/de\/wp-json\/wp\/v2\/pages\/21487","targetHints":{"allow":["GET"]}}],"collection":[{"href":"https:\/\/skatedeluxe.com\/blog\/de\/wp-json\/wp\/v2\/pages"}],"about":[{"href":"https:\/\/skatedeluxe.com\/blog\/de\/wp-json\/wp\/v2\/types\/page"}],"author":[{"embeddable":true,"href":"https:\/\/skatedeluxe.com\/blog\/de\/wp-json\/wp\/v2\/users\/24"}],"replies":[{"embeddable":true,"href":"https:\/\/skatedeluxe.com\/blog\/de\/wp-json\/wp\/v2\/comments?post=21487"}],"version-history":[{"count":25,"href":"https:\/\/skatedeluxe.com\/blog\/de\/wp-json\/wp\/v2\/pages\/21487\/revisions"}],"predecessor-version":[{"id":145317,"href":"https:\/\/skatedeluxe.com\/blog\/de\/wp-json\/wp\/v2\/pages\/21487\/revisions\/145317"}],"up":[{"embeddable":true,"href":"https:\/\/skatedeluxe.com\/blog\/de\/wp-json\/wp\/v2\/pages\/21467"}],"wp:featuredmedia":[{"embeddable":true,"href":"https:\/\/skatedeluxe.com\/blog\/de\/wp-json\/wp\/v2\/media\/27567"}],"wp:attachment":[{"href":"https:\/\/skatedeluxe.com\/blog\/de\/wp-json\/wp\/v2\/media?parent=21487"}],"curies":[{"name":"wp","href":"https:\/\/api.w.org\/{rel}","templated":true}]}}