{"id":21481,"date":"2013-06-05T14:16:42","date_gmt":"2013-06-05T12:16:42","guid":{"rendered":"http:\/\/www.skatedeluxe.de\/blog\/?page_id=21481"},"modified":"2018-07-19T11:02:01","modified_gmt":"2018-07-19T09:02:01","slug":"how-to-ollie","status":"publish","type":"page","link":"https:\/\/skatedeluxe.com\/blog\/de\/trick-tipps\/skateboard\/flat\/how-to-ollie\/","title":{"rendered":"Ollie &#8211; Skateboard Trick Tipp"},"content":{"rendered":"<div class=\"post clearfix padding-bottom\">\r\n<div id=\"decks-allgemeines\" class=\"hide-for-small large-2 columns\">\r\n<div class=\"date-day\">Trick Tipp<\/div>\r\n<div class=\"date-month\">Ollie<\/div>\r\n<\/div>\r\n<div class=\"large-10 columns\"> \r\n\r\nDer Ollie ist der erste Trick den du beim Skateboarding lernen solltest und die Grundlage f\u00fcr alles weitere. Auch wenn der Ollie nichts anderes als ein einfacher Sprung ist, wirst du diesen Standard immer brauchen und im besten Falle nie wieder verlernen. Also fangen wir mal mit den Basics an:\r\n\r\nZum Gl\u00fcck hatte Alan \u201eOllie\u201c Gelfand 1976 die gro\u00dfartige Idee das Brett bei seinen Airs im Pool nicht mehr durch das Festhalten mit den H\u00e4nden an seinen F\u00fc\u00dfen \u201ekleben\u201c zu lassen, sondern entwickelte eine Bewegung, welche es erm\u00f6glichte das Board beim Sprung, wie von Zauberhand, mit den F\u00fc\u00dfen zu f\u00fchren.\r\nRodney Mullen, der wohl erfolgreichste Freestyleskater aller Zeiten, war von Alan Gelfands Erfindung so beeindruckt, dass er den Ollie leicht umwandelte und knappe f\u00fcnf Jahre nach seiner Erfindung von der Rampe auf die Stra\u00dfe brachte.\r\n\r\nHier erf\u00e4hrst du, wie der Ollie funktioniert.\r\n\r\n<\/div>\r\n<\/div>\r\n<!-- .Ende des Einleitungsbereichs -->\r\n<div class=\"post clearfix padding-bottom\">\r\n<div id=\"decks-allgemeines\" class=\"hide-for-small large-2 columns\">\r\n<div class=\"date-day\">Ollie<\/div>\r\n<div class=\"date-month\">Video<\/div>\r\n<\/div>\r\n<div class=\"large-10 columns\">\r\n<h2 class=\"margin-top margin-bottom\" align=\"center\">Trick Tipp Video: Ollie<\/h2>\r\n<div class=\"medium-12 small-12 columns\">\r\n<div class=\"medium-10 columns medium-centered medium-offset-1 columns margin-bottom\">\r\n<div class=\"flex-video\"><iframe data-src=\"https:\/\/www.youtube-nocookie.com\/embed\/A6apkOf0U44?showinfo=0\" width=\"1280\" height=\"720\" frameborder=\"0\" allowfullscreen allow=\"autoplay; encrypted-media\"><\/iframe><noscript><iframe loading=\"lazy\" src=\"https:\/\/www.youtube-nocookie.com\/embed\/A6apkOf0U44?showinfo=0\" width=\"1280\" height=\"720\" frameborder=\"0\" allowfullscreen allow=\"autoplay; encrypted-media\"><\/iframe><\/noscript><\/div>\r\n<div class=\"ShariffSC\" style=\"shariff-shop\"><div class=\"shariff\" data-url=\"https:\/\/skatedeluxe.com\/blog\/de\/trick-tipps\/skateboard\/flat\/how-to-ollie\/\" data-title=\"Ollie &#8211; Skateboard Trick Tipp\" data-services='[\"facebooklike\", \"facebook\"]' data-backend-url='\/shariff\/'><\/div><\/div> <!-- .Social Leiste unterhalb des Videos -->\r\n\r\n<\/div>\r\n<\/div>\r\n<\/div>\r\n<\/div>\r\n<!-- .Ende des Videobereichs -->\r\n<div class=\"post clearfix padding-bottom\">\r\n<div id=\"decks-allgemeines\" class=\"hide-for-small large-2 columns\">\r\n<div class=\"date-day\">Ollie<\/div>\r\n<div class=\"date-month\">Sequenz<\/div>\r\n<\/div>\r\n<div class=\"large-10 columns\">\r\n<h2 class=\"margin-top margin-bottom\" align=\"center\">Trick Tipp Sequenz: Ollie<\/h2>\r\n<div class=\"medium-12 small-12 columns\">\r\n<div class=\"medium-10 columns medium-centered medium-offset-1 columns margin-bottom\"><div id=\"metaslider-id-112513\" style=\"width: 100%;\" class=\"ml-slider-3-98-0 ml-slider-pro-2-6-6 metaslider metaslider-nivo metaslider-112513 ml-slider ms-theme-_theme_1463567531\" role=\"region\" aria-roledescription=\"Slideshow\" aria-label=\"Ollie-Trick-Tip\" data-width=\"999\">\n    <div id=\"metaslider_container_112513\">\n        <div class='slider-wrapper theme-default'><div class='ribbon'><\/div><div id='metaslider_112513' class='nivoSlider'><img loading=\"lazy\" decoding=\"async\" width=\"999\" height=\"666\" src=\"\/blog\/wp-content\/uploads\/2016\/08\/skateboard-trick-tip-ollie-1.jpg\" class=\"slider-112513 slide-113710\" alt=\"Skateboard Trick Ollie\" data-caption=\"\" data-thumb=\"\" title=\"Skateboard Trick Ollie\" rel=\"\" srcset=\"\/blog\/wp-content\/uploads\/2016\/08\/skateboard-trick-tip-ollie-1.jpg 999w, \/blog\/wp-content\/uploads\/2016\/08\/skateboard-trick-tip-ollie-1-600x400.jpg 600w, \/blog\/wp-content\/uploads\/2016\/08\/skateboard-trick-tip-ollie-1-768x512.jpg 768w\" sizes=\"auto, (max-width: 999px) 100vw, 999px\" \/><img loading=\"lazy\" decoding=\"async\" width=\"999\" height=\"666\" src=\"\/blog\/wp-content\/uploads\/2016\/08\/skateboard-trick-tip-ollie-2.jpg\" class=\"slider-112513 slide-113714\" alt=\"Skateboard Trick Ollie\" data-caption=\"\" data-thumb=\"\" title=\"Skateboard Trick Ollie\" rel=\"\" srcset=\"\/blog\/wp-content\/uploads\/2016\/08\/skateboard-trick-tip-ollie-2.jpg 999w, \/blog\/wp-content\/uploads\/2016\/08\/skateboard-trick-tip-ollie-2-600x400.jpg 600w, \/blog\/wp-content\/uploads\/2016\/08\/skateboard-trick-tip-ollie-2-768x512.jpg 768w\" sizes=\"auto, (max-width: 999px) 100vw, 999px\" \/><img loading=\"lazy\" decoding=\"async\" width=\"999\" height=\"666\" src=\"\/blog\/wp-content\/uploads\/2016\/08\/skateboard-trick-tip-ollie-3.jpg\" class=\"slider-112513 slide-113718\" alt=\"Skateboard Trick Ollie\" data-caption=\"\" data-thumb=\"\" title=\"Skateboard Trick Ollie\" rel=\"\" srcset=\"\/blog\/wp-content\/uploads\/2016\/08\/skateboard-trick-tip-ollie-3.jpg 999w, \/blog\/wp-content\/uploads\/2016\/08\/skateboard-trick-tip-ollie-3-600x400.jpg 600w, \/blog\/wp-content\/uploads\/2016\/08\/skateboard-trick-tip-ollie-3-768x512.jpg 768w\" sizes=\"auto, (max-width: 999px) 100vw, 999px\" \/><img loading=\"lazy\" decoding=\"async\" width=\"999\" height=\"666\" src=\"\/blog\/wp-content\/uploads\/2016\/08\/skateboard-trick-tip-ollie-4.jpg\" class=\"slider-112513 slide-113722\" alt=\"Skateboard Trick Ollie\" data-caption=\"\" data-thumb=\"\" title=\"Skateboard Trick Ollie\" rel=\"\" srcset=\"\/blog\/wp-content\/uploads\/2016\/08\/skateboard-trick-tip-ollie-4.jpg 999w, \/blog\/wp-content\/uploads\/2016\/08\/skateboard-trick-tip-ollie-4-600x400.jpg 600w, \/blog\/wp-content\/uploads\/2016\/08\/skateboard-trick-tip-ollie-4-768x512.jpg 768w\" sizes=\"auto, (max-width: 999px) 100vw, 999px\" \/><img loading=\"lazy\" decoding=\"async\" width=\"999\" height=\"666\" src=\"\/blog\/wp-content\/uploads\/2016\/08\/skateboard-trick-tip-ollie-5.jpg\" class=\"slider-112513 slide-113726\" alt=\"Skateboard Trick Ollie\" data-caption=\"\" data-thumb=\"\" title=\"Skateboard Trick Ollie\" rel=\"\" srcset=\"\/blog\/wp-content\/uploads\/2016\/08\/skateboard-trick-tip-ollie-5.jpg 999w, \/blog\/wp-content\/uploads\/2016\/08\/skateboard-trick-tip-ollie-5-600x400.jpg 600w, \/blog\/wp-content\/uploads\/2016\/08\/skateboard-trick-tip-ollie-5-768x512.jpg 768w\" sizes=\"auto, (max-width: 999px) 100vw, 999px\" \/><img loading=\"lazy\" decoding=\"async\" width=\"999\" height=\"666\" src=\"\/blog\/wp-content\/uploads\/2016\/08\/skateboard-trick-tip-ollie-6.jpg\" class=\"slider-112513 slide-113730\" alt=\"Skateboard Trick Ollie\" data-caption=\"\" data-thumb=\"\" title=\"Skateboard Trick Ollie\" rel=\"\" srcset=\"\/blog\/wp-content\/uploads\/2016\/08\/skateboard-trick-tip-ollie-6.jpg 999w, \/blog\/wp-content\/uploads\/2016\/08\/skateboard-trick-tip-ollie-6-600x400.jpg 600w, \/blog\/wp-content\/uploads\/2016\/08\/skateboard-trick-tip-ollie-6-768x512.jpg 768w\" sizes=\"auto, (max-width: 999px) 100vw, 999px\" \/><img loading=\"lazy\" decoding=\"async\" width=\"999\" height=\"666\" src=\"\/blog\/wp-content\/uploads\/2016\/08\/skateboard-trick-tip-ollie-7.jpg\" class=\"slider-112513 slide-113734\" alt=\"Skateboard Trick Ollie\" data-caption=\"\" data-thumb=\"\" title=\"Skateboard Trick Ollie\" rel=\"\" srcset=\"\/blog\/wp-content\/uploads\/2016\/08\/skateboard-trick-tip-ollie-7.jpg 999w, \/blog\/wp-content\/uploads\/2016\/08\/skateboard-trick-tip-ollie-7-600x400.jpg 600w, \/blog\/wp-content\/uploads\/2016\/08\/skateboard-trick-tip-ollie-7-768x512.jpg 768w\" sizes=\"auto, (max-width: 999px) 100vw, 999px\" \/><img loading=\"lazy\" decoding=\"async\" width=\"999\" height=\"666\" src=\"\/blog\/wp-content\/uploads\/2016\/08\/skateboard-trick-tip-ollie-8.jpg\" class=\"slider-112513 slide-113738\" alt=\"Skateboard Trick Ollie\" data-caption=\"\" data-thumb=\"\" title=\"Skateboard Trick Ollie\" rel=\"\" srcset=\"\/blog\/wp-content\/uploads\/2016\/08\/skateboard-trick-tip-ollie-8.jpg 999w, \/blog\/wp-content\/uploads\/2016\/08\/skateboard-trick-tip-ollie-8-600x400.jpg 600w, \/blog\/wp-content\/uploads\/2016\/08\/skateboard-trick-tip-ollie-8-768x512.jpg 768w\" sizes=\"auto, (max-width: 999px) 100vw, 999px\" \/><img loading=\"lazy\" decoding=\"async\" width=\"999\" height=\"666\" src=\"\/blog\/wp-content\/uploads\/2016\/08\/skateboard-trick-tip-ollie-9.jpg\" class=\"slider-112513 slide-113742\" alt=\"Skateboard Trick Ollie\" data-caption=\"\" data-thumb=\"\" title=\"Skateboard Trick Ollie\" rel=\"\" srcset=\"\/blog\/wp-content\/uploads\/2016\/08\/skateboard-trick-tip-ollie-9.jpg 999w, \/blog\/wp-content\/uploads\/2016\/08\/skateboard-trick-tip-ollie-9-600x400.jpg 600w, \/blog\/wp-content\/uploads\/2016\/08\/skateboard-trick-tip-ollie-9-768x512.jpg 768w\" sizes=\"auto, (max-width: 999px) 100vw, 999px\" \/><\/div><\/div>\n        \n    <\/div>\n<\/div><\/div>\r\n<\/div>\r\n<\/div>\r\n<\/div>\r\n<!-- .Ende der Sequenz -->\r\n<div class=\"post clearfix padding-bottom\">\r\n<div id=\"decks-allgemeines\" class=\"hide-for-small large-2 columns\">\r\n<div class=\"date-day\">Ollie<\/div>\r\n<div class=\"date-month\">Step By Step<\/div>\r\n<\/div>\r\n<div class=\"large-10 columns\">\r\n<h2 class=\"margin-top margin-bottom\" align=\"center\">Trick Tipp Step By Step: Ollie<\/h2>\r\n<p align=\"center\"><small>Klicke auf die Bilder zum Vergr\u00f6\u00dfern<\/small><\/p>\r\n\r\n<div class=\"medium-12 columns margin-bottom\">\r\n<div class=\"small-12 medium-5 columns\"><a title=\"Klicke zum Vergr\u00f6\u00dfern\" href=\"\/blog\/wp-content\/uploads\/2016\/08\/skateboard-trick-tip-ollie-2x.jpg\" rel=\"lightbox[gallery-1] lightbox-0\">\r\n<img decoding=\"async\" src=\"data:image\/gif;base64,R0lGODlhAQABAIAAAAAAAP\/\/\/yH5BAEAAAAALAAAAAABAAEAAAIBRAA7\" data-src=\"\/blog\/wp-content\/uploads\/2016\/08\/skateboard-trick-tip-ollie-2x-thumb.jpg\" alt=\"Skateboard Trick Ollie Fu\u00dfstellung\" \/><noscript><img decoding=\"async\" src=\"\/blog\/wp-content\/uploads\/2016\/08\/skateboard-trick-tip-ollie-2x-thumb.jpg\" alt=\"Skateboard Trick Ollie Fu\u00dfstellung\" \/><\/noscript>\r\n<\/a><\/div>\r\n<div class=\"small-12 medium-7 columns\">\r\n\r\n<span class=\"h4\">1.<\/span>\r\nDen vorderen Fu\u00df positionierst du zwischen der Mitte des Boards und den Schrauben der vorderen Achsen. Dein hinterer Fu\u00df steht mit dem Ballen auf der Mitte des Tails.\r\n\r\n<\/div>\r\n<\/div>\r\n<div class=\"medium-12 columns margin-bottom\">\r\n\r\n<!-- .jedes zweite Bild in diese DIV-Klasse -->\r\n<div class=\"small-12 medium-5 medium-push-7 columns\"><a title=\"Klicke zum Vergr\u00f6\u00dfern\" href=\"\/blog\/wp-content\/uploads\/2016\/08\/skateboard-trick-tip-ollie-1x.jpg\" rel=\"lightbox[gallery-1] lightbox-1\">\r\n<img decoding=\"async\" src=\"data:image\/gif;base64,R0lGODlhAQABAIAAAAAAAP\/\/\/yH5BAEAAAAALAAAAAABAAEAAAIBRAA7\" data-src=\"\/blog\/wp-content\/uploads\/2016\/08\/skateboard-trick-tip-ollie-1x-thumb.jpg\" alt=\"Skateboard Trick Ollie\" \/><noscript><img decoding=\"async\" src=\"\/blog\/wp-content\/uploads\/2016\/08\/skateboard-trick-tip-ollie-1x-thumb.jpg\" alt=\"Skateboard Trick Ollie\" \/><\/noscript>\r\n<\/a><\/div>\r\n<!-- .jeden zweiten Text in diese DIV-Klasse -->\r\n<div class=\"small-12 medium-7 medium-pull-5 columns\">\r\n\r\n<span class=\"h4\">2.<\/span>\r\nUm dich und dein Board in die Luft zu bekommen, gehst du leicht in die Hocke und dr\u00fcckst mit deinem Hinterfu\u00df das Tail in einer schnellen, kr\u00e4ftigen Bewegung Richtung Boden. W\u00e4hrenddessen nimmst du das Gewicht von deinem vorderen Fu\u00df.\r\n\r\n<\/div>\r\n<\/div>\r\n<div class=\"medium-12 columns margin-bottom\">\r\n<div class=\"small-12 medium-5 columns\"><a title=\"Klicke zum Vergr\u00f6\u00dfern\" href=\"\/blog\/wp-content\/uploads\/2016\/08\/skateboard-trick-tip-ollie-4x.jpg\" rel=\"lightbox[gallery-1] lightbox-2\">\r\n<img decoding=\"async\" src=\"data:image\/gif;base64,R0lGODlhAQABAIAAAAAAAP\/\/\/yH5BAEAAAAALAAAAAABAAEAAAIBRAA7\" data-src=\"\/blog\/wp-content\/uploads\/2016\/08\/skateboard-trick-tip-ollie-4x-thumb.jpg\" alt=\"Skateboard Trick Ollie\" \/><noscript><img decoding=\"async\" src=\"\/blog\/wp-content\/uploads\/2016\/08\/skateboard-trick-tip-ollie-4x-thumb.jpg\" alt=\"Skateboard Trick Ollie\" \/><\/noscript>\r\n<\/a><\/div>\r\n<div class=\"small-12 medium-7 columns\">\r\n\r\n<span class=\"h4\">3.<\/span>\r\nGenau in dem Moment, wenn das Tail den Boden ber\u00fchrt, bef\u00f6rderst du das Board mit Hilfe deines Vorderbeins in die Luft, indem du den vorderen Fu\u00df leicht abknickst und dann mit der Au\u00dfenseite deines Schuhs \u00fcber das Griptape von der Mitte des Boards in Richtung Nose ziehst.\r\n\r\nWenn sich Tail und Boden ber\u00fchren, h\u00f6rst du das typische Skateger\u00e4usch.\r\n\r\n<\/div>\r\n<\/div>\r\n<div class=\"medium-12 columns margin-bottom\">\r\n<div class=\"small-12 medium-5 medium-push-7 columns\"><a title=\"Klicke zum Vergr\u00f6\u00dfern\" href=\"\/blog\/wp-content\/uploads\/2016\/08\/skateboard-trick-tip-ollie-5x.jpg\" rel=\"lightbox[gallery-1] lightbox-3\">\r\n<img decoding=\"async\" src=\"data:image\/gif;base64,R0lGODlhAQABAIAAAAAAAP\/\/\/yH5BAEAAAAALAAAAAABAAEAAAIBRAA7\" data-src=\"\/blog\/wp-content\/uploads\/2016\/08\/skateboard-trick-tip-ollie-5x-thumb.jpg\" alt=\"Skateboard Trick Ollie\" \/><noscript><img decoding=\"async\" src=\"\/blog\/wp-content\/uploads\/2016\/08\/skateboard-trick-tip-ollie-5x-thumb.jpg\" alt=\"Skateboard Trick Ollie\" \/><\/noscript>\r\n<\/a><\/div>\r\n<div class=\"small-12 medium-7 medium-pull-5 columns\">\r\n\r\n<span class=\"h4\">4.<\/span>\r\nWichtig ist, dass dein vorderer Fu\u00df jederzeit Kontakt zum Griptape hat, damit du nicht ins Leere ziehst. Das sogenannte Abpoppen mit dem Hinterfu\u00df und das Nach-Vorn-Ziehen des Vorderfu\u00dfes muss dabei eine m\u00f6glichst fl\u00fcssige Bewegung darstellen.\r\n\r\n<\/div>\r\n<\/div>\r\n<div class=\"medium-12 columns margin-bottom\">\r\n<div class=\"medium-5 columns\"><a title=\"Klicke zum Vergr\u00f6\u00dfern\" href=\"\/blog\/wp-content\/uploads\/2016\/08\/skateboard-trick-tip-ollie-6x.jpg\" rel=\"lightbox[gallery-1] lightbox-4\">\r\n<img decoding=\"async\" src=\"data:image\/gif;base64,R0lGODlhAQABAIAAAAAAAP\/\/\/yH5BAEAAAAALAAAAAABAAEAAAIBRAA7\" data-src=\"\/blog\/wp-content\/uploads\/2016\/08\/skateboard-trick-tip-ollie-6x-thumb.jpg\" alt=\"Skateboard Trick Ollie\" \/><noscript><img decoding=\"async\" src=\"\/blog\/wp-content\/uploads\/2016\/08\/skateboard-trick-tip-ollie-6x-thumb.jpg\" alt=\"Skateboard Trick Ollie\" \/><\/noscript>\r\n<\/a><\/div>\r\n<div class=\"medium-7 columns\">\r\n\r\n<span class=\"h4\">5.<\/span>\r\nHat bis hierhin alles geklappt, solltest du jetzt mitten in der Sprungphase sein. Dein Board befindet sich komplett in der Luft und du direkt dar\u00fcber. Um den Ollie sauber zu stehen, sollten deine F\u00fc\u00dfe dauerhaft Kontakt zum Deck haben.\r\n\r\nAm h\u00f6chsten Punkt deines Ollies solltest du dich auf die Landung vorbereiten. Achte hierbei darauf, den Kontakt zum Board nicht zu verlieren.\r\n\r\n<\/div>\r\n<\/div>\r\n<div class=\"medium-12 columns margin-bottom\">\r\n<div class=\"small-12 medium-5 medium-push-7 columns\"><a title=\"Klicke zum Vergr\u00f6\u00dfern\" href=\"\/blog\/wp-content\/uploads\/2016\/08\/skateboard-trick-tip-ollie-8x.jpg\" rel=\"lightbox[gallery-1] lightbox-5\">\r\n<img decoding=\"async\" src=\"data:image\/gif;base64,R0lGODlhAQABAIAAAAAAAP\/\/\/yH5BAEAAAAALAAAAAABAAEAAAIBRAA7\" data-src=\"\/blog\/wp-content\/uploads\/2016\/08\/skateboard-trick-tip-ollie-8x-thumb.jpg\" alt=\"Skateboard Trick Ollie\" \/><noscript><img decoding=\"async\" src=\"\/blog\/wp-content\/uploads\/2016\/08\/skateboard-trick-tip-ollie-8x-thumb.jpg\" alt=\"Skateboard Trick Ollie\" \/><\/noscript>\r\n<\/a><\/div>\r\n<div class=\"small-12 medium-7 medium-pull-5 columns\">\r\n\r\n<span class=\"h4\">6.<\/span>\r\nUm bei der Landung die Balance zu halten und nicht zu st\u00fcrzen, solltest du versuchen mit den F\u00fc\u00dfen \u00fcber den Achsen zu landen. Das schont au\u00dferdem dein Deck, das bei falscher Landung stark beansprucht wird und brechen k\u00f6nnte.\r\n\r\n<\/div>\r\n<\/div>\r\n<div class=\"medium-12 columns margin-bottom\">\r\n<div class=\"medium-5 columns\"><a title=\"Klicke zum Vergr\u00f6\u00dfern\" href=\"\/blog\/wp-content\/uploads\/2016\/08\/skateboard-trick-tip-ollie-9x.jpg\" rel=\"lightbox[gallery-1] lightbox-6\">\r\n<img decoding=\"async\" src=\"data:image\/gif;base64,R0lGODlhAQABAIAAAAAAAP\/\/\/yH5BAEAAAAALAAAAAABAAEAAAIBRAA7\" data-src=\"\/blog\/wp-content\/uploads\/2016\/08\/skateboard-trick-tip-ollie-9x-thumb.jpg\" alt=\"Skateboard Trick Ollie\" \/><noscript><img decoding=\"async\" src=\"\/blog\/wp-content\/uploads\/2016\/08\/skateboard-trick-tip-ollie-9x-thumb.jpg\" alt=\"Skateboard Trick Ollie\" \/><\/noscript>\r\n<\/a><\/div>\r\n<div class=\"medium-7 columns\">\r\n\r\n<span class=\"h4\">7.<\/span>\r\nAchte beim Landen darauf, etwas in die Hocke zu gehen, um die Landung abzufedern und deinen Schwerpunkt auszubalancieren.\r\n\r\nUnd nun hei\u00dft es: Wiederholen bis du den Ollie sicher beherrschst!\r\nHast du den Ollie gemeistert, so vergiss nicht, dich \u00fcber das Gef\u00fchl deines ersten und jedes weiteren Ollies zu freuen, denn dieses Gef\u00fchl kennen nur Skater.\r\n\r\n<\/div>\r\n<\/div>\r\n<\/div>\r\n<\/div>\r\n<!-- .Ende der Step By Step Anleitung -->\r\n<div class=\"post clearfix padding-bottom\">\r\n<div id=\"decks-allgemeines\" class=\"hide-for-small large-2 columns\">\r\n<div class=\"date-day\">Ollie<\/div>\r\n<div class=\"date-month\">FAQ<\/div>\r\n<\/div>\r\n<div class=\"large-10 columns\">\r\n<h2 class=\"margin-top margin-bottom\" align=\"center\">Ollie Trick Tipp: FAQ<\/h2>\r\n<h3>Du bekommst den Ollie im Stehen hin, aber nicht im Fahren bzw. du landest schr\u00e4g?<\/h3>\r\nAm Anfang kostet der Ollie im Fahren einiges an \u00dcberwindung. Lass dich darauf ein und versuche die Bewegung zu \u00fcben, w\u00e4hrend du langsam rollst. Achte darauf, dass du dabei nicht in R\u00fcckenlage ger\u00e4tst, sondern deinen Oberk\u00f6rper gerade l\u00e4sst.\r\nWenn du dazu neigst den Ollie nicht gerade zu ziehen, bzw. immer schr\u00e4g zur Fahrtrichtung landest, konzentriere dich darauf die Schultern w\u00e4hrend des Ollies gerade zu lassen. Bleibt dein Oberk\u00f6rper gerade, wird in der Regel auch dein Ollie gerade.\r\n<h3>Dein Board kommt beim Absprung nicht vom Boden hoch?<\/h3>\r\nEin Problem k\u00f6nnte sein, dass du zu stark abspringst und die charakteristische Ollie Bewegung dabei vernachl\u00e4ssigst. Schau dir am besten Schritt 2-4 unseres Trick Tipps noch mal genau an und \u00fcbe den Bewegungsablauf. Deine ersten Ollies m\u00fcssen auch nicht gleich meterhoch sein, lieber sicher und fluffig als super hoch und wackelig!\r\n<h3>Du verlierst den Kontakt zum Board, bzw. deine F\u00fc\u00dfe bleiben nicht am Board oder es dreht sich unkontrolliert?<\/h3>\r\nAuch hier k\u00f6nnten ein zu starker Absprung das Problem sein. Die Schritte 2-4 unseres Trick Tipps k\u00f6nnen hier Abhilfe schaffen. Damit deine F\u00fc\u00dfe w\u00e4hrend des Ollies richtig am Brett \u201ekleben\u201c, muss die Bewegung fl\u00fcssig ausgef\u00fchrt werden. \u00dcbernimm dich zu Beginn aber nicht und starte lieber mit ein paar langsameren Trocken\u00fcbungen, bis du dich sicher f\u00fchlst! Wichtig ist auch, dass du mit dem vorderen Fu\u00df gerade in Richtung Nose ziehst, damit sich dein Brett auch gerade zur Fahrtrichtung bewegt und sich nicht ungewollt um die L\u00e4ngsachse dreht.\r\n\r\n<\/div>\r\n<\/div>\r\n<!-- .Ende des FAQs -->\r\n<div class=\"post clearfix padding-bottom\">\r\n<div id=\"decks-allgemeines\" class=\"hide-for-small large-2 columns\">\r\n<div class=\"date-day\">Mehr Tricks<\/div>\r\n<div class=\"date-month\">?<\/div>\r\n<\/div>\r\n<div class=\"large-10 columns\">\r\n<h3 class=\"margin-top margin-bottom\" align=\"center\">Welcher Trick als n\u00e4chstes?<\/h3>\r\nDer Ollie sitzt bereits? Dann ist es Zeit f\u00fcr den n\u00e4chsten Trick!\r\nWie w\u00e4re es zum Beispiel mit dem Pop-Shove-It oder Kickflip? Oder klick dich einfach durch die verschiedenen <a title=\"zu den Skateboard Trick Tipps Flat\" href=\"\/blog\/de\/trick-tipps\/skateboard\/flat\/\">Trick Tipps f\u00fcr&#8217;s Flat<\/a>, <a title=\"zu den Skateboard Trick Tipps Flat\" href=\"\/blog\/de\/trick-tipps\/skateboard\/curb-rail\/\">Curb und Rail<\/a> oder <a title=\"zu den Skateboard Trick Tipps Flat\" href=\"\/blog\/de\/trick-tipps\/skateboard\/transition\/\">Transition.<\/a>\r\n\r\n<div class=\"row\">\r\n<div class=\"medium-12 columns\"><a style=\"margin-bottom:1em; margin-top:1em;\" class=\"button-auto\" title=\"zu den Skateboard Trick Tipps Flat\" href=\"\/blog\/de\/trick-tipps\/skateboard\/flat\/\">Skateboard Trick Tipps | Flat<\/a>\r\n<\/div>\r\n\r\n<div class=\"medium-6 columns\"><a style=\"margin-bottom:1em;\" class=\"button-auto\" title=\"zu den Skateboard Trick Tipps Curb &amp; Rail\" href=\"\/blog\/de\/trick-tipps\/skateboard\/curb-rail\/\">Skateboard Trick Tipps | Curb &amp; Rail<\/a>\r\n<\/div>\r\n\r\n<div class=\"medium-6 columns\"><a style=\"margin-bottom:1em;\" class=\"button-auto\" title=\"zu den Skateboard Trick Tipps Transition\" href=\"\/blog\/de\/trick-tipps\/skateboard\/transition\/\">Skateboard Trick Tipps | Transition<\/a>\r\n<\/div>\r\n<\/div>\r\n\r\n<\/div>\r\n<\/div>\r\n<div class=\"ShariffSC\" style=\"shariff-shop\"><div class=\"shariff\" data-url=\"https:\/\/skatedeluxe.com\/blog\/de\/trick-tipps\/skateboard\/flat\/how-to-ollie\/\" data-title=\"Ollie &#8211; Skateboard Trick Tipp\" data-services='[\"facebooklike\", \"facebook\"]' data-backend-url='\/shariff\/'><\/div><\/div>","protected":false},"excerpt":{"rendered":"<p>Trick Tipp Ollie Der Ollie ist der erste Trick den du beim Skateboarding lernen solltest und die Grundlage f\u00fcr alles weitere. Auch wenn der Ollie nichts anderes als ein einfacher Sprung ist, wirst du diesen Standard immer brauchen und im besten Falle nie wieder verlernen. Also fangen wir mal mit den Basics an: Zum Gl\u00fcck <a class=\"read-more\" href=\"https:\/\/skatedeluxe.com\/blog\/de\/trick-tipps\/skateboard\/flat\/how-to-ollie\/\">[&#8230;]<\/a><\/p>\n","protected":false},"author":24,"featured_media":112569,"parent":21467,"menu_order":1,"comment_status":"open","ping_status":"closed","template":"page-templates\/teasing-page.php","meta":{"footnotes":""},"class_list":["post-21481","page","type-page","status-publish","has-post-thumbnail","hentry"],"aioseo_notices":[],"amp_enabled":false,"_links":{"self":[{"href":"https:\/\/skatedeluxe.com\/blog\/de\/wp-json\/wp\/v2\/pages\/21481","targetHints":{"allow":["GET"]}}],"collection":[{"href":"https:\/\/skatedeluxe.com\/blog\/de\/wp-json\/wp\/v2\/pages"}],"about":[{"href":"https:\/\/skatedeluxe.com\/blog\/de\/wp-json\/wp\/v2\/types\/page"}],"author":[{"embeddable":true,"href":"https:\/\/skatedeluxe.com\/blog\/de\/wp-json\/wp\/v2\/users\/24"}],"replies":[{"embeddable":true,"href":"https:\/\/skatedeluxe.com\/blog\/de\/wp-json\/wp\/v2\/comments?post=21481"}],"version-history":[{"count":40,"href":"https:\/\/skatedeluxe.com\/blog\/de\/wp-json\/wp\/v2\/pages\/21481\/revisions"}],"predecessor-version":[{"id":144937,"href":"https:\/\/skatedeluxe.com\/blog\/de\/wp-json\/wp\/v2\/pages\/21481\/revisions\/144937"}],"up":[{"embeddable":true,"href":"https:\/\/skatedeluxe.com\/blog\/de\/wp-json\/wp\/v2\/pages\/21467"}],"wp:featuredmedia":[{"embeddable":true,"href":"https:\/\/skatedeluxe.com\/blog\/de\/wp-json\/wp\/v2\/media\/112569"}],"wp:attachment":[{"href":"https:\/\/skatedeluxe.com\/blog\/de\/wp-json\/wp\/v2\/media?parent=21481"}],"curies":[{"name":"wp","href":"https:\/\/api.w.org\/{rel}","templated":true}]}}