{"id":122214,"date":"2016-12-22T18:04:41","date_gmt":"2016-12-22T17:04:41","guid":{"rendered":"https:\/\/admin.skatedeluxe.com\/blog\/de\/?page_id=122214"},"modified":"2018-05-09T10:47:44","modified_gmt":"2018-05-09T08:47:44","slug":"how-to-360-pop-shove-it","status":"publish","type":"page","link":"https:\/\/skatedeluxe.com\/blog\/de\/trick-tipps\/skateboard\/flat\/how-to-360-pop-shove-it\/","title":{"rendered":"360 Pop Shove It &#8211; Skateboard Trick Tipp"},"content":{"rendered":"<div class=\"post clearfix padding-bottom\">\r\n\t<div id=\"decks-allgemeines\" class=\"hide-for-small large-2 columns\">\r\n\t\t<div class=\"date-day\">Trick Tipp<\/div>\r\n\t\t<div class=\"date-month\">360 Pop Shove-It<\/div>\r\n\t<\/div>\r\n\r\n\t<div class=\"large-10 columns\">\r\n\t\r\n\t\t<p>\r\n\t\tDer  360 Pop Shove-it ist schon ein komplizierterer Flip als der Pop Shove-it, da sich das Brett hier einmal komplett um die Vorderkante dreht. <\/p> <p>Dieser Trick kommt nicht nur beim n\u00e4chsten S.K.A.T.E. gut, sondern sieht auch ordentlich stylisch aus. Zudem kannst du ihn nutzen, um in Slides wie Noseslides oder Boardslides einzuflippen. Als Grundlage solltest du allerdings Pop Shove-its on lock haben.\r\n\t\t<\/p>\r\n\t\r\n\t\t<p>\r\n\t\tHier erf\u00e4hrst du, wie der 360 Pop Shove-It funktioniert.\r\n\t\t<\/p>\r\n\t\t\r\n\t<\/div>\r\n<\/div>\r\n\r\n<!-- .Ende des Einleitungsbereichs -->\r\n\r\n<div class=\"post clearfix padding-bottom\">\r\n\t<div id=\"decks-allgemeines\" class=\"hide-for-small large-2 columns\">\r\n\t\t<div class=\"date-day\">360 Pop Shove-It<\/div>\r\n\t\t<div class=\"date-month\">Video<\/div>\r\n\t<\/div>\r\n \r\n\t<div class=\"large-10 columns\">\r\n\t\r\n\t\t<h2 class=\"margin-top margin-bottom\" align=\"center\">Trick Tipp Video: 360 Pop Shove-It<\/h2>\r\n\t\t\r\n\t\t<div class=\"medium-12 small-12 columns\">\r\n\t\t<div class=\"medium-10 columns medium-centered medium-offset-1 columns margin-bottom\">\r\n\r\n\t\t<div class=\"flex-video\">\r\n\t\t\t<iframe width=\"1280\" height=\"720\" data-src=\"https:\/\/www.youtube-nocookie.com\/embed\/18fmKMkGQBc?showinfo=0\" frameborder=\"0\" allowfullscreen allow=\"autoplay; encrypted-media\"><\/iframe><noscript><iframe loading=\"lazy\" width=\"1280\" height=\"720\" src=\"https:\/\/www.youtube-nocookie.com\/embed\/18fmKMkGQBc?showinfo=0\" frameborder=\"0\" allowfullscreen allow=\"autoplay; encrypted-media\"><\/iframe><\/noscript>\r\n\t\t<\/div>\r\n\t\t\t<div class=\"ShariffSC\" style=\"shariff-shop\"><div class=\"shariff\" data-url=\"https:\/\/skatedeluxe.com\/blog\/de\/trick-tipps\/skateboard\/flat\/how-to-360-pop-shove-it\/\" data-title=\"360 Pop Shove It &#8211; Skateboard Trick Tipp\" data-services='[\"facebooklike\", \"facebook\"]' data-backend-url='\/shariff\/'><\/div><\/div> <!-- .Social Leiste unterhalb des Videos -->\r\n\t\t<\/div>\r\n\t\t<\/div>\r\n\t\t\r\n\t<\/div>\r\n<\/div>\r\n\r\n<!-- .Ende des Videobereichs -->\r\n\r\n<div class=\"post clearfix padding-bottom\">\r\n\t<div id=\"decks-allgemeines\" class=\"hide-for-small large-2 columns\">\r\n\t\t<div class=\"date-day\">360 Pop Shove-It<\/div>\r\n\t\t<div class=\"date-month\">Sequenz<\/div>\r\n\t<\/div>\r\n\r\n\t<div class=\"large-10 columns\">\r\n\t\r\n\t\t<h2 class=\"margin-top margin-bottom\" align=\"center\">Trick Tipp Sequenz: 360 Pop Shove-It<\/h2>\r\n\t\t\r\n\t\t<div class=\"medium-12 small-12 columns\">\r\n\t\t<div class=\"medium-10 columns medium-centered medium-offset-1 columns margin-bottom\">\r\n\t\t<div id=\"metaslider-id-122313\" style=\"max-width: 999px; margin: 0 auto;\" class=\"ml-slider-3-98-0 ml-slider-pro-2-6-6 metaslider metaslider-nivo metaslider-122313 ml-slider ms-theme-_theme_1463567531\" role=\"region\" aria-roledescription=\"Slideshow\" aria-label=\"360 Pop Shove-it - Trick Tip\" data-width=\"999\">\n    <div id=\"metaslider_container_122313\">\n        <div class='slider-wrapper theme-default'><div class='ribbon'><\/div><div id='metaslider_122313' class='nivoSlider'><img loading=\"lazy\" decoding=\"async\" width=\"999\" height=\"666\" src=\"\/blog\/wp-content\/uploads\/2016\/09\/trick-tip-360-pop-shove-it-1.jpg\" class=\"slider-122313 slide-122305\" alt=\"Skateboard Trick 360 Pop Shove-It\" data-caption=\"\" data-thumb=\"\" title=\"Skateboard Trick 360 Pop Shove-It\" rel=\"\" srcset=\"\/blog\/wp-content\/uploads\/2016\/09\/trick-tip-360-pop-shove-it-1.jpg 999w, \/blog\/wp-content\/uploads\/2016\/09\/trick-tip-360-pop-shove-it-1-600x400.jpg 600w, \/blog\/wp-content\/uploads\/2016\/09\/trick-tip-360-pop-shove-it-1-768x512.jpg 768w\" sizes=\"auto, (max-width: 999px) 100vw, 999px\" \/><img loading=\"lazy\" decoding=\"async\" width=\"999\" height=\"666\" src=\"\/blog\/wp-content\/uploads\/2016\/09\/trick-tip-360-pop-shove-it-2.jpg\" class=\"slider-122313 slide-122309\" alt=\"Skateboard Trick 360 Pop Shove-It\" data-caption=\"\" data-thumb=\"\" title=\"Skateboard Trick 360 Pop Shove-It\" rel=\"\" srcset=\"\/blog\/wp-content\/uploads\/2016\/09\/trick-tip-360-pop-shove-it-2.jpg 999w, \/blog\/wp-content\/uploads\/2016\/09\/trick-tip-360-pop-shove-it-2-600x400.jpg 600w, \/blog\/wp-content\/uploads\/2016\/09\/trick-tip-360-pop-shove-it-2-768x512.jpg 768w\" sizes=\"auto, (max-width: 999px) 100vw, 999px\" \/><img loading=\"lazy\" decoding=\"async\" width=\"999\" height=\"666\" src=\"\/blog\/wp-content\/uploads\/2016\/09\/trick-tip-360-pop-shove-it-3.jpg\" class=\"slider-122313 slide-122314\" alt=\"Skateboard Trick 360 Pop Shove-It\" data-caption=\"\" data-thumb=\"\" title=\"Skateboard Trick 360 Pop Shove-It\" rel=\"\" srcset=\"\/blog\/wp-content\/uploads\/2016\/09\/trick-tip-360-pop-shove-it-3.jpg 999w, \/blog\/wp-content\/uploads\/2016\/09\/trick-tip-360-pop-shove-it-3-600x400.jpg 600w, \/blog\/wp-content\/uploads\/2016\/09\/trick-tip-360-pop-shove-it-3-768x512.jpg 768w\" sizes=\"auto, (max-width: 999px) 100vw, 999px\" \/><img loading=\"lazy\" decoding=\"async\" width=\"999\" height=\"666\" src=\"\/blog\/wp-content\/uploads\/2016\/09\/trick-tip-360-pop-shove-it-4.jpg\" class=\"slider-122313 slide-122318\" alt=\"Skateboard Trick 360 Pop Shove-It\" data-caption=\"\" data-thumb=\"\" title=\"Skateboard Trick 360 Pop Shove-It\" rel=\"\" srcset=\"\/blog\/wp-content\/uploads\/2016\/09\/trick-tip-360-pop-shove-it-4.jpg 999w, \/blog\/wp-content\/uploads\/2016\/09\/trick-tip-360-pop-shove-it-4-600x400.jpg 600w, \/blog\/wp-content\/uploads\/2016\/09\/trick-tip-360-pop-shove-it-4-768x512.jpg 768w\" sizes=\"auto, (max-width: 999px) 100vw, 999px\" \/><img loading=\"lazy\" decoding=\"async\" width=\"999\" height=\"666\" src=\"\/blog\/wp-content\/uploads\/2016\/09\/trick-tip-360-pop-shove-it-5.jpg\" class=\"slider-122313 slide-122322\" alt=\"Skateboard Trick 360 Pop Shove-It\" data-caption=\"\" data-thumb=\"\" title=\"Skateboard Trick 360 Pop Shove-It\" rel=\"\" srcset=\"\/blog\/wp-content\/uploads\/2016\/09\/trick-tip-360-pop-shove-it-5.jpg 999w, \/blog\/wp-content\/uploads\/2016\/09\/trick-tip-360-pop-shove-it-5-600x400.jpg 600w, \/blog\/wp-content\/uploads\/2016\/09\/trick-tip-360-pop-shove-it-5-768x512.jpg 768w\" sizes=\"auto, (max-width: 999px) 100vw, 999px\" \/><img loading=\"lazy\" decoding=\"async\" width=\"999\" height=\"666\" src=\"\/blog\/wp-content\/uploads\/2016\/09\/trick-tip-360-pop-shove-it-6.jpg\" class=\"slider-122313 slide-122326\" alt=\"Skateboard Trick 360 Pop Shove-It\" data-caption=\"\" data-thumb=\"\" title=\"Skateboard Trick 360 Pop Shove-It\" rel=\"\" srcset=\"\/blog\/wp-content\/uploads\/2016\/09\/trick-tip-360-pop-shove-it-6.jpg 999w, \/blog\/wp-content\/uploads\/2016\/09\/trick-tip-360-pop-shove-it-6-600x400.jpg 600w, \/blog\/wp-content\/uploads\/2016\/09\/trick-tip-360-pop-shove-it-6-768x512.jpg 768w\" sizes=\"auto, (max-width: 999px) 100vw, 999px\" \/><img loading=\"lazy\" decoding=\"async\" width=\"999\" height=\"666\" src=\"\/blog\/wp-content\/uploads\/2016\/09\/trick-tip-360-pop-shove-it-7.jpg\" class=\"slider-122313 slide-122330\" alt=\"Skateboard Trick 360 Pop Shove-It\" data-caption=\"\" data-thumb=\"\" title=\"Skateboard Trick 360 Pop Shove-It\" rel=\"\" srcset=\"\/blog\/wp-content\/uploads\/2016\/09\/trick-tip-360-pop-shove-it-7.jpg 999w, \/blog\/wp-content\/uploads\/2016\/09\/trick-tip-360-pop-shove-it-7-600x400.jpg 600w, \/blog\/wp-content\/uploads\/2016\/09\/trick-tip-360-pop-shove-it-7-768x512.jpg 768w\" sizes=\"auto, (max-width: 999px) 100vw, 999px\" \/><img loading=\"lazy\" decoding=\"async\" width=\"999\" height=\"666\" src=\"\/blog\/wp-content\/uploads\/2016\/09\/trick-tip-360-pop-shove-it-8.jpg\" class=\"slider-122313 slide-122334\" alt=\"Skateboard Trick 360 Pop Shove-It\" data-caption=\"\" data-thumb=\"\" title=\"Skateboard Trick 360 Pop Shove-It\" rel=\"\" srcset=\"\/blog\/wp-content\/uploads\/2016\/09\/trick-tip-360-pop-shove-it-8.jpg 999w, \/blog\/wp-content\/uploads\/2016\/09\/trick-tip-360-pop-shove-it-8-600x400.jpg 600w, \/blog\/wp-content\/uploads\/2016\/09\/trick-tip-360-pop-shove-it-8-768x512.jpg 768w\" sizes=\"auto, (max-width: 999px) 100vw, 999px\" \/><img loading=\"lazy\" decoding=\"async\" width=\"999\" height=\"666\" src=\"\/blog\/wp-content\/uploads\/2016\/09\/trick-tip-360-pop-shove-it-9.jpg\" class=\"slider-122313 slide-122338\" alt=\"Skateboard Trick 360 Pop Shove-It\" data-caption=\"\" data-thumb=\"\" title=\"Skateboard Trick 360 Pop Shove-It\" rel=\"\" srcset=\"\/blog\/wp-content\/uploads\/2016\/09\/trick-tip-360-pop-shove-it-9.jpg 999w, \/blog\/wp-content\/uploads\/2016\/09\/trick-tip-360-pop-shove-it-9-600x400.jpg 600w, \/blog\/wp-content\/uploads\/2016\/09\/trick-tip-360-pop-shove-it-9-768x512.jpg 768w\" sizes=\"auto, (max-width: 999px) 100vw, 999px\" \/><img loading=\"lazy\" decoding=\"async\" width=\"999\" height=\"666\" src=\"\/blog\/wp-content\/uploads\/2016\/09\/trick-tip-360-pop-shove-it-10.jpg\" class=\"slider-122313 slide-122342\" alt=\"Skateboard Trick 360 Pop Shove-It\" data-caption=\"\" data-thumb=\"\" title=\"Skateboard Trick 360 Pop Shove-It\" rel=\"\" srcset=\"\/blog\/wp-content\/uploads\/2016\/09\/trick-tip-360-pop-shove-it-10.jpg 999w, \/blog\/wp-content\/uploads\/2016\/09\/trick-tip-360-pop-shove-it-10-600x400.jpg 600w, \/blog\/wp-content\/uploads\/2016\/09\/trick-tip-360-pop-shove-it-10-768x512.jpg 768w\" sizes=\"auto, (max-width: 999px) 100vw, 999px\" \/><img loading=\"lazy\" decoding=\"async\" width=\"999\" height=\"666\" src=\"\/blog\/wp-content\/uploads\/2016\/09\/trick-tip-360-pop-shove-it-11.jpg\" class=\"slider-122313 slide-122346\" alt=\"Skateboard Trick 360 Pop Shove-It\" data-caption=\"\" data-thumb=\"\" title=\"Skateboard Trick 360 Pop Shove-It\" rel=\"\" srcset=\"\/blog\/wp-content\/uploads\/2016\/09\/trick-tip-360-pop-shove-it-11.jpg 999w, \/blog\/wp-content\/uploads\/2016\/09\/trick-tip-360-pop-shove-it-11-600x400.jpg 600w, \/blog\/wp-content\/uploads\/2016\/09\/trick-tip-360-pop-shove-it-11-768x512.jpg 768w\" sizes=\"auto, (max-width: 999px) 100vw, 999px\" \/><\/div><\/div>\n        \n    <\/div>\n<\/div>\r\n\t\t<\/div>\r\n\t\t<\/div>\r\n\t\t\r\n\t<\/div>\r\n<\/div>\r\n\r\n<!-- .Ende der Sequenz -->\r\n\r\n<div class=\"post clearfix padding-bottom\">\r\n\t<div id=\"decks-allgemeines\" class=\"hide-for-small large-2 columns\">\r\n\t\t<div class=\"date-day\">360 Pop Shove-It<\/div>\r\n\t\t<div class=\"date-month\">Step By Step<\/div>\r\n\t<\/div>\r\n\r\n\t<div class=\"large-10 columns\">\r\n\t\r\n\t\t<h2 class=\"margin-top margin-bottom\" align=\"center\">Trick Tipp Step By Step: 360 Pop Shove-It<\/h2>\r\n\t\t\r\n\t\t<p align=\"center\"><small>Klicke auf die Bilder zum Vergr\u00f6\u00dfern<\/small>\r\n\t\t\r\n\t\t<div class=\"medium-12 columns margin-bottom\">\r\n\t\t\t\r\n\t\t\t<div class=\"small-12 medium-5 columns\">\r\n\t\t\t\t<a title=\"Klicke zum Vergr\u00f6\u00dfern\" href=\"\/blog\/wp-content\/uploads\/2016\/09\/skateboard-trick-tip-360-shove-it-1.jpg\" rel=\"lightbox[gallery-1] lightbox-0\">\r\n\t\t\t\t\t<img decoding=\"async\" src=\"data:image\/gif;base64,R0lGODlhAQABAIAAAAAAAP\/\/\/yH5BAEAAAAALAAAAAABAAEAAAIBRAA7\" data-src=\"\/blog\/wp-content\/uploads\/2016\/09\/skateboard-trick-tip-360-shove-it-1-thumb.jpg\" alt=\"Skateboard Trick 360 Pop Shove-It\" \/><noscript><img decoding=\"async\" src=\"\/blog\/wp-content\/uploads\/2016\/09\/skateboard-trick-tip-360-shove-it-1-thumb.jpg\" alt=\"Skateboard Trick 360 Pop Shove-It\" \/><\/noscript>\r\n\t\t\t\t<\/a>\t\t\t\r\n\t\t\t<\/div>\r\n\t\t\t\r\n\t\t\t<div class=\"small-12 medium-7 columns\">\r\n\t\t\t<p>\r\n\t\t\t<span class=\"h4\">1.<\/span>\r\n\t\t\tGenau wie beim Pop Shove-it, stellst du die F\u00fc\u00dfe in Ollie-Position. Dein hinterer Fu\u00df kann dabei etwas mehr in der Pocket der Seite stehen, um die sich dein Brett drehen soll.\r\n\t\t\t<\/p>\r\n\t\t\t<\/div>\r\n\t\t<\/div>\r\n\r\n\t\t\r\n\t\t<div class=\"medium-12 columns margin-bottom\">\r\n\t\t\r\n\t\t\t<!-- .jedes zweite Bild in diese DIV-Klasse -->\r\n\t\t\t<div class=\"small-12 medium-5 medium-push-7 columns\">\r\n\t\t\t\t<a title=\"Klicke zum Vergr\u00f6\u00dfern\" href=\"\/blog\/wp-content\/uploads\/2016\/09\/skateboard-trick-tip-360-shove-it-2.jpg\" rel=\"lightbox[gallery-1] lightbox-1\">\r\n\t\t\t\t\t<img decoding=\"async\" src=\"data:image\/gif;base64,R0lGODlhAQABAIAAAAAAAP\/\/\/yH5BAEAAAAALAAAAAABAAEAAAIBRAA7\" data-src=\"\/blog\/wp-content\/uploads\/2016\/09\/skateboard-trick-tip-360-shove-it-2-thumb.jpg\" alt=\"Skateboard Trick 360 Pop Shove-It\" \/><noscript><img decoding=\"async\" src=\"\/blog\/wp-content\/uploads\/2016\/09\/skateboard-trick-tip-360-shove-it-2-thumb.jpg\" alt=\"Skateboard Trick 360 Pop Shove-It\" \/><\/noscript>\r\n\t\t\t\t<\/a>\t\t\t\t\r\n\t\t\t<\/div>\r\n\t\t\r\n\t\t\t<!-- .jeden zweiten Text in diese DIV-Klasse -->\r\n\t\t\t<div class=\"small-12 medium-7 medium-pull-5 columns\">\r\n\t\t\t<p>\r\n\t\t\t<span class=\"h4\">2.<\/span>\r\n\t\t\tBeim Abpoppen l\u00e4sst du das Tail des Boards leicht \u00fcber den Boden schleifen, indem du es mit dem Ballen hinter dich schiebst, wodurch es zur Rotation kommt.<\/p> <p>Um jetzt mehr als 180 Grad zu schaffen, musst du mehr Kraft und Druck auf das Tail geben, damit sich das Brett schneller dreht.\r\n\t\t\t<\/p>\r\n\t\t\t<\/div>\r\n\t\t\t\t\t\r\n\t\t<\/div>\r\n\t\t\r\n\t\t<div class=\"medium-12 columns margin-bottom\">\r\n\t\t\t\r\n\t\t\t<div class=\"small-12 medium-5 columns\">\r\n\t\t\t\t<a title=\"Klicke zum Vergr\u00f6\u00dfern\" href=\"\/blog\/wp-content\/uploads\/2016\/09\/skateboard-trick-tip-360-shove-it-3.jpg\" rel=\"lightbox[gallery-1] lightbox-2\">\r\n\t\t\t\t\t<img decoding=\"async\" src=\"data:image\/gif;base64,R0lGODlhAQABAIAAAAAAAP\/\/\/yH5BAEAAAAALAAAAAABAAEAAAIBRAA7\" data-src=\"\/blog\/wp-content\/uploads\/2016\/09\/skateboard-trick-tip-360-shove-it-3-thumb.jpg\" alt=\"Skateboard Trick 360 Pop Shove-It\" \/><noscript><img decoding=\"async\" src=\"\/blog\/wp-content\/uploads\/2016\/09\/skateboard-trick-tip-360-shove-it-3-thumb.jpg\" alt=\"Skateboard Trick 360 Pop Shove-It\" \/><\/noscript>\r\n\t\t\t\t<\/a>\t\t\r\n\t\t\t<\/div>\r\n\t\t\t\r\n\t\t\t<div class=\"small-12 medium-7 columns\">\r\n\t\t\t<p>\r\n\t\t\t<span class=\"h4\">3.<\/span>\r\n\t\t\tDer Vorderfu\u00df hat dabei relativ wenig zu tun, au\u00dfer dem Board Platz zu machen, indem du ihn nach Oben hin anhebst.<\/p> <p>Anfangs kann das schwer sein, da das Board durch den h\u00f6heren Krafteinsatz auch schwerer zu kontrollieren ist. \r\n\t\t\t<\/p>\r\n\t\t\t<\/div>\r\n\t\t<\/div>\r\n\t\t\r\n\t\t<div class=\"medium-12 columns margin-bottom\">\r\n\t\t\r\n\t\t\t<div class=\"small-12 medium-5 medium-push-7 columns\">\r\n\t\t\t\t<a title=\"Klicke zum Vergr\u00f6\u00dfern\" href=\"\/blog\/wp-content\/uploads\/2016\/09\/skateboard-trick-tip-360-shove-it-4.jpg\" rel=\"lightbox[gallery-1] lightbox-3\">\r\n\t\t\t\t\t<img decoding=\"async\" src=\"data:image\/gif;base64,R0lGODlhAQABAIAAAAAAAP\/\/\/yH5BAEAAAAALAAAAAABAAEAAAIBRAA7\" data-src=\"\/blog\/wp-content\/uploads\/2016\/09\/skateboard-trick-tip-360-shove-it-4-thumb.jpg\" alt=\"Skateboard Trick 360 Pop Shove-It\" \/><noscript><img decoding=\"async\" src=\"\/blog\/wp-content\/uploads\/2016\/09\/skateboard-trick-tip-360-shove-it-4-thumb.jpg\" alt=\"Skateboard Trick 360 Pop Shove-It\" \/><\/noscript>\r\n\t\t\t\t<\/a>\t\t\t\t\t\r\n\t\t\t<\/div>\r\n\t\t\r\n\t\t\t<div class=\"small-12 medium-7 medium-pull-5 columns\">\r\n\t\t\t<p>\r\n\t\t\t<span class=\"h4\">4.<\/span>\r\n\t\t\tUmso wichtiger ist es bei diesem Trick, genau das richtige Timing und die richtige Kraft zu finden, damit das Board sich genau um 360 Grad dreht.\t\t\r\n\t\t\t<\/p>\r\n\t\t\t<\/div>\r\n\t\t\r\n\t\t<\/div>\r\n\t\t\r\n\t\t<div class=\"medium-12 columns margin-bottom\">\r\n\t\t\r\n\t\t\t<div class=\"medium-5 columns\">\r\n\t\t\t\t<a title=\"Klicke zum Vergr\u00f6\u00dfern\" href=\"\/blog\/wp-content\/uploads\/2016\/09\/skateboard-trick-tip-360-shove-it-5.jpg\" rel=\"lightbox[gallery-1] lightbox-4\">\r\n\t\t\t\t\t<img decoding=\"async\" src=\"data:image\/gif;base64,R0lGODlhAQABAIAAAAAAAP\/\/\/yH5BAEAAAAALAAAAAABAAEAAAIBRAA7\" data-src=\"\/blog\/wp-content\/uploads\/2016\/09\/skateboard-trick-tip-360-shove-it-5-thumb.jpg\" alt=\"Skateboard Trick 360 Pop Shove-It\" \/><noscript><img decoding=\"async\" src=\"\/blog\/wp-content\/uploads\/2016\/09\/skateboard-trick-tip-360-shove-it-5-thumb.jpg\" alt=\"Skateboard Trick 360 Pop Shove-It\" \/><\/noscript>\r\n\t\t\t\t<\/a>\t\t\t\t\t\t\t\r\n\t\t\t<\/div>\r\n\t\t\t\r\n\t\t\t<div class=\"medium-7 columns\">\r\n\t\t\t<p>\r\n\t\t\t<span class=\"h4\">5.<\/span>\r\n\t\t\tSobald du die richtige Dosis gefunden hast, versuche das Board nach vollendeter Drehung zu catchen, also in der Luft mit beiden F\u00fc\u00dfen zu fangen.\t\t\t\r\n\t\t\t<\/p>\r\n\t\t\t\r\n\t\t\t<\/div>\r\n\r\n\t\t\t<div class=\"medium-12 columns margin-bottom\">\r\n\t\t\r\n\t\t\t<div class=\"small-12 medium-5 medium-push-7 columns\">\r\n\t\t\t\t<a title=\"Klicke zum Vergr\u00f6\u00dfern\" href=\"\/blog\/wp-content\/uploads\/2016\/09\/skateboard-trick-tip-360-shove-it-6.jpg\" rel=\"lightbox[gallery-1] lightbox-5\">\r\n\t\t\t\t\t<img decoding=\"async\" src=\"data:image\/gif;base64,R0lGODlhAQABAIAAAAAAAP\/\/\/yH5BAEAAAAALAAAAAABAAEAAAIBRAA7\" data-src=\"\/blog\/wp-content\/uploads\/2016\/09\/skateboard-trick-tip-360-shove-it-6-thumb.jpg\" alt=\"Skateboard Trick 360 Pop Shove-It\" \/><noscript><img decoding=\"async\" src=\"\/blog\/wp-content\/uploads\/2016\/09\/skateboard-trick-tip-360-shove-it-6-thumb.jpg\" alt=\"Skateboard Trick 360 Pop Shove-It\" \/><\/noscript>\r\n\t\t\t\t<\/a>\t\t\t\t\t\r\n\t\t\t<\/div>\r\n\t\t\r\n\t\t\t<div class=\"small-12 medium-7 medium-pull-5 columns\">\r\n\t\t\t<p>\r\n\t\t\t<span class=\"h4\">6.<\/span>\r\n\t\t\tBei der Landung solltest du mit den F\u00fc\u00dfen auf den Achsen landen, um die Kraft gleichm\u00e4\u00dfig auf das Brett zu verteilen.\r\n\t\t\t<\/p>\r\n\t\t\t<\/div>\r\n\t\t<\/div>\r\n\t\t<\/div>\r\n\t<\/div>\r\n<\/div>\r\n\r\n<!-- .Ende der Step By Step Anleitung -->\r\n\r\n<div class=\"post clearfix padding-bottom\">\r\n\t<div id=\"decks-allgemeines\" class=\"hide-for-small large-2 columns\">\r\n\t\t<div class=\"date-day\">Mehr Tricks<\/div>\r\n\t\t<div class=\"date-month\">?<\/div>\r\n\t<\/div>\r\n\r\n\t<div class=\"large-10 columns\">\r\n\t\r\n\t\t<h3 class=\"margin-top margin-bottom\" align=\"center\">Welcher Trick als n\u00e4chstes?<\/h2>\r\n\t\t\r\n\t\t<p>\r\n\t\tDeine 360 Shove-Its sitzen? Dann ist es Zeit f\u00fcr den n\u00e4chsten Trick! Wie w\u00e4re es, wenn du deinem Brett noch ein paar weitere Rotationen beibringst? Dieses Mal aber um die L\u00e4ngsachse! 360 Flip und Hardflip sollten deine n\u00e4chsten Ziele sein.<\/p> <p>Lieber etwas anderes? Dann klick dich einfach durch die verschiedenen <a title=\"zu den Skateboard Trick Tipps Flat\" href=\"\/blog\/de\/trick-tipps\/skateboard\/flat\/\">Trick Tipps f\u00fcr&#8217;s Flat<\/a>, <a title=\"zu den Skateboard Trick Tipps Flat\" href=\"\/blog\/de\/trick-tipps\/skateboard\/curb-rail\/\">Curb und Rail<\/a> oder <a title=\"zu den Skateboard Trick Tipps Flat\" href=\"\/blog\/de\/trick-tipps\/skateboard\/transition\/\">Transition.<\/a>\r\n\t\t<\/p>\r\n\t\t\r\n\t\t<div class=\"medium-12 small-12 columns\">\r\n\t\t\t<a title=\"zu den Skateboard Trick Tipps Flat\" href=\"\/blog\/de\/trick-tipps\/skateboard\/flat\/\" class=\"button-auto\">Skateboard Trick Tipps | Flat<\/a>\r\n\t\t\t<br><br>\r\n\t\t\t\r\n\t\t\t<div class=\"medium-6 small-12 columns\">\r\n\t\t\t<a title=\"zu den Skateboard Trick Tipps Curb &#038; Rail\" href=\"\/blog\/de\/trick-tipps\/skateboard\/curb-rail\/\" class=\"button-auto\">Skateboard Trick Tipps | Curb &#038; Rail<\/a>\r\n\t\t\t<br><br>\r\n\t\t\t<\/div>\r\n\t\t\t\r\n\t\t\t<div class=\"medium-6 small-12 columns\">\r\n\t\t\t<a title=\"zu den Skateboard Trick Tipps Transition\" href=\"\/blog\/de\/trick-tipps\/skateboard\/transition\/\" class=\"button-auto\">Skateboard Trick Tipps | Transition<\/a>\r\n\t\t\t<br><br>\r\n\t\t\t<\/div>\r\n\t\t\t\r\n\t\t<\/div>\r\n\t\t\r\n\t\t\r\n\t<\/div>\r\n<\/div><div class=\"ShariffSC\" style=\"shariff-shop\"><div class=\"shariff\" data-url=\"https:\/\/skatedeluxe.com\/blog\/de\/trick-tipps\/skateboard\/flat\/how-to-360-pop-shove-it\/\" data-title=\"360 Pop Shove It &#8211; Skateboard Trick Tipp\" data-services='[\"facebooklike\", \"facebook\"]' data-backend-url='\/shariff\/'><\/div><\/div>","protected":false},"excerpt":{"rendered":"<p>Trick Tipp 360 Pop Shove-It Der 360 Pop Shove-it ist schon ein komplizierterer Flip als der Pop Shove-it, da sich das Brett hier einmal komplett um die Vorderkante dreht. Dieser Trick kommt nicht nur beim n\u00e4chsten S.K.A.T.E. gut, sondern sieht auch ordentlich stylisch aus. Zudem kannst du ihn nutzen, um in Slides wie Noseslides oder <a class=\"read-more\" href=\"https:\/\/skatedeluxe.com\/blog\/de\/trick-tipps\/skateboard\/flat\/how-to-360-pop-shove-it\/\">[&#8230;]<\/a><\/p>\n","protected":false},"author":54,"featured_media":123740,"parent":21467,"menu_order":17,"comment_status":"closed","ping_status":"closed","template":"page-templates\/teasing-page.php","meta":{"footnotes":""},"class_list":["post-122214","page","type-page","status-publish","has-post-thumbnail","hentry"],"aioseo_notices":[],"amp_enabled":false,"_links":{"self":[{"href":"https:\/\/skatedeluxe.com\/blog\/de\/wp-json\/wp\/v2\/pages\/122214","targetHints":{"allow":["GET"]}}],"collection":[{"href":"https:\/\/skatedeluxe.com\/blog\/de\/wp-json\/wp\/v2\/pages"}],"about":[{"href":"https:\/\/skatedeluxe.com\/blog\/de\/wp-json\/wp\/v2\/types\/page"}],"author":[{"embeddable":true,"href":"https:\/\/skatedeluxe.com\/blog\/de\/wp-json\/wp\/v2\/users\/54"}],"replies":[{"embeddable":true,"href":"https:\/\/skatedeluxe.com\/blog\/de\/wp-json\/wp\/v2\/comments?post=122214"}],"version-history":[{"count":10,"href":"https:\/\/skatedeluxe.com\/blog\/de\/wp-json\/wp\/v2\/pages\/122214\/revisions"}],"predecessor-version":[{"id":143959,"href":"https:\/\/skatedeluxe.com\/blog\/de\/wp-json\/wp\/v2\/pages\/122214\/revisions\/143959"}],"up":[{"embeddable":true,"href":"https:\/\/skatedeluxe.com\/blog\/de\/wp-json\/wp\/v2\/pages\/21467"}],"wp:featuredmedia":[{"embeddable":true,"href":"https:\/\/skatedeluxe.com\/blog\/de\/wp-json\/wp\/v2\/media\/123740"}],"wp:attachment":[{"href":"https:\/\/skatedeluxe.com\/blog\/de\/wp-json\/wp\/v2\/media?parent=122214"}],"curies":[{"name":"wp","href":"https:\/\/api.w.org\/{rel}","templated":true}]}}