{"id":120148,"date":"2016-12-22T18:11:45","date_gmt":"2016-12-22T17:11:45","guid":{"rendered":"https:\/\/admin.skatedeluxe.com\/blog\/de\/?page_id=120148"},"modified":"2018-05-09T12:17:17","modified_gmt":"2018-05-09T10:17:17","slug":"how-to-rock-n-roll","status":"publish","type":"page","link":"https:\/\/skatedeluxe.com\/blog\/de\/trick-tipps\/skateboard\/transition\/how-to-rock-n-roll\/","title":{"rendered":"Rock &#8217;n&#8216; Roll &#8211; Skateboard Trick Tipp"},"content":{"rendered":"<div class=\"post clearfix padding-bottom\">\r\n\t<div id=\"decks-allgemeines\" class=\"hide-for-small large-2 columns\">\r\n\t\t<div class=\"date-day\">Trick Tipp<\/div>\r\n\t\t<div class=\"date-month\">Rock &#8217;n&#8216; Roll<\/div>\r\n\t<\/div>\r\n\r\n\t<div class=\"large-10 columns\">\r\n\t\r\n\t\t<p>\r\n\t\tRock &#8217;n&#8216; Roll bedeutet, dass du nach dem Rock Stall nicht wie beim Rock to Fakie r\u00fcckw\u00e4rts wieder in die Quarter f\u00e4hrst, sondern nach dem L\u00f6sen der Vorderachse eine 180 Grad Drehung machst und in deiner normalen Fahrtrichtung zur\u00fcck in die Quarter droppst. <\/p><p>Dieser Trick sieht vielleicht nicht \u00fcberm\u00e4\u00dfig spektakul\u00e4r aus, macht aber eine Menge Spa\u00df. Gerade in Kombination mit anderen Lip Tricks ist der Rock \u2018n\u2019 Roll gut, um deinen Stance weiter regular zu halten. <\/p><p>So oder so ist der Rock \u2018n\u2019 Roll ein elementarer Bestandteil deines Transition Repertoires, den du immer wieder brauchen wirst.   \r\n\t\t<\/p>\r\n\t\r\n\t\t<p>\r\n\t\tHier erf\u00e4hrst du, wie der Rock &#8217;n&#8216; Roll funktioniert.\r\n\t\t<\/p>\r\n\t\t\r\n\t<\/div>\r\n<\/div>\r\n\r\n<!-- .Ende des Einleitungsbereichs -->\r\n\r\n<div class=\"post clearfix padding-bottom\">\r\n\t<div id=\"decks-allgemeines\" class=\"hide-for-small large-2 columns\">\r\n\t\t<div class=\"date-day\">Rock &#8217;n&#8216; Roll<\/div>\r\n\t\t<div class=\"date-month\">Video<\/div>\r\n\t<\/div>\r\n \r\n\t<div class=\"large-10 columns\">\r\n\t\r\n\t\t<h2 class=\"margin-top margin-bottom\" align=\"center\">Trick Tipp Video: Rock &#8217;n&#8216; Roll<\/h2>\r\n\t\t\r\n\t\t<div class=\"medium-12 small-12 columns\">\r\n\t\t<div class=\"medium-10 columns medium-centered medium-offset-1 columns margin-bottom\">\r\n\r\n\t\t<div class=\"flex-video\">\r\n\t\t\t<iframe width=\"1280\" height=\"720\" data-src=\"https:\/\/www.youtube-nocookie.com\/embed\/kX-Q-Wj3PI4?showinfo=0\" frameborder=\"0\" allowfullscreen allow=\"autoplay; encrypted-media\"><\/iframe><noscript><iframe loading=\"lazy\" width=\"1280\" height=\"720\" src=\"https:\/\/www.youtube-nocookie.com\/embed\/kX-Q-Wj3PI4?showinfo=0\" frameborder=\"0\" allowfullscreen allow=\"autoplay; encrypted-media\"><\/iframe><\/noscript>\r\n\t\t<\/div>\r\n\t\t\t<div class=\"ShariffSC\" style=\"shariff-shop\"><div class=\"shariff\" data-url=\"https:\/\/skatedeluxe.com\/blog\/de\/trick-tipps\/skateboard\/transition\/how-to-rock-n-roll\/\" data-title=\"Rock &#8217;n&#8216; Roll &#8211; Skateboard Trick Tipp\" data-services='[\"facebooklike\", \"facebook\"]' data-backend-url='\/shariff\/'><\/div><\/div> <!-- .Social Leiste unterhalb des Videos -->\r\n\t\t<\/div>\r\n\t\t<\/div>\r\n\t\t\r\n\t<\/div>\r\n<\/div>\r\n\r\n<!-- .Ende des Videobereichs -->\r\n\r\n<div class=\"post clearfix padding-bottom\">\r\n\t<div id=\"decks-allgemeines\" class=\"hide-for-small large-2 columns\">\r\n\t\t<div class=\"date-day\">Rock &#8217;n&#8216; Roll<\/div>\r\n\t\t<div class=\"date-month\">Sequenz<\/div>\r\n\t<\/div>\r\n\r\n\t<div class=\"large-10 columns\">\r\n\t\r\n\t\t<h2 class=\"margin-top margin-bottom\" align=\"center\">Trick Tipp Sequenz: Rock &#8217;n&#8216; Roll<\/h2>\r\n\t\t\r\n\t\t<div class=\"medium-12 small-12 columns\">\r\n\t\t<div class=\"medium-10 columns medium-centered medium-offset-1 columns margin-bottom\">\r\n\t\t<div id=\"metaslider-id-120899\" style=\"max-width: 999px; margin: 0 auto;\" class=\"ml-slider-3-98-0 ml-slider-pro-2-6-6 metaslider metaslider-nivo metaslider-120899 ml-slider ms-theme-_theme_1463567531\" role=\"region\" aria-roledescription=\"Slideshow\" aria-label=\"Rock n Roll - Trick Tip\" data-width=\"999\">\n    <div id=\"metaslider_container_120899\">\n        <div class='slider-wrapper theme-default'><div class='ribbon'><\/div><div id='metaslider_120899' class='nivoSlider'><img loading=\"lazy\" decoding=\"async\" width=\"999\" height=\"666\" src=\"\/blog\/wp-content\/uploads\/2016\/09\/trick-tip-rock-n-roll-1.jpg\" class=\"slider-120899 slide-120880\" alt=\"Skateboard Trick Rock n Roll\" data-caption=\"\" data-thumb=\"\" title=\"Skateboard Trick Rock n Roll\" rel=\"\" srcset=\"\/blog\/wp-content\/uploads\/2016\/09\/trick-tip-rock-n-roll-1.jpg 999w, \/blog\/wp-content\/uploads\/2016\/09\/trick-tip-rock-n-roll-1-600x400.jpg 600w, \/blog\/wp-content\/uploads\/2016\/09\/trick-tip-rock-n-roll-1-768x512.jpg 768w\" sizes=\"auto, (max-width: 999px) 100vw, 999px\" \/><img loading=\"lazy\" decoding=\"async\" width=\"999\" height=\"666\" src=\"\/blog\/wp-content\/uploads\/2016\/09\/trick-tip-rock-n-roll-2.jpg\" class=\"slider-120899 slide-120884\" alt=\"Skateboard Trick Rock n Roll\" data-caption=\"\" data-thumb=\"\" title=\"Skateboard Trick Rock n Roll\" rel=\"\" srcset=\"\/blog\/wp-content\/uploads\/2016\/09\/trick-tip-rock-n-roll-2.jpg 999w, \/blog\/wp-content\/uploads\/2016\/09\/trick-tip-rock-n-roll-2-600x400.jpg 600w, \/blog\/wp-content\/uploads\/2016\/09\/trick-tip-rock-n-roll-2-768x512.jpg 768w\" sizes=\"auto, (max-width: 999px) 100vw, 999px\" \/><img loading=\"lazy\" decoding=\"async\" width=\"999\" height=\"666\" src=\"\/blog\/wp-content\/uploads\/2016\/09\/trick-tip-rock-n-roll-3.jpg\" class=\"slider-120899 slide-120888\" alt=\"Skateboard Trick Rock n Roll\" data-caption=\"\" data-thumb=\"\" title=\"Skateboard Trick Rock n Roll\" rel=\"\" srcset=\"\/blog\/wp-content\/uploads\/2016\/09\/trick-tip-rock-n-roll-3.jpg 999w, \/blog\/wp-content\/uploads\/2016\/09\/trick-tip-rock-n-roll-3-600x400.jpg 600w, \/blog\/wp-content\/uploads\/2016\/09\/trick-tip-rock-n-roll-3-768x512.jpg 768w\" sizes=\"auto, (max-width: 999px) 100vw, 999px\" \/><img loading=\"lazy\" decoding=\"async\" width=\"999\" height=\"666\" src=\"\/blog\/wp-content\/uploads\/2016\/09\/trick-tip-rock-n-roll-4.jpg\" class=\"slider-120899 slide-120892\" alt=\"Skateboard Trick Rock n Roll\" data-caption=\"\" data-thumb=\"\" title=\"Skateboard Trick Rock n Roll\" rel=\"\" srcset=\"\/blog\/wp-content\/uploads\/2016\/09\/trick-tip-rock-n-roll-4.jpg 999w, \/blog\/wp-content\/uploads\/2016\/09\/trick-tip-rock-n-roll-4-600x400.jpg 600w, \/blog\/wp-content\/uploads\/2016\/09\/trick-tip-rock-n-roll-4-768x512.jpg 768w\" sizes=\"auto, (max-width: 999px) 100vw, 999px\" \/><img loading=\"lazy\" decoding=\"async\" width=\"999\" height=\"666\" src=\"\/blog\/wp-content\/uploads\/2016\/09\/trick-tip-rock-n-roll-5.jpg\" class=\"slider-120899 slide-120896\" alt=\"Skateboard Trick Rock n Roll\" data-caption=\"\" data-thumb=\"\" title=\"Skateboard Trick Rock n Roll\" rel=\"\" srcset=\"\/blog\/wp-content\/uploads\/2016\/09\/trick-tip-rock-n-roll-5.jpg 999w, \/blog\/wp-content\/uploads\/2016\/09\/trick-tip-rock-n-roll-5-600x400.jpg 600w, \/blog\/wp-content\/uploads\/2016\/09\/trick-tip-rock-n-roll-5-768x512.jpg 768w\" sizes=\"auto, (max-width: 999px) 100vw, 999px\" \/><img loading=\"lazy\" decoding=\"async\" width=\"999\" height=\"666\" src=\"\/blog\/wp-content\/uploads\/2016\/09\/trick-tip-rock-n-roll-6.jpg\" class=\"slider-120899 slide-120901\" alt=\"Skateboard Trick Rock n Roll\" data-caption=\"\" data-thumb=\"\" title=\"Skateboard Trick Rock n Roll\" rel=\"\" srcset=\"\/blog\/wp-content\/uploads\/2016\/09\/trick-tip-rock-n-roll-6.jpg 999w, \/blog\/wp-content\/uploads\/2016\/09\/trick-tip-rock-n-roll-6-600x400.jpg 600w, \/blog\/wp-content\/uploads\/2016\/09\/trick-tip-rock-n-roll-6-768x512.jpg 768w\" sizes=\"auto, (max-width: 999px) 100vw, 999px\" \/><img loading=\"lazy\" decoding=\"async\" width=\"999\" height=\"666\" src=\"\/blog\/wp-content\/uploads\/2016\/09\/trick-tip-rock-n-roll-7.jpg\" class=\"slider-120899 slide-120905\" alt=\"Skateboard Trick Rock n Roll\" data-caption=\"\" data-thumb=\"\" title=\"Skateboard Trick Rock n Roll\" rel=\"\" srcset=\"\/blog\/wp-content\/uploads\/2016\/09\/trick-tip-rock-n-roll-7.jpg 999w, \/blog\/wp-content\/uploads\/2016\/09\/trick-tip-rock-n-roll-7-600x400.jpg 600w, \/blog\/wp-content\/uploads\/2016\/09\/trick-tip-rock-n-roll-7-768x512.jpg 768w\" sizes=\"auto, (max-width: 999px) 100vw, 999px\" \/><img loading=\"lazy\" decoding=\"async\" width=\"999\" height=\"666\" src=\"\/blog\/wp-content\/uploads\/2016\/09\/trick-tip-rock-n-roll-8.jpg\" class=\"slider-120899 slide-120909\" alt=\"Skateboard Trick Rock n Roll\" data-caption=\"\" data-thumb=\"\" title=\"Skateboard Trick Rock n Roll\" rel=\"\" srcset=\"\/blog\/wp-content\/uploads\/2016\/09\/trick-tip-rock-n-roll-8.jpg 999w, \/blog\/wp-content\/uploads\/2016\/09\/trick-tip-rock-n-roll-8-600x400.jpg 600w, \/blog\/wp-content\/uploads\/2016\/09\/trick-tip-rock-n-roll-8-768x512.jpg 768w\" sizes=\"auto, (max-width: 999px) 100vw, 999px\" \/><img loading=\"lazy\" decoding=\"async\" width=\"999\" height=\"666\" src=\"\/blog\/wp-content\/uploads\/2016\/09\/trick-tip-rock-n-roll-9.jpg\" class=\"slider-120899 slide-120913\" alt=\"Skateboard Trick Rock n Roll\" data-caption=\"\" data-thumb=\"\" title=\"Skateboard Trick Rock n Roll\" rel=\"\" srcset=\"\/blog\/wp-content\/uploads\/2016\/09\/trick-tip-rock-n-roll-9.jpg 999w, \/blog\/wp-content\/uploads\/2016\/09\/trick-tip-rock-n-roll-9-600x400.jpg 600w, \/blog\/wp-content\/uploads\/2016\/09\/trick-tip-rock-n-roll-9-768x512.jpg 768w\" sizes=\"auto, (max-width: 999px) 100vw, 999px\" \/><img loading=\"lazy\" decoding=\"async\" width=\"999\" height=\"666\" src=\"\/blog\/wp-content\/uploads\/2016\/09\/trick-tip-rock-n-roll-10.jpg\" class=\"slider-120899 slide-120917\" alt=\"Skateboard Trick Rock n Roll\" data-caption=\"\" data-thumb=\"\" title=\"Skateboard Trick Rock n Roll\" rel=\"\" srcset=\"\/blog\/wp-content\/uploads\/2016\/09\/trick-tip-rock-n-roll-10.jpg 999w, \/blog\/wp-content\/uploads\/2016\/09\/trick-tip-rock-n-roll-10-600x400.jpg 600w, \/blog\/wp-content\/uploads\/2016\/09\/trick-tip-rock-n-roll-10-768x512.jpg 768w\" sizes=\"auto, (max-width: 999px) 100vw, 999px\" \/><img loading=\"lazy\" decoding=\"async\" width=\"999\" height=\"666\" src=\"\/blog\/wp-content\/uploads\/2016\/09\/trick-tip-rock-n-roll-11.jpg\" class=\"slider-120899 slide-120921\" alt=\"Skateboard Trick Rock n Roll\" data-caption=\"\" data-thumb=\"\" title=\"Skateboard Trick Rock n Roll\" rel=\"\" srcset=\"\/blog\/wp-content\/uploads\/2016\/09\/trick-tip-rock-n-roll-11.jpg 999w, \/blog\/wp-content\/uploads\/2016\/09\/trick-tip-rock-n-roll-11-600x400.jpg 600w, \/blog\/wp-content\/uploads\/2016\/09\/trick-tip-rock-n-roll-11-768x512.jpg 768w\" sizes=\"auto, (max-width: 999px) 100vw, 999px\" \/><img loading=\"lazy\" decoding=\"async\" width=\"999\" height=\"666\" src=\"\/blog\/wp-content\/uploads\/2016\/09\/trick-tip-rock-n-roll-12.jpg\" class=\"slider-120899 slide-120925\" alt=\"Skateboard Trick Rock n Roll\" data-caption=\"\" data-thumb=\"\" title=\"Skateboard Trick Rock n Roll\" rel=\"\" srcset=\"\/blog\/wp-content\/uploads\/2016\/09\/trick-tip-rock-n-roll-12.jpg 999w, \/blog\/wp-content\/uploads\/2016\/09\/trick-tip-rock-n-roll-12-600x400.jpg 600w, \/blog\/wp-content\/uploads\/2016\/09\/trick-tip-rock-n-roll-12-768x512.jpg 768w\" sizes=\"auto, (max-width: 999px) 100vw, 999px\" \/><img loading=\"lazy\" decoding=\"async\" width=\"999\" height=\"666\" src=\"\/blog\/wp-content\/uploads\/2016\/09\/trick-tip-rock-n-roll-13.jpg\" class=\"slider-120899 slide-120929\" alt=\"Skateboard Trick Rock n Roll\" data-caption=\"\" data-thumb=\"\" title=\"Skateboard Trick Rock n Roll\" rel=\"\" srcset=\"\/blog\/wp-content\/uploads\/2016\/09\/trick-tip-rock-n-roll-13.jpg 999w, \/blog\/wp-content\/uploads\/2016\/09\/trick-tip-rock-n-roll-13-600x400.jpg 600w, \/blog\/wp-content\/uploads\/2016\/09\/trick-tip-rock-n-roll-13-768x512.jpg 768w\" sizes=\"auto, (max-width: 999px) 100vw, 999px\" \/><img loading=\"lazy\" decoding=\"async\" width=\"999\" height=\"666\" src=\"\/blog\/wp-content\/uploads\/2016\/09\/trick-tip-rock-n-roll-14.jpg\" class=\"slider-120899 slide-120933\" alt=\"Skateboard Trick Rock n Roll\" data-caption=\"\" data-thumb=\"\" title=\"Skateboard Trick Rock n Roll\" rel=\"\" srcset=\"\/blog\/wp-content\/uploads\/2016\/09\/trick-tip-rock-n-roll-14.jpg 999w, \/blog\/wp-content\/uploads\/2016\/09\/trick-tip-rock-n-roll-14-600x400.jpg 600w, \/blog\/wp-content\/uploads\/2016\/09\/trick-tip-rock-n-roll-14-768x512.jpg 768w\" sizes=\"auto, (max-width: 999px) 100vw, 999px\" \/><img loading=\"lazy\" decoding=\"async\" width=\"999\" height=\"666\" src=\"\/blog\/wp-content\/uploads\/2016\/09\/trick-tip-rock-n-roll-15.jpg\" class=\"slider-120899 slide-120937\" alt=\"Skateboard Trick Rock n Roll\" data-caption=\"\" data-thumb=\"\" title=\"Skateboard Trick Rock n Roll\" rel=\"\" srcset=\"\/blog\/wp-content\/uploads\/2016\/09\/trick-tip-rock-n-roll-15.jpg 999w, \/blog\/wp-content\/uploads\/2016\/09\/trick-tip-rock-n-roll-15-600x400.jpg 600w, \/blog\/wp-content\/uploads\/2016\/09\/trick-tip-rock-n-roll-15-768x512.jpg 768w\" sizes=\"auto, (max-width: 999px) 100vw, 999px\" \/><img loading=\"lazy\" decoding=\"async\" width=\"999\" height=\"666\" src=\"\/blog\/wp-content\/uploads\/2016\/09\/trick-tip-rock-n-roll-16.jpg\" class=\"slider-120899 slide-120941\" alt=\"Skateboard Trick Rock n Roll\" data-caption=\"\" data-thumb=\"\" title=\"Skateboard Trick Rock n Roll\" rel=\"\" srcset=\"\/blog\/wp-content\/uploads\/2016\/09\/trick-tip-rock-n-roll-16.jpg 999w, \/blog\/wp-content\/uploads\/2016\/09\/trick-tip-rock-n-roll-16-600x400.jpg 600w, \/blog\/wp-content\/uploads\/2016\/09\/trick-tip-rock-n-roll-16-768x512.jpg 768w\" sizes=\"auto, (max-width: 999px) 100vw, 999px\" \/><\/div><\/div>\n        \n    <\/div>\n<\/div>\r\n\t\t<\/div>\r\n\t\t<\/div>\r\n\t\t\r\n\t<\/div>\r\n<\/div>\r\n\r\n<!-- .Ende der Sequenz -->\r\n\r\n<div class=\"post clearfix padding-bottom\">\r\n\t<div id=\"decks-allgemeines\" class=\"hide-for-small large-2 columns\">\r\n\t\t<div class=\"date-day\">Rock &#8217;n&#8216; Roll<\/div>\r\n\t\t<div class=\"date-month\">Step By Step<\/div>\r\n\t<\/div>\r\n\r\n\t<div class=\"large-10 columns\">\r\n\t\r\n\t\t<h2 class=\"margin-top margin-bottom\" align=\"center\">Trick Tipp Step By Step: Rock &#8217;n&#8216; Roll<\/h2>\r\n\t\t\r\n\t\t<p align=\"center\"><small>Klicke auf die Bilder zum Vergr\u00f6\u00dfern<\/small>\r\n\t\t\r\n\t\t<div class=\"medium-12 columns margin-bottom\">\r\n\t\t\t\r\n\t\t\t<div class=\"small-12 medium-5 columns\">\r\n\t\t\t\t<a title=\"Klicke zum Vergr\u00f6\u00dfern\" href=\"\/blog\/wp-content\/uploads\/2016\/09\/skateboard-trick-tip-rock-n-roll-1.jpg\" rel=\"lightbox[gallery-1] lightbox-0\">\r\n\t\t\t\t\t<img decoding=\"async\" src=\"data:image\/gif;base64,R0lGODlhAQABAIAAAAAAAP\/\/\/yH5BAEAAAAALAAAAAABAAEAAAIBRAA7\" data-src=\"\/blog\/wp-content\/uploads\/2016\/09\/skateboard-trick-tip-rock-n-roll-1-thumb.jpg\" alt=\"Skateboard Trick Rock 'n' Roll\" \/><noscript><img decoding=\"async\" src=\"\/blog\/wp-content\/uploads\/2016\/09\/skateboard-trick-tip-rock-n-roll-1-thumb.jpg\" alt=\"Skateboard Trick Rock 'n' Roll\" \/><\/noscript>\r\n\t\t\t\t<\/a>\t\t\t\r\n\t\t\t<\/div>\r\n\t\t\t\r\n\t\t\t<div class=\"small-12 medium-7 columns\">\r\n\t\t\t<p>\r\n\t\t\t<span class=\"h4\">1.<\/span>\r\n\t\t\tWieder f\u00e4hrst du hierf\u00fcr mit so viel Schwung auf die Quarter zu, dass die Vorderachse \u00fcber das Coping hinaus kommt, die Hinterachse aber nicht. \r\n\t\t\t<\/p>\r\n\t\t\t<\/div>\r\n\t\t<\/div>\r\n\r\n\t\t\r\n\t\t<div class=\"medium-12 columns margin-bottom\">\r\n\t\t\r\n\t\t\t<!-- .jedes zweite Bild in diese DIV-Klasse -->\r\n\t\t\t<div class=\"small-12 medium-5 medium-push-7 columns\">\r\n\t\t\t\t<a title=\"Klicke zum Vergr\u00f6\u00dfern\" href=\"\/blog\/wp-content\/uploads\/2016\/09\/skateboard-trick-tip-rock-n-roll-2.jpg\" rel=\"lightbox[gallery-1] lightbox-1\">\r\n\t\t\t\t\t<img decoding=\"async\" src=\"data:image\/gif;base64,R0lGODlhAQABAIAAAAAAAP\/\/\/yH5BAEAAAAALAAAAAABAAEAAAIBRAA7\" data-src=\"\/blog\/wp-content\/uploads\/2016\/09\/skateboard-trick-tip-rock-n-roll-2-thumb.jpg\" alt=\"Skateboard Trick Rock 'n' Roll\" \/><noscript><img decoding=\"async\" src=\"\/blog\/wp-content\/uploads\/2016\/09\/skateboard-trick-tip-rock-n-roll-2-thumb.jpg\" alt=\"Skateboard Trick Rock 'n' Roll\" \/><\/noscript>\r\n\t\t\t\t<\/a>\t\t\t\t\r\n\t\t\t<\/div>\r\n\t\t\r\n\t\t\t<!-- .jeden zweiten Text in diese DIV-Klasse -->\r\n\t\t\t<div class=\"small-12 medium-7 medium-pull-5 columns\">\r\n\t\t\t<p>\r\n\t\t\t<span class=\"h4\">2.<\/span>\r\n\t\t\tVerl\u00e4sst die Vorderachse das Coping, streckst du das Vorderbein durch, um die Boardspitze nach vorne zu kippen.\r\n\t\t\t<\/p>\r\n\t\t\t<\/div>\r\n\t\t\t\t\t\r\n\t\t<\/div>\r\n\t\t\r\n\t\t<div class=\"medium-12 columns margin-bottom\">\r\n\t\t\t\r\n\t\t\t<div class=\"small-12 medium-5 columns\">\r\n\t\t\t\t<a title=\"Klicke zum Vergr\u00f6\u00dfern\" href=\"\/blog\/wp-content\/uploads\/2016\/09\/skateboard-trick-tip-rock-n-roll-6.jpg\" rel=\"lightbox[gallery-1] lightbox-2\">\r\n\t\t\t\t\t<img decoding=\"async\" src=\"data:image\/gif;base64,R0lGODlhAQABAIAAAAAAAP\/\/\/yH5BAEAAAAALAAAAAABAAEAAAIBRAA7\" data-src=\"\/blog\/wp-content\/uploads\/2016\/09\/skateboard-trick-tip-rock-n-roll-6-thumb.jpg\" alt=\"Skateboard Trick Rock 'n' Roll\" \/><noscript><img decoding=\"async\" src=\"\/blog\/wp-content\/uploads\/2016\/09\/skateboard-trick-tip-rock-n-roll-6-thumb.jpg\" alt=\"Skateboard Trick Rock 'n' Roll\" \/><\/noscript>\r\n\t\t\t\t<\/a>\t\t\r\n\t\t\t<\/div>\r\n\t\t\t\r\n\t\t\t<div class=\"small-12 medium-7 columns\">\r\n\t\t\t<p>\r\n\t\t\t<span class=\"h4\">3.<\/span>\r\n\t\t\tW\u00e4hrend du den Rock kurz ausbalancierst, drehst du deine Schultern entweder Backside oder Frontside ein, um dich anschlie\u00dfend aus dem Rock rauszudrehen.\r\n\t\t\t<\/p>\r\n\t\t\t<\/div>\r\n\t\t<\/div>\r\n\t\t\r\n\t\t<div class=\"medium-12 columns margin-bottom\">\r\n\t\t\r\n\t\t\t<div class=\"small-12 medium-5 medium-push-7 columns\">\r\n\t\t\t\t<a title=\"Klicke zum Vergr\u00f6\u00dfern\" href=\"\/blog\/wp-content\/uploads\/2016\/09\/skateboard-trick-tip-rock-n-roll-7.jpg\" rel=\"lightbox[gallery-1] lightbox-3\">\r\n\t\t\t\t\t<img decoding=\"async\" src=\"data:image\/gif;base64,R0lGODlhAQABAIAAAAAAAP\/\/\/yH5BAEAAAAALAAAAAABAAEAAAIBRAA7\" data-src=\"\/blog\/wp-content\/uploads\/2016\/09\/skateboard-trick-tip-rock-n-roll-7-thumb.jpg\" alt=\"Skateboard Trick Rock 'n' Roll\" \/><noscript><img decoding=\"async\" src=\"\/blog\/wp-content\/uploads\/2016\/09\/skateboard-trick-tip-rock-n-roll-7-thumb.jpg\" alt=\"Skateboard Trick Rock 'n' Roll\" \/><\/noscript>\r\n\t\t\t\t<\/a>\t\t\t\t\t\r\n\t\t\t<\/div>\r\n\t\t\r\n\t\t\t<div class=\"small-12 medium-7 medium-pull-5 columns\">\r\n\t\t\t<p>\r\n\t\t\t<span class=\"h4\">4.<\/span>\r\n\t\t\tBeim Zur\u00fcckfallen in die Quarter hebelst du das Board \u00fcber die Hinterachse aus dem Rock, drehst die H\u00fcfte und f\u00e4hrst vorw\u00e4rts aus.\t\t\r\n\t\t\t<\/p>\r\n\t\t\t<\/div>\r\n\t\t\r\n\t\t<\/div>\r\n\t\t\r\n\t\t<div class=\"medium-12 columns margin-bottom\">\r\n\t\t\r\n\t\t\t<div class=\"medium-5 columns\">\r\n\t\t\t\t<a title=\"Klicke zum Vergr\u00f6\u00dfern\" href=\"\/blog\/wp-content\/uploads\/2016\/09\/skateboard-trick-tip-rock-n-roll-8.jpg\" rel=\"lightbox[gallery-1] lightbox-4\">\r\n\t\t\t\t\t<img decoding=\"async\" src=\"data:image\/gif;base64,R0lGODlhAQABAIAAAAAAAP\/\/\/yH5BAEAAAAALAAAAAABAAEAAAIBRAA7\" data-src=\"\/blog\/wp-content\/uploads\/2016\/09\/skateboard-trick-tip-rock-n-roll-8-thumb.jpg\" alt=\"Skateboard Trick Rock 'n' Roll\" \/><noscript><img decoding=\"async\" src=\"\/blog\/wp-content\/uploads\/2016\/09\/skateboard-trick-tip-rock-n-roll-8-thumb.jpg\" alt=\"Skateboard Trick Rock 'n' Roll\" \/><\/noscript>\r\n\t\t\t\t<\/a>\t\t\t\t\t\t\t\r\n\t\t\t<\/div>\r\n\t\t\t\r\n\t\t\t<div class=\"medium-7 columns\">\r\n\t\t\t<p>\r\n\t\t\t<span class=\"h4\">5.<\/span>\r\n\t\t\tAchte beim Ausfahren darauf, dass du dein Gewicht wieder gleichm\u00e4\u00dfig auf dem Board verteilst, damit du nach dem Ausloggen nicht nach hinten kippst.\t\t\r\n\t\t\t<\/p>\r\n\r\n\t\t\t<\/div>\r\n\t\t<\/div>\r\n\t<\/div>\r\n<\/div>\r\n\r\n<!-- .Ende der Step By Step Anleitung -->\r\n\r\n<div class=\"post clearfix padding-bottom\">\r\n\t<div id=\"decks-allgemeines\" class=\"hide-for-small large-2 columns\">\r\n\t\t<div class=\"date-day\">Mehr Tricks<\/div>\r\n\t\t<div class=\"date-month\">?<\/div>\r\n\t<\/div>\r\n\r\n\t<div class=\"large-10 columns\">\r\n\t\r\n\t\t<h3 class=\"margin-top margin-bottom\" align=\"center\">Welcher Trick als n\u00e4chstes?<\/h2>\r\n\t\t\r\n\t\t<p>\r\n\t\tRock &#8217;n&#8216; Roll ist dein zweiter Vorname und dieser Trick kommt bei dir locker aus der H\u00fcfte? Dann ist es Zeit, ein wenig Achse ins Spiel zu bringen und sich an einem Axle Stall zu probieren! Falls rumstehen nicht so dein Ding ist, kannst du dir auch gleich den FS 50-50 anschauen, um dich grindend in der Miniramp zu bewegen.<\/p><p> Aber auch schwerere Tricks wie der FS Ollie oder der BS Disaster warten auf dich. Ganz egal, wof\u00fcr du dich entscheidest, nimm dir Zeit und genie\u00dfe die Erfolge.<\/p><p> Wenn du erst einmal genug von Transitions hast, warten noch eine Menge anderer Tricks auf dich. Klicke dich einfach durch die zahlreichen <a title=\"zu den Skateboard Trick Tipps Flat\" href=\"\/blog\/de\/trick-tipps\/skateboard\/flat\/\">Trick Tipps f\u00fcr&#8217;s Flat<\/a> sowie f\u00fcr <a title=\"zu den Skateboard Trick Tipps Curb &#038; Rail\" href=\"\/blog\/de\/trick-tipps\/skateboard\/curb-rail\/\">Curb und Rail<\/a>.\r\n\t\t<\/p>\r\n\t\t\r\n\t\t<div class=\"medium-12 small-12 columns\">\r\n<a title=\"zu den Skateboard Trick Tipps Transition\" href=\"\/blog\/de\/trick-tipps\/skateboard\/transition\/\" class=\"button-auto\">Skateboard Trick Tipps | Transition<\/a>\r\n\t\t\t<br><br>\r\n\t\t\t\r\n\t\t\t<div class=\"medium-6 small-12 columns\">\r\n\t\t\t<a title=\"zu den Skateboard Trick Tipps Curb &#038; Rail\" href=\"\/blog\/de\/trick-tipps\/skateboard\/curb-rail\/\" class=\"button-auto\">Skateboard Trick Tipps | Curb &#038; Rail<\/a>\r\n\t\t\t<br><br>\r\n\t\t\t<\/div>\r\n\t\t\t\r\n\t\t\t<div class=\"medium-6 small-12 columns\">\r\n\t\t\t\t<a title=\"zu den Skateboard Trick Tipps Flat\" href=\"\/blog\/de\/trick-tipps\/skateboard\/flat\/\" class=\"button-auto\">Skateboard Trick Tipps | Flat<\/a>\r\n\t\t\t<br><br>\r\n\t\t\t<\/div>\r\n\t\t\t\r\n\t\t<\/div>\r\n\t\t\r\n\t\t\r\n\t<\/div>\r\n<\/div><div class=\"ShariffSC\" style=\"shariff-shop\"><div class=\"shariff\" data-url=\"https:\/\/skatedeluxe.com\/blog\/de\/trick-tipps\/skateboard\/transition\/how-to-rock-n-roll\/\" data-title=\"Rock &#8217;n&#8216; Roll &#8211; Skateboard Trick Tipp\" data-services='[\"facebooklike\", \"facebook\"]' data-backend-url='\/shariff\/'><\/div><\/div>","protected":false},"excerpt":{"rendered":"<p>Trick Tipp Rock &#8217;n&#8216; Roll Rock &#8217;n&#8216; Roll bedeutet, dass du nach dem Rock Stall nicht wie beim Rock to Fakie r\u00fcckw\u00e4rts wieder in die Quarter f\u00e4hrst, sondern nach dem L\u00f6sen der Vorderachse eine 180 Grad Drehung machst und in deiner normalen Fahrtrichtung zur\u00fcck in die Quarter droppst. Dieser Trick sieht vielleicht nicht \u00fcberm\u00e4\u00dfig spektakul\u00e4r <a class=\"read-more\" href=\"https:\/\/skatedeluxe.com\/blog\/de\/trick-tipps\/skateboard\/transition\/how-to-rock-n-roll\/\">[&#8230;]<\/a><\/p>\n","protected":false},"author":54,"featured_media":120149,"parent":21469,"menu_order":3,"comment_status":"closed","ping_status":"closed","template":"page-templates\/teasing-page.php","meta":{"footnotes":""},"class_list":["post-120148","page","type-page","status-publish","has-post-thumbnail","hentry"],"aioseo_notices":[],"amp_enabled":false,"_links":{"self":[{"href":"https:\/\/skatedeluxe.com\/blog\/de\/wp-json\/wp\/v2\/pages\/120148","targetHints":{"allow":["GET"]}}],"collection":[{"href":"https:\/\/skatedeluxe.com\/blog\/de\/wp-json\/wp\/v2\/pages"}],"about":[{"href":"https:\/\/skatedeluxe.com\/blog\/de\/wp-json\/wp\/v2\/types\/page"}],"author":[{"embeddable":true,"href":"https:\/\/skatedeluxe.com\/blog\/de\/wp-json\/wp\/v2\/users\/54"}],"replies":[{"embeddable":true,"href":"https:\/\/skatedeluxe.com\/blog\/de\/wp-json\/wp\/v2\/comments?post=120148"}],"version-history":[{"count":12,"href":"https:\/\/skatedeluxe.com\/blog\/de\/wp-json\/wp\/v2\/pages\/120148\/revisions"}],"predecessor-version":[{"id":144066,"href":"https:\/\/skatedeluxe.com\/blog\/de\/wp-json\/wp\/v2\/pages\/120148\/revisions\/144066"}],"up":[{"embeddable":true,"href":"https:\/\/skatedeluxe.com\/blog\/de\/wp-json\/wp\/v2\/pages\/21469"}],"wp:featuredmedia":[{"embeddable":true,"href":"https:\/\/skatedeluxe.com\/blog\/de\/wp-json\/wp\/v2\/media\/120149"}],"wp:attachment":[{"href":"https:\/\/skatedeluxe.com\/blog\/de\/wp-json\/wp\/v2\/media?parent=120148"}],"curies":[{"name":"wp","href":"https:\/\/api.w.org\/{rel}","templated":true}]}}