{"id":119236,"date":"2016-12-22T18:07:43","date_gmt":"2016-12-22T17:07:43","guid":{"rendered":"https:\/\/admin.skatedeluxe.com\/blog\/de\/?page_id=119236"},"modified":"2018-05-09T11:53:36","modified_gmt":"2018-05-09T09:53:36","slug":"how-to-fs-smithgrind","status":"publish","type":"page","link":"https:\/\/skatedeluxe.com\/blog\/de\/trick-tipps\/skateboard\/curb-rail\/how-to-fs-smithgrind\/","title":{"rendered":"FS Smithgrind &#8211; Skateboard Trick Tipp"},"content":{"rendered":"<div class=\"post clearfix padding-bottom\">\r\n\t<div id=\"decks-allgemeines\" class=\"hide-for-small large-2 columns\">\r\n\t\t<div class=\"date-day\">Trick Tipp<\/div>\r\n\t\t<div class=\"date-month\">FS Smithgrind<\/div>\r\n\t<\/div>\r\n\r\n\t<div class=\"large-10 columns\">\r\n\t\r\n\t\t<p>\r\n\t\tObwohl Frontside Smithgrinds heute eigentlich an allen Obstacles gemacht werden, kommen sie urspr\u00fcnglich vom Vert Skateboarding. Als Urvater und Namensgeber gilt der passionierte Bowl und Vert Fahrer Mike Smith. Angefangen hat dabei alles als Smith Stall am Coping, was erst sp\u00e4ter zum Grind ausgeweitet wurde.<\/p><p> Wer hierbei was zuerst gemacht hat, ist immer noch eine hei\u00dfe Diskussion. Worauf sich aber Alle einigen k\u00f6nnen, ist, dass Smithgrinds immer massiv viel Style haben. Willst du einen FS Smithgrind machen, musst du auf deiner Hinterachse grinden und dabei die Vorderachse deines Boards leicht schr\u00e4g neben der Curb nach unten dr\u00fccken.   \r\n\t\t<\/p>\r\n\t\r\n\t\t<p>\r\n\t\tHier erf\u00e4hrst du, wie der FS Smithgrind funktioniert.\r\n\t\t<\/p>\r\n\t\t\r\n\t<\/div>\r\n<\/div>\r\n\r\n<!-- .Ende des Einleitungsbereichs -->\r\n\r\n<div class=\"post clearfix padding-bottom\">\r\n\t<div id=\"decks-allgemeines\" class=\"hide-for-small large-2 columns\">\r\n\t\t<div class=\"date-day\">FS Smithgrind<\/div>\r\n\t\t<div class=\"date-month\">Video<\/div>\r\n\t<\/div>\r\n \r\n\t<div class=\"large-10 columns\">\r\n\t\r\n\t\t<h2 class=\"margin-top margin-bottom\" align=\"center\">Trick Tipp Video: FS Smithgrind<\/h2>\r\n\t\t\r\n\t\t<div class=\"medium-12 small-12 columns\">\r\n\t\t<div class=\"medium-10 columns medium-centered medium-offset-1 columns margin-bottom\">\r\n\r\n\t\t<div class=\"flex-video\">\r\n\t\t\t<iframe width=\"1280\" height=\"720\" data-src=\"https:\/\/www.youtube-nocookie.com\/embed\/KxKGYSc67OM?showinfo=0\" frameborder=\"0\" allowfullscreen allow=\"autoplay; encrypted-media\"><\/iframe><noscript><iframe loading=\"lazy\" width=\"1280\" height=\"720\" src=\"https:\/\/www.youtube-nocookie.com\/embed\/KxKGYSc67OM?showinfo=0\" frameborder=\"0\" allowfullscreen allow=\"autoplay; encrypted-media\"><\/iframe><\/noscript>\r\n\t\t<\/div>\r\n\t\t\t<div class=\"ShariffSC\" style=\"shariff-shop\"><div class=\"shariff\" data-url=\"https:\/\/skatedeluxe.com\/blog\/de\/trick-tipps\/skateboard\/curb-rail\/how-to-fs-smithgrind\/\" data-title=\"FS Smithgrind &#8211; Skateboard Trick Tipp\" data-services='[\"facebooklike\", \"facebook\"]' data-backend-url='\/shariff\/'><\/div><\/div> <!-- .Social Leiste unterhalb des Videos -->\r\n\t\t<\/div>\r\n\t\t<\/div>\r\n\t\t\r\n\t<\/div>\r\n<\/div>\r\n\r\n<!-- .Ende des Videobereichs -->\r\n\r\n<div class=\"post clearfix padding-bottom\">\r\n\t<div id=\"decks-allgemeines\" class=\"hide-for-small large-2 columns\">\r\n\t\t<div class=\"date-day\">FS Smithgrind<\/div>\r\n\t\t<div class=\"date-month\">Sequenz<\/div>\r\n\t<\/div>\r\n\r\n\t<div class=\"large-10 columns\">\r\n\t\r\n\t\t<h2 class=\"margin-top margin-bottom\" align=\"center\">Trick Tipp Sequenz: FS Smithgrind<\/h2>\r\n\t\t\r\n\t\t<div class=\"medium-12 small-12 columns\">\r\n\t\t<div class=\"medium-10 columns medium-centered medium-offset-1 columns margin-bottom\">\r\n\t\t<div id=\"metaslider-id-119920\" style=\"max-width: 999px; margin: 0 auto;\" class=\"ml-slider-3-98-0 ml-slider-pro-2-6-6 metaslider metaslider-nivo metaslider-119920 ml-slider ms-theme-_theme_1463567531\" role=\"region\" aria-roledescription=\"Slideshow\" aria-label=\"FS Smithgrind - Trick Tip\" data-width=\"999\">\n    <div id=\"metaslider_container_119920\">\n        <div class='slider-wrapper theme-default'><div class='ribbon'><\/div><div id='metaslider_119920' class='nivoSlider'><img loading=\"lazy\" decoding=\"async\" width=\"999\" height=\"666\" src=\"\/blog\/wp-content\/uploads\/2016\/09\/trick-tip-fs-smithgrind-1.jpg\" class=\"slider-119920 slide-119921\" alt=\"Skateboard Trick FS Smithgrind\" data-caption=\"\" data-thumb=\"\" title=\"Skateboard Trick FS Smithgrind\" rel=\"\" srcset=\"\/blog\/wp-content\/uploads\/2016\/09\/trick-tip-fs-smithgrind-1.jpg 999w, \/blog\/wp-content\/uploads\/2016\/09\/trick-tip-fs-smithgrind-1-600x400.jpg 600w, \/blog\/wp-content\/uploads\/2016\/09\/trick-tip-fs-smithgrind-1-768x512.jpg 768w\" sizes=\"auto, (max-width: 999px) 100vw, 999px\" \/><img loading=\"lazy\" decoding=\"async\" width=\"999\" height=\"666\" src=\"\/blog\/wp-content\/uploads\/2016\/09\/trick-tip-fs-smithgrind-2.jpg\" class=\"slider-119920 slide-119925\" alt=\"Skateboard Trick FS Smithgrind\" data-caption=\"\" data-thumb=\"\" title=\"Skateboard Trick FS Smithgrind\" rel=\"\" srcset=\"\/blog\/wp-content\/uploads\/2016\/09\/trick-tip-fs-smithgrind-2.jpg 999w, \/blog\/wp-content\/uploads\/2016\/09\/trick-tip-fs-smithgrind-2-600x400.jpg 600w, \/blog\/wp-content\/uploads\/2016\/09\/trick-tip-fs-smithgrind-2-768x512.jpg 768w\" sizes=\"auto, (max-width: 999px) 100vw, 999px\" \/><img loading=\"lazy\" decoding=\"async\" width=\"999\" height=\"666\" src=\"\/blog\/wp-content\/uploads\/2016\/09\/trick-tip-fs-smithgrind-3.jpg\" class=\"slider-119920 slide-119929\" alt=\"Skateboard Trick FS Smithgrind\" data-caption=\"\" data-thumb=\"\" title=\"Skateboard Trick FS Smithgrind\" rel=\"\" srcset=\"\/blog\/wp-content\/uploads\/2016\/09\/trick-tip-fs-smithgrind-3.jpg 999w, \/blog\/wp-content\/uploads\/2016\/09\/trick-tip-fs-smithgrind-3-600x400.jpg 600w, \/blog\/wp-content\/uploads\/2016\/09\/trick-tip-fs-smithgrind-3-768x512.jpg 768w\" sizes=\"auto, (max-width: 999px) 100vw, 999px\" \/><img loading=\"lazy\" decoding=\"async\" width=\"999\" height=\"666\" src=\"\/blog\/wp-content\/uploads\/2016\/09\/trick-tip-fs-smithgrind-4.jpg\" class=\"slider-119920 slide-119933\" alt=\"Skateboard Trick FS Smithgrind\" data-caption=\"\" data-thumb=\"\" title=\"Skateboard Trick FS Smithgrind\" rel=\"\" srcset=\"\/blog\/wp-content\/uploads\/2016\/09\/trick-tip-fs-smithgrind-4.jpg 999w, \/blog\/wp-content\/uploads\/2016\/09\/trick-tip-fs-smithgrind-4-600x400.jpg 600w, \/blog\/wp-content\/uploads\/2016\/09\/trick-tip-fs-smithgrind-4-768x512.jpg 768w\" sizes=\"auto, (max-width: 999px) 100vw, 999px\" \/><img loading=\"lazy\" decoding=\"async\" width=\"999\" height=\"666\" src=\"\/blog\/wp-content\/uploads\/2016\/09\/trick-tip-fs-smithgrind-5.jpg\" class=\"slider-119920 slide-119937\" alt=\"Skateboard Trick FS Smithgrind\" data-caption=\"\" data-thumb=\"\" title=\"Skateboard Trick FS Smithgrind\" rel=\"\" srcset=\"\/blog\/wp-content\/uploads\/2016\/09\/trick-tip-fs-smithgrind-5.jpg 999w, \/blog\/wp-content\/uploads\/2016\/09\/trick-tip-fs-smithgrind-5-600x400.jpg 600w, \/blog\/wp-content\/uploads\/2016\/09\/trick-tip-fs-smithgrind-5-768x512.jpg 768w\" sizes=\"auto, (max-width: 999px) 100vw, 999px\" \/><img loading=\"lazy\" decoding=\"async\" width=\"999\" height=\"666\" src=\"\/blog\/wp-content\/uploads\/2016\/09\/trick-tip-fs-smithgrind-6.jpg\" class=\"slider-119920 slide-119941\" alt=\"Skateboard Trick FS Smithgrind\" data-caption=\"\" data-thumb=\"\" title=\"Skateboard Trick FS Smithgrind\" rel=\"\" srcset=\"\/blog\/wp-content\/uploads\/2016\/09\/trick-tip-fs-smithgrind-6.jpg 999w, \/blog\/wp-content\/uploads\/2016\/09\/trick-tip-fs-smithgrind-6-600x400.jpg 600w, \/blog\/wp-content\/uploads\/2016\/09\/trick-tip-fs-smithgrind-6-768x512.jpg 768w\" sizes=\"auto, (max-width: 999px) 100vw, 999px\" \/><img loading=\"lazy\" decoding=\"async\" width=\"999\" height=\"666\" src=\"\/blog\/wp-content\/uploads\/2016\/09\/trick-tip-fs-smithgrind-7.jpg\" class=\"slider-119920 slide-119945\" alt=\"Skateboard Trick FS Smithgrind\" data-caption=\"\" data-thumb=\"\" title=\"Skateboard Trick FS Smithgrind\" rel=\"\" srcset=\"\/blog\/wp-content\/uploads\/2016\/09\/trick-tip-fs-smithgrind-7.jpg 999w, \/blog\/wp-content\/uploads\/2016\/09\/trick-tip-fs-smithgrind-7-600x400.jpg 600w, \/blog\/wp-content\/uploads\/2016\/09\/trick-tip-fs-smithgrind-7-768x512.jpg 768w\" sizes=\"auto, (max-width: 999px) 100vw, 999px\" \/><img loading=\"lazy\" decoding=\"async\" width=\"999\" height=\"666\" src=\"\/blog\/wp-content\/uploads\/2016\/09\/trick-tip-fs-smithgrind-8.jpg\" class=\"slider-119920 slide-119949\" alt=\"Skateboard Trick FS Smithgrind\" data-caption=\"\" data-thumb=\"\" title=\"Skateboard Trick FS Smithgrind\" rel=\"\" srcset=\"\/blog\/wp-content\/uploads\/2016\/09\/trick-tip-fs-smithgrind-8.jpg 999w, \/blog\/wp-content\/uploads\/2016\/09\/trick-tip-fs-smithgrind-8-600x400.jpg 600w, \/blog\/wp-content\/uploads\/2016\/09\/trick-tip-fs-smithgrind-8-768x512.jpg 768w\" sizes=\"auto, (max-width: 999px) 100vw, 999px\" \/><img loading=\"lazy\" decoding=\"async\" width=\"999\" height=\"666\" src=\"\/blog\/wp-content\/uploads\/2016\/09\/trick-tip-fs-smithgrind-9.jpg\" class=\"slider-119920 slide-119953\" alt=\"Skateboard Trick FS Smithgrind\" data-caption=\"\" data-thumb=\"\" title=\"Skateboard Trick FS Smithgrind\" rel=\"\" srcset=\"\/blog\/wp-content\/uploads\/2016\/09\/trick-tip-fs-smithgrind-9.jpg 999w, \/blog\/wp-content\/uploads\/2016\/09\/trick-tip-fs-smithgrind-9-600x400.jpg 600w, \/blog\/wp-content\/uploads\/2016\/09\/trick-tip-fs-smithgrind-9-768x512.jpg 768w\" sizes=\"auto, (max-width: 999px) 100vw, 999px\" \/><img loading=\"lazy\" decoding=\"async\" width=\"999\" height=\"666\" src=\"\/blog\/wp-content\/uploads\/2016\/09\/trick-tip-fs-smithgrind-10.jpg\" class=\"slider-119920 slide-119957\" alt=\"Skateboard Trick FS Smithgrind\" data-caption=\"\" data-thumb=\"\" title=\"Skateboard Trick FS Smithgrind\" rel=\"\" srcset=\"\/blog\/wp-content\/uploads\/2016\/09\/trick-tip-fs-smithgrind-10.jpg 999w, \/blog\/wp-content\/uploads\/2016\/09\/trick-tip-fs-smithgrind-10-600x400.jpg 600w, \/blog\/wp-content\/uploads\/2016\/09\/trick-tip-fs-smithgrind-10-768x512.jpg 768w\" sizes=\"auto, (max-width: 999px) 100vw, 999px\" \/><img loading=\"lazy\" decoding=\"async\" width=\"999\" height=\"666\" src=\"\/blog\/wp-content\/uploads\/2016\/09\/trick-tip-fs-smithgrind-11.jpg\" class=\"slider-119920 slide-119961\" alt=\"Skateboard Trick FS Smithgrind\" data-caption=\"\" data-thumb=\"\" title=\"Skateboard Trick FS Smithgrind\" rel=\"\" srcset=\"\/blog\/wp-content\/uploads\/2016\/09\/trick-tip-fs-smithgrind-11.jpg 999w, \/blog\/wp-content\/uploads\/2016\/09\/trick-tip-fs-smithgrind-11-600x400.jpg 600w, \/blog\/wp-content\/uploads\/2016\/09\/trick-tip-fs-smithgrind-11-768x512.jpg 768w\" sizes=\"auto, (max-width: 999px) 100vw, 999px\" \/><img loading=\"lazy\" decoding=\"async\" width=\"999\" height=\"666\" src=\"\/blog\/wp-content\/uploads\/2016\/09\/trick-tip-fs-smithgrind-12.jpg\" class=\"slider-119920 slide-119965\" alt=\"Skateboard Trick FS Smithgrind\" data-caption=\"\" data-thumb=\"\" title=\"Skateboard Trick FS Smithgrind\" rel=\"\" srcset=\"\/blog\/wp-content\/uploads\/2016\/09\/trick-tip-fs-smithgrind-12.jpg 999w, \/blog\/wp-content\/uploads\/2016\/09\/trick-tip-fs-smithgrind-12-600x400.jpg 600w, \/blog\/wp-content\/uploads\/2016\/09\/trick-tip-fs-smithgrind-12-768x512.jpg 768w\" sizes=\"auto, (max-width: 999px) 100vw, 999px\" \/><img loading=\"lazy\" decoding=\"async\" width=\"999\" height=\"666\" src=\"\/blog\/wp-content\/uploads\/2016\/09\/trick-tip-fs-smithgrind-13.jpg\" class=\"slider-119920 slide-119969\" alt=\"Skateboard Trick FS Smithgrind\" data-caption=\"\" data-thumb=\"\" title=\"Skateboard Trick FS Smithgrind\" rel=\"\" srcset=\"\/blog\/wp-content\/uploads\/2016\/09\/trick-tip-fs-smithgrind-13.jpg 999w, \/blog\/wp-content\/uploads\/2016\/09\/trick-tip-fs-smithgrind-13-600x400.jpg 600w, \/blog\/wp-content\/uploads\/2016\/09\/trick-tip-fs-smithgrind-13-768x512.jpg 768w\" sizes=\"auto, (max-width: 999px) 100vw, 999px\" \/><\/div><\/div>\n        \n    <\/div>\n<\/div>\r\n\t\t<\/div>\r\n\t\t<\/div>\r\n\t\t\r\n\t<\/div>\r\n<\/div>\r\n\r\n<!-- .Ende der Sequenz -->\r\n\r\n<div class=\"post clearfix padding-bottom\">\r\n\t<div id=\"decks-allgemeines\" class=\"hide-for-small large-2 columns\">\r\n\t\t<div class=\"date-day\">FS Smithgrind<\/div>\r\n\t\t<div class=\"date-month\">Step By Step<\/div>\r\n\t<\/div>\r\n\r\n\t<div class=\"large-10 columns\">\r\n\t\r\n\t\t<h2 class=\"margin-top margin-bottom\" align=\"center\">Trick Tipp Step By Step: FS Smithgrind<\/h2>\r\n\t\t\r\n\t\t<p align=\"center\"><small>Klicke auf die Bilder zum Vergr\u00f6\u00dfern<\/small>\r\n\t\t\r\n\t\t<div class=\"medium-12 columns margin-bottom\">\r\n\t\t\t\r\n\t\t\t<div class=\"small-12 medium-5 columns\">\r\n\t\t\t\t<a title=\"Klicke zum Vergr\u00f6\u00dfern\" href=\"\/blog\/wp-content\/uploads\/2016\/09\/skateboard-trick-tip-fs-smith-1.jpg\" rel=\"lightbox[gallery-1] lightbox-0\">\r\n\t\t\t\t\t<img decoding=\"async\" src=\"data:image\/gif;base64,R0lGODlhAQABAIAAAAAAAP\/\/\/yH5BAEAAAAALAAAAAABAAEAAAIBRAA7\" data-src=\"\/blog\/wp-content\/uploads\/2016\/09\/skateboard-trick-tip-fs-smith-1-thumb.jpg\" alt=\"Skateboard Trick FS Smithgrind\" \/><noscript><img decoding=\"async\" src=\"\/blog\/wp-content\/uploads\/2016\/09\/skateboard-trick-tip-fs-smith-1-thumb.jpg\" alt=\"Skateboard Trick FS Smithgrind\" \/><\/noscript>\r\n\t\t\t\t<\/a>\t\t\t\r\n\t\t\t<\/div>\r\n\t\t\t\r\n\t\t\t<div class=\"small-12 medium-7 columns\">\r\n\t\t\t<p>\r\n\t\t\t<span class=\"h4\">1.<\/span>\r\n\t\t\tDu f\u00e4hrst in gewohnter Ollie-Position parallel, beziehungsweise leicht schr\u00e4g zur Curb an, die sich vor dir befindet und springst ab. \r\n\t\t\t<\/p>\r\n\t\t\t<\/div>\r\n\t\t<\/div>\r\n\r\n\t\t\r\n\t\t<div class=\"medium-12 columns margin-bottom\">\r\n\t\t\r\n\t\t\t<!-- .jedes zweite Bild in diese DIV-Klasse -->\r\n\t\t\t<div class=\"small-12 medium-5 medium-push-7 columns\">\r\n\t\t\t\t<a title=\"Klicke zum Vergr\u00f6\u00dfern\" href=\"\/blog\/wp-content\/uploads\/2016\/09\/skateboard-trick-tip-fs-smith-2.jpg\" rel=\"lightbox[gallery-1] lightbox-1\">\r\n\t\t\t\t\t<img decoding=\"async\" src=\"data:image\/gif;base64,R0lGODlhAQABAIAAAAAAAP\/\/\/yH5BAEAAAAALAAAAAABAAEAAAIBRAA7\" data-src=\"\/blog\/wp-content\/uploads\/2016\/09\/skateboard-trick-tip-fs-smith-2-thumb.jpg\" alt=\"Skateboard Trick FS Smithgrind\" \/><noscript><img decoding=\"async\" src=\"\/blog\/wp-content\/uploads\/2016\/09\/skateboard-trick-tip-fs-smith-2-thumb.jpg\" alt=\"Skateboard Trick FS Smithgrind\" \/><\/noscript>\r\n\t\t\t\t<\/a>\t\t\t\t\r\n\t\t\t<\/div>\r\n\t\t\r\n\t\t\t<!-- .jeden zweiten Text in diese DIV-Klasse -->\r\n\t\t\t<div class=\"small-12 medium-7 medium-pull-5 columns\">\r\n\t\t\t<p>\r\n\t\t\t<span class=\"h4\">2.<\/span>\r\n\t\t\t\u00c4hnlich wie bei einem Frontside 5-0 setzt du mit der Hinterachse auf der Kante auf und verlagerst dein Gewicht nach hinten und zus\u00e4tzlich leicht von der Curb weg.\r\n\t\t\t<\/p>\r\n\t\t\t<\/div>\r\n\t\t\t\t\t\r\n\t\t<\/div>\r\n\t\t\r\n\t\t<div class=\"medium-12 columns margin-bottom\">\r\n\t\t\t\r\n\t\t\t<div class=\"small-12 medium-5 columns\">\r\n\t\t\t\t<a title=\"Klicke zum Vergr\u00f6\u00dfern\" href=\"\/blog\/wp-content\/uploads\/2016\/09\/skateboard-trick-tip-fs-smith-3.jpg\" rel=\"lightbox[gallery-1] lightbox-2\">\r\n\t\t\t\t\t<img decoding=\"async\" src=\"data:image\/gif;base64,R0lGODlhAQABAIAAAAAAAP\/\/\/yH5BAEAAAAALAAAAAABAAEAAAIBRAA7\" data-src=\"\/blog\/wp-content\/uploads\/2016\/09\/skateboard-trick-tip-fs-smith-3-thumb.jpg\" alt=\"Skateboard Trick FS Smithgrind\" \/><noscript><img decoding=\"async\" src=\"\/blog\/wp-content\/uploads\/2016\/09\/skateboard-trick-tip-fs-smith-3-thumb.jpg\" alt=\"Skateboard Trick FS Smithgrind\" \/><\/noscript>\r\n\t\t\t\t<\/a>\t\t\r\n\t\t\t<\/div>\r\n\t\t\t\r\n\t\t\t<div class=\"small-12 medium-7 columns\">\r\n\t\t\t<p>\r\n\t\t\t<span class=\"h4\">3.<\/span>\r\n\t\t\tW\u00e4hrend du mit deinem ganzen K\u00f6rpergewicht auf deinem Hinterbein stehst, das du leicht anwinkelst, dr\u00fcckst du das Vorderbein durch und somit die Nose leicht schr\u00e4g neben dem Curb nach unten.<\/p><p> Das ist die Smithgrind Position. Um l\u00e4nger zu grinden, musst du die K\u00f6rperspannung in der optimalen Position halten.\r\n\t\t\t<\/p>\r\n\t\t\t<\/div>\r\n\t\t<\/div>\r\n\t\t\r\n\t\t<div class=\"medium-12 columns margin-bottom\">\r\n\t\t\r\n\t\t\t<div class=\"small-12 medium-5 medium-push-7 columns\">\r\n\t\t\t\t<a title=\"Klicke zum Vergr\u00f6\u00dfern\" href=\"\/blog\/wp-content\/uploads\/2016\/09\/skateboard-trick-tip-fs-smith-4.jpg\" rel=\"lightbox[gallery-1] lightbox-3\">\r\n\t\t\t\t\t<img decoding=\"async\" src=\"data:image\/gif;base64,R0lGODlhAQABAIAAAAAAAP\/\/\/yH5BAEAAAAALAAAAAABAAEAAAIBRAA7\" data-src=\"\/blog\/wp-content\/uploads\/2016\/09\/skateboard-trick-tip-fs-smith-4-thumb.jpg\" alt=\"Skateboard Trick FS Smithgrind\" \/><noscript><img decoding=\"async\" src=\"\/blog\/wp-content\/uploads\/2016\/09\/skateboard-trick-tip-fs-smith-4-thumb.jpg\" alt=\"Skateboard Trick FS Smithgrind\" \/><\/noscript>\r\n\t\t\t\t<\/a>\t\t\t\t\t\r\n\t\t\t<\/div>\r\n\t\t\r\n\t\t\t<div class=\"small-12 medium-7 medium-pull-5 columns\">\r\n\t\t\t<p>\r\n\t\t\t<span class=\"h4\">4.<\/span>\r\n\t\t\tAm Ende der Curb hebst du die vordere Achse wieder ein St\u00fcck an, f\u00e4llst sicher aus dem Grind und f\u00e4hrst vorw\u00e4rts aus.\t\t\r\n\t\t\t<\/p>\r\n\t\t\t<\/div>\r\n\t\t\r\n\t\t<\/div>\r\n\t\t\r\n\t\t<div class=\"medium-12 columns margin-bottom\">\r\n\t\t\r\n\t\t\t<div class=\"medium-5 columns\">\r\n\t\t\t\t<a title=\"Klicke zum Vergr\u00f6\u00dfern\" href=\"\/blog\/wp-content\/uploads\/2016\/09\/skateboard-trick-tip-fs-smith-5.jpg\" rel=\"lightbox[gallery-1] lightbox-4\">\r\n\t\t\t\t\t<img decoding=\"async\" src=\"data:image\/gif;base64,R0lGODlhAQABAIAAAAAAAP\/\/\/yH5BAEAAAAALAAAAAABAAEAAAIBRAA7\" data-src=\"\/blog\/wp-content\/uploads\/2016\/09\/skateboard-trick-tip-fs-smith-5-thumb.jpg\" alt=\"Skateboard Trick FS Smithgrind\" \/><noscript><img decoding=\"async\" src=\"\/blog\/wp-content\/uploads\/2016\/09\/skateboard-trick-tip-fs-smith-5-thumb.jpg\" alt=\"Skateboard Trick FS Smithgrind\" \/><\/noscript>\r\n\t\t\t\t<\/a>\t\t\t\t\t\t\t\r\n\t\t\t<\/div>\r\n\t\t\t\r\n\t\t\t<div class=\"medium-7 columns\">\r\n\t\t\t<p>\r\n\t\t\t<span class=\"h4\">5.<\/span>\r\n\t\t\tSmithgrinds eignen sich allerdings auch f\u00fcr einen Ollie oder Flip out, da das Tail im Grind sehr weit hoch kommt und einen guten Popwinkel bildet. Probiers mal aus!\t\t\r\n\t\t\t<\/p>\r\n\r\n\t\t\t<\/div>\r\n\t\t<\/div>\r\n\t<\/div>\r\n<\/div>\r\n\r\n<!-- .Ende der Step By Step Anleitung -->\r\n\r\n<div class=\"post clearfix padding-bottom\">\r\n\t<div id=\"decks-allgemeines\" class=\"hide-for-small large-2 columns\">\r\n\t\t<div class=\"date-day\">Mehr Tricks<\/div>\r\n\t\t<div class=\"date-month\">?<\/div>\r\n\t<\/div>\r\n\r\n\t<div class=\"large-10 columns\">\r\n\t\r\n\t\t<h3 class=\"margin-top margin-bottom\" align=\"center\">Welcher Trick als n\u00e4chstes?<\/h2>\r\n\t\t\r\n\t\t<p>\r\n\t\tFS Smithgrinds sind deine neue Lieblingsbesch\u00e4ftigung in der Bowl und an der Ledge? Das k\u00f6nnen wir nur bef\u00fcrworten, m\u00f6chten dir aber auch nahelegen, mal den anderen Weg zu gehen und ein bisschen an den fast noch sch\u00f6neren BS Smithgrind zu denken. Monty Nolder w\u00e4re stolz, wenn du dir diesen Trick drauf schaffst. <\/p><p> Du hast schon alles drauf, was man an Rail, Curb oder Ledge so veranstalten kann? Dann schau doch mal, was man sonst noch im Repertoire haben k\u00f6nnte. Es gibt eine ganze Stange an Tricks, die du an anderen Spots ausprobieren kannst. <\/p><p>Klick dich einfach durch die verschiedenen <a title=\"zu den Skateboard Trick Tipps Flat\" href=\"\/blog\/de\/trick-tipps\/skateboard\/flat\/\">Trick Tipps f\u00fcr&#8217;s Flat<\/a>, <a title=\"zu den Skateboard Trick Tipps Curb &#038; Rail\" href=\"\/blog\/de\/trick-tipps\/skateboard\/curb-rail\/\">Curb und Rail<\/a> oder <a title=\"zu den Skateboard Trick Tipps Transition\" href=\"\/blog\/de\/trick-tipps\/skateboard\/transition\/\">Transition.<\/a>\r\n\t\t<\/p>\r\n\t\t\r\n\t\t<div class=\"medium-12 small-12 columns\">\r\n<a title=\"zu den Skateboard Trick Tipps Curb &#038; Rail\" href=\"\/blog\/de\/trick-tipps\/skateboard\/curb-rail\/\" class=\"button-auto\">Skateboard Trick Tipps | Curb &#038; Rail<\/a>\r\n\t\t\t<br><br>\r\n\t\t\t\r\n\t\t\t<div class=\"medium-6 small-12 columns\">\r\n\t\t\t<a title=\"zu den Skateboard Trick Tipps Flat\" href=\"\/blog\/de\/trick-tipps\/skateboard\/flat\/\" class=\"button-auto\">Skateboard Trick Tipps | Flat<\/a>\r\n\t\t\t<br><br>\r\n\t\t\t<\/div>\r\n\t\t\t\r\n\t\t\t<div class=\"medium-6 small-12 columns\">\r\n\t\t\t<a title=\"zu den Skateboard Trick Tipps Transition\" href=\"\/blog\/de\/trick-tipps\/skateboard\/transition\/\" class=\"button-auto\">Skateboard Trick Tipps | Transition<\/a>\r\n\t\t\t<br><br>\r\n\t\t\t<\/div>\r\n\t\t\t\r\n\t\t<\/div>\r\n\t\t\r\n\t\t\r\n\t<\/div>\r\n<\/div><div class=\"ShariffSC\" style=\"shariff-shop\"><div class=\"shariff\" data-url=\"https:\/\/skatedeluxe.com\/blog\/de\/trick-tipps\/skateboard\/curb-rail\/how-to-fs-smithgrind\/\" data-title=\"FS Smithgrind &#8211; Skateboard Trick Tipp\" data-services='[\"facebooklike\", \"facebook\"]' data-backend-url='\/shariff\/'><\/div><\/div>","protected":false},"excerpt":{"rendered":"<p>Trick Tipp FS Smithgrind Obwohl Frontside Smithgrinds heute eigentlich an allen Obstacles gemacht werden, kommen sie urspr\u00fcnglich vom Vert Skateboarding. Als Urvater und Namensgeber gilt der passionierte Bowl und Vert Fahrer Mike Smith. Angefangen hat dabei alles als Smith Stall am Coping, was erst sp\u00e4ter zum Grind ausgeweitet wurde. Wer hierbei was zuerst gemacht hat, <a class=\"read-more\" href=\"https:\/\/skatedeluxe.com\/blog\/de\/trick-tipps\/skateboard\/curb-rail\/how-to-fs-smithgrind\/\">[&#8230;]<\/a><\/p>\n","protected":false},"author":54,"featured_media":119237,"parent":21468,"menu_order":14,"comment_status":"closed","ping_status":"closed","template":"page-templates\/teasing-page.php","meta":{"footnotes":""},"class_list":["post-119236","page","type-page","status-publish","has-post-thumbnail","hentry"],"aioseo_notices":[],"amp_enabled":false,"_links":{"self":[{"href":"https:\/\/skatedeluxe.com\/blog\/de\/wp-json\/wp\/v2\/pages\/119236","targetHints":{"allow":["GET"]}}],"collection":[{"href":"https:\/\/skatedeluxe.com\/blog\/de\/wp-json\/wp\/v2\/pages"}],"about":[{"href":"https:\/\/skatedeluxe.com\/blog\/de\/wp-json\/wp\/v2\/types\/page"}],"author":[{"embeddable":true,"href":"https:\/\/skatedeluxe.com\/blog\/de\/wp-json\/wp\/v2\/users\/54"}],"replies":[{"embeddable":true,"href":"https:\/\/skatedeluxe.com\/blog\/de\/wp-json\/wp\/v2\/comments?post=119236"}],"version-history":[{"count":13,"href":"https:\/\/skatedeluxe.com\/blog\/de\/wp-json\/wp\/v2\/pages\/119236\/revisions"}],"predecessor-version":[{"id":144037,"href":"https:\/\/skatedeluxe.com\/blog\/de\/wp-json\/wp\/v2\/pages\/119236\/revisions\/144037"}],"up":[{"embeddable":true,"href":"https:\/\/skatedeluxe.com\/blog\/de\/wp-json\/wp\/v2\/pages\/21468"}],"wp:featuredmedia":[{"embeddable":true,"href":"https:\/\/skatedeluxe.com\/blog\/de\/wp-json\/wp\/v2\/media\/119237"}],"wp:attachment":[{"href":"https:\/\/skatedeluxe.com\/blog\/de\/wp-json\/wp\/v2\/media?parent=119236"}],"curies":[{"name":"wp","href":"https:\/\/api.w.org\/{rel}","templated":true}]}}