{"id":116173,"date":"2016-12-22T18:06:00","date_gmt":"2016-12-22T17:06:00","guid":{"rendered":"https:\/\/admin.skatedeluxe.com\/blog\/de\/?page_id=116173"},"modified":"2018-05-09T10:37:18","modified_gmt":"2018-05-09T08:37:18","slug":"how-to-bs-180-kickflip","status":"publish","type":"page","link":"https:\/\/skatedeluxe.com\/blog\/de\/trick-tipps\/skateboard\/flat\/how-to-bs-180-kickflip\/","title":{"rendered":"BS 180 Kickflip &#8211; Skateboard Trick Tipp"},"content":{"rendered":"<div class=\"post clearfix padding-bottom\">\r\n\t<div id=\"decks-allgemeines\" class=\"hide-for-small large-2 columns\">\r\n\t\t<div class=\"date-day\">Trick Tipp<\/div>\r\n\t\t<div class=\"date-month\">BS 180 Kickflip<\/div>\r\n\t<\/div>\r\n\r\n\t<div class=\"large-10 columns\">\r\n\t\r\n\t\t<p>\r\n\t\tDer Backside 180 Kickflip ist, wie der Name schon vermuten l\u00e4sst, eine Kombination aus Backside 180 Ollie und Kickflip, die du sicher k\u00f6nnen solltest, da sie die praktische Grundlage f\u00fcr diesen Trick darstellen.<\/p> <p>Ob im Park, in der Transition oder das Stair-Set runter, der BS 180 Kickflip kommt immer smooth und stellt einen der \u00e4sthetischsten Tricks im Skateboarding dar. Wenn du es nicht beim Zusehen belassen willst, solltest du die n\u00e4chsten Zeilen genau lesen! \r\n\t\t<\/p>\r\n\t\r\n\t\t<p>\r\n\t\tHier erf\u00e4hrst du, wie der BS 180 Kickflip funktioniert.\r\n\t\t<\/p>\r\n\t\t\r\n\t<\/div>\r\n<\/div>\r\n\r\n<!-- .Ende des Einleitungsbereichs -->\r\n\r\n<div class=\"post clearfix padding-bottom\">\r\n\t<div id=\"decks-allgemeines\" class=\"hide-for-small large-2 columns\">\r\n\t\t<div class=\"date-day\">BS 180 Kickflip<\/div>\r\n\t\t<div class=\"date-month\">Video<\/div>\r\n\t<\/div>\r\n \r\n\t<div class=\"large-10 columns\">\r\n\t\r\n\t\t<h2 class=\"margin-top margin-bottom\" align=\"center\">Trick Tipp Video: BS 180 Kickflip<\/h2>\r\n\t\t\r\n\t\t<div class=\"medium-12 small-12 columns\">\r\n\t\t<div class=\"medium-10 columns medium-centered medium-offset-1 columns margin-bottom\">\r\n\r\n\t\t<div class=\"flex-video\">\r\n\t\t\t<iframe width=\"1280\" height=\"720\" data-src=\"https:\/\/www.youtube-nocookie.com\/embed\/fLF3hHglHyE?showinfo=0\" frameborder=\"0\" allowfullscreen allow=\"autoplay; encrypted-media\"><\/iframe><noscript><iframe loading=\"lazy\" width=\"1280\" height=\"720\" src=\"https:\/\/www.youtube-nocookie.com\/embed\/fLF3hHglHyE?showinfo=0\" frameborder=\"0\" allowfullscreen allow=\"autoplay; encrypted-media\"><\/iframe><\/noscript>\r\n\t\t<\/div>\r\n\t\t\t<div class=\"ShariffSC\" style=\"shariff-shop\"><div class=\"shariff\" data-url=\"https:\/\/skatedeluxe.com\/blog\/de\/trick-tipps\/skateboard\/flat\/how-to-bs-180-kickflip\/\" data-title=\"BS 180 Kickflip &#8211; Skateboard Trick Tipp\" data-services='[\"facebooklike\", \"facebook\"]' data-backend-url='\/shariff\/'><\/div><\/div> <!-- .Social Leiste unterhalb des Videos -->\r\n\t\t<\/div>\r\n\t\t<\/div>\r\n\t\t\r\n\t<\/div>\r\n<\/div>\r\n\r\n<!-- .Ende des Videobereichs -->\r\n\r\n<div class=\"post clearfix padding-bottom\">\r\n\t<div id=\"decks-allgemeines\" class=\"hide-for-small large-2 columns\">\r\n\t\t<div class=\"date-day\">BS 180 Kickflip<\/div>\r\n\t\t<div class=\"date-month\">Sequenz<\/div>\r\n\t<\/div>\r\n\r\n\t<div class=\"large-10 columns\">\r\n\t\r\n\t\t<h2 class=\"margin-top margin-bottom\" align=\"center\">Trick Tipp Sequenz: BS 180 Kickflip<\/h2>\r\n\t\t\r\n\t\t<div class=\"medium-12 small-12 columns\">\r\n\t\t<div class=\"medium-10 columns medium-centered medium-offset-1 columns margin-bottom\">\r\n\t\t<div id=\"metaslider-id-116459\" style=\"max-width: 999px; margin: 0 auto;\" class=\"ml-slider-3-98-0 ml-slider-pro-2-6-6 metaslider metaslider-nivo metaslider-116459 ml-slider ms-theme-_theme_1463567531\" role=\"region\" aria-roledescription=\"Slideshow\" aria-label=\"BS 180 Kickflip - Trick Tip\" data-width=\"999\">\n    <div id=\"metaslider_container_116459\">\n        <div class='slider-wrapper theme-default'><div class='ribbon'><\/div><div id='metaslider_116459' class='nivoSlider'><img loading=\"lazy\" decoding=\"async\" width=\"999\" height=\"666\" src=\"\/blog\/wp-content\/uploads\/2016\/09\/trick-tip-bs-180-kickflip-1.jpg\" class=\"slider-116459 slide-116415\" alt=\"Skateboard Trick BS 180 Kickflip\" data-caption=\"\" data-thumb=\"\" title=\"Skateboard Trick BS 180 Kickflip\" rel=\"\" srcset=\"\/blog\/wp-content\/uploads\/2016\/09\/trick-tip-bs-180-kickflip-1.jpg 999w, \/blog\/wp-content\/uploads\/2016\/09\/trick-tip-bs-180-kickflip-1-600x400.jpg 600w, \/blog\/wp-content\/uploads\/2016\/09\/trick-tip-bs-180-kickflip-1-768x512.jpg 768w\" sizes=\"auto, (max-width: 999px) 100vw, 999px\" \/><img loading=\"lazy\" decoding=\"async\" width=\"999\" height=\"666\" src=\"\/blog\/wp-content\/uploads\/2016\/09\/trick-tip-bs-180-kickflip-2.jpg\" class=\"slider-116459 slide-116419\" alt=\"Skateboard Trick BS 180 Kickflip\" data-caption=\"\" data-thumb=\"\" title=\"Skateboard Trick BS 180 Kickflip\" rel=\"\" srcset=\"\/blog\/wp-content\/uploads\/2016\/09\/trick-tip-bs-180-kickflip-2.jpg 999w, \/blog\/wp-content\/uploads\/2016\/09\/trick-tip-bs-180-kickflip-2-600x400.jpg 600w, \/blog\/wp-content\/uploads\/2016\/09\/trick-tip-bs-180-kickflip-2-768x512.jpg 768w\" sizes=\"auto, (max-width: 999px) 100vw, 999px\" \/><img loading=\"lazy\" decoding=\"async\" width=\"999\" height=\"666\" src=\"\/blog\/wp-content\/uploads\/2016\/09\/trick-tip-bs-180-kickflip-3.jpg\" class=\"slider-116459 slide-116423\" alt=\"Skateboard Trick BS 180 Kickflip\" data-caption=\"\" data-thumb=\"\" title=\"Skateboard Trick BS 180 Kickflip\" rel=\"\" srcset=\"\/blog\/wp-content\/uploads\/2016\/09\/trick-tip-bs-180-kickflip-3.jpg 999w, \/blog\/wp-content\/uploads\/2016\/09\/trick-tip-bs-180-kickflip-3-600x400.jpg 600w, \/blog\/wp-content\/uploads\/2016\/09\/trick-tip-bs-180-kickflip-3-768x512.jpg 768w\" sizes=\"auto, (max-width: 999px) 100vw, 999px\" \/><img loading=\"lazy\" decoding=\"async\" width=\"999\" height=\"666\" src=\"\/blog\/wp-content\/uploads\/2016\/09\/trick-tip-bs-180-kickflip-4.jpg\" class=\"slider-116459 slide-116427\" alt=\"Skateboard Trick BS 180 Kickflip\" data-caption=\"\" data-thumb=\"\" title=\"Skateboard Trick BS 180 Kickflip\" rel=\"\" srcset=\"\/blog\/wp-content\/uploads\/2016\/09\/trick-tip-bs-180-kickflip-4.jpg 999w, \/blog\/wp-content\/uploads\/2016\/09\/trick-tip-bs-180-kickflip-4-600x400.jpg 600w, \/blog\/wp-content\/uploads\/2016\/09\/trick-tip-bs-180-kickflip-4-768x512.jpg 768w\" sizes=\"auto, (max-width: 999px) 100vw, 999px\" \/><img loading=\"lazy\" decoding=\"async\" width=\"999\" height=\"666\" src=\"\/blog\/wp-content\/uploads\/2016\/09\/trick-tip-bs-180-kickflip-5.jpg\" class=\"slider-116459 slide-116431\" alt=\"Skateboard Trick BS 180 Kickflip\" data-caption=\"\" data-thumb=\"\" title=\"Skateboard Trick BS 180 Kickflip\" rel=\"\" srcset=\"\/blog\/wp-content\/uploads\/2016\/09\/trick-tip-bs-180-kickflip-5.jpg 999w, \/blog\/wp-content\/uploads\/2016\/09\/trick-tip-bs-180-kickflip-5-600x400.jpg 600w, \/blog\/wp-content\/uploads\/2016\/09\/trick-tip-bs-180-kickflip-5-768x512.jpg 768w\" sizes=\"auto, (max-width: 999px) 100vw, 999px\" \/><img loading=\"lazy\" decoding=\"async\" width=\"999\" height=\"666\" src=\"\/blog\/wp-content\/uploads\/2016\/09\/trick-tip-bs-180-kickflip-6.jpg\" class=\"slider-116459 slide-116435\" alt=\"Skateboard Trick BS 180 Kickflip\" data-caption=\"\" data-thumb=\"\" title=\"Skateboard Trick BS 180 Kickflip\" rel=\"\" srcset=\"\/blog\/wp-content\/uploads\/2016\/09\/trick-tip-bs-180-kickflip-6.jpg 999w, \/blog\/wp-content\/uploads\/2016\/09\/trick-tip-bs-180-kickflip-6-600x400.jpg 600w, \/blog\/wp-content\/uploads\/2016\/09\/trick-tip-bs-180-kickflip-6-768x512.jpg 768w\" sizes=\"auto, (max-width: 999px) 100vw, 999px\" \/><img loading=\"lazy\" decoding=\"async\" width=\"999\" height=\"666\" src=\"\/blog\/wp-content\/uploads\/2016\/09\/trick-tip-bs-180-kickflip-7.jpg\" class=\"slider-116459 slide-116439\" alt=\"Skateboard Trick BS 180 Kickflip\" data-caption=\"\" data-thumb=\"\" title=\"Skateboard Trick BS 180 Kickflip\" rel=\"\" srcset=\"\/blog\/wp-content\/uploads\/2016\/09\/trick-tip-bs-180-kickflip-7.jpg 999w, \/blog\/wp-content\/uploads\/2016\/09\/trick-tip-bs-180-kickflip-7-600x400.jpg 600w, \/blog\/wp-content\/uploads\/2016\/09\/trick-tip-bs-180-kickflip-7-768x512.jpg 768w\" sizes=\"auto, (max-width: 999px) 100vw, 999px\" \/><img loading=\"lazy\" decoding=\"async\" width=\"999\" height=\"666\" src=\"\/blog\/wp-content\/uploads\/2016\/09\/trick-tip-bs-180-kickflip-8.jpg\" class=\"slider-116459 slide-116443\" alt=\"Skateboard Trick BS 180 Kickflip\" data-caption=\"\" data-thumb=\"\" title=\"Skateboard Trick BS 180 Kickflip\" rel=\"\" srcset=\"\/blog\/wp-content\/uploads\/2016\/09\/trick-tip-bs-180-kickflip-8.jpg 999w, \/blog\/wp-content\/uploads\/2016\/09\/trick-tip-bs-180-kickflip-8-600x400.jpg 600w, \/blog\/wp-content\/uploads\/2016\/09\/trick-tip-bs-180-kickflip-8-768x512.jpg 768w\" sizes=\"auto, (max-width: 999px) 100vw, 999px\" \/><img loading=\"lazy\" decoding=\"async\" width=\"999\" height=\"666\" src=\"\/blog\/wp-content\/uploads\/2016\/09\/trick-tip-bs-180-kickflip-9.jpg\" class=\"slider-116459 slide-116447\" alt=\"Skateboard Trick BS 180 Kickflip\" data-caption=\"\" data-thumb=\"\" title=\"Skateboard Trick BS 180 Kickflip\" rel=\"\" srcset=\"\/blog\/wp-content\/uploads\/2016\/09\/trick-tip-bs-180-kickflip-9.jpg 999w, \/blog\/wp-content\/uploads\/2016\/09\/trick-tip-bs-180-kickflip-9-600x400.jpg 600w, \/blog\/wp-content\/uploads\/2016\/09\/trick-tip-bs-180-kickflip-9-768x512.jpg 768w\" sizes=\"auto, (max-width: 999px) 100vw, 999px\" \/><img loading=\"lazy\" decoding=\"async\" width=\"999\" height=\"666\" src=\"\/blog\/wp-content\/uploads\/2016\/09\/trick-tip-bs-180-kickflip-10.jpg\" class=\"slider-116459 slide-116451\" alt=\"Skateboard Trick BS 180 Kickflip\" data-caption=\"\" data-thumb=\"\" title=\"Skateboard Trick BS 180 Kickflip\" rel=\"\" srcset=\"\/blog\/wp-content\/uploads\/2016\/09\/trick-tip-bs-180-kickflip-10.jpg 999w, \/blog\/wp-content\/uploads\/2016\/09\/trick-tip-bs-180-kickflip-10-600x400.jpg 600w, \/blog\/wp-content\/uploads\/2016\/09\/trick-tip-bs-180-kickflip-10-768x512.jpg 768w\" sizes=\"auto, (max-width: 999px) 100vw, 999px\" \/><img loading=\"lazy\" decoding=\"async\" width=\"999\" height=\"666\" src=\"\/blog\/wp-content\/uploads\/2016\/09\/trick-tip-bs-180-kickflip-11.jpg\" class=\"slider-116459 slide-116455\" alt=\"Skateboard Trick BS 180 Kickflip\" data-caption=\"\" data-thumb=\"\" title=\"Skateboard Trick BS 180 Kickflip\" rel=\"\" srcset=\"\/blog\/wp-content\/uploads\/2016\/09\/trick-tip-bs-180-kickflip-11.jpg 999w, \/blog\/wp-content\/uploads\/2016\/09\/trick-tip-bs-180-kickflip-11-600x400.jpg 600w, \/blog\/wp-content\/uploads\/2016\/09\/trick-tip-bs-180-kickflip-11-768x512.jpg 768w\" sizes=\"auto, (max-width: 999px) 100vw, 999px\" \/><\/div><\/div>\n        \n    <\/div>\n<\/div>\r\n\t\t<\/div>\r\n\t\t<\/div>\r\n\t\t\r\n\t<\/div>\r\n<\/div>\r\n\r\n<!-- .Ende der Sequenz -->\r\n\r\n<div class=\"post clearfix padding-bottom\">\r\n\t<div id=\"decks-allgemeines\" class=\"hide-for-small large-2 columns\">\r\n\t\t<div class=\"date-day\">BS 180 Kickflip<\/div>\r\n\t\t<div class=\"date-month\">Step By Step<\/div>\r\n\t<\/div>\r\n\r\n\t<div class=\"large-10 columns\">\r\n\t\r\n\t\t<h2 class=\"margin-top margin-bottom\" align=\"center\">Trick Tipp Step By Step: BS 180 Kickflip<\/h2>\r\n\t\t\r\n\t\t<p align=\"center\"><small>Klicke auf die Bilder zum Vergr\u00f6\u00dfern<\/small>\r\n\t\t\r\n\t\t<div class=\"medium-12 columns margin-bottom\">\r\n\t\t\t\r\n\t\t\t<div class=\"small-12 medium-5 columns\">\r\n\t\t\t\t<a title=\"Klicke zum Vergr\u00f6\u00dfern\" href=\"\/blog\/wp-content\/uploads\/2016\/09\/skateboard-trick-tip-bs-flip-1.jpg\" rel=\"lightbox[gallery-1] lightbox-0\">\r\n\t\t\t\t\t<img decoding=\"async\" src=\"data:image\/gif;base64,R0lGODlhAQABAIAAAAAAAP\/\/\/yH5BAEAAAAALAAAAAABAAEAAAIBRAA7\" data-src=\"\/blog\/wp-content\/uploads\/2016\/09\/skateboard-trick-tip-bs-flip-1-thumb.jpg\" alt=\"Skateboard Trick BS 180 Kickflip\" \/><noscript><img decoding=\"async\" src=\"\/blog\/wp-content\/uploads\/2016\/09\/skateboard-trick-tip-bs-flip-1-thumb.jpg\" alt=\"Skateboard Trick BS 180 Kickflip\" \/><\/noscript>\r\n\t\t\t\t<\/a>\t\t\t\r\n\t\t\t<\/div>\r\n\t\t\t\r\n\t\t\t<div class=\"small-12 medium-7 columns\">\r\n\t\t\t<p>\r\n\t\t\t<span class=\"h4\">1.<\/span>\r\n\t\t\tDie Fu\u00dfstellung ist wie die eines einfachen Kickflips. \r\n\t\t\t<\/p>\r\n\t\t\t<\/div>\r\n\t\t<\/div>\r\n\r\n\t\t\r\n\t\t<div class=\"medium-12 columns margin-bottom\">\r\n\t\t\r\n\t\t\t<!-- .jedes zweite Bild in diese DIV-Klasse -->\r\n\t\t\t<div class=\"small-12 medium-5 medium-push-7 columns\">\r\n\t\t\t\t<a title=\"Klicke zum Vergr\u00f6\u00dfern\" href=\"\/blog\/wp-content\/uploads\/2016\/09\/skateboard-trick-tip-bs-flip-2.jpg\" rel=\"lightbox[gallery-1] lightbox-1\">\r\n\t\t\t\t\t<img decoding=\"async\" src=\"data:image\/gif;base64,R0lGODlhAQABAIAAAAAAAP\/\/\/yH5BAEAAAAALAAAAAABAAEAAAIBRAA7\" data-src=\"\/blog\/wp-content\/uploads\/2016\/09\/skateboard-trick-tip-bs-flip-2-thumb.jpg\" alt=\"Skateboard Trick BS 180 Kickflip\" \/><noscript><img decoding=\"async\" src=\"\/blog\/wp-content\/uploads\/2016\/09\/skateboard-trick-tip-bs-flip-2-thumb.jpg\" alt=\"Skateboard Trick BS 180 Kickflip\" \/><\/noscript>\r\n\t\t\t\t<\/a>\t\t\t\t\r\n\t\t\t<\/div>\r\n\t\t\r\n\t\t\t<!-- .jeden zweiten Text in diese DIV-Klasse -->\r\n\t\t\t<div class=\"small-12 medium-7 medium-pull-5 columns\">\r\n\t\t\t<p>\r\n\t\t\t<span class=\"h4\">2.<\/span>\r\n\t\t\tDer Hinterfu\u00df steht mittig auf dem Tail, w\u00e4hrend sich der Vorderfu\u00df leicht schr\u00e4g kurz vor den Schrauben der Vorderachse des Boards befindet.\r\n\t\t\t<\/p>\r\n\t\t\t<\/div>\r\n\t\t\t\t\t\r\n\t\t<\/div>\r\n\t\t\r\n\t\t<div class=\"medium-12 columns margin-bottom\">\r\n\t\t\t\r\n\t\t\t<div class=\"small-12 medium-5 columns\">\r\n\t\t\t\t<a title=\"Klicke zum Vergr\u00f6\u00dfern\" href=\"\/blog\/wp-content\/uploads\/2016\/09\/skateboard-trick-tip-bs-flip-3.jpg\" rel=\"lightbox[gallery-1] lightbox-2\">\r\n\t\t\t\t\t<img decoding=\"async\" src=\"data:image\/gif;base64,R0lGODlhAQABAIAAAAAAAP\/\/\/yH5BAEAAAAALAAAAAABAAEAAAIBRAA7\" data-src=\"\/blog\/wp-content\/uploads\/2016\/09\/skateboard-trick-tip-bs-flip-3-thumb.jpg\" alt=\"Skateboard Trick BS 180 Kickflip\" \/><noscript><img decoding=\"async\" src=\"\/blog\/wp-content\/uploads\/2016\/09\/skateboard-trick-tip-bs-flip-3-thumb.jpg\" alt=\"Skateboard Trick BS 180 Kickflip\" \/><\/noscript>\r\n\t\t\t\t<\/a>\t\t\r\n\t\t\t<\/div>\r\n\t\t\t\r\n\t\t\t<div class=\"small-12 medium-7 columns\">\r\n\t\t\t<p>\r\n\t\t\t<span class=\"h4\">3.<\/span>\r\n\t\t\tAuch hier ist das Schwungholen und Eindrehen der Schultern in die Bewegung wichtig.\r\n\t\t\t<\/p>\r\n\t\t\t<\/div>\r\n\t\t<\/div>\r\n\t\t\r\n\t\t<div class=\"medium-12 columns margin-bottom\">\r\n\t\t\r\n\t\t\t<div class=\"small-12 medium-5 medium-push-7 columns\">\r\n\t\t\t\t<a title=\"Klicke zum Vergr\u00f6\u00dfern\" href=\"\/blog\/wp-content\/uploads\/2016\/09\/skateboard-trick-tip-bs-flip-4.jpg\" rel=\"lightbox[gallery-1] lightbox-3\">\r\n\t\t\t\t\t<img decoding=\"async\" src=\"data:image\/gif;base64,R0lGODlhAQABAIAAAAAAAP\/\/\/yH5BAEAAAAALAAAAAABAAEAAAIBRAA7\" data-src=\"\/blog\/wp-content\/uploads\/2016\/09\/skateboard-trick-tip-bs-flip-4-thumb.jpg\" alt=\"Skateboard Trick BS 180 Kickflip\" \/><noscript><img decoding=\"async\" src=\"\/blog\/wp-content\/uploads\/2016\/09\/skateboard-trick-tip-bs-flip-4-thumb.jpg\" alt=\"Skateboard Trick BS 180 Kickflip\" \/><\/noscript>\r\n\t\t\t\t<\/a>\t\t\t\t\t\r\n\t\t\t<\/div>\r\n\t\t\r\n\t\t\t<div class=\"small-12 medium-7 medium-pull-5 columns\">\r\n\t\t\t<p>\r\n\t\t\t<span class=\"h4\">4.<\/span>\r\n\t\t\tDie L\u00e4ngsdrehung wird durch das Ziehen des Kickflips erzeugt, in dem man die Fu\u00dfspitze des Vorderfu\u00dfes leicht schr\u00e4g \u00fcber die Nose hinaus zieht.\t\r\n\t\t\t<\/p>\r\n\t\t\t<\/div>\r\n\t\t\r\n\t\t<\/div>\r\n\t\t\r\n\t\t<div class=\"medium-12 columns margin-bottom\">\r\n\t\t\r\n\t\t\t<div class=\"medium-5 columns\">\r\n\t\t\t\t<a title=\"Klicke zum Vergr\u00f6\u00dfern\" href=\"\/blog\/wp-content\/uploads\/2016\/09\/skateboard-trick-tip-bs-flip-5.jpg\" rel=\"lightbox[gallery-1] lightbox-4\">\r\n\t\t\t\t\t<img decoding=\"async\" src=\"data:image\/gif;base64,R0lGODlhAQABAIAAAAAAAP\/\/\/yH5BAEAAAAALAAAAAABAAEAAAIBRAA7\" data-src=\"\/blog\/wp-content\/uploads\/2016\/09\/skateboard-trick-tip-bs-flip-5-thumb.jpg\" alt=\"Skateboard Trick BS 180 Kickflip\" \/><noscript><img decoding=\"async\" src=\"\/blog\/wp-content\/uploads\/2016\/09\/skateboard-trick-tip-bs-flip-5-thumb.jpg\" alt=\"Skateboard Trick BS 180 Kickflip\" \/><\/noscript>\r\n\t\t\t\t<\/a>\t\t\t\t\t\t\t\r\n\t\t\t<\/div>\r\n\t\t\t\r\n\t\t\t<div class=\"medium-7 columns\">\r\n\t\t\t<p>\r\n\t\t\t<span class=\"h4\">5.<\/span>\r\n\t\t\tEs empfiehlt sich hierbei das Landen auf der Vorderachse, damit man die 180 Grad Drehung kontrolliert beenden kann.  \t\t\t\r\n\t\t\t<\/p>\r\n\t\t\t\r\n\t\t\t<\/div>\r\n\t\t\r\n\t\t<\/div>\r\n\t<\/div>\r\n<\/div>\r\n\r\n<!-- .Ende der Step By Step Anleitung -->\r\n\r\n<div class=\"post clearfix padding-bottom\">\r\n\t<div id=\"decks-allgemeines\" class=\"hide-for-small large-2 columns\">\r\n\t\t<div class=\"date-day\">Mehr Tricks<\/div>\r\n\t\t<div class=\"date-month\">?<\/div>\r\n\t<\/div>\r\n\r\n\t<div class=\"large-10 columns\">\r\n\t\r\n\t\t<h3 class=\"margin-top margin-bottom\" align=\"center\">Welcher Trick als n\u00e4chstes?<\/h2>\r\n\t\t\r\n\t\t<p>\r\n\t\tOb Kickflip oder Heelflip, die Basics sitzen und du spinnst deine Flips sowohl BS als auch FS? Dann gib dir die Ehre und fange an, deine Tricks Switch zu \u00fcben.<\/p> <p>Wie w\u00e4re es mit einem Switch Kickflip? Du bleibst lieber bei deiner angestammten Fu\u00dfposition? Dann kannst du dich jetzt an einen BS Bigspin wagen! <\/p><p>Alles so gar nicht dein Ding? Dann klick dich einfach durch die vielen weiteren <a title=\"zu den Skateboard Trick Tipps Flat\" href=\"\/blog\/de\/trick-tipps\/skateboard\/flat\/\">Trick Tipps f\u00fcr&#8217;s Flat<\/a>, <a title=\"zu den Skateboard Trick Tipps Flat\" href=\"\/blog\/de\/trick-tipps\/skateboard\/curb-rail\/\">Curb und Rail<\/a> oder <a title=\"zu den Skateboard Trick Tipps Flat\" href=\"\/blog\/de\/trick-tipps\/skateboard\/transition\/\">Transition.<\/a>\r\n\t\t<\/p>\r\n\t\t\r\n\t\t<div class=\"medium-12 small-12 columns\">\r\n\t\t\t<a title=\"zu den Skateboard Trick Tipps Flat\" href=\"\/blog\/de\/trick-tipps\/skateboard\/flat\/\" class=\"button-auto\">Skateboard Trick Tipps | Flat<\/a>\r\n\t\t\t<br><br>\r\n\t\t\t\r\n\t\t\t<div class=\"medium-6 small-12 columns\">\r\n\t\t\t<a title=\"zu den Skateboard Trick Tipps Curb &#038; Rail\" href=\"\/blog\/de\/trick-tipps\/skateboard\/curb-rail\/\" class=\"button-auto\">Skateboard Trick Tipps | Curb &#038; Rail<\/a>\r\n\t\t\t<br><br>\r\n\t\t\t<\/div>\r\n\t\t\t\r\n\t\t\t<div class=\"medium-6 small-12 columns\">\r\n\t\t\t<a title=\"zu den Skateboard Trick Tipps Transition\" href=\"\/blog\/de\/trick-tipps\/skateboard\/transition\/\" class=\"button-auto\">Skateboard Trick Tipps | Transition<\/a>\r\n\t\t\t<br><br>\r\n\t\t\t<\/div>\r\n\t\t\t\r\n\t\t<\/div>\r\n\t\t\r\n\t\t\r\n\t<\/div>\r\n<\/div><div class=\"ShariffSC\" style=\"shariff-shop\"><div class=\"shariff\" data-url=\"https:\/\/skatedeluxe.com\/blog\/de\/trick-tipps\/skateboard\/flat\/how-to-bs-180-kickflip\/\" data-title=\"BS 180 Kickflip &#8211; Skateboard Trick Tipp\" data-services='[\"facebooklike\", \"facebook\"]' data-backend-url='\/shariff\/'><\/div><\/div>","protected":false},"excerpt":{"rendered":"<p>Trick Tipp BS 180 Kickflip Der Backside 180 Kickflip ist, wie der Name schon vermuten l\u00e4sst, eine Kombination aus Backside 180 Ollie und Kickflip, die du sicher k\u00f6nnen solltest, da sie die praktische Grundlage f\u00fcr diesen Trick darstellen. Ob im Park, in der Transition oder das Stair-Set runter, der BS 180 Kickflip kommt immer smooth <a class=\"read-more\" href=\"https:\/\/skatedeluxe.com\/blog\/de\/trick-tipps\/skateboard\/flat\/how-to-bs-180-kickflip\/\">[&#8230;]<\/a><\/p>\n","protected":false},"author":54,"featured_media":117234,"parent":21467,"menu_order":14,"comment_status":"closed","ping_status":"closed","template":"page-templates\/teasing-page.php","meta":{"footnotes":""},"class_list":["post-116173","page","type-page","status-publish","has-post-thumbnail","hentry"],"aioseo_notices":[],"amp_enabled":false,"_links":{"self":[{"href":"https:\/\/skatedeluxe.com\/blog\/de\/wp-json\/wp\/v2\/pages\/116173","targetHints":{"allow":["GET"]}}],"collection":[{"href":"https:\/\/skatedeluxe.com\/blog\/de\/wp-json\/wp\/v2\/pages"}],"about":[{"href":"https:\/\/skatedeluxe.com\/blog\/de\/wp-json\/wp\/v2\/types\/page"}],"author":[{"embeddable":true,"href":"https:\/\/skatedeluxe.com\/blog\/de\/wp-json\/wp\/v2\/users\/54"}],"replies":[{"embeddable":true,"href":"https:\/\/skatedeluxe.com\/blog\/de\/wp-json\/wp\/v2\/comments?post=116173"}],"version-history":[{"count":14,"href":"https:\/\/skatedeluxe.com\/blog\/de\/wp-json\/wp\/v2\/pages\/116173\/revisions"}],"predecessor-version":[{"id":143947,"href":"https:\/\/skatedeluxe.com\/blog\/de\/wp-json\/wp\/v2\/pages\/116173\/revisions\/143947"}],"up":[{"embeddable":true,"href":"https:\/\/skatedeluxe.com\/blog\/de\/wp-json\/wp\/v2\/pages\/21467"}],"wp:featuredmedia":[{"embeddable":true,"href":"https:\/\/skatedeluxe.com\/blog\/de\/wp-json\/wp\/v2\/media\/117234"}],"wp:attachment":[{"href":"https:\/\/skatedeluxe.com\/blog\/de\/wp-json\/wp\/v2\/media?parent=116173"}],"curies":[{"name":"wp","href":"https:\/\/api.w.org\/{rel}","templated":true}]}}