{"id":115983,"date":"2016-12-22T18:05:33","date_gmt":"2016-12-22T17:05:33","guid":{"rendered":"https:\/\/admin.skatedeluxe.com\/blog\/de\/?page_id=115983"},"modified":"2018-05-09T10:42:32","modified_gmt":"2018-05-09T08:42:32","slug":"how-to-bs-180-heelflip","status":"publish","type":"page","link":"https:\/\/skatedeluxe.com\/blog\/de\/trick-tipps\/skateboard\/flat\/how-to-bs-180-heelflip\/","title":{"rendered":"BS 180 Heelflip &#8211; Skateboard Trick Tipp"},"content":{"rendered":"<div class=\"post clearfix padding-bottom\">\r\n\t<div id=\"decks-allgemeines\" class=\"hide-for-small large-2 columns\">\r\n\t\t<div class=\"date-day\">Trick Tipp<\/div>\r\n\t\t<div class=\"date-month\">BS 180 Heelflip<\/div>\r\n\t<\/div>\r\n\r\n\t<div class=\"large-10 columns\">\r\n\t\r\n\t\t<p>\r\n\t\tDer Backside 180 Heelflip ist, wie der Name schon vermuten l\u00e4sst, eine Kombination aus Backside 180 und Heelflip.<\/p> <p>Diese beiden Tricks bilden die praktische Grundlage f\u00fcr den BS Heelflip. Fehlen dir diese beiden Basics noch, solltest du nicht z\u00f6gern und unsere entsprechenden Trick Tipps dazu auschecken. Dann dauert es garantiert auch nicht mehr lange, bis du hier weitermachen kannst und bald deine ersten BS 180 Heelflips \u00fcber die Tables dieser Welt ziehen wirst.<\/p> <p>Besonders f\u00fcr technisch anspruchsvolle Flip-to-Grind Kombos bietet sich der BS 180 Heelflip an, weshalb jeder ambitionierte Skateboarder diesen Trick im Repertoire haben sollte. \r\n\t\t<\/p>\r\n\t\r\n\t\t<p>\r\n\t\tHier erf\u00e4hrst du, wie der BS 180 Heelflip funktioniert.\r\n\t\t<\/p>\r\n\t\t\r\n\t<\/div>\r\n<\/div>\r\n\r\n<!-- .Ende des Einleitungsbereichs -->\r\n\r\n<div class=\"post clearfix padding-bottom\">\r\n\t<div id=\"decks-allgemeines\" class=\"hide-for-small large-2 columns\">\r\n\t\t<div class=\"date-day\">BS 180 Heelflip<\/div>\r\n\t\t<div class=\"date-month\">Video<\/div>\r\n\t<\/div>\r\n \r\n\t<div class=\"large-10 columns\">\r\n\t\r\n\t\t<h2 class=\"margin-top margin-bottom\" align=\"center\">Trick Tipp Video: BS 180 Heelflip<\/h2>\r\n\t\t\r\n\t\t<div class=\"medium-12 small-12 columns\">\r\n\t\t<div class=\"medium-10 columns medium-centered medium-offset-1 columns margin-bottom\">\r\n\r\n\t\t<div class=\"flex-video\">\r\n\t\t\t<iframe width=\"1280\" height=\"720\" data-src=\"https:\/\/www.youtube-nocookie.com\/embed\/GAt1S5cSlKQ?showinfo=0\" frameborder=\"0\" allowfullscreen allow=\"autoplay; encrypted-media\"><\/iframe><noscript><iframe loading=\"lazy\" width=\"1280\" height=\"720\" src=\"https:\/\/www.youtube-nocookie.com\/embed\/GAt1S5cSlKQ?showinfo=0\" frameborder=\"0\" allowfullscreen allow=\"autoplay; encrypted-media\"><\/iframe><\/noscript>\r\n\t\t<\/div>\r\n\t\t\t<div class=\"ShariffSC\" style=\"shariff-shop\"><div class=\"shariff\" data-url=\"https:\/\/skatedeluxe.com\/blog\/de\/trick-tipps\/skateboard\/flat\/how-to-bs-180-heelflip\/\" data-title=\"BS 180 Heelflip &#8211; Skateboard Trick Tipp\" data-services='[\"facebooklike\", \"facebook\"]' data-backend-url='\/shariff\/'><\/div><\/div> <!-- .Social Leiste unterhalb des Videos -->\r\n\t\t<\/div>\r\n\t\t<\/div>\r\n\t\t\r\n\t<\/div>\r\n<\/div>\r\n\r\n<!-- .Ende des Videobereichs -->\r\n\r\n<div class=\"post clearfix padding-bottom\">\r\n\t<div id=\"decks-allgemeines\" class=\"hide-for-small large-2 columns\">\r\n\t\t<div class=\"date-day\">BS 180 Heelflip<\/div>\r\n\t\t<div class=\"date-month\">Sequenz<\/div>\r\n\t<\/div>\r\n\r\n\t<div class=\"large-10 columns\">\r\n\t\r\n\t\t<h2 class=\"margin-top margin-bottom\" align=\"center\">Trick Tipp Sequenz: BS 180 Heelflip<\/h2>\r\n\t\t\r\n\t\t<div class=\"medium-12 small-12 columns\">\r\n\t\t<div class=\"medium-10 columns medium-centered medium-offset-1 columns margin-bottom\">\r\n\t\t<div id=\"metaslider-id-116461\" style=\"max-width: 999px; margin: 0 auto;\" class=\"ml-slider-3-98-0 ml-slider-pro-2-6-6 metaslider metaslider-nivo metaslider-116461 ml-slider ms-theme-_theme_1463567531\" role=\"region\" aria-roledescription=\"Slideshow\" aria-label=\"BS 180 Heelflip - Trick Tip\" data-width=\"999\">\n    <div id=\"metaslider_container_116461\">\n        <div class='slider-wrapper theme-default'><div class='ribbon'><\/div><div id='metaslider_116461' class='nivoSlider'><img loading=\"lazy\" decoding=\"async\" width=\"999\" height=\"666\" src=\"\/blog\/wp-content\/uploads\/2016\/09\/trick-tip-bs-180-heelflip-1.jpg\" class=\"slider-116461 slide-116462\" alt=\"Skateboard Trick BS 180 Heelflip\" data-caption=\"\" data-thumb=\"\" title=\"Skateboard Trick BS 180 Heelflip\" rel=\"\" srcset=\"\/blog\/wp-content\/uploads\/2016\/09\/trick-tip-bs-180-heelflip-1.jpg 999w, \/blog\/wp-content\/uploads\/2016\/09\/trick-tip-bs-180-heelflip-1-600x400.jpg 600w, \/blog\/wp-content\/uploads\/2016\/09\/trick-tip-bs-180-heelflip-1-768x512.jpg 768w\" sizes=\"auto, (max-width: 999px) 100vw, 999px\" \/><img loading=\"lazy\" decoding=\"async\" width=\"999\" height=\"666\" src=\"\/blog\/wp-content\/uploads\/2016\/09\/trick-tip-bs-180-heelflip-2.jpg\" class=\"slider-116461 slide-116466\" alt=\"Skateboard Trick BS 180 Heelflip\" data-caption=\"\" data-thumb=\"\" title=\"Skateboard Trick BS 180 Heelflip\" rel=\"\" srcset=\"\/blog\/wp-content\/uploads\/2016\/09\/trick-tip-bs-180-heelflip-2.jpg 999w, \/blog\/wp-content\/uploads\/2016\/09\/trick-tip-bs-180-heelflip-2-600x400.jpg 600w, \/blog\/wp-content\/uploads\/2016\/09\/trick-tip-bs-180-heelflip-2-768x512.jpg 768w\" sizes=\"auto, (max-width: 999px) 100vw, 999px\" \/><img loading=\"lazy\" decoding=\"async\" width=\"999\" height=\"666\" src=\"\/blog\/wp-content\/uploads\/2016\/09\/trick-tip-bs-180-heelflip-3.jpg\" class=\"slider-116461 slide-116470\" alt=\"Skateboard Trick BS 180 Heelflip\" data-caption=\"\" data-thumb=\"\" title=\"Skateboard Trick BS 180 Heelflip\" rel=\"\" srcset=\"\/blog\/wp-content\/uploads\/2016\/09\/trick-tip-bs-180-heelflip-3.jpg 999w, \/blog\/wp-content\/uploads\/2016\/09\/trick-tip-bs-180-heelflip-3-600x400.jpg 600w, \/blog\/wp-content\/uploads\/2016\/09\/trick-tip-bs-180-heelflip-3-768x512.jpg 768w\" sizes=\"auto, (max-width: 999px) 100vw, 999px\" \/><img loading=\"lazy\" decoding=\"async\" width=\"999\" height=\"666\" src=\"\/blog\/wp-content\/uploads\/2016\/09\/trick-tip-bs-180-heelflip-4.jpg\" class=\"slider-116461 slide-116474\" alt=\"Skateboard Trick BS 180 Heelflip\" data-caption=\"\" data-thumb=\"\" title=\"Skateboard Trick BS 180 Heelflip\" rel=\"\" srcset=\"\/blog\/wp-content\/uploads\/2016\/09\/trick-tip-bs-180-heelflip-4.jpg 999w, \/blog\/wp-content\/uploads\/2016\/09\/trick-tip-bs-180-heelflip-4-600x400.jpg 600w, \/blog\/wp-content\/uploads\/2016\/09\/trick-tip-bs-180-heelflip-4-768x512.jpg 768w\" sizes=\"auto, (max-width: 999px) 100vw, 999px\" \/><img loading=\"lazy\" decoding=\"async\" width=\"999\" height=\"666\" src=\"\/blog\/wp-content\/uploads\/2016\/09\/trick-tip-bs-180-heelflip-5.jpg\" class=\"slider-116461 slide-116478\" alt=\"Skateboard Trick BS 180 Heelflip\" data-caption=\"\" data-thumb=\"\" title=\"Skateboard Trick BS 180 Heelflip\" rel=\"\" srcset=\"\/blog\/wp-content\/uploads\/2016\/09\/trick-tip-bs-180-heelflip-5.jpg 999w, \/blog\/wp-content\/uploads\/2016\/09\/trick-tip-bs-180-heelflip-5-600x400.jpg 600w, \/blog\/wp-content\/uploads\/2016\/09\/trick-tip-bs-180-heelflip-5-768x512.jpg 768w\" sizes=\"auto, (max-width: 999px) 100vw, 999px\" \/><img loading=\"lazy\" decoding=\"async\" width=\"999\" height=\"666\" src=\"\/blog\/wp-content\/uploads\/2016\/09\/trick-tip-bs-180-heelflip-6.jpg\" class=\"slider-116461 slide-116482\" alt=\"Skateboard Trick BS 180 Heelflip\" data-caption=\"\" data-thumb=\"\" title=\"Skateboard Trick BS 180 Heelflip\" rel=\"\" srcset=\"\/blog\/wp-content\/uploads\/2016\/09\/trick-tip-bs-180-heelflip-6.jpg 999w, \/blog\/wp-content\/uploads\/2016\/09\/trick-tip-bs-180-heelflip-6-600x400.jpg 600w, \/blog\/wp-content\/uploads\/2016\/09\/trick-tip-bs-180-heelflip-6-768x512.jpg 768w\" sizes=\"auto, (max-width: 999px) 100vw, 999px\" \/><img loading=\"lazy\" decoding=\"async\" width=\"999\" height=\"666\" src=\"\/blog\/wp-content\/uploads\/2016\/09\/trick-tip-bs-180-heelflip-7.jpg\" class=\"slider-116461 slide-116486\" alt=\"Skateboard Trick BS 180 Heelflip\" data-caption=\"\" data-thumb=\"\" title=\"Skateboard Trick BS 180 Heelflip\" rel=\"\" srcset=\"\/blog\/wp-content\/uploads\/2016\/09\/trick-tip-bs-180-heelflip-7.jpg 999w, \/blog\/wp-content\/uploads\/2016\/09\/trick-tip-bs-180-heelflip-7-600x400.jpg 600w, \/blog\/wp-content\/uploads\/2016\/09\/trick-tip-bs-180-heelflip-7-768x512.jpg 768w\" sizes=\"auto, (max-width: 999px) 100vw, 999px\" \/><img loading=\"lazy\" decoding=\"async\" width=\"999\" height=\"666\" src=\"\/blog\/wp-content\/uploads\/2016\/09\/trick-tip-bs-180-heelflip-8.jpg\" class=\"slider-116461 slide-116490\" alt=\"Skateboard Trick BS 180 Heelflip\" data-caption=\"\" data-thumb=\"\" title=\"Skateboard Trick BS 180 Heelflip\" rel=\"\" srcset=\"\/blog\/wp-content\/uploads\/2016\/09\/trick-tip-bs-180-heelflip-8.jpg 999w, \/blog\/wp-content\/uploads\/2016\/09\/trick-tip-bs-180-heelflip-8-600x400.jpg 600w, \/blog\/wp-content\/uploads\/2016\/09\/trick-tip-bs-180-heelflip-8-768x512.jpg 768w\" sizes=\"auto, (max-width: 999px) 100vw, 999px\" \/><img loading=\"lazy\" decoding=\"async\" width=\"999\" height=\"666\" src=\"\/blog\/wp-content\/uploads\/2016\/09\/trick-tip-bs-180-heelflip-9.jpg\" class=\"slider-116461 slide-116494\" alt=\"Skateboard Trick BS 180 Heelflip\" data-caption=\"\" data-thumb=\"\" title=\"Skateboard Trick BS 180 Heelflip\" rel=\"\" srcset=\"\/blog\/wp-content\/uploads\/2016\/09\/trick-tip-bs-180-heelflip-9.jpg 999w, \/blog\/wp-content\/uploads\/2016\/09\/trick-tip-bs-180-heelflip-9-600x400.jpg 600w, \/blog\/wp-content\/uploads\/2016\/09\/trick-tip-bs-180-heelflip-9-768x512.jpg 768w\" sizes=\"auto, (max-width: 999px) 100vw, 999px\" \/><img loading=\"lazy\" decoding=\"async\" width=\"999\" height=\"666\" src=\"\/blog\/wp-content\/uploads\/2016\/09\/trick-tip-bs-180-heelflip-10.jpg\" class=\"slider-116461 slide-116498\" alt=\"Skateboard Trick BS 180 Heelflip\" data-caption=\"\" data-thumb=\"\" title=\"Skateboard Trick BS 180 Heelflip\" rel=\"\" srcset=\"\/blog\/wp-content\/uploads\/2016\/09\/trick-tip-bs-180-heelflip-10.jpg 999w, \/blog\/wp-content\/uploads\/2016\/09\/trick-tip-bs-180-heelflip-10-600x400.jpg 600w, \/blog\/wp-content\/uploads\/2016\/09\/trick-tip-bs-180-heelflip-10-768x512.jpg 768w\" sizes=\"auto, (max-width: 999px) 100vw, 999px\" \/><img loading=\"lazy\" decoding=\"async\" width=\"999\" height=\"666\" src=\"\/blog\/wp-content\/uploads\/2016\/09\/trick-tip-bs-180-heelflip-11.jpg\" class=\"slider-116461 slide-116502\" alt=\"Skateboard Trick BS 180 Heelflip\" data-caption=\"\" data-thumb=\"\" title=\"Skateboard Trick BS 180 Heelflip\" rel=\"\" srcset=\"\/blog\/wp-content\/uploads\/2016\/09\/trick-tip-bs-180-heelflip-11.jpg 999w, \/blog\/wp-content\/uploads\/2016\/09\/trick-tip-bs-180-heelflip-11-600x400.jpg 600w, \/blog\/wp-content\/uploads\/2016\/09\/trick-tip-bs-180-heelflip-11-768x512.jpg 768w\" sizes=\"auto, (max-width: 999px) 100vw, 999px\" \/><img loading=\"lazy\" decoding=\"async\" width=\"999\" height=\"666\" src=\"\/blog\/wp-content\/uploads\/2016\/09\/trick-tip-bs-180-heelflip-12.jpg\" class=\"slider-116461 slide-116506\" alt=\"Skateboard Trick BS 180 Heelflip\" data-caption=\"\" data-thumb=\"\" title=\"Skateboard Trick BS 180 Heelflip\" rel=\"\" srcset=\"\/blog\/wp-content\/uploads\/2016\/09\/trick-tip-bs-180-heelflip-12.jpg 999w, \/blog\/wp-content\/uploads\/2016\/09\/trick-tip-bs-180-heelflip-12-600x400.jpg 600w, \/blog\/wp-content\/uploads\/2016\/09\/trick-tip-bs-180-heelflip-12-768x512.jpg 768w\" sizes=\"auto, (max-width: 999px) 100vw, 999px\" \/><img loading=\"lazy\" decoding=\"async\" width=\"999\" height=\"666\" src=\"\/blog\/wp-content\/uploads\/2016\/09\/trick-tip-bs-180-heelflip-13.jpg\" class=\"slider-116461 slide-116510\" alt=\"Skateboard Trick BS 180 Heelflip\" data-caption=\"\" data-thumb=\"\" title=\"Skateboard Trick BS 180 Heelflip\" rel=\"\" srcset=\"\/blog\/wp-content\/uploads\/2016\/09\/trick-tip-bs-180-heelflip-13.jpg 999w, \/blog\/wp-content\/uploads\/2016\/09\/trick-tip-bs-180-heelflip-13-600x400.jpg 600w, \/blog\/wp-content\/uploads\/2016\/09\/trick-tip-bs-180-heelflip-13-768x512.jpg 768w\" sizes=\"auto, (max-width: 999px) 100vw, 999px\" \/><img loading=\"lazy\" decoding=\"async\" width=\"999\" height=\"666\" src=\"\/blog\/wp-content\/uploads\/2016\/09\/trick-tip-bs-180-heelflip-14.jpg\" class=\"slider-116461 slide-116514\" alt=\"Skateboard Trick BS 180 Heelflip\" data-caption=\"\" data-thumb=\"\" title=\"Skateboard Trick BS 180 Heelflip\" rel=\"\" srcset=\"\/blog\/wp-content\/uploads\/2016\/09\/trick-tip-bs-180-heelflip-14.jpg 999w, \/blog\/wp-content\/uploads\/2016\/09\/trick-tip-bs-180-heelflip-14-600x400.jpg 600w, \/blog\/wp-content\/uploads\/2016\/09\/trick-tip-bs-180-heelflip-14-768x512.jpg 768w\" sizes=\"auto, (max-width: 999px) 100vw, 999px\" \/><img loading=\"lazy\" decoding=\"async\" width=\"999\" height=\"666\" src=\"\/blog\/wp-content\/uploads\/2016\/09\/trick-tip-bs-180-heelflip-15.jpg\" class=\"slider-116461 slide-116518\" alt=\"Skateboard Trick BS 180 Heelflip\" data-caption=\"\" data-thumb=\"\" title=\"Skateboard Trick BS 180 Heelflip\" rel=\"\" srcset=\"\/blog\/wp-content\/uploads\/2016\/09\/trick-tip-bs-180-heelflip-15.jpg 999w, \/blog\/wp-content\/uploads\/2016\/09\/trick-tip-bs-180-heelflip-15-600x400.jpg 600w, \/blog\/wp-content\/uploads\/2016\/09\/trick-tip-bs-180-heelflip-15-768x512.jpg 768w\" sizes=\"auto, (max-width: 999px) 100vw, 999px\" \/><img loading=\"lazy\" decoding=\"async\" width=\"999\" height=\"666\" src=\"\/blog\/wp-content\/uploads\/2016\/09\/trick-tip-bs-180-heelflip-16.jpg\" class=\"slider-116461 slide-116522\" alt=\"Skateboard Trick BS 180 Heelflip\" data-caption=\"\" data-thumb=\"\" title=\"Skateboard Trick BS 180 Heelflip\" rel=\"\" srcset=\"\/blog\/wp-content\/uploads\/2016\/09\/trick-tip-bs-180-heelflip-16.jpg 999w, \/blog\/wp-content\/uploads\/2016\/09\/trick-tip-bs-180-heelflip-16-600x400.jpg 600w, \/blog\/wp-content\/uploads\/2016\/09\/trick-tip-bs-180-heelflip-16-768x512.jpg 768w\" sizes=\"auto, (max-width: 999px) 100vw, 999px\" \/><img loading=\"lazy\" decoding=\"async\" width=\"999\" height=\"666\" src=\"\/blog\/wp-content\/uploads\/2016\/09\/trick-tip-bs-180-heelflip-17.jpg\" class=\"slider-116461 slide-116526\" alt=\"Skateboard Trick BS 180 Heelflip\" data-caption=\"\" data-thumb=\"\" title=\"Skateboard Trick BS 180 Heelflip\" rel=\"\" srcset=\"\/blog\/wp-content\/uploads\/2016\/09\/trick-tip-bs-180-heelflip-17.jpg 999w, \/blog\/wp-content\/uploads\/2016\/09\/trick-tip-bs-180-heelflip-17-600x400.jpg 600w, \/blog\/wp-content\/uploads\/2016\/09\/trick-tip-bs-180-heelflip-17-768x512.jpg 768w\" sizes=\"auto, (max-width: 999px) 100vw, 999px\" \/><\/div><\/div>\n        \n    <\/div>\n<\/div>\r\n\t\t<\/div>\r\n\t\t<\/div>\r\n\t\t\r\n\t<\/div>\r\n<\/div>\r\n\r\n<!-- .Ende der Sequenz -->\r\n\r\n<div class=\"post clearfix padding-bottom\">\r\n\t<div id=\"decks-allgemeines\" class=\"hide-for-small large-2 columns\">\r\n\t\t<div class=\"date-day\">BS 180 Heelflip<\/div>\r\n\t\t<div class=\"date-month\">Step By Step<\/div>\r\n\t<\/div>\r\n\r\n\t<div class=\"large-10 columns\">\r\n\t\r\n\t\t<h2 class=\"margin-top margin-bottom\" align=\"center\">Trick Tipp Step By Step: BS 180 Heelflip<\/h2>\r\n\t\t\r\n\t\t<p align=\"center\"><small>Klicke auf die Bilder zum Vergr\u00f6\u00dfern<\/small>\r\n\t\t\r\n\t\t<div class=\"medium-12 columns margin-bottom\">\r\n\t\t\t\r\n\t\t\t<div class=\"small-12 medium-5 columns\">\r\n\t\t\t\t<a title=\"Klicke zum Vergr\u00f6\u00dfern\" href=\"\/blog\/wp-content\/uploads\/2016\/09\/skateboard-trick-tip-bs-heelflip-1.jpg\" rel=\"lightbox[gallery-1] lightbox-0\">\r\n\t\t\t\t\t<img decoding=\"async\" src=\"data:image\/gif;base64,R0lGODlhAQABAIAAAAAAAP\/\/\/yH5BAEAAAAALAAAAAABAAEAAAIBRAA7\" data-src=\"\/blog\/wp-content\/uploads\/2016\/09\/skateboard-trick-tip-bs-heelflip-1-thumb.jpg\" alt=\"Skateboard Trick BS 180 Heelflip\" \/><noscript><img decoding=\"async\" src=\"\/blog\/wp-content\/uploads\/2016\/09\/skateboard-trick-tip-bs-heelflip-1-thumb.jpg\" alt=\"Skateboard Trick BS 180 Heelflip\" \/><\/noscript>\r\n\t\t\t\t<\/a>\t\t\t\r\n\t\t\t<\/div>\r\n\t\t\t\r\n\t\t\t<div class=\"small-12 medium-7 columns\">\r\n\t\t\t<p>\r\n\t\t\t<span class=\"h4\">1.<\/span>\r\n\t\t\tDie Fu\u00dfstellung ist wie die bei einem einfachen Heelflip.  \r\n\t\t\t<\/p>\r\n\t\t\t<\/div>\r\n\t\t<\/div>\r\n\r\n\t\t\r\n\t\t<div class=\"medium-12 columns margin-bottom\">\r\n\t\t\r\n\t\t\t<!-- .jedes zweite Bild in diese DIV-Klasse -->\r\n\t\t\t<div class=\"small-12 medium-5 medium-push-7 columns\">\r\n\t\t\t\t<a title=\"Klicke zum Vergr\u00f6\u00dfern\" href=\"\/blog\/wp-content\/uploads\/2016\/09\/skateboard-trick-tip-bs-heelflip-2.jpg\" rel=\"lightbox[gallery-1] lightbox-1\">\r\n\t\t\t\t\t<img decoding=\"async\" src=\"data:image\/gif;base64,R0lGODlhAQABAIAAAAAAAP\/\/\/yH5BAEAAAAALAAAAAABAAEAAAIBRAA7\" data-src=\"\/blog\/wp-content\/uploads\/2016\/09\/skateboard-trick-tip-bs-heelflip-2-thumb.jpg\" alt=\"Skateboard Trick BS 180 Heelflip\" \/><noscript><img decoding=\"async\" src=\"\/blog\/wp-content\/uploads\/2016\/09\/skateboard-trick-tip-bs-heelflip-2-thumb.jpg\" alt=\"Skateboard Trick BS 180 Heelflip\" \/><\/noscript>\r\n\t\t\t\t<\/a>\t\t\t\t\r\n\t\t\t<\/div>\r\n\t\t\r\n\t\t\t<!-- .jeden zweiten Text in diese DIV-Klasse -->\r\n\t\t\t<div class=\"small-12 medium-7 medium-pull-5 columns\">\r\n\t\t\t<p>\r\n\t\t\t<span class=\"h4\">2.<\/span>\r\n\t\t\tDer Hinterfu\u00df steht mittig auf dem Tail, w\u00e4hrend sich der Vorderfu\u00df kurz vor den Schrauben der Vorderachse des Boards befindet und die Zehenspitzen leicht \u00fcber die Boardkante hinaus ragen.\r\n\t\t\t<\/p>\r\n\t\t\t<\/div>\r\n\t\t\t\t\t\r\n\t\t<\/div>\r\n\t\t\r\n\t\t<div class=\"medium-12 columns margin-bottom\">\r\n\t\t\t\r\n\t\t\t<div class=\"small-12 medium-5 columns\">\r\n\t\t\t\t<a title=\"Klicke zum Vergr\u00f6\u00dfern\" href=\"\/blog\/wp-content\/uploads\/2016\/09\/skateboard-trick-tip-bs-heelflip-3.jpg\" rel=\"lightbox[gallery-1] lightbox-2\">\r\n\t\t\t\t\t<img decoding=\"async\" src=\"data:image\/gif;base64,R0lGODlhAQABAIAAAAAAAP\/\/\/yH5BAEAAAAALAAAAAABAAEAAAIBRAA7\" data-src=\"\/blog\/wp-content\/uploads\/2016\/09\/skateboard-trick-tip-bs-heelflip-3-thumb.jpg\" alt=\"Skateboard Trick BS 180 Heelflip\" \/><noscript><img decoding=\"async\" src=\"\/blog\/wp-content\/uploads\/2016\/09\/skateboard-trick-tip-bs-heelflip-3-thumb.jpg\" alt=\"Skateboard Trick BS 180 Heelflip\" \/><\/noscript>\r\n\t\t\t\t<\/a>\t\t\r\n\t\t\t<\/div>\r\n\t\t\t\r\n\t\t\t<div class=\"small-12 medium-7 columns\">\r\n\t\t\t<p>\r\n\t\t\t<span class=\"h4\">3.<\/span>\r\n\t\t\tAuch hier ist wieder das Schwungholen und Eindrehen der Schultern in die Bewegung wichtig.\r\n\t\t\t<\/p>\r\n\t\t\t<\/div>\r\n\t\t<\/div>\r\n\t\t\r\n\t\t<div class=\"medium-12 columns margin-bottom\">\r\n\t\t\r\n\t\t\t<div class=\"small-12 medium-5 medium-push-7 columns\">\r\n\t\t\t\t<a title=\"Klicke zum Vergr\u00f6\u00dfern\" href=\"\/blog\/wp-content\/uploads\/2016\/09\/skateboard-trick-tip-bs-heelflip-4.jpg\" rel=\"lightbox[gallery-1] lightbox-3\">\r\n\t\t\t\t\t<img decoding=\"async\" src=\"data:image\/gif;base64,R0lGODlhAQABAIAAAAAAAP\/\/\/yH5BAEAAAAALAAAAAABAAEAAAIBRAA7\" data-src=\"\/blog\/wp-content\/uploads\/2016\/09\/skateboard-trick-tip-bs-heelflip-4-thumb.jpg\" alt=\"Skateboard Trick BS 180 Heelflip\" \/><noscript><img decoding=\"async\" src=\"\/blog\/wp-content\/uploads\/2016\/09\/skateboard-trick-tip-bs-heelflip-4-thumb.jpg\" alt=\"Skateboard Trick BS 180 Heelflip\" \/><\/noscript>\r\n\t\t\t\t<\/a>\t\t\t\t\t\r\n\t\t\t<\/div>\r\n\t\t\r\n\t\t\t<div class=\"small-12 medium-7 medium-pull-5 columns\">\r\n\t\t\t<p>\r\n\t\t\t<span class=\"h4\">4.<\/span>\r\n\t\t\tDie L\u00e4ngsdrehung wird durch die Heelflip-Technik erzeugt, indem du die Ferse des Vorderfu\u00dfes leicht schr\u00e4g \u00fcber die Nose hinaus ziehst.\t\r\n\t\t\t<\/p>\r\n\t\t\t<\/div>\r\n\t\t\r\n\t\t<\/div>\r\n\t\t\r\n\t\t<div class=\"medium-12 columns margin-bottom\">\r\n\t\t\r\n\t\t\t<div class=\"medium-5 columns\">\r\n\t\t\t\t<a title=\"Klicke zum Vergr\u00f6\u00dfern\" href=\"\/blog\/wp-content\/uploads\/2016\/09\/skateboard-trick-tip-bs-heelflip-5.jpg\" rel=\"lightbox[gallery-1] lightbox-4\">\r\n\t\t\t\t\t<img decoding=\"async\" src=\"data:image\/gif;base64,R0lGODlhAQABAIAAAAAAAP\/\/\/yH5BAEAAAAALAAAAAABAAEAAAIBRAA7\" data-src=\"\/blog\/wp-content\/uploads\/2016\/09\/skateboard-trick-tip-bs-heelflip-5-thumb.jpg\" alt=\"Skateboard Trick BS 180 Heelflip\" \/><noscript><img decoding=\"async\" src=\"\/blog\/wp-content\/uploads\/2016\/09\/skateboard-trick-tip-bs-heelflip-5-thumb.jpg\" alt=\"Skateboard Trick BS 180 Heelflip\" \/><\/noscript>\r\n\t\t\t\t<\/a>\t\t\t\t\t\t\t\r\n\t\t\t<\/div>\r\n\t\t\t\r\n\t\t\t<div class=\"medium-7 columns\">\r\n\t\t\t<p>\r\n\t\t\t<span class=\"h4\">5.<\/span>\r\n\t\t\tEin hilfreicher Tipp ist hierbei das Landen auf der Vorderachse, damit du die 180 Grad Drehung kontrolliert beenden kannst.  \t\t\t\r\n\t\t\t<\/p>\r\n\t\t\t\r\n\t\t\t<\/div>\r\n\t\t\r\n\t\t<\/div>\r\n\t<\/div>\r\n<\/div>\r\n\r\n<!-- .Ende der Step By Step Anleitung -->\r\n\r\n<div class=\"post clearfix padding-bottom\">\r\n\t<div id=\"decks-allgemeines\" class=\"hide-for-small large-2 columns\">\r\n\t\t<div class=\"date-day\">Mehr Tricks<\/div>\r\n\t\t<div class=\"date-month\">?<\/div>\r\n\t<\/div>\r\n\r\n\t<div class=\"large-10 columns\">\r\n\t\r\n\t\t<h3 class=\"margin-top margin-bottom\" align=\"center\">Welcher Trick als n\u00e4chstes?<\/h2>\r\n\t\t\r\n\t\t<p>\r\n\t\tDer BS Heelflip sitzt und du willst deine Kickflips auch Backside landen? Dann weiter im Text und zieh dir den Trick Tipp zum BS 180 Kickflip rein.<\/p> <p>Wenn dir schon ganz \u00fcbel von den vielen Spins ist, kannst du deinem K\u00f6rper auch eine kleine Pause g\u00f6nnen und deinem Brett mehr Arbeit aufhalsen. Wie? Einfach mal die Trick Tipps zum 360 Flip oder Hardflip angehen!<\/p> <p>Gar nicht dein Ding? Dann klick dich einfach durch die vielen weiteren <a title=\"zu den Skateboard Trick Tipps Flat\" href=\"\/blog\/de\/trick-tipps\/skateboard\/flat\/\">Trick Tipps f\u00fcr&#8217;s Flat<\/a>, <a title=\"zu den Skateboard Trick Tipps Flat\" href=\"\/blog\/de\/trick-tipps\/skateboard\/curb-rail\/\">Curb und Rail<\/a> oder <a title=\"zu den Skateboard Trick Tipps Flat\" href=\"\/blog\/de\/trick-tipps\/skateboard\/transition\/\">Transition.<\/a>\r\n\t\t<\/p>\r\n\t\t\r\n\t\t<div class=\"medium-12 small-12 columns\">\r\n\t\t\t<a title=\"zu den Skateboard Trick Tipps Flat\" href=\"\/blog\/de\/trick-tipps\/skateboard\/flat\/\" class=\"button-auto\">Skateboard Trick Tipps | Flat<\/a>\r\n\t\t\t<br><br>\r\n\t\t\t\r\n\t\t\t<div class=\"medium-6 small-12 columns\">\r\n\t\t\t<a title=\"zu den Skateboard Trick Tipps Curb &#038; Rail\" href=\"\/blog\/de\/trick-tipps\/skateboard\/curb-rail\/\" class=\"button-auto\">Skateboard Trick Tipps | Curb &#038; Rail<\/a>\r\n\t\t\t<br><br>\r\n\t\t\t<\/div>\r\n\t\t\t\r\n\t\t\t<div class=\"medium-6 small-12 columns\">\r\n\t\t\t<a title=\"zu den Skateboard Trick Tipps Transition\" href=\"\/blog\/de\/trick-tipps\/skateboard\/transition\/\" class=\"button-auto\">Skateboard Trick Tipps | Transition<\/a>\r\n\t\t\t<br><br>\r\n\t\t\t<\/div>\r\n\t\t\t\r\n\t\t<\/div>\r\n\t\t\r\n\t\t\r\n\t<\/div>\r\n<\/div><div class=\"ShariffSC\" style=\"shariff-shop\"><div class=\"shariff\" data-url=\"https:\/\/skatedeluxe.com\/blog\/de\/trick-tipps\/skateboard\/flat\/how-to-bs-180-heelflip\/\" data-title=\"BS 180 Heelflip &#8211; Skateboard Trick Tipp\" data-services='[\"facebooklike\", \"facebook\"]' data-backend-url='\/shariff\/'><\/div><\/div>","protected":false},"excerpt":{"rendered":"<p>Trick Tipp BS 180 Heelflip Der Backside 180 Heelflip ist, wie der Name schon vermuten l\u00e4sst, eine Kombination aus Backside 180 und Heelflip. Diese beiden Tricks bilden die praktische Grundlage f\u00fcr den BS Heelflip. Fehlen dir diese beiden Basics noch, solltest du nicht z\u00f6gern und unsere entsprechenden Trick Tipps dazu auschecken. Dann dauert es garantiert <a class=\"read-more\" href=\"https:\/\/skatedeluxe.com\/blog\/de\/trick-tipps\/skateboard\/flat\/how-to-bs-180-heelflip\/\">[&#8230;]<\/a><\/p>\n","protected":false},"author":54,"featured_media":123735,"parent":21467,"menu_order":15,"comment_status":"closed","ping_status":"closed","template":"page-templates\/teasing-page.php","meta":{"footnotes":""},"class_list":["post-115983","page","type-page","status-publish","has-post-thumbnail","hentry"],"aioseo_notices":[],"amp_enabled":false,"_links":{"self":[{"href":"https:\/\/skatedeluxe.com\/blog\/de\/wp-json\/wp\/v2\/pages\/115983","targetHints":{"allow":["GET"]}}],"collection":[{"href":"https:\/\/skatedeluxe.com\/blog\/de\/wp-json\/wp\/v2\/pages"}],"about":[{"href":"https:\/\/skatedeluxe.com\/blog\/de\/wp-json\/wp\/v2\/types\/page"}],"author":[{"embeddable":true,"href":"https:\/\/skatedeluxe.com\/blog\/de\/wp-json\/wp\/v2\/users\/54"}],"replies":[{"embeddable":true,"href":"https:\/\/skatedeluxe.com\/blog\/de\/wp-json\/wp\/v2\/comments?post=115983"}],"version-history":[{"count":21,"href":"https:\/\/skatedeluxe.com\/blog\/de\/wp-json\/wp\/v2\/pages\/115983\/revisions"}],"predecessor-version":[{"id":143954,"href":"https:\/\/skatedeluxe.com\/blog\/de\/wp-json\/wp\/v2\/pages\/115983\/revisions\/143954"}],"up":[{"embeddable":true,"href":"https:\/\/skatedeluxe.com\/blog\/de\/wp-json\/wp\/v2\/pages\/21467"}],"wp:featuredmedia":[{"embeddable":true,"href":"https:\/\/skatedeluxe.com\/blog\/de\/wp-json\/wp\/v2\/media\/123735"}],"wp:attachment":[{"href":"https:\/\/skatedeluxe.com\/blog\/de\/wp-json\/wp\/v2\/media?parent=115983"}],"curies":[{"name":"wp","href":"https:\/\/api.w.org\/{rel}","templated":true}]}}