{"id":111868,"date":"2016-08-04T13:54:56","date_gmt":"2016-08-04T11:54:56","guid":{"rendered":"https:\/\/admin.skatedeluxe.com\/blog\/de\/?page_id=111868"},"modified":"2016-08-10T10:42:13","modified_gmt":"2016-08-10T08:42:13","slug":"skateboard","status":"publish","type":"page","link":"https:\/\/skatedeluxe.com\/blog\/de\/trick-tipps\/skateboard\/","title":{"rendered":"Skateboard Trick Tipps"},"content":{"rendered":"<div class=\"row\">\r\n\r\n<div class=\"medium-12 medium-12 columns\">\t\r\n\t<div class=\"post clearfix\" style=\"padding-bottom: 15px;\">\r\n\t\t<div class=\"medium-12 columns\">\r\n\t\t\t<h2 align=\"center\">Skateboarding<\/h2>\r\n\t\t\t\r\n\t\t\t<div class=\"medium-4 columns\">\r\n\t\t\t\t<h3 align=\"center\">Flat<\/h3>\r\n\t\t\t\t\r\n\t\t\t\t<p align=\"center\">\r\n\t\t\t\t\t<a href=\"\/blog\/de\/trick-tipps\/skateboard\/flat\/\" title=\"zu den Skateboard Trick Tipps | Flat\"><img decoding=\"async\" src=\"data:image\/gif;base64,R0lGODlhAQABAIAAAAAAAP\/\/\/yH5BAEAAAAALAAAAAABAAEAAAIBRAA7\" data-src=\"\/blog\/wp-content\/uploads\/2016\/08\/skateboard-trick-tipps-flat.jpg\" title=\"Skateboard Trick Tipps Flat\" alt=\"Skateboard Trick Tipps | Obstacle Flat\" \/><noscript><img decoding=\"async\" src=\"\/blog\/wp-content\/uploads\/2016\/08\/skateboard-trick-tipps-flat.jpg\" title=\"Skateboard Trick Tipps Flat\" alt=\"Skateboard Trick Tipps | Obstacle Flat\" \/><\/noscript><\/a>\r\n\t\t\t\t<\/p>\r\n\t\t\t\t\r\n\t\t\t\t<a title=\"zu den Skateboard Trick Tipps Flat\" href=\"\/blog\/de\/trick-tipps\/skateboard\/flat\/\" class=\"button-auto\">Skateboard Trick Tipps <br> Flat &#8211; Basics<\/a>\t \r\n\t\t\t<\/div>\r\n\t\t\t\r\n\t\t\t<div class=\"medium-4 columns\">\r\n\t\t\t\t<h3 align=\"center\">Curb | Rail<\/h3>\r\n\t\t\t\t\r\n\t\t\t\t<p align=\"center\">\r\n\t\t\t\t\t<a href=\"\/blog\/de\/trick-tipps\/skateboard\/curb-rail\/\" title=\"zu den Skateboard Trick Tipps | Curb &#038; Rail\"><img decoding=\"async\" src=\"data:image\/gif;base64,R0lGODlhAQABAIAAAAAAAP\/\/\/yH5BAEAAAAALAAAAAABAAEAAAIBRAA7\" data-src=\"\/blog\/wp-content\/uploads\/2016\/08\/skateboard-trick-tipps-curb-rail.jpg\" title=\"Skateboard Trick Tipps Curb &#038; Rail\" alt=\"Skateboard Trick Tipps | Obstacle Curb\" \/><noscript><img decoding=\"async\" src=\"\/blog\/wp-content\/uploads\/2016\/08\/skateboard-trick-tipps-curb-rail.jpg\" title=\"Skateboard Trick Tipps Curb &#038; Rail\" alt=\"Skateboard Trick Tipps | Obstacle Curb\" \/><\/noscript><\/a>\r\n\t\t\t\t<\/p>\r\n\t\t\t\t\r\n\t\t\t\t<a title=\"zu den Skateboard Trick Tipps Curb &#038; Rail\" href=\"\/blog\/de\/trick-tipps\/skateboard\/curb-rail\/\" class=\"button-auto\">Skateboard Trick Tipps <br> Curb &#038; Rail<\/a>\t \r\n\t\t\t<\/div>\r\n\t\t\t\r\n\t\t\t<div class=\"medium-4 columns\">\r\n\t\t\t\t<h3 align=\"center\">Transition<\/h3>\r\n\t\t\t\t\r\n\t\t\t\t<p align=\"center\">\r\n\t\t\t\t\t<a href=\"\/blog\/de\/trick-tipps\/skateboard\/transition\/\" title=\"zu den Skateboard Trick Tipps | Transition\"><img decoding=\"async\" src=\"data:image\/gif;base64,R0lGODlhAQABAIAAAAAAAP\/\/\/yH5BAEAAAAALAAAAAABAAEAAAIBRAA7\" data-src=\"\/blog\/wp-content\/uploads\/2016\/08\/skateboard-trick-tipps-transition-quarter.jpg\" title=\"Skateboard Trick Tipps Transition, Quarter, Rampe\" alt=\"Skateboard Trick Tipps | Obstacle Quarter\" \/><noscript><img decoding=\"async\" src=\"\/blog\/wp-content\/uploads\/2016\/08\/skateboard-trick-tipps-transition-quarter.jpg\" title=\"Skateboard Trick Tipps Transition, Quarter, Rampe\" alt=\"Skateboard Trick Tipps | Obstacle Quarter\" \/><\/noscript><\/a>\r\n\t\t\t\t<\/p>\r\n\t\t\t\t\r\n\t\t\t\t<a title=\"zu den Skateboard Trick Tipps Transition\" href=\"\/blog\/de\/trick-tipps\/skateboard\/transition\/\" class=\"button-auto\">Skateboard Trick Tipps <br> Transition<\/a>\t \r\n\t\t\t<\/div>\r\n\t\t\r\n\t\t<\/div>\r\n\t<\/div>\r\n<\/div>\r\n\r\n\r\n<\/div>\r\n\r\n<div class=\"row\">\r\n\r\n<div class=\"medium-12 medium-12 columns\">\t\r\n\t<div class=\"post clearfix\" style=\"padding-bottom: 15px;\">\r\n\t\t<div class=\"medium-12 columns\">\r\n\t\t\t\r\n\t\t<p align=\"center\">\r\n\t\t<span class=\"h5\">Du bist Skateboard-Anf\u00e4nger und willst deine ersten Tricks lernen, wei\u00dft aber nicht wo du anfangen sollst und wie die Tricks \u00fcberhaupt funktionieren?<\/span>\r\n\t\t<\/p>\r\n\t\t\r\n\t\t<p>\r\n\t\tDann bist du in der skatedeluxe Skateboard Trick Tipp Section genau richtig. Hier findest du Videos und Erkl\u00e4rungen zu den Skateboard Basics wie dem Ollie, dem 50-50 und dem Drop In und nat\u00fcrlich auch How-Tos zu anspruchsvollen Tricks.\r\n\t\tIm <a href=\"\/blog\/de\/trick-tipps\/skateboard\/flat\/\" title=\"Skateboard Trick Tipps Flat\">Flat Bereich<\/a> haben wir s\u00e4mtliche Basic Tricks und Flips sowie eine Menge Tricks f\u00fcr fortgeschrittene Skater am Start. Im <a href=\"\/blog\/de\/trick-tipps\/skateboard\/curb-rail\/\" title=\"Skateboard Trick Tipps Curb &#038; Rail\">Curb &#038; Rail<\/a> Bereich zeigen dir die skatedeluxe Teamfahrer, wie grundlegenden Slides und Grinds funktionieren.\r\n\t\tNeben den Basics gibt&#8217;s nat\u00fcrlich auch Curb &#038; Rail Trick Tipps f\u00fcr Fortgeschrittene. Trick Tipps f\u00fcr die Miniramp und Quarter findest du im <a href=\"\/blog\/de\/trick-tipps\/skateboard\/transition\/\" title=\"Skateboard Trick Tipps f\u00fcr Miniramp und Quarter\">Transition Bereich.<\/a>\r\n\t\t<\/p>\r\n\t\t\r\n\t\t<p align=\"center\">\r\n\t\t<span class=\"h5\">Also Klick dich rein und dann hei\u00dft es: \u00dcben! \u00dcben! \u00dcben!<\/span>\r\n\t\t<\/p>\r\n\t\t\t\t\r\n\t\t<\/div>\r\n\t<\/div>\r\n<\/div>\r\n\r\n\r\n<\/div>\r\n<div class=\"ShariffSC\" style=\"shariff-shop\"><div class=\"shariff\" data-url=\"https:\/\/skatedeluxe.com\/blog\/de\/trick-tipps\/skateboard\/\" data-title=\"Skateboard Trick Tipps\" data-services='[\"facebooklike\", \"facebook\"]' data-backend-url='\/shariff\/'><\/div><\/div>","protected":false},"excerpt":{"rendered":"<p>Skateboarding Flat Skateboard Trick Tipps Flat &#8211; Basics Curb | Rail Skateboard Trick Tipps Curb &#038; Rail Transition Skateboard Trick Tipps Transition Du bist Skateboard-Anf\u00e4nger und willst deine ersten Tricks lernen, wei\u00dft aber nicht wo du anfangen sollst und wie die Tricks \u00fcberhaupt funktionieren? Dann bist du in der skatedeluxe Skateboard Trick Tipp Section genau <a class=\"read-more\" href=\"https:\/\/skatedeluxe.com\/blog\/de\/trick-tipps\/skateboard\/\">[&#8230;]<\/a><\/p>\n","protected":false},"author":24,"featured_media":112423,"parent":111432,"menu_order":1,"comment_status":"closed","ping_status":"closed","template":"page-templates\/teasing-page.php","meta":{"footnotes":""},"class_list":["post-111868","page","type-page","status-publish","has-post-thumbnail","hentry"],"aioseo_notices":[],"amp_enabled":false,"_links":{"self":[{"href":"https:\/\/skatedeluxe.com\/blog\/de\/wp-json\/wp\/v2\/pages\/111868","targetHints":{"allow":["GET"]}}],"collection":[{"href":"https:\/\/skatedeluxe.com\/blog\/de\/wp-json\/wp\/v2\/pages"}],"about":[{"href":"https:\/\/skatedeluxe.com\/blog\/de\/wp-json\/wp\/v2\/types\/page"}],"author":[{"embeddable":true,"href":"https:\/\/skatedeluxe.com\/blog\/de\/wp-json\/wp\/v2\/users\/24"}],"replies":[{"embeddable":true,"href":"https:\/\/skatedeluxe.com\/blog\/de\/wp-json\/wp\/v2\/comments?post=111868"}],"version-history":[{"count":4,"href":"https:\/\/skatedeluxe.com\/blog\/de\/wp-json\/wp\/v2\/pages\/111868\/revisions"}],"predecessor-version":[{"id":112429,"href":"https:\/\/skatedeluxe.com\/blog\/de\/wp-json\/wp\/v2\/pages\/111868\/revisions\/112429"}],"up":[{"embeddable":true,"href":"https:\/\/skatedeluxe.com\/blog\/de\/wp-json\/wp\/v2\/pages\/111432"}],"wp:featuredmedia":[{"embeddable":true,"href":"https:\/\/skatedeluxe.com\/blog\/de\/wp-json\/wp\/v2\/media\/112423"}],"wp:attachment":[{"href":"https:\/\/skatedeluxe.com\/blog\/de\/wp-json\/wp\/v2\/media?parent=111868"}],"curies":[{"name":"wp","href":"https:\/\/api.w.org\/{rel}","templated":true}]}}