{"id":111722,"date":"2016-08-04T11:56:15","date_gmt":"2016-08-04T09:56:15","guid":{"rendered":"https:\/\/admin.skatedeluxe.com\/blog\/de\/?page_id=111722"},"modified":"2018-03-22T14:51:48","modified_gmt":"2018-03-22T13:51:48","slug":"skateboard-wiki","status":"publish","type":"page","link":"https:\/\/skatedeluxe.com\/blog\/de\/wiki\/skateboarding\/skateboard-wiki\/","title":{"rendered":"Skateboard Hardgoods Wiki"},"content":{"rendered":"<div class=\"row\">\r\n\r\n<div class=\"small-12 columns\">\t\r\n\t<div class=\"post clearfix\" style=\"padding-bottom: 15px;\">\r\n\t\t<div class=\"small-12 columns\">\r\n\t\t\t\r\n          \t<h2 align=\"center\">Willkommen im skatedeluxe Skateboard Hardgoods Wiki!<\/h2>\r\n<p align=\"center\">\r\n<em>Skateboard ist nicht gleich Skateboard!<\/em>\r\n<\/p>\r\n<p>\r\nIn unserem Skateboard-Wissen erh\u00e4ltst du n\u00fctzliche Informationen \u00fcber die Konstruktionen und Technologien von Skateboard-Decks, den Aufbau von Achsen, \u00fcber die Beschaffenheit von verschiedenen Wheels, \u00fcber die Geheimnisse von Kugellagern sowie \u00fcber alles, was du \u00fcber Shockpads und Montages\u00e4tze wissen musst. Viel Spa\u00df mit der geballten Ladung Skateboard-Knowledge &#8211; Klick dich rein!     \t\r\n<\/p>\r\n\t\t\t\r\n\t\t<\/div>\r\n\t<\/div>\r\n<\/div>\r\n\r\n\r\n<div class=\"medium-12 medium-12 columns\">\t\r\n\t<div class=\"post clearfix\" style=\"padding-bottom: 15px;\">\r\n\t\t<div class=\"medium-12 columns\">\r\n\t\t\t<h3 align=\"center\">Skateboard Decks<\/h3>\r\n\r\n<div class=\"medium-6 columns\">\r\n            <a href=\"\/blog\/de\/wiki\/skateboarding\/skateboard-wiki\/decks\/\" title=\"Alles was du \u00fcber Skateboard Decks wissen musst\">\r\n\t\t\t<img decoding=\"async\" src=\"data:image\/gif;base64,R0lGODlhAQABAIAAAAAAAP\/\/\/yH5BAEAAAAALAAAAAABAAEAAAIBRAA7\" data-src=\"\/blog\/wp-content\/uploads\/2017\/01\/decks-skateboard-wiki.jpg\" alt=\"Skateboard Decks\" style=\"padding-bottom: 15px;\"\/><noscript><img decoding=\"async\" src=\"\/blog\/wp-content\/uploads\/2017\/01\/decks-skateboard-wiki.jpg\" alt=\"Skateboard Decks\" style=\"padding-bottom: 15px;\"\/><\/noscript>\r\n            <\/a>\r\n<\/div>\r\n\r\n<div class=\"medium-6 columns\">\r\n<p>\r\nWelches Skateboard Deck ist das richtige f\u00fcr mich? Worauf muss ich beim Kauf achten? Was unterscheidet die unterschiedlichen Decks voneinander? Welchen Einfluss haben meine K\u00f6rper- und Schuhgr\u00f6\u00dfe? Antworten auf diese und weitere Fragen bekommst du hier!\r\n<\/p>\r\n<a title=\"Wissenswertes \u00fcber Skateboard Decks\" href=\"\/blog\/de\/wiki\/skateboarding\/skateboard-wiki\/decks\/\" class=\"button-auto\"> Alles was du \u00fcber Skateboard Decks wissen musst! <\/a>\r\n<\/div>\r\n\t\t<\/div>\r\n\t<\/div>\r\n<\/div>\r\n\r\n<div class=\"medium-12 medium-12 columns\">\t\r\n\t<div class=\"post clearfix\" style=\"padding-bottom: 15px;\">\r\n\t\t<div class=\"small-12 columns\">\r\n\t\t\t<h3 align=\"center\">Skateboard Achsen<\/h3>\r\n\t\t\t<a href=\"\/blog\/de\/wiki\/skateboarding\/skateboard-wiki\/achsen-trucks\/\" title=\"Alles was du \u00fcber Skateboard Achsen wissen musst\">\r\n<div class=\"medium-6 columns\">\r\n            <img decoding=\"async\" src=\"data:image\/gif;base64,R0lGODlhAQABAIAAAAAAAP\/\/\/yH5BAEAAAAALAAAAAABAAEAAAIBRAA7\" data-src=\"\/blog\/wp-content\/uploads\/2017\/01\/achsen-skateboard-wiki.jpg\" alt=\"Skateboard Achse\" style=\"padding-bottom: 15px;\"\/><noscript><img decoding=\"async\" src=\"\/blog\/wp-content\/uploads\/2017\/01\/achsen-skateboard-wiki.jpg\" alt=\"Skateboard Achse\" style=\"padding-bottom: 15px;\"\/><\/noscript>\r\n            <\/a>\r\n<\/div>\r\n\r\n<div class=\"medium-6 columns\">\r\n<p>\r\nOhne Achsen bringt dir dein Deck nicht allzu viel. Dabei ist es nat\u00fcrlich wichtig, dass die Achsen zu deinem Deck passen. Worauf du beim Kauf von Skateboard Achsen achten solltest und welche Gr\u00f6\u00dfe du ben\u00f6tigst, erf\u00e4hrst du hier. Au\u00dferdem erl\u00e4utern wir dir den Unterschied zwischen Low, High und Mid Achsen sowie einiges mehr.\r\n<\/p>\r\n<a title=\"Wissenswertes \u00fcber Skateboard Achsen\" href=\"\/blog\/de\/wiki\/skateboarding\/skateboard-wiki\/achsen-trucks\/\" class=\"button-auto\">Wissenswertes \u00fcber Skateboard Achsen<\/a>\r\n<\/div>\r\n\r\n\t\t<\/div>\r\n\t<\/div>\r\n<\/div>\r\n\r\n\r\n<div class=\"medium-12 medium-12 columns\">\t\r\n\t<div class=\"post clearfix\" style=\"padding-bottom: 15px;\">\r\n\t\t<div class=\"small-12 columns\">\r\n\t\t\t<h3 align=\"center\">Skateboard Rollen<\/h3>\r\n\t\t\t<a href=\"\/blog\/de\/wiki\/skateboarding\/skateboard-wiki\/rollen-wheels\/\" title=\"Alles was du \u00fcber Skateboard Rollen wissen musst\">\r\n<div class=\"medium-6 columns\">\r\n            <img decoding=\"async\" src=\"data:image\/gif;base64,R0lGODlhAQABAIAAAAAAAP\/\/\/yH5BAEAAAAALAAAAAABAAEAAAIBRAA7\" data-src=\"\/blog\/wp-content\/uploads\/2017\/01\/rollen-wheels-skateboard-wiki.jpg\" alt=\"Skateboard Rollen\" style=\"padding-bottom: 15px;\"\/><noscript><img decoding=\"async\" src=\"\/blog\/wp-content\/uploads\/2017\/01\/rollen-wheels-skateboard-wiki.jpg\" alt=\"Skateboard Rollen\" style=\"padding-bottom: 15px;\"\/><\/noscript>\r\n            <\/a>\r\n<\/div>\r\n\r\n<div class=\"medium-6 columns\">\r\n<p>\r\nOhne Rollen kein Rollbrett! Woraus bestehen Skateboard Rollen eigentlich? Welche Gr\u00f6\u00dfe brauche ich? Sollte ich lieber harte oder weiche Rollen w\u00e4hlen? Antworten auf diese und weitere Fragen findest du hier. Zudem stellen wir dir die wichtigsten Skateboard Rollen Technologien vor.\r\n<\/p>\r\n<a title=\"Wissenswertes \u00fcber Skateboard Rollen\" href=\"\/blog\/de\/wiki\/skateboarding\/skateboard-wiki\/rollen-wheels\/\" class=\"button-auto\">Alles \u00fcber Skateboard Rollen<\/a>\r\n<\/div>\r\n\r\n\t\t<\/div>\r\n\t<\/div>\r\n<\/div>\r\n\r\n\r\n<div class=\"medium-12 medium-12 columns\">\t\r\n\t<div class=\"post clearfix\" style=\"padding-bottom: 15px;\">\r\n\t\t<div class=\"small-12 columns\">\r\n\t\t\t<h3 align=\"center\">Skateboard Kugellager<\/h3>\r\n\t\t\t<a href=\"\/blog\/de\/wiki\/skateboarding\/skateboard-wiki\/kugellager-bearings\/\" title=\"Alles was du \u00fcber Skateboard Kugellager wissen musst\">\r\n<div class=\"medium-6 columns\">\r\n            <img decoding=\"async\" src=\"data:image\/gif;base64,R0lGODlhAQABAIAAAAAAAP\/\/\/yH5BAEAAAAALAAAAAABAAEAAAIBRAA7\" data-src=\"\/blog\/wp-content\/uploads\/2017\/01\/kugellager-skateboard-wiki.jpg\" alt=\"Skateboard Kugellager\" style=\"padding-bottom: 15px;\"\/><noscript><img decoding=\"async\" src=\"\/blog\/wp-content\/uploads\/2017\/01\/kugellager-skateboard-wiki.jpg\" alt=\"Skateboard Kugellager\" style=\"padding-bottom: 15px;\"\/><\/noscript>\r\n            <\/a>\r\n<\/div>\r\n\r\n<div class=\"medium-6 columns\">\r\n<p>\r\nDamit sich deine Wheels ordentlich drehen, brauchst du vern\u00fcnftige Kugellager. Hier erf\u00e4hrst du, wie ein Kugellager aufgebaut ist, ob das ABEC Rating wirklich relevant ist und wie du deine Kugellager pflegst und reinigst.\r\n<\/p>\r\n<a title=\"Wissenswertes \u00fcber Skateboard Kugellager\" href=\"\/blog\/de\/wiki\/skateboarding\/skateboard-wiki\/kugellager-bearings\/\" class=\"button-auto\">Erfahre mehr \u00fcber Kugellager<\/a>\r\n<\/div>\r\n\r\n\t\t<\/div>\r\n\t<\/div>\r\n<\/div>\r\n\r\n<div class=\"medium-12 medium-12 columns\">\t\r\n\t<div class=\"post clearfix\" style=\"padding-bottom: 15px;\">\r\n\t\t<div class=\"small-12 columns\">\r\n<div class=\"medium-6 columns\">\r\n<\/br><\/br>\r\n<a title=\"Zum eigenen Setup in 6 Schritten\" href=\"\/de\/skateboardfactory\" class=\"button-auto\">Erstelle jetzt dein Setup mit unserem Skateboard Konfigurator<\/a>\r\n<\/br><\/br>\r\n<\/div>\r\n<div class=\"medium-6 columns\">\r\n<\/br><\/br>\r\n<a title=\"Skateboards f\u00fcr Anf\u00e4nger\" href=\"\/blog\/de\/skateboards-fuer-anfaenger-empfehlungen-checklisten\/\" class=\"button-auto\">Blutiger Anf\u00e4nger? Hier gibt&#8217;s Skateboard Empfehlungen f\u00fcr Einsteiger<\/a>\r\n<\/br><\/br>\r\n\r\n<\/div>\r\n<div class=\"ShariffSC\" style=\"shariff-shop\"><div class=\"shariff\" data-url=\"https:\/\/skatedeluxe.com\/blog\/de\/wiki\/skateboarding\/skateboard-wiki\/\" data-title=\"Skateboard Hardgoods Wiki\" data-services='[\"facebooklike\", \"facebook\"]' data-backend-url='\/shariff\/'><\/div><\/div>\r\n\t\t<\/div>\r\n\t<\/div>\r\n<\/div>\r\n\r\n\r\n<div class=\"medium-12 medium-12 columns\">\r\n\t<div id=\"zubehoer\">\r\n\t<div class=\"post clearfix\" style=\"padding-bottom: 15px;\">\r\n\t\t<div class=\"small-12 columns\">\r\n\t\t\t<h3 align=\"center\">Skateboard Schrauben<\/h3>\r\n\t\t\t<a href=\"\/blog\/de\/wiki\/skateboarding\/skateboard-wiki\/montage-schrauben\/\" title=\"Alles was du \u00fcber Skateboard Schrauben wissen musst\">\r\n<div class=\"medium-6 columns\">\r\n            <img decoding=\"async\" src=\"data:image\/gif;base64,R0lGODlhAQABAIAAAAAAAP\/\/\/yH5BAEAAAAALAAAAAABAAEAAAIBRAA7\" data-src=\"\/blog\/wp-content\/uploads\/2017\/01\/montage-schrauben-muttern-skateboard-wiki.jpg\" alt=\"Skateboard Schrauben, Muttern\" style=\"padding-bottom: 15px;\"\/><noscript><img decoding=\"async\" src=\"\/blog\/wp-content\/uploads\/2017\/01\/montage-schrauben-muttern-skateboard-wiki.jpg\" alt=\"Skateboard Schrauben, Muttern\" style=\"padding-bottom: 15px;\"\/><\/noscript>\r\n            <\/a>\r\n<\/div>\r\n\r\n<div class=\"medium-6 columns\">\r\n<p>\r\nDamit dein Skateboard zusammenh\u00e4lt, ben\u00f6tigst du einen Montagesatz. Hier erf\u00e4hrst du, welche verschiedenen Schraubenarten es gibt, warum man \u00fcberhaupt besondere Schrauben und Muttern zum Skaten braucht und wie du die richtige Schraubenl\u00e4nge ausw\u00e4hlst.\r\n<\/p>\r\n<a title=\"Wissenswertes \u00fcber Skateboard Schrauben\" href=\"\/blog\/de\/wiki\/skateboarding\/skateboard-wiki\/montage-schrauben\/\" class=\"button-auto\">Hier findest du den richtigen Montagesatz!<\/a>\r\n<\/div>\r\n\r\n\t\t<\/div>\r\n\t<\/div>\r\n<\/div>\r\n\r\n\r\n<div class=\"medium-12 medium-12 columns\">\t\r\n\t<div class=\"post clearfix\" style=\"padding-bottom: 15px;\">\r\n\t\t<div class=\"small-12 columns\">\r\n\t\t\t<h3 align=\"center\">Skateboard Lenkgummis<\/h3>\r\n\t\t\t<a href=\"\/blog\/de\/wiki\/skateboarding\/skateboard-wiki\/lenkgummis-bushings\/\" title=\"Alles was du \u00fcber Skateboard Bushings wissen musst\">\r\n<div class=\"medium-6 columns\">\r\n            <img decoding=\"async\" src=\"data:image\/gif;base64,R0lGODlhAQABAIAAAAAAAP\/\/\/yH5BAEAAAAALAAAAAABAAEAAAIBRAA7\" data-src=\"\/blog\/wp-content\/uploads\/2017\/01\/lenkgummis-bushings-skateboard-wiki.jpg\" alt=\"Skateboard Bushings, Lenkgummis\" style=\"padding-bottom: 15px;\"\/><noscript><img decoding=\"async\" src=\"\/blog\/wp-content\/uploads\/2017\/01\/lenkgummis-bushings-skateboard-wiki.jpg\" alt=\"Skateboard Bushings, Lenkgummis\" style=\"padding-bottom: 15px;\"\/><\/noscript>\r\n            <\/a>\r\n<\/div>\r\n\r\n<div class=\"medium-6 columns\">\r\n<p>\r\nOhne Lenkgummis w\u00e4re das Skateboard Fahren eine ziemlich wackelige Angelegenheit. Hier erf\u00e4hrst du, welche verschiedenen Lenkgummis es gibt, welche H\u00e4rte du ben\u00f6tigst und noch einiges mehr.\r\n<\/p>\r\n<a title=\"Wissenswertes \u00fcber Skateboard Lenkgummis &#038; Bushing\" href=\"\/blog\/de\/wiki\/skateboarding\/skateboard-wiki\/lenkgummis-bushings\/\" class=\"button-auto\">Alles was du \u00fcber Bushings wissen musst!<\/a>\r\n<\/div>\r\n\r\n\t\t<\/div>\r\n\t<\/div>\r\n<\/div>\r\n\r\n\r\n\r\n<div class=\"medium-12 medium-12 columns\">\t\r\n\t<div class=\"post clearfix\" style=\"padding-bottom: 15px;\">\r\n\t\t<div class=\"small-12 columns\">\r\n\t\t\t<h3 align=\"center\">Skateboard Shockpads<\/h3>\r\n\t\t\t<a href=\"\/blog\/de\/wiki\/skateboarding\/skateboard-wiki\/shockpads-riserpads\/\" title=\"Alles was du \u00fcber Skateboard Shockpads wissen musst\">\r\n<div class=\"medium-6 columns\">\r\n            <img decoding=\"async\" src=\"data:image\/gif;base64,R0lGODlhAQABAIAAAAAAAP\/\/\/yH5BAEAAAAALAAAAAABAAEAAAIBRAA7\" data-src=\"\/blog\/wp-content\/uploads\/2017\/01\/shockpads-skateboard-wiki.jpg\" alt=\"Skateboard Shockpads\" style=\"padding-bottom: 15px;\"\/><noscript><img decoding=\"async\" src=\"\/blog\/wp-content\/uploads\/2017\/01\/shockpads-skateboard-wiki.jpg\" alt=\"Skateboard Shockpads\" style=\"padding-bottom: 15px;\"\/><\/noscript>\r\n            <\/a>\r\n<\/div>\r\n\r\n<div class=\"medium-6 columns\">\r\n<p>\r\nWas ist der Unterschied zwischen Shockpads und Riserpads? Braucht man die Teile \u00fcberhaupt? Welchen Sinn haben Shockpads? Antworten auf diese und weitere Fragen bekommst du hier.\r\n<\/p>\r\n<a title=\"Wissenswertes \u00fcber Skateboard Shockpads\" href=\"\/blog\/de\/wiki\/skateboarding\/skateboard-wiki\/shockpads-riserpads\/\" class=\"button-auto\">Alles was du \u00fcber Shockpads wissen musst!<\/a>\r\n<\/div>\r\n\r\n\t\t<\/div>\r\n\t<\/div>\r\n<\/div>\r\n\r\n\r\n<div class=\"medium-12 medium-12 columns\">\t\r\n\t<div class=\"post clearfix\" style=\"padding-bottom: 15px;\">\r\n\t\t<div class=\"small-12 columns\">\r\n\t\t\t<h3 align=\"center\">Skateboard Griptape<\/h3>\r\n\t\t\t<a href=\"\/blog\/de\/wiki\/skateboarding\/skateboard-wiki\/griptape\/\" title=\"Alles was du \u00fcber Skateboard Griptape wissen musst\">\r\n<div class=\"medium-6 columns\">\r\n            <img decoding=\"async\" src=\"data:image\/gif;base64,R0lGODlhAQABAIAAAAAAAP\/\/\/yH5BAEAAAAALAAAAAABAAEAAAIBRAA7\" data-src=\"\/blog\/wp-content\/uploads\/2017\/01\/griptape-skateboard-wiki.jpg\" alt=\"Skateboard Griptape\" style=\"padding-bottom: 15px;\"\/><noscript><img decoding=\"async\" src=\"\/blog\/wp-content\/uploads\/2017\/01\/griptape-skateboard-wiki.jpg\" alt=\"Skateboard Griptape\" style=\"padding-bottom: 15px;\"\/><\/noscript>\r\n            <\/a>\r\n<\/div>\r\n\r\n<div class=\"medium-6 columns\">\r\n<p>\r\nDie Art &#8222;Schmirgelpapier&#8220; auf dem Skateboard nennt man Griptape. Hier erf\u00e4hrst du, woraus Griptape besteht, wie du es am Besten Abl\u00f6sen und Reinigen kannst und wie du es ohne Blasen auf dein Deck bekommst.\r\n<\/p>\r\n<a title=\"Wissenswertes \u00fcber Skateboard Griptape\" href=\"\/blog\/de\/wiki\/skateboarding\/skateboard-wiki\/griptape\/\" class=\"button-auto\">Alles \u00fcber Griptape<\/a>\r\n<\/div>\r\n\r\n\t\t<\/div>\r\n\t<\/div>\r\n<\/div>\r\n\r\n\r\n<div class=\"medium-12 medium-12 columns\">\t\r\n\t<div class=\"post clearfix\" style=\"padding-bottom: 15px;\">\r\n\t\t<div class=\"small-12 columns\">\r\n<p align=\"center\">\r\n<span class=\"h5\">\r\nDu hast eigentlich etwas anderes gesucht? Kein Problem hier gibt&#8217;s noch mehr!\r\n<\/span>\r\n<\/p>\r\n<div class=\"medium-6 columns\">\r\n<a title=\"So baust du dein Skateboard zusammen\" href=\"\/blog\/de\/wiki\/skateboarding\/skateboard-montage-anleitung\/\" class=\"button-auto\">Skateboard Montage-Anleitung<\/a>\r\n<br><br>\r\n<a title=\"zur Geschichte des Skateboarding\" href=\"\/blog\/de\/wiki\/skateboarding\/geschichte-des-skateboardings\/\" class=\"button-auto\">Geschichte des Skateboardings<\/a>\r\n<\/br><\/br>\r\n<\/div>\r\n\r\n<div class=\"medium-6 columns\">\r\n<a title=\"Das steckt hinter Curb, Ledge, London Gap und Co.\" href=\"\/blog\/de\/wiki\/skateboarding\/obstacle-guide\/\" class=\"button-auto\">Obstacle Guide<\/a>\r\n<br><br>\r\n<a title=\"Skateboard Trick Tipps f\u00fcr Anf\u00e4nger\" href=\"\/blog\/de\/trick-tipps\/skateboard\/\" class=\"button-auto\">Skateboard Trick Tipps<\/a>\r\n<\/br><\/br>\r\n<\/div>\r\n\r\n\t\t<\/div>\r\n\t<\/div>\r\n<\/div>\r\n\r\n\r\n\r\n<\/div><div class=\"ShariffSC\" style=\"shariff-shop\"><div class=\"shariff\" data-url=\"https:\/\/skatedeluxe.com\/blog\/de\/wiki\/skateboarding\/skateboard-wiki\/\" data-title=\"Skateboard Hardgoods Wiki\" data-services='[\"facebooklike\", \"facebook\"]' data-backend-url='\/shariff\/'><\/div><\/div>","protected":false},"excerpt":{"rendered":"<p>Willkommen im skatedeluxe Skateboard Hardgoods Wiki! Skateboard ist nicht gleich Skateboard! In unserem Skateboard-Wissen erh\u00e4ltst du n\u00fctzliche Informationen \u00fcber die Konstruktionen und Technologien von Skateboard-Decks, den Aufbau von Achsen, \u00fcber die Beschaffenheit von verschiedenen Wheels, \u00fcber die Geheimnisse von Kugellagern sowie \u00fcber alles, was du \u00fcber Shockpads und Montages\u00e4tze wissen musst. Viel Spa\u00df mit der <a class=\"read-more\" href=\"https:\/\/skatedeluxe.com\/blog\/de\/wiki\/skateboarding\/skateboard-wiki\/\">[&#8230;]<\/a><\/p>\n","protected":false},"author":24,"featured_media":105571,"parent":111158,"menu_order":1,"comment_status":"closed","ping_status":"closed","template":"page-templates\/teasing-page.php","meta":{"footnotes":""},"class_list":["post-111722","page","type-page","status-publish","has-post-thumbnail","hentry"],"aioseo_notices":[],"amp_enabled":false,"_links":{"self":[{"href":"https:\/\/skatedeluxe.com\/blog\/de\/wp-json\/wp\/v2\/pages\/111722","targetHints":{"allow":["GET"]}}],"collection":[{"href":"https:\/\/skatedeluxe.com\/blog\/de\/wp-json\/wp\/v2\/pages"}],"about":[{"href":"https:\/\/skatedeluxe.com\/blog\/de\/wp-json\/wp\/v2\/types\/page"}],"author":[{"embeddable":true,"href":"https:\/\/skatedeluxe.com\/blog\/de\/wp-json\/wp\/v2\/users\/24"}],"replies":[{"embeddable":true,"href":"https:\/\/skatedeluxe.com\/blog\/de\/wp-json\/wp\/v2\/comments?post=111722"}],"version-history":[{"count":9,"href":"https:\/\/skatedeluxe.com\/blog\/de\/wp-json\/wp\/v2\/pages\/111722\/revisions"}],"predecessor-version":[{"id":143299,"href":"https:\/\/skatedeluxe.com\/blog\/de\/wp-json\/wp\/v2\/pages\/111722\/revisions\/143299"}],"up":[{"embeddable":true,"href":"https:\/\/skatedeluxe.com\/blog\/de\/wp-json\/wp\/v2\/pages\/111158"}],"wp:featuredmedia":[{"embeddable":true,"href":"https:\/\/skatedeluxe.com\/blog\/de\/wp-json\/wp\/v2\/media\/105571"}],"wp:attachment":[{"href":"https:\/\/skatedeluxe.com\/blog\/de\/wp-json\/wp\/v2\/media?parent=111722"}],"curies":[{"name":"wp","href":"https:\/\/api.w.org\/{rel}","templated":true}]}}