{"id":111715,"date":"2016-08-04T11:59:13","date_gmt":"2016-08-04T09:59:13","guid":{"rendered":"https:\/\/admin.skatedeluxe.com\/blog\/de\/?page_id=111715"},"modified":"2019-03-10T18:37:07","modified_gmt":"2019-03-10T17:37:07","slug":"montage-schrauben","status":"publish","type":"page","link":"https:\/\/skatedeluxe.com\/blog\/de\/wiki\/skateboarding\/skateboard-wiki\/montage-schrauben\/","title":{"rendered":"Alles \u00fcber Skateboard Montagesets | Schrauben &#038; Muttern &#8211; Wiki"},"content":{"rendered":"<div class=\"post clearfix padding-bottom\">\r\n<div data-magellan-expedition=\"destination_threshold:85;\">\r\n<ul>\r\n    <li data-magellan-arrival=\"schrauben-allgemeines\"><a title=\"Springe zu Montags\u00e4tze Allgemeines\" href=\"#schrauben-allgemeines\" target=\"_blank\"  rel=\"nofollow\" ><strong>1. Allgemeines<\/strong><\/a><\/li>\r\n    <li data-magellan-arrival=\"schrauben-arten\"><a title=\"Springe zu: Schraubenarten?\" href=\"#schrauben-arten\" target=\"_blank\"  rel=\"nofollow\" ><strong>2. Schraubenarten<\/strong><\/a><\/li>\r\n    <li data-magellan-arrival=\"schraubenlaenge\"><a title=\"Springe zu: Schraubenl\u00e4nge\" href=\"#schraubenlaenge\" target=\"_blank\"  rel=\"nofollow\" ><strong>3. Die richtige Schraubenl\u00e4nge<\/strong><\/a><\/li>\r\n<\/ul>\r\n<\/div>\r\n<\/div>\r\n\r\n<div id=\"schrauben-allgemeines\" class=\"post clearfix padding-bottom\">\r\n    <div class=\"hide-for-small large-2 columns\">\r\n        <div class=\"date-day\">1<\/div>\r\n        <div class=\"date-month\">Skateboard Schrauben: Allgemeines<\/div>\r\n    <\/div>\r\n\r\n    <div class=\"large-10 columns\">\r\n    <h2 class=\"margin-bottom\">1. Skateboard Schrauben: Allgemeines<\/h2>\r\n\r\n        <div class=\"medium-12 columns\">\r\n\r\n            <div class=\"medium-6 columns\">\r\n\r\n\r\n<div class=\"hide-for-small-only\">\r\n                <div class=\"flex-video\">\r\n                <iframe width=\"1280\" height=\"720\" data-src=\"https:\/\/www.youtube-nocookie.com\/embed\/UhQOhVGdueU?&amp;start=30\" frameborder=\"0\" allowfullscreen allow=\"autoplay; encrypted-media\"><\/iframe><noscript><iframe loading=\"lazy\" width=\"1280\" height=\"720\" src=\"https:\/\/www.youtube-nocookie.com\/embed\/UhQOhVGdueU?&amp;start=30\" frameborder=\"0\" allowfullscreen allow=\"autoplay; encrypted-media\"><\/iframe><\/noscript>\r\n                <\/div>\r\n                \r\n                <p align=\"center\">\r\n                <small>Keine Lust auf viel Text? Die wichtigsten Infos zu Skateboard Schrauben gibt&#8217;s auch im Video!<\/small>\r\n                <\/p>\r\n            <\/div>\r\n\r\n            <div class=\"show-for-small-only\">\r\n            <div class=\"small-8 small-offset-2 columns\">\r\n            <p align=\"center\">\r\n            <a href=\"https:\/\/www.youtube.com\/watch?v=UhQOhVGdueU&#038;t=30s\" title=\"skatedeluxe Buyer's Guide | Montagesets\" target=\"blank\" target=\"_blank\"  rel=\"nofollow\" ><img decoding=\"async\" src=\"\/blog\/wp-content\/uploads\/2018\/02\/youtube-play-button-mobile-view-wiki-videos.jpg\" alt=\"skatedeluxe Buyer's Guide | Montagesets\"><small>Keine Lust auf viel Text? Die wichtigsten Infos zu Skateboard Schrauben gibt&#8217;s auch im Video!<\/small><\/a>\r\n            <\/p>  \r\n            <\/div>\r\n            <\/div>\r\n        <\/div>\r\n\r\n            <div class=\"medium-6 columns\">\r\n                <p align=\"justify\">\r\n                Der <a href=\"\/de\/skateboard-montagesaetze\" title=\"Skateboard Montages\u00e4tze bei skatedeluxe\">Montagesatz<\/a>, also die Schrauben und Muttern (eng. <em>Nuts &#038; Bolts<\/em> oder auch einfach <em>Hardware<\/em>), verbindet das Skateboard Deck mit deinen Achsen und ist somit ein relevanter Teil deines Skateboard Setups. \r\n                Hier erf\u00e4hrst du, welche unterschiedlichen Montages\u00e4tze es gibt und wie du die richtige Schraubengr\u00f6\u00dfe findest. \r\n                <\/p>\r\n            <\/div>\r\n        <\/div>\r\n\r\n    <h3>Warum extra Skateboard Schrauben und Muttern?<\/h3>\r\n\r\n    <p align=\"justify\">\r\n    Die Schrauben und Muttern aus dem Werkzeugkasten deiner Eltern solltest du nicht nutzen, um dein Skateboard Setup zu montieren. \r\n    Daf\u00fcr gibt es spezielle Skateboard Montages\u00e4tze, deren Schrauben perfekt in die Bohrungen des Skateboard Decks und in die der Achsen passen.\r\n    <\/p>\r\n\r\n    <p align=\"justify\">\r\n    Zudem verf\u00fcgen Montages\u00e4tze \u00fcber selbstsichernde Muttern (eng. <em>self-locking nuts<\/em>), die ein selbstst\u00e4ndiges L\u00f6sen bei Vibrationen oder Zugkr\u00e4ften weitestgehend verhindern. \r\n    Dennoch solltest du nach den ersten Rollrunden wiederholend \u00fcberpr\u00fcfen, ob alle Schrauben und Muttern noch fest sind. Es ist m\u00f6glich, dass du sie noch einmal festziehen musst. Danach sollte aber alles fest und sicher bleiben.\r\n    <\/p>\r\n\r\n    <\/div>\r\n<\/div>\r\n\r\n\r\n<div id=\"schrauben-arten\" class=\"post clearfix padding-bottom\">\r\n    <div class=\"hide-for-small large-2 columns\">\r\n        <div class=\"date-day\">2<\/div>\r\n        <div class=\"date-month\">Skateboard: Schraubenarten<\/div>\r\n    <\/div>\r\n\r\n    <div class=\"large-10 columns\">\r\n    <h2 class=\"margin-bottom\">2. Skateboard Schrauben: Welche Schraubenarten gibt es?<\/h2>\r\n\r\n    <p align=\"justify\">\r\n    Montages\u00e4tze findest du in verschiedenen L\u00e4ngen und Formen. Welche Schrauben du letztendlich nutzen willst, ist Geschmackssache. \r\n    In den letzten Jahren haben Inbus-Schrauben aus optischen Gr\u00fcnden mehr an Beliebtheit gewonnen als Kreuzschlitz-Schrauben.  \r\n    <\/p>\r\n    \r\n    <blockquote> \r\n    Zum Festziehen der Schrauben und Muttern solltest du im besten Fall ein Skate Tool benutzen. \r\n    Es verf\u00fcgt sowohl \u00fcber Kreuzschlitz- und Inbusschl\u00fcssel, als auch \u00fcber den passenden Sechskantschl\u00fcssel f\u00fcr die Montagesatz-Muttern, die Kingpin-Mutter sowie die Achsmuttern.\r\n    <\/blockquote> \r\n    \r\n    <div class=\"row\">\r\n\r\n        <div class=\"small-12 columns\">\r\n        <h3>Kreuzschlitz-Schrauben:<\/h3>\r\n        <\/div>\r\n\r\n        <div class=\"medium-8 columns\">\r\n        <p>\r\n        Kreuzschlitz-Schrauben haben einen Schraubenkopf mit einem Kreuzprofil, den du einfach mit einem passenden Kreuzschlitzschraubenzieher oder dem Kreuzschlitz eines Skate Tools festziehen kannst.   \r\n        <\/p>\r\n        <\/div>\r\n\r\n        <div class=\"medium-4 columns\">\r\n        &nbsp;\r\n        <a class=\"button-auto\" title=\"Kreuzschlitz Montagesets bei skatedeluxe\" target=\"blank\" href=\"\/de\/skateboard-montagesaetze?eav=240\">zu den Kreuzschlitz Montagesets<\/a>\r\n        <\/div>\r\n\r\n    <\/div>\r\n    \r\n    \r\n    <div class=\"row\">\r\n\r\n        <div class=\"small-12 columns\">\r\n        <h3>Inbus-Schrauben:<\/h3>\r\n        <\/div>\r\n\r\n        <div class=\"medium-8 columns\">\r\n        <p>\r\n        Inbus-Schrauben besitzen Schraubenk\u00f6pfe mit einem speziellen 6-seitigen Profil. \r\n        Inbusschl\u00fcssel sind bei jedem Skate Tool und auch in den meisten Inbus-Montages\u00e4tzen vorhanden.         \r\n        <\/p>\r\n        <\/div>\r\n\r\n        <div class=\"medium-4 columns\">\r\n        &nbsp;\r\n        <a class=\"button-auto\" title=\"Inbus Montagesets bei skatedeluxe\" target=\"blank\" href=\"\/de\/skateboard-montagesaetze?eav=241\">zu den Inbus Montagesets<\/a>\r\n        <\/div>\r\n\r\n    <\/div>\r\n\r\n<!--     <div class=\"row\">\r\n\r\n        <div class=\"small-12 columns\">\r\n        <h3>Random-Schrauben:<\/h3>\r\n        <\/div>\r\n\r\n        <div class=\"medium-8 columns\">\r\n        <p>\r\n        Bei Random-Schrauben musst du die Schrauben ins Deck h\u00e4mmern, was bewirkt, dass sie dank der Riffelung im Holz verkeilen. \r\n        Anschlie\u00dfend noch mit dem Skate Tool die Muttern festziehen und fertig!     \r\n        <\/p>\r\n        <\/div>\r\n\r\n        <div class=\"medium-4 columns\">\r\n        &nbsp;\r\n        <a class=\"button-auto\" title=\"Random Schrauben bei skatedeluxe\" target=\"blank\" href=\"\/de\/montagesaetze?keyword=random\">zu den Random Montagesets<\/a>\r\n        <\/div>\r\n\r\n    <\/div> -->\r\n    \r\n    <h3>Senkkopf- vs. Linsenkopf-Schrauben<\/h3>\r\n    \r\n    <p align=\"justify\">\r\n    Bei unseren Montages\u00e4tzen findest du sowohl Senkkopf- als auch Linsenkopf-Schrauben. Aber keine Panik, zum Skaten ben\u00f6tigst du lediglich Senkkopf-Schrauben. \r\n    Diese schrauben sich im Deck fest und bilden eine glatte Fl\u00e4che, die beim Skaten nicht st\u00f6rt. Linsenkopf-Schrauben sind speziell f\u00fcr Drop-Through Longboards und besondere Materialien im Longboard-Bau geeignet.\r\n    <br><br>\r\n    <span class=\"h5\">\u2022 Merken: Zum Skaten immer <a href=\"\/de\/skateboard-montagesaetze?eav=109\" title=\"Senkkopf-Schrauben bei skatedeluxe\" target=\"blank\">Senkkopf-Schrauben!<\/a> <\/span> \r\n    <\/p>\r\n\r\n    <\/div>\r\n<\/div>\r\n\r\n<div id=\"schraubenlaenge\" class=\"post clearfix padding-bottom\">\r\n    <div class=\"hide-for-small large-2 columns\">\r\n        <div class=\"date-day\">3<\/div>\r\n        <div class=\"date-month\">3. Skateboard Schrauben: Die richtige Schraubenl\u00e4nge<\/div>\r\n    <\/div>\r\n\r\n    <div class=\"large-10 columns\">\r\n    <h2 class=\"margin-bottom\">3. Skateboard Schrauben: So findest du die richtige Schraubenl\u00e4nge<\/h3>\r\n\r\n    \r\n    <p align=\"justify\">\r\n    Grunds\u00e4tzlich ist das Ausw\u00e4hlen der richtigen Schraubenl\u00e4nge kein Problem. \r\n    Wenn du ohne Shockpads bzw. Riserpads unterwegs bist, ben\u00f6tigst du lediglich 7\/8\u201c \u2013 1\u201c Schrauben.   \r\n    <\/p>\r\n\r\n    <p align=\"justify\">\r\n    F\u00fcr standardm\u00e4\u00dfige Shockpads mit 1\/8\u201c H\u00f6he ben\u00f6tigst du 1\u201c &#8211; 1 1\/8\u201c lange Schrauben. \r\n        Je h\u00f6her deine Shockpads, desto l\u00e4nger sollten nat\u00fcrlich auch deine Schrauben sein.\r\n    <\/p>\r\n    \r\n    <p>\r\n    <table>\r\n    \r\n        <thead>\r\n            <tr>\r\n            <th>Setup<\/th>\r\n            <th>Schraubenl\u00e4nge<\/th>\r\n            <\/tr>\r\n        <\/thead>\r\n        \r\n        <tbody>\r\n            <tr>\r\n                <td>ohne Shockpads<\/td>\r\n                <td>7\/8\u201c \u2013 1\u201c Schrauben<\/td>\r\n            <\/tr>\r\n            \r\n            <tr>\r\n                <td>1\/8\u201c Shockpads<\/td>\r\n                <td>1\u201c \u2013 1 1\/8\u201c Schrauben<\/td>\r\n            <\/tr>\r\n            \r\n            <tr>\r\n                <td>1\/4\u201c Riserpads<\/td>\r\n                <td>1 1\/4&#8243; Schrauben<\/td>\r\n            <\/tr>\r\n            \r\n            <tr>\r\n                <td>1\/2\u201c Riserpads<\/td>\r\n                <td>1 1\/2&#8243; Schrauben<\/td>\r\n            <\/tr>\r\n            \r\n        <\/tbody>\r\n    \r\n    <\/table>\r\n    <\/p>\r\n                \r\n    <p align=\"justify\">\r\n    <small>\r\n    Kleiner Tipp #1: Falls du nach Schrauben f\u00fcr dein Longboard suchst, bist du <a href=\"\/blog\/de\/wiki\/longboarding\/longboard-wissen\/\">in unserem Longboard-Bereich<\/a> richtig.    \r\n    <\/small>\r\n    <\/p>\r\n    \r\n    <p align=\"justify\">\r\n    <small>\r\n    Kleiner Tipp #2: Alle Montages\u00e4tze im skatedeluxe Online Skateshop passen in dein Skateboard Deck und zu deinen Skateboard Achsen. \r\n    Mit unseren Filter-Optionen kannst du zudem ganz easy nach Schraubenl\u00e4nge und Schraubenart filtern. \r\n    <\/small>\r\n    <\/p>\r\n\r\n    <a class=\"button-auto\" href=\"\/de\/skateboard-montagesaetze\" title=\"Skateboard Montages\u00e4tze online kaufen\">zu den Skateboard Montagesets im skatedeluxe Skateshop<\/a>\r\n    &nbsp;\r\n    <a class=\"button-auto\" href=\"\/blog\/de\/wiki\/skateboarding\/\" title=\"Skateboard Wissen Kompakt - skatedeluxe Skateboard Wiki\">Du willst mehr Wissen? Zum skatedeluxe Skateboard Wiki<\/a>\r\n                    \r\n\r\n    <\/div>\r\n<\/div><div class=\"ShariffSC\" style=\"shariff-shop\"><div class=\"shariff\" data-url=\"https:\/\/skatedeluxe.com\/blog\/de\/wiki\/skateboarding\/skateboard-wiki\/montage-schrauben\/\" data-title=\"Alles \u00fcber Skateboard Montagesets | Schrauben &#038; Muttern &#8211; Wiki\" data-services='[\"facebooklike\", \"facebook\"]' data-backend-url='\/shariff\/'><\/div><\/div>","protected":false},"excerpt":{"rendered":"<p>1. Allgemeines 2. Schraubenarten 3. Die richtige Schraubenl\u00e4nge 1 Skateboard Schrauben: Allgemeines 1. Skateboard Schrauben: Allgemeines Keine Lust auf viel Text? Die wichtigsten Infos zu Skateboard Schrauben gibt&#8217;s auch im Video! Keine Lust auf viel Text? Die wichtigsten Infos zu Skateboard Schrauben gibt&#8217;s auch im Video! Der Montagesatz, also die Schrauben und Muttern (eng. Nuts <a class=\"read-more\" href=\"https:\/\/skatedeluxe.com\/blog\/de\/wiki\/skateboarding\/skateboard-wiki\/montage-schrauben\/\">[&#8230;]<\/a><\/p>\n","protected":false},"author":24,"featured_media":132893,"parent":111722,"menu_order":5,"comment_status":"closed","ping_status":"closed","template":"page-templates\/teasing-page.php","meta":{"footnotes":""},"class_list":["post-111715","page","type-page","status-publish","has-post-thumbnail","hentry"],"aioseo_notices":[],"amp_enabled":false,"_links":{"self":[{"href":"https:\/\/skatedeluxe.com\/blog\/de\/wp-json\/wp\/v2\/pages\/111715","targetHints":{"allow":["GET"]}}],"collection":[{"href":"https:\/\/skatedeluxe.com\/blog\/de\/wp-json\/wp\/v2\/pages"}],"about":[{"href":"https:\/\/skatedeluxe.com\/blog\/de\/wp-json\/wp\/v2\/types\/page"}],"author":[{"embeddable":true,"href":"https:\/\/skatedeluxe.com\/blog\/de\/wp-json\/wp\/v2\/users\/24"}],"replies":[{"embeddable":true,"href":"https:\/\/skatedeluxe.com\/blog\/de\/wp-json\/wp\/v2\/comments?post=111715"}],"version-history":[{"count":11,"href":"https:\/\/skatedeluxe.com\/blog\/de\/wp-json\/wp\/v2\/pages\/111715\/revisions"}],"predecessor-version":[{"id":147728,"href":"https:\/\/skatedeluxe.com\/blog\/de\/wp-json\/wp\/v2\/pages\/111715\/revisions\/147728"}],"up":[{"embeddable":true,"href":"https:\/\/skatedeluxe.com\/blog\/de\/wp-json\/wp\/v2\/pages\/111722"}],"wp:featuredmedia":[{"embeddable":true,"href":"https:\/\/skatedeluxe.com\/blog\/de\/wp-json\/wp\/v2\/media\/132893"}],"wp:attachment":[{"href":"https:\/\/skatedeluxe.com\/blog\/de\/wp-json\/wp\/v2\/media?parent=111715"}],"curies":[{"name":"wp","href":"https:\/\/api.w.org\/{rel}","templated":true}]}}