{"id":111711,"date":"2016-08-04T12:00:37","date_gmt":"2016-08-04T10:00:37","guid":{"rendered":"https:\/\/admin.skatedeluxe.com\/blog\/de\/?page_id=111711"},"modified":"2023-03-09T11:47:57","modified_gmt":"2023-03-09T10:47:57","slug":"griptape","status":"publish","type":"page","link":"https:\/\/skatedeluxe.com\/blog\/de\/wiki\/skateboarding\/skateboard-wiki\/griptape\/","title":{"rendered":"Alles \u00fcber Skateboard Griptape &#8211; Wiki"},"content":{"rendered":"<div class=\"post clearfix padding-bottom\">\r\n    <div data-magellan-expedition=\"destination_threshold:85;\">\r\n        <ul>\r\n            <li data-magellan-arrival=\"griptape-allgemeines\"><a title=\"Springe zu Griptape Allgemeines\" href=\"#griptape-allgemeines\" target=\"_blank\"  rel=\"nofollow\" ><strong>1. Allgemeines<\/strong><\/a><\/li>\r\n            <li data-magellan-arrival=\"griptape-abnutzung-wechsel-reinigung\"><a title=\"Springe zu Griptape - Abnutzung, Wechsel, Reinigung\" href=\"#griptape-abnutzung-wechsel-reinigung\" target=\"_blank\"  rel=\"nofollow\" ><strong>2. Abnutzung, Wechsel, Reinigung<\/strong><\/a><\/li>\r\n            <li data-magellan-arrival=\"griptape-aufkleben-blasen-vermeiden\"><a title=\"Springe zu Griptape - Aufkleben &#038; Blasen vermeiden\" href=\"#griptape-aufkleben-blasen-vermeiden\" target=\"_blank\"  rel=\"nofollow\" ><strong>3. Aufkleben und Blasen vermeiden<\/strong><\/a><\/li>\r\n            <li data-magellan-arrival=\"kreative-gripjobs\"><a title=\"Springe zu Griptape - Kreative gripjobs\" href=\"#kreative-gripjobs\" target=\"_blank\"  rel=\"nofollow\" ><strong>3.1 Kreative Gripjobs<\/strong><\/a><\/li>\r\n        <\/ul>\r\n    <\/div>\r\n<\/div>\r\n\r\n<div id=\"griptape-allgemeines\" class=\"post clearfix padding-bottom\">\r\n    <div class=\"hide-for-small large-2 columns\">\r\n        <div class=\"date-day\">1<\/div>\r\n        <div class=\"date-month\">Griptape: Allgemeines<\/div>\r\n    <\/div>\r\n\r\n    <div class=\"large-10 columns\">\r\n        <h2 class=\"margin-bottom\">1. Griptape: Allgemeines<\/h2>\r\n\r\n        <p align=\"justify\">\r\n            Das <a href=\"\/de\/skateboard-griptape\" title=\"Griptape im skatedeluxe Skateshop\">Griptape<\/a> ist eine Art selbstklebendes \u201eSchmirgelpapier\u201c oder \u201eSchleifpapier\u201c, welches auf die Oberseite des Skateboard Decks geklebt wird. Es gibt dir einen sicheren Stand und erleichtert das Ausf\u00fchren verschiedenster Tricks.\r\n        <\/p>\r\n\r\n        <h3>Woraus besteht Griptape?<\/h3>\r\n\r\n        <p align=\"justify\">\r\n            Die raue Oberfl\u00e4che des Griptapes besteht f\u00fcr gew\u00f6hnlich aus Siliciumcarbid und sorgt f\u00fcr Widerstand und Reibung zwischen deinem Deck und deiner Schuhsohle. Ohne diesen Widerstand bekommst du das Deck nur schwierig in die Luft. \r\n        <\/p>\r\n\r\n        <p align=\"justify\">\r\n            Griptapes gibt es in verschiedenen Farben, mit unterschiedlichen Prints und Grafiken oder mit kleinen Cut-Outs (Aussparungen) sowie mit dem Logo der Brand. Da einige Marken vermehrt Decks mit aufwendig gestalteten Grafiken herausbringen, wird auch transparentes Griptape immer beliebter. \r\n        <\/p>\r\n\r\n        <p align=\"justify\">\r\n            Eine Lage Griptape ist in der Regel 9&#8243; x 33&#8243; (22,8 cm x 83,8 cm) gro\u00df und somit f\u00fcr nahezu alle Decks geeignet. F\u00fcr breitere Decks und Longboards gibt es auch gr\u00f6\u00dfere Lagen mit unterschiedlich starker K\u00f6rnung. Zum normalem Skateboarding, solltest du allerdings kein ultra-raues Longboard-Griptape verwenden, da du ansonsten jede Woche neue Schuhe brauchen wirst.\r\n        <\/p>\r\n\r\n        <p align=\"justify\">\r\n            <a href=\"\/de\/skateboard-griptape\" title=\"Skateboard Griptape im skatedeluxe Skateshop\"><img decoding=\"async\" src=\"data:image\/gif;base64,R0lGODlhAQABAIAAAAAAAP\/\/\/yH5BAEAAAAALAAAAAABAAEAAAIBRAA7\" data-src=\"\/blog\/wp-content\/uploads\/2016\/06\/skateboard-griptape.jpg\" alt=\"Skateboard Griptapes bei skatedeluxe\" \/><noscript><img decoding=\"async\" src=\"\/blog\/wp-content\/uploads\/2016\/06\/skateboard-griptape.jpg\" alt=\"Skateboard Griptapes bei skatedeluxe\" \/><\/noscript><\/a>\r\n        <\/p>\r\n\r\n    <\/div>\r\n<\/div>\r\n\r\n\r\n<div id=\"griptape-abnutzung-wechsel-reinigung\" class=\"post clearfix padding-bottom\">\r\n    <div class=\"hide-for-small large-2 columns\">\r\n        <div class=\"date-day\">2<\/div>\r\n        <div class=\"date-month\">Griptape Abnutzung, Wechsel, Reinigung<\/div>\r\n    <\/div>\r\n\r\n    <div class=\"large-10 columns\">\r\n        <h2 class=\"margin-bottom\">2. Griptape Abnutzung, Wechsel, Reinigung<\/h2>\r\n\r\n        <p align=\"justify\">\r\n            Mit der Zeit nutzt sich das Griptape durch die dauerhafte Reibung zwischen der Oberfl\u00e4che und deinen Schuhsohlen ab, was die k\u00f6rnige Oberfl\u00e4che immer glatter werden l\u00e4sst. Tricks werden schwieriger zu ziehen und damit unpr\u00e4ziser. Aber keine Panik, du musst dir deshalb nicht gleich ein neues Deck besorgen. Ein neues Griptape kann oft schon Wunder bewirken.   \r\n        <\/p>\r\n\r\n\r\n\r\n\r\n\r\n        <div class=\"row\">\r\n            <div class=\"small-12 medium-6 columns\">\r\n             <p align=\"justify\">\r\n                Das abgenutzte Griptape entfernst du am besten mit einem F\u00f6hn. Die hei\u00dfe Luft verfl\u00fcssigt den Klebstoff, wodurch sich das Griptape einfacher abl\u00f6sen l\u00e4sst. Anschlie\u00dfend kannst du einfach eine neue Lage Griptape aufbringen.  \r\n            <\/p>\r\n            <p align=\"justify\">\r\n                <small>\r\n                    Kleiner Tipp: Sollten doch Klebereste auf dem Deck zur\u00fcckbleiben, hast du zwei Optionen. Option 1: Du klebst das neue Griptape einfach dar\u00fcber. Option 2: Du streichst die Reste mit Nagellack-Entferner ein und schabst sie danach vorsichtig ab.  \r\n                <\/small>\r\n            <\/p>\r\n\r\n            <p align=\"justify\">\r\n             Solltest du doch mal Staub und Dreckspuren auf deinem Griptape haben, kannst du diese mit einem Griptape Cleaner beseitigen. Ein Griptape Cleaner entfernt Staub und ungewollte R\u00fcckst\u00e4nde, s\u00e4ubert das Griptape und sorgt dementsprechend f\u00fcr l\u00e4ngere Haltbarkeit. Wie das Ganze funktioniert, siehst du im Video. Gr\u00f6bere Verschmutzung kannst du mit einer g\u00e4ngigen Schuhb\u00fcrste bzw. Haushaltsb\u00fcrste vorsichtig wegb\u00fcrsten.\r\n         <\/p>\r\n     <\/div>\r\n     <div class=\"small-12 medium-6 columns flex-video\">\r\n        <iframe data-src=\"https:\/\/player.vimeo.com\/video\/733921354?h=0f4610ca1d&amp;badge=0&amp;autopause=0&amp;player_id=0&amp;app_id=58479&amp;dnt=1\" width=\"1080\" height=\"1920\" frameborder=\"0\" allow=\"autoplay; fullscreen; picture-in-picture\" allowfullscreen title=\"Skateboard griptape cleaner\"><\/iframe><noscript><iframe loading=\"lazy\" src=\"https:\/\/player.vimeo.com\/video\/733921354?h=0f4610ca1d&amp;badge=0&amp;autopause=0&amp;player_id=0&amp;app_id=58479&amp;dnt=1\" width=\"1080\" height=\"1920\" frameborder=\"0\" allow=\"autoplay; fullscreen; picture-in-picture\" allowfullscreen title=\"Skateboard griptape cleaner\"><\/iframe><\/noscript>\r\n    <\/div>\r\n<\/div>\r\n\r\n<\/div>\r\n<\/div>\r\n\r\n<div id=\"griptape-aufkleben-blasen-vermeiden\" class=\"post clearfix padding-bottom\">\r\n    <div class=\"hide-for-small large-2 columns\">\r\n        <div class=\"date-day\">3<\/div>\r\n        <div class=\"date-month\">Griptape Aufkleben und Blasen vermeiden<\/div>\r\n    <\/div>\r\n\r\n    <div class=\"large-10 columns\">\r\n        <h2 class=\"margin-bottom\">3. Griptape Aufkleben und Blasen vermeiden<\/h2>\r\n\r\n\r\n        <p align=\"justify\">\r\n            Wie du das Griptape auf das Deck bekommst, erf\u00e4hrst du in unserer Skateboard Montage Anleitung oder im Video.   \r\n        <\/p>\r\n\r\n        <div class=\"row\"> \r\n            <div class=\"small-12 medium-6 columns\">\r\n\r\n                \r\n\r\n\r\n                <div class=\"flex-video\">\r\n                    <iframe width=\"560\" height=\"315\" data-src=\"https:\/\/www.youtube-nocookie.com\/embed\/WBKz7N9eh38?start=49\" title=\"YouTube video player\" frameborder=\"0\" allow=\"accelerometer; autoplay; clipboard-write; encrypted-media; gyroscope; picture-in-picture\" allowfullscreen><\/iframe><noscript><iframe loading=\"lazy\" width=\"560\" height=\"315\" src=\"https:\/\/www.youtube-nocookie.com\/embed\/WBKz7N9eh38?start=49\" title=\"YouTube video player\" frameborder=\"0\" allow=\"accelerometer; autoplay; clipboard-write; encrypted-media; gyroscope; picture-in-picture\" allowfullscreen><\/iframe><\/noscript>\r\n                <\/div>\r\n\r\n\r\n            <\/div>\r\n            <div class=\"small-12 medium-6 columns\">\r\n\r\n                <a class=\"button-auto\" style=\"margin-bottom: 1em;\" href=\"\/blog\/de\/wiki\/skateboarding\/skateboard-montage-anleitung\/\" title=\"Skateboard Montage Anleitung\">zur Skateboard Montage Anleitung<\/a>\r\n\r\n                <p align=\"justify\">\r\n                    Um Blasen im Griptape zu vermeiden, solltest du beim Aufkleben darauf achten, dass du das Sheet in kleinen Schritten aufklebst und nicht in einem St\u00fcck. So vermeidest du, dass Luft zwischen dem Griptape und deinem Deck eingeschlossen wird. Sollten trotzdem kleine Blasen entstehen, kannst du diese mit dem Griptape-Cutter vorsichtig anstechen, damit die Luft entweichen kann.  \r\n                <\/p>\r\n            <\/div>\r\n\r\n\r\n        <\/div>\r\n\r\n        <p align=\"justify\">\r\n            Falls dir das zu umst\u00e4ndlich erscheint, kannst du auch einfach ein Anti-Bubble Griptape nutzen. Hier sorgt eine durchgehende Perforation daf\u00fcr, dass sich beim Aufkleben keine Blasen bilden. Die \u00fcbersch\u00fcssige Luft zwischen Deck und Grip entweicht dabei durch winzig kleine L\u00f6cher im Tape.\r\n        <\/p>\r\n\r\n        <p align=\"justify\">\r\n           P.S. Im skatedeluxe Skateshop bekommst du zu jedem Skateboard Deck eine Lage Griptape gratis dazu. Das skatedeluxe Griptape ist perforiert, sodass du dir \u00fcber Blasen im Griptape keine Gedanken machen musst.\r\n       <\/p>\r\n   <\/div>\r\n<\/div>\r\n\r\n\r\n\r\n\r\n\r\n\r\n\r\n\r\n\r\n\r\n\r\n\r\n\r\n\r\n<div id=\"kreative-gripjobs\" class=\"post clearfix padding-bottom\">\r\n    <div class=\"hide-for-small large-2 columns\">\r\n        <div class=\"date-day\">3.1<\/div>\r\n        <div class=\"date-month\">Kreative Gripjobs<\/div>\r\n    <\/div>\r\n\r\n    <div class=\"large-10 columns\">\r\n        <h3 class=\"margin-bottom\">3.1 Kreative Ideen um dein Griptape aufzukleben<\/h3>\r\n\r\n\r\n        <p>\r\n            Falls du etwas kreativer sein m\u00f6chtest, haben wir auch einige Grip Job Ideen, wie du dein neues Skateboard anders als gew\u00f6hnlich begrippen kannst. Mit Gripjobs kannst du deinem Skateboard deinen pers\u00f6nlichen Stempel aufdr\u00fccken, dich ausleben und deiner Kreativit\u00e4t freien Lauf lassen. Speedstripe, Mosaic oder Barcode sind nur einige Gripjob-Ideen, um dein neues Skateboard gestalterisch zu begrippen. Das grundlegende Vorgehen ist auch bei kreativen Gripjobs das Gleiche wie beim herk\u00f6mmlichen Griptape Aufkleben.\r\n        <\/p>\r\n\r\n        \r\n        <div class=\"row\" style=\"margin-right: 1em;\">\r\n\r\n            <div class=\"small-6 medium-4 columns flex-video\">\r\n\r\n                <iframe data-src=\"https:\/\/player.vimeo.com\/video\/729914687?h=6d31088a8f&amp;title=0&amp;byline=0&amp;portrait=0&amp;speed=0&amp;badge=0&amp;autopause=0&amp;player_id=0&amp;app_id=58479&amp;dnt=1\" width=\"1080\" height=\"1920\" frameborder=\"0\" allow=\"autoplay; fullscreen; picture-in-picture\" allowfullscreen title=\"Skate Hack Grip Job: Speed Stripe\"><\/iframe><noscript><iframe loading=\"lazy\" src=\"https:\/\/player.vimeo.com\/video\/729914687?h=6d31088a8f&amp;title=0&amp;byline=0&amp;portrait=0&amp;speed=0&amp;badge=0&amp;autopause=0&amp;player_id=0&amp;app_id=58479&amp;dnt=1\" width=\"1080\" height=\"1920\" frameborder=\"0\" allow=\"autoplay; fullscreen; picture-in-picture\" allowfullscreen title=\"Skate Hack Grip Job: Speed Stripe\"><\/iframe><\/noscript>\r\n\r\n            <\/div>\r\n\r\n            <div class=\"small-6 medium-4 columns flex-video\">\r\n\r\n                <iframe data-src=\"https:\/\/player.vimeo.com\/video\/729916928?h=8aae9f96a2&amp;badge=0&amp;autopause=0&amp;player_id=0&amp;app_id=58479&amp;dnt=1\" width=\"1080\" height=\"1920\" frameborder=\"0\" allow=\"autoplay; fullscreen; picture-in-picture\" allowfullscreen title=\"Skate Hack Grip Job: Mosaic\"><\/iframe><noscript><iframe loading=\"lazy\" src=\"https:\/\/player.vimeo.com\/video\/729916928?h=8aae9f96a2&amp;badge=0&amp;autopause=0&amp;player_id=0&amp;app_id=58479&amp;dnt=1\" width=\"1080\" height=\"1920\" frameborder=\"0\" allow=\"autoplay; fullscreen; picture-in-picture\" allowfullscreen title=\"Skate Hack Grip Job: Mosaic\"><\/iframe><\/noscript>\r\n\r\n            <\/div>\r\n\r\n            <div class=\"small-6 medium-4 columns flex-video\">\r\n\r\n                <iframe data-src=\"https:\/\/player.vimeo.com\/video\/729915865?h=8d23760258&amp;title=0&amp;byline=0&amp;portrait=0&amp;speed=0&amp;badge=0&amp;autopause=0&amp;player_id=0&amp;app_id=58479&amp;dnt=1\" width=\"1080\" height=\"1920\" frameborder=\"0\" allow=\"autoplay; fullscreen; picture-in-picture\" allowfullscreen title=\"Skate Hack Grip Job: Barcode\"><\/iframe><noscript><iframe loading=\"lazy\" src=\"https:\/\/player.vimeo.com\/video\/729915865?h=8d23760258&amp;title=0&amp;byline=0&amp;portrait=0&amp;speed=0&amp;badge=0&amp;autopause=0&amp;player_id=0&amp;app_id=58479&amp;dnt=1\" width=\"1080\" height=\"1920\" frameborder=\"0\" allow=\"autoplay; fullscreen; picture-in-picture\" allowfullscreen title=\"Skate Hack Grip Job: Barcode\"><\/iframe><\/noscript>\r\n\r\n            <\/div>\r\n\r\n            <div class=\"small-6 medium-4 columns flex-video\">\r\n\r\n                <iframe data-src=\"https:\/\/player.vimeo.com\/video\/806255750?h=d3473b22b2&amp;title=0&amp;byline=0&amp;portrait=0&amp;speed=0&amp;badge=0&amp;autopause=0&amp;player_id=0&amp;app_id=58479&amp;dnt=1\" width=\"1080\" height=\"1920\" frameborder=\"0\" allow=\"autoplay; fullscreen; picture-in-picture\" allowfullscreen title=\"Skate Hack Grip Job: Zig Zag\"><\/iframe><noscript><iframe loading=\"lazy\" src=\"https:\/\/player.vimeo.com\/video\/806255750?h=d3473b22b2&amp;title=0&amp;byline=0&amp;portrait=0&amp;speed=0&amp;badge=0&amp;autopause=0&amp;player_id=0&amp;app_id=58479&amp;dnt=1\" width=\"1080\" height=\"1920\" frameborder=\"0\" allow=\"autoplay; fullscreen; picture-in-picture\" allowfullscreen title=\"Skate Hack Grip Job: Zig Zag\"><\/iframe><\/noscript>\r\n\r\n            <\/div>\r\n\r\n            <div class=\"small-6 medium-4 columns flex-video\">\r\n\r\n                <iframe data-src=\"https:\/\/player.vimeo.com\/video\/806253637?h=f3ec09fd66&amp;title=0&amp;byline=0&amp;portrait=0&amp;speed=0&amp;badge=0&amp;autopause=0&amp;player_id=0&amp;app_id=58479&amp;dnt=1\" width=\"1080\" height=\"1920\" frameborder=\"0\" allow=\"autoplay; fullscreen; picture-in-picture\" allowfullscreen title=\"Skate Hack Grip Job: Two Tone\"><\/iframe><noscript><iframe loading=\"lazy\" src=\"https:\/\/player.vimeo.com\/video\/806253637?h=f3ec09fd66&amp;title=0&amp;byline=0&amp;portrait=0&amp;speed=0&amp;badge=0&amp;autopause=0&amp;player_id=0&amp;app_id=58479&amp;dnt=1\" width=\"1080\" height=\"1920\" frameborder=\"0\" allow=\"autoplay; fullscreen; picture-in-picture\" allowfullscreen title=\"Skate Hack Grip Job: Two Tone\"><\/iframe><\/noscript>\r\n\r\n            <\/div>\r\n\r\n            <div class=\"small-6 medium-4 columns flex-video\">\r\n\r\n                <iframe data-src=\"https:\/\/player.vimeo.com\/video\/806257162?h=2ffd1f0769&amp;title=0&amp;byline=0&amp;portrait=0&amp;speed=0&amp;badge=0&amp;autopause=0&amp;player_id=0&amp;app_id=58479&amp;dnt=1\" width=\"720\" height=\"1280\" frameborder=\"0\" allow=\"autoplay; fullscreen; picture-in-picture\" allowfullscreen title=\"Skate Hack Grip Job: Waves\"><\/iframe><noscript><iframe loading=\"lazy\" src=\"https:\/\/player.vimeo.com\/video\/806257162?h=2ffd1f0769&amp;title=0&amp;byline=0&amp;portrait=0&amp;speed=0&amp;badge=0&amp;autopause=0&amp;player_id=0&amp;app_id=58479&amp;dnt=1\" width=\"720\" height=\"1280\" frameborder=\"0\" allow=\"autoplay; fullscreen; picture-in-picture\" allowfullscreen title=\"Skate Hack Grip Job: Waves\"><\/iframe><\/noscript>\r\n\r\n            <\/div>\r\n        <\/div>\r\n\r\n        \r\n        <div class=\"row\">\r\n          <div class=\"small-12 medium-6 columns\">\r\n            <a style=\"margin-bottom: 1em;\" class=\"button-auto\" href=\"\/de\/skateboard-griptape\" title=\"Skateboard Griptape online kaufen\">zu den Griptapes im skatedeluxe Skateshop<\/a>\r\n        <\/div>\r\n        <div class=\"small-12 medium-6 columns\">\r\n            <a style=\"margin-bottom: 1em;\" class=\"button-auto\" href=\"\/blog\/de\/wiki\/skateboarding\/\" title=\"Skateboard Wissen Kompakt - skatedeluxe Skateboard Wiki\">Du willst mehr Wissen? Zum skatedeluxe Skateboard Wiki<\/a>\r\n        <\/div>\r\n    <\/div>\r\n\r\n<\/div>\r\n<\/div><div class=\"ShariffSC\" style=\"shariff-shop\"><div class=\"shariff\" data-url=\"https:\/\/skatedeluxe.com\/blog\/de\/wiki\/skateboarding\/skateboard-wiki\/griptape\/\" data-title=\"Alles \u00fcber Skateboard Griptape &#8211; Wiki\" data-services='[\"facebooklike\", \"facebook\"]' data-backend-url='\/shariff\/'><\/div><\/div>","protected":false},"excerpt":{"rendered":"<p>1. Allgemeines 2. Abnutzung, Wechsel, Reinigung 3. Aufkleben und Blasen vermeiden 3.1 Kreative Gripjobs 1 Griptape: Allgemeines 1. Griptape: Allgemeines Das Griptape ist eine Art selbstklebendes \u201eSchmirgelpapier\u201c oder \u201eSchleifpapier\u201c, welches auf die Oberseite des Skateboard Decks geklebt wird. Es gibt dir einen sicheren Stand und erleichtert das Ausf\u00fchren verschiedenster Tricks. Woraus besteht Griptape? Die raue <a class=\"read-more\" href=\"https:\/\/skatedeluxe.com\/blog\/de\/wiki\/skateboarding\/skateboard-wiki\/griptape\/\">[&#8230;]<\/a><\/p>\n","protected":false},"author":24,"featured_media":132881,"parent":111722,"menu_order":8,"comment_status":"closed","ping_status":"closed","template":"page-templates\/teasing-page.php","meta":{"footnotes":""},"class_list":["post-111711","page","type-page","status-publish","has-post-thumbnail","hentry"],"aioseo_notices":[],"amp_enabled":false,"_links":{"self":[{"href":"https:\/\/skatedeluxe.com\/blog\/de\/wp-json\/wp\/v2\/pages\/111711","targetHints":{"allow":["GET"]}}],"collection":[{"href":"https:\/\/skatedeluxe.com\/blog\/de\/wp-json\/wp\/v2\/pages"}],"about":[{"href":"https:\/\/skatedeluxe.com\/blog\/de\/wp-json\/wp\/v2\/types\/page"}],"author":[{"embeddable":true,"href":"https:\/\/skatedeluxe.com\/blog\/de\/wp-json\/wp\/v2\/users\/24"}],"replies":[{"embeddable":true,"href":"https:\/\/skatedeluxe.com\/blog\/de\/wp-json\/wp\/v2\/comments?post=111711"}],"version-history":[{"count":14,"href":"https:\/\/skatedeluxe.com\/blog\/de\/wp-json\/wp\/v2\/pages\/111711\/revisions"}],"predecessor-version":[{"id":155820,"href":"https:\/\/skatedeluxe.com\/blog\/de\/wp-json\/wp\/v2\/pages\/111711\/revisions\/155820"}],"up":[{"embeddable":true,"href":"https:\/\/skatedeluxe.com\/blog\/de\/wp-json\/wp\/v2\/pages\/111722"}],"wp:featuredmedia":[{"embeddable":true,"href":"https:\/\/skatedeluxe.com\/blog\/de\/wp-json\/wp\/v2\/media\/132881"}],"wp:attachment":[{"href":"https:\/\/skatedeluxe.com\/blog\/de\/wp-json\/wp\/v2\/media?parent=111711"}],"curies":[{"name":"wp","href":"https:\/\/api.w.org\/{rel}","templated":true}]}}