{"id":10649,"date":"2011-08-18T18:12:55","date_gmt":"2011-08-18T16:12:55","guid":{"rendered":"http:\/\/www.skatedeluxe.de\/blog\/?page_id=10649"},"modified":"2023-03-07T09:40:14","modified_gmt":"2023-03-07T08:40:14","slug":"longboarding","status":"publish","type":"page","link":"https:\/\/skatedeluxe.com\/blog\/de\/wiki\/longboarding\/","title":{"rendered":"Alles \u00fcber Longboarding"},"content":{"rendered":"<div class=\"row\">\r\n\r\n<div class=\"medium-12 medium-12 columns\">\t\r\n\t<div class=\"post clearfix\" style=\"padding-bottom: 15px;\">\r\n\t\t<div class=\"medium-12 columns\">\r\n\t\t\t<h3 align=\"center\">Longboardwissen<\/h3>\r\n\r\n\t\t\t<div class=\"medium-6 columns\">\r\n            <a href=\"\/blog\/de\/wiki\/longboarding\/longboard-wissen-longboarding-wiki\/\" title=\"Alles was du \u00fcber Longboards wissen musst\">\r\n\t\t\t<img decoding=\"async\" src=\"data:image\/gif;base64,R0lGODlhAQABAIAAAAAAAP\/\/\/yH5BAEAAAAALAAAAAABAAEAAAIBRAA7\" data-src=\"\/blog\/wp-content\/uploads\/2014\/04\/headbanner-longboard-wissen.jpg\" alt=\"Longboards\" style=\"padding-bottom: 15px;\"\/><noscript><img decoding=\"async\" src=\"\/blog\/wp-content\/uploads\/2014\/04\/headbanner-longboard-wissen.jpg\" alt=\"Longboards\" style=\"padding-bottom: 15px;\"\/><\/noscript>\r\n            <\/a>\r\n\t\t\t<\/div>\r\n\r\n\t\t\t<div class=\"medium-6 columns\">\r\n\t\t\t<p>\r\n        \tAuf dieser Seite bekommst du eine Erl\u00e4uterung zu den verschiedenen Bestandteilen eines Longboards, was dir dabei helfen soll, die f\u00fcr dich passenden Komponenten auszuw\u00e4hlen. Hier erf\u00e4hrst du alles \u00fcber Decks, egal ob Downhill-, Freeride-, Slalom oder Cruising Boards. \r\n    \t\tWenn du Infos \u00fcber Achsen und deren Montage und die richtige Gr\u00f6\u00dfe und H\u00e4rte der Rollen suchst, dann bist du hier auf jeden Fall richtig.\r\n        \tAu\u00dferdem wird dir alles erkl\u00e4rt, was zu \u00fcber Kugellager, Riserpads und den passenden Montagesatz wissen musst.\r\n    \t\t<br \/>\r\n        \tAlles was du f\u00fcr dein Longboard brauchst findest du hier in unserem <a href=\"\/de\/longboards\" title=\"Decks, Rollen, Lager, Griptape, Achsen f\u00fcr dein Longboard auf skatedeluxe\">Longboard Shop!<\/a>\r\n        \t<\/p>\r\n\t\t\t<a title=\"Wissenswertes \u00fcber Longboards\" href=\"\/blog\/de\/wiki\/longboarding\/longboard-wissen-longboarding-wiki\/\" class=\"button-auto\">Zum Longboard-Wiki: Alles was du \u00fcber Longboards wissen musst<\/a>\r\n\t\t\t<\/div>\r\n\t\t<\/div>\r\n\t<\/div>\r\n<\/div>\r\n\r\n<div class=\"medium-12 medium-12 columns\">\t\r\n\t<div class=\"post clearfix\" style=\"padding-bottom: 15px;\">\r\n\t\t<div class=\"medium-12 columns\">\r\n\r\n\t\t<p align=\"center\"><span class=\"h4\">Auf der Suche nach Slides &#038; Tricks?<\/span><\/p>\r\n\r\n\t\t<p align=\"center\">\r\n\t\tDu willst das Sliden oder verschiedene Longboard Tricks lernen? In unserer Longboard Trick Tipp Section findest du Video Tutorials zu allen Longboard Basics. Egal ob die ersten Carves, die richtige Fu\u00dfbremse oder verschiedene Slides und Speedchecks, Sebastian Hertler und Julian Fuchs zeigen dir, wie es funktioniert.\r\n\t\t<\/p>\r\n\r\n\t\t<div class=\"medium-8 medium-offset-2 small-12 columns\">\r\n\t\t<a title=\"Longboard Basics, Slides und Tricks\" href=\"\/blog\/de\/trick-tipps\/longboard\/\" class=\"button-auto\">Longboard Basics, Slides und Tricks<\/a>\r\n\t\t<\/div>\r\n\r\n\t\t<\/div>\r\n\t<\/div>\r\n<\/div>\r\n\r\n<div class=\"medium-12 medium-12 columns\">\t\r\n\t<div class=\"post clearfix\" style=\"padding-bottom: 15px;\">\r\n\t\t<div class=\"medium-12 columns\">\r\n\t\t\t<h3 align=\"center\">Longboard Basics Guide<\/h3>\r\n\r\n\t\t\t<div class=\"medium-6 columns\">\r\n            <a href=\"\/blog\/de\/wiki\/longboarding\/longboard-basics-guide\/\" title=\"Longboard Video Guides\">\r\n\t\t\t<img decoding=\"async\" src=\"data:image\/gif;base64,R0lGODlhAQABAIAAAAAAAP\/\/\/yH5BAEAAAAALAAAAAABAAEAAAIBRAA7\" data-src=\"\/blog\/wp-content\/uploads\/2014\/04\/headbanner-longboard-basic-guide.jpg\" alt=\"Longboarding\" style=\"padding-bottom: 15px;\"\/><noscript><img decoding=\"async\" src=\"\/blog\/wp-content\/uploads\/2014\/04\/headbanner-longboard-basic-guide.jpg\" alt=\"Longboarding\" style=\"padding-bottom: 15px;\"\/><\/noscript>\r\n            <\/a>\r\n\t\t\t<\/div>\r\n\r\n\t\t\t<div class=\"medium-6 columns\">\r\n\t\t\t<p>\r\n\t\t\tDu hast das Longboarden f\u00fcr dich entdeckt, findest dich aber im Dschungel aus Shapes, Concaves, Einsatzbereichen und Co. nicht zurecht? Kein Problem \u2013 wir haben f\u00fcr dich den Longboard Basic Guide gedreht, der dich zum richtigen Board f\u00fchren wird!\r\n        \tIn den drei Episoden wird dir von den verschiedenen Decks und Achsen \u00fcber Rollen und Kugellager alles anschaulich erkl\u00e4rt, was du wissen musst um dein perfektes Longboard zusammenzustellen!\r\n        \t<\/p>\r\n\t\t\t<a title=\"Longboard Basics Guide - Videoguide zum perfekten Longboard\" href=\"\/blog\/de\/wiki\/longboarding\/longboard-basics-guide\/\" class=\"button-auto\">Zum Longboard Basics Video Guide<\/a>\r\n\t\t\t<\/div>\r\n\t\t<\/div>\r\n\t<\/div>\r\n<\/div>\r\n\r\n<div class=\"medium-12 medium-12 columns\">\t\r\n\t<div class=\"post clearfix\" style=\"padding-bottom: 15px;\">\r\n\t\t<div class=\"medium-12 columns\">\r\n\t\t\t<h3 align=\"center\">Longboard Montageanleitung<\/h3>\r\n\r\n\t\t\t<div class=\"medium-6 columns\">\r\n            <a href=\"\/blog\/de\/wiki\/longboarding\/longboard-montageanleitung\/\" title=\"Longboard Montageanleitung\">\r\n\t\t\t<img decoding=\"async\" src=\"data:image\/gif;base64,R0lGODlhAQABAIAAAAAAAP\/\/\/yH5BAEAAAAALAAAAAABAAEAAAIBRAA7\" data-src=\"\/blog\/wp-content\/uploads\/2016\/08\/longboard-montageanleitung-header.png\" alt=\"Longboard Montageanleitung\" style=\"padding-bottom: 15px;\"\/><noscript><img decoding=\"async\" src=\"\/blog\/wp-content\/uploads\/2016\/08\/longboard-montageanleitung-header.png\" alt=\"Longboard Montageanleitung\" style=\"padding-bottom: 15px;\"\/><\/noscript>\r\n            <\/a>\r\n\t\t\t<\/div>\r\n\r\n\t\t\t<div class=\"medium-6 columns\">\r\n\t\t\t<p>\r\n\t\t\tBestellen. Auspacken. Losfahren. Nicht immer ist es so einfach! Damit du dein Longboard nach deinen Vorstellungen zusammenbauen kannst, haben wir f\u00fcr dich eine Step-By-Step Anleitung zur Montage deines Setups verfasst. Von Anbringen des Griptapes bis zum Einsatz der Kugellager bekommst du jeden einzelnen Schritt sowohl als Video, als auch anhand von Bildern veranschaulicht. Wir zeigen dir, wie du die richtigen L\u00f6cher f\u00fcr Wheelbase findest, Shockpads einsetzt und Achsen am Drop-Through Deck montierst. Deiner n\u00e4chsten Werkstunde steht somit nichts mehr im Weg!  \r\n        \t<\/p>\r\n\t\t\t<a title=\"Longboard Montageanleitung - Videoguide zum Longboard zusammenbauen\" href=\"\/blog\/de\/wiki\/longboarding\/longboard-montageanleitung\/\" class=\"button-auto\">Zur Longboard Montageanleitung<\/a>\r\n\t\t\t<\/div>\r\n\t\t<\/div>\r\n\t<\/div>\r\n<\/div>\r\n\r\n\r\n<\/div>\r\n\r\n<div class=\"ShariffSC\" style=\"shariff-shop\"><div class=\"shariff\" data-url=\"https:\/\/skatedeluxe.com\/blog\/de\/wiki\/longboarding\/\" data-title=\"Alles \u00fcber Longboarding\" data-services='[\"facebooklike\", \"facebook\"]' data-backend-url='\/shariff\/'><\/div><\/div>","protected":false},"excerpt":{"rendered":"<p>Longboardwissen Auf dieser Seite bekommst du eine Erl\u00e4uterung zu den verschiedenen Bestandteilen eines Longboards, was dir dabei helfen soll, die f\u00fcr dich passenden Komponenten auszuw\u00e4hlen. Hier erf\u00e4hrst du alles \u00fcber Decks, egal ob Downhill-, Freeride-, Slalom oder Cruising Boards. Wenn du Infos \u00fcber Achsen und deren Montage und die richtige Gr\u00f6\u00dfe und H\u00e4rte der Rollen <a class=\"read-more\" href=\"https:\/\/skatedeluxe.com\/blog\/de\/wiki\/longboarding\/\">[&#8230;]<\/a><\/p>\n","protected":false},"author":32,"featured_media":63617,"parent":111138,"menu_order":3,"comment_status":"closed","ping_status":"closed","template":"page-templates\/teasing-page.php","meta":{"footnotes":""},"class_list":["post-10649","page","type-page","status-publish","has-post-thumbnail","hentry"],"aioseo_notices":[],"amp_enabled":false,"_links":{"self":[{"href":"https:\/\/skatedeluxe.com\/blog\/de\/wp-json\/wp\/v2\/pages\/10649","targetHints":{"allow":["GET"]}}],"collection":[{"href":"https:\/\/skatedeluxe.com\/blog\/de\/wp-json\/wp\/v2\/pages"}],"about":[{"href":"https:\/\/skatedeluxe.com\/blog\/de\/wp-json\/wp\/v2\/types\/page"}],"author":[{"embeddable":true,"href":"https:\/\/skatedeluxe.com\/blog\/de\/wp-json\/wp\/v2\/users\/32"}],"replies":[{"embeddable":true,"href":"https:\/\/skatedeluxe.com\/blog\/de\/wp-json\/wp\/v2\/comments?post=10649"}],"version-history":[{"count":50,"href":"https:\/\/skatedeluxe.com\/blog\/de\/wp-json\/wp\/v2\/pages\/10649\/revisions"}],"predecessor-version":[{"id":155692,"href":"https:\/\/skatedeluxe.com\/blog\/de\/wp-json\/wp\/v2\/pages\/10649\/revisions\/155692"}],"up":[{"embeddable":true,"href":"https:\/\/skatedeluxe.com\/blog\/de\/wp-json\/wp\/v2\/pages\/111138"}],"wp:featuredmedia":[{"embeddable":true,"href":"https:\/\/skatedeluxe.com\/blog\/de\/wp-json\/wp\/v2\/media\/63617"}],"wp:attachment":[{"href":"https:\/\/skatedeluxe.com\/blog\/de\/wp-json\/wp\/v2\/media?parent=10649"}],"curies":[{"name":"wp","href":"https:\/\/api.w.org\/{rel}","templated":true}]}}