{"id":10440,"date":"2011-08-18T16:40:59","date_gmt":"2011-08-18T14:40:59","guid":{"rendered":"http:\/\/www.skatedeluxe.de\/blog\/?page_id=10440"},"modified":"2019-10-29T14:39:18","modified_gmt":"2019-10-29T13:39:18","slug":"geschichte-des-skateboardings","status":"publish","type":"page","link":"https:\/\/skatedeluxe.com\/blog\/de\/wiki\/skateboarding\/geschichte-des-skateboardings\/","title":{"rendered":"Geschichte des Skateboardings"},"content":{"rendered":"<div class=\"post clearfix\">\r\n<div class=\"hide-for-small large-2 columns\">\r\n<div class=\"date-day\">Intro<\/div>\r\n<\/div>\r\n<div class=\"medium-10 medium-offset-1 large-10 large-offset-0 columns end\">\r\n<p>\r\nSkateboarding ist f\u00fcr die meisten nicht nur eine Freizeitbesch\u00e4ftigung &#8211; <strong>Skateboarding ist eine Lebenseinstellung<\/strong>. Doch viele Menschen denken, dass Skateboarding eine absolut moderne Sache sei, das <a href=\"\/de\/skateboards\" title=\"zur Skateboards-Kategorie bei skatedeluxe\" target=\"_blank\" rel=\"noopener noreferrer\">Skateboards<\/a> schon immer das Shape und Concave von modernen <a href=\"\/de\/skateboard-decks\" title=\"zu den Skateboard Decks bei skatedeluxe\" target=\"_blank\" rel=\"noopener noreferrer\">Street-Decks<\/a> hatten und wieder andere denken vielleicht, dass der Ollie und verschiedenste Flip-Tricks von Anfang an zum Skaten geh\u00f6rten. Doch das stimmt so nicht ganz. Skateboarding erlebte viele H\u00f6he-, aber auch Tiefpunkte auf dem Weg zum Lifestyle und Profisport.\r\n<\/p>\r\n<p>\r\nHistorisch betrachtet durchlebte Skateboarding eine Art &#8222;Evolution&#8220;. Die wichtigsten Eckpunkte der Geschichte verdeutlichen wir euch in unserer Skateboarding History:\r\n<\/p>\r\n<\/div>\r\n<div class=\"post clearfix\">\r\n<div class=\"hide-for-small large-2 columns\">\r\n<div class=\"date-day\">Inhalt<\/div>\r\n<\/div>\r\n<div class=\"medium-10 medium-offset-1 large-10 large-offset-0 columns end\">\r\n<p align=\"justify\"><\/p>\r\n<p align=\"justify\"><\/p>\r\n\r\n<div class=\"post clearfix padding-bottom\">\r\n<div data-magellan-expedition=\"destination_threshold:85;\">\r\n<ul class=\"medium-10 columns left\">\r\n \t<li data-magellan-arrival=\"Die-1950er-Jahre\"><a href=\"#Die-1950er-Jahre\" target=\"_blank\"  rel=\"nofollow\" >Die 1950er Jahre<\/a><\/li>\r\n \t<li data-magellan-arrival=\"Die-1960er-Jahre\"><a href=\"#Die-1960er-Jahre\" target=\"_blank\"  rel=\"nofollow\" >Die 1960er Jahre<\/a><\/li>\r\n \t<li data-magellan-arrival=\"Die-1970er-Jahre\"><a href=\"#Die-1970er-Jahre\" target=\"_blank\"  rel=\"nofollow\" >Die 1970er Jahre<\/a><\/li>\r\n \t<li data-magellan-arrival=\"Die-1980er-Jahre\"><a href=\"#Die-1980er-Jahre\" target=\"_blank\"  rel=\"nofollow\" >Die 1980er Jahre<\/a><\/li>\r\n \t<li data-magellan-arrival=\"Ab-den-1990er-Jahren\"><a href=\"#Ab-den-1990er-Jahren\" target=\"_blank\"  rel=\"nofollow\" >Ab den 1990er Jahren<\/a><\/li>\r\n<\/ul>\r\n<\/div>\r\n<\/div>\r\n<\/div>\r\n<div class=\"post clearfix\">\r\n<div class=\"hide-for-small large-2 columns\">\r\n<div class=\"date-day\">Die 1950er Jahre<\/div>\r\n<\/div>\r\n<div id=\"Die-1950er-Jahre\" class=\"medium-10 medium-offset-1 large-10 large-offset-0 columns end\">\r\n<p align=\"justify\"><\/p>\r\n\r\n<div class=\"show-for-small-only\">\r\n<h2>Die 1950er Jahre<\/h2>\r\n<\/div>\r\n<p>\r\nBis zum Anfang der <strong>1950er Jahre<\/strong> l\u00e4sst sich das Surfen als die Quelle des Skateboardens zur\u00fcckverfolgen. Die Idee war es, das Gef\u00fchl des Wellenreitens auf die Stra\u00dfen zu \u00fcbertragen, um vor allem den Tageszeiten mit einem schwachen Wellengang zu trotzen. Nicht umsonst wurden die Skateboarder anf\u00e4nglich als <strong>\u201eAsphaltsurfer\u201c<\/strong> bezeichnet. Die Konstruktion aus verk\u00fcrzten Surfbrettern, Metallrollen (noch ohne Kugellager), bei denen Rollschuhe als Vorlage dienten, etablierte sich als Erste in <strong>Kalifornien<\/strong>. Aber auch auf <strong>Hawaii<\/strong> gab es \u00e4hnliche Konstruktionen solcher \u201eUr-Skateboards\u201c. So gelten beide Regionen als die Entstehungsorte des Skateboards.\r\n<\/p>\r\n<div class=\"row\">\r\n<img decoding=\"async\" src=\"\/blog\/wp-content\/uploads\/2015\/01\/1950_11.jpg\" alt=\"die ersten Boards\" title=\"Die ersten Skateboards\" align=\"center\"><\/div>\r\n<p>\r\nEinen ersten Boom erlebte das Skateboarding Ende der <strong>1950er Jahre<\/strong>. In der Nachkriegszeit des Zweiten Weltkrieges boomte die Wirtschaft in den USA, was sich unter anderem enorme auf die Spielzeugindustrie auswirkte. Neben zahlreichen Spielzeugtrends wurde die Industrie auch aufmerksam auf das Skateboard. Im Jahre 1959 ver\u00f6ffentlichte die Firma Roller Derby das erste kommerzielle Skateboard mit neuen technischen Entwicklungen. Dadurch wurden die Fahreigenschaften der Boards verbessert und neue Man\u00f6ver und Tricks entstanden.\r\n<\/p>\r\n<\/div>\r\n<div class=\"post clearfix\">\r\n<div class=\"hide-for-small large-2 columns\">\r\n<div class=\"date-day\">Die 1960er Jahre<\/div>\r\n<\/div>\r\n<div id=\"Die-1960er-Jahre\" class=\"medium-10 medium-offset-1 large-10 large-offset-0 columns end\">\r\n<p align=\"justify\"><\/p>\r\n\r\n<div class=\"show-for-small-only\">\r\n<h2>Die 1960er Jahre<\/h2>\r\n<\/div>\r\n<p>\r\nZwischen den Jahren <strong>1959 und 1965<\/strong> breitete sich die erste Skateboard-Welle in den USA aus. Besonders betroffen waren die Staaten an der Ost- und Westk\u00fcste. Aus einem Spielzeug entstand dank der industriellen Entwicklung ein Sportger\u00e4t und im Jahre 1962 verkaufte der Surfshop \u201eVal-Surf\u201c im Norden Hollywoods erstmals selbstproduzierte Skateboards. Die Form dieser Bretter \u00e4hnelte noch den Surfboards dieser Zeit, dennoch z\u00e4hlten sie zu den ersten erh\u00e4ltlichen <a href=\"\/de\/skateboard-komplettboards\" title=\"zu den Komplett-Skateboards bei skatedeluxe\" target=\"_blank\" rel=\"noopener noreferrer\">Komplett-Skateboards<\/a>, auch wenn bei diesen Brettern noch Rollschuhachsen verbaut wurden. Im gleichen Jahr entwickelte die Firma Patteson-Forbes das erste industriell produzierte Komplett-Board mit weiterentwickelten Achsen. <strong>Larry Stevenson<\/strong>, Herausgeber des \u201eSurf Guide\u201c Magazins, bewarb erstmals 1963 Skateboards in seiner Zeitschrift. Auch die Bekleidungsindustrie spezialisierte sich immer mehr auf Skateboarding. Die Schuhfirma <a href=\"\/de\/vans-shop\" title=\"zum Vans Shop bei skatedeluxe\" target=\"_blank\" rel=\"noopener noreferrer\">Vans<\/a> zum Beispiel wurde 1966 in Kalifornien gegr\u00fcndet und seither liegt der Fokus des Brands auf die Herstellung von Skate-Schuhen. Spezielle Sohlen und Designs sollten schon damals die Skater bei ihren Man\u00f6vern unterst\u00fctzen. Heute z\u00e4hlt Vans neben <a href=\"\/de\/etnies-shop\" title=\"zum Etnies Shop bei skatedeluxe\" target=\"_blank\" rel=\"noopener noreferrer\">Etnies<\/a>, <a href=\"\/de\/converse-shop\" title=\"zum Converse Shop bei skatedeluxe\" target=\"_blank\" rel=\"noopener noreferrer\">Converse<\/a> und <a href=\"\/de\/dc-shop\" title=\"zu DC Shop bei skatedeluxe\" target=\"_blank\" rel=\"noopener noreferrer\">DC Shoes <\/a>zu den etabliertesten und bekanntesten Skateboard-Firmen der Welt und erreichte Kult-Status. Ein weiteres bahnbrechendes Ereignis im Jahre 1963 war der erste \u201eSkate-Contest\u201c in Hermosa Beach, Kalifornien.\r\n<\/p>\r\n<img decoding=\"async\" src=\"\/blog\/wp-content\/uploads\/2015\/01\/1960_2.jpg\" alt=\"Vans Old School\">\r\n<p>\r\nSkateboarding war ab diesem Zeitpunkt nicht mehr nur eine Art herumzurollern und zu cruisen. Die zahlreichen Skater wollten ihr K\u00f6nnen immer mehr zur Schau stellen und die Skate-Firmen suchten sich bei den Contests die besten Skater f\u00fcr ihre Teams, welche sie dann mit ihren Boards oder ihrer Kleidung ausstatteten. Das \u201eSponsoring&#8220; war geboren und etablierte sich seit dem immer weiter. In den verschiedensten Disziplinen, wie Slalomfahren um H\u00fctchen herum oder akrobatischen \u00dcbungen auf dem Brett, konnte man als Gewinner eines Contests damals bis zu 500 US Dollar gewinnen. Das war damals echt viel! Zu dieser Zeit entstand auch das erste reine Skateboarding-Magazin. <strong>\u201eThe Quaterly Skateboarder\u201c<\/strong> ver\u00f6ffentlichte detaillierte Berichte und Fotostrecken f\u00fcr die gesamte Skateboard-Szene.\r\n<\/p>\r\n<p>\r\nDer Stil des Skatens entwickelte sich stetig weiter und die damaligen Skateboard-Produzenten experimentierten mit verschieden Formen und Materialien. <strong>Larry Stevenson<\/strong> pr\u00e4sentierte Ende der 1960er Jahre das <strong>\u201eKicktail\u201c<\/strong> als eine Innovation des <a href=\"\/de\/skateboard-decks\" title=\"zu den Skateboard Decks bei skatedeluxe\" target=\"_blank\" rel=\"noopener noreferrer\">Skateboard-Decks<\/a>. Diese setzte sich durch und wurde dank der besseren Lenk- und Man\u00f6vrierf\u00e4higkeit auch von anderen Firmen kopiert.\r\n<\/p>\r\n<img decoding=\"async\" src=\"\/blog\/wp-content\/uploads\/2015\/01\/1960_11.jpg\" alt=\"Old School Boards\">\r\n\r\n<\/div>\r\n<div class=\"post clearfix\">\r\n<div class=\"hide-for-small large-2 columns\">\r\n<div class=\"date-day\">Die 1970er Jahre<\/div>\r\n<\/div>\r\n<div id=\"Die-1970er-Jahre\" class=\"medium-10 medium-offset-1 large-10 large-offset-0 columns end\">\r\n<div class=\"show-for-small-only\">\r\n<h2>Die 1970er Jahre<\/h2>\r\n<\/div>\r\n<p>\r\nEine n\u00e4chste Innovation und der Ausl\u00f6ser f\u00fcr den zweiten Boom des Skateboardings war die <strong>Urethan-Rolle<\/strong>. Der Skater und Surfer <strong>Frank Nasworthy<\/strong> experimentierte mit Urethan-Rollen und stellte schnell das bessere Fahr- und Lenkverhalten der Rollen fest. Im Jahre 1973 gr\u00fcndete er die Firma <strong>\u201eCadillac-Wheels\u201c<\/strong>, produzierte seine eigenen Rollen und verkaufte diese an verschiedene Surfshops. Es folgten weitere Firmen, die <a href=\"\/de\/skateboard-rollen\" title=\"zu den Skateboard-Rollen bei skatedeluxe\" target=\"_blank\" rel=\"noopener noreferrer\">Skateboard-Rollen<\/a> aus Urethan herstellten und auch die Eigenschaften der <a href=\"\/de\/skateboard-achsen\" title=\"zu den Achsen bei skatedeluxe\" target=\"_blank\" rel=\"noopener noreferrer\">Skateboard-Achsen<\/a> wurden weiterentwickelt. Die neueren Skateboards lie\u00dfen sich leichter steuern und die Skater entwickelten neue Tricks und alle Man\u00f6ver wurden immer smoother und stylischer. Das Skateboard entfaltete sich als Verkaufsschlager und verschiedenste Disziplinen wie <strong>Freestyle<\/strong>, <strong>Downhill<\/strong> oder <strong>Slalom<\/strong> erlebten eine echte Hochphase. Neue Mags f\u00fcr die Skate-Szene kamen an den Start, wie das <strong>\u201eSkateboarder Magazine\u201c<\/strong> von 1975 und neue Events wurden ins Leben gerufen. Im Jahre 1976 weihten Skater in Florida den ersten k\u00fcnstlich angelegten Skatepark ein. Rasch entstanden neue Parks mit neuen Elementen wie vertikale Rampen und Kicker. Verschiedenste Varianten des Springens mit dem Skateboard wurden immer popul\u00e4rer und traditionelle Disziplinen wie Slalom-Fahren verloren an Beliebtheit.\r\n<\/p>\r\n<img decoding=\"async\" src=\"\/blog\/wp-content\/uploads\/2015\/01\/1970_2.jpg\" alt=\"Gadillac Wheels\">\r\n<p>\r\nMitte der <strong>1970er Jahre<\/strong> erreichte die zweite Hochphase des Skatens auch Deutschland. Die amerikanischen Soldaten brachten den Trend nach Deutschland und M\u00fcnchen wurde 1976 das erste deutsche Skateboard-Zentrum. Es folgten auch die ersten Skateboard-Produkte in den deutschen Gesch\u00e4ften. In M\u00fcnchen folgte der Bau des Skate-Parks M\u00fcnchen-Neuperlach und erste Skateboard-Magazine wurden ver\u00f6ffentlicht. Die ersten deutschen Skateboard-Meisterschaften fanden 1978 in M\u00fcnchen statt. Dabei wurde erstmals ein Contest im <strong>Halfpipe-Skaten<\/strong> durchgef\u00fchrt. Das Skaten in Halfpipes erm\u00f6glichte neue Tricks und viele neue Variationen.\r\n<\/p>\r\n<p>\r\nDiese neuen Facetten des Skatens brachten eine Weiterentwicklung des Skateboard-Zubeh\u00f6rs mit sich. Die Bretter wurden breiter, um mehr Standfl\u00e4che zur Verf\u00fcgung zu haben und zudem fand das Concave verst\u00e4rkt Anwendung. So verbesserte sich die Stabilit\u00e4t und das Lenkverhalten. Dank der Airs beim Pipe-Fahren waren die Unterseiten der Skateboard-Decks oft zusehen. Das nutzen die Brands und gestalteten die Decks voller Kreativit\u00e4t.\r\n<\/p>\r\n<p>\r\nEnde der 1970er Jahre erfand <strong>Alen Gelfand<\/strong> den <strong>\u201eOllie\u201c<\/strong>. Dieser Trick war eine der gr\u00f6\u00dften Innovationen im Skateboarding und gilt als <strong>\u201egreatest Skateboard trick ever invented\u201c<\/strong>. Es waren ab diesem Zeitpunkt v\u00f6llig neue Trickvariationen m\u00f6glich, welche das <strong>Street-Skateboarding<\/strong> neu definierten. Ab diesem Zeitpunkt war nichts mehr vor den rollenden Jungs sicher.\r\n<\/p>\r\n<img decoding=\"async\" src=\"\/blog\/wp-content\/uploads\/2015\/01\/1970_1.jpg\" alt=\"Alen Gelfand - Ollie\">\r\n\r\n<\/div>\r\n<div class=\"post clearfix\">\r\n<div class=\"hide-for-small large-2 columns\">\r\n<div class=\"date-day\">Die 1980er Jahre<\/div>\r\n<\/div>\r\n<div id=\"Die-1980er-Jahre\" class=\"medium-10 medium-offset-1 large-10 large-offset-0 columns end\">\r\n<p align=\"justify\"><\/p>\r\n\r\n<div class=\"show-for-small-only\">\r\n<h2>Die 1980er Jahre<\/h2>\r\n<\/div>\r\n<p>\r\n<strong>Rodney Mullen<\/strong> war zu Beginn der 1980er Jahre einer der ersten Fahrer, der den Ollie f\u00fcr Man\u00f6ver auf die Stra\u00dfen \u00fcbertrug und er verbreitete damit einen neuen Stil des Skatens &#8211; das Street-Skateboarding.\r\n<\/p>\r\n\r\n<img decoding=\"async\" src=\"\/blog\/wp-content\/uploads\/2015\/01\/1980_3.jpg\" alt=\"Rodney Mullen\">\r\n\r\n<p>\r\nUm die Jahreswende von 1979 auf 1980 erlebte das Skateboarding trotz aller Weiterentwicklungen einen n\u00e4chsten R\u00fcckgang. Viele Parks und Anlagen mussten wegen steigender Versicherungskosten schlie\u00dfen und neue Trendsportarten wie das BMX-Fahren erreichten immer mehr Popularit\u00e4t und Anh\u00e4nger. Dennoch blieben die Core-Skater weiter dabei und Street-Skateboarding entwickelte sich immer mehr und wurde immer beliebter.\r\n<\/p>\r\n<p>\r\nDie Stadt mit ihrer urbanen Architektur wurde immer mehr zum Terrain der Street-Skater. Berichte \u00fcber Street-Skaten ver\u00f6ffentlichte vor allem das 1981 gegr\u00fcndete <strong><a href=\"\/de\/thrasher-shop\" title=\"zum Thrasher Shop bei skatedeluxe\" target=\"_blank\" rel=\"noopener noreferrer\">Thrasher Magazine<\/a><\/strong>. Getreu nach dem Motto &#8222;Skate And Destroy&#8220; richtete sich dieses Mag an die Core-Skater. Das Thrasher Magazine publizierte neben zahlreichen Berichten und Bildern auch Information \u00fcber verschiedene Bands und Musikstile und deren Verbindung zur Skate-Szene. Gegen\u00fcber des rebellischen Thrasher Magazins stand das <strong><a href=\"\/de\/transworld-shop\" title=\"zum Transworld Shop bei skatedeluxe\" target=\"_blank\" rel=\"noopener noreferrer\">Transworld Skateboarding Magazine<\/a><\/strong>, welches es 1983 erstmals zu kaufen gab. Zusammen mit weiteren kleineren Magazinen stieg die Popularit\u00e4t von Skateboarding wieder stetig an. Eine globale Verbreitung neuer Tricks und ungesehener Skate-Man\u00f6ver erm\u00f6glichten die ersten Skate-Videos im VHS-Style.\r\n<\/p>\r\n<img decoding=\"async\" src=\"\/blog\/wp-content\/uploads\/2015\/01\/1980_1.jpg\" alt=\"Thrasher\">\r\n<p>\r\nIn Deutschland entwickelte sich Skateboarding vor allem durch Titus Dittmann weiter. Der junge Skateboarder Dittmann aus M\u00fcnster bachte den Sport und das zugeh\u00f6rige Material im Anschlu\u00df an einen USA Aufenthalt mit nach Deutschland. Nicht nur der Import von Skate-Produkten, sondern vor allem auch die zahlreichen Events die er hierzulande veranstaltete, trugen zum wachsenden Bekanntheitsgrad von Skateboarding in der Bundesrepublik bei. Der <strong>M\u00fcnster Monster Mastership<\/strong> entwickelte sich zu einem der gr\u00f6\u00dften internationalen Skate-Wettbewerbe der damaligen Zeit. Ab diesem Zeitpunkt orientierten sich auch die jungen Skater immer mehr am amerikanischen Vorbild.\r\n<\/p>\r\n<p>\r\nIn den USA boomte die Skateboard-Branche und es lie\u00df sich ab Mitte der 1980er Jahre als professioneller Skateboarder mehr und mehr Geld verdienen. Es gr\u00fcndeten sich immer mehr Skate-Brands und es fanden immer mehr Events statt. Ende der 1980er Jahre dominierten die Firmen <strong><a href=\"\/de\/powell-peralta-shop\" title=\"zum Powell Peralta Shop bei Skatedeluxe\" target=\"_blank\" rel=\"noopener noreferrer\">Powell-Peralta<\/a><\/strong>, <strong><a href=\"\/de\/santa-cruz-shop\" title=\"zum Santa Cruz Shop bei skatedeluxe\" target=\"_blank\" rel=\"noopener noreferrer\">Santa Cruz<\/a><\/strong> und <strong>Sims\/Vision<\/strong> den internationalen Markt der Szene. Die Skate-Mode, die neben den Boards jetzt vor allem auch <a href=\"\/de\/skateschuhe\" title=\"zu den Skateschuhen bei skatedeluxe\" target=\"_blank\" rel=\"noopener noreferrer\">Schuhe<\/a> von <strong>Vans<\/strong>, <strong>Converse<\/strong> oder <strong>Vision<\/strong> zu ihrem Markenzeichen bestimmte, wurde von diesem Zeitpunkt an auch von Nicht-Skatern getragen. Skateboarding war in der gesamten Gesellschaft angekommen.\r\n<\/p>\r\n<img decoding=\"async\" src=\"\/blog\/wp-content\/uploads\/2015\/01\/1980_2.jpg\" alt=\"Powell Peralta\">\r\n<p>\r\nAb Mitte der <strong>1980er Jahre<\/strong> war Skateboard-Fahren in den USA und auch in Deutschland absolut angesagt. Im Jahr 1985 besuchten rund 1000 Zuschauer den Monster-Mastership und es gab vermehrt internationale Wettbewerbe, an denen auch deutsche Profi-Skater teilnahmen. Die globale Szene vereinte sich und lebte ihre Subkultur \u00fcber die nationalen Grenzen hinaus. Ende der 1980er Jahre gab es sch\u00e4tzungsweise 2 &#8211; 3 Mio. Skater. Tendenz: steigend. Die Top-Pro\u00b4s wurden als Superstars gefeiert, verdienten teilweise \u00fcber 200.000 DM im Jahr und besa\u00dfen H\u00e4user mit eigenen Ramps im Garten. Das Vert-Skaten wurde vom Street-Skaten abgel\u00f6st und es war ein Stilwechsel erkennbar. Der \u201eWorld Cup \u00b488\u201c in der M\u00fcnsterland-Halle signalisierte den H\u00f6hepunkt des Skateboardings in Deutschland. Keine europ\u00e4ische Skate-Szene zu diesem Zeitpunkt war mehr ausgepr\u00e4gt als die deutsche.\r\n<\/p>\r\n<\/div>\r\n<div class=\"post clearfix\">\r\n<div class=\"hide-for-small large-2 columns\">\r\n<div class=\"date-day\">Ab den 1990er Jahren<\/div>\r\n<\/div>\r\n<div id=\"Ab-den-1990er-Jahren\" class=\"medium-10 medium-offset-1 large-10 large-offset-0 columns end\">\r\n<div class=\"show-for-small-only\">\r\n<h2>Ab den 1990er Jahren<\/h2>\r\n<\/div>\r\n<p>\r\nDurch die Zunahme an verschiedenen Trendsportarten durchlebte Skateboarding zum Beginn der <strong>1990er Jahre<\/strong> eine weiter Tiefphase. Viele Skater verlie\u00dfen die Szene und Skateboarding kehrte etwas mehr zu seinen Wurzeln zur\u00fcck. Das Skateboarding blieb aber dank der sich rasch entwickelten Digitalisierung weiterhin in der \u00d6ffentlichkeit pr\u00e4sent. Viel mehr Skater als in den Rezessionsphasen der 1960er und 1970er Jahre skateten weiter und \u00fcberlieferten den \u201eGeist\u201c des Skateboardings an die Nachwuchsgeneration. Danke!\r\n<\/p>\r\n<p>\r\nAb Mitte der 1990er Jahre erlebte das moderne Skateboarding eine n\u00e4chste Hochphase, welche bis heute anh\u00e4lt. Es wurden Mega-Events, wie die Skateboarding X-Games ins Leben gerufen, die weltweit im TV vom amerikanischen Sender ESPN ausgestrahlt werden und auch den Nicht-Skatern Zugang zur Skate-Szene verschaffen. Street-Skaten wurde die am meisten beachtete Disziplin und andere traditionelle Bereiche, wie zum Beispiel Slalom, verschwanden nahezu g\u00e4nzlich. Durch die zahlreichen Printmedien, das Fernsehen und vor allem das Internet verst\u00e4rkte sich die Popularit\u00e4t der verschiedenen Skate-Bereiche sowie der Skate-Kleidung. Es gr\u00fcndeten sich unz\u00e4hlige Skate-Firmen wie <a href=\"\/de\/chocolate-shop\" title=\"zum Chocolate Shop\" target=\"_blank\" rel=\"noopener noreferrer\"><strong>Chocolate<\/strong><\/a>, <a href=\"\/de\/girl-shop\" title=\"zum Girl Skateboards Shop\" target=\"_blank\" rel=\"noopener noreferrer\"><strong>Girl Skateboards<\/strong><\/a>, oder <a href=\"\/de\/flip-shop\" title=\"zum Flip Shop bei skatedeluxe\" target=\"_blank\" rel=\"noopener noreferrer\"><strong>Flip Skateboards<\/strong><\/a> in den 1990er Jahren, die die Entwicklung der Skateboard-Materialien weiter vorantrieben. Es entstanden neue Skate-Parks und Skate-Hallen und so war Skaten auch in Deutschland das ganze Jahr \u00fcber m\u00f6glich. Im Jahre 1999 gab es in Deutschland \u00fcber 60 Skate-Parks und immer neue er\u00f6ffneten. Aufgrund der vielseitigen M\u00f6glichkeiten steigerte sich auch das Level der Tricks und Man\u00f6ver rasant weiter. Sie wurden h\u00e4rter, h\u00f6her und technischer und jeder gro\u00dfe Contest brachte neue Stars hervor. Profi-Skateboarder und Szene-Ikonen wie <strong>Tony Hawk<\/strong> und <strong>Rodney Mullen<\/strong> verdienten so viel Geld wie europ\u00e4ische Fu\u00dfballerspieler oder Basketballspieler der NBA.\r\n<\/p>\r\n<img decoding=\"async\" src=\"\/blog\/wp-content\/uploads\/2015\/01\/1990_2.jpg\" alt=\"Reynolds &amp; Koston\">\r\n<p>\r\nWeitere Kennzeichen sind die gro\u00dfen und weltweit bekannten Events der \u201e<a href=\"https:\/\/streetleague.com\" title=\"zur Homepage von Street League\" target=\"_blank\" rel=\"nofollow noopener noreferrer\" rel=\"nofollow\" >Street-League<\/a>\u201c. \u201eStreet League Skateboarding\u201c ist eine Contest-Serie f\u00fcr internationale Skate-Profis. Hier treten nur die Besten der Besten wie <strong>Nyjah Huston<\/strong>, <strong>Luan Oliviera<\/strong>, <strong>Chris Joslin<\/strong>, <strong>Ishod Wiar<\/strong> oder <strong>Tory Pudwill<\/strong> im Bereich Street-Skateboarding an. Dank der Preisgelder von mehr als 200000 US Dollar f\u00fcr den Gewinner und Besucherzahlen um die 10000 Menschen bei den \u201eStreet League\u201c Veranstaltungen ist Skateboarding zum Profi-Sport mutiert.\r\n<\/p>\r\n<img decoding=\"async\" src=\"\/blog\/wp-content\/uploads\/2015\/01\/1990_1.jpg\" alt=\"Street League\">\r\n<p>\r\nWie auch in den USA ist das Street-Skaten die popul\u00e4rste Disziplin bei Wettk\u00e4mpfen in Deutschland. Eine eigene und unabh\u00e4ngige europ\u00e4ische und deutsche Skateboard-Szene mit eigener Industrie, eigenen Profi-Skatern und einer nationalen Contest-Reihe beweist, was Skateboarding f\u00fcr eine gro\u00dfe Rolle in unserer Gesellschaft spielt.\r\n<\/p>\r\n<p>\r\nSkateboarding ist f\u00fcr viele zum Beruf geworden. Aufgrund der steigenden globalen Vernetzung innerhalb der Skate-Szene wird Skateboarding auch in Zukunft wachsen und weitere Innovationen hervorbringen. Aber f\u00fcr die meisten unter uns ist und bleibt Skateboarding ein Hobby und eine Lebenseinstellung. An dieser Stelle bleibt uns nur zu sagen:\r\n\r\n<p align=\"center\">\r\n<strong>Thank you Skateboarding!<\/strong>\r\n<\/p>\r\n<div class=\"medium-6 columns\">\r\n\t<a class=\"button-auto\" title=\"Zur Skateboard Hardware bei skatedeluxe\" href=\"\/de\/skateboards\" style=\"margin-bottom: 1em;\">Skateboards im Shop<\/a><\/div>\r\n<div class=\"medium-6 columns\">\r\n\t<a class=\"button-auto\" title=\"Zu den Shaped Decks!\" href=\"\/de\/shaped-decks\" style=\"margin-bottom: 1em;\">Die 80er sind dein Ding? Zu den Shaped Decks<\/a><\/div>\r\n<div class=\"medium-12 columns\">\r\n\t<a class=\"button-auto\" title=\"Zum Skateboard Konfigurator!\" href=\"\/de\/skateboardfactory\" style=\"margin-bottom: 1em;\">Du brauchst Hilfe beim Brett ausw\u00e4hlen? Versuchs mal mit unserem Skateboard Konfigurator!<\/a><\/div>\r\n<\/div>\r\n<\/div>\r\n<\/div>\r\n<\/div>\r\n<\/div>\r\n<\/div>\r\n<\/div>\r\n<\/div><div class=\"ShariffSC\" style=\"shariff-shop\"><div class=\"shariff\" data-url=\"https:\/\/skatedeluxe.com\/blog\/de\/wiki\/skateboarding\/geschichte-des-skateboardings\/\" data-title=\"Geschichte des Skateboardings\" data-services='[\"facebooklike\", \"facebook\"]' data-backend-url='\/shariff\/'><\/div><\/div>","protected":false},"excerpt":{"rendered":"<p>Intro Skateboarding ist f\u00fcr die meisten nicht nur eine Freizeitbesch\u00e4ftigung &#8211; Skateboarding ist eine Lebenseinstellung. Doch viele Menschen denken, dass Skateboarding eine absolut moderne Sache sei, das Skateboards schon immer das Shape und Concave von modernen Street-Decks hatten und wieder andere denken vielleicht, dass der Ollie und verschiedenste Flip-Tricks von Anfang an zum Skaten geh\u00f6rten. <a class=\"read-more\" href=\"https:\/\/skatedeluxe.com\/blog\/de\/wiki\/skateboarding\/geschichte-des-skateboardings\/\">[&#8230;]<\/a><\/p>\n","protected":false},"author":32,"featured_media":66805,"parent":111158,"menu_order":3,"comment_status":"closed","ping_status":"closed","template":"page-templates\/teasing-page.php","meta":{"footnotes":""},"class_list":["post-10440","page","type-page","status-publish","has-post-thumbnail","hentry"],"aioseo_notices":[],"amp_enabled":false,"_links":{"self":[{"href":"https:\/\/skatedeluxe.com\/blog\/de\/wp-json\/wp\/v2\/pages\/10440","targetHints":{"allow":["GET"]}}],"collection":[{"href":"https:\/\/skatedeluxe.com\/blog\/de\/wp-json\/wp\/v2\/pages"}],"about":[{"href":"https:\/\/skatedeluxe.com\/blog\/de\/wp-json\/wp\/v2\/types\/page"}],"author":[{"embeddable":true,"href":"https:\/\/skatedeluxe.com\/blog\/de\/wp-json\/wp\/v2\/users\/32"}],"replies":[{"embeddable":true,"href":"https:\/\/skatedeluxe.com\/blog\/de\/wp-json\/wp\/v2\/comments?post=10440"}],"version-history":[{"count":55,"href":"https:\/\/skatedeluxe.com\/blog\/de\/wp-json\/wp\/v2\/pages\/10440\/revisions"}],"predecessor-version":[{"id":149566,"href":"https:\/\/skatedeluxe.com\/blog\/de\/wp-json\/wp\/v2\/pages\/10440\/revisions\/149566"}],"up":[{"embeddable":true,"href":"https:\/\/skatedeluxe.com\/blog\/de\/wp-json\/wp\/v2\/pages\/111158"}],"wp:featuredmedia":[{"embeddable":true,"href":"https:\/\/skatedeluxe.com\/blog\/de\/wp-json\/wp\/v2\/media\/66805"}],"wp:attachment":[{"href":"https:\/\/skatedeluxe.com\/blog\/de\/wp-json\/wp\/v2\/media?parent=10440"}],"curies":[{"name":"wp","href":"https:\/\/api.w.org\/{rel}","templated":true}]}}